{"id":228283,"date":"2026-01-14T00:54:56","date_gmt":"2026-01-13T22:54:56","guid":{"rendered":"https:\/\/vevorshop.lv\/en_us\/Prece\/vevor-serger-overlock-sewing-machine-1250-stitches-min-2-3-4-thread-led-free-arm-for-all-fabrics-white\/"},"modified":"2026-05-07T07:19:23","modified_gmt":"2026-05-07T04:19:23","slug":"vevor-serger-overlock-sewing-machine-1250-stitches-min-2-3-4-thread-led-free-arm-for-all-fabrics-white","status":"publish","type":"product","link":"https:\/\/vevorshop.lv\/lv\/Prece\/vevor-serger-overlock-sujmasina-1250-suves-min-2-3-4-diegu-led-bezmaksas-roku-visiem-audumiem-balts\/","title":{"rendered":"VEVOR overloka \u0161ujma\u0161\u012bna, 1250 d\u016brieni\/min, 2-3-4 diegi, LED, br\u012bv\u0101 roka, da\u017e\u0101diem audumiem, balta"},"content":{"rendered":"<div style=\"color: #fff!important; font-size: 16px; height: 24px; line-height: 24px; margin-top: -24px; \" class=\"product_original_name\">VEVOR Serger Overlock \u0161ujma\u0161\u012bna, 1250 \u0161uves min\u016bt\u0113, 2-3-4 v\u012bt\u0146u sp\u0113ja, 0,7-2 regul\u0113jama diferenci\u0101l\u0101 padeve, ar br\u012bvu roku un LED gaismu, \u0161ujma\u0161\u012bna da\u017e\u0101diem audumiem, balta<\/div>\n<div style=\"color: #fff!important; font-size: 16px; height: 24px; line-height: 24px; margin-top: -24px; \" class=\"product_sku\">MKCXBQ0C<\/div>\n<div style=\"color: #fff!important; font-size: 16px; height: 24px; line-height: 24px; margin-top: -24px; \" class=\"product_mpn\">JYBFJJY4X234AN2XB001V2<\/div><div id=\"js-DM_at-goodDescRich\"><html><head><style>  body {    font-family: Arial;    line-height: 1.5;    color: #1c1c1c;    overflow-x: hidden;    margin: 0;    padding: 0;  }  .MsoNormal b {    font-weight: bolder;  }<\/style><style>  .container.small {    width: 970px;    margin: 0 auto;  }  .logo {    margin: 0 auto 0;  }  .logo img {    display: block;    margin: 0 auto;    max-width: 100%;  }  .logo .pc-banner {    display: block;    width: 1200px;    height: 247.4px;    margin: 0 auto;  }  .logo .pc-banner.small {    width: 970px;  }  .logo .pc-banner.small img {    height: auto!important;  }  .logo .m-banner {    display: none;  }  .ytvideo {    position: relative;    height: 546px;    width: 100%;    margin: 0 auto;  }  .ytvideo img {    width: 100%;    margin: 0 auto;  }  .ytvideo .play-btn {    width: 60px;    height: 42px;    position: absolute;    top: 50%;    left: 50%;    transform: translate(-50%, -50%);    background: url(\"data:image\/png;base64,iVBORw0KGgoAAAANSUhEUgAAAGQAAABGCAMAAAANWMFbAAAC+lBMVEUAAADBGB3kLCfBGB3kLCfcJC7BFx3KKSbiKybkLCbWJCPSIiLSIiLPICHAFx3kLCfgKSXNHiDZJiTIGx\/p4eHcjo7LHSDbJyTkLCbjKyfOHyHPIiL28fHJHB\/GGh7EGR7eKCXDGB3RISHlLSbBGB3AFxzGHB7DGB7BGB3hKybkKybAFx3lLCfAFxzDGR3hKibDGB7cJyTmz8\/elJTlwcHjurrUIyLlLSflLSfAFx3DGR7lLSfCFx3hKibhKibhKybjKybkLCblLSfbJSX49vbx7e3NNzjNMTLMJyjVIyLZf3\/ZQ0LaeHjx0tLgoqLkLCfCGB3HGx\/BGB3BFx3PICHCGB7WJCLOHyC\/Fxy\/Fx3lLCfQISHkLSe\/FxzbJiTBFx3FGx\/AGB7BFx3EGR7AGB3HHSDfKiXAFh3TISHYNzbhKibbJyTTIiL57e325+f039\/v2NjUV1fOHiHiqanfmprch4feKSXVIyPOICHmLibFGh\/mLSe\/Fx7XJCPeKSXXJSPNHyHaJyTGGh7lLCbmLCflLSjSIiLkLCbdKSXLHiC\/GB3KHh++Fh3lKyfoLiXcKCPkx8fYb2\/XaGfVXl3aU1LLHiDksbHgKibPICHbJyTfKSXbJyTCGB3KHSDiKybFGh7TIiL\/\/\/\/VIyPRISHIHB\/GGx\/HHB\/DGR7gKibdKCXLHiDZJiTMHiDNHyHYJSTOICHPICHWJCPcKCXXJSPjLCblLCf+\/f3NGR\/uLijzLynPGR\/IGB7WISHaIyLLGh7UAADxLynNAADRLzDbICLQAADIAAD3MCrUHSHXMTDpKSbLAADp5OTij4\/ejo\/VLy\/1LyngJSTcJCPQHx\/OHB7+\/PzaMS\/OLS\/vLijrLSjSAADaNTPwLyjkKSbNJCbYISHPHB\/KGB7WAAD7+vrn3d3aKynTKCjoLCfsKifRGh\/YAADq5+fhjo7QNDXXKCfmJyXt5+fTLzDLLi\/QKivYHRvMGBrQJCXLISPMExXLDxLaEAvkkI\/bOTfaFQ\/SCgpvLcnHAAAAmnRSTlMA+vv7+gT9Bvf9+8z8\/NSv\/Pr5+P7++vnQIBMP\/v38\/Pn348XDiCYf9OjbzcqxXVcx\/fz8+\/rj1r2poo1+fXFqX0orGP7+\/v7+\/fz8+\/r68uzn4trIxsG\/vri3p6GcmZSNbWVYUUZEPQv+\/f39+\/v7+\/v7+vr64tvV1NTTz87FtbSurqeblJKFg4B3bUY+NjL7+\/v7+\/v67t1cDo8JLQAABkRJREFUWMO0kz9rwkAYh0OIeJkum6YugUAhISCdKoj\/P4C7SMdS+gEKIhSKil10LSg4mzXkILdlEpxCpwTiWOLX6BujvQaEQuGeHLnL+\/64J+SIcKGYTYWnntpdLjrVdqvZmNdn0+EE40GtpuuWVS6Xx6N7YDSGpWXpeq02wHgynM7q80az1a52HpddtVcpsi1zFARBrdaxbhp9iUReTGmwA4KAAr7vx3EYejnCMI6hQYEgy0LQi4jUN0wL19vqFcUC9\/1dAKmEEFkWRYkh5oBejnxQJiSJPJ\/uKBp0Thszx9Mw8hMRIQjKsptCfuES9zr5WJY6vSFCIvE9fCMUmEM1A1kSXcYGxgVYsvI1IPKTZciSTI0us\/SMGG04gDzELDoFBwdcFJrF88dqgYMTiL6DILWYyfOWE8\/kIz38olCNlC03FK95+imxp6y4oUSvAnBjHHhKNtotSDqJzVFiK8c2SBqhZtsrTtgrLXwAyduxZHNE26eHUt5rtuM4WSmds3G+sUdWYo1L+XyxButoh5eKUHk5lByO3G1LqqCWVnfrv\/lyPtf\/4ps1cndNGIri8J1TJ0lx6dR\/oPjq1nbRwdp2dCk4CtIOLW3pVKRL6WZfS5vF2KkIQhpwSsjiYIgNCs1gEMGqiIq24NQX9NwoXFy8Ufrl3twTcg4fv8T9\/JBEySduj6Mjm4bMzYV7EEOxKjjoNDud7yY3Dy71Hq2oLmqfbNR723edH9PgMrNL2utoQ3VmaIDkiw\/4w51P06hlZsTZvkRrbVuSIs\/zwSOsycgzStQouoAkWQqioRT5XI7n2Z1wfVhoZmcAJLsoqjqpjbWCgpOAJXBwHK8PzWbNvoUZJND5wCnSkLAkZ1legx6vqQzjoiTahKlGUGLAiIIoABOHaNVw4sexZBym6\/HWlH5h3IC7yRbxtipcWxdTOkORKiNQAEkFf66x5S2oeRbroOlLgg0sSYkR0hRGEqJZ0jTPiQKatESdBckpWigxaapEH0lImHdWu9pUFF2XqMNM2Z4kped7IwEJw2qabwtrQqnpw6HyKkgcadKWsmpywwesDyIhYRpdzXddqegtGIJlXbAIUMOLkGxJUjRIkokwjUaX9d\/kK62ps\/tYUqZLIMkLTyBhsMZ3C5Z\/kDxOSCb\/DOs\/\/J0qcWSX\/2ipe56EgTCA4\/cB7NAYOsni4mZM1MUPAISoEwkDi4lhVBQ1cWQyIcwalw4EpqZN68JUSK7XC0kTlkLYii5uXSC8jT5ncCAS7mjCv0uHp\/3lueHEEAeQ\/\/VgmdN71\/2uCSA1Xr6DO6uI6sW56zqT2tp2PhgiRUAajV8CY2fkcz6WGNKMgLAt7tJAhD4YHMTeRxlALE6+43WqjSWi8ITxyJl8WrwWSNESQZZOqhDDntO3hJLsd5RtSpbJqdv3YrDJH3F7jL1R2O2aQkn2MyCyKYz0GPGIvSAMgBCrCEiJyKbBaYGwLW4uPRr0A0M4Ux5kUI7IBh+hMdiCEWNqhMZGyYMsOgNE58UQuEQeUnSWCMYwL54hkxK6IoqucQZbQ3pc3XtL0lky1dL0zZJJDpWJovFqpWj6JEHnyam2eQp5QRVAVHjWparTOaVwUOx99YS2MvgxIGV0bb+qIg2HX2qkFFJB+XZcbLiuRkuxD9GRroKyveLxdh4d7Orx+hb7qc3uVRuEogCOnyIxm4ubUoPgF4jianDrC+SDQDKEfJb0GUKmjCGPYHGJvVC6X4hw1\/sAfQAdfYyephIaspXe36RwOP+Ljvfx9B6B3i+Nk0DGq+oCbLn6JpBa9nWAveAIHwFAwtVcIJXPMPL8kRu5OAYPMaL1WScTxjiZDqB9LTJSWphow\/pTYKRTLjCBhvi9iBidvKcDasGSm0QQkycYuLBqj6QCELPctqChDWpTRMWkngNNpQ1Pfp1KkiT\/Y0DGffXAweUNfLAfaJFKDwhb6I+bkYRbkERoEeu3Fyjg2opMz2daZCS9jt6Q7txNfB+OZEVF6Zl5web2xunnLQrtrjXseXKaFYziYINeMFZVxS9VxRhOoesYwxPKXm+gWLG9cuFeq93UNNeJNsf1KlwuDok9n02n3TgIJpOxNfL9naIoQwXtfH9kjceTIIi709ncTg6LZbg+biLH1V6u\/7rxBem06VXKn9raAAAAAElFTkSuQmCC\")      no-repeat center center \/ contain;  }  @media screen and (max-width: 960px) and (orientation: portrait) {    .logo {      width: 100%;    }    .logo .pc-banner {      display: none;    }    .logo .m-banner {      display: block;      width: 100%;    }    .logo .m-banner img {      height: auto!important;    }    .ytvideo {      height: 200px;      width: 100%;    }  }<\/style><style>  .video-section {    width: 100%;    margin: 0 auto;  }  .video-section > img {    width: 100%;  }  .video-section iframe,  .video-section video {    width: 100%;    height: 100%;      }  .video-section-img-m,  .video-section-img-pc > img {    width: 100%;    height: auto;  }  .video-section-img-pc.small > img {    width: 970px;  }  .video-desc {    line-height: 1.5;    font-size: 20px;    font-weight: 400;    margin: 20px 0;    text-align: center;    color: #0f1111;    word-break: break-word;  }  @media screen and (max-width: 960px) and (orientation: portrait) {    .video-section {      width: 100%;    }    .video-section-pc,    .video-section-img-pc {      display: none;    }    .video-section-m,    .video-section-img-m {      display: block;    }    .video-desc {      font-size: 15px;    }  }  @media screen and (min-width: 960px) {    .video-section {      width: 100%;      margin: 0 auto;    }    .video-section-pc,    .video-section-img-pc {      display: block;    }    .video-section-m,    .video-section-img-m {      display: none;    }    .video-desc {      font-size: 20px;    }  }<\/style><style>  .section + .section {    margin-top: 35px;  }  .section-title {    text-align: center;    font-weight: bold;    color: #0d1111;    font-family: \"Arial\";    font-size: 32px;    margin: 15px 0;  }  .section-title:empty {    display: none;  }  .section-desc {    text-align: center;    font-weight: normal;    color: #0d1111;    margin-top: 20px;  }  .section-desc:empty {    display: none;  }  .section-img {    width: 1200px;    height: 492px;    margin: 0 auto;    display: block;  }  .section-img.small {    width: 970px;    height: auto;  }  .section-img.small > img {    height: auto;  }  .section-img > img {    width: 100%;    height: 100%;  }  .section-mobile-img {    display: none;    max-width: 100vw;    max-height: 75vw;    height: 450px;    margin: 0 auto;  }  .section-mobile-img > img {    width: 100%;    height: 100%;  }  @media screen and (max-width: 960px) and (orientation: portrait) {    .container {      width: 100%;    }    .container.small {      width: 100%;    }    .section-mobile-img {      display: block;    }    .section-img {      display: none;    }    .section-title {      font-size: 22px;      margin: 10px 0;    }    .section-desc {      margin-top: 10px;    }    .section + .section {      margin-top: 20px;    }  }<\/style><\/head><body><div class=\"container\"><div class=\"logo\"><div class=\"pc-banner\"><div><img decoding=\"async\" src=\"\/vevor\/vevor\/boutique-banner\/pc\/en-pc@1x.jpg\" style=\"width: 100%;\" \/><\/div><\/div><div class=\"m-banner\"><div><img decoding=\"async\" src=\"\/vevor\/vevor\/boutique-banner\/mobile\/en-m@1x.jpg\" style=\"width: 100%;\" \/><\/div><\/div><\/div><div class=\"section-title\">Pieredze Gluda, profesion\u0101la apdare ar Serger \u0161ujma\u0161\u012bnu<\/div><div class=\"video-section\"><div class=\"video-section-img-pc\"><img decoding=\"async\" src=\"\/vevor\/product\/JYBFJJY4X234AN2XB001\/overlock-machine-a100-1.4.jpg\" \/><\/div><div class=\"video-section-img-m\"><img decoding=\"async\" src=\"\/vevor\/product\/JYBFJJY4X234AN2XB001\/overlock-machine-a100-1.4-m.jpg\" \/><\/div><div class=\"section-desc\">Br\u012bvi p\u0101rsl\u0113dzieties starp 2, 3 un 4 diegu iestat\u012bjumiem. Apvienojum\u0101 ar regul\u0113jamu d\u016briena garumu \u0161\u012b serger \u0161ujma\u0161\u012bna veic ikdienas remontdarbus, k\u0101 ar\u012b pras\u012bg\u0101ku malu apdari - viena ma\u0161\u012bna, daudzi pielietojumi.<\/div><\/div><div class=\"section\"><div class=\"section-title\"><\/div><div class=\"section-img\"><img decoding=\"async\" src=\"\/vevor\/product\/JYBFJJY4X234AN2XB001\/overlock-machine-a100-2.2.jpg\" \/><\/div><div class=\"section-mobile-img\"><img decoding=\"async\" src=\"\/vevor\/product\/JYBFJJY4X234AN2XB001\/overlock-machine-a100-2.2-m.jpg\" \/><\/div><div class=\"section-desc\">\u0160\u012bs overlock \u0161ujma\u0161\u012bnas moderniz\u0113t\u0101 padeves vad\u012bba vienm\u0113r\u012bgi apstr\u0101d\u0101 elast\u012bgus vai vieglus audumus, samazinot krop\u013cojumus un nodro\u0161inot plakan\u0101kas, t\u012br\u0101kas \u0161uves ar izsmalcin\u0101tu, profesion\u0101lu apdari.<\/div><\/div><div class=\"section\"><div class=\"section-title\"><\/div><div class=\"section-img\"><img decoding=\"async\" src=\"\/vevor\/product\/JYBFJJY4X234AN2XB001\/overlock-machine-a100-2.3.jpg\" \/><\/div><div class=\"section-mobile-img\"><img decoding=\"async\" src=\"\/vevor\/product\/JYBFJJY4X234AN2XB001\/overlock-machine-a100-2.3-m.jpg\" \/><\/div><div class=\"section-desc\">M\u016bsu serger overlock ma\u0161\u012bna \u0161uj l\u012bdz 1250 \u0161uves min\u016bt\u0113, ide\u0101li piem\u0113rots, lai izsist liel\u0101ku projektu \u0101tri Apdares slazds un ieb\u016bv\u0113ts instrumentu nodal\u012bjums pal\u012bdz uztur\u0113t j\u016bsu darbvietu k\u0101rt\u012bgu un sak\u0101rtotu lab\u0101kai darbpl\u016bsmai.<\/div><\/div><div class=\"section\"><div class=\"section-title\"><\/div><div class=\"section-img\"><img decoding=\"async\" src=\"\/vevor\/product\/JYBFJJY4X234AN2XB001\/overlock-machine-a100-2.4.jpg\" \/><\/div><div class=\"section-mobile-img\"><img decoding=\"async\" src=\"\/vevor\/product\/JYBFJJY4X234AN2XB001\/overlock-machine-a100-2.4-m.jpg\" \/><\/div><div class=\"section-desc\">Serger ma\u0161\u012bnas kr\u0101su kod\u0113t\u0101s v\u012bt\u0146u vadotnes padara iestat\u012b\u0161anu vienk\u0101r\u0161u un viegli saprotamu. Br\u012bv\u0101 roka labi darbojas piedurkn\u0113m, aproc\u0113m un cit\u0101m \u0161aur\u0101m zon\u0101m. Izmantojot LED apgaismojumu un regul\u0113jamu spiedpogu, j\u016bsu \u0161uves paliek skaidras un konsekventas da\u017e\u0101dos auduma biezumos.<\/div><\/div><div class=\"section\"><div class=\"section-title\"><\/div><div class=\"section-img\"><img decoding=\"async\" src=\"\/vevor\/product\/JYBFJJY4X234AN2XB001\/overlock-machine-a100-2.5.jpg\" \/><\/div><div class=\"section-mobile-img\"><img decoding=\"async\" src=\"\/vevor\/product\/JYBFJJY4X234AN2XB001\/overlock-machine-a100-2.5-m.jpg\" \/><\/div><div class=\"section-desc\">\u0160\u012b overlock ma\u0161\u012bna atbalsta vair\u0101kus d\u016brienu stilus, tostarp overlock, velm\u0113tu apak\u0161malu un dekorat\u012bvu apmali. No caursp\u012bd\u012bgiem audumiem l\u012bdz smagam d\u017einsam \u0161\u012b serger piel\u0101gojas ar p\u0101rliec\u012bbu.<\/div><\/div><div class=\"section\"><div class=\"section-img\"><img decoding=\"async\" src=\"\/vevor\/product\/JYBFJJY4X234AN2XB001\/overlock-machine-a100-1.11.jpg\" \/><\/div><div class=\"section-mobile-img\"><img decoding=\"async\" src=\"\/vevor\/product\/JYBFJJY4X234AN2XB001\/overlock-machine-a100-1.11-m.jpg\" \/><\/div><\/div><\/div><\/body><\/html><\/div>\n<div class=\"DM_at-title\" id=\"js-DM_at-title\"> <div>Produkta specifik\u0101cija<\/div> <i class=\"icon-arrowup_line\"><\/i> <\/div><div class=\"DM_at-goodsDescAttr\" id=\"js-DM_at-goodsDescAttr\"> <div class=\"DM_at-goodsDescAttrInner\"> <dl class=\"goodsDesc_item goodsDesc_item_even\"> <dt>Preces Mode\u013ca Numurs<\/dt> <dd> 336<\/dd> <\/dl> <dl class=\"goodsDesc_item\"> <dt>\u0160\u016b\u0161anas \u0101trums<\/dt> <dd> 1200\u00b150 SPM<\/dd> <\/dl> <dl class=\"goodsDesc_item goodsDesc_item_even\"> <dt>Nomin\u0101l\u0101 Jauda<\/dt> <dd> 91W<\/dd> <\/dl> <dl class=\"goodsDesc_item\"> <dt>D\u016briena opcijas<\/dt> <dd> 2\/3\/4 pavedieni<\/dd> <\/dl> <dl class=\"goodsDesc_item goodsDesc_item_even\"> <dt>Maksim\u0101lais d\u016briena platums<\/dt> <dd> 0,26 collas \/ 6,5 mm<\/dd> <\/dl> <dl class=\"goodsDesc_item\"> <dt>Adatas veids<\/dt> <dd> 80\/11, 90\/14 (standarta<\/dd> <\/dl> <dl class=\"goodsDesc_item goodsDesc_item_even\"> <dt>D\u016briena garums<\/dt> <dd> 0,04\u20130,16 collas \/ 1\u20134 mm<\/dd> <\/dl> <dl class=\"goodsDesc_item\"> <dt>Max \u0160\u016b\u0161anas Biezums<\/dt> <dd> \u22640,16 in \/ 4\u00b10,5mm (6 sl\u0101\u0146i d\u017einsa)<\/dd> <\/dl> <dl class=\"goodsDesc_item goodsDesc_item_even\"> <dt>Pres\u0113t\u0101js Foot Lift<\/dt> <dd> 0.16 in \/ 4 mm<\/dd> <\/dl> <dl class=\"goodsDesc_item\"> <dt>LED gaismas jauda<\/dt> <dd> 1W<\/dd> <\/dl> <dl class=\"goodsDesc_item goodsDesc_item_even\"> <dt>Kr\u0101sa<\/dt> <dd> Balts<\/dd> <\/dl> <dl class=\"goodsDesc_item\"> <dt>Produkta Izm\u0113ri<\/dt> <dd> 12,6 x 11 x 12,6 collas \/ 320 x 280 x 320 mm<\/dd> <\/dl> <dl class=\"goodsDesc_item goodsDesc_item_even\"> <dt>Neto Svars<\/dt> <dd> 16,5 m\u0101rci\u0146as \/ 7,5 kg<\/dd> <\/dl> <\/div> <\/div>","protected":false},"excerpt":{"rendered":"<ul>\n<li> 2\/3\/4-diegu elast\u012bba: m\u016bsu serger \u0161ujma\u0161\u012bnai ir vienk\u0101r\u0161a p\u0101rsl\u0113g\u0161an\u0101s starp 2\/3\/4 diegiem ar regul\u0113jamu d\u016briena garumu. Neatkar\u012bgi no t\u0101, vai tas ir vienk\u0101r\u0161s remonts vai detaliz\u0113ta malu apdare, tas viegli apstr\u0101d\u0101 abus, lai apmierin\u0101tu da\u017e\u0101das \u0161\u016b\u0161anas vajadz\u012bbas <\/li>\n<li> Uzlabota diferenci\u0101l\u0101 padeve: labi izstr\u0101d\u0101t\u0101 0,7\u20132,0 diferenci\u0101l\u0101 padeve \u013cauj \u0161ujma\u0161\u012bnai viegli r\u012bkoties ar elast\u012bgiem audumiem, samazinot krop\u013cojumus un nodro\u0161inot gludas, profesion\u0101la izskata \u0161uves <\/li>\n<li> \u0100trdarb\u012bga veiktsp\u0113ja: izbaudiet \u0101tru \u0161\u016b\u0161anas \u0101trumu l\u012bdz 1250 SPM. \u0160\u012b serger overlock ma\u0161\u012bna pal\u012bdz \u0101tri pabeigt projektus.Iek\u013caut\u0101 apdares slazds un instrumentu kr\u0101tuve nodro\u0161ina j\u016bsu darbvietas sak\u0101rtot\u012bbu, samazinot nevajadz\u012bgo t\u012br\u012b\u0161anas laiku <\/li>\n<li> Lietot\u0101jam draudz\u012bgs dizains: serger ma\u0161\u012bnas kr\u0101su kod\u0113t\u0101 v\u012btne vienk\u0101r\u0161o iestat\u012b\u0161anu Br\u012bv\u0101 roka labi darbojas piedurkn\u0113m un aproc\u0113m LED apgaismojums un regul\u0113jama spiedpoga nodro\u0161ina skaidru redzam\u012bbu un vienm\u0113r\u012bgu kontroli uz da\u017e\u0101diem audumiem <\/li>\n<li> Daudzpus\u012bgas d\u016brienu iesp\u0113jas: m\u016bsu overlock ma\u0161\u012bna atbalsta vair\u0101kus d\u016brienu stilus, tostarp overlock, velm\u0113tu apak\u0161malu, apmales un sal\u0101tu apak\u0161malu. T\u0101 viegli apstr\u0101d\u0101 l\u012bdz pat 6 d\u017einsa sl\u0101\u0146iem, s\u0101kot no caursp\u012bd\u012bgiem audumiem l\u012bdz smagiem materi\u0101liem <\/li>\n<\/ul>","protected":false},"featured_media":445949,"comment_status":"open","ping_status":"open","template":"","meta":{"om_disable_all_campaigns":false,"_uf_show_specific_survey":0,"_uf_disable_surveys":false},"location":[1935,1934],"product_brand":[],"product_cat":[68,176,1712],"product_tag":[],"class_list":{"0":"post-228283","1":"product","2":"type-product","3":"status-publish","4":"has-post-thumbnail","6":"location-supplier_stock_location","7":"location-local_stock_location","8":"product_cat-arts-crafts-sewing","9":"product_cat-sewing","10":"product_cat-sewing-machine","12":"first","13":"instock","14":"taxable","15":"shipping-taxable","16":"purchasable","17":"product-type-simple"},"aioseo_notices":[],"locations":[{"id":1935,"name":"Pieg\u0101d\u0101ja noliktav\u0101 (5-7dd.d)","slug":"supplier_stock_location","quantity":"1"},{"id":1934,"name":"R\u012bgas veikal\u0101 (0-2d.d.)","slug":"local_stock_location","quantity":"0"}],"_links":{"self":[{"href":"https:\/\/vevorshop.lv\/lv\/wp-json\/wp\/v2\/product\/228283","targetHints":{"allow":["GET"]}}],"collection":[{"href":"https:\/\/vevorshop.lv\/lv\/wp-json\/wp\/v2\/product"}],"about":[{"href":"https:\/\/vevorshop.lv\/lv\/wp-json\/wp\/v2\/types\/product"}],"replies":[{"embeddable":true,"href":"https:\/\/vevorshop.lv\/lv\/wp-json\/wp\/v2\/comments?post=228283"}],"wp:featuredmedia":[{"embeddable":true,"href":"https:\/\/vevorshop.lv\/lv\/wp-json\/wp\/v2\/media\/445949"}],"wp:attachment":[{"href":"https:\/\/vevorshop.lv\/lv\/wp-json\/wp\/v2\/media?parent=228283"}],"wp:term":[{"taxonomy":"location","embeddable":true,"href":"https:\/\/vevorshop.lv\/lv\/wp-json\/wp\/v2\/location?post=228283"},{"taxonomy":"product_brand","embeddable":true,"href":"https:\/\/vevorshop.lv\/lv\/wp-json\/wp\/v2\/product_brand?post=228283"},{"taxonomy":"product_cat","embeddable":true,"href":"https:\/\/vevorshop.lv\/lv\/wp-json\/wp\/v2\/product_cat?post=228283"},{"taxonomy":"product_tag","embeddable":true,"href":"https:\/\/vevorshop.lv\/lv\/wp-json\/wp\/v2\/product_tag?post=228283"}],"curies":[{"name":"wp","href":"https:\/\/api.w.org\/{rel}","templated":true}]}}