{"id":229829,"date":"2026-01-22T00:57:48","date_gmt":"2026-01-21T22:57:48","guid":{"rendered":"https:\/\/vevorshop.lv\/en_us\/Prece\/vevor-large-metal-chicken-coop-3x5-9x2-m-outdoor-walk-in-poultry-cage-with-cover-lock-for-chickens-ducks-rabbits\/"},"modified":"2026-04-06T16:51:13","modified_gmt":"2026-04-06T13:51:13","slug":"vevor-large-metal-chicken-coop-3x5-9x2-m-outdoor-walk-in-poultry-cage-with-cover-lock-for-chickens-ducks-rabbits","status":"publish","type":"product","link":"https:\/\/vevorshop.lv\/lv\/Prece\/vevor-liela-metala-vistas-coop-3x5-9x2-m-ara-pastaiga-majputnu-buri-ar-vaka-sledzeni-caliem-piles-trusi\/","title":{"rendered":"VEVOR Large Metal Chicken Coop 3\u00d75.9\u00d72 m, \u0100ra pastaigu m\u0101jputnu b\u016bris ar v\u0101ku un sl\u0113dzeni c\u0101\u013ciem, p\u012bl\u0113m, tru\u0161iem"},"content":{"rendered":"<div style=\"color: #fff!important; font-size: 16px; height: 24px; line-height: 24px; margin-top: -24px; \" class=\"product_original_name\">VEVOR Metal Chicken Coop, 9,8x19,3x6,5 p\u0113das lielas vistas skr\u0113jieni ar v\u0101ku, Doom jumta vistu m\u0101jas korpuss ar dro\u0161\u012bbas sl\u0113dzeni, \u0101ra p\u012b\u013cu tru\u0161u b\u016bra m\u0101jputnu pildspalva piem\u0101jas, fermas, pagalma vajadz\u012bb\u0101m<\/div>\n<div style=\"color: #fff!important; font-size: 16px; height: 24px; line-height: 24px; margin-top: -24px; \" class=\"product_sku\">MAKNUPMII<\/div>\n<div style=\"color: #fff!important; font-size: 16px; height: 24px; line-height: 24px; margin-top: -24px; \" class=\"product_mpn\">JSJS362MYDDMJKCOH001V0<\/div><div id=\"js-DM_at-goodDescRich\"><html><head><style>  body {    font-family: Arial;    line-height: 1.5;    color: #1c1c1c;    overflow-x: hidden;    margin: 0;    padding: 0;  }  .MsoNormal b {    font-weight: bolder;  }<\/style><style>  .container.small {    width: 970px;    margin: 0 auto;  }  .logo {    margin: 0 auto 0;  }  .logo img {    display: block;    margin: 0 auto;    max-width: 100%;  }  .logo .pc-banner {    display: block;    width: 1200px;    height: 247.4px;    margin: 0 auto;  }  .logo .pc-banner.small {    width: 970px;  }  .logo .pc-banner.small img {    height: auto!important;  }  .logo .m-banner {    display: none;  }  .ytvideo {    position: relative;    height: 546px;    width: 100%;    margin: 0 auto;  }  .ytvideo img {    width: 100%;    margin: 0 auto;  }  .ytvideo .play-btn {    width: 60px;    height: 42px;    position: absolute;    top: 50%;    left: 50%;    transform: translate(-50%, -50%);    background: url(\"data:image\/png;base64,iVBORw0KGgoAAAANSUhEUgAAAGQAAABGCAMAAAANWMFbAAAC+lBMVEUAAADBGB3kLCfBGB3kLCfcJC7BFx3KKSbiKybkLCbWJCPSIiLSIiLPICHAFx3kLCfgKSXNHiDZJiTIGx\/p4eHcjo7LHSDbJyTkLCbjKyfOHyHPIiL28fHJHB\/GGh7EGR7eKCXDGB3RISHlLSbBGB3AFxzGHB7DGB7BGB3hKybkKybAFx3lLCfAFxzDGR3hKibDGB7cJyTmz8\/elJTlwcHjurrUIyLlLSflLSfAFx3DGR7lLSfCFx3hKibhKibhKybjKybkLCblLSfbJSX49vbx7e3NNzjNMTLMJyjVIyLZf3\/ZQ0LaeHjx0tLgoqLkLCfCGB3HGx\/BGB3BFx3PICHCGB7WJCLOHyC\/Fxy\/Fx3lLCfQISHkLSe\/FxzbJiTBFx3FGx\/AGB7BFx3EGR7AGB3HHSDfKiXAFh3TISHYNzbhKibbJyTTIiL57e325+f039\/v2NjUV1fOHiHiqanfmprch4feKSXVIyPOICHmLibFGh\/mLSe\/Fx7XJCPeKSXXJSPNHyHaJyTGGh7lLCbmLCflLSjSIiLkLCbdKSXLHiC\/GB3KHh++Fh3lKyfoLiXcKCPkx8fYb2\/XaGfVXl3aU1LLHiDksbHgKibPICHbJyTfKSXbJyTCGB3KHSDiKybFGh7TIiL\/\/\/\/VIyPRISHIHB\/GGx\/HHB\/DGR7gKibdKCXLHiDZJiTMHiDNHyHYJSTOICHPICHWJCPcKCXXJSPjLCblLCf+\/f3NGR\/uLijzLynPGR\/IGB7WISHaIyLLGh7UAADxLynNAADRLzDbICLQAADIAAD3MCrUHSHXMTDpKSbLAADp5OTij4\/ejo\/VLy\/1LyngJSTcJCPQHx\/OHB7+\/PzaMS\/OLS\/vLijrLSjSAADaNTPwLyjkKSbNJCbYISHPHB\/KGB7WAAD7+vrn3d3aKynTKCjoLCfsKifRGh\/YAADq5+fhjo7QNDXXKCfmJyXt5+fTLzDLLi\/QKivYHRvMGBrQJCXLISPMExXLDxLaEAvkkI\/bOTfaFQ\/SCgpvLcnHAAAAmnRSTlMA+vv7+gT9Bvf9+8z8\/NSv\/Pr5+P7++vnQIBMP\/v38\/Pn348XDiCYf9OjbzcqxXVcx\/fz8+\/rj1r2poo1+fXFqX0orGP7+\/v7+\/fz8+\/r68uzn4trIxsG\/vri3p6GcmZSNbWVYUUZEPQv+\/f39+\/v7+\/v7+vr64tvV1NTTz87FtbSurqeblJKFg4B3bUY+NjL7+\/v7+\/v67t1cDo8JLQAABkRJREFUWMO0kz9rwkAYh0OIeJkum6YugUAhISCdKoj\/P4C7SMdS+gEKIhSKil10LSg4mzXkILdlEpxCpwTiWOLX6BujvQaEQuGeHLnL+\/64J+SIcKGYTYWnntpdLjrVdqvZmNdn0+EE40GtpuuWVS6Xx6N7YDSGpWXpeq02wHgynM7q80az1a52HpddtVcpsi1zFARBrdaxbhp9iUReTGmwA4KAAr7vx3EYejnCMI6hQYEgy0LQi4jUN0wL19vqFcUC9\/1dAKmEEFkWRYkh5oBejnxQJiSJPJ\/uKBp0Thszx9Mw8hMRIQjKsptCfuES9zr5WJY6vSFCIvE9fCMUmEM1A1kSXcYGxgVYsvI1IPKTZciSTI0us\/SMGG04gDzELDoFBwdcFJrF88dqgYMTiL6DILWYyfOWE8\/kIz38olCNlC03FK95+imxp6y4oUSvAnBjHHhKNtotSDqJzVFiK8c2SBqhZtsrTtgrLXwAyduxZHNE26eHUt5rtuM4WSmds3G+sUdWYo1L+XyxButoh5eKUHk5lByO3G1LqqCWVnfrv\/lyPtf\/4ps1cndNGIri8J1TJ0lx6dR\/oPjq1nbRwdp2dCk4CtIOLW3pVKRL6WZfS5vF2KkIQhpwSsjiYIgNCs1gEMGqiIq24NQX9NwoXFy8Ufrl3twTcg4fv8T9\/JBEySduj6Mjm4bMzYV7EEOxKjjoNDud7yY3Dy71Hq2oLmqfbNR723edH9PgMrNL2utoQ3VmaIDkiw\/4w51P06hlZsTZvkRrbVuSIs\/zwSOsycgzStQouoAkWQqioRT5XI7n2Z1wfVhoZmcAJLsoqjqpjbWCgpOAJXBwHK8PzWbNvoUZJND5wCnSkLAkZ1legx6vqQzjoiTahKlGUGLAiIIoABOHaNVw4sexZBym6\/HWlH5h3IC7yRbxtipcWxdTOkORKiNQAEkFf66x5S2oeRbroOlLgg0sSYkR0hRGEqJZ0jTPiQKatESdBckpWigxaapEH0lImHdWu9pUFF2XqMNM2Z4kped7IwEJw2qabwtrQqnpw6HyKkgcadKWsmpywwesDyIhYRpdzXddqegtGIJlXbAIUMOLkGxJUjRIkokwjUaX9d\/kK62ps\/tYUqZLIMkLTyBhsMZ3C5Z\/kDxOSCb\/DOs\/\/J0qcWSX\/2ipe56EgTCA4\/cB7NAYOsni4mZM1MUPAISoEwkDi4lhVBQ1cWQyIcwalw4EpqZN68JUSK7XC0kTlkLYii5uXSC8jT5ncCAS7mjCv0uHp\/3lueHEEAeQ\/\/VgmdN71\/2uCSA1Xr6DO6uI6sW56zqT2tp2PhgiRUAajV8CY2fkcz6WGNKMgLAt7tJAhD4YHMTeRxlALE6+43WqjSWi8ITxyJl8WrwWSNESQZZOqhDDntO3hJLsd5RtSpbJqdv3YrDJH3F7jL1R2O2aQkn2MyCyKYz0GPGIvSAMgBCrCEiJyKbBaYGwLW4uPRr0A0M4Ux5kUI7IBh+hMdiCEWNqhMZGyYMsOgNE58UQuEQeUnSWCMYwL54hkxK6IoqucQZbQ3pc3XtL0lky1dL0zZJJDpWJovFqpWj6JEHnyam2eQp5QRVAVHjWparTOaVwUOx99YS2MvgxIGV0bb+qIg2HX2qkFFJB+XZcbLiuRkuxD9GRroKyveLxdh4d7Orx+hb7qc3uVRuEogCOnyIxm4ubUoPgF4jianDrC+SDQDKEfJb0GUKmjCGPYHGJvVC6X4hw1\/sAfQAdfYyephIaspXe36RwOP+Ljvfx9B6B3i+Nk0DGq+oCbLn6JpBa9nWAveAIHwFAwtVcIJXPMPL8kRu5OAYPMaL1WScTxjiZDqB9LTJSWphow\/pTYKRTLjCBhvi9iBidvKcDasGSm0QQkycYuLBqj6QCELPctqChDWpTRMWkngNNpQ1Pfp1KkiT\/Y0DGffXAweUNfLAfaJFKDwhb6I+bkYRbkERoEeu3Fyjg2opMz2daZCS9jt6Q7txNfB+OZEVF6Zl5web2xunnLQrtrjXseXKaFYziYINeMFZVxS9VxRhOoesYwxPKXm+gWLG9cuFeq93UNNeJNsf1KlwuDok9n02n3TgIJpOxNfL9naIoQwXtfH9kjceTIIi709ncTg6LZbg+biLH1V6u\/7rxBem06VXKn9raAAAAAElFTkSuQmCC\")      no-repeat center center \/ contain;  }  @media screen and (max-width: 960px) and (orientation: portrait) {    .logo {      width: 100%;    }    .logo .pc-banner {      display: none;    }    .logo .m-banner {      display: block;      width: 100%;    }    .logo .m-banner img {      height: auto!important;    }    .ytvideo {      height: 200px;      width: 100%;    }  }<\/style><style>  .video-section {    width: 100%;    margin: 0 auto;  }  .video-section > img {    width: 100%;  }  .video-section iframe,  .video-section video {    width: 100%;    height: 100%;      }  .video-section-img-m,  .video-section-img-pc > img {    width: 100%;    height: auto;  }  .video-section-img-pc.small > img {    width: 970px;  }  .video-desc {    line-height: 1.5;    font-size: 20px;    font-weight: 400;    margin: 20px 0;    text-align: center;    color: #0f1111;    word-break: break-word;  }  @media screen and (max-width: 960px) and (orientation: portrait) {    .video-section {      width: 100%;    }    .video-section-pc,    .video-section-img-pc {      display: none;    }    .video-section-m,    .video-section-img-m {      display: block;    }    .video-desc {      font-size: 15px;    }  }  @media screen and (min-width: 960px) {    .video-section {      width: 100%;      margin: 0 auto;    }    .video-section-pc,    .video-section-img-pc {      display: block;    }    .video-section-m,    .video-section-img-m {      display: none;    }    .video-desc {      font-size: 20px;    }  }<\/style><style>  .section + .section {    margin-top: 35px;  }  .section-title {    text-align: center;    font-weight: bold;    color: #0d1111;    font-family: \"Arial\";    font-size: 32px;    margin: 15px 0;  }  .section-title:empty {    display: none;  }  .section-desc {    text-align: center;    font-weight: normal;    color: #0d1111;    margin-top: 20px;  }  .section-desc:empty {    display: none;  }  .section-img {    width: 1200px;    height: 492px;    margin: 0 auto;    display: block;  }  .section-img.small {    width: 970px;    height: auto;  }  .section-img.small > img {    height: auto;  }  .section-img > img {    width: 100%;    height: 100%;  }  .section-mobile-img {    display: none;    max-width: 100vw;    max-height: 75vw;    height: 450px;    margin: 0 auto;  }  .section-mobile-img > img {    width: 100%;    height: 100%;  }  @media screen and (max-width: 960px) and (orientation: portrait) {    .container {      width: 100%;    }    .container.small {      width: 100%;    }    .section-mobile-img {      display: block;    }    .section-img {      display: none;    }    .section-title {      font-size: 22px;      margin: 10px 0;    }    .section-desc {      margin-top: 10px;    }    .section + .section {      margin-top: 20px;    }  }<\/style><\/head><body><div class=\"container small\"><div class=\"logo\"><div class=\"pc-banner small\"><div><img decoding=\"async\" src=\"\/vevor\/vevor\/boutique-banner\/pc\/en-pc@1x.jpg\" style=\"width: 100%;\" \/><\/div><\/div><div class=\"m-banner\"><div><img decoding=\"async\" src=\"\/vevor\/vevor\/boutique-banner\/mobile\/en-m@1x.jpg\" style=\"width: 100%;\" \/><\/div><\/div><\/div><div class=\"section-title\">Dro\u0161a pajumte m\u0101jputniem<\/div><div class=\"video-section\"><div class=\"video-section-img-pc small\"><img decoding=\"async\" src=\"\/vevor\/product\/JSJS362MYDDMJKCOH001\/metal-chicken-coop-a100-1.4-pt.jpg\" \/><\/div><div class=\"video-section-img-m\"><img decoding=\"async\" src=\"\/vevor\/product\/JSJS362MYDDMJKCOH001\/metal-chicken-coop-a100-1.4-pt.jpg\" \/><\/div><div class=\"section-desc\">M\u016bsu met\u0101la vistas coop ir izgatavots no cinkota t\u0113rauda caurul\u0113m, p\u0101rbaud\u012bts pret s\u0101ls aerosolu, lai nov\u0113rstu r\u016bs\u0113\u0161anu.Tas nodro\u0161ina dro\u0161u un m\u0101j\u012bgu augstas kvalit\u0101tes m\u0101ju j\u016bsu c\u0101\u013ciem neatkar\u012bgi no lietus vai sp\u012bduma.<\/div><\/div><div class=\"section\"><div class=\"section-title\"><\/div><div class=\"section-img small\"><img decoding=\"async\" src=\"\/vevor\/product\/JSJS362MYDDMJKCOH001\/metal-chicken-coop-a100-2.2-pt.jpg\" \/><\/div><div class=\"section-mobile-img\"><img decoding=\"async\" src=\"\/vevor\/product\/JSJS362MYDDMJKCOH001\/metal-chicken-coop-a100-2.2-pt.jpg\" \/><\/div><div class=\"section-desc\">Ar 2,5 cm biez\u0101m t\u0113rauda caurul\u0113m un se\u0161st\u016bra aizsargsietu \u0161is vistu aploks pied\u0101v\u0101 stabilu atbalstu un aizsardz\u012bbu, nodro\u0161inot, ka m\u0101jputni var br\u012bvi p\u0101rvietoties dro\u0161\u0101 vid\u0113.<\/div><\/div><div class=\"section\"><div class=\"section-title\"><\/div><div class=\"section-img small\"><img decoding=\"async\" src=\"\/vevor\/product\/JSJS362MYDDMJKCOH001\/metal-chicken-coop-a100-2.3-pt.jpg\" \/><\/div><div class=\"section-mobile-img\"><img decoding=\"async\" src=\"\/vevor\/product\/JSJS362MYDDMJKCOH001\/metal-chicken-coop-a100-2.3-pt.jpg\" \/><\/div><div class=\"section-desc\">Lielais vistas skr\u0113jiens ir veidots ar \u010detrpus\u0113ju ventil\u0101ciju, lai samazin\u0101tu smakas. Atcerieties ziem\u0101 not\u012br\u012bt sniega uzkr\u0101\u0161anos, lai ieg\u016btu svaigu dz\u012bvojamo telpu m\u0101jputniem.<\/div><\/div><div class=\"section\"><div class=\"section-title\"><\/div><div class=\"section-img small\"><img decoding=\"async\" src=\"\/vevor\/product\/JSJS362MYDDMJKCOH001\/metal-chicken-coop-a100-2.4-pt.jpg\" \/><\/div><div class=\"section-mobile-img\"><img decoding=\"async\" src=\"\/vevor\/product\/JSJS362MYDDMJKCOH001\/metal-chicken-coop-a100-2.4-pt.jpg\" \/><\/div><div class=\"section-desc\">Pateicoties pla\u0161aj\u0101m durv\u012bm, met\u0101la vistu aploks nodro\u0161ina \u0113rtu piek\u013cuvi, nepieliecoties. Dro\u0161\u0101 sl\u0113dzenes konstrukcija ne\u013cauj m\u0101jputniem aizb\u0113gt, padarot j\u016bsu lauksaimniec\u012bbas darbus bez liekas piep\u016bles.<\/div><\/div><div class=\"section\"><div class=\"section-title\"><\/div><div class=\"section-img small\"><img decoding=\"async\" src=\"\/vevor\/product\/JSJS362MYDDMJKCOH001\/metal-chicken-coop-a100-2.5-pt.jpg\" \/><\/div><div class=\"section-mobile-img\"><img decoding=\"async\" src=\"\/vevor\/product\/JSJS362MYDDMJKCOH001\/metal-chicken-coop-a100-2.5-pt.jpg\" \/><\/div><div class=\"section-desc\">Vistu aplok\u0101 vienuviet var tur\u0113t da\u017e\u0101das m\u0101jputnu sugas, ietaupot izmaksas un vietu, vienlaikus palielinot lauksaimniec\u012bbas daudzveid\u012bbu un elast\u012bbu.<\/div><\/div><div class=\"section\"><div class=\"section-img small\"><img decoding=\"async\" src=\"\/vevor\/product\/JSJS362MYDDMJKCOH001\/metal-chicken-coop-a100-1.11-pt.jpg\" \/><\/div><div class=\"section-mobile-img\"><img decoding=\"async\" src=\"\/vevor\/product\/JSJS362MYDDMJKCOH001\/metal-chicken-coop-a100-1.11-pt.jpg\" \/><\/div><\/div><\/div><\/body><\/html><\/div>\n<div class=\"DM_at-title\" id=\"js-DM_at-title\"> <div>Produkta specifik\u0101cija<\/div> <i class=\"icon-arrowup_line\"><\/i> <\/div><div class=\"DM_at-goodsDescAttr\" id=\"js-DM_at-goodsDescAttr\"> <div class=\"DM_at-goodsDescAttrInner\"> <dl class=\"goodsDesc_item goodsDesc_item_even\"> <dt>Preces Mode\u013ca Numurs<\/dt> <dd> YD362<\/dd> <\/dl> <dl class=\"goodsDesc_item\"> <dt>Galvenais materi\u0101ls<\/dt> <dd> Cinkota t\u0113rauda caurules + PE<\/dd> <\/dl> <dl class=\"goodsDesc_item goodsDesc_item_even\"> <dt>Produkta Izm\u0113ri<\/dt> <dd> 9,84 x 19,68 x 5,56 p\u0113das (3 x 6 x 2 m)<\/dd> <\/dl> <dl class=\"goodsDesc_item\"> <dt>Aizsarg\u0101jo\u0161ie t\u012bkla izm\u0113ri<\/dt> <dd> 3,61 x 78,74 p\u0113das (1,1 x 24 m) (2 ru\u013c\u013ci)<\/dd> <\/dl> <dl class=\"goodsDesc_item goodsDesc_item_even\"> <dt>Brezenta izm\u0113ri<\/dt> <dd> 6,26 x 11,25 p\u0113das (1,91 x 3,43 m)<\/dd> <\/dl> <dl class=\"goodsDesc_item\"> <dt>Produkta Svars<\/dt> <dd> 94,8 m\u0101rci\u0146as (43 kg)<\/dd> <\/dl> <\/div> <\/div>","protected":false},"excerpt":{"rendered":"<ul>\n<li> Laikapst\u0101k\u013ciem iztur\u012bgs un iztur\u012bgs pret koroziju: izgatavots no cinkota t\u0113rauda caurul\u0113m un stingri p\u0101rbaud\u012bts pret s\u0101ls izsmidzin\u0101\u0161anu, \u0161is vistu k\u016bts iztur skarbos laika apst\u0101k\u013cus, piem\u0113ram, lietus, v\u0113ja un saules iedarb\u012bbu, nodro\u0161inot ilgtermi\u0146a stabilit\u0101ti un dro\u0161\u012bbu. <\/li>\n<li> Iztur\u012bga strukt\u016bra: ar 1\u2033 biez\u0101m cinkota t\u0113rauda caurul\u0113m un prec\u012bzu metin\u0101\u0161anu, \u0161is lielais met\u0101la vistas coop lepojas ar stabilit\u0101ti un v\u0113ja pretest\u012bbu Aug\u0161\u0113jais v\u0101ks atvieglo efekt\u012bvu dren\u0101\u017eu, nov\u0113r\u0161ot \u016bdens uzkr\u0101\u0161anos Pastiprin\u0101ts ar se\u0161st\u016bra aizsargt\u012bklu, tas nodro\u0161ina dro\u0161\u0101ku vietu m\u0101jputniem. <\/li>\n<li> Pla\u0161a dz\u012bvojam\u0101 zona: \u0161\u012b met\u0101la vistas skr\u0113jiens ar d\u0101snu 9,8 \u00d7 19,3 \u00d7 6,5 p\u0113du telpu, iez\u012bmes \u010detrpus\u0113ju ventil\u0101ciju, radot vesel\u012bgu un \u0113rtu vidi PE p\u0101rkl\u0101ta nojume nodro\u0161ina saules aizsardz\u012bbu, hidroizol\u0101ciju, un asaru iztur\u012bbu, pasarg\u0101jot savu m\u0101jputnu no \u0101r\u0113jiem elementiem. <\/li>\n<li> Vienk\u0101r\u0161a uzst\u0101d\u012b\u0161ana: Pateicoties viegli lietojamiem piederumiem, uzst\u0101d\u012b\u0161ana ir pavisam vienk\u0101r\u0161a. Vistas b\u016bri var pastiprin\u0101t, pievienojot apak\u0161\u0101 koku vai akme\u0146us. Lai nodro\u0161in\u0101tu papildu aizsardz\u012bbu pret savva\u013cas dz\u012bvniekiem, piem\u0113ram, jenotiem, iesak\u0101m pievienot cinkota stiep\u013cu \u017eogu. <\/li>\n<li> Daudzpus\u012bgs pielietojums: vistas skr\u0113jiens pagalm\u0101 ar segumu ir piem\u0113rots ne tikai vist\u0101m, bet ar\u012b p\u012bl\u0113m, paipal\u0101m, tru\u0161iem un citiem m\u0101jputniem. Tas atbilst j\u016bsu vajadz\u012bb\u0101m, nodro\u0161inot m\u0101jputniem dro\u0161u un \u0113rtu dz\u012bves telpu. <\/li>\n<\/ul>","protected":false},"featured_media":447257,"comment_status":"open","ping_status":"open","template":"","meta":{"om_disable_all_campaigns":false,"_monsterinsights_skip_tracking":false,"_monsterinsights_sitenote_active":false,"_monsterinsights_sitenote_note":"","_monsterinsights_sitenote_category":0,"_uf_show_specific_survey":0,"_uf_disable_surveys":false},"location":[1935,1934],"product_brand":[],"product_cat":[171,415,416],"product_tag":[],"class_list":{"0":"post-229829","1":"product","2":"type-product","3":"status-publish","4":"has-post-thumbnail","6":"location-supplier_stock_location","7":"location-local_stock_location","8":"product_cat-agriculture-forestry-equipment","9":"product_cat-livestock-poultry-supplies","10":"product_cat-metal-chicken-coop","12":"first","13":"instock","14":"taxable","15":"shipping-taxable","16":"purchasable","17":"product-type-simple"},"aioseo_notices":[],"jetpack_sharing_enabled":true,"locations":[{"id":1935,"name":"Pieg\u0101d\u0101t\u0101ja noliktav\u0101 (5-7d.d.)","slug":"supplier_stock_location","quantity":"11"},{"id":1934,"name":"R\u012bgas veikal\u0101 (0-2d.d.)","slug":"local_stock_location","quantity":"0"}],"_links":{"self":[{"href":"https:\/\/vevorshop.lv\/lv\/wp-json\/wp\/v2\/product\/229829","targetHints":{"allow":["GET"]}}],"collection":[{"href":"https:\/\/vevorshop.lv\/lv\/wp-json\/wp\/v2\/product"}],"about":[{"href":"https:\/\/vevorshop.lv\/lv\/wp-json\/wp\/v2\/types\/product"}],"replies":[{"embeddable":true,"href":"https:\/\/vevorshop.lv\/lv\/wp-json\/wp\/v2\/comments?post=229829"}],"wp:featuredmedia":[{"embeddable":true,"href":"https:\/\/vevorshop.lv\/lv\/wp-json\/wp\/v2\/media\/447257"}],"wp:attachment":[{"href":"https:\/\/vevorshop.lv\/lv\/wp-json\/wp\/v2\/media?parent=229829"}],"wp:term":[{"taxonomy":"location","embeddable":true,"href":"https:\/\/vevorshop.lv\/lv\/wp-json\/wp\/v2\/location?post=229829"},{"taxonomy":"product_brand","embeddable":true,"href":"https:\/\/vevorshop.lv\/lv\/wp-json\/wp\/v2\/product_brand?post=229829"},{"taxonomy":"product_cat","embeddable":true,"href":"https:\/\/vevorshop.lv\/lv\/wp-json\/wp\/v2\/product_cat?post=229829"},{"taxonomy":"product_tag","embeddable":true,"href":"https:\/\/vevorshop.lv\/lv\/wp-json\/wp\/v2\/product_tag?post=229829"}],"curies":[{"name":"wp","href":"https:\/\/api.w.org\/{rel}","templated":true}]}}