{"id":229888,"date":"2026-01-23T00:54:59","date_gmt":"2026-01-22T22:54:59","guid":{"rendered":"https:\/\/vevorshop.lv\/en_us\/Prece\/vevor-metal-raised-garden-bed-3-6x1-2x0-3-m-galvalume-planter-box-with-open-bottom-rust-resistant-for-vegetables-flowers\/"},"modified":"2026-04-17T12:38:56","modified_gmt":"2026-04-17T09:38:56","slug":"vevor-metal-raised-garden-bed-3-6x1-2x0-3-m-galvalume-planter-box-with-open-bottom-rust-resistant-for-vegetables-flowers","status":"publish","type":"product","link":"https:\/\/vevorshop.lv\/lv\/Prece\/vevor-metala-paaugstinata-darza-gulta-3-6x1-2x0-3-m-galvalume-stadisanas-kaste-ar-atvertu-dibenu-rusas-izturigs-darzeniem-ziedi\/","title":{"rendered":"VEVOR met\u0101la pacelt\u0101 d\u0101rza gulta 3,6\u00d71,2\u00d70,3 m, Galvalume st\u0101d\u0101m\u0101 kaste ar atv\u0113rtu dibenu, iztur\u012bga pret r\u016bsu d\u0101rze\u0146iem un ziediem"},"content":{"rendered":"<div style=\"color: #fff!important; font-size: 16px; height: 24px; line-height: 24px; margin-top: -24px; \" class=\"product_original_name\">VEVOR met\u0101la pacelta d\u0101rza gulta, 3,6 x 1,2 x 0,3 m \u0101ra Galvalume st\u0101d\u0101m\u0101 d\u0101rza kaste, atv\u0113rta apak\u0161as dizains, liela st\u0101d\u0101m\u0101 gulta d\u0101rze\u0146u, ziedu un sukulentu audz\u0113\u0161anai, cinkota kr\u0101sa<\/div>\n<div style=\"color: #fff!important; font-size: 16px; height: 24px; line-height: 24px; margin-top: -24px; \" class=\"product_sku\">MKP1FR2I<\/div>\n<div style=\"color: #fff!important; font-size: 16px; height: 24px; line-height: 24px; margin-top: -24px; \" class=\"product_mpn\">JSFXZZCZFXDXNWREL002V0<\/div><div id=\"js-DM_at-goodDescRich\"><html><head><style>  body {    font-family: Arial;    line-height: 1.5;    color: #1c1c1c;    overflow-x: hidden;    margin: 0;    padding: 0;  }  .MsoNormal b {    font-weight: bolder;  }<\/style><style>  .container.small {    width: 970px;    margin: 0 auto;  }  .logo {    margin: 0 auto 0;  }  .logo img {    display: block;    margin: 0 auto;    max-width: 100%;  }  .logo .pc-banner {    display: block;    width: 1200px;    height: 247.4px;    margin: 0 auto;  }  .logo .pc-banner.small {    width: 970px;  }  .logo .pc-banner.small img {    height: auto!important;  }  .logo .m-banner {    display: none;  }  .ytvideo {    position: relative;    height: 546px;    width: 100%;    margin: 0 auto;  }  .ytvideo img {    width: 100%;    margin: 0 auto;  }  .ytvideo .play-btn {    width: 60px;    height: 42px;    position: absolute;    top: 50%;    left: 50%;    transform: translate(-50%, -50%);    background: url(\"data:image\/png;base64,iVBORw0KGgoAAAANSUhEUgAAAGQAAABGCAMAAAANWMFbAAAC+lBMVEUAAADBGB3kLCfBGB3kLCfcJC7BFx3KKSbiKybkLCbWJCPSIiLSIiLPICHAFx3kLCfgKSXNHiDZJiTIGx\/p4eHcjo7LHSDbJyTkLCbjKyfOHyHPIiL28fHJHB\/GGh7EGR7eKCXDGB3RISHlLSbBGB3AFxzGHB7DGB7BGB3hKybkKybAFx3lLCfAFxzDGR3hKibDGB7cJyTmz8\/elJTlwcHjurrUIyLlLSflLSfAFx3DGR7lLSfCFx3hKibhKibhKybjKybkLCblLSfbJSX49vbx7e3NNzjNMTLMJyjVIyLZf3\/ZQ0LaeHjx0tLgoqLkLCfCGB3HGx\/BGB3BFx3PICHCGB7WJCLOHyC\/Fxy\/Fx3lLCfQISHkLSe\/FxzbJiTBFx3FGx\/AGB7BFx3EGR7AGB3HHSDfKiXAFh3TISHYNzbhKibbJyTTIiL57e325+f039\/v2NjUV1fOHiHiqanfmprch4feKSXVIyPOICHmLibFGh\/mLSe\/Fx7XJCPeKSXXJSPNHyHaJyTGGh7lLCbmLCflLSjSIiLkLCbdKSXLHiC\/GB3KHh++Fh3lKyfoLiXcKCPkx8fYb2\/XaGfVXl3aU1LLHiDksbHgKibPICHbJyTfKSXbJyTCGB3KHSDiKybFGh7TIiL\/\/\/\/VIyPRISHIHB\/GGx\/HHB\/DGR7gKibdKCXLHiDZJiTMHiDNHyHYJSTOICHPICHWJCPcKCXXJSPjLCblLCf+\/f3NGR\/uLijzLynPGR\/IGB7WISHaIyLLGh7UAADxLynNAADRLzDbICLQAADIAAD3MCrUHSHXMTDpKSbLAADp5OTij4\/ejo\/VLy\/1LyngJSTcJCPQHx\/OHB7+\/PzaMS\/OLS\/vLijrLSjSAADaNTPwLyjkKSbNJCbYISHPHB\/KGB7WAAD7+vrn3d3aKynTKCjoLCfsKifRGh\/YAADq5+fhjo7QNDXXKCfmJyXt5+fTLzDLLi\/QKivYHRvMGBrQJCXLISPMExXLDxLaEAvkkI\/bOTfaFQ\/SCgpvLcnHAAAAmnRSTlMA+vv7+gT9Bvf9+8z8\/NSv\/Pr5+P7++vnQIBMP\/v38\/Pn348XDiCYf9OjbzcqxXVcx\/fz8+\/rj1r2poo1+fXFqX0orGP7+\/v7+\/fz8+\/r68uzn4trIxsG\/vri3p6GcmZSNbWVYUUZEPQv+\/f39+\/v7+\/v7+vr64tvV1NTTz87FtbSurqeblJKFg4B3bUY+NjL7+\/v7+\/v67t1cDo8JLQAABkRJREFUWMO0kz9rwkAYh0OIeJkum6YugUAhISCdKoj\/P4C7SMdS+gEKIhSKil10LSg4mzXkILdlEpxCpwTiWOLX6BujvQaEQuGeHLnL+\/64J+SIcKGYTYWnntpdLjrVdqvZmNdn0+EE40GtpuuWVS6Xx6N7YDSGpWXpeq02wHgynM7q80az1a52HpddtVcpsi1zFARBrdaxbhp9iUReTGmwA4KAAr7vx3EYejnCMI6hQYEgy0LQi4jUN0wL19vqFcUC9\/1dAKmEEFkWRYkh5oBejnxQJiSJPJ\/uKBp0Thszx9Mw8hMRIQjKsptCfuES9zr5WJY6vSFCIvE9fCMUmEM1A1kSXcYGxgVYsvI1IPKTZciSTI0us\/SMGG04gDzELDoFBwdcFJrF88dqgYMTiL6DILWYyfOWE8\/kIz38olCNlC03FK95+imxp6y4oUSvAnBjHHhKNtotSDqJzVFiK8c2SBqhZtsrTtgrLXwAyduxZHNE26eHUt5rtuM4WSmds3G+sUdWYo1L+XyxButoh5eKUHk5lByO3G1LqqCWVnfrv\/lyPtf\/4ps1cndNGIri8J1TJ0lx6dR\/oPjq1nbRwdp2dCk4CtIOLW3pVKRL6WZfS5vF2KkIQhpwSsjiYIgNCs1gEMGqiIq24NQX9NwoXFy8Ufrl3twTcg4fv8T9\/JBEySduj6Mjm4bMzYV7EEOxKjjoNDud7yY3Dy71Hq2oLmqfbNR723edH9PgMrNL2utoQ3VmaIDkiw\/4w51P06hlZsTZvkRrbVuSIs\/zwSOsycgzStQouoAkWQqioRT5XI7n2Z1wfVhoZmcAJLsoqjqpjbWCgpOAJXBwHK8PzWbNvoUZJND5wCnSkLAkZ1legx6vqQzjoiTahKlGUGLAiIIoABOHaNVw4sexZBym6\/HWlH5h3IC7yRbxtipcWxdTOkORKiNQAEkFf66x5S2oeRbroOlLgg0sSYkR0hRGEqJZ0jTPiQKatESdBckpWigxaapEH0lImHdWu9pUFF2XqMNM2Z4kped7IwEJw2qabwtrQqnpw6HyKkgcadKWsmpywwesDyIhYRpdzXddqegtGIJlXbAIUMOLkGxJUjRIkokwjUaX9d\/kK62ps\/tYUqZLIMkLTyBhsMZ3C5Z\/kDxOSCb\/DOs\/\/J0qcWSX\/2ipe56EgTCA4\/cB7NAYOsni4mZM1MUPAISoEwkDi4lhVBQ1cWQyIcwalw4EpqZN68JUSK7XC0kTlkLYii5uXSC8jT5ncCAS7mjCv0uHp\/3lueHEEAeQ\/\/VgmdN71\/2uCSA1Xr6DO6uI6sW56zqT2tp2PhgiRUAajV8CY2fkcz6WGNKMgLAt7tJAhD4YHMTeRxlALE6+43WqjSWi8ITxyJl8WrwWSNESQZZOqhDDntO3hJLsd5RtSpbJqdv3YrDJH3F7jL1R2O2aQkn2MyCyKYz0GPGIvSAMgBCrCEiJyKbBaYGwLW4uPRr0A0M4Ux5kUI7IBh+hMdiCEWNqhMZGyYMsOgNE58UQuEQeUnSWCMYwL54hkxK6IoqucQZbQ3pc3XtL0lky1dL0zZJJDpWJovFqpWj6JEHnyam2eQp5QRVAVHjWparTOaVwUOx99YS2MvgxIGV0bb+qIg2HX2qkFFJB+XZcbLiuRkuxD9GRroKyveLxdh4d7Orx+hb7qc3uVRuEogCOnyIxm4ubUoPgF4jianDrC+SDQDKEfJb0GUKmjCGPYHGJvVC6X4hw1\/sAfQAdfYyephIaspXe36RwOP+Ljvfx9B6B3i+Nk0DGq+oCbLn6JpBa9nWAveAIHwFAwtVcIJXPMPL8kRu5OAYPMaL1WScTxjiZDqB9LTJSWphow\/pTYKRTLjCBhvi9iBidvKcDasGSm0QQkycYuLBqj6QCELPctqChDWpTRMWkngNNpQ1Pfp1KkiT\/Y0DGffXAweUNfLAfaJFKDwhb6I+bkYRbkERoEeu3Fyjg2opMz2daZCS9jt6Q7txNfB+OZEVF6Zl5web2xunnLQrtrjXseXKaFYziYINeMFZVxS9VxRhOoesYwxPKXm+gWLG9cuFeq93UNNeJNsf1KlwuDok9n02n3TgIJpOxNfL9naIoQwXtfH9kjceTIIi709ncTg6LZbg+biLH1V6u\/7rxBem06VXKn9raAAAAAElFTkSuQmCC\")      no-repeat center center \/ contain;  }  @media screen and (max-width: 960px) and (orientation: portrait) {    .logo {      width: 100%;    }    .logo .pc-banner {      display: none;    }    .logo .m-banner {      display: block;      width: 100%;    }    .logo .m-banner img {      height: auto!important;    }    .ytvideo {      height: 200px;      width: 100%;    }  }<\/style><style>  .video-section {    width: 100%;    margin: 0 auto;  }  .video-section > img {    width: 100%;  }  .video-section iframe,  .video-section video {    width: 100%;    height: 100%;      }  .video-section-img-m,  .video-section-img-pc > img {    width: 100%;    height: auto;  }  .video-section-img-pc.small > img {    width: 970px;  }  .video-desc {    line-height: 1.5;    font-size: 20px;    font-weight: 400;    margin: 20px 0;    text-align: center;    color: #0f1111;    word-break: break-word;  }  @media screen and (max-width: 960px) and (orientation: portrait) {    .video-section {      width: 100%;    }    .video-section-pc,    .video-section-img-pc {      display: none;    }    .video-section-m,    .video-section-img-m {      display: block;    }    .video-desc {      font-size: 15px;    }  }  @media screen and (min-width: 960px) {    .video-section {      width: 100%;      margin: 0 auto;    }    .video-section-pc,    .video-section-img-pc {      display: block;    }    .video-section-m,    .video-section-img-m {      display: none;    }    .video-desc {      font-size: 20px;    }  }<\/style><style>  .section + .section {    margin-top: 35px;  }  .section-title {    text-align: center;    font-weight: bold;    color: #0d1111;    font-family: \"Arial\";    font-size: 32px;    margin: 15px 0;  }  .section-title:empty {    display: none;  }  .section-desc {    text-align: center;    font-weight: normal;    color: #0d1111;    margin-top: 20px;  }  .section-desc:empty {    display: none;  }  .section-img {    width: 1200px;    height: 492px;    margin: 0 auto;    display: block;  }  .section-img.small {    width: 970px;    height: auto;  }  .section-img.small > img {    height: auto;  }  .section-img > img {    width: 100%;    height: 100%;  }  .section-mobile-img {    display: none;    max-width: 100vw;    max-height: 75vw;    height: 450px;    margin: 0 auto;  }  .section-mobile-img > img {    width: 100%;    height: 100%;  }  @media screen and (max-width: 960px) and (orientation: portrait) {    .container {      width: 100%;    }    .container.small {      width: 100%;    }    .section-mobile-img {      display: block;    }    .section-img {      display: none;    }    .section-title {      font-size: 22px;      margin: 10px 0;    }    .section-desc {      margin-top: 10px;    }    .section + .section {      margin-top: 20px;    }  }<\/style><\/head><body><div class=\"container\"><div class=\"logo\"><div class=\"pc-banner\"><div><img decoding=\"async\" src=\"\/vevor\/vevor\/boutique-banner\/pc\/en-pc@1x.jpg\" style=\"width: 100%;\" \/><\/div><\/div><div class=\"m-banner\"><div><img decoding=\"async\" src=\"\/vevor\/vevor\/boutique-banner\/mobile\/en-m@1x.jpg\" style=\"width: 100%;\" \/><\/div><\/div><\/div><div class=\"section-title\">VEVOR Modul\u0101r\u0101 met\u0101la paaugstin\u0101ta d\u0101rza gulta: izveidojiet savu audz\u0113\u0161anas b\u0101zi!<\/div><div class=\"video-section\"><div class=\"video-section-img-pc\"><img decoding=\"async\" src=\"\/vevor\/product\/JSFXZZCZFXDXNWREL002\/raised-garden-bed-a100-1.4.jpg\" \/><\/div><div class=\"video-section-img-m\"><img decoding=\"async\" src=\"\/vevor\/product\/JSFXZZCZFXDXNWREL002\/raised-garden-bed-a100-1.4-m.jpg\" \/><\/div><div class=\"section-desc\">\u0160\u012b paaugstin\u0101t\u0101 d\u0101rza gulta nodro\u0161ina pla\u0161u vietu augu aug\u0161anai. T\u0101s 1 p\u0113das dzi\u013cums ir ide\u0101li piem\u0113rots da\u017e\u0101du augu atbalstam, \u013caujot tiem att\u012bst\u012bties ar sp\u0113c\u012bgu un ener\u0123isku att\u012bst\u012bbu.<\/div><\/div><div class=\"section\"><div class=\"section-title\"><\/div><div class=\"section-img\"><img decoding=\"async\" src=\"\/vevor\/product\/JSFXZZCZFXDXNWREL002\/raised-garden-bed-a100-2.2.jpg\" \/><\/div><div class=\"section-mobile-img\"><img decoding=\"async\" src=\"\/vevor\/product\/JSFXZZCZFXDXNWREL002\/raised-garden-bed-a100-2.2-m.jpg\" \/><\/div><div class=\"section-desc\">Izgatavota ar iztur\u012bgu met\u0101la r\u0101mi, m\u016bsu pacelt\u0101 st\u0101d\u012b\u0161anas kaste nodro\u0161ina ilgsto\u0161u iztur\u012bbu un nodro\u0161ina sp\u0113c\u012bgu iztur\u012bbu pret r\u016bsu laika gait\u0101.Iek\u0161\u0113jais X formas stiegrojuma stienis pie\u0161\u0137ir papildu stabilit\u0101ti, padarot konstrukciju uzticam\u0101ku.<\/div><\/div><div class=\"section\"><div class=\"section-title\"><\/div><div class=\"section-img\"><img decoding=\"async\" src=\"\/vevor\/product\/JSFXZZCZFXDXNWREL002\/raised-garden-bed-a100-2.3.jpg\" \/><\/div><div class=\"section-mobile-img\"><img decoding=\"async\" src=\"\/vevor\/product\/JSFXZZCZFXDXNWREL002\/raised-garden-bed-a100-2.3-m.jpg\" \/><\/div><div class=\"section-desc\">Paceltajai gultai ir sarull\u0113tas malas un vienm\u0113r\u012bgi noapa\u013coti st\u016bri, lai nodro\u0161in\u0101tu papildu dro\u0161\u012bbu. Katrai no \u010detr\u0101m k\u0101j\u0101m ir aizsargv\u0101ci\u0146i, un m\u0113s pied\u0101v\u0101jam cimdus, kas pal\u012bdz nov\u0113rst rokas no skr\u0101p\u0113jumiem.<\/div><\/div><div class=\"section\"><div class=\"section-title\"><\/div><div class=\"section-img\"><img decoding=\"async\" src=\"\/vevor\/product\/JSFXZZCZFXDXNWREL002\/raised-garden-bed-a100-2.4.jpg\" \/><\/div><div class=\"section-mobile-img\"><img decoding=\"async\" src=\"\/vevor\/product\/JSFXZZCZFXDXNWREL002\/raised-garden-bed-a100-2.4-m.jpg\" \/><\/div><div class=\"section-desc\">\u0160\u012b paaugstin\u0101t\u0101 pu\u0137u dobe ir paredz\u0113ta vienk\u0101r\u0161ai mont\u0101\u017eai un to var \u0101tri salikt kop\u0101, izmantojot skr\u016bves. Nav nepiecie\u0161ami sare\u017e\u0123\u012bti instrumenti, t\u0101p\u0113c t\u0101 ir piem\u0113rota ies\u0101c\u0113jiem.<\/div><\/div><div class=\"section\"><div class=\"section-title\"><\/div><div class=\"section-img\"><img decoding=\"async\" src=\"\/vevor\/product\/JSFXZZCZFXDXNWREL002\/raised-garden-bed-a100-2.5.jpg\" \/><\/div><div class=\"section-mobile-img\"><img decoding=\"async\" src=\"\/vevor\/product\/JSFXZZCZFXDXNWREL002\/raised-garden-bed-a100-2.5-m.jpg\" \/><\/div><div class=\"section-desc\">Izmantojiet m\u016bsu d\u0101rza gultu, lai audz\u0113tu da\u017e\u0101dus augus sav\u0101 d\u0101rz\u0101, siltumn\u012bc\u0101, saimniec\u012bb\u0101 vai atkl\u0101t\u0101 lauk\u0101. Tas ir ide\u0101li piem\u0113rots d\u0101rze\u0146iem, ziediem, za\u013cajiem augiem un citiem.<\/div><\/div><div class=\"section\"><div class=\"section-img\"><img decoding=\"async\" src=\"\/vevor\/product\/JSFXZZCZFXDXNWREL002\/raised-garden-bed-a100-1.11.jpg\" \/><\/div><div class=\"section-mobile-img\"><img decoding=\"async\" src=\"\/vevor\/product\/JSFXZZCZFXDXNWREL002\/raised-garden-bed-a100-1.11-m.jpg\" \/><\/div><\/div><\/div><\/body><\/html><\/div>\n<div class=\"DM_at-title\" id=\"js-DM_at-title\"> <div>Produkta specifik\u0101cija<\/div> <i class=\"icon-arrowup_line\"><\/i> <\/div><div class=\"DM_at-goodsDescAttr\" id=\"js-DM_at-goodsDescAttr\"> <div class=\"DM_at-goodsDescAttrInner\"> <dl class=\"goodsDesc_item goodsDesc_item_even\"> <dt>Preces Mode\u013ca Numurs<\/dt> <dd> GM66010-360X120X27CM<\/dd> <\/dl> <dl class=\"goodsDesc_item\"> <dt>Pane\u013ca biezums<\/dt> <dd> 0,016 collas \/ 0,4 mm<\/dd> <\/dl> <dl class=\"goodsDesc_item goodsDesc_item_even\"> <dt>St\u016bra savienot\u0101js Biezums<\/dt> <dd> 0,028 collas \/ 0,7 mm<\/dd> <\/dl> <dl class=\"goodsDesc_item\"> <dt>Armat\u016bras stie\u0146u skaits<\/dt> <dd> 12<\/dd> <\/dl> <dl class=\"goodsDesc_item goodsDesc_item_even\"> <dt>Kr\u0101sa<\/dt> <dd> Pel\u0113ks<\/dd> <\/dl> <dl class=\"goodsDesc_item\"> <dt>Galvenais materi\u0101ls<\/dt> <dd> Galvalume pl\u0101ksne<\/dd> <\/dl> <dl class=\"goodsDesc_item goodsDesc_item_even\"> <dt>Produkta Svars<\/dt> <dd> 25,7 m\u0101rci\u0146as \/ 11,65 kg<\/dd> <\/dl> <dl class=\"goodsDesc_item\"> <dt>Produkta Izm\u0113ri<\/dt> <dd> 11,81 x 3,94 x 0,95 p\u0113das \/ 3600 x 1200 x 290 mm<\/dd> <\/dl> <\/div> <\/div>","protected":false},"excerpt":{"rendered":"<ul>\n<li> Izveidojiet Apdullin\u0101\u0161anu D\u0101rzs: M\u016bsu 12 x 4 x 1 ft paaugstin\u0101ts d\u0101rza gulta nodro\u0161ina pla\u0161u audz\u0113\u0161anas vietu j\u016bsu augiem T\u0101s 1 ft dzi\u013cums ir ide\u0101li piem\u0113rots vid\u0113ji un dzi\u013ci iesak\u0146oju\u0161ies augiem Audz\u0113t d\u0101rze\u0146us, aug\u013cus, ziedus, un gar\u0161augus d\u0101rzos, ferm\u0101s, laukos, vai atkl\u0101t\u0101s viet\u0101s <\/li>\n<li> Iztur\u012bgs un uzticams: izgatavots no 0,4 mm met\u0101la s\u0101nu pane\u013ciem un 0,7 mm st\u016bra savienot\u0101jiem, \u0161ai met\u0101la paaugstin\u0101tajai d\u0101rza gultnei ir augst\u0101k\u0101s kvalit\u0101tes galvalume pane\u013ci, kas nodro\u0161ina iztur\u012bbu pret r\u016bsu. 8 iek\u0161\u0113jie X formas stie\u0146i nodro\u0161ina stabilit\u0101ti un nov\u0113r\u0161 apg\u0101\u0161anos v\u0113j\u0101 <\/li>\n<li> Dro\u0161a lieto\u0161ana: m\u016bsu paceltajai st\u0101d\u012b\u0161anas kastei ir sarull\u0113tas malas un noapa\u013coti st\u016bri, lai samazin\u0101tu traumu iesp\u0113jam\u012bbu lieto\u0161anas laik\u0101. Tam ir ar\u012b cimdu p\u0101ris, lai samazin\u0101tu roku skr\u0101p\u0113jumus, \u013caujot jums izbaud\u012bt vienm\u0113r\u012bgu d\u0101rza darbu <\/li>\n<li> Vienk\u0101r\u0161a uzst\u0101d\u012b\u0161ana: ar piln\u012bg\u0101m skr\u016bv\u0113m un iepriek\u0161 izurbtu dizainu pacelto gultu var viegli salikt, iev\u0113rojot rokasgr\u0101matu. Iestat\u012b\u0161ana aiz\u0146em tikai 15 min\u016btes bez papildu instrumentiem, t\u0101p\u0113c t\u0101 ir ide\u0101li piem\u0113rota d\u0101rzkop\u012bbas entuziastiem pat ies\u0101c\u0113jiem <\/li>\n<li> Ko j\u016bs sa\u0146emsiet: m\u016bsu paaugstin\u0101t\u0101 d\u0101rza gulta ietver 14 s\u0101nu pane\u013cus, 4 st\u016bra pane\u013cus, 8 \u0161\u0137\u0113rsstie\u0146us, 4 plastmasas v\u0101ci\u0146us, 1 aparat\u016bras komplektu un 1 lietot\u0101ja rokasgr\u0101matu <\/li>\n<\/ul>","protected":false},"featured_media":447293,"comment_status":"open","ping_status":"open","template":"","meta":{"om_disable_all_campaigns":false,"_uf_show_specific_survey":0,"_uf_disable_surveys":false},"location":[1935,1934],"product_brand":[],"product_cat":[62,632,633],"product_tag":[],"class_list":{"0":"post-229888","1":"product","2":"type-product","3":"status-publish","4":"has-post-thumbnail","6":"location-supplier_stock_location","7":"location-local_stock_location","8":"product_cat-lawn-garden","9":"product_cat-pots-planters","10":"product_cat-raised-garden-bed","12":"first","13":"outofstock","14":"taxable","15":"shipping-taxable","16":"purchasable","17":"product-type-simple"},"aioseo_notices":[],"locations":[{"id":1935,"name":"Pieg\u0101d\u0101ja noliktav\u0101 (5-7dd.d)","slug":"supplier_stock_location","quantity":"0"},{"id":1934,"name":"R\u012bgas veikal\u0101 (0-2d.d.)","slug":"local_stock_location","quantity":"0"}],"_links":{"self":[{"href":"https:\/\/vevorshop.lv\/lv\/wp-json\/wp\/v2\/product\/229888","targetHints":{"allow":["GET"]}}],"collection":[{"href":"https:\/\/vevorshop.lv\/lv\/wp-json\/wp\/v2\/product"}],"about":[{"href":"https:\/\/vevorshop.lv\/lv\/wp-json\/wp\/v2\/types\/product"}],"replies":[{"embeddable":true,"href":"https:\/\/vevorshop.lv\/lv\/wp-json\/wp\/v2\/comments?post=229888"}],"wp:featuredmedia":[{"embeddable":true,"href":"https:\/\/vevorshop.lv\/lv\/wp-json\/wp\/v2\/media\/447293"}],"wp:attachment":[{"href":"https:\/\/vevorshop.lv\/lv\/wp-json\/wp\/v2\/media?parent=229888"}],"wp:term":[{"taxonomy":"location","embeddable":true,"href":"https:\/\/vevorshop.lv\/lv\/wp-json\/wp\/v2\/location?post=229888"},{"taxonomy":"product_brand","embeddable":true,"href":"https:\/\/vevorshop.lv\/lv\/wp-json\/wp\/v2\/product_brand?post=229888"},{"taxonomy":"product_cat","embeddable":true,"href":"https:\/\/vevorshop.lv\/lv\/wp-json\/wp\/v2\/product_cat?post=229888"},{"taxonomy":"product_tag","embeddable":true,"href":"https:\/\/vevorshop.lv\/lv\/wp-json\/wp\/v2\/product_tag?post=229888"}],"curies":[{"name":"wp","href":"https:\/\/api.w.org\/{rel}","templated":true}]}}