{"id":230232,"date":"2026-01-24T00:54:39","date_gmt":"2026-01-23T22:54:39","guid":{"rendered":"https:\/\/vevorshop.lv\/en_us\/Prece\/vevor-automatic-chicken-feeder-18-14-kg-rainproof-hanging-poultry-dispenser-with-3-ports-no-waste-for-indoor-outdoor-coops\/"},"modified":"2026-04-17T12:36:44","modified_gmt":"2026-04-17T09:36:44","slug":"vevor-automatic-chicken-feeder-18-14-kg-rainproof-hanging-poultry-dispenser-with-3-ports-no-waste-for-indoor-outdoor-coops","status":"publish","type":"product","link":"https:\/\/vevorshop.lv\/lv\/Prece\/vevor-automatiskais-vistas-padevejs-18-14-kg-lietus-necaurlaidigs-piekarinams-majputnu-dozators-ar-3-pieslegvietam-bez-atkritumiem-iekstelpu-ara-kutim\/","title":{"rendered":"VEVOR Autom\u0101tiska vistas barotava 18,14 kg, lietusdro\u0161a kar\u0101jam\u0101 dozators ar 3 atver\u0113m, bez iz\u0161\u0137\u0113rd\u0113\u0161anas, iek\u0161\u0113jiem\/\u0101r\u0113jiem k\u016bt\u012bm"},"content":{"rendered":"<div style=\"color: #fff!important; font-size: 16px; height: 24px; line-height: 24px; margin-top: -24px; \" class=\"product_original_name\">VEVOR autom\u0101tiskais vistas padev\u0113js, 18,14 kg ietilp\u012bba, lielas gravit\u0101cijas piek\u0101rtais m\u0101jputnu barotavas dozators ar rokturi, bez atkritumu lietus necaurlaid\u012bga dizaina, 3 baro\u0161anas atveres, iek\u0161pus\u0113 vai \u0101rpus\u0113 Hen Coop, c\u0101\u013ciem<\/div>\n<div style=\"color: #fff!important; font-size: 16px; height: 24px; line-height: 24px; margin-top: -24px; \" class=\"product_sku\">MKR7OQSX<\/div>\n<div style=\"color: #fff!important; font-size: 16px; height: 24px; line-height: 24px; margin-top: -24px; \" class=\"product_mpn\">ZDJQWSQ45LBSTK5XP001V0<\/div><div id=\"js-DM_at-goodDescRich\"><html><head><style>  body {    font-family: Arial;    line-height: 1.5;    color: #1c1c1c;    overflow-x: hidden;    margin: 0;    padding: 0;  }  .MsoNormal b {    font-weight: bolder;  }<\/style><style>  .container.small {    width: 970px;    margin: 0 auto;  }  .logo {    margin: 0 auto 0;  }  .logo img {    display: block;    margin: 0 auto;    max-width: 100%;  }  .logo .pc-banner {    display: block;    width: 1200px;    height: 247.4px;    margin: 0 auto;  }  .logo .pc-banner.small {    width: 970px;  }  .logo .pc-banner.small img {    height: auto!important;  }  .logo .m-banner {    display: none;  }  .ytvideo {    position: relative;    height: 546px;    width: 100%;    margin: 0 auto;  }  .ytvideo img {    width: 100%;    margin: 0 auto;  }  .ytvideo .play-btn {    width: 60px;    height: 42px;    position: absolute;    top: 50%;    left: 50%;    transform: translate(-50%, -50%);    background: url(\"data:image\/png;base64,iVBORw0KGgoAAAANSUhEUgAAAGQAAABGCAMAAAANWMFbAAAC+lBMVEUAAADBGB3kLCfBGB3kLCfcJC7BFx3KKSbiKybkLCbWJCPSIiLSIiLPICHAFx3kLCfgKSXNHiDZJiTIGx\/p4eHcjo7LHSDbJyTkLCbjKyfOHyHPIiL28fHJHB\/GGh7EGR7eKCXDGB3RISHlLSbBGB3AFxzGHB7DGB7BGB3hKybkKybAFx3lLCfAFxzDGR3hKibDGB7cJyTmz8\/elJTlwcHjurrUIyLlLSflLSfAFx3DGR7lLSfCFx3hKibhKibhKybjKybkLCblLSfbJSX49vbx7e3NNzjNMTLMJyjVIyLZf3\/ZQ0LaeHjx0tLgoqLkLCfCGB3HGx\/BGB3BFx3PICHCGB7WJCLOHyC\/Fxy\/Fx3lLCfQISHkLSe\/FxzbJiTBFx3FGx\/AGB7BFx3EGR7AGB3HHSDfKiXAFh3TISHYNzbhKibbJyTTIiL57e325+f039\/v2NjUV1fOHiHiqanfmprch4feKSXVIyPOICHmLibFGh\/mLSe\/Fx7XJCPeKSXXJSPNHyHaJyTGGh7lLCbmLCflLSjSIiLkLCbdKSXLHiC\/GB3KHh++Fh3lKyfoLiXcKCPkx8fYb2\/XaGfVXl3aU1LLHiDksbHgKibPICHbJyTfKSXbJyTCGB3KHSDiKybFGh7TIiL\/\/\/\/VIyPRISHIHB\/GGx\/HHB\/DGR7gKibdKCXLHiDZJiTMHiDNHyHYJSTOICHPICHWJCPcKCXXJSPjLCblLCf+\/f3NGR\/uLijzLynPGR\/IGB7WISHaIyLLGh7UAADxLynNAADRLzDbICLQAADIAAD3MCrUHSHXMTDpKSbLAADp5OTij4\/ejo\/VLy\/1LyngJSTcJCPQHx\/OHB7+\/PzaMS\/OLS\/vLijrLSjSAADaNTPwLyjkKSbNJCbYISHPHB\/KGB7WAAD7+vrn3d3aKynTKCjoLCfsKifRGh\/YAADq5+fhjo7QNDXXKCfmJyXt5+fTLzDLLi\/QKivYHRvMGBrQJCXLISPMExXLDxLaEAvkkI\/bOTfaFQ\/SCgpvLcnHAAAAmnRSTlMA+vv7+gT9Bvf9+8z8\/NSv\/Pr5+P7++vnQIBMP\/v38\/Pn348XDiCYf9OjbzcqxXVcx\/fz8+\/rj1r2poo1+fXFqX0orGP7+\/v7+\/fz8+\/r68uzn4trIxsG\/vri3p6GcmZSNbWVYUUZEPQv+\/f39+\/v7+\/v7+vr64tvV1NTTz87FtbSurqeblJKFg4B3bUY+NjL7+\/v7+\/v67t1cDo8JLQAABkRJREFUWMO0kz9rwkAYh0OIeJkum6YugUAhISCdKoj\/P4C7SMdS+gEKIhSKil10LSg4mzXkILdlEpxCpwTiWOLX6BujvQaEQuGeHLnL+\/64J+SIcKGYTYWnntpdLjrVdqvZmNdn0+EE40GtpuuWVS6Xx6N7YDSGpWXpeq02wHgynM7q80az1a52HpddtVcpsi1zFARBrdaxbhp9iUReTGmwA4KAAr7vx3EYejnCMI6hQYEgy0LQi4jUN0wL19vqFcUC9\/1dAKmEEFkWRYkh5oBejnxQJiSJPJ\/uKBp0Thszx9Mw8hMRIQjKsptCfuES9zr5WJY6vSFCIvE9fCMUmEM1A1kSXcYGxgVYsvI1IPKTZciSTI0us\/SMGG04gDzELDoFBwdcFJrF88dqgYMTiL6DILWYyfOWE8\/kIz38olCNlC03FK95+imxp6y4oUSvAnBjHHhKNtotSDqJzVFiK8c2SBqhZtsrTtgrLXwAyduxZHNE26eHUt5rtuM4WSmds3G+sUdWYo1L+XyxButoh5eKUHk5lByO3G1LqqCWVnfrv\/lyPtf\/4ps1cndNGIri8J1TJ0lx6dR\/oPjq1nbRwdp2dCk4CtIOLW3pVKRL6WZfS5vF2KkIQhpwSsjiYIgNCs1gEMGqiIq24NQX9NwoXFy8Ufrl3twTcg4fv8T9\/JBEySduj6Mjm4bMzYV7EEOxKjjoNDud7yY3Dy71Hq2oLmqfbNR723edH9PgMrNL2utoQ3VmaIDkiw\/4w51P06hlZsTZvkRrbVuSIs\/zwSOsycgzStQouoAkWQqioRT5XI7n2Z1wfVhoZmcAJLsoqjqpjbWCgpOAJXBwHK8PzWbNvoUZJND5wCnSkLAkZ1legx6vqQzjoiTahKlGUGLAiIIoABOHaNVw4sexZBym6\/HWlH5h3IC7yRbxtipcWxdTOkORKiNQAEkFf66x5S2oeRbroOlLgg0sSYkR0hRGEqJZ0jTPiQKatESdBckpWigxaapEH0lImHdWu9pUFF2XqMNM2Z4kped7IwEJw2qabwtrQqnpw6HyKkgcadKWsmpywwesDyIhYRpdzXddqegtGIJlXbAIUMOLkGxJUjRIkokwjUaX9d\/kK62ps\/tYUqZLIMkLTyBhsMZ3C5Z\/kDxOSCb\/DOs\/\/J0qcWSX\/2ipe56EgTCA4\/cB7NAYOsni4mZM1MUPAISoEwkDi4lhVBQ1cWQyIcwalw4EpqZN68JUSK7XC0kTlkLYii5uXSC8jT5ncCAS7mjCv0uHp\/3lueHEEAeQ\/\/VgmdN71\/2uCSA1Xr6DO6uI6sW56zqT2tp2PhgiRUAajV8CY2fkcz6WGNKMgLAt7tJAhD4YHMTeRxlALE6+43WqjSWi8ITxyJl8WrwWSNESQZZOqhDDntO3hJLsd5RtSpbJqdv3YrDJH3F7jL1R2O2aQkn2MyCyKYz0GPGIvSAMgBCrCEiJyKbBaYGwLW4uPRr0A0M4Ux5kUI7IBh+hMdiCEWNqhMZGyYMsOgNE58UQuEQeUnSWCMYwL54hkxK6IoqucQZbQ3pc3XtL0lky1dL0zZJJDpWJovFqpWj6JEHnyam2eQp5QRVAVHjWparTOaVwUOx99YS2MvgxIGV0bb+qIg2HX2qkFFJB+XZcbLiuRkuxD9GRroKyveLxdh4d7Orx+hb7qc3uVRuEogCOnyIxm4ubUoPgF4jianDrC+SDQDKEfJb0GUKmjCGPYHGJvVC6X4hw1\/sAfQAdfYyephIaspXe36RwOP+Ljvfx9B6B3i+Nk0DGq+oCbLn6JpBa9nWAveAIHwFAwtVcIJXPMPL8kRu5OAYPMaL1WScTxjiZDqB9LTJSWphow\/pTYKRTLjCBhvi9iBidvKcDasGSm0QQkycYuLBqj6QCELPctqChDWpTRMWkngNNpQ1Pfp1KkiT\/Y0DGffXAweUNfLAfaJFKDwhb6I+bkYRbkERoEeu3Fyjg2opMz2daZCS9jt6Q7txNfB+OZEVF6Zl5web2xunnLQrtrjXseXKaFYziYINeMFZVxS9VxRhOoesYwxPKXm+gWLG9cuFeq93UNNeJNsf1KlwuDok9n02n3TgIJpOxNfL9naIoQwXtfH9kjceTIIi709ncTg6LZbg+biLH1V6u\/7rxBem06VXKn9raAAAAAElFTkSuQmCC\")      no-repeat center center \/ contain;  }  @media screen and (max-width: 960px) and (orientation: portrait) {    .logo {      width: 100%;    }    .logo .pc-banner {      display: none;    }    .logo .m-banner {      display: block;      width: 100%;    }    .logo .m-banner img {      height: auto!important;    }    .ytvideo {      height: 200px;      width: 100%;    }  }<\/style><style>  .video-section {    width: 100%;    margin: 0 auto;  }  .video-section > img {    width: 100%;  }  .video-section iframe,  .video-section video {    width: 100%;    height: 100%;      }  .video-section-img-m,  .video-section-img-pc > img {    width: 100%;    height: auto;  }  .video-section-img-pc.small > img {    width: 970px;  }  .video-desc {    line-height: 1.5;    font-size: 20px;    font-weight: 400;    margin: 20px 0;    text-align: center;    color: #0f1111;    word-break: break-word;  }  @media screen and (max-width: 960px) and (orientation: portrait) {    .video-section {      width: 100%;    }    .video-section-pc,    .video-section-img-pc {      display: none;    }    .video-section-m,    .video-section-img-m {      display: block;    }    .video-desc {      font-size: 15px;    }  }  @media screen and (min-width: 960px) {    .video-section {      width: 100%;      margin: 0 auto;    }    .video-section-pc,    .video-section-img-pc {      display: block;    }    .video-section-m,    .video-section-img-m {      display: none;    }    .video-desc {      font-size: 20px;    }  }<\/style><style>  .section + .section {    margin-top: 35px;  }  .section-title {    text-align: center;    font-weight: bold;    color: #0d1111;    font-family: \"Arial\";    font-size: 32px;    margin: 15px 0;  }  .section-title:empty {    display: none;  }  .section-desc {    text-align: center;    font-weight: normal;    color: #0d1111;    margin-top: 20px;  }  .section-desc:empty {    display: none;  }  .section-img {    width: 1200px;    height: 492px;    margin: 0 auto;    display: block;  }  .section-img.small {    width: 970px;    height: auto;  }  .section-img.small > img {    height: auto;  }  .section-img > img {    width: 100%;    height: 100%;  }  .section-mobile-img {    display: none;    max-width: 100vw;    max-height: 75vw;    height: 450px;    margin: 0 auto;  }  .section-mobile-img > img {    width: 100%;    height: 100%;  }  @media screen and (max-width: 960px) and (orientation: portrait) {    .container {      width: 100%;    }    .container.small {      width: 100%;    }    .section-mobile-img {      display: block;    }    .section-img {      display: none;    }    .section-title {      font-size: 22px;      margin: 10px 0;    }    .section-desc {      margin-top: 10px;    }    .section + .section {      margin-top: 20px;    }  }<\/style><\/head><body><div class=\"container\"><div class=\"logo\"><div class=\"pc-banner\"><div><img decoding=\"async\" src=\"\/vevor\/vevor\/boutique-banner\/pc\/en-pc@1x.jpg\" style=\"width: 100%;\" \/><\/div><\/div><div class=\"m-banner\"><div><img decoding=\"async\" src=\"\/vevor\/vevor\/boutique-banner\/mobile\/en-m@1x.jpg\" style=\"width: 100%;\" \/><\/div><\/div><\/div><div class=\"section-title\">Gravit\u0101cijas autom\u0101tiskais m\u0101jputnu barot\u0101js: viegl\u0101ka vistas baro\u0161ana<\/div><div class=\"video-section\"><div class=\"video-section-img-pc\"><img decoding=\"async\" src=\"\/vevor\/product\/ZDJQWSQ45LBSTK5XP001\/chicken-feeder-a100-1.4.jpg\" \/><\/div><div class=\"video-section-img-m\"><img decoding=\"async\" src=\"\/vevor\/product\/ZDJQWSQ45LBSTK5XP001\/chicken-feeder-a100-1.4-m.jpg\" \/><\/div><div class=\"section-desc\">40 m\u0101rci\u0146as ietilp\u012bgajam PP autom\u0101tiskajam vistas padev\u0113jam ir 3 baro\u0161anas porti, lai uz\u0146emtu vair\u0101kus m\u0101jputnus. Ar gravit\u0101cijas baro\u0161anu darbin\u0101m\u0101 autom\u0101tisk\u0101 uzpildes sist\u0113ma uztur bar\u012bbu svaigu un samazina atkritumu daudzumu.<\/div><\/div><div class=\"section\"><div class=\"section-title\"><\/div><div class=\"section-img\"><img decoding=\"async\" src=\"\/vevor\/product\/ZDJQWSQ45LBSTK5XP001\/chicken-feeder-a100-2.2.jpg\" \/><\/div><div class=\"section-mobile-img\"><img decoding=\"async\" src=\"\/vevor\/product\/ZDJQWSQ45LBSTK5XP001\/chicken-feeder-a100-2.2-m.jpg\" \/><\/div><div class=\"section-desc\">Ar gravit\u0101cijas padeves konstrukciju autom\u0101tiskajam m\u0101jputnu padev\u0113jam ir 2,76 baro\u0161anas porti, kas pal\u012bdz m\u0101jputniem viegli baroties, vienlaikus izvairoties no iz\u0161\u013cakst\u012b\u0161an\u0101s, saglab\u0101jot bar\u012bbu sausu, svaigu un bez atkritumiem.<\/div><\/div><div class=\"section\"><div class=\"section-title\"><\/div><div class=\"section-img\"><img decoding=\"async\" src=\"\/vevor\/product\/ZDJQWSQ45LBSTK5XP001\/chicken-feeder-a100-2.3.jpg\" \/><\/div><div class=\"section-mobile-img\"><img decoding=\"async\" src=\"\/vevor\/product\/ZDJQWSQ45LBSTK5XP001\/chicken-feeder-a100-2.3-m.jpg\" \/><\/div><div class=\"section-desc\">M\u016bsu vistas barotava ir apr\u012bkota ar baro\u0161anas portiem ar mitrumiztur\u012bgiem v\u0101kiem, lai blo\u0137\u0113tu v\u0101veres, putnus, grauz\u0113jus un citus dz\u012bvniekus no bar\u012bbas z\u0101dz\u012bbas. Tas pal\u012bdz samazin\u0101t bar\u012bbas zudumu \u0101rpus telp\u0101m, nodro\u0161inot, ka j\u016bsu bar\u012bba paliek dro\u0161a.<\/div><\/div><div class=\"section\"><div class=\"section-title\"><\/div><div class=\"section-img\"><img decoding=\"async\" src=\"\/vevor\/product\/ZDJQWSQ45LBSTK5XP001\/chicken-feeder-a100-2.4.jpg\" \/><\/div><div class=\"section-mobile-img\"><img decoding=\"async\" src=\"\/vevor\/product\/ZDJQWSQ45LBSTK5XP001\/chicken-feeder-a100-2.4-m.jpg\" \/><\/div><div class=\"section-desc\">\u0160\u012b auto vistas padeve ir izgatavota no \u016bdensnecaurlaid\u012bga PP ar smailu aug\u0161da\u013cu, lai iztur\u0113tu \u016bdens uzkr\u0101\u0161anos, ne\u013caujot dz\u012bvniekiem k\u0101pt vai s\u0113sties t\u012brai k\u016btij.<\/div><\/div><div class=\"section\"><div class=\"section-title\"><\/div><div class=\"section-img\"><img decoding=\"async\" src=\"\/vevor\/product\/ZDJQWSQ45LBSTK5XP001\/chicken-feeder-a100-2.5.jpg\" \/><\/div><div class=\"section-mobile-img\"><img decoding=\"async\" src=\"\/vevor\/product\/ZDJQWSQ45LBSTK5XP001\/chicken-feeder-a100-2.5-m.jpg\" \/><\/div><div class=\"section-desc\">\u0160\u012b \u016bdensnecaurlaid\u012bg\u0101 vistas barotava ir apr\u012bkota ar rokturiem ab\u0101s pus\u0113s un aug\u0161pus\u0113, kas \u013cauj viegli p\u0101rvietot. Tas vienk\u0101r\u0161o ikdienas baro\u0161anu, samazina apgr\u016btin\u0101jumus, p\u0101rvad\u0101jot smagus bar\u012bbas konteinerus, un padara m\u0101jputnu kop\u0161anu \u0113rt\u0101ku un efekt\u012bv\u0101ku.<\/div><\/div><div class=\"section\"><div class=\"section-img\"><img decoding=\"async\" src=\"\/vevor\/product\/ZDJQWSQ45LBSTK5XP001\/chicken-feeder-a100-1.11.jpg\" \/><\/div><div class=\"section-mobile-img\"><img decoding=\"async\" src=\"\/vevor\/product\/ZDJQWSQ45LBSTK5XP001\/chicken-feeder-a100-1.11-m.jpg\" \/><\/div><\/div><\/div><\/body><\/html><\/div>\n<div class=\"DM_at-title\" id=\"js-DM_at-title\"> <div>Produkta specifik\u0101cija<\/div> <i class=\"icon-arrowup_line\"><\/i> <\/div><div class=\"DM_at-goodsDescAttr\" id=\"js-DM_at-goodsDescAttr\"> <div class=\"DM_at-goodsDescAttrInner\"> <dl class=\"goodsDesc_item goodsDesc_item_even\"> <dt>Preces Mode\u013ca Numurs<\/dt> <dd> 5GAL F<\/dd> <\/dl> <dl class=\"goodsDesc_item\"> <dt>Padev\u0113ja ietilp\u012bba<\/dt> <dd> 40 m\u0101rci\u0146as\/18,14 kg<\/dd> <\/dl> <dl class=\"goodsDesc_item goodsDesc_item_even\"> <dt>Baro\u0161anas porti<\/dt> <dd> 3<\/dd> <\/dl> <dl class=\"goodsDesc_item\"> <dt>Ievades piesl\u0113gvietas diametrs<\/dt> <dd> 2,76 collas\/70 mm<\/dd> <\/dl> <dl class=\"goodsDesc_item goodsDesc_item_even\"> <dt>Kr\u0101sa<\/dt> <dd> Balts + sarkans<\/dd> <\/dl> <dl class=\"goodsDesc_item\"> <dt>Materi\u0101ls<\/dt> <dd> PP<\/dd> <\/dl> <\/div> <\/div>","protected":false},"excerpt":{"rendered":"<ul>\n<li> Ide\u0101la autom\u0101tisk\u0101 baro\u0161ana: \u0161im 40 m\u0101rci\u0146as autom\u0101tiskajam vistas padev\u0113jam ir 3 porti. Izgatavots no iztur\u012bga PP, tas ir iztur\u012bgs un dro\u0161s, savuk\u0101rt gravit\u0101cijas padeves dizains uztur bar\u012bbu svaigu un t\u012bru, ietaupot laiku un p\u016bles pat \u012bsu promb\u016bt\u0146u laik\u0101 <\/li>\n<li> 40 m\u0101rci\u0146as liela ietilp\u012bba: \u0161aj\u0101 autom\u0101tiskaj\u0101 m\u0101jputnu barotav\u0101 ir 40 m\u0101rci\u0146as mazas, drupin\u0101tas vai sasmalcin\u0101tas bar\u012bbas, kas baro 10\u201312 pieaugu\u0161us c\u0101\u013cus 12\u201317 dienas. Tam ir tr\u012bs baro\u0161anas atveres, papla\u0161in\u0101ts dizains un bl\u012bvgredzeni, lai lietus neb\u016btu sausai bar\u012bbai <\/li>\n<li> Uztur bar\u012bbu dro\u0161u: katrai vistas barotavas baro\u0161anas ostai ir no\u0146emams mitrumiztur\u012bgs v\u0101ci\u0146\u0161, lai dz\u012bvnieki, piem\u0113ram, v\u0101veres un putni, nezagtu bar\u012bbu. Tas samazina bar\u012bbas zudumus, ja tos novieto \u0101r\u0101, nodro\u0161inot m\u0101jputnu bar\u012bbas dro\u0161\u012bbu <\/li>\n<li> Cleaner Coop, Maz\u0101k atkritumu: nav izliju\u0161as bar\u012bbas! \u0160is auto vistas padev\u0113js uztur j\u016bsu coop k\u0101rt\u012bgu, samazina bar\u012bbas atkritumus, un ietaupa bar\u012bbas izmaksas Smail\u0101, \u016bdensnecaurlaid\u012bg\u0101 virsma \u013cauj izvair\u012bties no lietus uzkr\u0101\u0161an\u0101s, uzturot padev\u0113ju sausu un t\u012bru <\/li>\n<li> Viegli lietojams un p\u0101rvietojams: apr\u012bkots ar \u0113rtu rokturi p\u0101rvieto\u0161anai bez piep\u016bles, m\u016bsu \u016bdensnecaurlaid\u012bgo vistas barotavu var novietot uz zemes vai pak\u0101rt pie sien\u0101m vai \u017eogiem. Ide\u0101li piem\u0113rots iek\u0161telpu k\u016bt\u012bm, maz\u0101m ferm\u0101m un vistu m\u0101j\u0101m, nodro\u0161inot elast\u012bgu un vienk\u0101r\u0161u lieto\u0161anu <\/li>\n<\/ul>","protected":false},"featured_media":447593,"comment_status":"open","ping_status":"open","template":"","meta":{"om_disable_all_campaigns":false,"_monsterinsights_skip_tracking":false,"_monsterinsights_sitenote_active":false,"_monsterinsights_sitenote_note":"","_monsterinsights_sitenote_category":0,"_uf_show_specific_survey":0,"_uf_disable_surveys":false},"location":[1935,1934],"product_brand":[],"product_cat":[171,757,415],"product_tag":[],"class_list":{"0":"post-230232","1":"product","2":"type-product","3":"status-publish","4":"has-post-thumbnail","6":"location-supplier_stock_location","7":"location-local_stock_location","8":"product_cat-agriculture-forestry-equipment","9":"product_cat-automatic-poultry-feeder","10":"product_cat-livestock-poultry-supplies","12":"first","13":"instock","14":"taxable","15":"shipping-taxable","16":"purchasable","17":"product-type-simple"},"aioseo_notices":[],"jetpack_sharing_enabled":true,"locations":[{"id":1935,"name":"Pieg\u0101d\u0101t\u0101ja noliktav\u0101 (5-7d.d.)","slug":"supplier_stock_location","quantity":"9"},{"id":1934,"name":"R\u012bgas veikal\u0101 (0-2d.d.)","slug":"local_stock_location","quantity":"0"}],"_links":{"self":[{"href":"https:\/\/vevorshop.lv\/lv\/wp-json\/wp\/v2\/product\/230232","targetHints":{"allow":["GET"]}}],"collection":[{"href":"https:\/\/vevorshop.lv\/lv\/wp-json\/wp\/v2\/product"}],"about":[{"href":"https:\/\/vevorshop.lv\/lv\/wp-json\/wp\/v2\/types\/product"}],"replies":[{"embeddable":true,"href":"https:\/\/vevorshop.lv\/lv\/wp-json\/wp\/v2\/comments?post=230232"}],"wp:featuredmedia":[{"embeddable":true,"href":"https:\/\/vevorshop.lv\/lv\/wp-json\/wp\/v2\/media\/447593"}],"wp:attachment":[{"href":"https:\/\/vevorshop.lv\/lv\/wp-json\/wp\/v2\/media?parent=230232"}],"wp:term":[{"taxonomy":"location","embeddable":true,"href":"https:\/\/vevorshop.lv\/lv\/wp-json\/wp\/v2\/location?post=230232"},{"taxonomy":"product_brand","embeddable":true,"href":"https:\/\/vevorshop.lv\/lv\/wp-json\/wp\/v2\/product_brand?post=230232"},{"taxonomy":"product_cat","embeddable":true,"href":"https:\/\/vevorshop.lv\/lv\/wp-json\/wp\/v2\/product_cat?post=230232"},{"taxonomy":"product_tag","embeddable":true,"href":"https:\/\/vevorshop.lv\/lv\/wp-json\/wp\/v2\/product_tag?post=230232"}],"curies":[{"name":"wp","href":"https:\/\/api.w.org\/{rel}","templated":true}]}}