{"id":230504,"date":"2026-01-27T00:56:11","date_gmt":"2026-01-26T22:56:11","guid":{"rendered":"https:\/\/vevorshop.lv\/en_us\/Prece\/vevor-flux-core-mig-welding-wire-e71t-gs-0-9mm-0-9kg-x-3-rolls-gasless-mild-steel-low-spatter-all-position-outdoor-welding\/"},"modified":"2026-04-29T11:43:25","modified_gmt":"2026-04-29T08:43:25","slug":"vevor-flux-core-mig-welding-wire-e71t-gs-0-9mm-0-9kg-x-3-rolls-gasless-mild-steel-low-spatter-all-position-outdoor-welding","status":"publish","type":"product","link":"https:\/\/vevorshop.lv\/lv\/Prece\/vevor-plusmas-kodols-mig-metinasanas-stieple-e71t-gs-0-9mm-0-9kg-x-3-rulli-bez-gazes-viegla-terauda-zema-slakatu-visu-poziciju-ara-metinasanas\/","title":{"rendered":"VEVOR Bezg\u0101zes MIG Metin\u0101\u0161anas Stieple E71T-GS, 0.9mm, 0.9kg x 3 Ru\u013c\u013ci, Zems \u0160\u013cakatu L\u012bmenis, Vis\u0101m Poz\u012bcij\u0101m, \u0100ra Darbiem"},"content":{"rendered":"<div style=\"color: #fff!important; font-size: 16px; height: 24px; line-height: 24px; margin-top: -24px; \" class=\"product_original_name\">VEVOR Flux Core MIG metin\u0101\u0161anas stieple, E71T-GS 0.9mm 0.9kg, Bezg\u0101zes viegl\u0101 t\u0113rauda metin\u0101\u0161anas stieple ar zemu \u0161\u013cakatu vis\u0101m poz\u012bcij\u0101m loka metin\u0101\u0161anai, pa\u0161ekr\u0101na lieto\u0161anai \u0101rpus telp\u0101m (3 ru\u013c\u013cu iepakojums)<\/div>\n<div style=\"color: #fff!important; font-size: 16px; height: 24px; line-height: 24px; margin-top: -24px; \" class=\"product_sku\">MKUR6K7Y<\/div>\n<div style=\"color: #fff!important; font-size: 16px; height: 24px; line-height: 24px; margin-top: -24px; \" class=\"product_mpn\">MIGHSYXHSE71PDACO001V0<\/div><div id=\"js-DM_at-goodDescRich\"><html><head><style>  body {    font-family: Arial;    line-height: 1.5;    color: #1c1c1c;    overflow-x: hidden;    margin: 0;    padding: 0;  }  .MsoNormal b {    font-weight: bolder;  }<\/style><style>  .container.small {    width: 970px;    margin: 0 auto;  }  .logo {    margin: 0 auto 0;  }  .logo img {    display: block;    margin: 0 auto;    max-width: 100%;  }  .logo .pc-banner {    display: block;    width: 1200px;    height: 247.4px;    margin: 0 auto;  }  .logo .pc-banner.small {    width: 970px;  }  .logo .pc-banner.small img {    height: auto!important;  }  .logo .m-banner {    display: none;  }  .ytvideo {    position: relative;    height: 546px;    width: 100%;    margin: 0 auto;  }  .ytvideo img {    width: 100%;    margin: 0 auto;  }  .ytvideo .play-btn {    width: 60px;    height: 42px;    position: absolute;    top: 50%;    left: 50%;    transform: translate(-50%, -50%);    background: url(\"data:image\/png;base64,iVBORw0KGgoAAAANSUhEUgAAAGQAAABGCAMAAAANWMFbAAAC+lBMVEUAAADBGB3kLCfBGB3kLCfcJC7BFx3KKSbiKybkLCbWJCPSIiLSIiLPICHAFx3kLCfgKSXNHiDZJiTIGx\/p4eHcjo7LHSDbJyTkLCbjKyfOHyHPIiL28fHJHB\/GGh7EGR7eKCXDGB3RISHlLSbBGB3AFxzGHB7DGB7BGB3hKybkKybAFx3lLCfAFxzDGR3hKibDGB7cJyTmz8\/elJTlwcHjurrUIyLlLSflLSfAFx3DGR7lLSfCFx3hKibhKibhKybjKybkLCblLSfbJSX49vbx7e3NNzjNMTLMJyjVIyLZf3\/ZQ0LaeHjx0tLgoqLkLCfCGB3HGx\/BGB3BFx3PICHCGB7WJCLOHyC\/Fxy\/Fx3lLCfQISHkLSe\/FxzbJiTBFx3FGx\/AGB7BFx3EGR7AGB3HHSDfKiXAFh3TISHYNzbhKibbJyTTIiL57e325+f039\/v2NjUV1fOHiHiqanfmprch4feKSXVIyPOICHmLibFGh\/mLSe\/Fx7XJCPeKSXXJSPNHyHaJyTGGh7lLCbmLCflLSjSIiLkLCbdKSXLHiC\/GB3KHh++Fh3lKyfoLiXcKCPkx8fYb2\/XaGfVXl3aU1LLHiDksbHgKibPICHbJyTfKSXbJyTCGB3KHSDiKybFGh7TIiL\/\/\/\/VIyPRISHIHB\/GGx\/HHB\/DGR7gKibdKCXLHiDZJiTMHiDNHyHYJSTOICHPICHWJCPcKCXXJSPjLCblLCf+\/f3NGR\/uLijzLynPGR\/IGB7WISHaIyLLGh7UAADxLynNAADRLzDbICLQAADIAAD3MCrUHSHXMTDpKSbLAADp5OTij4\/ejo\/VLy\/1LyngJSTcJCPQHx\/OHB7+\/PzaMS\/OLS\/vLijrLSjSAADaNTPwLyjkKSbNJCbYISHPHB\/KGB7WAAD7+vrn3d3aKynTKCjoLCfsKifRGh\/YAADq5+fhjo7QNDXXKCfmJyXt5+fTLzDLLi\/QKivYHRvMGBrQJCXLISPMExXLDxLaEAvkkI\/bOTfaFQ\/SCgpvLcnHAAAAmnRSTlMA+vv7+gT9Bvf9+8z8\/NSv\/Pr5+P7++vnQIBMP\/v38\/Pn348XDiCYf9OjbzcqxXVcx\/fz8+\/rj1r2poo1+fXFqX0orGP7+\/v7+\/fz8+\/r68uzn4trIxsG\/vri3p6GcmZSNbWVYUUZEPQv+\/f39+\/v7+\/v7+vr64tvV1NTTz87FtbSurqeblJKFg4B3bUY+NjL7+\/v7+\/v67t1cDo8JLQAABkRJREFUWMO0kz9rwkAYh0OIeJkum6YugUAhISCdKoj\/P4C7SMdS+gEKIhSKil10LSg4mzXkILdlEpxCpwTiWOLX6BujvQaEQuGeHLnL+\/64J+SIcKGYTYWnntpdLjrVdqvZmNdn0+EE40GtpuuWVS6Xx6N7YDSGpWXpeq02wHgynM7q80az1a52HpddtVcpsi1zFARBrdaxbhp9iUReTGmwA4KAAr7vx3EYejnCMI6hQYEgy0LQi4jUN0wL19vqFcUC9\/1dAKmEEFkWRYkh5oBejnxQJiSJPJ\/uKBp0Thszx9Mw8hMRIQjKsptCfuES9zr5WJY6vSFCIvE9fCMUmEM1A1kSXcYGxgVYsvI1IPKTZciSTI0us\/SMGG04gDzELDoFBwdcFJrF88dqgYMTiL6DILWYyfOWE8\/kIz38olCNlC03FK95+imxp6y4oUSvAnBjHHhKNtotSDqJzVFiK8c2SBqhZtsrTtgrLXwAyduxZHNE26eHUt5rtuM4WSmds3G+sUdWYo1L+XyxButoh5eKUHk5lByO3G1LqqCWVnfrv\/lyPtf\/4ps1cndNGIri8J1TJ0lx6dR\/oPjq1nbRwdp2dCk4CtIOLW3pVKRL6WZfS5vF2KkIQhpwSsjiYIgNCs1gEMGqiIq24NQX9NwoXFy8Ufrl3twTcg4fv8T9\/JBEySduj6Mjm4bMzYV7EEOxKjjoNDud7yY3Dy71Hq2oLmqfbNR723edH9PgMrNL2utoQ3VmaIDkiw\/4w51P06hlZsTZvkRrbVuSIs\/zwSOsycgzStQouoAkWQqioRT5XI7n2Z1wfVhoZmcAJLsoqjqpjbWCgpOAJXBwHK8PzWbNvoUZJND5wCnSkLAkZ1legx6vqQzjoiTahKlGUGLAiIIoABOHaNVw4sexZBym6\/HWlH5h3IC7yRbxtipcWxdTOkORKiNQAEkFf66x5S2oeRbroOlLgg0sSYkR0hRGEqJZ0jTPiQKatESdBckpWigxaapEH0lImHdWu9pUFF2XqMNM2Z4kped7IwEJw2qabwtrQqnpw6HyKkgcadKWsmpywwesDyIhYRpdzXddqegtGIJlXbAIUMOLkGxJUjRIkokwjUaX9d\/kK62ps\/tYUqZLIMkLTyBhsMZ3C5Z\/kDxOSCb\/DOs\/\/J0qcWSX\/2ipe56EgTCA4\/cB7NAYOsni4mZM1MUPAISoEwkDi4lhVBQ1cWQyIcwalw4EpqZN68JUSK7XC0kTlkLYii5uXSC8jT5ncCAS7mjCv0uHp\/3lueHEEAeQ\/\/VgmdN71\/2uCSA1Xr6DO6uI6sW56zqT2tp2PhgiRUAajV8CY2fkcz6WGNKMgLAt7tJAhD4YHMTeRxlALE6+43WqjSWi8ITxyJl8WrwWSNESQZZOqhDDntO3hJLsd5RtSpbJqdv3YrDJH3F7jL1R2O2aQkn2MyCyKYz0GPGIvSAMgBCrCEiJyKbBaYGwLW4uPRr0A0M4Ux5kUI7IBh+hMdiCEWNqhMZGyYMsOgNE58UQuEQeUnSWCMYwL54hkxK6IoqucQZbQ3pc3XtL0lky1dL0zZJJDpWJovFqpWj6JEHnyam2eQp5QRVAVHjWparTOaVwUOx99YS2MvgxIGV0bb+qIg2HX2qkFFJB+XZcbLiuRkuxD9GRroKyveLxdh4d7Orx+hb7qc3uVRuEogCOnyIxm4ubUoPgF4jianDrC+SDQDKEfJb0GUKmjCGPYHGJvVC6X4hw1\/sAfQAdfYyephIaspXe36RwOP+Ljvfx9B6B3i+Nk0DGq+oCbLn6JpBa9nWAveAIHwFAwtVcIJXPMPL8kRu5OAYPMaL1WScTxjiZDqB9LTJSWphow\/pTYKRTLjCBhvi9iBidvKcDasGSm0QQkycYuLBqj6QCELPctqChDWpTRMWkngNNpQ1Pfp1KkiT\/Y0DGffXAweUNfLAfaJFKDwhb6I+bkYRbkERoEeu3Fyjg2opMz2daZCS9jt6Q7txNfB+OZEVF6Zl5web2xunnLQrtrjXseXKaFYziYINeMFZVxS9VxRhOoesYwxPKXm+gWLG9cuFeq93UNNeJNsf1KlwuDok9n02n3TgIJpOxNfL9naIoQwXtfH9kjceTIIi709ncTg6LZbg+biLH1V6u\/7rxBem06VXKn9raAAAAAElFTkSuQmCC\")      no-repeat center center \/ contain;  }  @media screen and (max-width: 960px) and (orientation: portrait) {    .logo {      width: 100%;    }    .logo .pc-banner {      display: none;    }    .logo .m-banner {      display: block;      width: 100%;    }    .logo .m-banner img {      height: auto!important;    }    .ytvideo {      height: 200px;      width: 100%;    }  }<\/style><style>  .video-section {    width: 100%;    margin: 0 auto;  }  .video-section > img {    width: 100%;  }  .video-section iframe,  .video-section video {    width: 100%;    height: 100%;      }  .video-section-img-m,  .video-section-img-pc > img {    width: 100%;    height: auto;  }  .video-section-img-pc.small > img {    width: 970px;  }  .video-desc {    line-height: 1.5;    font-size: 20px;    font-weight: 400;    margin: 20px 0;    text-align: center;    color: #0f1111;    word-break: break-word;  }  @media screen and (max-width: 960px) and (orientation: portrait) {    .video-section {      width: 100%;    }    .video-section-pc,    .video-section-img-pc {      display: none;    }    .video-section-m,    .video-section-img-m {      display: block;    }    .video-desc {      font-size: 15px;    }  }  @media screen and (min-width: 960px) {    .video-section {      width: 100%;      margin: 0 auto;    }    .video-section-pc,    .video-section-img-pc {      display: block;    }    .video-section-m,    .video-section-img-m {      display: none;    }    .video-desc {      font-size: 20px;    }  }<\/style><style>  .section + .section {    margin-top: 35px;  }  .section-title {    text-align: center;    font-weight: bold;    color: #0d1111;    font-family: \"Arial\";    font-size: 32px;    margin: 15px 0;  }  .section-title:empty {    display: none;  }  .section-desc {    text-align: center;    font-weight: normal;    color: #0d1111;    margin-top: 20px;  }  .section-desc:empty {    display: none;  }  .section-img {    width: 1200px;    height: 492px;    margin: 0 auto;    display: block;  }  .section-img.small {    width: 970px;    height: auto;  }  .section-img.small > img {    height: auto;  }  .section-img > img {    width: 100%;    height: 100%;  }  .section-mobile-img {    display: none;    max-width: 100vw;    max-height: 75vw;    height: 450px;    margin: 0 auto;  }  .section-mobile-img > img {    width: 100%;    height: 100%;  }  @media screen and (max-width: 960px) and (orientation: portrait) {    .container {      width: 100%;    }    .container.small {      width: 100%;    }    .section-mobile-img {      display: block;    }    .section-img {      display: none;    }    .section-title {      font-size: 22px;      margin: 10px 0;    }    .section-desc {      margin-top: 10px;    }    .section + .section {      margin-top: 20px;    }  }<\/style><\/head><body><div class=\"container\"><div class=\"logo\"><div class=\"pc-banner\"><div><img decoding=\"async\" src=\"\/vevor\/vevor\/boutique-banner\/pc\/en-pc@1x.jpg\" style=\"width: 100%;\" \/><\/div><\/div><div class=\"m-banner\"><div><img decoding=\"async\" src=\"\/vevor\/vevor\/boutique-banner\/mobile\/en-m@1x.jpg\" style=\"width: 100%;\" \/><\/div><\/div><\/div><div class=\"section-title\">Prec\u012bza metin\u0101\u0161ana s\u0101kas ar uzticamu pl\u016bsmas serdes vadu<\/div><div class=\"video-section\"><div class=\"video-section-img-pc\"><img decoding=\"async\" src=\"\/vevor\/product\/MIGHSYXHSE71PDACO001\/mig-welding-wire-a100-1.4.jpg\" \/><\/div><div class=\"video-section-img-m\"><img decoding=\"async\" src=\"\/vevor\/product\/MIGHSYXHSE71PDACO001\/mig-welding-wire-a100-1.4-m.jpg\" \/><\/div><div class=\"section-desc\">VEVOR 0.035 \"2 m\u0101rci\u0146as E71T-GS pl\u016bsmas kodols MIG metin\u0101\u0161anas stieple nodro\u0161ina sp\u0113c\u012bgu, konsekventu metin\u0101jumu ar gludu stieples padevi, zemu \u0161\u013cakatu un pa\u0161ekran\u0113tu darb\u012bbu. Atbalsta visu poz\u012bciju bezg\u0101zes metin\u0101\u0161anu un augstu stiepes iztur\u012bbu, lai nodro\u0161in\u0101tu uzticamu veiktsp\u0113ju automobi\u013cu, ma\u0161\u012bnu un DIY metin\u0101\u0161anas projektos.<\/div><\/div><div class=\"section\"><div class=\"section-title\"><\/div><div class=\"section-img\"><img decoding=\"async\" src=\"\/vevor\/product\/MIGHSYXHSE71PDACO001\/mig-welding-wire-a100-2.2.jpg\" \/><\/div><div class=\"section-mobile-img\"><img decoding=\"async\" src=\"\/vevor\/product\/MIGHSYXHSE71PDACO001\/mig-welding-wire-a100-2.2-m.jpg\" \/><\/div><div class=\"section-desc\">Pan\u0101kt vienm\u0113r\u012bg\u0101kas, t\u012br\u0101kas un prec\u012bz\u0101kas metin\u0101t\u0101s \u0161uves ar zemu \u0161\u013cakatu, stabilu loka veiktsp\u0113ju un augstu stiep\u013cu padev\u012bbu, nodro\u0161inot konsekventus rezult\u0101tus katram projektam.<\/div><\/div><div class=\"section\"><div class=\"section-title\"><\/div><div class=\"section-img\"><img decoding=\"async\" src=\"\/vevor\/product\/MIGHSYXHSE71PDACO001\/mig-welding-wire-a100-2.3.jpg\" \/><\/div><div class=\"section-mobile-img\"><img decoding=\"async\" src=\"\/vevor\/product\/MIGHSYXHSE71PDACO001\/mig-welding-wire-a100-2.3-m.jpg\" \/><\/div><div class=\"section-desc\">Izstr\u0101d\u0101ts, lai nodro\u0161in\u0101tu vienm\u0113r\u012bgu padevi un stabilu loka darb\u012bbu, nodro\u0161inot t\u012bras, konsekventas metin\u0101\u0161anas lod\u012btes un uzticamu iztur\u012bbu viegla oglek\u013ca t\u0113rauda lietojumiem.<\/div><\/div><div class=\"section\"><div class=\"section-title\"><\/div><div class=\"section-img\"><img decoding=\"async\" src=\"\/vevor\/product\/MIGHSYXHSE71PDACO001\/mig-welding-wire-a100-2.4.jpg\" \/><\/div><div class=\"section-mobile-img\"><img decoding=\"async\" src=\"\/vevor\/product\/MIGHSYXHSE71PDACO001\/mig-welding-wire-a100-2.4-m.jpg\" \/><\/div><div class=\"section-desc\">M\u016bsu zemas \u0161\u013cakatas MIG metin\u0101\u0161anas stieple ir piem\u0113rota plakanai, vertik\u0101lai, aug\u0161up\u0113jai un st\u016bra metin\u0101\u0161anai, nodro\u0161inot konsekventu un nevainojamu metin\u0101\u0161anas kvalit\u0101ti neatkar\u012bgi no atra\u0161an\u0101s vietas.<\/div><\/div><div class=\"section\"><div class=\"section-title\"><\/div><div class=\"section-img\"><img decoding=\"async\" src=\"\/vevor\/product\/MIGHSYXHSE71PDACO001\/mig-welding-wire-a100-2.5.jpg\" \/><\/div><div class=\"section-mobile-img\"><img decoding=\"async\" src=\"\/vevor\/product\/MIGHSYXHSE71PDACO001\/mig-welding-wire-a100-2.5-m.jpg\" \/><\/div><div class=\"section-desc\">Nav nepiecie\u0161ama aizsargg\u0101ze, jums neb\u016bs j\u0101uztraucas par v\u0113ja trauc\u0113jumiem metin\u0101taj\u0101s \u0161uv\u0113s \u0101ra darbu laik\u0101 - ide\u0101li b\u016bvlaukumiem, met\u0101la ra\u017eo\u0161anai, apkopes darbiem un DIY metin\u0101\u0161anas projektiem.<\/div><\/div><div class=\"section\"><div class=\"section-img\"><img decoding=\"async\" src=\"\/vevor\/product\/MIGHSYXHSE71PDACO001\/mig-welding-wire-a100-1.11.jpg\" \/><\/div><div class=\"section-mobile-img\"><img decoding=\"async\" src=\"\/vevor\/product\/MIGHSYXHSE71PDACO001\/mig-welding-wire-a100-1.11-m.jpg\" \/><\/div><\/div><\/div><\/body><\/html><\/div>\n<div class=\"DM_at-title\" id=\"js-DM_at-title\"> <div>Produkta specifik\u0101cija<\/div> <i class=\"icon-arrowup_line\"><\/i> <\/div><div class=\"DM_at-goodsDescAttr\" id=\"js-DM_at-goodsDescAttr\"> <div class=\"DM_at-goodsDescAttrInner\"> <dl class=\"goodsDesc_item goodsDesc_item_even\"> <dt>Preces Mode\u013ca Numurs<\/dt> <dd> E71T-GS<\/dd> <\/dl> <dl class=\"goodsDesc_item\"> <dt>Vada tips<\/dt> <dd> Metin\u0101\u0161anas stieple ar pl\u016bsmas serdi<\/dd> <\/dl> <dl class=\"goodsDesc_item goodsDesc_item_even\"> <dt>Vada diametrs<\/dt> <dd> 0,035 collas (0,9 mm)<\/dd> <\/dl> <dl class=\"goodsDesc_item\"> <dt>Svars<\/dt> <dd> 2 m\u0101rci\u0146as \/ 0,9 kg vien\u0101 rull\u012b<\/dd> <\/dl> <dl class=\"goodsDesc_item goodsDesc_item_even\"> <dt>Daudzums<\/dt> <dd> 3 ru\u013c\u013ci<\/dd> <\/dl> <dl class=\"goodsDesc_item\"> <dt>Stiepes iztur\u012bba<\/dt> <dd> \u2265490 MPa<\/dd> <\/dl> <dl class=\"goodsDesc_item goodsDesc_item_even\"> <dt>Nepiecie\u0161ama aizsargg\u0101ze<\/dt> <dd> N\u0113, pa\u0161vairo\u0161an\u0101s<\/dd> <\/dl> <dl class=\"goodsDesc_item\"> <dt>Produkta Izm\u0113ri<\/dt> <dd> 4,3 x 4,3 x 6,1 colla \/ 110 x 109 x 155 mm<\/dd> <\/dl> <\/div> <\/div>","protected":false},"excerpt":{"rendered":"<ul>\n<li> Augstas kvalit\u0101tes un uzticamas metin\u0101\u0161anas \u0161uves: VEVOR 0,035\u2033 2 m\u0101rci\u0146as E71T-GS pl\u016bsmas serdes MIG metin\u0101\u0161anas stieple nodro\u0161ina vienm\u0113r\u012bgu loka veiktsp\u0113ju ar zemu \u0161\u013cakatu glud\u0101m, t\u012br\u0101m metin\u0101\u0161anas lod\u012bt\u0113m. Piem\u0113rots pl\u0101nslie\u017eu oglek\u013ca t\u0113raudam un nodro\u0161ina konsekventus rezult\u0101tus da\u017e\u0101dos met\u0101la ra\u017eo\u0161anas uzdevumos <\/li>\n<li> Gluda stiep\u013cu padeve: m\u016bsu bezg\u0101zes MIG metin\u0101\u0161anas stieple nodro\u0161ina augstu stieples padevi vienm\u0113r\u012bgai, konsekventai padevei, samazinot stiep\u013cu p\u0101rr\u0101vumus, samezglojumus un d\u012bkst\u0101ves, lai nodro\u0161in\u0101tu efekt\u012bv\u0101ku darb\u012bbu, vienlaikus samazinot materi\u0101lu atkritumus <\/li>\n<li> Piln\u012bga metin\u0101\u0161ana: ide\u0101li piem\u0113rota plakanai, vertik\u0101lai, st\u016bra un aug\u0161up\u0113jai metin\u0101\u0161anai, m\u016bsu pl\u016bsmas serdes MIG stieple nodro\u0161ina augstas kvalit\u0101tes metin\u0101\u0161anas lod\u012btes jebkur\u0101 poz\u012bcij\u0101, kas ir ide\u0101li piem\u0113rotas automobi\u013cu remontam, ma\u0161\u012bnu ra\u017eo\u0161anai, iek\u0101rtu apkopei, ku\u0123u b\u016bvei un DIY projektiem <\/li>\n<li> Dro\u0161a metin\u0101\u0161ana bez g\u0101zes: izbaudiet metin\u0101\u0161anu bez probl\u0113m\u0101m bez smagajiem g\u0101zes baloniem M\u016bsu pa\u0161aizsarg\u0101t\u0101 pl\u016bsmas serdes metin\u0101\u0161anas stieple nov\u0113r\u0161 ba\u017eas par v\u0113ja izp\u016b\u0161anu aizsargg\u0101zi, nodro\u0161inot stabilu metin\u0101\u0161anas kvalit\u0101ti \u0101ra vid\u0113 <\/li>\n<li> Iztur\u012bga spole &amp; stieple: Iztur\u012bga spole nodro\u0161ina vieglu uzglab\u0101\u0161anu un p\u0101rnesam\u012bbu, samazinot stieples p\u0101rr\u0101vumu un iz\u0161\u0137\u0113rd\u0113\u0161anu.Metin\u0101\u0161anas stieple pied\u0101v\u0101 augstu stiepes iztur\u012bbu \u2265490 MPa, izturot plais\u0101\u0161anu zem liel\u0101m slodz\u0113m un ilgsto\u0161u izmanto\u0161anu uzticam\u0101m, sp\u0113c\u012bg\u0101m metin\u0101t\u0101m \u0161uv\u0113m <\/li>\n<\/ul>","protected":false},"featured_media":447797,"comment_status":"open","ping_status":"open","template":"","meta":{"om_disable_all_campaigns":false,"_uf_show_specific_survey":0,"_uf_disable_surveys":false},"location":[1935,1934],"product_brand":[],"product_cat":[752,130,751],"product_tag":[],"class_list":{"0":"post-230504","1":"product","2":"type-product","3":"status-publish","4":"has-post-thumbnail","6":"location-supplier_stock_location","7":"location-local_stock_location","8":"product_cat-mig-welding-wire","9":"product_cat-welding","10":"product_cat-welding-consumables","12":"first","13":"outofstock","14":"taxable","15":"shipping-taxable","16":"purchasable","17":"product-type-simple"},"aioseo_notices":[],"locations":[{"id":1935,"name":"Pieg\u0101d\u0101ja noliktav\u0101 (5-7dd.d)","slug":"supplier_stock_location","quantity":"0"},{"id":1934,"name":"R\u012bgas veikal\u0101 (0-2d.d.)","slug":"local_stock_location","quantity":"0"}],"_links":{"self":[{"href":"https:\/\/vevorshop.lv\/lv\/wp-json\/wp\/v2\/product\/230504","targetHints":{"allow":["GET"]}}],"collection":[{"href":"https:\/\/vevorshop.lv\/lv\/wp-json\/wp\/v2\/product"}],"about":[{"href":"https:\/\/vevorshop.lv\/lv\/wp-json\/wp\/v2\/types\/product"}],"replies":[{"embeddable":true,"href":"https:\/\/vevorshop.lv\/lv\/wp-json\/wp\/v2\/comments?post=230504"}],"wp:featuredmedia":[{"embeddable":true,"href":"https:\/\/vevorshop.lv\/lv\/wp-json\/wp\/v2\/media\/447797"}],"wp:attachment":[{"href":"https:\/\/vevorshop.lv\/lv\/wp-json\/wp\/v2\/media?parent=230504"}],"wp:term":[{"taxonomy":"location","embeddable":true,"href":"https:\/\/vevorshop.lv\/lv\/wp-json\/wp\/v2\/location?post=230504"},{"taxonomy":"product_brand","embeddable":true,"href":"https:\/\/vevorshop.lv\/lv\/wp-json\/wp\/v2\/product_brand?post=230504"},{"taxonomy":"product_cat","embeddable":true,"href":"https:\/\/vevorshop.lv\/lv\/wp-json\/wp\/v2\/product_cat?post=230504"},{"taxonomy":"product_tag","embeddable":true,"href":"https:\/\/vevorshop.lv\/lv\/wp-json\/wp\/v2\/product_tag?post=230504"}],"curies":[{"name":"wp","href":"https:\/\/api.w.org\/{rel}","templated":true}]}}