{"id":230686,"date":"2026-01-27T01:01:07","date_gmt":"2026-01-26T23:01:07","guid":{"rendered":"https:\/\/vevorshop.lv\/en_us\/Prece\/vevor-400w-foldable-monocrystalline-solar-panel-ip67-waterproof-24-efficiency-mc4-10-in-1-adapter-for-camping-power-stations\/"},"modified":"2026-04-23T07:28:53","modified_gmt":"2026-04-23T04:28:53","slug":"vevor-400w-foldable-monocrystalline-solar-panel-ip67-waterproof-24-efficiency-mc4-10-in-1-adapter-for-camping-power-stations","status":"publish","type":"product","link":"https:\/\/vevorshop.lv\/lv\/Prece\/vevor-400w-salokams-monokristalisks-saules-panelis-ip67-udensizturigs-24-efektivitates-mc4-10-in-1-adapteris-kempinga-spekstacijam\/","title":{"rendered":"VEVOR 400W salok\u0101ms monokrist\u0101lisks saules panelis, IP67 \u016bdensdro\u0161s, 24% efektivit\u0101te, MC4 un 10-in-1 adapteris kempingam un stacij\u0101m"},"content":{"rendered":"<div style=\"color: #fff!important; font-size: 16px; height: 24px; line-height: 24px; margin-top: -24px; \" class=\"product_original_name\">VEVOR 400W salok\u0101ms saules panelis ar r\u0101mi, 16BB N-tipa monokrist\u0101lisk\u0101 saules pane\u013ca l\u0101d\u0113t\u0101js 24% efektivit\u0101te, IP67 \u016bdensiztur\u012bgs ar MC4 izvadi un 10-in-1 l\u012bdzstr\u0101vas adapteri sp\u0113kstacij\u0101m Kempings P\u0101rg\u0101jieni<\/div>\n<div style=\"color: #fff!important; font-size: 16px; height: 24px; line-height: 24px; margin-top: -24px; \" class=\"product_sku\">MKUR8VBQ<\/div>\n<div style=\"color: #fff!important; font-size: 16px; height: 24px; line-height: 24px; margin-top: -24px; \" class=\"product_mpn\">ZDDKTYNB1400RRWEX001V2<\/div><div id=\"js-DM_at-goodDescRich\"><html><head><style>  body {    font-family: Arial;    line-height: 1.5;    color: #1c1c1c;    overflow-x: hidden;    margin: 0;    padding: 0;  }  .MsoNormal b {    font-weight: bolder;  }<\/style><style>  .container.small {    width: 970px;    margin: 0 auto;  }  .logo {    margin: 0 auto 0;  }  .logo img {    display: block;    margin: 0 auto;    max-width: 100%;  }  .logo .pc-banner {    display: block;    width: 1200px;    height: 247.4px;    margin: 0 auto;  }  .logo .pc-banner.small {    width: 970px;  }  .logo .pc-banner.small img {    height: auto!important;  }  .logo .m-banner {    display: none;  }  .ytvideo {    position: relative;    height: 546px;    width: 100%;    margin: 0 auto;  }  .ytvideo img {    width: 100%;    margin: 0 auto;  }  .ytvideo .play-btn {    width: 60px;    height: 42px;    position: absolute;    top: 50%;    left: 50%;    transform: translate(-50%, -50%);    background: url(\"data:image\/png;base64,iVBORw0KGgoAAAANSUhEUgAAAGQAAABGCAMAAAANWMFbAAAC+lBMVEUAAADBGB3kLCfBGB3kLCfcJC7BFx3KKSbiKybkLCbWJCPSIiLSIiLPICHAFx3kLCfgKSXNHiDZJiTIGx\/p4eHcjo7LHSDbJyTkLCbjKyfOHyHPIiL28fHJHB\/GGh7EGR7eKCXDGB3RISHlLSbBGB3AFxzGHB7DGB7BGB3hKybkKybAFx3lLCfAFxzDGR3hKibDGB7cJyTmz8\/elJTlwcHjurrUIyLlLSflLSfAFx3DGR7lLSfCFx3hKibhKibhKybjKybkLCblLSfbJSX49vbx7e3NNzjNMTLMJyjVIyLZf3\/ZQ0LaeHjx0tLgoqLkLCfCGB3HGx\/BGB3BFx3PICHCGB7WJCLOHyC\/Fxy\/Fx3lLCfQISHkLSe\/FxzbJiTBFx3FGx\/AGB7BFx3EGR7AGB3HHSDfKiXAFh3TISHYNzbhKibbJyTTIiL57e325+f039\/v2NjUV1fOHiHiqanfmprch4feKSXVIyPOICHmLibFGh\/mLSe\/Fx7XJCPeKSXXJSPNHyHaJyTGGh7lLCbmLCflLSjSIiLkLCbdKSXLHiC\/GB3KHh++Fh3lKyfoLiXcKCPkx8fYb2\/XaGfVXl3aU1LLHiDksbHgKibPICHbJyTfKSXbJyTCGB3KHSDiKybFGh7TIiL\/\/\/\/VIyPRISHIHB\/GGx\/HHB\/DGR7gKibdKCXLHiDZJiTMHiDNHyHYJSTOICHPICHWJCPcKCXXJSPjLCblLCf+\/f3NGR\/uLijzLynPGR\/IGB7WISHaIyLLGh7UAADxLynNAADRLzDbICLQAADIAAD3MCrUHSHXMTDpKSbLAADp5OTij4\/ejo\/VLy\/1LyngJSTcJCPQHx\/OHB7+\/PzaMS\/OLS\/vLijrLSjSAADaNTPwLyjkKSbNJCbYISHPHB\/KGB7WAAD7+vrn3d3aKynTKCjoLCfsKifRGh\/YAADq5+fhjo7QNDXXKCfmJyXt5+fTLzDLLi\/QKivYHRvMGBrQJCXLISPMExXLDxLaEAvkkI\/bOTfaFQ\/SCgpvLcnHAAAAmnRSTlMA+vv7+gT9Bvf9+8z8\/NSv\/Pr5+P7++vnQIBMP\/v38\/Pn348XDiCYf9OjbzcqxXVcx\/fz8+\/rj1r2poo1+fXFqX0orGP7+\/v7+\/fz8+\/r68uzn4trIxsG\/vri3p6GcmZSNbWVYUUZEPQv+\/f39+\/v7+\/v7+vr64tvV1NTTz87FtbSurqeblJKFg4B3bUY+NjL7+\/v7+\/v67t1cDo8JLQAABkRJREFUWMO0kz9rwkAYh0OIeJkum6YugUAhISCdKoj\/P4C7SMdS+gEKIhSKil10LSg4mzXkILdlEpxCpwTiWOLX6BujvQaEQuGeHLnL+\/64J+SIcKGYTYWnntpdLjrVdqvZmNdn0+EE40GtpuuWVS6Xx6N7YDSGpWXpeq02wHgynM7q80az1a52HpddtVcpsi1zFARBrdaxbhp9iUReTGmwA4KAAr7vx3EYejnCMI6hQYEgy0LQi4jUN0wL19vqFcUC9\/1dAKmEEFkWRYkh5oBejnxQJiSJPJ\/uKBp0Thszx9Mw8hMRIQjKsptCfuES9zr5WJY6vSFCIvE9fCMUmEM1A1kSXcYGxgVYsvI1IPKTZciSTI0us\/SMGG04gDzELDoFBwdcFJrF88dqgYMTiL6DILWYyfOWE8\/kIz38olCNlC03FK95+imxp6y4oUSvAnBjHHhKNtotSDqJzVFiK8c2SBqhZtsrTtgrLXwAyduxZHNE26eHUt5rtuM4WSmds3G+sUdWYo1L+XyxButoh5eKUHk5lByO3G1LqqCWVnfrv\/lyPtf\/4ps1cndNGIri8J1TJ0lx6dR\/oPjq1nbRwdp2dCk4CtIOLW3pVKRL6WZfS5vF2KkIQhpwSsjiYIgNCs1gEMGqiIq24NQX9NwoXFy8Ufrl3twTcg4fv8T9\/JBEySduj6Mjm4bMzYV7EEOxKjjoNDud7yY3Dy71Hq2oLmqfbNR723edH9PgMrNL2utoQ3VmaIDkiw\/4w51P06hlZsTZvkRrbVuSIs\/zwSOsycgzStQouoAkWQqioRT5XI7n2Z1wfVhoZmcAJLsoqjqpjbWCgpOAJXBwHK8PzWbNvoUZJND5wCnSkLAkZ1legx6vqQzjoiTahKlGUGLAiIIoABOHaNVw4sexZBym6\/HWlH5h3IC7yRbxtipcWxdTOkORKiNQAEkFf66x5S2oeRbroOlLgg0sSYkR0hRGEqJZ0jTPiQKatESdBckpWigxaapEH0lImHdWu9pUFF2XqMNM2Z4kped7IwEJw2qabwtrQqnpw6HyKkgcadKWsmpywwesDyIhYRpdzXddqegtGIJlXbAIUMOLkGxJUjRIkokwjUaX9d\/kK62ps\/tYUqZLIMkLTyBhsMZ3C5Z\/kDxOSCb\/DOs\/\/J0qcWSX\/2ipe56EgTCA4\/cB7NAYOsni4mZM1MUPAISoEwkDi4lhVBQ1cWQyIcwalw4EpqZN68JUSK7XC0kTlkLYii5uXSC8jT5ncCAS7mjCv0uHp\/3lueHEEAeQ\/\/VgmdN71\/2uCSA1Xr6DO6uI6sW56zqT2tp2PhgiRUAajV8CY2fkcz6WGNKMgLAt7tJAhD4YHMTeRxlALE6+43WqjSWi8ITxyJl8WrwWSNESQZZOqhDDntO3hJLsd5RtSpbJqdv3YrDJH3F7jL1R2O2aQkn2MyCyKYz0GPGIvSAMgBCrCEiJyKbBaYGwLW4uPRr0A0M4Ux5kUI7IBh+hMdiCEWNqhMZGyYMsOgNE58UQuEQeUnSWCMYwL54hkxK6IoqucQZbQ3pc3XtL0lky1dL0zZJJDpWJovFqpWj6JEHnyam2eQp5QRVAVHjWparTOaVwUOx99YS2MvgxIGV0bb+qIg2HX2qkFFJB+XZcbLiuRkuxD9GRroKyveLxdh4d7Orx+hb7qc3uVRuEogCOnyIxm4ubUoPgF4jianDrC+SDQDKEfJb0GUKmjCGPYHGJvVC6X4hw1\/sAfQAdfYyephIaspXe36RwOP+Ljvfx9B6B3i+Nk0DGq+oCbLn6JpBa9nWAveAIHwFAwtVcIJXPMPL8kRu5OAYPMaL1WScTxjiZDqB9LTJSWphow\/pTYKRTLjCBhvi9iBidvKcDasGSm0QQkycYuLBqj6QCELPctqChDWpTRMWkngNNpQ1Pfp1KkiT\/Y0DGffXAweUNfLAfaJFKDwhb6I+bkYRbkERoEeu3Fyjg2opMz2daZCS9jt6Q7txNfB+OZEVF6Zl5web2xunnLQrtrjXseXKaFYziYINeMFZVxS9VxRhOoesYwxPKXm+gWLG9cuFeq93UNNeJNsf1KlwuDok9n02n3TgIJpOxNfL9naIoQwXtfH9kjceTIIi709ncTg6LZbg+biLH1V6u\/7rxBem06VXKn9raAAAAAElFTkSuQmCC\")      no-repeat center center \/ contain;  }  @media screen and (max-width: 960px) and (orientation: portrait) {    .logo {      width: 100%;    }    .logo .pc-banner {      display: none;    }    .logo .m-banner {      display: block;      width: 100%;    }    .logo .m-banner img {      height: auto!important;    }    .ytvideo {      height: 200px;      width: 100%;    }  }<\/style><style>  .video-section {    width: 100%;    margin: 0 auto;  }  .video-section > img {    width: 100%;  }  .video-section iframe,  .video-section video {    width: 100%;    height: 100%;      }  .video-section-img-m,  .video-section-img-pc > img {    width: 100%;    height: auto;  }  .video-section-img-pc.small > img {    width: 970px;  }  .video-desc {    line-height: 1.5;    font-size: 20px;    font-weight: 400;    margin: 20px 0;    text-align: center;    color: #0f1111;    word-break: break-word;  }  @media screen and (max-width: 960px) and (orientation: portrait) {    .video-section {      width: 100%;    }    .video-section-pc,    .video-section-img-pc {      display: none;    }    .video-section-m,    .video-section-img-m {      display: block;    }    .video-desc {      font-size: 15px;    }  }  @media screen and (min-width: 960px) {    .video-section {      width: 100%;      margin: 0 auto;    }    .video-section-pc,    .video-section-img-pc {      display: block;    }    .video-section-m,    .video-section-img-m {      display: none;    }    .video-desc {      font-size: 20px;    }  }<\/style><style>  .section + .section {    margin-top: 35px;  }  .section-title {    text-align: center;    font-weight: bold;    color: #0d1111;    font-family: \"Arial\";    font-size: 32px;    margin: 15px 0;  }  .section-title:empty {    display: none;  }  .section-desc {    text-align: center;    font-weight: normal;    color: #0d1111;    margin-top: 20px;  }  .section-desc:empty {    display: none;  }  .section-img {    width: 1200px;    height: 492px;    margin: 0 auto;    display: block;  }  .section-img.small {    width: 970px;    height: auto;  }  .section-img.small > img {    height: auto;  }  .section-img > img {    width: 100%;    height: 100%;  }  .section-mobile-img {    display: none;    max-width: 100vw;    max-height: 75vw;    height: 450px;    margin: 0 auto;  }  .section-mobile-img > img {    width: 100%;    height: 100%;  }  @media screen and (max-width: 960px) and (orientation: portrait) {    .container {      width: 100%;    }    .container.small {      width: 100%;    }    .section-mobile-img {      display: block;    }    .section-img {      display: none;    }    .section-title {      font-size: 22px;      margin: 10px 0;    }    .section-desc {      margin-top: 10px;    }    .section + .section {      margin-top: 20px;    }  }<\/style><\/head><body><div class=\"container\"><div class=\"logo\"><div class=\"pc-banner\"><div><img decoding=\"async\" src=\"\/vevor\/vevor\/boutique-banner\/pc\/en-pc@1x.jpg\" style=\"width: 100%;\" \/><\/div><\/div><div class=\"m-banner\"><div><img decoding=\"async\" src=\"\/vevor\/vevor\/boutique-banner\/mobile\/en-m@1x.jpg\" style=\"width: 100%;\" \/><\/div><\/div><\/div><div class=\"section-title\">Salok\u0101ms un p\u0101rn\u0113s\u0101jams \u0101ra braucieniem<\/div><div class=\"video-section\"><div class=\"video-section-img-pc\"><img decoding=\"async\" src=\"\/vevor\/product\/ZDDKTYNB1400RRWEX001\/solar-panels-a100-1.4.jpg\" \/><\/div><div class=\"video-section-img-m\"><img decoding=\"async\" src=\"\/vevor\/product\/ZDDKTYNB1400RRWEX001\/solar-panels-a100-1.4-m.jpg\" \/><\/div><div class=\"section-desc\">Power j\u016bsu \u0101ra piedz\u012bvojumiem ar m\u016bsu 400W portat\u012bvo salok\u0101ms saules panelis B\u016bv\u0113ts ar augstas efektivit\u0101tes monokrist\u0101lisko \u0161\u016bnu un \u226524% konversijas efektivit\u0101ti, tas nodro\u0161ina uzticamu baro\u0161anas avotu \u0101trai ier\u012b\u010du uzl\u0101dei \u2014 b\u016btisks pavadonis \u0101ra kempings, RV braucieni un p\u0101rg\u0101jieni.<\/div><\/div><div class=\"section\"><div class=\"section-title\"><\/div><div class=\"section-img\"><img decoding=\"async\" src=\"\/vevor\/product\/ZDDKTYNB1400RRWEX001\/solar-panels-a100-2.2.jpg\" \/><\/div><div class=\"section-mobile-img\"><img decoding=\"async\" src=\"\/vevor\/product\/ZDDKTYNB1400RRWEX001\/solar-panels-a100-2.2-m.jpg\" \/><\/div><div class=\"section-desc\">Ar 16BB N-Type augstas efektivit\u0101tes monokrist\u0101lisko saules bateriju un \u226524% konversijas efektivit\u0101ti, \u0161is saules panelis uztver vair\u0101k saules gaismas un nodro\u0161ina vienm\u0113r\u012bgu, konsekventu ener\u0123ijas izvadi, lai j\u016bsu ier\u012bces b\u016btu darbin\u0101mas.<\/div><\/div><div class=\"section\"><div class=\"section-title\"><\/div><div class=\"section-img\"><img decoding=\"async\" src=\"\/vevor\/product\/ZDDKTYNB1400RRWEX001\/solar-panels-a100-2.3.jpg\" \/><\/div><div class=\"section-mobile-img\"><img decoding=\"async\" src=\"\/vevor\/product\/ZDDKTYNB1400RRWEX001\/solar-panels-a100-2.3-m.jpg\" \/><\/div><div class=\"section-desc\">M\u016bsu monokrist\u0101liskajam saules panelim ir stabila MC4 izeja, 3-in-1 MC4 savienot\u0101ja kabelis (MC4 l\u012bdz XT60 \/ Anderson \/ DC5521) un 10-in-1 l\u012bdzstr\u0101vas savienot\u0101ja adapteris, kas ir pla\u0161i sader\u012bgs ar liel\u0101ko da\u013cu sp\u0113kstaciju.<\/div><\/div><div class=\"section\"><div class=\"section-title\"><\/div><div class=\"section-img\"><img decoding=\"async\" src=\"\/vevor\/product\/ZDDKTYNB1400RRWEX001\/solar-panels-a100-2.4.jpg\" \/><\/div><div class=\"section-mobile-img\"><img decoding=\"async\" src=\"\/vevor\/product\/ZDDKTYNB1400RRWEX001\/solar-panels-a100-2.4-m.jpg\" \/><\/div><div class=\"section-desc\">\u0160is saules panelis ir veidots ar IP67 aizsardz\u012bbas nov\u0113rt\u0113jumu un iztur\u012bgu r\u0101mi, un tas dro\u0161i darbojas no \u221210 \u00b0C l\u012bdz 65 \u00b0C, nodro\u0161inot stabilu un ilgsto\u0161u veiktsp\u0113ju da\u017e\u0101d\u0101s \u0101ra vid\u0113s.<\/div><\/div><div class=\"section\"><div class=\"section-title\"><\/div><div class=\"section-img\"><img decoding=\"async\" src=\"\/vevor\/product\/ZDDKTYNB1400RRWEX001\/solar-panels-a100-2.5.jpg\" \/><\/div><div class=\"section-mobile-img\"><img decoding=\"async\" src=\"\/vevor\/product\/ZDDKTYNB1400RRWEX001\/solar-panels-a100-2.5-m.jpg\" \/><\/div><div class=\"section-desc\">Salok\u0101ms, iztur\u012bgs un uzticams, \u0161is p\u0101rn\u0113s\u0101jamais monokrist\u0101liskais saules panelis ir ide\u0101ls pavadonis lieto\u0161anai m\u0101j\u0101s un \u0101ra piedz\u012bvojumiem, efekt\u012bvi p\u0101rv\u0113r\u0161ot saules gaismu izmantojam\u0101 ener\u0123ij\u0101.<\/div><\/div><div class=\"section\"><div class=\"section-img\"><img decoding=\"async\" src=\"\/vevor\/product\/ZDDKTYNB1400RRWEX001\/solar-panels-a100-1.11.jpg\" \/><\/div><div class=\"section-mobile-img\"><img decoding=\"async\" src=\"\/vevor\/product\/ZDDKTYNB1400RRWEX001\/solar-panels-a100-1.11-m.jpg\" \/><\/div><\/div><\/div><\/body><\/html><\/div>\n<div class=\"DM_at-title\" id=\"js-DM_at-title\"> <div>Produkta specifik\u0101cija<\/div> <i class=\"icon-arrowup_line\"><\/i> <\/div><div class=\"DM_at-goodsDescAttr\" id=\"js-DM_at-goodsDescAttr\"> <div class=\"DM_at-goodsDescAttrInner\"> <dl class=\"goodsDesc_item goodsDesc_item_even\"> <dt>Preces Mode\u013ca Numurs<\/dt> <dd> S400<\/dd> <\/dl> <dl class=\"goodsDesc_item\"> <dt>Saules pane\u013cu jauda<\/dt> <dd> 400W * 1 GAB<\/dd> <\/dl> <dl class=\"goodsDesc_item goodsDesc_item_even\"> <dt>Aizsardz\u012bbas v\u0113rt\u0113jums<\/dt> <dd> IP67<\/dd> <\/dl> <dl class=\"goodsDesc_item\"> <dt>Konversijas efektivit\u0101te<\/dt> <dd> \u226524%<\/dd> <\/dl> <dl class=\"goodsDesc_item goodsDesc_item_even\"> <dt>Darb\u012bbas Temperat\u016bra<\/dt> <dd> 14 \u00b0F l\u012bdz 149 \u00b0F \/ \u221210 \u00b0C l\u012bdz 65 \u00b0C<\/dd> <\/dl> <dl class=\"goodsDesc_item\"> <dt>Neto Svars<\/dt> <dd> 22,8 m\u0101rci\u0146as \/ 10,35 kg  <\/dd> <\/dl> <dl class=\"goodsDesc_item goodsDesc_item_even\"> <dt>Izv\u0113rsts izm\u0113rs<\/dt> <dd> 90,3 x 22,8 x 0,75 collas \/ 2294 x 579 x 19 mm  <\/dd> <\/dl> <dl class=\"goodsDesc_item\"> <dt>Saloc\u012bts izm\u0113rs<\/dt> <dd> 38,9 x 22,8 x 2,9 collas \/ 985 x 575 x 74 mm<\/dd> <\/dl> <\/div> <\/div>","protected":false},"excerpt":{"rendered":"<ul>\n<li> Salok\u0101ms un p\u0101rn\u0113s\u0101jams: VEVOR monokrist\u0101liskais saules panelis viegli salok\u0101ms kompakt\u0101 izm\u0113r\u0101, padarot to viegli uzglab\u0101jamu un p\u0101rn\u0113s\u0101jamu jebkur\u0101 viet\u0101. Lieliski piem\u0113rots kempingiem br\u012bv\u0101 dab\u0101, RV braucieniem, p\u0101rg\u0101jieniem un \u0101rk\u0101rtas lieto\u0161anai, \u013caujot jums izbaud\u012bt saules ener\u0123iju, atrodoties ce\u013c\u0101 <\/li>\n<li> Superior Efficiency: Featuring 16BB N-Type augstas efektivit\u0101tes monokrist\u0101lisko saules baterijas un \u226524% augstu konversijas efektivit\u0101ti, \u0161is 400W salok\u0101ms saules panelis uztver vair\u0101k saules gaismas un rada vair\u0101k izmantojam\u0101s ener\u0123ijas \u0101tr\u0101kai ier\u012bces uzl\u0101dei <\/li>\n<li> Pla\u0161a sader\u012bba: apr\u012bkots ar ieb\u016bv\u0113tu MC4 kabeli, iek\u013cautu 3-in-1 MC4 savienot\u0101ja kabeli (MC4 l\u012bdz XT60 \/ Anderson \/ DC5521) un 10-in-1 l\u012bdzstr\u0101vas adaptera komplektu, \u0161is augstas efektivit\u0101tes saules panelis ir sader\u012bgs ar liel\u0101ko da\u013cu sp\u0113kstaciju  <\/li>\n<li> Uzlabota iztur\u012bba: ar IP67 aizsardz\u012bbas nov\u0113rt\u0113jumu un iztur\u012bgu r\u0101mi \u0161is monokrist\u0101liskais saules pane\u013ca l\u0101d\u0113t\u0101js saglab\u0101 nemain\u012bgu veiktsp\u0113ju un ilgsto\u0161u iztur\u012bbu no \u221210 \u00b0C l\u012bdz 65 \u00b0C, nodro\u0161inot vienm\u0113r\u012bgu baro\u0161anas avotu da\u017e\u0101d\u0101s vid\u0113s <\/li>\n<li> P\u0101rn\u0113s\u0101jama jauda jebkur: iev\u0113rojami uzlabojiet savas \u0113rt\u012bbas, izmantojot m\u016bsu mono saules paneli. Salok\u0101ms, iztur\u012bgs un uzticams \u2014 ide\u0101li piem\u0113rots rite\u0146brauk\u0161anas braucieniem, kempingiem, p\u0101rg\u0101jieniem vai mak\u0161\u0137er\u0113\u0161anai. Izbaudiet uzticamu, t\u012bru ener\u0123iju, kas nodro\u0161ina j\u016bsu ier\u012b\u010du jaudu, lai kur j\u016bs dotos <\/li>\n<\/ul>","protected":false},"featured_media":447981,"comment_status":"open","ping_status":"open","template":"","meta":{"om_disable_all_campaigns":false,"_uf_show_specific_survey":0,"_uf_disable_surveys":false},"location":[1935,1934],"product_brand":[],"product_cat":[100,2121,562],"product_tag":[],"class_list":{"0":"post-230686","1":"product","2":"type-product","3":"status-publish","4":"has-post-thumbnail","6":"location-supplier_stock_location","7":"location-local_stock_location","8":"product_cat-alternative-renewable-energy","9":"product_cat-solar-panels-solar-power","10":"product_cat-solar-power","12":"first","13":"outofstock","14":"taxable","15":"shipping-taxable","16":"purchasable","17":"product-type-simple"},"aioseo_notices":[],"locations":[{"id":1935,"name":"Pieg\u0101d\u0101ja noliktav\u0101 (5-7dd.d)","slug":"supplier_stock_location","quantity":"0"},{"id":1934,"name":"R\u012bgas veikal\u0101 (0-2d.d.)","slug":"local_stock_location","quantity":"0"}],"_links":{"self":[{"href":"https:\/\/vevorshop.lv\/lv\/wp-json\/wp\/v2\/product\/230686","targetHints":{"allow":["GET"]}}],"collection":[{"href":"https:\/\/vevorshop.lv\/lv\/wp-json\/wp\/v2\/product"}],"about":[{"href":"https:\/\/vevorshop.lv\/lv\/wp-json\/wp\/v2\/types\/product"}],"replies":[{"embeddable":true,"href":"https:\/\/vevorshop.lv\/lv\/wp-json\/wp\/v2\/comments?post=230686"}],"wp:featuredmedia":[{"embeddable":true,"href":"https:\/\/vevorshop.lv\/lv\/wp-json\/wp\/v2\/media\/447981"}],"wp:attachment":[{"href":"https:\/\/vevorshop.lv\/lv\/wp-json\/wp\/v2\/media?parent=230686"}],"wp:term":[{"taxonomy":"location","embeddable":true,"href":"https:\/\/vevorshop.lv\/lv\/wp-json\/wp\/v2\/location?post=230686"},{"taxonomy":"product_brand","embeddable":true,"href":"https:\/\/vevorshop.lv\/lv\/wp-json\/wp\/v2\/product_brand?post=230686"},{"taxonomy":"product_cat","embeddable":true,"href":"https:\/\/vevorshop.lv\/lv\/wp-json\/wp\/v2\/product_cat?post=230686"},{"taxonomy":"product_tag","embeddable":true,"href":"https:\/\/vevorshop.lv\/lv\/wp-json\/wp\/v2\/product_tag?post=230686"}],"curies":[{"name":"wp","href":"https:\/\/api.w.org\/{rel}","templated":true}]}}