{"id":230725,"date":"2026-01-27T01:01:07","date_gmt":"2026-01-26T23:01:07","guid":{"rendered":"https:\/\/vevorshop.lv\/en_us\/Prece\/vevor-3-piece-bar-table-set-with-2-stools-round-table-with-shelf-space-saving-dining-set-for-kitchen-or-home-bar-light-gray-black\/"},"modified":"2026-04-17T12:33:31","modified_gmt":"2026-04-17T09:33:31","slug":"vevor-3-piece-bar-table-set-with-2-stools-round-table-with-shelf-space-saving-dining-set-for-kitchen-or-home-bar-light-gray-black","status":"publish","type":"product","link":"https:\/\/vevorshop.lv\/lv\/Prece\/vevor-3-gab-bara-galda-komplekts-ar-2-izkarnijumiem-apalais-galds-ar-plauktu-vietu-tauposu-edamistabas-komplektu-virtuvei-vai-majas-baram-gaisi-peleks-melns\/","title":{"rendered":"VEVOR 3-da\u013c\u012bgs b\u0101ra galda komplekts ar 2 taburetiem, apa\u013c\u0161 galds ar plauktu, vietu taupo\u0161s virtuves vai m\u0101jas b\u0101ra komplekts, gai\u0161i pel\u0113ks\/melns"},"content":{"rendered":"<div style=\"color: #fff!important; font-size: 16px; height: 24px; line-height: 24px; margin-top: -24px; \" class=\"product_original_name\">VEVOR b\u0101ra galds, 3PCS 596.9mm b\u0101ru galdu komplekts, b\u0101ra galdi un kr\u0113slu komplekts ar noapa\u013cota st\u016bra dizainu, apa\u013c\u0161 kroga galds ar diviem kr\u0113sliem biroja galdam, brokastu st\u016bris, mini b\u0101ri, gai\u0161i pel\u0113ki, melni<\/div>\n<div style=\"color: #fff!important; font-size: 16px; height: 24px; line-height: 24px; margin-top: -24px; \" class=\"product_sku\">MKV8E7QM<\/div>\n<div style=\"color: #fff!important; font-size: 16px; height: 24px; line-height: 24px; margin-top: -24px; \" class=\"product_mpn\">BTZEK3JTYXGYWTHHM001V0<\/div><div id=\"js-DM_at-goodDescRich\"><html><head><style>  body {    font-family: Arial;    line-height: 1.5;    color: #1c1c1c;    overflow-x: hidden;    margin: 0;    padding: 0;  }  .MsoNormal b {    font-weight: bolder;  }<\/style><style>  .container.small {    width: 970px;    margin: 0 auto;  }  .logo {    margin: 0 auto 0;  }  .logo img {    display: block;    margin: 0 auto;    max-width: 100%;  }  .logo .pc-banner {    display: block;    width: 1200px;    height: 247.4px;    margin: 0 auto;  }  .logo .pc-banner.small {    width: 970px;  }  .logo .pc-banner.small img {    height: auto!important;  }  .logo .m-banner {    display: none;  }  .ytvideo {    position: relative;    height: 546px;    width: 100%;    margin: 0 auto;  }  .ytvideo img {    width: 100%;    margin: 0 auto;  }  .ytvideo .play-btn {    width: 60px;    height: 42px;    position: absolute;    top: 50%;    left: 50%;    transform: translate(-50%, -50%);    background: url(\"data:image\/png;base64,iVBORw0KGgoAAAANSUhEUgAAAGQAAABGCAMAAAANWMFbAAAC+lBMVEUAAADBGB3kLCfBGB3kLCfcJC7BFx3KKSbiKybkLCbWJCPSIiLSIiLPICHAFx3kLCfgKSXNHiDZJiTIGx\/p4eHcjo7LHSDbJyTkLCbjKyfOHyHPIiL28fHJHB\/GGh7EGR7eKCXDGB3RISHlLSbBGB3AFxzGHB7DGB7BGB3hKybkKybAFx3lLCfAFxzDGR3hKibDGB7cJyTmz8\/elJTlwcHjurrUIyLlLSflLSfAFx3DGR7lLSfCFx3hKibhKibhKybjKybkLCblLSfbJSX49vbx7e3NNzjNMTLMJyjVIyLZf3\/ZQ0LaeHjx0tLgoqLkLCfCGB3HGx\/BGB3BFx3PICHCGB7WJCLOHyC\/Fxy\/Fx3lLCfQISHkLSe\/FxzbJiTBFx3FGx\/AGB7BFx3EGR7AGB3HHSDfKiXAFh3TISHYNzbhKibbJyTTIiL57e325+f039\/v2NjUV1fOHiHiqanfmprch4feKSXVIyPOICHmLibFGh\/mLSe\/Fx7XJCPeKSXXJSPNHyHaJyTGGh7lLCbmLCflLSjSIiLkLCbdKSXLHiC\/GB3KHh++Fh3lKyfoLiXcKCPkx8fYb2\/XaGfVXl3aU1LLHiDksbHgKibPICHbJyTfKSXbJyTCGB3KHSDiKybFGh7TIiL\/\/\/\/VIyPRISHIHB\/GGx\/HHB\/DGR7gKibdKCXLHiDZJiTMHiDNHyHYJSTOICHPICHWJCPcKCXXJSPjLCblLCf+\/f3NGR\/uLijzLynPGR\/IGB7WISHaIyLLGh7UAADxLynNAADRLzDbICLQAADIAAD3MCrUHSHXMTDpKSbLAADp5OTij4\/ejo\/VLy\/1LyngJSTcJCPQHx\/OHB7+\/PzaMS\/OLS\/vLijrLSjSAADaNTPwLyjkKSbNJCbYISHPHB\/KGB7WAAD7+vrn3d3aKynTKCjoLCfsKifRGh\/YAADq5+fhjo7QNDXXKCfmJyXt5+fTLzDLLi\/QKivYHRvMGBrQJCXLISPMExXLDxLaEAvkkI\/bOTfaFQ\/SCgpvLcnHAAAAmnRSTlMA+vv7+gT9Bvf9+8z8\/NSv\/Pr5+P7++vnQIBMP\/v38\/Pn348XDiCYf9OjbzcqxXVcx\/fz8+\/rj1r2poo1+fXFqX0orGP7+\/v7+\/fz8+\/r68uzn4trIxsG\/vri3p6GcmZSNbWVYUUZEPQv+\/f39+\/v7+\/v7+vr64tvV1NTTz87FtbSurqeblJKFg4B3bUY+NjL7+\/v7+\/v67t1cDo8JLQAABkRJREFUWMO0kz9rwkAYh0OIeJkum6YugUAhISCdKoj\/P4C7SMdS+gEKIhSKil10LSg4mzXkILdlEpxCpwTiWOLX6BujvQaEQuGeHLnL+\/64J+SIcKGYTYWnntpdLjrVdqvZmNdn0+EE40GtpuuWVS6Xx6N7YDSGpWXpeq02wHgynM7q80az1a52HpddtVcpsi1zFARBrdaxbhp9iUReTGmwA4KAAr7vx3EYejnCMI6hQYEgy0LQi4jUN0wL19vqFcUC9\/1dAKmEEFkWRYkh5oBejnxQJiSJPJ\/uKBp0Thszx9Mw8hMRIQjKsptCfuES9zr5WJY6vSFCIvE9fCMUmEM1A1kSXcYGxgVYsvI1IPKTZciSTI0us\/SMGG04gDzELDoFBwdcFJrF88dqgYMTiL6DILWYyfOWE8\/kIz38olCNlC03FK95+imxp6y4oUSvAnBjHHhKNtotSDqJzVFiK8c2SBqhZtsrTtgrLXwAyduxZHNE26eHUt5rtuM4WSmds3G+sUdWYo1L+XyxButoh5eKUHk5lByO3G1LqqCWVnfrv\/lyPtf\/4ps1cndNGIri8J1TJ0lx6dR\/oPjq1nbRwdp2dCk4CtIOLW3pVKRL6WZfS5vF2KkIQhpwSsjiYIgNCs1gEMGqiIq24NQX9NwoXFy8Ufrl3twTcg4fv8T9\/JBEySduj6Mjm4bMzYV7EEOxKjjoNDud7yY3Dy71Hq2oLmqfbNR723edH9PgMrNL2utoQ3VmaIDkiw\/4w51P06hlZsTZvkRrbVuSIs\/zwSOsycgzStQouoAkWQqioRT5XI7n2Z1wfVhoZmcAJLsoqjqpjbWCgpOAJXBwHK8PzWbNvoUZJND5wCnSkLAkZ1legx6vqQzjoiTahKlGUGLAiIIoABOHaNVw4sexZBym6\/HWlH5h3IC7yRbxtipcWxdTOkORKiNQAEkFf66x5S2oeRbroOlLgg0sSYkR0hRGEqJZ0jTPiQKatESdBckpWigxaapEH0lImHdWu9pUFF2XqMNM2Z4kped7IwEJw2qabwtrQqnpw6HyKkgcadKWsmpywwesDyIhYRpdzXddqegtGIJlXbAIUMOLkGxJUjRIkokwjUaX9d\/kK62ps\/tYUqZLIMkLTyBhsMZ3C5Z\/kDxOSCb\/DOs\/\/J0qcWSX\/2ipe56EgTCA4\/cB7NAYOsni4mZM1MUPAISoEwkDi4lhVBQ1cWQyIcwalw4EpqZN68JUSK7XC0kTlkLYii5uXSC8jT5ncCAS7mjCv0uHp\/3lueHEEAeQ\/\/VgmdN71\/2uCSA1Xr6DO6uI6sW56zqT2tp2PhgiRUAajV8CY2fkcz6WGNKMgLAt7tJAhD4YHMTeRxlALE6+43WqjSWi8ITxyJl8WrwWSNESQZZOqhDDntO3hJLsd5RtSpbJqdv3YrDJH3F7jL1R2O2aQkn2MyCyKYz0GPGIvSAMgBCrCEiJyKbBaYGwLW4uPRr0A0M4Ux5kUI7IBh+hMdiCEWNqhMZGyYMsOgNE58UQuEQeUnSWCMYwL54hkxK6IoqucQZbQ3pc3XtL0lky1dL0zZJJDpWJovFqpWj6JEHnyam2eQp5QRVAVHjWparTOaVwUOx99YS2MvgxIGV0bb+qIg2HX2qkFFJB+XZcbLiuRkuxD9GRroKyveLxdh4d7Orx+hb7qc3uVRuEogCOnyIxm4ubUoPgF4jianDrC+SDQDKEfJb0GUKmjCGPYHGJvVC6X4hw1\/sAfQAdfYyephIaspXe36RwOP+Ljvfx9B6B3i+Nk0DGq+oCbLn6JpBa9nWAveAIHwFAwtVcIJXPMPL8kRu5OAYPMaL1WScTxjiZDqB9LTJSWphow\/pTYKRTLjCBhvi9iBidvKcDasGSm0QQkycYuLBqj6QCELPctqChDWpTRMWkngNNpQ1Pfp1KkiT\/Y0DGffXAweUNfLAfaJFKDwhb6I+bkYRbkERoEeu3Fyjg2opMz2daZCS9jt6Q7txNfB+OZEVF6Zl5web2xunnLQrtrjXseXKaFYziYINeMFZVxS9VxRhOoesYwxPKXm+gWLG9cuFeq93UNNeJNsf1KlwuDok9n02n3TgIJpOxNfL9naIoQwXtfH9kjceTIIi709ncTg6LZbg+biLH1V6u\/7rxBem06VXKn9raAAAAAElFTkSuQmCC\")      no-repeat center center \/ contain;  }  @media screen and (max-width: 960px) and (orientation: portrait) {    .logo {      width: 100%;    }    .logo .pc-banner {      display: none;    }    .logo .m-banner {      display: block;      width: 100%;    }    .logo .m-banner img {      height: auto!important;    }    .ytvideo {      height: 200px;      width: 100%;    }  }<\/style><style>  .video-section {    width: 100%;    margin: 0 auto;  }  .video-section > img {    width: 100%;  }  .video-section iframe,  .video-section video {    width: 100%;    height: 100%;      }  .video-section-img-m,  .video-section-img-pc > img {    width: 100%;    height: auto;  }  .video-section-img-pc.small > img {    width: 970px;  }  .video-desc {    line-height: 1.5;    font-size: 20px;    font-weight: 400;    margin: 20px 0;    text-align: center;    color: #0f1111;    word-break: break-word;  }  @media screen and (max-width: 960px) and (orientation: portrait) {    .video-section {      width: 100%;    }    .video-section-pc,    .video-section-img-pc {      display: none;    }    .video-section-m,    .video-section-img-m {      display: block;    }    .video-desc {      font-size: 15px;    }  }  @media screen and (min-width: 960px) {    .video-section {      width: 100%;      margin: 0 auto;    }    .video-section-pc,    .video-section-img-pc {      display: block;    }    .video-section-m,    .video-section-img-m {      display: none;    }    .video-desc {      font-size: 20px;    }  }<\/style><style>  .section + .section {    margin-top: 35px;  }  .section-title {    text-align: center;    font-weight: bold;    color: #0d1111;    font-family: \"Arial\";    font-size: 32px;    margin: 15px 0;  }  .section-title:empty {    display: none;  }  .section-desc {    text-align: center;    font-weight: normal;    color: #0d1111;    margin-top: 20px;  }  .section-desc:empty {    display: none;  }  .section-img {    width: 1200px;    height: 492px;    margin: 0 auto;    display: block;  }  .section-img.small {    width: 970px;    height: auto;  }  .section-img.small > img {    height: auto;  }  .section-img > img {    width: 100%;    height: 100%;  }  .section-mobile-img {    display: none;    max-width: 100vw;    max-height: 75vw;    height: 450px;    margin: 0 auto;  }  .section-mobile-img > img {    width: 100%;    height: 100%;  }  @media screen and (max-width: 960px) and (orientation: portrait) {    .container {      width: 100%;    }    .container.small {      width: 100%;    }    .section-mobile-img {      display: block;    }    .section-img {      display: none;    }    .section-title {      font-size: 22px;      margin: 10px 0;    }    .section-desc {      margin-top: 10px;    }    .section + .section {      margin-top: 20px;    }  }<\/style><\/head><body><div class=\"container\"><div class=\"logo\"><div class=\"pc-banner\"><div><img decoding=\"async\" src=\"\/vevor\/vevor\/boutique-banner\/pc\/en-pc@1x.jpg\" style=\"width: 100%;\" \/><\/div><\/div><div class=\"m-banner\"><div><img decoding=\"async\" src=\"\/vevor\/vevor\/boutique-banner\/mobile\/en-m@1x.jpg\" style=\"width: 100%;\" \/><\/div><\/div><\/div><div class=\"section-title\">Premium b\u0101ra galda komplekts<\/div><div class=\"video-section\"><div class=\"video-section-img-pc\"><img decoding=\"async\" src=\"\/vevor\/product\/BTZEK3JTYXGYWTHHM001\/bar-table-a100-1.4.jpg\" \/><\/div><div class=\"video-section-img-m\"><img decoding=\"async\" src=\"\/vevor\/product\/BTZEK3JTYXGYWTHHM001\/bar-table-a100-1.4-m.jpg\" \/><\/div><div class=\"section-desc\">\u0160is augst\u0101k\u0101s kvalit\u0101tes taisnst\u016brveida kroga galds ar \u0137eb\u013ciem, kas \u012bpa\u0161i izstr\u0101d\u0101ts maz\u0101m, kompakt\u0101m telp\u0101m, ir apr\u012bkots ar iztur\u012bgu, iztur\u012bgu strukt\u016bru un stil\u012bgu, bet praktisku izskatu. Viegli mont\u0113jams, tas pal\u012bdz \u0101tri izveidot savu ide\u0101lo atp\u016btas un izklaides zonu.<\/div><\/div><div class=\"section\"><div class=\"section-title\"><\/div><div class=\"section-img\"><img decoding=\"async\" src=\"\/vevor\/product\/BTZEK3JTYXGYWTHHM001\/bar-table-a100-2.2.jpg\" \/><\/div><div class=\"section-mobile-img\"><img decoding=\"async\" src=\"\/vevor\/product\/BTZEK3JTYXGYWTHHM001\/bar-table-a100-2.2-m.jpg\" \/><\/div><div class=\"section-desc\">Izgatavots no P2 klases skaidu pl\u0101tnes galda virsmas, m\u016bsu virtuves galds un b\u0101ra kr\u0113sls nodro\u0161ina uzticam\u012bbu un vieglu t\u012br\u012b\u0161anu, ar formaldeh\u012bda emisij\u0101m, kas stingri kontrol\u0113tas pie \u2264 0,9 ppm. Tas ir karstumiztur\u012bgs, \u016bdensiztur\u012bgs un saglab\u0101 savu l\u012bdz\u012bgi jauno izskatu p\u0113c ilgsto\u0161as lieto\u0161anas.<\/div><\/div><div class=\"section\"><div class=\"section-title\"><\/div><div class=\"section-img\"><img decoding=\"async\" src=\"\/vevor\/product\/BTZEK3JTYXGYWTHHM001\/bar-table-a100-2.3.jpg\" \/><\/div><div class=\"section-mobile-img\"><img decoding=\"async\" src=\"\/vevor\/product\/BTZEK3JTYXGYWTHHM001\/bar-table-a100-2.3-m.jpg\" \/><\/div><div class=\"section-desc\">\u0160is 36,02 collas\/915 mm letes augstuma virtuves galds ar b\u0101ra kr\u0113slu ir paredz\u0113ts praktiskumam.T\u0101 augstums nodro\u0161ina \u0113rtu, netrauc\u0113tu vietu k\u0101j\u0101m, sniedzot pat\u012bkamu pieredzi.<\/div><\/div><div class=\"section\"><div class=\"section-title\"><\/div><div class=\"section-img\"><img decoding=\"async\" src=\"\/vevor\/product\/BTZEK3JTYXGYWTHHM001\/bar-table-a100-2.4.jpg\" \/><\/div><div class=\"section-mobile-img\"><img decoding=\"async\" src=\"\/vevor\/product\/BTZEK3JTYXGYWTHHM001\/bar-table-a100-2.4-m.jpg\" \/><\/div><div class=\"section-desc\">Ar klasisk\u0101m neitr\u0101l\u0101m kr\u0101s\u0101m un vienk\u0101r\u0161u, bet elegantu dizainu m\u016bsu kroga galds un kr\u0113sls neman\u0101mi papildina daudzveid\u012bgos m\u0101jas dekoru stilus, tostarp modernos, minim\u0101lisma un industri\u0101los.Tas var pal\u012bdz\u0113t jums viegli izveidot harmonisku un vienotu ide\u0101lu dz\u012bvojamo telpu.<\/div><\/div><div class=\"section\"><div class=\"section-title\"><\/div><div class=\"section-img\"><img decoding=\"async\" src=\"\/vevor\/product\/BTZEK3JTYXGYWTHHM001\/bar-table-a100-2.5.jpg\" \/><\/div><div class=\"section-mobile-img\"><img decoding=\"async\" src=\"\/vevor\/product\/BTZEK3JTYXGYWTHHM001\/bar-table-a100-2.5-m.jpg\" \/><\/div><div class=\"section-desc\">\u0160im daudzfunkcion\u0101lajam apa\u013c\u0101 b\u0101ra galdam un kr\u0113slu komplektam ir elast\u012bgs dizains, kas viegli piel\u0101gojas da\u017e\u0101diem m\u0101jas scen\u0101rijiem, piem\u0113ram, darba vietai, brokastu kakti\u0146am vai mini b\u0101ram. Neatkar\u012bgi no t\u0101, vai tas ir paredz\u0113ts pusdien\u0101m, dz\u0113rieniem vai pagaidu lieto\u0161anai biroj\u0101, tas nodro\u0161ina praktisku risin\u0101jumu.<\/div><\/div><div class=\"section\"><div class=\"section-img\"><img decoding=\"async\" src=\"\/vevor\/product\/BTZEK3JTYXGYWTHHM001\/bar-table-a100-1.11.jpg\" \/><\/div><div class=\"section-mobile-img\"><img decoding=\"async\" src=\"\/vevor\/product\/BTZEK3JTYXGYWTHHM001\/bar-table-a100-1.11-m.jpg\" \/><\/div><\/div><\/div><\/body><\/html><\/div>\n<div class=\"DM_at-title\" id=\"js-DM_at-title\"> <div>Produkta specifik\u0101cija<\/div> <i class=\"icon-arrowup_line\"><\/i> <\/div><div class=\"DM_at-goodsDescAttr\" id=\"js-DM_at-goodsDescAttr\"> <div class=\"DM_at-goodsDescAttrInner\"> <dl class=\"goodsDesc_item goodsDesc_item_even\"> <dt>Preces Mode\u013ca Numurs<\/dt> <dd> BTZ-GW-003<\/dd> <\/dl> <dl class=\"goodsDesc_item\"> <dt>Komplekta veids<\/dt> <dd> 1 galds un 2 kr\u0113sli<\/dd> <\/dl> <dl class=\"goodsDesc_item goodsDesc_item_even\"> <dt>Neto Svars<\/dt> <dd> 32,63 m\u0101rci\u0146as\/14,8 kg<\/dd> <\/dl> <dl class=\"goodsDesc_item\"> <dt>Galda izm\u0113ri<\/dt> <dd> \u219423,62 x 36,02 collas\/\u2194600 x 915 mm<\/dd> <\/dl> <dl class=\"goodsDesc_item goodsDesc_item_even\"> <dt>Kr\u0113sla izm\u0113ri<\/dt> <dd> 13,78 x 16,54 x 36,22 collas\/350 x 420 x 920 mm<\/dd> <\/dl> <\/div> <\/div>","protected":false},"excerpt":{"rendered":"<ul>\n<li> 3-Pc Galda &amp; Kr\u0113slu Komplekts: M\u016bsu taisnst\u016brveida kroga galds ar \u0137eb\u013ciem ietver 1 galdu (\u03c623,62 x 36,02 collas\/\u03c6600 x 915 mm) un 2 kr\u0113slus ar atzveltni (13,78 x 16,54 x 36,22 collas\/350 x 420 x 920 mm) diviem cilv\u0113kiem, T\u0101 centr\u0101 ir 14,88 collas\/378 mm plats ap\u013cveida plaukts <\/li>\n<li> Stingri materi\u0101lu standarti: virtuves galds un b\u0101ra \u0137eb\u013ca aug\u0161da\u013ca ir izgatavota no P2 klases kokskaidu pl\u0101tnes, ko sertific\u0113jis CARB un EPA, ar formaldeh\u012bda emisiju kontroli \u2264 0,9 ppm. Ar v\u0113rt\u0113jumu, kas p\u0101rsniedz P1 pak\u0101pi, tas nodro\u0161ina uzticamu m\u0101jas st\u0101vokli <\/li>\n<li> Telpas optimiz\u0101cija: p\u0101r\u012b ar divu cilv\u0113ku kr\u0113slu komplektu, \u0161im letes augstuma virtuves galdam ar b\u0101ra kr\u0113slu ir kompakts, vietu taupo\u0161s dizains. Tas viegli izmanto neizmantotus st\u016brus vai vietu j\u016bsu viesistab\u0101, radot \u0113rtu m\u0101jas b\u0101ra kakti\u0146u <\/li>\n<li> Vienk\u0101r\u0161a mont\u0101\u017ea: ar vienk\u0101r\u0161u strukt\u016bru, detaliz\u0113tu lieto\u0161anas pam\u0101c\u012bbu un iek\u013cautajiem instrumentiem \u0161is kroga galds un kr\u0113sls nodro\u0161ina \u0101tru mont\u0101\u017eu <\/li>\n<li> Elegants un viegli t\u012br\u0101ms: ar mitru dr\u0101nu m\u016bsu apa\u013co b\u0101ru galds un kr\u0113slu komplekts viegli not\u012bra un ilgsto\u0161i paliek tikpat labs k\u0101 jauns. T\u0101 klasisk\u0101s kr\u0101sas un dizains neman\u0101mi iek\u013caujas Zieme\u013cvalstu, industri\u0101laj\u0101, modernaj\u0101 minim\u0101lisma un citos m\u0101jas stilos <\/li>\n<\/ul>","protected":false},"featured_media":448017,"comment_status":"open","ping_status":"open","template":"","meta":{"om_disable_all_campaigns":false,"_monsterinsights_skip_tracking":false,"_monsterinsights_sitenote_active":false,"_monsterinsights_sitenote_note":"","_monsterinsights_sitenote_category":0,"_uf_show_specific_survey":0,"_uf_disable_surveys":false},"location":[1935,1934],"product_brand":[],"product_cat":[1986,22,23],"product_tag":[],"class_list":{"0":"post-230725","1":"product","2":"type-product","3":"status-publish","4":"has-post-thumbnail","6":"location-supplier_stock_location","7":"location-local_stock_location","8":"product_cat-bar-tables","9":"product_cat-restaurant-food-service","10":"product_cat-restaurant-furniture","12":"first","13":"outofstock","14":"taxable","15":"shipping-taxable","16":"purchasable","17":"product-type-simple"},"aioseo_notices":[],"jetpack_sharing_enabled":true,"locations":[{"id":1935,"name":"Pieg\u0101d\u0101t\u0101ja noliktav\u0101 (5-7d.d.)","slug":"supplier_stock_location","quantity":"0"},{"id":1934,"name":"R\u012bgas veikal\u0101 (0-2d.d.)","slug":"local_stock_location","quantity":"0"}],"_links":{"self":[{"href":"https:\/\/vevorshop.lv\/lv\/wp-json\/wp\/v2\/product\/230725","targetHints":{"allow":["GET"]}}],"collection":[{"href":"https:\/\/vevorshop.lv\/lv\/wp-json\/wp\/v2\/product"}],"about":[{"href":"https:\/\/vevorshop.lv\/lv\/wp-json\/wp\/v2\/types\/product"}],"replies":[{"embeddable":true,"href":"https:\/\/vevorshop.lv\/lv\/wp-json\/wp\/v2\/comments?post=230725"}],"wp:featuredmedia":[{"embeddable":true,"href":"https:\/\/vevorshop.lv\/lv\/wp-json\/wp\/v2\/media\/448017"}],"wp:attachment":[{"href":"https:\/\/vevorshop.lv\/lv\/wp-json\/wp\/v2\/media?parent=230725"}],"wp:term":[{"taxonomy":"location","embeddable":true,"href":"https:\/\/vevorshop.lv\/lv\/wp-json\/wp\/v2\/location?post=230725"},{"taxonomy":"product_brand","embeddable":true,"href":"https:\/\/vevorshop.lv\/lv\/wp-json\/wp\/v2\/product_brand?post=230725"},{"taxonomy":"product_cat","embeddable":true,"href":"https:\/\/vevorshop.lv\/lv\/wp-json\/wp\/v2\/product_cat?post=230725"},{"taxonomy":"product_tag","embeddable":true,"href":"https:\/\/vevorshop.lv\/lv\/wp-json\/wp\/v2\/product_tag?post=230725"}],"curies":[{"name":"wp","href":"https:\/\/api.w.org\/{rel}","templated":true}]}}