{"id":231263,"date":"2026-01-29T00:58:58","date_gmt":"2026-01-28T22:58:58","guid":{"rendered":"https:\/\/vevorshop.lv\/en_us\/Prece\/vevor-multifunctional-power-cage-squat-rack-for-home-gym-adjustable-j-hooks-pull-up-bar-safety-bars-band-pegs\/"},"modified":"2026-02-25T00:28:20","modified_gmt":"2026-02-24T22:28:20","slug":"vevor-multifunctional-power-cage-squat-rack-for-home-gym-adjustable-j-hooks-pull-up-bar-safety-bars-band-pegs","status":"publish","type":"product","link":"https:\/\/vevorshop.lv\/lv\/Prece\/vevor-daudzfunkcionala-jauda-buris-pietupiens-plaukts-majas-trenazieru-regulejams-j-aki-pull-up-bars-drosibas-stieni-band-knagi\/","title":{"rendered":"VEVOR Daudzfunkcion\u0101ls Squat R\u0101mis M\u0101j\u0101m \u2013 Regul\u0113jami J-\u0100\u0137i, Pievilk\u0161an\u0101s Stienis, Dro\u0161\u012bbas Stie\u0146i un Gumiju Tapas"},"content":{"rendered":"<div style=\"color: #fff!important; font-size: 16px; height: 24px; line-height: 24px; margin-top: -24px; \" class=\"product_original_name\">VEVOR Power Cage Squat Rack, daudzfunkcion\u0101ls Power Rack m\u0101jas trena\u017eieru z\u0101le, sp\u0113ka treni\u0146u apr\u012bkojums ar 4 joslu tap\u0101m, regul\u0113jami J-\u0101\u0137i un dro\u0161\u012bbas stie\u0146i stie\u0146u pietupiena stie\u0146a pres\u0113\u0161anai<\/div>\n<div style=\"color: #fff!important; font-size: 16px; height: 24px; line-height: 24px; margin-top: -24px; \" class=\"product_sku\">MKXNHPZ7<\/div>\n<div style=\"color: #fff!important; font-size: 16px; height: 24px; line-height: 24px; margin-top: -24px; \" class=\"product_mpn\">LGXSDJDAQG0045GQ4001V0<\/div><div id=\"js-DM_at-goodDescRich\"><html><head><style>  body {    font-family: Arial;    line-height: 1.5;    color: #1c1c1c;    overflow-x: hidden;    margin: 0;    padding: 0;  }  .MsoNormal b {    font-weight: bolder;  }<\/style><style>  .container.small {    width: 970px;    margin: 0 auto;  }  .logo {    margin: 0 auto 0;  }  .logo img {    display: block;    margin: 0 auto;    max-width: 100%;  }  .logo .pc-banner {    display: block;    width: 1200px;    height: 247.4px;    margin: 0 auto;  }  .logo .pc-banner.small {    width: 970px;  }  .logo .pc-banner.small img {    height: auto!important;  }  .logo .m-banner {    display: none;  }  .ytvideo {    position: relative;    height: 546px;    width: 100%;    margin: 0 auto;  }  .ytvideo img {    width: 100%;    margin: 0 auto;  }  .ytvideo .play-btn {    width: 60px;    height: 42px;    position: absolute;    top: 50%;    left: 50%;    transform: translate(-50%, -50%);    background: url(\"data:image\/png;base64,iVBORw0KGgoAAAANSUhEUgAAAGQAAABGCAMAAAANWMFbAAAC+lBMVEUAAADBGB3kLCfBGB3kLCfcJC7BFx3KKSbiKybkLCbWJCPSIiLSIiLPICHAFx3kLCfgKSXNHiDZJiTIGx\/p4eHcjo7LHSDbJyTkLCbjKyfOHyHPIiL28fHJHB\/GGh7EGR7eKCXDGB3RISHlLSbBGB3AFxzGHB7DGB7BGB3hKybkKybAFx3lLCfAFxzDGR3hKibDGB7cJyTmz8\/elJTlwcHjurrUIyLlLSflLSfAFx3DGR7lLSfCFx3hKibhKibhKybjKybkLCblLSfbJSX49vbx7e3NNzjNMTLMJyjVIyLZf3\/ZQ0LaeHjx0tLgoqLkLCfCGB3HGx\/BGB3BFx3PICHCGB7WJCLOHyC\/Fxy\/Fx3lLCfQISHkLSe\/FxzbJiTBFx3FGx\/AGB7BFx3EGR7AGB3HHSDfKiXAFh3TISHYNzbhKibbJyTTIiL57e325+f039\/v2NjUV1fOHiHiqanfmprch4feKSXVIyPOICHmLibFGh\/mLSe\/Fx7XJCPeKSXXJSPNHyHaJyTGGh7lLCbmLCflLSjSIiLkLCbdKSXLHiC\/GB3KHh++Fh3lKyfoLiXcKCPkx8fYb2\/XaGfVXl3aU1LLHiDksbHgKibPICHbJyTfKSXbJyTCGB3KHSDiKybFGh7TIiL\/\/\/\/VIyPRISHIHB\/GGx\/HHB\/DGR7gKibdKCXLHiDZJiTMHiDNHyHYJSTOICHPICHWJCPcKCXXJSPjLCblLCf+\/f3NGR\/uLijzLynPGR\/IGB7WISHaIyLLGh7UAADxLynNAADRLzDbICLQAADIAAD3MCrUHSHXMTDpKSbLAADp5OTij4\/ejo\/VLy\/1LyngJSTcJCPQHx\/OHB7+\/PzaMS\/OLS\/vLijrLSjSAADaNTPwLyjkKSbNJCbYISHPHB\/KGB7WAAD7+vrn3d3aKynTKCjoLCfsKifRGh\/YAADq5+fhjo7QNDXXKCfmJyXt5+fTLzDLLi\/QKivYHRvMGBrQJCXLISPMExXLDxLaEAvkkI\/bOTfaFQ\/SCgpvLcnHAAAAmnRSTlMA+vv7+gT9Bvf9+8z8\/NSv\/Pr5+P7++vnQIBMP\/v38\/Pn348XDiCYf9OjbzcqxXVcx\/fz8+\/rj1r2poo1+fXFqX0orGP7+\/v7+\/fz8+\/r68uzn4trIxsG\/vri3p6GcmZSNbWVYUUZEPQv+\/f39+\/v7+\/v7+vr64tvV1NTTz87FtbSurqeblJKFg4B3bUY+NjL7+\/v7+\/v67t1cDo8JLQAABkRJREFUWMO0kz9rwkAYh0OIeJkum6YugUAhISCdKoj\/P4C7SMdS+gEKIhSKil10LSg4mzXkILdlEpxCpwTiWOLX6BujvQaEQuGeHLnL+\/64J+SIcKGYTYWnntpdLjrVdqvZmNdn0+EE40GtpuuWVS6Xx6N7YDSGpWXpeq02wHgynM7q80az1a52HpddtVcpsi1zFARBrdaxbhp9iUReTGmwA4KAAr7vx3EYejnCMI6hQYEgy0LQi4jUN0wL19vqFcUC9\/1dAKmEEFkWRYkh5oBejnxQJiSJPJ\/uKBp0Thszx9Mw8hMRIQjKsptCfuES9zr5WJY6vSFCIvE9fCMUmEM1A1kSXcYGxgVYsvI1IPKTZciSTI0us\/SMGG04gDzELDoFBwdcFJrF88dqgYMTiL6DILWYyfOWE8\/kIz38olCNlC03FK95+imxp6y4oUSvAnBjHHhKNtotSDqJzVFiK8c2SBqhZtsrTtgrLXwAyduxZHNE26eHUt5rtuM4WSmds3G+sUdWYo1L+XyxButoh5eKUHk5lByO3G1LqqCWVnfrv\/lyPtf\/4ps1cndNGIri8J1TJ0lx6dR\/oPjq1nbRwdp2dCk4CtIOLW3pVKRL6WZfS5vF2KkIQhpwSsjiYIgNCs1gEMGqiIq24NQX9NwoXFy8Ufrl3twTcg4fv8T9\/JBEySduj6Mjm4bMzYV7EEOxKjjoNDud7yY3Dy71Hq2oLmqfbNR723edH9PgMrNL2utoQ3VmaIDkiw\/4w51P06hlZsTZvkRrbVuSIs\/zwSOsycgzStQouoAkWQqioRT5XI7n2Z1wfVhoZmcAJLsoqjqpjbWCgpOAJXBwHK8PzWbNvoUZJND5wCnSkLAkZ1legx6vqQzjoiTahKlGUGLAiIIoABOHaNVw4sexZBym6\/HWlH5h3IC7yRbxtipcWxdTOkORKiNQAEkFf66x5S2oeRbroOlLgg0sSYkR0hRGEqJZ0jTPiQKatESdBckpWigxaapEH0lImHdWu9pUFF2XqMNM2Z4kped7IwEJw2qabwtrQqnpw6HyKkgcadKWsmpywwesDyIhYRpdzXddqegtGIJlXbAIUMOLkGxJUjRIkokwjUaX9d\/kK62ps\/tYUqZLIMkLTyBhsMZ3C5Z\/kDxOSCb\/DOs\/\/J0qcWSX\/2ipe56EgTCA4\/cB7NAYOsni4mZM1MUPAISoEwkDi4lhVBQ1cWQyIcwalw4EpqZN68JUSK7XC0kTlkLYii5uXSC8jT5ncCAS7mjCv0uHp\/3lueHEEAeQ\/\/VgmdN71\/2uCSA1Xr6DO6uI6sW56zqT2tp2PhgiRUAajV8CY2fkcz6WGNKMgLAt7tJAhD4YHMTeRxlALE6+43WqjSWi8ITxyJl8WrwWSNESQZZOqhDDntO3hJLsd5RtSpbJqdv3YrDJH3F7jL1R2O2aQkn2MyCyKYz0GPGIvSAMgBCrCEiJyKbBaYGwLW4uPRr0A0M4Ux5kUI7IBh+hMdiCEWNqhMZGyYMsOgNE58UQuEQeUnSWCMYwL54hkxK6IoqucQZbQ3pc3XtL0lky1dL0zZJJDpWJovFqpWj6JEHnyam2eQp5QRVAVHjWparTOaVwUOx99YS2MvgxIGV0bb+qIg2HX2qkFFJB+XZcbLiuRkuxD9GRroKyveLxdh4d7Orx+hb7qc3uVRuEogCOnyIxm4ubUoPgF4jianDrC+SDQDKEfJb0GUKmjCGPYHGJvVC6X4hw1\/sAfQAdfYyephIaspXe36RwOP+Ljvfx9B6B3i+Nk0DGq+oCbLn6JpBa9nWAveAIHwFAwtVcIJXPMPL8kRu5OAYPMaL1WScTxjiZDqB9LTJSWphow\/pTYKRTLjCBhvi9iBidvKcDasGSm0QQkycYuLBqj6QCELPctqChDWpTRMWkngNNpQ1Pfp1KkiT\/Y0DGffXAweUNfLAfaJFKDwhb6I+bkYRbkERoEeu3Fyjg2opMz2daZCS9jt6Q7txNfB+OZEVF6Zl5web2xunnLQrtrjXseXKaFYziYINeMFZVxS9VxRhOoesYwxPKXm+gWLG9cuFeq93UNNeJNsf1KlwuDok9n02n3TgIJpOxNfL9naIoQwXtfH9kjceTIIi709ncTg6LZbg+biLH1V6u\/7rxBem06VXKn9raAAAAAElFTkSuQmCC\")      no-repeat center center \/ contain;  }  @media screen and (max-width: 960px) and (orientation: portrait) {    .logo {      width: 100%;    }    .logo .pc-banner {      display: none;    }    .logo .m-banner {      display: block;      width: 100%;    }    .logo .m-banner img {      height: auto!important;    }    .ytvideo {      height: 200px;      width: 100%;    }  }<\/style><style>  .video-section {    width: 100%;    margin: 0 auto;  }  .video-section > img {    width: 100%;  }  .video-section iframe,  .video-section video {    width: 100%;    height: 100%;      }  .video-section-img-m,  .video-section-img-pc > img {    width: 100%;    height: auto;  }  .video-section-img-pc.small > img {    width: 970px;  }  .video-desc {    line-height: 1.5;    font-size: 20px;    font-weight: 400;    margin: 20px 0;    text-align: center;    color: #0f1111;    word-break: break-word;  }  @media screen and (max-width: 960px) and (orientation: portrait) {    .video-section {      width: 100%;    }    .video-section-pc,    .video-section-img-pc {      display: none;    }    .video-section-m,    .video-section-img-m {      display: block;    }    .video-desc {      font-size: 15px;    }  }  @media screen and (min-width: 960px) {    .video-section {      width: 100%;      margin: 0 auto;    }    .video-section-pc,    .video-section-img-pc {      display: block;    }    .video-section-m,    .video-section-img-m {      display: none;    }    .video-desc {      font-size: 20px;    }  }<\/style><style>  .section + .section {    margin-top: 35px;  }  .section-title {    text-align: center;    font-weight: bold;    color: #0d1111;    font-family: \"Arial\";    font-size: 32px;    margin: 15px 0;  }  .section-title:empty {    display: none;  }  .section-desc {    text-align: center;    font-weight: normal;    color: #0d1111;    margin-top: 20px;  }  .section-desc:empty {    display: none;  }  .section-img {    width: 1200px;    height: 492px;    margin: 0 auto;    display: block;  }  .section-img.small {    width: 970px;    height: auto;  }  .section-img.small > img {    height: auto;  }  .section-img > img {    width: 100%;    height: 100%;  }  .section-mobile-img {    display: none;    max-width: 100vw;    max-height: 75vw;    height: 450px;    margin: 0 auto;  }  .section-mobile-img > img {    width: 100%;    height: 100%;  }  @media screen and (max-width: 960px) and (orientation: portrait) {    .container {      width: 100%;    }    .container.small {      width: 100%;    }    .section-mobile-img {      display: block;    }    .section-img {      display: none;    }    .section-title {      font-size: 22px;      margin: 10px 0;    }    .section-desc {      margin-top: 10px;    }    .section + .section {      margin-top: 20px;    }  }<\/style><\/head><body><div class=\"container\"><div class=\"logo\"><div class=\"pc-banner\"><div><img decoding=\"async\" src=\"\/vevor\/vevor\/boutique-banner\/pc\/en-pc@1x.jpg\" style=\"width: 100%;\" \/><\/div><\/div><div class=\"m-banner\"><div><img decoding=\"async\" src=\"\/vevor\/vevor\/boutique-banner\/mobile\/en-m@1x.jpg\" style=\"width: 100%;\" \/><\/div><\/div><\/div><div class=\"section-title\">Veidojiet savu m\u0101jas sporta z\u0101li ar VEVOR baro\u0161anas b\u016bru<\/div><div class=\"video-section\"><div class=\"video-section-img-pc\"><img decoding=\"async\" src=\"\/vevor\/product\/LGXSDJDAQG0045GQ4001\/squat-rack-a100-1.4.jpg\" \/><\/div><div class=\"video-section-img-m\"><img decoding=\"async\" src=\"\/vevor\/product\/LGXSDJDAQG0045GQ4001\/squat-rack-a100-1.4-m.jpg\" \/><\/div><div class=\"section-desc\">Paaugstiniet savu m\u0101jas fitnesa pieredzi ar \u0161o VEVOR daudzfunkcion\u0101lo jaudas b\u016bru. B\u016bv\u0113ts ar iztur\u012bgu oglek\u013ca t\u0113rauda strukt\u016bru, sp\u0113c\u012bgu svara ietilp\u012bbu, stabilu strukt\u016bru un regul\u0113jamiem augstuma iestat\u012bjumiem, tas nodro\u0161ina dro\u0161us, p\u0101rliecino\u0161us un efekt\u012bvus treni\u0146us, lai stiprin\u0101tu \u0137ermeni un uzlabotu kodola stabilit\u0101ti.<\/div><\/div><div class=\"section\"><div class=\"section-title\"><\/div><div class=\"section-img\"><img decoding=\"async\" src=\"\/vevor\/product\/LGXSDJDAQG0045GQ4001\/squat-rack-a100-2.2.jpg\" \/><\/div><div class=\"section-mobile-img\"><img decoding=\"async\" src=\"\/vevor\/product\/LGXSDJDAQG0045GQ4001\/squat-rack-a100-2.2-m.jpg\" \/><\/div><div class=\"section-desc\">\u0160is m\u0101jas trena\u017eieru z\u0101les sp\u0113ka bag\u0101\u017enieks, kas izstr\u0101d\u0101ts ar pastiprin\u0101tiem materi\u0101liem un sp\u0113c\u012bg\u0101ku r\u0101mi, iztur deform\u0101ciju, vienlaikus nodro\u0161inot izcilu slodzes atbalstu un ilgsto\u0161u iztur\u012bbu, \u013caujot tren\u0113ties ar liel\u0101ku p\u0101rliec\u012bbu.<\/div><\/div><div class=\"section\"><div class=\"section-title\"><\/div><div class=\"section-img\"><img decoding=\"async\" src=\"\/vevor\/product\/LGXSDJDAQG0045GQ4001\/squat-rack-a100-2.3.jpg\" \/><\/div><div class=\"section-mobile-img\"><img decoding=\"async\" src=\"\/vevor\/product\/LGXSDJDAQG0045GQ4001\/squat-rack-a100-2.3-m.jpg\" \/><\/div><div class=\"section-desc\">\u0160is pietupienu plaukta treni\u0146u apr\u012bkojums, kas izgatavots ar 2 \"x 2\" galveno t\u0113rauda r\u0101mi un sabiezin\u0101t\u0101m caurul\u0113m, nodro\u0161ina stabilu atbalstu un samazin\u0101tu \u0161\u016bpo\u0161anos, nodro\u0161inot dro\u0161\u0101ku un uzticam\u0101ku sp\u0113ka treni\u0146u.<\/div><\/div><div class=\"section\"><div class=\"section-title\"><\/div><div class=\"section-img\"><img decoding=\"async\" src=\"\/vevor\/product\/LGXSDJDAQG0045GQ4001\/squat-rack-a100-2.4.jpg\" \/><\/div><div class=\"section-mobile-img\"><img decoding=\"async\" src=\"\/vevor\/product\/LGXSDJDAQG0045GQ4001\/squat-rack-a100-2.4-m.jpg\" \/><\/div><div class=\"section-desc\">\u0160is stenda pres\u0113\u0161anas pietupienu plaukts aiz\u0146em minim\u0101lu vietu, vienlaikus atbalstot piln\u012bgu sp\u0113ka treni\u0146u rut\u012bnu. Ide\u0101li piem\u0113rots gar\u0101\u017e\u0101m vai kompakt\u0101m m\u0101jas sporta z\u0101l\u0113m, tas \u013cauj baud\u012bt efekt\u012bvus visa \u0137erme\u0146a treni\u0146us m\u0101j\u0101s.<\/div><\/div><div class=\"section\"><div class=\"section-title\"><\/div><div class=\"section-img\"><img decoding=\"async\" src=\"\/vevor\/product\/LGXSDJDAQG0045GQ4001\/squat-rack-a100-2.5.jpg\" \/><\/div><div class=\"section-mobile-img\"><img decoding=\"async\" src=\"\/vevor\/product\/LGXSDJDAQG0045GQ4001\/squat-rack-a100-2.5-m.jpg\" \/><\/div><div class=\"section-desc\">M\u016bsu daudzfunkcion\u0101lajam svaru b\u016bra sp\u0113ka bag\u0101\u017eniekam ir 2 svara pl\u0101k\u0161\u0146u uzglab\u0101\u0161anas tur\u0113t\u0101ji (ar skav\u0101m), 2 J veida \u0101\u0137i, 1 pievilk\u0161anas rokturis, 2 dro\u0161\u012bbas stie\u0146i, 4 lentes tapas un stie\u0146a stie\u0146a uzglab\u0101\u0161anas \u0101\u0137is, kas atbalsta vair\u0101kus treni\u0146us. vingrin\u0101jumi.<\/div><\/div><div class=\"section\"><div class=\"section-img\"><img decoding=\"async\" src=\"\/vevor\/product\/LGXSDJDAQG0045GQ4001\/squat-rack-a100-1.11.jpg\" \/><\/div><div class=\"section-mobile-img\"><img decoding=\"async\" src=\"\/vevor\/product\/LGXSDJDAQG0045GQ4001\/squat-rack-a100-1.11-m.jpg\" \/><\/div><\/div><\/div><\/body><\/html><\/div>\n<div class=\"DM_at-title\" id=\"js-DM_at-title\"> <div>Produkta specifik\u0101cija<\/div> <i class=\"icon-arrowup_line\"><\/i> <\/div><div class=\"DM_at-goodsDescAttr\" id=\"js-DM_at-goodsDescAttr\"> <div class=\"DM_at-goodsDescAttrInner\"> <dl class=\"goodsDesc_item goodsDesc_item_even\"> <dt>Preces Mode\u013ca Numurs<\/dt> <dd> SJ7100F<\/dd> <\/dl> <dl class=\"goodsDesc_item\"> <dt>Produkta Tips<\/dt> <dd> Power Cage Squat Rack <\/dd> <\/dl> <dl class=\"goodsDesc_item goodsDesc_item_even\"> <dt>Neto Svars<\/dt> <dd> 59,73 m\u0101rci\u0146as \/ 27,10 kg<\/dd> <\/dl> <dl class=\"goodsDesc_item\"> <dt>Produkta Izm\u0113ri<\/dt> <dd> 41,34 x 61,81 x 80,71 collas \/ 1050 x 1570 x 2050 mm<\/dd> <\/dl> <\/div> <\/div>","protected":false},"excerpt":{"rendered":"<ul>\n<li> Transform Your Home Gym: VEVOR daudzfunkcion\u0101ls sp\u0113ka b\u016bra sp\u0113ka bag\u0101\u017enieks atbalsta stie\u0146a pietupienus, spie\u0161anu gu\u013cus, pievilk\u0161anos un citus treni\u0146u vingrin\u0101jumus, pal\u012bdzot tren\u0113ties efekt\u012bv\u0101k, p\u0101rliecino\u0161\u0101k un dro\u0161\u0101k. \u013baujiet jums izbaud\u012bt visa \u0137erme\u0146a sp\u0113ka treni\u0146us m\u0101j\u0101s (svara pl\u0101ksnes NAV iek\u013cautas) <\/li>\n<li> Piln\u012bb\u0101 apr\u012bkots un daudzfunkcion\u0101ls: \u0161im pietupienam m\u0101jas trena\u017eieru z\u0101lei ir pievienots treni\u0146u piederumu komplekts, lai papla\u0161in\u0101tu treni\u0146us. Taj\u0101 ietilpst 2 svara pl\u0101k\u0161\u0146u uzglab\u0101\u0161anas tur\u0113t\u0101ji (ar skav\u0101m), 2 J veida \u0101\u0137i, 1 pievilk\u0161anas rokturis, 2 dro\u0161\u012bbas stie\u0146i, 4 lentes tapas un stie\u0146a stie\u0146a uzglab\u0101\u0161anas \u0101\u0137is <\/li>\n<li> Regul\u0113jams augstums: m\u016bsu sp\u0113ka treni\u0146u fitnesa apr\u012bkojums atbalsta 11 l\u012bme\u0146u J-\u0101\u0137a regul\u0113\u0161anu un 7 l\u012bme\u0146u dro\u0161\u012bbas stie\u0146us, apmierinot da\u017e\u0101du lietot\u0101ju da\u017e\u0101d\u0101s treni\u0146u vajadz\u012bbas. Iestatiet pareizo augstumu, lai uzlabotu treni\u0146u komfortu, stabilit\u0101ti un efektivit\u0101ti <\/li>\n<li> Iztur\u012bgs un stabils: izgatavots no pulverkr\u0101sota oglek\u013ca t\u0113rauda ar pastiprin\u0101tu 2\u2033 x 2\u2033 galveno r\u0101mi, \u0161is svaru cel\u0161anas treni\u0146u b\u016bris nodro\u0161ina augstu stabilit\u0101ti un 1000 m\u0101rci\u0146u kop\u0113jo svara atbalstu dro\u0161\u0101kiem, p\u0101rliecino\u0161\u0101kiem sp\u0113ka treni\u0146iem - bez deform\u0101cijas, bez sv\u0101rst\u012bb\u0101m <\/li>\n<li> Space-Saving: aptverot tikai 17,7 kv.p\u0113das, \u0161is sola preses jaudas b\u016bris aiz\u0146em minim\u0101lu vietu, vienlaikus atbalstot pilnu vingrin\u0101jumu kl\u0101stu Daudzfunkcion\u0101ls m\u0101jas trena\u017eieru trena\u017eieris pal\u012bdz palielin\u0101t \u0137erme\u0146a sp\u0113ku, veido kodolu musku\u013cu, k\u0101 ar\u012b uzlabo visp\u0101r\u0113jo fizisko vesel\u012bbu <\/li>\n<\/ul>","protected":false},"featured_media":448473,"comment_status":"open","ping_status":"open","template":"","meta":{"om_disable_all_campaigns":false,"_monsterinsights_skip_tracking":false,"_monsterinsights_sitenote_active":false,"_monsterinsights_sitenote_note":"","_monsterinsights_sitenote_category":0,"_uf_show_specific_survey":0,"_uf_disable_surveys":false},"location":[1935,1934],"product_brand":[],"product_cat":[2386,2387,2378,2388],"product_tag":[],"class_list":{"0":"post-231263","1":"product","2":"type-product","3":"status-publish","4":"has-post-thumbnail","6":"location-supplier_stock_location","7":"location-local_stock_location","8":"product_cat-exercise-equipment","9":"product_cat-fitness-accessories","10":"product_cat-sports-outdoors","11":"product_cat-squat-racks","13":"first","14":"instock","15":"taxable","16":"shipping-taxable","17":"purchasable","18":"product-type-simple"},"aioseo_notices":[],"jetpack_sharing_enabled":true,"locations":[{"id":1935,"name":"Pieg\u0101d\u0101t\u0101ja noliktav\u0101 (5-7d.d.)","slug":"supplier_stock_location","quantity":"5"},{"id":1934,"name":"R\u012bgas veikal\u0101 (0-2d.d.)","slug":"local_stock_location","quantity":"0"}],"_links":{"self":[{"href":"https:\/\/vevorshop.lv\/lv\/wp-json\/wp\/v2\/product\/231263","targetHints":{"allow":["GET"]}}],"collection":[{"href":"https:\/\/vevorshop.lv\/lv\/wp-json\/wp\/v2\/product"}],"about":[{"href":"https:\/\/vevorshop.lv\/lv\/wp-json\/wp\/v2\/types\/product"}],"replies":[{"embeddable":true,"href":"https:\/\/vevorshop.lv\/lv\/wp-json\/wp\/v2\/comments?post=231263"}],"wp:featuredmedia":[{"embeddable":true,"href":"https:\/\/vevorshop.lv\/lv\/wp-json\/wp\/v2\/media\/448473"}],"wp:attachment":[{"href":"https:\/\/vevorshop.lv\/lv\/wp-json\/wp\/v2\/media?parent=231263"}],"wp:term":[{"taxonomy":"location","embeddable":true,"href":"https:\/\/vevorshop.lv\/lv\/wp-json\/wp\/v2\/location?post=231263"},{"taxonomy":"product_brand","embeddable":true,"href":"https:\/\/vevorshop.lv\/lv\/wp-json\/wp\/v2\/product_brand?post=231263"},{"taxonomy":"product_cat","embeddable":true,"href":"https:\/\/vevorshop.lv\/lv\/wp-json\/wp\/v2\/product_cat?post=231263"},{"taxonomy":"product_tag","embeddable":true,"href":"https:\/\/vevorshop.lv\/lv\/wp-json\/wp\/v2\/product_tag?post=231263"}],"curies":[{"name":"wp","href":"https:\/\/api.w.org\/{rel}","templated":true}]}}