{"id":232984,"date":"2026-02-08T00:56:03","date_gmt":"2026-02-07T22:56:03","guid":{"rendered":"https:\/\/vevorshop.lv\/en_us\/Prece\/vevor-2-in-1-laser-engraver-20w-blue-2w-ir-10000-mm-s-160x140-mm-portable-diy-cutter-for-wood-metal-acrylic\/"},"modified":"2026-04-23T09:57:33","modified_gmt":"2026-04-23T06:57:33","slug":"vevor-2-in-1-laser-engraver-20w-blue-2w-ir-10000-mm-s-160x140-mm-portable-diy-cutter-for-wood-metal-acrylic","status":"publish","type":"product","link":"https:\/\/vevorshop.lv\/lv\/Prece\/vevor-2-in-1-lazergravetajs-20w-zils-2w-ir-10000-mm-s-160x140-mm-portativais-diy-griezejs-koka-metala-akrilam\/","title":{"rendered":"VEVOR 2-in-1 l\u0101zergrav\u0113t\u0101js 20W Blue &amp; 2W IR, 10 000 mm\/s, 160\u00d7140 mm, Portat\u012bvais DIY Griez\u0113js kokam, met\u0101lam, akrilam"},"content":{"rendered":"<div style=\"color: #fff!important; font-size: 16px; height: 24px; line-height: 24px; margin-top: -24px; \" class=\"product_original_name\">VEVOR 2-in-1 Dual Laser Gravier, 10 000 mm\/s High Speed, Portable 20W Blue un 2W IR l\u0101zera grav\u0113\u0161anas ma\u0161\u012bna, 160 x 140 mm grav\u0113\u0161anas laukums, manu\u0101lais un autom\u0101tiskais fokuss, DIY grav\u0113\u0161anas r\u012bks, koka akrilam<\/div>\n<div style=\"color: #fff!important; font-size: 16px; height: 24px; line-height: 24px; margin-top: -24px; \" class=\"product_sku\">MLAICMSW<\/div>\n<div style=\"color: #fff!important; font-size: 16px; height: 24px; line-height: 24px; margin-top: -24px; \" class=\"product_mpn\">BXSZJJGDKJSG9KWT7001V2<\/div><div id=\"js-DM_at-goodDescRich\"><html><head><style>  body {    font-family: Arial;    line-height: 1.5;    color: #1c1c1c;    overflow-x: hidden;    margin: 0;    padding: 0;  }  .MsoNormal b {    font-weight: bolder;  }<\/style><style>  .container.small {    width: 970px;    margin: 0 auto;  }  .logo {    margin: 0 auto 0;  }  .logo img {    display: block;    margin: 0 auto;    max-width: 100%;  }  .logo .pc-banner {    display: block;    width: 1200px;    height: 247.4px;    margin: 0 auto;  }  .logo .pc-banner.small {    width: 970px;  }  .logo .pc-banner.small img {    height: auto!important;  }  .logo .m-banner {    display: none;  }  .ytvideo {    position: relative;    height: 546px;    width: 100%;    margin: 0 auto;  }  .ytvideo img {    width: 100%;    margin: 0 auto;  }  .ytvideo .play-btn {    width: 60px;    height: 42px;    position: absolute;    top: 50%;    left: 50%;    transform: translate(-50%, -50%);    background: url(\"data:image\/png;base64,iVBORw0KGgoAAAANSUhEUgAAAGQAAABGCAMAAAANWMFbAAAC+lBMVEUAAADBGB3kLCfBGB3kLCfcJC7BFx3KKSbiKybkLCbWJCPSIiLSIiLPICHAFx3kLCfgKSXNHiDZJiTIGx\/p4eHcjo7LHSDbJyTkLCbjKyfOHyHPIiL28fHJHB\/GGh7EGR7eKCXDGB3RISHlLSbBGB3AFxzGHB7DGB7BGB3hKybkKybAFx3lLCfAFxzDGR3hKibDGB7cJyTmz8\/elJTlwcHjurrUIyLlLSflLSfAFx3DGR7lLSfCFx3hKibhKibhKybjKybkLCblLSfbJSX49vbx7e3NNzjNMTLMJyjVIyLZf3\/ZQ0LaeHjx0tLgoqLkLCfCGB3HGx\/BGB3BFx3PICHCGB7WJCLOHyC\/Fxy\/Fx3lLCfQISHkLSe\/FxzbJiTBFx3FGx\/AGB7BFx3EGR7AGB3HHSDfKiXAFh3TISHYNzbhKibbJyTTIiL57e325+f039\/v2NjUV1fOHiHiqanfmprch4feKSXVIyPOICHmLibFGh\/mLSe\/Fx7XJCPeKSXXJSPNHyHaJyTGGh7lLCbmLCflLSjSIiLkLCbdKSXLHiC\/GB3KHh++Fh3lKyfoLiXcKCPkx8fYb2\/XaGfVXl3aU1LLHiDksbHgKibPICHbJyTfKSXbJyTCGB3KHSDiKybFGh7TIiL\/\/\/\/VIyPRISHIHB\/GGx\/HHB\/DGR7gKibdKCXLHiDZJiTMHiDNHyHYJSTOICHPICHWJCPcKCXXJSPjLCblLCf+\/f3NGR\/uLijzLynPGR\/IGB7WISHaIyLLGh7UAADxLynNAADRLzDbICLQAADIAAD3MCrUHSHXMTDpKSbLAADp5OTij4\/ejo\/VLy\/1LyngJSTcJCPQHx\/OHB7+\/PzaMS\/OLS\/vLijrLSjSAADaNTPwLyjkKSbNJCbYISHPHB\/KGB7WAAD7+vrn3d3aKynTKCjoLCfsKifRGh\/YAADq5+fhjo7QNDXXKCfmJyXt5+fTLzDLLi\/QKivYHRvMGBrQJCXLISPMExXLDxLaEAvkkI\/bOTfaFQ\/SCgpvLcnHAAAAmnRSTlMA+vv7+gT9Bvf9+8z8\/NSv\/Pr5+P7++vnQIBMP\/v38\/Pn348XDiCYf9OjbzcqxXVcx\/fz8+\/rj1r2poo1+fXFqX0orGP7+\/v7+\/fz8+\/r68uzn4trIxsG\/vri3p6GcmZSNbWVYUUZEPQv+\/f39+\/v7+\/v7+vr64tvV1NTTz87FtbSurqeblJKFg4B3bUY+NjL7+\/v7+\/v67t1cDo8JLQAABkRJREFUWMO0kz9rwkAYh0OIeJkum6YugUAhISCdKoj\/P4C7SMdS+gEKIhSKil10LSg4mzXkILdlEpxCpwTiWOLX6BujvQaEQuGeHLnL+\/64J+SIcKGYTYWnntpdLjrVdqvZmNdn0+EE40GtpuuWVS6Xx6N7YDSGpWXpeq02wHgynM7q80az1a52HpddtVcpsi1zFARBrdaxbhp9iUReTGmwA4KAAr7vx3EYejnCMI6hQYEgy0LQi4jUN0wL19vqFcUC9\/1dAKmEEFkWRYkh5oBejnxQJiSJPJ\/uKBp0Thszx9Mw8hMRIQjKsptCfuES9zr5WJY6vSFCIvE9fCMUmEM1A1kSXcYGxgVYsvI1IPKTZciSTI0us\/SMGG04gDzELDoFBwdcFJrF88dqgYMTiL6DILWYyfOWE8\/kIz38olCNlC03FK95+imxp6y4oUSvAnBjHHhKNtotSDqJzVFiK8c2SBqhZtsrTtgrLXwAyduxZHNE26eHUt5rtuM4WSmds3G+sUdWYo1L+XyxButoh5eKUHk5lByO3G1LqqCWVnfrv\/lyPtf\/4ps1cndNGIri8J1TJ0lx6dR\/oPjq1nbRwdp2dCk4CtIOLW3pVKRL6WZfS5vF2KkIQhpwSsjiYIgNCs1gEMGqiIq24NQX9NwoXFy8Ufrl3twTcg4fv8T9\/JBEySduj6Mjm4bMzYV7EEOxKjjoNDud7yY3Dy71Hq2oLmqfbNR723edH9PgMrNL2utoQ3VmaIDkiw\/4w51P06hlZsTZvkRrbVuSIs\/zwSOsycgzStQouoAkWQqioRT5XI7n2Z1wfVhoZmcAJLsoqjqpjbWCgpOAJXBwHK8PzWbNvoUZJND5wCnSkLAkZ1legx6vqQzjoiTahKlGUGLAiIIoABOHaNVw4sexZBym6\/HWlH5h3IC7yRbxtipcWxdTOkORKiNQAEkFf66x5S2oeRbroOlLgg0sSYkR0hRGEqJZ0jTPiQKatESdBckpWigxaapEH0lImHdWu9pUFF2XqMNM2Z4kped7IwEJw2qabwtrQqnpw6HyKkgcadKWsmpywwesDyIhYRpdzXddqegtGIJlXbAIUMOLkGxJUjRIkokwjUaX9d\/kK62ps\/tYUqZLIMkLTyBhsMZ3C5Z\/kDxOSCb\/DOs\/\/J0qcWSX\/2ipe56EgTCA4\/cB7NAYOsni4mZM1MUPAISoEwkDi4lhVBQ1cWQyIcwalw4EpqZN68JUSK7XC0kTlkLYii5uXSC8jT5ncCAS7mjCv0uHp\/3lueHEEAeQ\/\/VgmdN71\/2uCSA1Xr6DO6uI6sW56zqT2tp2PhgiRUAajV8CY2fkcz6WGNKMgLAt7tJAhD4YHMTeRxlALE6+43WqjSWi8ITxyJl8WrwWSNESQZZOqhDDntO3hJLsd5RtSpbJqdv3YrDJH3F7jL1R2O2aQkn2MyCyKYz0GPGIvSAMgBCrCEiJyKbBaYGwLW4uPRr0A0M4Ux5kUI7IBh+hMdiCEWNqhMZGyYMsOgNE58UQuEQeUnSWCMYwL54hkxK6IoqucQZbQ3pc3XtL0lky1dL0zZJJDpWJovFqpWj6JEHnyam2eQp5QRVAVHjWparTOaVwUOx99YS2MvgxIGV0bb+qIg2HX2qkFFJB+XZcbLiuRkuxD9GRroKyveLxdh4d7Orx+hb7qc3uVRuEogCOnyIxm4ubUoPgF4jianDrC+SDQDKEfJb0GUKmjCGPYHGJvVC6X4hw1\/sAfQAdfYyephIaspXe36RwOP+Ljvfx9B6B3i+Nk0DGq+oCbLn6JpBa9nWAveAIHwFAwtVcIJXPMPL8kRu5OAYPMaL1WScTxjiZDqB9LTJSWphow\/pTYKRTLjCBhvi9iBidvKcDasGSm0QQkycYuLBqj6QCELPctqChDWpTRMWkngNNpQ1Pfp1KkiT\/Y0DGffXAweUNfLAfaJFKDwhb6I+bkYRbkERoEeu3Fyjg2opMz2daZCS9jt6Q7txNfB+OZEVF6Zl5web2xunnLQrtrjXseXKaFYziYINeMFZVxS9VxRhOoesYwxPKXm+gWLG9cuFeq93UNNeJNsf1KlwuDok9n02n3TgIJpOxNfL9naIoQwXtfH9kjceTIIi709ncTg6LZbg+biLH1V6u\/7rxBem06VXKn9raAAAAAElFTkSuQmCC\")      no-repeat center center \/ contain;  }  @media screen and (max-width: 960px) and (orientation: portrait) {    .logo {      width: 100%;    }    .logo .pc-banner {      display: none;    }    .logo .m-banner {      display: block;      width: 100%;    }    .logo .m-banner img {      height: auto!important;    }    .ytvideo {      height: 200px;      width: 100%;    }  }<\/style><style>  .video-section {    width: 100%;    margin: 0 auto;  }  .video-section > img {    width: 100%;  }  .video-section iframe,  .video-section video {    width: 100%;    height: 100%;      }  .video-section-img-m,  .video-section-img-pc > img {    width: 100%;    height: auto;  }  .video-section-img-pc.small > img {    width: 970px;  }  .video-desc {    line-height: 1.5;    font-size: 20px;    font-weight: 400;    margin: 20px 0;    text-align: center;    color: #0f1111;    word-break: break-word;  }  @media screen and (max-width: 960px) and (orientation: portrait) {    .video-section {      width: 100%;    }    .video-section-pc,    .video-section-img-pc {      display: none;    }    .video-section-m,    .video-section-img-m {      display: block;    }    .video-desc {      font-size: 15px;    }  }  @media screen and (min-width: 960px) {    .video-section {      width: 100%;      margin: 0 auto;    }    .video-section-pc,    .video-section-img-pc {      display: block;    }    .video-section-m,    .video-section-img-m {      display: none;    }    .video-desc {      font-size: 20px;    }  }<\/style><style>  .section + .section {    margin-top: 35px;  }  .section-title {    text-align: center;    font-weight: bold;    color: #0d1111;    font-family: \"Arial\";    font-size: 32px;    margin: 15px 0;  }  .section-title:empty {    display: none;  }  .section-desc {    text-align: center;    font-weight: normal;    color: #0d1111;    margin-top: 20px;  }  .section-desc:empty {    display: none;  }  .section-img {    width: 1200px;    height: 492px;    margin: 0 auto;    display: block;  }  .section-img.small {    width: 970px;    height: auto;  }  .section-img.small > img {    height: auto;  }  .section-img > img {    width: 100%;    height: 100%;  }  .section-mobile-img {    display: none;    max-width: 100vw;    max-height: 75vw;    height: 450px;    margin: 0 auto;  }  .section-mobile-img > img {    width: 100%;    height: 100%;  }  @media screen and (max-width: 960px) and (orientation: portrait) {    .container {      width: 100%;    }    .container.small {      width: 100%;    }    .section-mobile-img {      display: block;    }    .section-img {      display: none;    }    .section-title {      font-size: 22px;      margin: 10px 0;    }    .section-desc {      margin-top: 10px;    }    .section + .section {      margin-top: 20px;    }  }<\/style><\/head><body><div class=\"container\"><div class=\"logo\"><div class=\"pc-banner\"><div><img decoding=\"async\" src=\"\/vevor\/vevor\/boutique-banner\/pc\/en-pc@1x.jpg\" style=\"width: 100%;\" \/><\/div><\/div><div class=\"m-banner\"><div><img decoding=\"async\" src=\"\/vevor\/vevor\/boutique-banner\/mobile\/en-m@1x.jpg\" style=\"width: 100%;\" \/><\/div><\/div><\/div><div class=\"section-title\">Divl\u0101zeru p\u0101rn\u0113s\u0101jams l\u0101zera gravieris, viegli lietojams<\/div><div class=\"video-section\"><div class=\"video-section-img-pc\"><img decoding=\"async\" src=\"\/vevor\/product\/BXSZJJGDKJSG9KWT7001\/laser-engraver-a100-1.4.jpg\" \/><\/div><div class=\"video-section-img-m\"><img decoding=\"async\" src=\"\/vevor\/product\/BXSZJJGDKJSG9KWT7001\/laser-engraver-a100-1.4-m.jpg\" \/><\/div><div class=\"section-desc\">Ar grav\u0113\u0161anas \u0101trumu l\u012bdz 10 000 mm\/s, 20W zilu l\u0101zeru, 2W infrasarkano l\u0101zeru un autom\u0101tisk\u0101s fokus\u0113\u0161anas funkciju, \u0161is portat\u012bvais l\u0101zergrav\u0113t\u0101js ir viegli lietojams Piez\u012bme: Caursp\u012bd\u012bgiem vai atstarojo\u0161iem materi\u0101liem pirms grav\u0113\u0161anas ir nepiecie\u0161ams melns p\u0101rkl\u0101jums.<\/div><\/div><div class=\"section\"><div class=\"section-title\"><\/div><div class=\"section-img\"><img decoding=\"async\" src=\"\/vevor\/product\/BXSZJJGDKJSG9KWT7001\/laser-engraver-a100-2.2.jpg\" \/><\/div><div class=\"section-mobile-img\"><img decoding=\"async\" src=\"\/vevor\/product\/BXSZJJGDKJSG9KWT7001\/laser-engraver-a100-2.2-m.jpg\" \/><\/div><div class=\"section-desc\">Programmat\u016bras autom\u0101tiskais fokuss apstr\u0101d\u0101 detaliz\u0113tus uzdevumus, savuk\u0101rt manu\u0101lais fokuss piel\u0101gojas \u012bpa\u0161iem materi\u0101liem \u0160is rokas l\u0101zergrav\u0113t\u0101js nodro\u0161ina elast\u012bg\u0101ku grav\u0113\u0161anas vad\u012bbu.<\/div><\/div><div class=\"section\"><div class=\"section-title\"><\/div><div class=\"section-img\"><img decoding=\"async\" src=\"\/vevor\/product\/BXSZJJGDKJSG9KWT7001\/laser-engraver-a100-2.3.jpg\" \/><\/div><div class=\"section-mobile-img\"><img decoding=\"async\" src=\"\/vevor\/product\/BXSZJJGDKJSG9KWT7001\/laser-engraver-a100-2.3-m.jpg\" \/><\/div><div class=\"section-desc\">\u0160\u012b p\u0101rn\u0113s\u0101jam\u0101 grav\u0113\u0161anas iek\u0101rta ar 0,08 x 0,06 mm zilu l\u0101zera plankumu un 0,03 x 0,03 mm infrasarkano l\u0101zera plankumu nodro\u0161ina detaliz\u0113tas iz\u0161\u0137irtsp\u0113jas iz\u0161\u0137irtsp\u0113ju \u013coti prec\u012bzai grav\u0113\u0161anai.<\/div><\/div><div class=\"section\"><div class=\"section-title\"><\/div><div class=\"section-img\"><img decoding=\"async\" src=\"\/vevor\/product\/BXSZJJGDKJSG9KWT7001\/laser-engraver-a100-2.4.jpg\" \/><\/div><div class=\"section-mobile-img\"><img decoding=\"async\" src=\"\/vevor\/product\/BXSZJJGDKJSG9KWT7001\/laser-engraver-a100-2.4-m.jpg\" \/><\/div><div class=\"section-desc\">P\u0101rn\u0113s\u0101jamais apstr\u0101d\u0101jamais l\u0101zergrav\u0113t\u0101js vien\u0101 pieg\u0101jien\u0101 var izgriezt 0,39 collas \/ 10 mm baskoku, nodro\u0161inot efekt\u012bvu grie\u0161anu ar t\u012br\u0101m l\u012bnij\u0101m un samazinot p\u0101rstr\u0101des centienus.<\/div><\/div><div class=\"section\"><div class=\"section-title\"><\/div><div class=\"section-img\"><img decoding=\"async\" src=\"\/vevor\/product\/BXSZJJGDKJSG9KWT7001\/laser-engraver-a100-2.5.jpg\" \/><\/div><div class=\"section-mobile-img\"><img decoding=\"async\" src=\"\/vevor\/product\/BXSZJJGDKJSG9KWT7001\/laser-engraver-a100-2.5-m.jpg\" \/><\/div><div class=\"section-desc\">No m\u0101jas dekoru un m\u0101jdz\u012bvnieku pieg\u0101des l\u012bdz DIY projektiem, m\u016bsu darbvirsmas rokas gravieris p\u0101rv\u0113r\u0161 j\u016bsu DIY idejas praktisk\u0101k\u0101s iesp\u0113j\u0101s.<\/div><\/div><div class=\"section\"><div class=\"section-img\"><img decoding=\"async\" src=\"\/vevor\/product\/BXSZJJGDKJSG9KWT7001\/laser-engraver-a100-1.11.jpg\" \/><\/div><div class=\"section-mobile-img\"><img decoding=\"async\" src=\"\/vevor\/product\/BXSZJJGDKJSG9KWT7001\/laser-engraver-a100-1.11-m.jpg\" \/><\/div><\/div><\/div><\/body><\/html><\/div>\n<div class=\"DM_at-title\" id=\"js-DM_at-title\"> <div>Produkta specifik\u0101cija<\/div> <i class=\"icon-arrowup_line\"><\/i> <\/div><div class=\"DM_at-goodsDescAttr\" id=\"js-DM_at-goodsDescAttr\"> <div class=\"DM_at-goodsDescAttrInner\"> <dl class=\"goodsDesc_item goodsDesc_item_even\"> <dt>Preces Mode\u013ca Numurs<\/dt> <dd> Nano duets<\/dd> <\/dl> <dl class=\"goodsDesc_item\"> <dt>L\u0101zera jauda<\/dt> <dd> 20W Blue Laser + 2W infrasarkanais l\u0101zers<\/dd> <\/dl> <dl class=\"goodsDesc_item goodsDesc_item_even\"> <dt>L\u0101zera vi\u013c\u0146a garums<\/dt> <dd> 455 nm (zils l\u0101zers), 1064 nm (infrasarkanais l\u0101zers)<\/dd> <\/dl> <dl class=\"goodsDesc_item\"> <dt>Efekt\u012bva darba zona<\/dt> <dd> 6,3 x 5,5 collas \/ 160 x 140 mm<\/dd> <\/dl> <dl class=\"goodsDesc_item goodsDesc_item_even\"> <dt>Grav\u0113\u0161anas \u0101trums<\/dt> <dd> 10000 mm\/s<\/dd> <\/dl> <dl class=\"goodsDesc_item\"> <dt>L\u0101zera punkta izm\u0113rs<\/dt> <dd> 0,08 x 0,06 mm (zils l\u0101zers), 0,03 x 0,03 mm (infrasarkanais l\u0101zers)<\/dd> <\/dl> <dl class=\"goodsDesc_item goodsDesc_item_even\"> <dt>Fokus\u0113\u0161anas metode<\/dt> <dd> Manu\u0101l\u0101 fokuss un autom\u0101tiskais fokuss<\/dd> <\/dl> <dl class=\"goodsDesc_item\"> <dt>L\u0101zera klase<\/dt> <dd> 4. klase<\/dd> <\/dl> <\/div> <\/div>","protected":false},"excerpt":{"rendered":"<ul>\n<li> Augsts grav\u0113\u0161anas \u0101trums: ar galvanometra tehnolo\u0123iju darbin\u0101ms \u0161is p\u0101rn\u0113s\u0101jamais l\u0101zergrav\u0113t\u0101js var sasniegt grav\u0113\u0161anas \u0101trumu l\u012bdz 10 000 mm\/s un priek\u0161skat\u012bjuma \u0101trumu l\u012bdz 32 000 mm\/s. T\u0101 uzlabot\u0101 l\u0101zertehnolo\u0123ija nodro\u0161ina izcilu grie\u0161anas veiktsp\u0113ju  <\/li>\n<li> Divu l\u0101zeru prec\u012bz\u0101 grav\u0113\u0161ana: 20W zilais l\u0101zers nodro\u0161ina 0,01 x 0,01 mm punktu smalk\u0101m l\u012bnij\u0101m un glud\u0101m mal\u0101m, savuk\u0101rt 2W infrasarkanais l\u0101zers pie\u0161\u0137ir liel\u0101ku materi\u0101la daudzpus\u012bbu.Ar autom\u0101tisko vai manu\u0101lo fokusu \u0161is rokas l\u0101zergrav\u0113t\u0101js apstr\u0101d\u0101 detaliz\u0113tus dizainus <\/li>\n<li> 3D grav\u0113\u0161ana un dzi\u013c\u0101 grie\u0161ana: infrasarkanais l\u0101zers nodro\u0161ina sare\u017e\u0123\u012btu daudzsl\u0101\u0146u 3D grav\u0113\u0161anu un dzi\u013cu grie\u0161anu uz met\u0101la, koka un akmens.Ar vair\u0101k nek\u0101 121 kr\u0101su opciju un augstas precizit\u0101tes l\u0101zera tehnolo\u0123iju \u0161\u012b p\u0101rn\u0113s\u0101jam\u0101 grav\u0113\u0161anas iek\u0101rta nodro\u0161ina dinamiskas kr\u0101sas <\/li>\n<li> Lietot\u0101jam draudz\u012bga darb\u012bba: m\u016bsu p\u0101rn\u0113s\u0101jamajam vad\u0101majam l\u0101zergrav\u0113t\u0101jam ir regul\u0113jams le\u0146\u0137a dizains, kas atbalsta rokas vai darbvirsmas lieto\u0161anu. Sader\u012bgs ar LaserGRBL (Windows), LightBurn (Windows un macOS), k\u0101 ar\u012b mobilo lietotni (Android) ar Wi-Fi savienojumu <\/li>\n<li> Pla\u0161a materi\u0101lu savietojam\u012bba: m\u016bsu galddatora rokas graviera infrasarkanais l\u0101zers var iegrav\u0113t visu veidu met\u0101lus, tostarp zeltu, sudrabu, varu, ner\u016bs\u0113jo\u0161o t\u0113raudu, misi\u0146u un tit\u0101nu.Zilais l\u0101zers darbojas uz koka, akrila, \u0101das, stikla, gumijas, auduma un citiem. Piez\u012bme: Caursp\u012bd\u012bgiem vai atstarojo\u0161iem materi\u0101liem pirms grav\u0113\u0161anas ir nepiecie\u0161ams melns p\u0101rkl\u0101jums <\/li>\n<\/ul>","protected":false},"featured_media":449865,"comment_status":"open","ping_status":"open","template":"","meta":{"om_disable_all_campaigns":false,"_uf_show_specific_survey":0,"_uf_disable_surveys":false},"location":[1935,1934],"product_brand":[],"product_cat":[2445,2446,2447,2518,2519],"product_tag":[],"class_list":{"0":"post-232984","1":"product","2":"type-product","3":"status-publish","4":"has-post-thumbnail","6":"location-supplier_stock_location","7":"location-local_stock_location","8":"product_cat-appliances","9":"product_cat-crafts-sewing","10":"product_cat-engraving-cutting","11":"product_cat-laser-engraving-machine-engraving-cutting","12":"product_cat-portable-galvanometer-laser-engraver","14":"first","15":"instock","16":"taxable","17":"shipping-taxable","18":"purchasable","19":"product-type-simple"},"aioseo_notices":[],"locations":[{"id":1935,"name":"Pieg\u0101d\u0101ja noliktav\u0101 (5-7dd.d)","slug":"supplier_stock_location","quantity":"15"},{"id":1934,"name":"R\u012bgas veikal\u0101 (0-2d.d.)","slug":"local_stock_location","quantity":"0"}],"_links":{"self":[{"href":"https:\/\/vevorshop.lv\/lv\/wp-json\/wp\/v2\/product\/232984","targetHints":{"allow":["GET"]}}],"collection":[{"href":"https:\/\/vevorshop.lv\/lv\/wp-json\/wp\/v2\/product"}],"about":[{"href":"https:\/\/vevorshop.lv\/lv\/wp-json\/wp\/v2\/types\/product"}],"replies":[{"embeddable":true,"href":"https:\/\/vevorshop.lv\/lv\/wp-json\/wp\/v2\/comments?post=232984"}],"wp:featuredmedia":[{"embeddable":true,"href":"https:\/\/vevorshop.lv\/lv\/wp-json\/wp\/v2\/media\/449865"}],"wp:attachment":[{"href":"https:\/\/vevorshop.lv\/lv\/wp-json\/wp\/v2\/media?parent=232984"}],"wp:term":[{"taxonomy":"location","embeddable":true,"href":"https:\/\/vevorshop.lv\/lv\/wp-json\/wp\/v2\/location?post=232984"},{"taxonomy":"product_brand","embeddable":true,"href":"https:\/\/vevorshop.lv\/lv\/wp-json\/wp\/v2\/product_brand?post=232984"},{"taxonomy":"product_cat","embeddable":true,"href":"https:\/\/vevorshop.lv\/lv\/wp-json\/wp\/v2\/product_cat?post=232984"},{"taxonomy":"product_tag","embeddable":true,"href":"https:\/\/vevorshop.lv\/lv\/wp-json\/wp\/v2\/product_tag?post=232984"}],"curies":[{"name":"wp","href":"https:\/\/api.w.org\/{rel}","templated":true}]}}