{"id":233903,"date":"2026-02-25T14:47:30","date_gmt":"2026-02-25T12:47:30","guid":{"rendered":"https:\/\/vevorshop.lv\/en_us\/Prece\/vevor-digital-crane-scale-2000-kg-industrial-hanging-scale-with-remote-lcd-display-cast-aluminum-body-0-5-kg-accuracy\/"},"modified":"2026-05-15T11:58:08","modified_gmt":"2026-05-15T08:58:08","slug":"vevor-digital-crane-scale-2000-kg-industrial-hanging-scale-with-remote-lcd-display-cast-aluminum-body-0-5-kg-accuracy","status":"publish","type":"product","link":"https:\/\/vevorshop.lv\/lv\/Prece\/vevor-digitala-celtna-svari-2000-kg-industriala-piekarama-svari-ar-talvadibas-lcd-displeju-lietie-aluminija-korpusi-0-5-kg-precizitate\/","title":{"rendered":"VEVOR digit\u0101l\u0101 celt\u0146a svari 2000 kg, industri\u0101lie piekaramie svari ar t\u0101lvad\u012bbu, LCD displeju, alum\u012bnija korpusu, 0,5 kg precizit\u0101te"},"content":{"rendered":"<div style=\"color: #fff!important; font-size: 16px; height: 24px; line-height: 24px; margin-top: -24px; \" class=\"product_original_name\">VEVOR digit\u0101l\u0101 celt\u0146a skala, 4400 m\u0101rci\u0146as\/2000 kg maksim\u0101l\u0101 ietilp\u012bba, lieljaudas r\u016bpniecisk\u0101 piekares skala ar lieto alum\u012bnija korpusu un LCD displeju, 500 g noda\u013ca un 3 vien\u012bbu sl\u0113dzis, t\u0101lvad\u012bbas pults gar\u0101\u017eas r\u016bpn\u012bcai<\/div>\n<div style=\"color: #fff!important; font-size: 16px; height: 24px; line-height: 24px; margin-top: -24px; \" class=\"product_sku\">MM1ZT0WW<\/div>\n<div style=\"color: #fff!important; font-size: 16px; height: 24px; line-height: 24px; margin-top: -24px; \" class=\"product_mpn\">ZXDCDZK500GY8VDH7001V9<\/div><div id=\"js-DM_at-goodDescRich\"><html><head><style>  body {    font-family: Arial;    line-height: 1.5;    color: #1c1c1c;    overflow-x: hidden;    margin: 0;    padding: 0;  }  .MsoNormal b {    font-weight: bolder;  }<\/style><style>  .container.small {    width: 970px;    margin: 0 auto;  }  .logo {    margin: 0 auto 0;  }  .logo img {    display: block;    margin: 0 auto;    max-width: 100%;  }  .logo .pc-banner {    display: block;    width: 1200px;    height: 247.4px;    margin: 0 auto;  }  .logo .pc-banner.small {    width: 970px;  }  .logo .pc-banner.small img {    height: auto!important;  }  .logo .m-banner {    display: none;  }  .ytvideo {    position: relative;    height: 546px;    width: 100%;    margin: 0 auto;  }  .ytvideo img {    width: 100%;    margin: 0 auto;  }  .ytvideo .play-btn {    width: 60px;    height: 42px;    position: absolute;    top: 50%;    left: 50%;    transform: translate(-50%, -50%);    background: url(\"data:image\/png;base64,iVBORw0KGgoAAAANSUhEUgAAAGQAAABGCAMAAAANWMFbAAAC+lBMVEUAAADBGB3kLCfBGB3kLCfcJC7BFx3KKSbiKybkLCbWJCPSIiLSIiLPICHAFx3kLCfgKSXNHiDZJiTIGx\/p4eHcjo7LHSDbJyTkLCbjKyfOHyHPIiL28fHJHB\/GGh7EGR7eKCXDGB3RISHlLSbBGB3AFxzGHB7DGB7BGB3hKybkKybAFx3lLCfAFxzDGR3hKibDGB7cJyTmz8\/elJTlwcHjurrUIyLlLSflLSfAFx3DGR7lLSfCFx3hKibhKibhKybjKybkLCblLSfbJSX49vbx7e3NNzjNMTLMJyjVIyLZf3\/ZQ0LaeHjx0tLgoqLkLCfCGB3HGx\/BGB3BFx3PICHCGB7WJCLOHyC\/Fxy\/Fx3lLCfQISHkLSe\/FxzbJiTBFx3FGx\/AGB7BFx3EGR7AGB3HHSDfKiXAFh3TISHYNzbhKibbJyTTIiL57e325+f039\/v2NjUV1fOHiHiqanfmprch4feKSXVIyPOICHmLibFGh\/mLSe\/Fx7XJCPeKSXXJSPNHyHaJyTGGh7lLCbmLCflLSjSIiLkLCbdKSXLHiC\/GB3KHh++Fh3lKyfoLiXcKCPkx8fYb2\/XaGfVXl3aU1LLHiDksbHgKibPICHbJyTfKSXbJyTCGB3KHSDiKybFGh7TIiL\/\/\/\/VIyPRISHIHB\/GGx\/HHB\/DGR7gKibdKCXLHiDZJiTMHiDNHyHYJSTOICHPICHWJCPcKCXXJSPjLCblLCf+\/f3NGR\/uLijzLynPGR\/IGB7WISHaIyLLGh7UAADxLynNAADRLzDbICLQAADIAAD3MCrUHSHXMTDpKSbLAADp5OTij4\/ejo\/VLy\/1LyngJSTcJCPQHx\/OHB7+\/PzaMS\/OLS\/vLijrLSjSAADaNTPwLyjkKSbNJCbYISHPHB\/KGB7WAAD7+vrn3d3aKynTKCjoLCfsKifRGh\/YAADq5+fhjo7QNDXXKCfmJyXt5+fTLzDLLi\/QKivYHRvMGBrQJCXLISPMExXLDxLaEAvkkI\/bOTfaFQ\/SCgpvLcnHAAAAmnRSTlMA+vv7+gT9Bvf9+8z8\/NSv\/Pr5+P7++vnQIBMP\/v38\/Pn348XDiCYf9OjbzcqxXVcx\/fz8+\/rj1r2poo1+fXFqX0orGP7+\/v7+\/fz8+\/r68uzn4trIxsG\/vri3p6GcmZSNbWVYUUZEPQv+\/f39+\/v7+\/v7+vr64tvV1NTTz87FtbSurqeblJKFg4B3bUY+NjL7+\/v7+\/v67t1cDo8JLQAABkRJREFUWMO0kz9rwkAYh0OIeJkum6YugUAhISCdKoj\/P4C7SMdS+gEKIhSKil10LSg4mzXkILdlEpxCpwTiWOLX6BujvQaEQuGeHLnL+\/64J+SIcKGYTYWnntpdLjrVdqvZmNdn0+EE40GtpuuWVS6Xx6N7YDSGpWXpeq02wHgynM7q80az1a52HpddtVcpsi1zFARBrdaxbhp9iUReTGmwA4KAAr7vx3EYejnCMI6hQYEgy0LQi4jUN0wL19vqFcUC9\/1dAKmEEFkWRYkh5oBejnxQJiSJPJ\/uKBp0Thszx9Mw8hMRIQjKsptCfuES9zr5WJY6vSFCIvE9fCMUmEM1A1kSXcYGxgVYsvI1IPKTZciSTI0us\/SMGG04gDzELDoFBwdcFJrF88dqgYMTiL6DILWYyfOWE8\/kIz38olCNlC03FK95+imxp6y4oUSvAnBjHHhKNtotSDqJzVFiK8c2SBqhZtsrTtgrLXwAyduxZHNE26eHUt5rtuM4WSmds3G+sUdWYo1L+XyxButoh5eKUHk5lByO3G1LqqCWVnfrv\/lyPtf\/4ps1cndNGIri8J1TJ0lx6dR\/oPjq1nbRwdp2dCk4CtIOLW3pVKRL6WZfS5vF2KkIQhpwSsjiYIgNCs1gEMGqiIq24NQX9NwoXFy8Ufrl3twTcg4fv8T9\/JBEySduj6Mjm4bMzYV7EEOxKjjoNDud7yY3Dy71Hq2oLmqfbNR723edH9PgMrNL2utoQ3VmaIDkiw\/4w51P06hlZsTZvkRrbVuSIs\/zwSOsycgzStQouoAkWQqioRT5XI7n2Z1wfVhoZmcAJLsoqjqpjbWCgpOAJXBwHK8PzWbNvoUZJND5wCnSkLAkZ1legx6vqQzjoiTahKlGUGLAiIIoABOHaNVw4sexZBym6\/HWlH5h3IC7yRbxtipcWxdTOkORKiNQAEkFf66x5S2oeRbroOlLgg0sSYkR0hRGEqJZ0jTPiQKatESdBckpWigxaapEH0lImHdWu9pUFF2XqMNM2Z4kped7IwEJw2qabwtrQqnpw6HyKkgcadKWsmpywwesDyIhYRpdzXddqegtGIJlXbAIUMOLkGxJUjRIkokwjUaX9d\/kK62ps\/tYUqZLIMkLTyBhsMZ3C5Z\/kDxOSCb\/DOs\/\/J0qcWSX\/2ipe56EgTCA4\/cB7NAYOsni4mZM1MUPAISoEwkDi4lhVBQ1cWQyIcwalw4EpqZN68JUSK7XC0kTlkLYii5uXSC8jT5ncCAS7mjCv0uHp\/3lueHEEAeQ\/\/VgmdN71\/2uCSA1Xr6DO6uI6sW56zqT2tp2PhgiRUAajV8CY2fkcz6WGNKMgLAt7tJAhD4YHMTeRxlALE6+43WqjSWi8ITxyJl8WrwWSNESQZZOqhDDntO3hJLsd5RtSpbJqdv3YrDJH3F7jL1R2O2aQkn2MyCyKYz0GPGIvSAMgBCrCEiJyKbBaYGwLW4uPRr0A0M4Ux5kUI7IBh+hMdiCEWNqhMZGyYMsOgNE58UQuEQeUnSWCMYwL54hkxK6IoqucQZbQ3pc3XtL0lky1dL0zZJJDpWJovFqpWj6JEHnyam2eQp5QRVAVHjWparTOaVwUOx99YS2MvgxIGV0bb+qIg2HX2qkFFJB+XZcbLiuRkuxD9GRroKyveLxdh4d7Orx+hb7qc3uVRuEogCOnyIxm4ubUoPgF4jianDrC+SDQDKEfJb0GUKmjCGPYHGJvVC6X4hw1\/sAfQAdfYyephIaspXe36RwOP+Ljvfx9B6B3i+Nk0DGq+oCbLn6JpBa9nWAveAIHwFAwtVcIJXPMPL8kRu5OAYPMaL1WScTxjiZDqB9LTJSWphow\/pTYKRTLjCBhvi9iBidvKcDasGSm0QQkycYuLBqj6QCELPctqChDWpTRMWkngNNpQ1Pfp1KkiT\/Y0DGffXAweUNfLAfaJFKDwhb6I+bkYRbkERoEeu3Fyjg2opMz2daZCS9jt6Q7txNfB+OZEVF6Zl5web2xunnLQrtrjXseXKaFYziYINeMFZVxS9VxRhOoesYwxPKXm+gWLG9cuFeq93UNNeJNsf1KlwuDok9n02n3TgIJpOxNfL9naIoQwXtfH9kjceTIIi709ncTg6LZbg+biLH1V6u\/7rxBem06VXKn9raAAAAAElFTkSuQmCC\")      no-repeat center center \/ contain;  }  @media screen and (max-width: 960px) and (orientation: portrait) {    .logo {      width: 100%;    }    .logo .pc-banner {      display: none;    }    .logo .m-banner {      display: block;      width: 100%;    }    .logo .m-banner img {      height: auto!important;    }    .ytvideo {      height: 200px;      width: 100%;    }  }<\/style><style>  .video-section {    width: 100%;    margin: 0 auto;  }  .video-section > img {    width: 100%;  }  .video-section iframe,  .video-section video {    width: 100%;    height: 100%;      }  .video-section-img-m,  .video-section-img-pc > img {    width: 100%;    height: auto;  }  .video-section-img-pc.small > img {    width: 970px;  }  .video-desc {    line-height: 1.5;    font-size: 20px;    font-weight: 400;    margin: 20px 0;    text-align: center;    color: #0f1111;    word-break: break-word;  }  @media screen and (max-width: 960px) and (orientation: portrait) {    .video-section {      width: 100%;    }    .video-section-pc,    .video-section-img-pc {      display: none;    }    .video-section-m,    .video-section-img-m {      display: block;    }    .video-desc {      font-size: 15px;    }  }  @media screen and (min-width: 960px) {    .video-section {      width: 100%;      margin: 0 auto;    }    .video-section-pc,    .video-section-img-pc {      display: block;    }    .video-section-m,    .video-section-img-m {      display: none;    }    .video-desc {      font-size: 20px;    }  }<\/style><style>  .section + .section {    margin-top: 35px;  }  .section-title {    text-align: center;    font-weight: bold;    color: #0d1111;    font-family: \"Arial\";    font-size: 32px;    margin: 15px 0;  }  .section-title:empty {    display: none;  }  .section-desc {    text-align: center;    font-weight: normal;    color: #0d1111;    margin-top: 20px;  }  .section-desc:empty {    display: none;  }  .section-img {    width: 1200px;    height: 492px;    margin: 0 auto;    display: block;  }  .section-img.small {    width: 970px;    height: auto;  }  .section-img.small > img {    height: auto;  }  .section-img > img {    width: 100%;    height: 100%;  }  .section-mobile-img {    display: none;    max-width: 100vw;    max-height: 75vw;    height: 450px;    margin: 0 auto;  }  .section-mobile-img > img {    width: 100%;    height: 100%;  }  @media screen and (max-width: 960px) and (orientation: portrait) {    .container {      width: 100%;    }    .container.small {      width: 100%;    }    .section-mobile-img {      display: block;    }    .section-img {      display: none;    }    .section-title {      font-size: 22px;      margin: 10px 0;    }    .section-desc {      margin-top: 10px;    }    .section + .section {      margin-top: 20px;    }  }<\/style><\/head><body><div class=\"container\"><div class=\"logo\"><div class=\"pc-banner\"><div><img decoding=\"async\" src=\"\/vevor\/vevor\/boutique-banner\/pc\/en-pc@1x.jpg\" style=\"width: 100%;\" \/><\/div><\/div><div class=\"m-banner\"><div><img decoding=\"async\" src=\"\/vevor\/vevor\/boutique-banner\/mobile\/en-m@1x.jpg\" style=\"width: 100%;\" \/><\/div><\/div><\/div><div class=\"section-title\">Paredz\u0113ts att\u0101lin\u0101tas sv\u0113r\u0161anas un gr\u016bt\u0101m viet\u0101m<\/div><div class=\"video-section\"><div class=\"video-section-img-pc\"><img decoding=\"async\" src=\"\/vevor\/product\/ZXDCDZK500GY8VDH7001\/crane-scale-a100-1.4.jpg\" \/><\/div><div class=\"video-section-img-m\"><img decoding=\"async\" src=\"\/vevor\/product\/ZXDCDZK500GY8VDH7001\/crane-scale-a100-1.4-m.jpg\" \/><\/div><div class=\"section-desc\">\u0160\u012b celt\u0146a skala apvieno lielu jaudu ar izteiksm\u012bgu iz\u0161\u0137irtsp\u0113ju.Atbild\u012bgs sensors nolasa smalkus 1 m\u0101rci\u0146as\/500 g soli, t\u0101p\u0113c j\u016bs ar vien\u0101du p\u0101rliec\u012bbu izsekojat s\u012bkas izmai\u0146as un lielas slodzes.<\/div><\/div><div class=\"section\"><div class=\"section-title\"><\/div><div class=\"section-img\"><img decoding=\"async\" src=\"\/vevor\/product\/ZXDCDZK500GY8VDH7001\/crane-scale-a100-2.2.jpg\" \/><\/div><div class=\"section-mobile-img\"><img decoding=\"async\" src=\"\/vevor\/product\/ZXDCDZK500GY8VDH7001\/crane-scale-a100-2.2-m.jpg\" \/><\/div><div class=\"section-desc\">\u0160aj\u0101 r\u016bpnieciskaj\u0101 piekares skal\u0101 tiek izmantota ner\u016bs\u0113jo\u0161\u0101 t\u0113rauda va\u017eas un cinkota t\u0113rauda \u0101\u0137is, kas iztur deform\u0101ciju un koroziju.Stingr\u0101 iestat\u012b\u0161ana pal\u012bdz izvair\u012bties no nejau\u0161as atkabin\u0101\u0161anas un nodro\u0161ina piek\u0101rto kravu dro\u0161\u012bbu \u2014 darbs p\u0113c darba!<\/div><\/div><div class=\"section\"><div class=\"section-title\"><\/div><div class=\"section-img\"><img decoding=\"async\" src=\"\/vevor\/product\/ZXDCDZK500GY8VDH7001\/crane-scale-a100-2.3.jpg\" \/><\/div><div class=\"section-mobile-img\"><img decoding=\"async\" src=\"\/vevor\/product\/ZXDCDZK500GY8VDH7001\/crane-scale-a100-2.3-m.jpg\" \/><\/div><div class=\"section-desc\">\u0160aj\u0101 digit\u0101laj\u0101 celt\u0146a skal\u0101 ir iek\u013cauta Peak Hold, Tare, Unit Switch un Overload Alert. Sist\u0113ma br\u012bdina gandr\u012bz maksim\u0101lo jaudu, lai pal\u012bdz\u0113tu nodro\u0161in\u0101t lietot\u0101jus un sensoru - vienm\u0113r\u012bgu, gudru un gatavu aiz\u0146emt\u0101m mai\u0146\u0101m.<\/div><\/div><div class=\"section\"><div class=\"section-title\"><\/div><div class=\"section-img\"><img decoding=\"async\" src=\"\/vevor\/product\/ZXDCDZK500GY8VDH7001\/crane-scale-a100-2.4.jpg\" \/><\/div><div class=\"section-mobile-img\"><img decoding=\"async\" src=\"\/vevor\/product\/ZXDCDZK500GY8VDH7001\/crane-scale-a100-2.4-m.jpg\" \/><\/div><div class=\"section-desc\">\u0160is piekaramais m\u0113rogs tiek pieg\u0101d\u0101ts ar IR t\u0101lvad\u012bbas pulti, kas darbojas l\u012bdz 16,4 p\u0113d\u0101m. J\u016bs vienk\u0101r\u0161i nor\u0101diet, noklik\u0161\u0137iniet un vad\u0101t b\u016btiskas funkcijas, lai j\u016bs var\u0113tu kontrol\u0113t pat tad, kad atk\u0101pjaties. Viegli!<\/div><\/div><div class=\"section\"><div class=\"section-title\"><\/div><div class=\"section-img\"><img decoding=\"async\" src=\"\/vevor\/product\/ZXDCDZK500GY8VDH7001\/crane-scale-a100-2.5.jpg\" \/><\/div><div class=\"section-mobile-img\"><img decoding=\"async\" src=\"\/vevor\/product\/ZXDCDZK500GY8VDH7001\/crane-scale-a100-2.5-m.jpg\" \/><\/div><div class=\"section-desc\">\u0160\u012b piekaram\u0101 svara skala atbilst r\u016bpn\u012bcas materi\u0101liem, doka pietura, lauksaimniec\u012bbas m\u0101jlopiem un ikdienas nozvejai. Viens sp\u0113j\u012bgs r\u012bks pal\u012bdz \u0101tri un dro\u0161i nosv\u0113rt vair\u0101kus darbus un gadalaikus.<\/div><\/div><div class=\"section\"><div class=\"section-img\"><img decoding=\"async\" src=\"\/vevor\/product\/ZXDCDZK500GY8VDH7001\/crane-scale-a100-1.11.jpg\" \/><\/div><div class=\"section-mobile-img\"><img decoding=\"async\" src=\"\/vevor\/product\/ZXDCDZK500GY8VDH7001\/crane-scale-a100-1.11-m.jpg\" \/><\/div><\/div><\/div><\/body><\/html><\/div>\n<div class=\"DM_at-title\" id=\"js-DM_at-title\"> <div>Produkta specifik\u0101cija<\/div> <i class=\"icon-arrowup_line\"><\/i> <\/div><div class=\"DM_at-goodsDescAttr\" id=\"js-DM_at-goodsDescAttr\"> <div class=\"DM_at-goodsDescAttrInner\"> <dl class=\"goodsDesc_item goodsDesc_item_even\"> <dt>Preces Mode\u013ca Numurs<\/dt> <dd> OCS-S<\/dd> <\/dl> <dl class=\"goodsDesc_item\"> <dt>Maks Jauda<\/dt> <dd> 4400 m\u0101rci\u0146as\/2000 kg<\/dd> <\/dl> <dl class=\"goodsDesc_item goodsDesc_item_even\"> <dt>Precizit\u0101te<\/dt> <dd> 1 m\u0101rci\u0146a\/500 g<\/dd> <\/dl> <dl class=\"goodsDesc_item\"> <dt>Galvenais materi\u0101ls<\/dt> <dd> Lietais alum\u012bnijs<\/dd> <\/dl> <dl class=\"goodsDesc_item goodsDesc_item_even\"> <dt>Displeja izm\u0113rs<\/dt> <dd> 2,5 x 1,5 collas\/63 x 37 mm<\/dd> <\/dl> <dl class=\"goodsDesc_item\"> <dt>Produkta Svars<\/dt> <dd> 4,2 m\u0101rci\u0146as\/1,9 kg<\/dd> <\/dl> <dl class=\"goodsDesc_item goodsDesc_item_even\"> <dt>Produkta Izm\u0113ri<\/dt> <dd> 5,1 x 11,8 x 3,5 collas\/130 x 300 x 90 mm<\/dd> <\/dl> <\/div> <\/div>","protected":false},"excerpt":{"rendered":"<ul>\n<li> Augsta precizit\u0101te un ietilp\u012bba: \u0161\u012b celt\u0146a skala m\u0113ra l\u012bdz 4400 m\u0101rci\u0146\u0101m\/2000 kg ar 1 m\u0101rci\u0146u\/500 g iz\u0161\u0137irtsp\u0113ju.J\u016bs p\u0101rsl\u0113dzat vien\u012bbas starp kg\/lb\/N sekund\u0113s.No j\u0113riem l\u012bdz vid\u0113ja izm\u0113ra r\u016bpnieciskajiem motoriem r\u0101d\u012bjumi paliek vienm\u0113r\u012bgi un uzticami <\/li>\n<li> Iztur\u012bgs un pretatlai\u0161anas l\u012bdzeklis: \u0161ai r\u016bpnieciskajai piekares skalai ir pilns alum\u012bnija korpuss, kas nodro\u0161ina iztur\u012bbu pret koroziju mitr\u0101s, putek\u013cain\u0101s viet\u0101s. Ner\u016bs\u0113jo\u0161\u0101 va\u017ea un pretatlai\u0161anas t\u0113rauda \u0101\u0137is pal\u012bdz pretoties atsl\u0101bin\u0101\u0161anai vai saliek\u0161anai, lai saglab\u0101tu slodzes dro\u0161u <\/li>\n<li> Lietot\u0101jam draudz\u012bgas funkcijas: \u0161\u012b digit\u0101l\u0101 celt\u0146a skala pievieno Peak Hold, Data Hold, Tare, Calibration, Overload Alert un Auto-Off. Skaidrs izk\u0101rtojums nodro\u0161ina \u0101tru iestat\u012b\u0161anu un vienk\u0101r\u0161u ikdienas darb\u012bbu <\/li>\n<li> 16,4 p\u0113du t\u0101lvad\u012bbas pults: \u0161aj\u0101 piekares skal\u0101 ir iek\u013cauta IR t\u0101lvad\u012bbas pults, kas darbojas ar liel\u0101ko da\u013cu funkciju l\u012bdz 16,4 p\u0113d\u0101m. J\u016bs nor\u0101d\u0101t un noklik\u0161\u0137iniet, lai izvair\u012btos no \u0161\u016bpojo\u0161\u0101m slodz\u0113m un \u0161aur\u0101m viet\u0101m, vienlaikus saglab\u0101jot piln\u012bgu kontroli <\/li>\n<li> Skaidrs Nolas\u012bjums jebkur: \u0160\u012b piekaram\u0101 svara skala pied\u0101v\u0101 360\u00b0 skat\u0101mu ekr\u0101nu, lai to var\u0113tu viegli nolas\u012bt no att\u0101luma.Pieci spilgtuma l\u012bme\u0146i un laika iestat\u012bjumi pal\u012bdz redz\u0113t svarus zem spilgtas saules vai viet\u0101s ar v\u0101ju apgaismojumu <\/li>\n<\/ul>","protected":false},"featured_media":450465,"comment_status":"open","ping_status":"open","template":"","meta":{"om_disable_all_campaigns":false,"_uf_show_specific_survey":0,"_uf_disable_surveys":false},"location":[1935,1934],"product_brand":[],"product_cat":[2431,2546,2432,2545],"product_tag":[],"class_list":{"0":"post-233903","1":"product","2":"type-product","3":"status-publish","4":"has-post-thumbnail","6":"location-supplier_stock_location","7":"location-local_stock_location","8":"product_cat-building-materials-2","9":"product_cat-hanging-scales","10":"product_cat-material-handling-equipment","11":"product_cat-package-handling","13":"first","14":"instock","15":"taxable","16":"shipping-taxable","17":"purchasable","18":"product-type-simple"},"aioseo_notices":[],"locations":[{"id":1935,"name":"Pieg\u0101d\u0101ja noliktav\u0101 (5-7dd.d)","slug":"supplier_stock_location","quantity":"4"},{"id":1934,"name":"R\u012bgas veikal\u0101 (0-2d.d.)","slug":"local_stock_location","quantity":"0"}],"_links":{"self":[{"href":"https:\/\/vevorshop.lv\/lv\/wp-json\/wp\/v2\/product\/233903","targetHints":{"allow":["GET"]}}],"collection":[{"href":"https:\/\/vevorshop.lv\/lv\/wp-json\/wp\/v2\/product"}],"about":[{"href":"https:\/\/vevorshop.lv\/lv\/wp-json\/wp\/v2\/types\/product"}],"replies":[{"embeddable":true,"href":"https:\/\/vevorshop.lv\/lv\/wp-json\/wp\/v2\/comments?post=233903"}],"wp:featuredmedia":[{"embeddable":true,"href":"https:\/\/vevorshop.lv\/lv\/wp-json\/wp\/v2\/media\/450465"}],"wp:attachment":[{"href":"https:\/\/vevorshop.lv\/lv\/wp-json\/wp\/v2\/media?parent=233903"}],"wp:term":[{"taxonomy":"location","embeddable":true,"href":"https:\/\/vevorshop.lv\/lv\/wp-json\/wp\/v2\/location?post=233903"},{"taxonomy":"product_brand","embeddable":true,"href":"https:\/\/vevorshop.lv\/lv\/wp-json\/wp\/v2\/product_brand?post=233903"},{"taxonomy":"product_cat","embeddable":true,"href":"https:\/\/vevorshop.lv\/lv\/wp-json\/wp\/v2\/product_cat?post=233903"},{"taxonomy":"product_tag","embeddable":true,"href":"https:\/\/vevorshop.lv\/lv\/wp-json\/wp\/v2\/product_tag?post=233903"}],"curies":[{"name":"wp","href":"https:\/\/api.w.org\/{rel}","templated":true}]}}