{"id":235086,"date":"2026-02-25T15:17:50","date_gmt":"2026-02-25T13:17:50","guid":{"rendered":"https:\/\/vevorshop.lv\/en_us\/Prece\/vevor-19-l-steel-parts-washer-13-l-solvent-tank-electric-pump-1-5-l-min-portable-automotive-parts-cleaner-for-workshops\/"},"modified":"2026-04-24T06:54:25","modified_gmt":"2026-04-24T03:54:25","slug":"vevor-19-l-steel-parts-washer-13-l-solvent-tank-electric-pump-1-5-l-min-portable-automotive-parts-cleaner-for-workshops","status":"publish","type":"product","link":"https:\/\/vevorshop.lv\/lv\/Prece\/vevor-19-l-terauda-detalu-mazgatajs-13-l-skidinataja-tvertnes-elektriskais-suknis-1-5-l-min-portativo-automobilu-detalu-tiritajs-darbnicam\/","title":{"rendered":"VEVOR 19 L t\u0113rauda deta\u013cu mazg\u0101t\u0101js, 13 L \u0161\u0137\u012bdin\u0101t\u0101ja tvertne, elektriskais s\u016bknis 1,5 L\/min, p\u0101rn\u0113s\u0101jams auto deta\u013cu t\u012br\u012bt\u0101js"},"content":{"rendered":"<div style=\"color: #fff!important; font-size: 16px; height: 24px; line-height: 24px; margin-top: -24px; \" class=\"product_original_name\">VEVOR deta\u013cu mazg\u0101t\u0101js, 19 l t\u012br\u012b\u0161anas tvertne, 13 l \u0161\u0137\u012bdin\u0101t\u0101ja ietilp\u012bba, 1,5 l min\u016bt\u0113 maksim\u0101l\u0101 s\u016bk\u0146a jauda, p\u0101rn\u0113s\u0101jams t\u0113rauda automobi\u013cu deta\u013cu t\u012br\u012bt\u0101js ar elektrisko s\u016bkni rite\u0146u gult\u0146iem, p\u0101rnesumiem un karburatoriem<\/div>\n<div style=\"color: #fff!important; font-size: 16px; height: 24px; line-height: 24px; margin-top: -24px; \" class=\"product_sku\">MM20A90B<\/div>\n<div style=\"color: #fff!important; font-size: 16px; height: 24px; line-height: 24px; margin-top: -24px; \" class=\"product_mpn\">QCLJQXT5GALB7DRNT001V2<\/div><div id=\"js-DM_at-goodDescRich\"><html><head><style>  body {    font-family: Arial;    line-height: 1.5;    color: #1c1c1c;    overflow-x: hidden;    margin: 0;    padding: 0;  }  .MsoNormal b {    font-weight: bolder;  }<\/style><style>  .container.small {    width: 970px;    margin: 0 auto;  }  .logo {    margin: 0 auto 0;  }  .logo img {    display: block;    margin: 0 auto;    max-width: 100%;  }  .logo .pc-banner {    display: block;    width: 1200px;    height: 247.4px;    margin: 0 auto;  }  .logo .pc-banner.small {    width: 970px;  }  .logo .pc-banner.small img {    height: auto!important;  }  .logo .m-banner {    display: none;  }  .ytvideo {    position: relative;    height: 546px;    width: 100%;    margin: 0 auto;  }  .ytvideo img {    width: 100%;    margin: 0 auto;  }  .ytvideo .play-btn {    width: 60px;    height: 42px;    position: absolute;    top: 50%;    left: 50%;    transform: translate(-50%, -50%);    background: url(\"data:image\/png;base64,iVBORw0KGgoAAAANSUhEUgAAAGQAAABGCAMAAAANWMFbAAAC+lBMVEUAAADBGB3kLCfBGB3kLCfcJC7BFx3KKSbiKybkLCbWJCPSIiLSIiLPICHAFx3kLCfgKSXNHiDZJiTIGx\/p4eHcjo7LHSDbJyTkLCbjKyfOHyHPIiL28fHJHB\/GGh7EGR7eKCXDGB3RISHlLSbBGB3AFxzGHB7DGB7BGB3hKybkKybAFx3lLCfAFxzDGR3hKibDGB7cJyTmz8\/elJTlwcHjurrUIyLlLSflLSfAFx3DGR7lLSfCFx3hKibhKibhKybjKybkLCblLSfbJSX49vbx7e3NNzjNMTLMJyjVIyLZf3\/ZQ0LaeHjx0tLgoqLkLCfCGB3HGx\/BGB3BFx3PICHCGB7WJCLOHyC\/Fxy\/Fx3lLCfQISHkLSe\/FxzbJiTBFx3FGx\/AGB7BFx3EGR7AGB3HHSDfKiXAFh3TISHYNzbhKibbJyTTIiL57e325+f039\/v2NjUV1fOHiHiqanfmprch4feKSXVIyPOICHmLibFGh\/mLSe\/Fx7XJCPeKSXXJSPNHyHaJyTGGh7lLCbmLCflLSjSIiLkLCbdKSXLHiC\/GB3KHh++Fh3lKyfoLiXcKCPkx8fYb2\/XaGfVXl3aU1LLHiDksbHgKibPICHbJyTfKSXbJyTCGB3KHSDiKybFGh7TIiL\/\/\/\/VIyPRISHIHB\/GGx\/HHB\/DGR7gKibdKCXLHiDZJiTMHiDNHyHYJSTOICHPICHWJCPcKCXXJSPjLCblLCf+\/f3NGR\/uLijzLynPGR\/IGB7WISHaIyLLGh7UAADxLynNAADRLzDbICLQAADIAAD3MCrUHSHXMTDpKSbLAADp5OTij4\/ejo\/VLy\/1LyngJSTcJCPQHx\/OHB7+\/PzaMS\/OLS\/vLijrLSjSAADaNTPwLyjkKSbNJCbYISHPHB\/KGB7WAAD7+vrn3d3aKynTKCjoLCfsKifRGh\/YAADq5+fhjo7QNDXXKCfmJyXt5+fTLzDLLi\/QKivYHRvMGBrQJCXLISPMExXLDxLaEAvkkI\/bOTfaFQ\/SCgpvLcnHAAAAmnRSTlMA+vv7+gT9Bvf9+8z8\/NSv\/Pr5+P7++vnQIBMP\/v38\/Pn348XDiCYf9OjbzcqxXVcx\/fz8+\/rj1r2poo1+fXFqX0orGP7+\/v7+\/fz8+\/r68uzn4trIxsG\/vri3p6GcmZSNbWVYUUZEPQv+\/f39+\/v7+\/v7+vr64tvV1NTTz87FtbSurqeblJKFg4B3bUY+NjL7+\/v7+\/v67t1cDo8JLQAABkRJREFUWMO0kz9rwkAYh0OIeJkum6YugUAhISCdKoj\/P4C7SMdS+gEKIhSKil10LSg4mzXkILdlEpxCpwTiWOLX6BujvQaEQuGeHLnL+\/64J+SIcKGYTYWnntpdLjrVdqvZmNdn0+EE40GtpuuWVS6Xx6N7YDSGpWXpeq02wHgynM7q80az1a52HpddtVcpsi1zFARBrdaxbhp9iUReTGmwA4KAAr7vx3EYejnCMI6hQYEgy0LQi4jUN0wL19vqFcUC9\/1dAKmEEFkWRYkh5oBejnxQJiSJPJ\/uKBp0Thszx9Mw8hMRIQjKsptCfuES9zr5WJY6vSFCIvE9fCMUmEM1A1kSXcYGxgVYsvI1IPKTZciSTI0us\/SMGG04gDzELDoFBwdcFJrF88dqgYMTiL6DILWYyfOWE8\/kIz38olCNlC03FK95+imxp6y4oUSvAnBjHHhKNtotSDqJzVFiK8c2SBqhZtsrTtgrLXwAyduxZHNE26eHUt5rtuM4WSmds3G+sUdWYo1L+XyxButoh5eKUHk5lByO3G1LqqCWVnfrv\/lyPtf\/4ps1cndNGIri8J1TJ0lx6dR\/oPjq1nbRwdp2dCk4CtIOLW3pVKRL6WZfS5vF2KkIQhpwSsjiYIgNCs1gEMGqiIq24NQX9NwoXFy8Ufrl3twTcg4fv8T9\/JBEySduj6Mjm4bMzYV7EEOxKjjoNDud7yY3Dy71Hq2oLmqfbNR723edH9PgMrNL2utoQ3VmaIDkiw\/4w51P06hlZsTZvkRrbVuSIs\/zwSOsycgzStQouoAkWQqioRT5XI7n2Z1wfVhoZmcAJLsoqjqpjbWCgpOAJXBwHK8PzWbNvoUZJND5wCnSkLAkZ1legx6vqQzjoiTahKlGUGLAiIIoABOHaNVw4sexZBym6\/HWlH5h3IC7yRbxtipcWxdTOkORKiNQAEkFf66x5S2oeRbroOlLgg0sSYkR0hRGEqJZ0jTPiQKatESdBckpWigxaapEH0lImHdWu9pUFF2XqMNM2Z4kped7IwEJw2qabwtrQqnpw6HyKkgcadKWsmpywwesDyIhYRpdzXddqegtGIJlXbAIUMOLkGxJUjRIkokwjUaX9d\/kK62ps\/tYUqZLIMkLTyBhsMZ3C5Z\/kDxOSCb\/DOs\/\/J0qcWSX\/2ipe56EgTCA4\/cB7NAYOsni4mZM1MUPAISoEwkDi4lhVBQ1cWQyIcwalw4EpqZN68JUSK7XC0kTlkLYii5uXSC8jT5ncCAS7mjCv0uHp\/3lueHEEAeQ\/\/VgmdN71\/2uCSA1Xr6DO6uI6sW56zqT2tp2PhgiRUAajV8CY2fkcz6WGNKMgLAt7tJAhD4YHMTeRxlALE6+43WqjSWi8ITxyJl8WrwWSNESQZZOqhDDntO3hJLsd5RtSpbJqdv3YrDJH3F7jL1R2O2aQkn2MyCyKYz0GPGIvSAMgBCrCEiJyKbBaYGwLW4uPRr0A0M4Ux5kUI7IBh+hMdiCEWNqhMZGyYMsOgNE58UQuEQeUnSWCMYwL54hkxK6IoqucQZbQ3pc3XtL0lky1dL0zZJJDpWJovFqpWj6JEHnyam2eQp5QRVAVHjWparTOaVwUOx99YS2MvgxIGV0bb+qIg2HX2qkFFJB+XZcbLiuRkuxD9GRroKyveLxdh4d7Orx+hb7qc3uVRuEogCOnyIxm4ubUoPgF4jianDrC+SDQDKEfJb0GUKmjCGPYHGJvVC6X4hw1\/sAfQAdfYyephIaspXe36RwOP+Ljvfx9B6B3i+Nk0DGq+oCbLn6JpBa9nWAveAIHwFAwtVcIJXPMPL8kRu5OAYPMaL1WScTxjiZDqB9LTJSWphow\/pTYKRTLjCBhvi9iBidvKcDasGSm0QQkycYuLBqj6QCELPctqChDWpTRMWkngNNpQ1Pfp1KkiT\/Y0DGffXAweUNfLAfaJFKDwhb6I+bkYRbkERoEeu3Fyjg2opMz2daZCS9jt6Q7txNfB+OZEVF6Zl5web2xunnLQrtrjXseXKaFYziYINeMFZVxS9VxRhOoesYwxPKXm+gWLG9cuFeq93UNNeJNsf1KlwuDok9n02n3TgIJpOxNfL9naIoQwXtfH9kjceTIIi709ncTg6LZbg+biLH1V6u\/7rxBem06VXKn9raAAAAAElFTkSuQmCC\")      no-repeat center center \/ contain;  }  @media screen and (max-width: 960px) and (orientation: portrait) {    .logo {      width: 100%;    }    .logo .pc-banner {      display: none;    }    .logo .m-banner {      display: block;      width: 100%;    }    .logo .m-banner img {      height: auto!important;    }    .ytvideo {      height: 200px;      width: 100%;    }  }<\/style><style>  .video-section {    width: 100%;    margin: 0 auto;  }  .video-section > img {    width: 100%;  }  .video-section iframe,  .video-section video {    width: 100%;    height: 100%;      }  .video-section-img-m,  .video-section-img-pc > img {    width: 100%;    height: auto;  }  .video-section-img-pc.small > img {    width: 970px;  }  .video-desc {    line-height: 1.5;    font-size: 20px;    font-weight: 400;    margin: 20px 0;    text-align: center;    color: #0f1111;    word-break: break-word;  }  @media screen and (max-width: 960px) and (orientation: portrait) {    .video-section {      width: 100%;    }    .video-section-pc,    .video-section-img-pc {      display: none;    }    .video-section-m,    .video-section-img-m {      display: block;    }    .video-desc {      font-size: 15px;    }  }  @media screen and (min-width: 960px) {    .video-section {      width: 100%;      margin: 0 auto;    }    .video-section-pc,    .video-section-img-pc {      display: block;    }    .video-section-m,    .video-section-img-m {      display: none;    }    .video-desc {      font-size: 20px;    }  }<\/style><style>  .section + .section {    margin-top: 35px;  }  .section-title {    text-align: center;    font-weight: bold;    color: #0d1111;    font-family: \"Arial\";    font-size: 32px;    margin: 15px 0;  }  .section-title:empty {    display: none;  }  .section-desc {    text-align: center;    font-weight: normal;    color: #0d1111;    margin-top: 20px;  }  .section-desc:empty {    display: none;  }  .section-img {    width: 1200px;    height: 492px;    margin: 0 auto;    display: block;  }  .section-img.small {    width: 970px;    height: auto;  }  .section-img.small > img {    height: auto;  }  .section-img > img {    width: 100%;    height: 100%;  }  .section-mobile-img {    display: none;    max-width: 100vw;    max-height: 75vw;    height: 450px;    margin: 0 auto;  }  .section-mobile-img > img {    width: 100%;    height: 100%;  }  @media screen and (max-width: 960px) and (orientation: portrait) {    .container {      width: 100%;    }    .container.small {      width: 100%;    }    .section-mobile-img {      display: block;    }    .section-img {      display: none;    }    .section-title {      font-size: 22px;      margin: 10px 0;    }    .section-desc {      margin-top: 10px;    }    .section + .section {      margin-top: 20px;    }  }<\/style><\/head><body><div class=\"container\"><div class=\"logo\"><div class=\"pc-banner\"><div><img decoding=\"async\" src=\"\/vevor\/vevor\/boutique-banner\/pc\/en-pc@1x.jpg\" style=\"width: 100%;\" \/><\/div><\/div><div class=\"m-banner\"><div><img decoding=\"async\" src=\"\/vevor\/vevor\/boutique-banner\/mobile\/en-m@1x.jpg\" style=\"width: 100%;\" \/><\/div><\/div><\/div><div class=\"section-title\">Efekt\u012bva t\u012br\u012b\u0161ana<\/div><div class=\"video-section\"><div class=\"video-section-img-pc\"><img decoding=\"async\" src=\"\/vevor\/product\/QCLJQXT5GALB7DRNT001\/parts-washer-uk-a100-1.4.jpg\" \/><\/div><div class=\"video-section-img-m\"><img decoding=\"async\" src=\"\/vevor\/product\/QCLJQXT5GALB7DRNT001\/parts-washer-uk-a100-1.4-m.jpg\" \/><\/div><div class=\"section-desc\">5 galonu deta\u013cu mazg\u0101t\u0101js \u013cauj vienlaic\u012bgi t\u012br\u012bt vair\u0101kas automobi\u013cu deta\u013cas, bez piep\u016bles not\u012brot sp\u012bt\u012bgos taukus un net\u012brumus.<\/div><\/div><div class=\"section\"><div class=\"section-title\"><\/div><div class=\"section-img\"><img decoding=\"async\" src=\"\/vevor\/product\/QCLJQXT5GALB7DRNT001\/parts-washer-uk-a100-2.2.jpg\" \/><\/div><div class=\"section-mobile-img\"><img decoding=\"async\" src=\"\/vevor\/product\/QCLJQXT5GALB7DRNT001\/parts-washer-uk-a100-2.2-m.jpg\" \/><\/div><div class=\"section-desc\">\u0160is automobi\u013cu deta\u013cu mazg\u0101t\u0101js ar augstas pl\u016bsmas elektrisko filtru s\u016bkni nodro\u0161ina efekt\u012bvu t\u012br\u012b\u0161anu, atjaunojot automobi\u013cu deta\u013cas atsvaidzin\u0101t\u0101 st\u0101vokl\u012b.<\/div><\/div><div class=\"section\"><div class=\"section-title\"><\/div><div class=\"section-img\"><img decoding=\"async\" src=\"\/vevor\/product\/QCLJQXT5GALB7DRNT001\/parts-washer-uk-a100-2.3.jpg\" \/><\/div><div class=\"section-mobile-img\"><img decoding=\"async\" src=\"\/vevor\/product\/QCLJQXT5GALB7DRNT001\/parts-washer-uk-a100-2.3-m.jpg\" \/><\/div><div class=\"section-desc\">M\u016bsu automobi\u013cu deta\u013cu mazg\u0101\u0161anas t\u012br\u012bt\u0101js nodro\u0161ina elektrisko filtr\u0113\u0161anas s\u016bkni T\u012br\u012b\u0161anas \u0161\u0137\u012bdums iziet caur sieta filtru, p\u0113c tam non\u0101k s\u016bkn\u012b un izpl\u016bst caur zoss kakla cauruli atk\u0101rtotai cirkul\u0101cijai Regul\u0113jamais zoss kakls nodro\u0161ina deta\u013cu piln\u012bgu t\u012br\u012b\u0161anas \u0161\u0137\u012bduma p\u0101rkl\u0101jumu.<\/div><\/div><div class=\"section\"><div class=\"section-title\"><\/div><div class=\"section-img\"><img decoding=\"async\" src=\"\/vevor\/product\/QCLJQXT5GALB7DRNT001\/parts-washer-uk-a100-2.4.jpg\" \/><\/div><div class=\"section-mobile-img\"><img decoding=\"async\" src=\"\/vevor\/product\/QCLJQXT5GALB7DRNT001\/parts-washer-uk-a100-2.4-m.jpg\" \/><\/div><div class=\"section-desc\">Ar 5 galonu ietilp\u012bbas tvertni m\u016bsu deta\u013cu t\u012br\u012b\u0161anas tvertne vienlaikus not\u012bra vair\u0101kas mazas deta\u013cas. Sverot tikai 15 m\u0101rci\u0146as, to var bez piep\u016bles p\u0101rvietot no darbn\u012bcas uz gar\u0101\u017eu.<\/div><\/div><div class=\"section\"><div class=\"section-title\"><\/div><div class=\"section-img\"><img decoding=\"async\" src=\"\/vevor\/product\/QCLJQXT5GALB7DRNT001\/parts-washer-uk-a100-2.5.jpg\" \/><\/div><div class=\"section-mobile-img\"><img decoding=\"async\" src=\"\/vevor\/product\/QCLJQXT5GALB7DRNT001\/parts-washer-uk-a100-2.5-m.jpg\" \/><\/div><div class=\"section-desc\">Deta\u013cu mazg\u0101\u0161anas t\u012br\u012bt\u0101js var \u0101tri iz\u0161\u0137\u012bdin\u0101t taukus, net\u012brumus un e\u013c\u013cu uz dzin\u0113ja sast\u0101vda\u013c\u0101m un cit\u0101m e\u013c\u013cain\u0101m da\u013c\u0101m.<\/div><\/div><div class=\"section\"><div class=\"section-img\"><img decoding=\"async\" src=\"\/vevor\/product\/QCLJQXT5GALB7DRNT001\/parts-washer-uk-a100-1.11.jpg\" \/><\/div><div class=\"section-mobile-img\"><img decoding=\"async\" src=\"\/vevor\/product\/QCLJQXT5GALB7DRNT001\/parts-washer-uk-a100-1.11-m.jpg\" \/><\/div><\/div><\/div><\/body><\/html><\/div>\n<div class=\"DM_at-title\" id=\"js-DM_at-title\"> <div>Produkta specifik\u0101cija<\/div> <i class=\"icon-arrowup_line\"><\/i> <\/div><div class=\"DM_at-goodsDescAttr\" id=\"js-DM_at-goodsDescAttr\"> <div class=\"DM_at-goodsDescAttrInner\"> <dl class=\"goodsDesc_item goodsDesc_item_even\"> <dt>Preces Mode\u013ca Numurs<\/dt> <dd> XH-PW3-1\/2G<\/dd> <\/dl> <dl class=\"goodsDesc_item\"> <dt>Str\u0101vas Padeve<\/dt> <dd> Mai\u0146str\u0101va 230 V 50 Hz<\/dd> <\/dl> <dl class=\"goodsDesc_item goodsDesc_item_even\"> <dt>\u016adens s\u016bk\u0146a jauda<\/dt> <dd> 26W<\/dd> <\/dl> <dl class=\"goodsDesc_item\"> <dt>Izejas pl\u016bsmas \u0101trums<\/dt> <dd> 0,4 GPM (1,5 l\/min)<\/dd> <\/dl> <dl class=\"goodsDesc_item goodsDesc_item_even\"> <dt>T\u012br\u012b\u0161anas tvertnes ietilp\u012bba<\/dt> <dd> 5 galoni \/ 19 l<\/dd> <\/dl> <dl class=\"goodsDesc_item\"> <dt>\u0160\u0137\u012bdin\u0101t\u0101ja ietilp\u012bba<\/dt> <dd> 3,5 Gal \/ 13 L<\/dd> <\/dl> <dl class=\"goodsDesc_item goodsDesc_item_even\"> <dt>Neto Svars<\/dt> <dd> 15 m\u0101rci\u0146as \/ 6,8 kg<\/dd> <\/dl> <dl class=\"goodsDesc_item\"> <dt>Produkta Izm\u0113ri<\/dt> <dd> 18,11 x 13,39 x 9,06 collas \/ 460 x 340 x 230 mm<\/dd> <\/dl> <\/div> <\/div>","protected":false},"excerpt":{"rendered":"<ul>\n<li> Ciklisk\u0101 t\u012br\u012b\u0161ana: M\u016bsu deta\u013cu t\u012br\u012bt\u0101js nodro\u0161ina elektrisko filtr\u0113\u0161anas s\u016bkni T\u012br\u012b\u0161anas \u0161\u0137\u012bdums iziet caur sieta filtru, p\u0113c tam non\u0101k s\u016bkn\u012b un izpl\u016bst caur zoss kakla cauruli cirkul\u0101cijai, ietaupot mazg\u0101\u0161anas l\u012bdzekli <\/li>\n<li> Elast\u012bgs zoss kakls: m\u016bsu automobi\u013cu deta\u013cu mazg\u0101t\u0101ja izliekto zoss kaklu var piel\u0101got, lai \u013cautu t\u012br\u012b\u0161anas \u0161\u0137idrumam piln\u012bb\u0101 pl\u016bst pa deta\u013cu virsm\u0101m. Tas var \u0101tri iz\u0161\u0137\u012bdin\u0101t taukus, net\u012brumus un e\u013c\u013cu no dzin\u0113ja sast\u0101vda\u013c\u0101m un cit\u0101m e\u013c\u013cas da\u013c\u0101m <\/li>\n<li> Kompakts un p\u0101rn\u0113s\u0101jams: ar 5 galonu ietilp\u012bbas tvertni m\u016bsu automobi\u013cu deta\u013cu mazg\u0101\u0161anas t\u012br\u012bt\u0101js vienlaikus not\u012bra vair\u0101kas mazas deta\u013cas. Tas sver tikai 15 m\u0101rci\u0146as, un to var bez piep\u016bles p\u0101rvietot no darbn\u012bcas uz gar\u0101\u017eu <\/li>\n<li> Pla\u0161s pielietojums: \u0161\u012b deta\u013cu t\u012br\u012b\u0161anas tvertne ir ide\u0101li piem\u0113rota auto remontdarbn\u012bc\u0101m, gar\u0101\u017e\u0101m, noliktav\u0101m un darbn\u012bc\u0101m. T\u0101 efekt\u012bvi not\u012bra nelielas deta\u013cas, tostarp rite\u0146u rumbas gult\u0146us, zobratus, karburatorus, v\u0101rstu komplektus, transmisijas korpusus un daudz ko citu <\/li>\n<li> Ilgtermi\u0146a iztur\u012bba: Izstr\u0101d\u0101ts no iztur\u012bga t\u0113rauda ar r\u016bsas iztur\u012bgu un korozijiztur\u012bgu pulvera p\u0101rkl\u0101jumu, m\u016bsu deta\u013cu mazg\u0101\u0161anas t\u012br\u012bt\u0101js nodro\u0161ina ilgsto\u0161u iztur\u012bbu <\/li>\n<\/ul>","protected":false},"featured_media":451557,"comment_status":"open","ping_status":"open","template":"","meta":{"om_disable_all_campaigns":false,"_uf_show_specific_survey":0,"_uf_disable_surveys":false},"location":[1935,1934],"product_brand":[],"product_cat":[133,2544,2462],"product_tag":[],"class_list":{"0":"post-235086","1":"product","2":"type-product","3":"status-publish","4":"has-post-thumbnail","6":"location-supplier_stock_location","7":"location-local_stock_location","8":"product_cat-automotive","9":"product_cat-parts-washers-shop-equipment","10":"product_cat-shop-equipment","12":"first","13":"outofstock","14":"taxable","15":"shipping-taxable","16":"purchasable","17":"product-type-simple"},"aioseo_notices":[],"locations":[{"id":1935,"name":"Pieg\u0101d\u0101ja noliktav\u0101 (5-7dd.d)","slug":"supplier_stock_location","quantity":"0"},{"id":1934,"name":"R\u012bgas veikal\u0101 (0-2d.d.)","slug":"local_stock_location","quantity":"0"}],"_links":{"self":[{"href":"https:\/\/vevorshop.lv\/lv\/wp-json\/wp\/v2\/product\/235086","targetHints":{"allow":["GET"]}}],"collection":[{"href":"https:\/\/vevorshop.lv\/lv\/wp-json\/wp\/v2\/product"}],"about":[{"href":"https:\/\/vevorshop.lv\/lv\/wp-json\/wp\/v2\/types\/product"}],"replies":[{"embeddable":true,"href":"https:\/\/vevorshop.lv\/lv\/wp-json\/wp\/v2\/comments?post=235086"}],"wp:featuredmedia":[{"embeddable":true,"href":"https:\/\/vevorshop.lv\/lv\/wp-json\/wp\/v2\/media\/451557"}],"wp:attachment":[{"href":"https:\/\/vevorshop.lv\/lv\/wp-json\/wp\/v2\/media?parent=235086"}],"wp:term":[{"taxonomy":"location","embeddable":true,"href":"https:\/\/vevorshop.lv\/lv\/wp-json\/wp\/v2\/location?post=235086"},{"taxonomy":"product_brand","embeddable":true,"href":"https:\/\/vevorshop.lv\/lv\/wp-json\/wp\/v2\/product_brand?post=235086"},{"taxonomy":"product_cat","embeddable":true,"href":"https:\/\/vevorshop.lv\/lv\/wp-json\/wp\/v2\/product_cat?post=235086"},{"taxonomy":"product_tag","embeddable":true,"href":"https:\/\/vevorshop.lv\/lv\/wp-json\/wp\/v2\/product_tag?post=235086"}],"curies":[{"name":"wp","href":"https:\/\/api.w.org\/{rel}","templated":true}]}}