{"id":236256,"date":"2026-02-25T15:47:56","date_gmt":"2026-02-25T13:47:56","guid":{"rendered":"https:\/\/vevorshop.lv\/en_us\/Prece\/vevor-4x-500w-solar-street-lights-50000lm-motion-sensor-rf-remote-ip65-led-parking-lot-yard-lighting-dusk-to-dawn\/"},"modified":"2026-05-04T13:17:10","modified_gmt":"2026-05-04T10:17:10","slug":"vevor-4x-500w-solar-street-lights-50000lm-motion-sensor-rf-remote-ip65-led-parking-lot-yard-lighting-dusk-to-dawn","status":"publish","type":"product","link":"https:\/\/vevorshop.lv\/lv\/Prece\/vevor-4x-500w-saules-ielu-gaismas-50000lm-kustibas-sensors-rf-talvadibas-ip65-vadija-autostavvieta-pagalma-apgaismojums-kresla-lidz-ritausmai\/","title":{"rendered":"VEVOR 4x 500W saules ielu lampas 50000 lm ar kust\u012bbu sensoru, RF pulti, IP65 LED st\u0101vlaukumu un pagalmu apgaismojumam"},"content":{"rendered":"<div style=\"color: #fff!important; font-size: 16px; height: 24px; line-height: 24px; margin-top: -24px; \" class=\"product_original_name\">VEVOR 4 Pack 500W Solar Street Lights Outdoor, 50000LM, Komerci\u0101l\u0101s autost\u0101vvietas gaismas no kr\u0113slas l\u012bdz r\u012btausmai, LED pl\u016bdu dro\u0161\u012bbas lampa ar kust\u012bbas sensoru, IP65 \u016bdensnecaurlaid\u012bgs \u0101ra apgaismojums, piebraucam\u0101 ce\u013ca pagalmam<\/div>\n<div style=\"color: #fff!important; font-size: 16px; height: 24px; line-height: 24px; margin-top: -24px; \" class=\"product_sku\">MM20S22O<\/div>\n<div style=\"color: #fff!important; font-size: 16px; height: 24px; line-height: 24px; margin-top: -24px; \" class=\"product_mpn\">YTSTYNLDHS4JFHXST001V9<\/div><div id=\"js-DM_at-goodDescRich\"><html><head><style>  body {    font-family: Arial;    line-height: 1.5;    color: #1c1c1c;    overflow-x: hidden;    margin: 0;    padding: 0;  }  .MsoNormal b {    font-weight: bolder;  }<\/style><style>  .container.small {    width: 970px;    margin: 0 auto;  }  .logo {    margin: 0 auto 0;  }  .logo img {    display: block;    margin: 0 auto;    max-width: 100%;  }  .logo .pc-banner {    display: block;    width: 1200px;    height: 247.4px;    margin: 0 auto;  }  .logo .pc-banner.small {    width: 970px;  }  .logo .pc-banner.small img {    height: auto!important;  }  .logo .m-banner {    display: none;  }  .ytvideo {    position: relative;    height: 546px;    width: 100%;    margin: 0 auto;  }  .ytvideo img {    width: 100%;    margin: 0 auto;  }  .ytvideo .play-btn {    width: 60px;    height: 42px;    position: absolute;    top: 50%;    left: 50%;    transform: translate(-50%, -50%);    background: url(\"data:image\/png;base64,iVBORw0KGgoAAAANSUhEUgAAAGQAAABGCAMAAAANWMFbAAAC+lBMVEUAAADBGB3kLCfBGB3kLCfcJC7BFx3KKSbiKybkLCbWJCPSIiLSIiLPICHAFx3kLCfgKSXNHiDZJiTIGx\/p4eHcjo7LHSDbJyTkLCbjKyfOHyHPIiL28fHJHB\/GGh7EGR7eKCXDGB3RISHlLSbBGB3AFxzGHB7DGB7BGB3hKybkKybAFx3lLCfAFxzDGR3hKibDGB7cJyTmz8\/elJTlwcHjurrUIyLlLSflLSfAFx3DGR7lLSfCFx3hKibhKibhKybjKybkLCblLSfbJSX49vbx7e3NNzjNMTLMJyjVIyLZf3\/ZQ0LaeHjx0tLgoqLkLCfCGB3HGx\/BGB3BFx3PICHCGB7WJCLOHyC\/Fxy\/Fx3lLCfQISHkLSe\/FxzbJiTBFx3FGx\/AGB7BFx3EGR7AGB3HHSDfKiXAFh3TISHYNzbhKibbJyTTIiL57e325+f039\/v2NjUV1fOHiHiqanfmprch4feKSXVIyPOICHmLibFGh\/mLSe\/Fx7XJCPeKSXXJSPNHyHaJyTGGh7lLCbmLCflLSjSIiLkLCbdKSXLHiC\/GB3KHh++Fh3lKyfoLiXcKCPkx8fYb2\/XaGfVXl3aU1LLHiDksbHgKibPICHbJyTfKSXbJyTCGB3KHSDiKybFGh7TIiL\/\/\/\/VIyPRISHIHB\/GGx\/HHB\/DGR7gKibdKCXLHiDZJiTMHiDNHyHYJSTOICHPICHWJCPcKCXXJSPjLCblLCf+\/f3NGR\/uLijzLynPGR\/IGB7WISHaIyLLGh7UAADxLynNAADRLzDbICLQAADIAAD3MCrUHSHXMTDpKSbLAADp5OTij4\/ejo\/VLy\/1LyngJSTcJCPQHx\/OHB7+\/PzaMS\/OLS\/vLijrLSjSAADaNTPwLyjkKSbNJCbYISHPHB\/KGB7WAAD7+vrn3d3aKynTKCjoLCfsKifRGh\/YAADq5+fhjo7QNDXXKCfmJyXt5+fTLzDLLi\/QKivYHRvMGBrQJCXLISPMExXLDxLaEAvkkI\/bOTfaFQ\/SCgpvLcnHAAAAmnRSTlMA+vv7+gT9Bvf9+8z8\/NSv\/Pr5+P7++vnQIBMP\/v38\/Pn348XDiCYf9OjbzcqxXVcx\/fz8+\/rj1r2poo1+fXFqX0orGP7+\/v7+\/fz8+\/r68uzn4trIxsG\/vri3p6GcmZSNbWVYUUZEPQv+\/f39+\/v7+\/v7+vr64tvV1NTTz87FtbSurqeblJKFg4B3bUY+NjL7+\/v7+\/v67t1cDo8JLQAABkRJREFUWMO0kz9rwkAYh0OIeJkum6YugUAhISCdKoj\/P4C7SMdS+gEKIhSKil10LSg4mzXkILdlEpxCpwTiWOLX6BujvQaEQuGeHLnL+\/64J+SIcKGYTYWnntpdLjrVdqvZmNdn0+EE40GtpuuWVS6Xx6N7YDSGpWXpeq02wHgynM7q80az1a52HpddtVcpsi1zFARBrdaxbhp9iUReTGmwA4KAAr7vx3EYejnCMI6hQYEgy0LQi4jUN0wL19vqFcUC9\/1dAKmEEFkWRYkh5oBejnxQJiSJPJ\/uKBp0Thszx9Mw8hMRIQjKsptCfuES9zr5WJY6vSFCIvE9fCMUmEM1A1kSXcYGxgVYsvI1IPKTZciSTI0us\/SMGG04gDzELDoFBwdcFJrF88dqgYMTiL6DILWYyfOWE8\/kIz38olCNlC03FK95+imxp6y4oUSvAnBjHHhKNtotSDqJzVFiK8c2SBqhZtsrTtgrLXwAyduxZHNE26eHUt5rtuM4WSmds3G+sUdWYo1L+XyxButoh5eKUHk5lByO3G1LqqCWVnfrv\/lyPtf\/4ps1cndNGIri8J1TJ0lx6dR\/oPjq1nbRwdp2dCk4CtIOLW3pVKRL6WZfS5vF2KkIQhpwSsjiYIgNCs1gEMGqiIq24NQX9NwoXFy8Ufrl3twTcg4fv8T9\/JBEySduj6Mjm4bMzYV7EEOxKjjoNDud7yY3Dy71Hq2oLmqfbNR723edH9PgMrNL2utoQ3VmaIDkiw\/4w51P06hlZsTZvkRrbVuSIs\/zwSOsycgzStQouoAkWQqioRT5XI7n2Z1wfVhoZmcAJLsoqjqpjbWCgpOAJXBwHK8PzWbNvoUZJND5wCnSkLAkZ1legx6vqQzjoiTahKlGUGLAiIIoABOHaNVw4sexZBym6\/HWlH5h3IC7yRbxtipcWxdTOkORKiNQAEkFf66x5S2oeRbroOlLgg0sSYkR0hRGEqJZ0jTPiQKatESdBckpWigxaapEH0lImHdWu9pUFF2XqMNM2Z4kped7IwEJw2qabwtrQqnpw6HyKkgcadKWsmpywwesDyIhYRpdzXddqegtGIJlXbAIUMOLkGxJUjRIkokwjUaX9d\/kK62ps\/tYUqZLIMkLTyBhsMZ3C5Z\/kDxOSCb\/DOs\/\/J0qcWSX\/2ipe56EgTCA4\/cB7NAYOsni4mZM1MUPAISoEwkDi4lhVBQ1cWQyIcwalw4EpqZN68JUSK7XC0kTlkLYii5uXSC8jT5ncCAS7mjCv0uHp\/3lueHEEAeQ\/\/VgmdN71\/2uCSA1Xr6DO6uI6sW56zqT2tp2PhgiRUAajV8CY2fkcz6WGNKMgLAt7tJAhD4YHMTeRxlALE6+43WqjSWi8ITxyJl8WrwWSNESQZZOqhDDntO3hJLsd5RtSpbJqdv3YrDJH3F7jL1R2O2aQkn2MyCyKYz0GPGIvSAMgBCrCEiJyKbBaYGwLW4uPRr0A0M4Ux5kUI7IBh+hMdiCEWNqhMZGyYMsOgNE58UQuEQeUnSWCMYwL54hkxK6IoqucQZbQ3pc3XtL0lky1dL0zZJJDpWJovFqpWj6JEHnyam2eQp5QRVAVHjWparTOaVwUOx99YS2MvgxIGV0bb+qIg2HX2qkFFJB+XZcbLiuRkuxD9GRroKyveLxdh4d7Orx+hb7qc3uVRuEogCOnyIxm4ubUoPgF4jianDrC+SDQDKEfJb0GUKmjCGPYHGJvVC6X4hw1\/sAfQAdfYyephIaspXe36RwOP+Ljvfx9B6B3i+Nk0DGq+oCbLn6JpBa9nWAveAIHwFAwtVcIJXPMPL8kRu5OAYPMaL1WScTxjiZDqB9LTJSWphow\/pTYKRTLjCBhvi9iBidvKcDasGSm0QQkycYuLBqj6QCELPctqChDWpTRMWkngNNpQ1Pfp1KkiT\/Y0DGffXAweUNfLAfaJFKDwhb6I+bkYRbkERoEeu3Fyjg2opMz2daZCS9jt6Q7txNfB+OZEVF6Zl5web2xunnLQrtrjXseXKaFYziYINeMFZVxS9VxRhOoesYwxPKXm+gWLG9cuFeq93UNNeJNsf1KlwuDok9n02n3TgIJpOxNfL9naIoQwXtfH9kjceTIIi709ncTg6LZbg+biLH1V6u\/7rxBem06VXKn9raAAAAAElFTkSuQmCC\")      no-repeat center center \/ contain;  }  @media screen and (max-width: 960px) and (orientation: portrait) {    .logo {      width: 100%;    }    .logo .pc-banner {      display: none;    }    .logo .m-banner {      display: block;      width: 100%;    }    .logo .m-banner img {      height: auto!important;    }    .ytvideo {      height: 200px;      width: 100%;    }  }<\/style><style>  .video-section {    width: 100%;    margin: 0 auto;  }  .video-section > img {    width: 100%;  }  .video-section iframe,  .video-section video {    width: 100%;    height: 100%;      }  .video-section-img-m,  .video-section-img-pc > img {    width: 100%;    height: auto;  }  .video-section-img-pc.small > img {    width: 970px;  }  .video-desc {    line-height: 1.5;    font-size: 20px;    font-weight: 400;    margin: 20px 0;    text-align: center;    color: #0f1111;    word-break: break-word;  }  @media screen and (max-width: 960px) and (orientation: portrait) {    .video-section {      width: 100%;    }    .video-section-pc,    .video-section-img-pc {      display: none;    }    .video-section-m,    .video-section-img-m {      display: block;    }    .video-desc {      font-size: 15px;    }  }  @media screen and (min-width: 960px) {    .video-section {      width: 100%;      margin: 0 auto;    }    .video-section-pc,    .video-section-img-pc {      display: block;    }    .video-section-m,    .video-section-img-m {      display: none;    }    .video-desc {      font-size: 20px;    }  }<\/style><style>  .section + .section {    margin-top: 35px;  }  .section-title {    text-align: center;    font-weight: bold;    color: #0d1111;    font-family: \"Arial\";    font-size: 32px;    margin: 15px 0;  }  .section-title:empty {    display: none;  }  .section-desc {    text-align: center;    font-weight: normal;    color: #0d1111;    margin-top: 20px;  }  .section-desc:empty {    display: none;  }  .section-img {    width: 1200px;    height: 492px;    margin: 0 auto;    display: block;  }  .section-img.small {    width: 970px;    height: auto;  }  .section-img.small > img {    height: auto;  }  .section-img > img {    width: 100%;    height: 100%;  }  .section-mobile-img {    display: none;    max-width: 100vw;    max-height: 75vw;    height: 450px;    margin: 0 auto;  }  .section-mobile-img > img {    width: 100%;    height: 100%;  }  @media screen and (max-width: 960px) and (orientation: portrait) {    .container {      width: 100%;    }    .container.small {      width: 100%;    }    .section-mobile-img {      display: block;    }    .section-img {      display: none;    }    .section-title {      font-size: 22px;      margin: 10px 0;    }    .section-desc {      margin-top: 10px;    }    .section + .section {      margin-top: 20px;    }  }<\/style><\/head><body><div class=\"container\"><div class=\"logo\"><div class=\"pc-banner\"><div><img decoding=\"async\" src=\"\/vevor\/vevor\/boutique-banner\/pc\/en-pc@1x.jpg\" style=\"width: 100%;\" \/><\/div><\/div><div class=\"m-banner\"><div><img decoding=\"async\" src=\"\/vevor\/vevor\/boutique-banner\/mobile\/en-m@1x.jpg\" style=\"width: 100%;\" \/><\/div><\/div><\/div><div class=\"section-title\">Spilgts apgaismojums<\/div><div class=\"video-section\"><div class=\"video-section-img-pc\"><img decoding=\"async\" src=\"\/vevor\/product\/YTSTYNLDHS4JFHXST001\/solar-street-light-a100-1.4.jpg\" \/><\/div><div class=\"video-section-img-m\"><img decoding=\"async\" src=\"\/vevor\/product\/YTSTYNLDHS4JFHXST001\/solar-street-light-a100-1.4-m.jpg\" \/><\/div><div class=\"section-desc\">\u0160\u012b saules ielu apgaismojuma \u0101ra gaisma, kurai ir 5730 augstas spilgtuma, ener\u0123iju taupo\u0161as LED lod\u012btes, izstaro gaismu 240\u00b0 le\u0146\u0137\u012b. Tas var apgaismot pagalma ce\u013cu liel\u0101 teritorij\u0101 ar spilgtu gaismu bez mirgo\u0161anas.<\/div><\/div><div class=\"section\"><div class=\"section-title\"><\/div><div class=\"section-img\"><img decoding=\"async\" src=\"\/vevor\/product\/YTSTYNLDHS4JFHXST001\/solar-street-light-a100-2.2.jpg\" \/><\/div><div class=\"section-mobile-img\"><img decoding=\"async\" src=\"\/vevor\/product\/YTSTYNLDHS4JFHXST001\/solar-street-light-a100-2.2-m.jpg\" \/><\/div><div class=\"section-desc\">M\u016bsu saules st\u0101vvietas apgaismojums, ko darbina lielas ietilp\u012bbas litija akumulators, dienas laik\u0101 sav\u0101c un uzglab\u0101 saules ener\u0123iju, p\u0101rv\u0113r\u0161ot to elektr\u012bb\u0101, lai nodro\u0161in\u0101tu nep\u0101rtrauktu nakts apgaismojumu, t\u0101d\u0113j\u0101di ietaupot ener\u0123ijas izmaksas.<\/div><\/div><div class=\"section\"><div class=\"section-title\"><\/div><div class=\"section-img\"><img decoding=\"async\" src=\"\/vevor\/product\/YTSTYNLDHS4JFHXST001\/solar-street-light-a100-2.3.jpg\" \/><\/div><div class=\"section-mobile-img\"><img decoding=\"async\" src=\"\/vevor\/product\/YTSTYNLDHS4JFHXST001\/solar-street-light-a100-2.3-m.jpg\" \/><\/div><div class=\"section-desc\">M\u016bsu LED saules ener\u0123ijas ielu apgaismojums, ko kontrol\u0113, izmantojot RF t\u0101lvad\u012bbas pulti, \u013cauj piel\u0101got da\u017e\u0101dus re\u017e\u012bmus p\u0113c vajadz\u012bbas, padarot darb\u012bbu efekt\u012bv\u0101ku un \u0113rt\u0101ku.<\/div><\/div><div class=\"section\"><div class=\"section-title\"><\/div><div class=\"section-img\"><img decoding=\"async\" src=\"\/vevor\/product\/YTSTYNLDHS4JFHXST001\/solar-street-light-a100-2.4.jpg\" \/><\/div><div class=\"section-mobile-img\"><img decoding=\"async\" src=\"\/vevor\/product\/YTSTYNLDHS4JFHXST001\/solar-street-light-a100-2.4-m.jpg\" \/><\/div><div class=\"section-desc\">Ieskaitot visus nepiecie\u0161amos mont\u0101\u017eas piederumus, \u0161o saules ielu lampu ir viegli uzst\u0101d\u012bt Nav nepiecie\u0161ama elektroinstal\u0101cija vai mar\u0161rut\u0113\u0161ana Vienk\u0101r\u0161i nostipriniet to ar skr\u016bv\u0113m, un j\u016bs esat pabeidzis.<\/div><\/div><div class=\"section\"><div class=\"section-title\"><\/div><div class=\"section-img\"><img decoding=\"async\" src=\"\/vevor\/product\/YTSTYNLDHS4JFHXST001\/solar-street-light-a100-2.5.jpg\" \/><\/div><div class=\"section-mobile-img\"><img decoding=\"async\" src=\"\/vevor\/product\/YTSTYNLDHS4JFHXST001\/solar-street-light-a100-2.5-m.jpg\" \/><\/div><div class=\"section-desc\">Ide\u0101li piem\u0113rots pagalmiem, piebraucamajiem ce\u013ciem un d\u0101rziem, k\u0101 ar\u012b ferm\u0101m un komerci\u0101l\u0101m iel\u0101m, m\u016bsu komerci\u0101l\u0101 saules gaismas \u0101ra nodro\u0161ina spilgtu apgaismojumu.<\/div><\/div><div class=\"section\"><div class=\"section-img\"><img decoding=\"async\" src=\"\/vevor\/product\/YTSTYNLDHS4JFHXST001\/solar-street-light-a100-1.11.jpg\" \/><\/div><div class=\"section-mobile-img\"><img decoding=\"async\" src=\"\/vevor\/product\/YTSTYNLDHS4JFHXST001\/solar-street-light-a100-1.11-m.jpg\" \/><\/div><\/div><\/div><\/body><\/html><\/div>\n<div class=\"DM_at-title\" id=\"js-DM_at-title\"> <div>Produkta specifik\u0101cija<\/div> <i class=\"icon-arrowup_line\"><\/i> <\/div><div class=\"DM_at-goodsDescAttr\" id=\"js-DM_at-goodsDescAttr\"> <div class=\"DM_at-goodsDescAttrInner\"> <dl class=\"goodsDesc_item goodsDesc_item_even\"> <dt>Preces Mode\u013ca Numurs<\/dt> <dd> RBTYNLD-004<\/dd> <\/dl> <dl class=\"goodsDesc_item\"> <dt>Jauda (vien\u012bb\u0101)<\/dt> <dd> 500W<\/dd> <\/dl> <dl class=\"goodsDesc_item goodsDesc_item_even\"> <dt>Gaismas pl\u016bsma (vien\u012bb\u0101)<\/dt> <dd> 50 000 LM<\/dd> <\/dl> <dl class=\"goodsDesc_item\"> <dt>Akumulatora ietilp\u012bba (vienai vien\u012bbai)<\/dt> <dd> 5000 mAh<\/dd> <\/dl> <dl class=\"goodsDesc_item goodsDesc_item_even\"> <dt>LED lod\u012b\u0161u skaits (vien\u012bb\u0101)<\/dt> <dd> 108<\/dd> <\/dl> <dl class=\"goodsDesc_item\"> <dt>\u016adensiztur\u012bbas v\u0113rt\u0113jums<\/dt> <dd> IP65<\/dd> <\/dl> <dl class=\"goodsDesc_item goodsDesc_item_even\"> <dt>Galvenais materi\u0101ls<\/dt> <dd> ABS<\/dd> <\/dl> <\/div> <\/div>","protected":false},"excerpt":{"rendered":"<ul>\n<li> Spilgts saules ielu apgaismojums: apr\u012bkots ar 5730 augstas spilgtuma, ener\u0123iju taupo\u0161\u0101m LED p\u0113rl\u012bt\u0113m, \u0161is 500W saules ielu apgaismojums \u0101ra nodro\u0161ina jaud\u012bgu 240\u00b0 platle\u0146\u0137a staru ar iespaid\u012bgiem 50 000 l\u016bmeniem.Izgaismojiet katru sava pagalma st\u016bri <\/li>\n<li> Ener\u0123iju taupo\u0161a saules ener\u0123ija: m\u016bsu autost\u0101vvietas gaisma, ko piln\u012bb\u0101 darbina saules ener\u0123ija, uztver saules ener\u0123iju un dienas laik\u0101 uzglab\u0101 to 5000 mAh litija akumulator\u0101. P\u0113c piln\u012bgas uzl\u0101des tas nodro\u0161ina l\u012bdz 20 stund\u0101m nep\u0101rtrauktu apgaismojumu nakt\u012b <\/li>\n<li> Vied\u0101 vad\u012bba, regul\u0113jams apgaismojums: m\u016bsu LED saules ener\u0123ijas ielu apgaismojums, ko kontrol\u0113, izmantojot RF t\u0101lvad\u012bbas pulti, nodro\u0161ina 4 re\u017e\u012bmus. Kust\u012bbas sensors autom\u0101tiski piel\u0101go spilgtumu, iesl\u0113dz\/izsl\u0113dz gaismas sensoru no kr\u0113slas l\u012bdz r\u012btausmai, taimera iestat\u012bjumu un regul\u0113jamu spilgtumu <\/li>\n<li> Sp\u0113c\u012bga iztur\u012bba pret laikapst\u0101k\u013ciem: ar integr\u0113tu dizainu \u0161\u012b saules ener\u0123ijas ielu lampa ir iztur\u012bga un iztur\u012bga pret plais\u0101\u0161anu. Ar IP65 \u016bdensnecaurlaid\u012bgu nov\u0113rt\u0113jumu t\u0101 dro\u0161i darbojas liet\u016b, snieg\u0101, augst\u0101 temperat\u016br\u0101 un skarbos \u0101ra apst\u0101k\u013cos. <\/li>\n<li> Viegli uzst\u0101d\u0101ms un lietojams: m\u016bsu komerci\u0101lo saules gaismas \u0101ra piederumu komplekt\u0101cij\u0101 ir viegli uzst\u0101d\u012bt bez vadiem - vienk\u0101r\u0161i salabojiet to ar skr\u016bv\u0113m. Ide\u0101li piem\u0113rots pagalma iel\u0101m, piebraucamajiem ce\u013ciem, pagalmiem, gar\u0101\u017e\u0101m, balkoniem, basketbola laukumiem un laukumiem <\/li>\n<\/ul>","protected":false},"featured_media":452636,"comment_status":"open","ping_status":"open","template":"","meta":{"om_disable_all_campaigns":false,"_uf_show_specific_survey":0,"_uf_disable_surveys":false},"location":[1935,1934],"product_brand":[],"product_cat":[2477,547,2475,2476,2478],"product_tag":[],"class_list":{"0":"post-236256","1":"product","2":"type-product","3":"status-publish","4":"has-post-thumbnail","6":"location-supplier_stock_location","7":"location-local_stock_location","8":"product_cat-area-lights","9":"product_cat-lighting","10":"product_cat-outdoor-lighting","11":"product_cat-security-lights","12":"product_cat-solar-street-flood-light","14":"first","15":"onbackorder","16":"taxable","17":"shipping-taxable","18":"purchasable","19":"product-type-simple"},"aioseo_notices":[],"locations":[{"id":1935,"name":"Pieg\u0101d\u0101ja noliktav\u0101 (5-7dd.d)","slug":"supplier_stock_location","quantity":"0"},{"id":1934,"name":"R\u012bgas veikal\u0101 (0-2d.d.)","slug":"local_stock_location","quantity":"0"}],"_links":{"self":[{"href":"https:\/\/vevorshop.lv\/lv\/wp-json\/wp\/v2\/product\/236256","targetHints":{"allow":["GET"]}}],"collection":[{"href":"https:\/\/vevorshop.lv\/lv\/wp-json\/wp\/v2\/product"}],"about":[{"href":"https:\/\/vevorshop.lv\/lv\/wp-json\/wp\/v2\/types\/product"}],"replies":[{"embeddable":true,"href":"https:\/\/vevorshop.lv\/lv\/wp-json\/wp\/v2\/comments?post=236256"}],"wp:featuredmedia":[{"embeddable":true,"href":"https:\/\/vevorshop.lv\/lv\/wp-json\/wp\/v2\/media\/452636"}],"wp:attachment":[{"href":"https:\/\/vevorshop.lv\/lv\/wp-json\/wp\/v2\/media?parent=236256"}],"wp:term":[{"taxonomy":"location","embeddable":true,"href":"https:\/\/vevorshop.lv\/lv\/wp-json\/wp\/v2\/location?post=236256"},{"taxonomy":"product_brand","embeddable":true,"href":"https:\/\/vevorshop.lv\/lv\/wp-json\/wp\/v2\/product_brand?post=236256"},{"taxonomy":"product_cat","embeddable":true,"href":"https:\/\/vevorshop.lv\/lv\/wp-json\/wp\/v2\/product_cat?post=236256"},{"taxonomy":"product_tag","embeddable":true,"href":"https:\/\/vevorshop.lv\/lv\/wp-json\/wp\/v2\/product_tag?post=236256"}],"curies":[{"name":"wp","href":"https:\/\/api.w.org\/{rel}","templated":true}]}}