{"id":23761,"date":"2024-11-18T14:51:31","date_gmt":"2024-11-18T14:51:31","guid":{"rendered":"http:\/\/vevorshop.edigo.lv\/Prece\/vevor-10ft-outdoor-recreational-trampoline-for-kids-with-safety-enclosure-net\/"},"modified":"2026-04-20T17:36:46","modified_gmt":"2026-04-20T14:36:46","slug":"vevor-10ft-outdoor-recreational-trampoline-for-kids-with-safety-enclosure-net","status":"publish","type":"product","link":"https:\/\/vevorshop.lv\/lv\/Prece\/vevor-12ft-ara-atputas-batuts-berniem-ar-drosibas-nozogojuma-tiklu-2\/","title":{"rendered":"VEVOR 3 m \u0101ra batuts ar aizsargt\u012bklu, k\u0101pn\u0113m un dro\u0161\u012bbas polster\u0113jumu, 150 kg ietilp\u012bba b\u0113rniem un pieaugu\u0161ajiem"},"content":{"rendered":"<div style=\"color: #fff!important; font-size: 16px; height: 24px; line-height: 24px; margin-top: -24px; \" class=\"product_original_name\">VEVOR 10FT batuts, 330 m\u0101rci\u0146as batuts ar norobe\u017eojo\u0161u t\u012bklu, k\u0101pn\u0113m un izliektu stabu, lieljaudas batuts ar leco\u0161o pakl\u0101ju un atsperu p\u0101rsega polster\u0113jumu, \u0101ra atp\u016btas batuti pieaugu\u0161ajiem<\/div>\n<div style=\"color: #fff!important; font-size: 16px; height: 24px; line-height: 24px; margin-top: -24px; \" class=\"product_sku\">M4I4KRS6<\/div>\n<div style=\"color: #fff!important; font-size: 16px; height: 24px; line-height: 24px; margin-top: -24px; \" class=\"product_mpn\">YXBC10YCHWYX52X5HV0<\/div><div id=\"js-DM_at-goodDescRich\"><html><head><style>  body {    font-family: Arial;    line-height: 1.5;    color: #1c1c1c;    overflow-x: hidden;    margin: 0;    padding: 0;  }  .MsoNormal b {    font-weight: bolder;  }<\/style><style>  .container.small {    width: 970px;    margin: 0 auto;  }  .logo {    margin: 0 auto 0;  }  .logo img {    display: block;    margin: 0 auto;    max-width: 100%;  }  .logo .pc-banner {    display: block;    width: 1200px;    height: 247.4px;    margin: 0 auto;  }  .logo .pc-banner.small {    width: 970px;  }  .logo .pc-banner.small img {    height: auto!important;  }  .logo .m-banner {    display: none;  }  .ytvideo {    position: relative;    height: 546px;    width: 100%;    margin: 0 auto;  }  .ytvideo img {    width: 100%;    margin: 0 auto;  }  .ytvideo .play-btn {    width: 60px;    height: 42px;    position: absolute;    top: 50%;    left: 50%;    transform: translate(-50%, -50%);    background: url(\"data:image\/png;base64,iVBORw0KGgoAAAANSUhEUgAAAGQAAABGCAMAAAANWMFbAAAC+lBMVEUAAADBGB3kLCfBGB3kLCfcJC7BFx3KKSbiKybkLCbWJCPSIiLSIiLPICHAFx3kLCfgKSXNHiDZJiTIGx\/p4eHcjo7LHSDbJyTkLCbjKyfOHyHPIiL28fHJHB\/GGh7EGR7eKCXDGB3RISHlLSbBGB3AFxzGHB7DGB7BGB3hKybkKybAFx3lLCfAFxzDGR3hKibDGB7cJyTmz8\/elJTlwcHjurrUIyLlLSflLSfAFx3DGR7lLSfCFx3hKibhKibhKybjKybkLCblLSfbJSX49vbx7e3NNzjNMTLMJyjVIyLZf3\/ZQ0LaeHjx0tLgoqLkLCfCGB3HGx\/BGB3BFx3PICHCGB7WJCLOHyC\/Fxy\/Fx3lLCfQISHkLSe\/FxzbJiTBFx3FGx\/AGB7BFx3EGR7AGB3HHSDfKiXAFh3TISHYNzbhKibbJyTTIiL57e325+f039\/v2NjUV1fOHiHiqanfmprch4feKSXVIyPOICHmLibFGh\/mLSe\/Fx7XJCPeKSXXJSPNHyHaJyTGGh7lLCbmLCflLSjSIiLkLCbdKSXLHiC\/GB3KHh++Fh3lKyfoLiXcKCPkx8fYb2\/XaGfVXl3aU1LLHiDksbHgKibPICHbJyTfKSXbJyTCGB3KHSDiKybFGh7TIiL\/\/\/\/VIyPRISHIHB\/GGx\/HHB\/DGR7gKibdKCXLHiDZJiTMHiDNHyHYJSTOICHPICHWJCPcKCXXJSPjLCblLCf+\/f3NGR\/uLijzLynPGR\/IGB7WISHaIyLLGh7UAADxLynNAADRLzDbICLQAADIAAD3MCrUHSHXMTDpKSbLAADp5OTij4\/ejo\/VLy\/1LyngJSTcJCPQHx\/OHB7+\/PzaMS\/OLS\/vLijrLSjSAADaNTPwLyjkKSbNJCbYISHPHB\/KGB7WAAD7+vrn3d3aKynTKCjoLCfsKifRGh\/YAADq5+fhjo7QNDXXKCfmJyXt5+fTLzDLLi\/QKivYHRvMGBrQJCXLISPMExXLDxLaEAvkkI\/bOTfaFQ\/SCgpvLcnHAAAAmnRSTlMA+vv7+gT9Bvf9+8z8\/NSv\/Pr5+P7++vnQIBMP\/v38\/Pn348XDiCYf9OjbzcqxXVcx\/fz8+\/rj1r2poo1+fXFqX0orGP7+\/v7+\/fz8+\/r68uzn4trIxsG\/vri3p6GcmZSNbWVYUUZEPQv+\/f39+\/v7+\/v7+vr64tvV1NTTz87FtbSurqeblJKFg4B3bUY+NjL7+\/v7+\/v67t1cDo8JLQAABkRJREFUWMO0kz9rwkAYh0OIeJkum6YugUAhISCdKoj\/P4C7SMdS+gEKIhSKil10LSg4mzXkILdlEpxCpwTiWOLX6BujvQaEQuGeHLnL+\/64J+SIcKGYTYWnntpdLjrVdqvZmNdn0+EE40GtpuuWVS6Xx6N7YDSGpWXpeq02wHgynM7q80az1a52HpddtVcpsi1zFARBrdaxbhp9iUReTGmwA4KAAr7vx3EYejnCMI6hQYEgy0LQi4jUN0wL19vqFcUC9\/1dAKmEEFkWRYkh5oBejnxQJiSJPJ\/uKBp0Thszx9Mw8hMRIQjKsptCfuES9zr5WJY6vSFCIvE9fCMUmEM1A1kSXcYGxgVYsvI1IPKTZciSTI0us\/SMGG04gDzELDoFBwdcFJrF88dqgYMTiL6DILWYyfOWE8\/kIz38olCNlC03FK95+imxp6y4oUSvAnBjHHhKNtotSDqJzVFiK8c2SBqhZtsrTtgrLXwAyduxZHNE26eHUt5rtuM4WSmds3G+sUdWYo1L+XyxButoh5eKUHk5lByO3G1LqqCWVnfrv\/lyPtf\/4ps1cndNGIri8J1TJ0lx6dR\/oPjq1nbRwdp2dCk4CtIOLW3pVKRL6WZfS5vF2KkIQhpwSsjiYIgNCs1gEMGqiIq24NQX9NwoXFy8Ufrl3twTcg4fv8T9\/JBEySduj6Mjm4bMzYV7EEOxKjjoNDud7yY3Dy71Hq2oLmqfbNR723edH9PgMrNL2utoQ3VmaIDkiw\/4w51P06hlZsTZvkRrbVuSIs\/zwSOsycgzStQouoAkWQqioRT5XI7n2Z1wfVhoZmcAJLsoqjqpjbWCgpOAJXBwHK8PzWbNvoUZJND5wCnSkLAkZ1legx6vqQzjoiTahKlGUGLAiIIoABOHaNVw4sexZBym6\/HWlH5h3IC7yRbxtipcWxdTOkORKiNQAEkFf66x5S2oeRbroOlLgg0sSYkR0hRGEqJZ0jTPiQKatESdBckpWigxaapEH0lImHdWu9pUFF2XqMNM2Z4kped7IwEJw2qabwtrQqnpw6HyKkgcadKWsmpywwesDyIhYRpdzXddqegtGIJlXbAIUMOLkGxJUjRIkokwjUaX9d\/kK62ps\/tYUqZLIMkLTyBhsMZ3C5Z\/kDxOSCb\/DOs\/\/J0qcWSX\/2ipe56EgTCA4\/cB7NAYOsni4mZM1MUPAISoEwkDi4lhVBQ1cWQyIcwalw4EpqZN68JUSK7XC0kTlkLYii5uXSC8jT5ncCAS7mjCv0uHp\/3lueHEEAeQ\/\/VgmdN71\/2uCSA1Xr6DO6uI6sW56zqT2tp2PhgiRUAajV8CY2fkcz6WGNKMgLAt7tJAhD4YHMTeRxlALE6+43WqjSWi8ITxyJl8WrwWSNESQZZOqhDDntO3hJLsd5RtSpbJqdv3YrDJH3F7jL1R2O2aQkn2MyCyKYz0GPGIvSAMgBCrCEiJyKbBaYGwLW4uPRr0A0M4Ux5kUI7IBh+hMdiCEWNqhMZGyYMsOgNE58UQuEQeUnSWCMYwL54hkxK6IoqucQZbQ3pc3XtL0lky1dL0zZJJDpWJovFqpWj6JEHnyam2eQp5QRVAVHjWparTOaVwUOx99YS2MvgxIGV0bb+qIg2HX2qkFFJB+XZcbLiuRkuxD9GRroKyveLxdh4d7Orx+hb7qc3uVRuEogCOnyIxm4ubUoPgF4jianDrC+SDQDKEfJb0GUKmjCGPYHGJvVC6X4hw1\/sAfQAdfYyephIaspXe36RwOP+Ljvfx9B6B3i+Nk0DGq+oCbLn6JpBa9nWAveAIHwFAwtVcIJXPMPL8kRu5OAYPMaL1WScTxjiZDqB9LTJSWphow\/pTYKRTLjCBhvi9iBidvKcDasGSm0QQkycYuLBqj6QCELPctqChDWpTRMWkngNNpQ1Pfp1KkiT\/Y0DGffXAweUNfLAfaJFKDwhb6I+bkYRbkERoEeu3Fyjg2opMz2daZCS9jt6Q7txNfB+OZEVF6Zl5web2xunnLQrtrjXseXKaFYziYINeMFZVxS9VxRhOoesYwxPKXm+gWLG9cuFeq93UNNeJNsf1KlwuDok9n02n3TgIJpOxNfL9naIoQwXtfH9kjceTIIi709ncTg6LZbg+biLH1V6u\/7rxBem06VXKn9raAAAAAElFTkSuQmCC\")      no-repeat center center \/ contain;  }  @media screen and (max-width: 960px) and (orientation: portrait) {    .logo {      width: 100%;    }    .logo .pc-banner {      display: none;    }    .logo .m-banner {      display: block;      width: 100%;    }    .logo .m-banner img {      height: auto!important;    }    .ytvideo {      height: 200px;      width: 100%;    }  }<\/style><style>  .video-section {    width: 100%;    margin: 0 auto;  }  .video-section > img {    width: 100%;  }  .video-section iframe,  .video-section video {    width: 100%;    height: 100%;      }  .video-section-img-m,  .video-section-img-pc > img {    width: 100%;    height: auto;  }  .video-section-img-pc.small > img {    width: 970px;  }  .video-desc {    line-height: 1.5;    font-size: 20px;    font-weight: 400;    margin: 20px 0;    text-align: center;    color: #0f1111;    word-break: break-word;  }  @media screen and (max-width: 960px) and (orientation: portrait) {    .video-section {      width: 100%;    }    .video-section-pc,    .video-section-img-pc {      display: none;    }    .video-section-m,    .video-section-img-m {      display: block;    }    .video-desc {      font-size: 15px;    }  }  @media screen and (min-width: 960px) {    .video-section {      width: 100%;      margin: 0 auto;    }    .video-section-pc,    .video-section-img-pc {      display: block;    }    .video-section-m,    .video-section-img-m {      display: none;    }    .video-desc {      font-size: 20px;    }  }<\/style><style>  .section + .section {    margin-top: 35px;  }  .section-title {    text-align: center;    font-weight: bold;    color: #0d1111;    font-family: \"Arial\";    font-size: 32px;    margin: 15px 0;  }  .section-title:empty {    display: none;  }  .section-desc {    text-align: center;    font-weight: normal;    color: #0d1111;    margin-top: 20px;  }  .section-desc:empty {    display: none;  }  .section-img {    width: 1200px;    height: 492px;    margin: 0 auto;    display: block;  }  .section-img.small {    width: 970px;    height: auto;  }  .section-img.small > img {    height: auto;  }  .section-img > img {    width: 100%;    height: 100%;  }  .section-mobile-img {    display: none;    max-width: 100vw;    max-height: 75vw;    height: 450px;    margin: 0 auto;  }  .section-mobile-img > img {    width: 100%;    height: 100%;  }  @media screen and (max-width: 960px) and (orientation: portrait) {    .container {      width: 100%;    }    .container.small {      width: 100%;    }    .section-mobile-img {      display: block;    }    .section-img {      display: none;    }    .section-title {      font-size: 22px;      margin: 10px 0;    }    .section-desc {      margin-top: 10px;    }    .section + .section {      margin-top: 20px;    }  }<\/style><\/head><body><div class=\"container\"><div class=\"logo\"><div class=\"pc-banner\"><div><img decoding=\"async\" src=\"\/vevor\/vevor\/boutique-banner\/pc\/en-pc@1x.jpg\" style=\"width: 100%;\" \/><\/div><\/div><div class=\"m-banner\"><div><img decoding=\"async\" src=\"\/vevor\/vevor\/boutique-banner\/mobile\/en-m@1x.jpg\" style=\"width: 100%;\" \/><\/div><\/div><\/div><div class=\"section-title\">Izklaides batuts<\/div><div class=\"video-section\"><div class=\"video-section-img-pc\"><img decoding=\"async\" src=\"\/vevor\/product\/YXBC10YCHWYX52X5H\/trampoline-a100-1.4.jpg\" alt=\"VEVOR batuts interakt\u012bv\u0101m sp\u0113l\u0113m br\u012bv\u0101 dab\u0101, kur b\u0113rni var l\u0113k\u0101t iek\u0161\u0101 ar da\u017e\u0101d\u0101m bumb\u0101m.\" \/><\/div><div class=\"video-section-img-m\"><img decoding=\"async\" src=\"\/vevor\/product\/YXBC10YCHWYX52X5H\/trampoline-a100-1.4-m.jpg\" alt=\"VEVOR batuts interakt\u012bv\u0101m sp\u0113l\u0113m br\u012bv\u0101 dab\u0101, kur b\u0113rni var l\u0113k\u0101t iek\u0161\u0101 ar da\u017e\u0101d\u0101m bumb\u0101m.\" \/><\/div><div class=\"section-desc\">Izveidojiet priv\u0101tu izklaides valst\u012bbu, kur b\u0113rni var br\u012bvi sp\u0113l\u0113ties un baud\u012bt batuta sniegto prieku.<\/div><\/div><div class=\"section\"><div class=\"section-title\"><\/div><div class=\"section-img\"><img decoding=\"async\" src=\"\/vevor\/product\/YXBC10YCHWYX52X5H\/trampoline-a100-2.2.jpg\" alt=\"VEVOR batuta visaptvero\u0161\u0101s b\u0113rnu dro\u0161\u012bbas funkcijas ar putuplasta stie\u0146iem, biezu dro\u0161\u012bbas paliktni un 360\u00b0 t\u012bklu.\" \/><\/div><div class=\"section-mobile-img\"><img decoding=\"async\" src=\"\/vevor\/product\/YXBC10YCHWYX52X5H\/trampoline-a100-2.2-m.jpg\" alt=\"VEVOR batuta visaptvero\u0161\u0101s b\u0113rnu dro\u0161\u012bbas funkcijas ar putuplasta stie\u0146iem, biezu dro\u0161\u012bbas paliktni un 360\u00b0 t\u012bklu.\" \/><\/div><div class=\"section-desc\">Ar 360\u00b0 dro\u0161\u012bbas t\u012bklu, triecieniztur\u012bgiem buferiem un biez\u0101kiem triecienus absorb\u0113jo\u0161iem dro\u0161\u012bbas spilventi\u0146iem \u0161is atp\u016btas batuts nodro\u0161ina visaptvero\u0161u aizsardz\u012bbu, lai nov\u0113rstu b\u0113rnu traumu g\u016b\u0161anu.<\/div><\/div><div class=\"section\"><div class=\"section-title\"><\/div><div class=\"section-img\"><img decoding=\"async\" src=\"\/vevor\/product\/YXBC10YCHWYX52X5H\/trampoline-a100-2.3.jpg\" alt=\"VEVOR batuts ar biez\u0101k\u0101m k\u0101ju caurul\u0113m, 4 gredzenu k\u0101ju dizainu un fiks\u0113t\u0101m k\u0101pn\u0113m stabilit\u0101tei un iztur\u012bbai.\" \/><\/div><div class=\"section-mobile-img\"><img decoding=\"async\" src=\"\/vevor\/product\/YXBC10YCHWYX52X5H\/trampoline-a100-2.3-m.jpg\" alt=\"VEVOR batuts ar biez\u0101k\u0101m k\u0101ju caurul\u0113m, 4 gredzenu k\u0101ju dizainu un fiks\u0113t\u0101m k\u0101pn\u0113m stabilit\u0101tei un iztur\u012bbai.\" \/><\/div><div class=\"section-desc\">Iztur\u012bgajam batutam ir uzlabotas, sabiezin\u0101tas k\u0101ju caurules un sp\u0113c\u012bgs gredzenveida k\u0101ju dizains, lai palielin\u0101tu stabilit\u0101ti un iztur\u012bbu. Tas ret\u0101k saliecas un to var izmantot ilgu laiku.<\/div><\/div><div class=\"section\"><div class=\"section-title\"><\/div><div class=\"section-img\"><img decoding=\"async\" src=\"\/vevor\/product\/YXBC10YCHWYX52X5H\/trampoline-a100-2.4.jpg\" alt=\"B\u0113rni izbauda VEVOR batutu ar basketbola grozu pie d\u012b\u0137a, veicinot jautr\u012bbu un fizisk\u0101s aktivit\u0101tes br\u012bv\u0101 dab\u0101.\" \/><\/div><div class=\"section-mobile-img\"><img decoding=\"async\" src=\"\/vevor\/product\/YXBC10YCHWYX52X5H\/trampoline-a100-2.4-m.jpg\" alt=\"B\u0113rni izbauda VEVOR batutu ar basketbola grozu pie d\u012b\u0137a, veicinot jautr\u012bbu un fizisk\u0101s aktivit\u0101tes br\u012bv\u0101 dab\u0101.\" \/><\/div><div class=\"section-desc\">Papildus regul\u0101r\u0101m l\u0113k\u0101\u0161anas aktivit\u0101t\u0113m, b\u0113rnu batutu var piel\u0101got ar papildu sporta apr\u012bkojumu, piem\u0113ram, basketbola groziem un \u0161\u016bpol\u0113m, atbilsto\u0161i b\u0113rnu interes\u0113m, uzlabojot t\u0101 sp\u0113l\u0113jam\u012bbu.<\/div><\/div><div class=\"section\"><div class=\"section-title\"><\/div><div class=\"section-img\"><img decoding=\"async\" src=\"\/vevor\/product\/YXBC10YCHWYX52X5H\/trampoline-a100-2.5.jpg\" alt=\"Soli pa solim VEVOR batuta ar dro\u0161\u012bbas t\u012bklu un atsper\u012bga r\u0101mja p\u0101rsegu mont\u0101\u017eas instrukcija.\" \/><\/div><div class=\"section-mobile-img\"><img decoding=\"async\" src=\"\/vevor\/product\/YXBC10YCHWYX52X5H\/trampoline-a100-2.5-m.jpg\" alt=\"Soli pa solim VEVOR batuta ar dro\u0161\u012bbas t\u012bklu un atsper\u012bga r\u0101mja p\u0101rsegu mont\u0101\u017eas instrukcija.\" \/><\/div><div class=\"section-desc\">N\u0101k komplekt\u0101 ar uzst\u0101d\u012b\u0161anas rokasgr\u0101matu, kur\u0101 detaliz\u0113ti aprakst\u012btas batuta da\u013cas un mont\u0101\u017eas so\u013ci. To var viegli uzst\u0101d\u012bt bez papildu instrumentiem, padarot darb\u012bbu \u013coti vienk\u0101r\u0161u.<\/div><\/div><div class=\"section\"><div class=\"section-img\"><img decoding=\"async\" src=\"\/vevor\/product\/YXBC10YCHWYX52X5H\/trampoline-a100-1.11.jpg\" alt=\"VEVOR batuta deta\u013cas ar izm\u0113riem, funkcij\u0101m un stiprin\u0101jumiem, tostarp atsper\u0113m, T veida savienojumiem, un lieto\u0161anas instrukciju.\" \/><\/div><div class=\"section-mobile-img\"><img decoding=\"async\" src=\"\/vevor\/product\/YXBC10YCHWYX52X5H\/trampoline-a100-1.11-m.jpg\" alt=\"VEVOR batuta deta\u013cas ar izm\u0113riem, funkcij\u0101m un stiprin\u0101jumiem, tostarp atsper\u0113m, T veida savienojumiem, un lieto\u0161anas instrukciju.\" \/><\/div><\/div><\/div><\/body><\/html><\/div>\n<div class=\"DM_at-title\" id=\"js-DM_at-title\"> <div>Produkta specifik\u0101cija<\/div> <i class=\"icon-arrowup_line\"><\/i> <\/div><div class=\"DM_at-goodsDescAttr\" id=\"js-DM_at-goodsDescAttr\"> <div class=\"DM_at-goodsDescAttrInner\"> <dl class=\"goodsDesc_item goodsDesc_item_even\"> <dt>Preces Mode\u013ca Numurs<\/dt> <dd> TX-B7123-10FT<\/dd> <\/dl> <dl class=\"goodsDesc_item\"> <dt>K\u0101p\u0146u izm\u0113ri<\/dt> <dd> \u03a60,98 collas \/ \u03a62,5 cm, biezums 0,03 collas \/ 0,1 cm<\/dd> <\/dl> <dl class=\"goodsDesc_item goodsDesc_item_even\"> <dt>K\u0101p\u0146u augstums<\/dt> <dd> 33,85 collas \/ 86 cm<\/dd> <\/dl> <dl class=\"goodsDesc_item\"> <dt>Elast\u012bgs meh\u0101nisms<\/dt> <dd> Atsperes<\/dd> <\/dl> <dl class=\"goodsDesc_item goodsDesc_item_even\"> <dt>Atsperu skaits<\/dt> <dd> 64<\/dd> <\/dl> <dl class=\"goodsDesc_item\"> <dt>Atleco\u0161\u0101 pakl\u0101ji\u0146a svars<\/dt> <dd> 260 g\/m\u00b2<\/dd> <\/dl> <dl class=\"goodsDesc_item goodsDesc_item_even\"> <dt>Standarta slodzes iztur\u012bba<\/dt> <dd> Maks. 150 kg<\/dd> <\/dl> <dl class=\"goodsDesc_item\"> <dt>Neto Svars<\/dt> <dd> 101,41 m\u0101rci\u0146as \/ 46 kg<\/dd> <\/dl> <\/div> <\/div>","protected":false},"excerpt":{"rendered":"<ul>\n<li> Elast\u012bga novieto\u0161ana: \u0160is batuts ir lieliski piem\u0113rots b\u0113rnu un \u0123imenes izklaidei, k\u0101 ar\u012b interakt\u012bvai sp\u0113lei ar vair\u0101kiem cilv\u0113kiem. To var elast\u012bgi novietot gan telp\u0101s, gan \u0101r\u0101, \u013caujot jums baud\u012bt l\u0113k\u0101\u0161anas prieku jebkur\u0101 laik\u0101 un viet\u0101. <\/li>\n<li> Iztur\u012bgs un notur\u012bgs pret loc\u012b\u0161anos: \u0160is atp\u016btas batuts ir izgatavots no uzlabotiem augstas kvalit\u0101tes materi\u0101liem. T\u0101 gredzenveida k\u0101jas dizains ar sabiezin\u0101t\u0101m t\u0113rauda caurul\u0113m nodro\u0161ina vienm\u0113r\u012bgu un stingru atbalstu, padarot to iztur\u012bgu pret loc\u012b\u0161anos pat ilgsto\u0161as \u200b\u200blieto\u0161anas laik\u0101. Batuts ir iztur\u0113jis stingras p\u0101rbaudes un var iztur\u0113t aptuveni 150 kg svaru, padarot to piem\u0113rotu b\u0113rniem l\u0113k\u0101\u0161anai. <\/li>\n<li> Izcila l\u0113k\u0101\u0161anas jauda: Ar 86 cm augst\u0101m k\u0101pn\u0113m \u0161is iztur\u012bgais batuts pied\u0101v\u0101 palielin\u0101tu l\u0113k\u0101\u0161anas augstumu. Tas ir apr\u012bkots ar 64 iztur\u012bg\u0101m atsper\u0113m un 260 g\/m\u00b2 augstas elast\u012bbas pakl\u0101ju, kas nodro\u0161ina izcilu l\u0113k\u0101\u0161anas jaudu un pal\u012bdz b\u0113rniem izbaud\u012bt l\u0113k\u0101\u0161anas prieku. <\/li>\n<li> Visaptvero\u0161a aizsardz\u012bba: \u0160im \u0101ra batutam ir 360\u00b0 dro\u0161\u012bbas t\u012bkls aizsardz\u012bbai, kura apk\u0101rt\u0113jie t\u012bkla stie\u0146i ir p\u0101rkl\u0101ti ar 1 cm biezu putuplastu, kas dro\u0161i ap\u0146em b\u0113rnu no vidusda\u013cas. Tas ne\u013cauj b\u0113rniem sp\u0113les laik\u0101 tie\u0161i atsisties pret buferiem. T\u012bkls \u013cauj past\u0101v\u012bgi nov\u0113rot b\u0113rnu. Sabiezin\u0101tais dro\u0161\u012bbas paliktnis ir cie\u0161i savienots ar dro\u0161\u012bbas t\u012bklu, efekt\u012bvi absorb\u0113jot triecienus un nov\u0113r\u0161ot sl\u012bd\u0113\u0161anu, t\u0101d\u0113j\u0101di lab\u0101k pasarg\u0101jot b\u0113rnu no traum\u0101m. <\/li>\n<li> \u0112rta uzst\u0101d\u012b\u0161ana: \u0100ra atp\u016btas batutam ir pievienota uzst\u0101d\u012b\u0161anas rokasgr\u0101mata, kur\u0101 skaidri izskaidrotas sast\u0101vda\u013cas un mont\u0101\u017eas darb\u012bbas. Process ir \u013coti vienk\u0101r\u0161s, un to var viegli salikt bez papildu instrumentiem. <\/li>\n<\/ul>","protected":false},"featured_media":279320,"comment_status":"closed","ping_status":"open","template":"","meta":{"om_disable_all_campaigns":false,"_uf_show_specific_survey":0,"_uf_disable_surveys":false},"location":[1935,1934],"product_brand":[21],"product_cat":[2378,3666,3533],"product_tag":[],"class_list":{"0":"post-23761","1":"product","2":"type-product","3":"status-publish","4":"has-post-thumbnail","6":"location-supplier_stock_location","7":"location-local_stock_location","8":"product_brand-vevor","9":"product_cat-sports-outdoors","10":"product_cat-trampoline","11":"product_cat-trampolines-sports-outdoors","13":"first","14":"instock","15":"taxable","16":"shipping-taxable","17":"purchasable","18":"product-type-simple"},"aioseo_notices":[],"locations":[{"id":1935,"name":"Pieg\u0101d\u0101ja noliktav\u0101 (5-7dd.d)","slug":"supplier_stock_location","quantity":"1"},{"id":1934,"name":"R\u012bgas veikal\u0101 (0-2d.d.)","slug":"local_stock_location","quantity":"0"}],"_links":{"self":[{"href":"https:\/\/vevorshop.lv\/lv\/wp-json\/wp\/v2\/product\/23761","targetHints":{"allow":["GET"]}}],"collection":[{"href":"https:\/\/vevorshop.lv\/lv\/wp-json\/wp\/v2\/product"}],"about":[{"href":"https:\/\/vevorshop.lv\/lv\/wp-json\/wp\/v2\/types\/product"}],"replies":[{"embeddable":true,"href":"https:\/\/vevorshop.lv\/lv\/wp-json\/wp\/v2\/comments?post=23761"}],"wp:featuredmedia":[{"embeddable":true,"href":"https:\/\/vevorshop.lv\/lv\/wp-json\/wp\/v2\/media\/279320"}],"wp:attachment":[{"href":"https:\/\/vevorshop.lv\/lv\/wp-json\/wp\/v2\/media?parent=23761"}],"wp:term":[{"taxonomy":"location","embeddable":true,"href":"https:\/\/vevorshop.lv\/lv\/wp-json\/wp\/v2\/location?post=23761"},{"taxonomy":"product_brand","embeddable":true,"href":"https:\/\/vevorshop.lv\/lv\/wp-json\/wp\/v2\/product_brand?post=23761"},{"taxonomy":"product_cat","embeddable":true,"href":"https:\/\/vevorshop.lv\/lv\/wp-json\/wp\/v2\/product_cat?post=23761"},{"taxonomy":"product_tag","embeddable":true,"href":"https:\/\/vevorshop.lv\/lv\/wp-json\/wp\/v2\/product_tag?post=23761"}],"curies":[{"name":"wp","href":"https:\/\/api.w.org\/{rel}","templated":true}]}}