{"id":25598,"date":"2024-11-18T16:18:11","date_gmt":"2024-11-18T16:18:11","guid":{"rendered":"http:\/\/vevorshop.edigo.lv\/Prece\/vevor-10-pairs-of-406-4mm-drawer-slides-side-mount-rails-heavy-duty-full-extension-steel-track-soft-close-noiseless-guide-glides-cabinet-kitchen-runners-with-ball-bearing-100-lbs-load-capacity\/"},"modified":"2026-04-06T19:33:16","modified_gmt":"2026-04-06T16:33:16","slug":"vevor-10-pairs-of-406-4mm-drawer-slides-side-mount-rails-heavy-duty-full-extension-steel-track-soft-close-noiseless-guide-glides-cabinet-kitchen-runners-with-ball-bearing-100-lbs-load-capacity","status":"publish","type":"product","link":"https:\/\/vevorshop.lv\/lv\/Prece\/vevor-10-pari-4064-mm-atvilktnu-slidnu-sanu-montazas-sliedes-lielas-slodzes-terauda-sliedes-ar-pilnu-pagarinajumu-miksti-aizveramas-bez-troksna-slidosas-sliedes-lodisu-gultnis-100-marcinu-slodze\/","title":{"rendered":"VEVOR 10 p\u0101ri 406mm smag\u0101s slodzes s\u0101nu mont\u0113jami atvilkt\u0146u sliedes, pilns izb\u012bd\u012bjums, klusa aizv\u0113r\u0161ana, 45kg slodze"},"content":{"rendered":"<div style=\"color: #fff!important; font-size: 16px; height: 24px; line-height: 24px; margin-top: -24px; \" class=\"product_original_name\">VEVOR Iztur\u012bgas Atvilkt\u0146u Sliedes, 406mm (16 collu) Pilna Izv\u0113r\u0161an\u0101s S\u0101nu Mont\u0101\u017eas Sliedes, Klusa T\u0113rauda Sliede ar Bumbi\u0146gult\u0146iem, 45kg (100 lbs) Slodzes Ietilp\u012bba, 10 P\u0101ri<\/div>\n<div style=\"color: #fff!important; font-size: 16px; height: 24px; line-height: 24px; margin-top: -24px; \" class=\"product_sku\">M4I4KUD4<\/div>\n<div style=\"color: #fff!important; font-size: 16px; height: 24px; line-height: 24px; margin-top: -24px; \" class=\"product_mpn\">CZCJCTDG100LUDXKVV0<\/div><div id=\"js-DM_at-goodDescRich\"><html><head><style>  body {    font-family: Arial;    line-height: 1.5;    color: #1c1c1c;    overflow-x: hidden;    margin: 0;    padding: 0;  }  .MsoNormal b {    font-weight: bolder;  }<\/style><style>  .container.small {    width: 970px;    margin: 0 auto;  }  .logo {    margin: 0 auto 0;  }  .logo img {    display: block;    margin: 0 auto;    max-width: 100%;  }  .logo .pc-banner {    display: block;    width: 1200px;    height: 247.4px;    margin: 0 auto;  }  .logo .pc-banner.small {    width: 970px;  }  .logo .pc-banner.small img {    height: auto!important;  }  .logo .m-banner {    display: none;  }  .ytvideo {    position: relative;    height: 546px;    width: 100%;    margin: 0 auto;  }  .ytvideo img {    width: 100%;    margin: 0 auto;  }  .ytvideo .play-btn {    width: 60px;    height: 42px;    position: absolute;    top: 50%;    left: 50%;    transform: translate(-50%, -50%);    background: url(\"data:image\/png;base64,iVBORw0KGgoAAAANSUhEUgAAAGQAAABGCAMAAAANWMFbAAAC+lBMVEUAAADBGB3kLCfBGB3kLCfcJC7BFx3KKSbiKybkLCbWJCPSIiLSIiLPICHAFx3kLCfgKSXNHiDZJiTIGx\/p4eHcjo7LHSDbJyTkLCbjKyfOHyHPIiL28fHJHB\/GGh7EGR7eKCXDGB3RISHlLSbBGB3AFxzGHB7DGB7BGB3hKybkKybAFx3lLCfAFxzDGR3hKibDGB7cJyTmz8\/elJTlwcHjurrUIyLlLSflLSfAFx3DGR7lLSfCFx3hKibhKibhKybjKybkLCblLSfbJSX49vbx7e3NNzjNMTLMJyjVIyLZf3\/ZQ0LaeHjx0tLgoqLkLCfCGB3HGx\/BGB3BFx3PICHCGB7WJCLOHyC\/Fxy\/Fx3lLCfQISHkLSe\/FxzbJiTBFx3FGx\/AGB7BFx3EGR7AGB3HHSDfKiXAFh3TISHYNzbhKibbJyTTIiL57e325+f039\/v2NjUV1fOHiHiqanfmprch4feKSXVIyPOICHmLibFGh\/mLSe\/Fx7XJCPeKSXXJSPNHyHaJyTGGh7lLCbmLCflLSjSIiLkLCbdKSXLHiC\/GB3KHh++Fh3lKyfoLiXcKCPkx8fYb2\/XaGfVXl3aU1LLHiDksbHgKibPICHbJyTfKSXbJyTCGB3KHSDiKybFGh7TIiL\/\/\/\/VIyPRISHIHB\/GGx\/HHB\/DGR7gKibdKCXLHiDZJiTMHiDNHyHYJSTOICHPICHWJCPcKCXXJSPjLCblLCf+\/f3NGR\/uLijzLynPGR\/IGB7WISHaIyLLGh7UAADxLynNAADRLzDbICLQAADIAAD3MCrUHSHXMTDpKSbLAADp5OTij4\/ejo\/VLy\/1LyngJSTcJCPQHx\/OHB7+\/PzaMS\/OLS\/vLijrLSjSAADaNTPwLyjkKSbNJCbYISHPHB\/KGB7WAAD7+vrn3d3aKynTKCjoLCfsKifRGh\/YAADq5+fhjo7QNDXXKCfmJyXt5+fTLzDLLi\/QKivYHRvMGBrQJCXLISPMExXLDxLaEAvkkI\/bOTfaFQ\/SCgpvLcnHAAAAmnRSTlMA+vv7+gT9Bvf9+8z8\/NSv\/Pr5+P7++vnQIBMP\/v38\/Pn348XDiCYf9OjbzcqxXVcx\/fz8+\/rj1r2poo1+fXFqX0orGP7+\/v7+\/fz8+\/r68uzn4trIxsG\/vri3p6GcmZSNbWVYUUZEPQv+\/f39+\/v7+\/v7+vr64tvV1NTTz87FtbSurqeblJKFg4B3bUY+NjL7+\/v7+\/v67t1cDo8JLQAABkRJREFUWMO0kz9rwkAYh0OIeJkum6YugUAhISCdKoj\/P4C7SMdS+gEKIhSKil10LSg4mzXkILdlEpxCpwTiWOLX6BujvQaEQuGeHLnL+\/64J+SIcKGYTYWnntpdLjrVdqvZmNdn0+EE40GtpuuWVS6Xx6N7YDSGpWXpeq02wHgynM7q80az1a52HpddtVcpsi1zFARBrdaxbhp9iUReTGmwA4KAAr7vx3EYejnCMI6hQYEgy0LQi4jUN0wL19vqFcUC9\/1dAKmEEFkWRYkh5oBejnxQJiSJPJ\/uKBp0Thszx9Mw8hMRIQjKsptCfuES9zr5WJY6vSFCIvE9fCMUmEM1A1kSXcYGxgVYsvI1IPKTZciSTI0us\/SMGG04gDzELDoFBwdcFJrF88dqgYMTiL6DILWYyfOWE8\/kIz38olCNlC03FK95+imxp6y4oUSvAnBjHHhKNtotSDqJzVFiK8c2SBqhZtsrTtgrLXwAyduxZHNE26eHUt5rtuM4WSmds3G+sUdWYo1L+XyxButoh5eKUHk5lByO3G1LqqCWVnfrv\/lyPtf\/4ps1cndNGIri8J1TJ0lx6dR\/oPjq1nbRwdp2dCk4CtIOLW3pVKRL6WZfS5vF2KkIQhpwSsjiYIgNCs1gEMGqiIq24NQX9NwoXFy8Ufrl3twTcg4fv8T9\/JBEySduj6Mjm4bMzYV7EEOxKjjoNDud7yY3Dy71Hq2oLmqfbNR723edH9PgMrNL2utoQ3VmaIDkiw\/4w51P06hlZsTZvkRrbVuSIs\/zwSOsycgzStQouoAkWQqioRT5XI7n2Z1wfVhoZmcAJLsoqjqpjbWCgpOAJXBwHK8PzWbNvoUZJND5wCnSkLAkZ1legx6vqQzjoiTahKlGUGLAiIIoABOHaNVw4sexZBym6\/HWlH5h3IC7yRbxtipcWxdTOkORKiNQAEkFf66x5S2oeRbroOlLgg0sSYkR0hRGEqJZ0jTPiQKatESdBckpWigxaapEH0lImHdWu9pUFF2XqMNM2Z4kped7IwEJw2qabwtrQqnpw6HyKkgcadKWsmpywwesDyIhYRpdzXddqegtGIJlXbAIUMOLkGxJUjRIkokwjUaX9d\/kK62ps\/tYUqZLIMkLTyBhsMZ3C5Z\/kDxOSCb\/DOs\/\/J0qcWSX\/2ipe56EgTCA4\/cB7NAYOsni4mZM1MUPAISoEwkDi4lhVBQ1cWQyIcwalw4EpqZN68JUSK7XC0kTlkLYii5uXSC8jT5ncCAS7mjCv0uHp\/3lueHEEAeQ\/\/VgmdN71\/2uCSA1Xr6DO6uI6sW56zqT2tp2PhgiRUAajV8CY2fkcz6WGNKMgLAt7tJAhD4YHMTeRxlALE6+43WqjSWi8ITxyJl8WrwWSNESQZZOqhDDntO3hJLsd5RtSpbJqdv3YrDJH3F7jL1R2O2aQkn2MyCyKYz0GPGIvSAMgBCrCEiJyKbBaYGwLW4uPRr0A0M4Ux5kUI7IBh+hMdiCEWNqhMZGyYMsOgNE58UQuEQeUnSWCMYwL54hkxK6IoqucQZbQ3pc3XtL0lky1dL0zZJJDpWJovFqpWj6JEHnyam2eQp5QRVAVHjWparTOaVwUOx99YS2MvgxIGV0bb+qIg2HX2qkFFJB+XZcbLiuRkuxD9GRroKyveLxdh4d7Orx+hb7qc3uVRuEogCOnyIxm4ubUoPgF4jianDrC+SDQDKEfJb0GUKmjCGPYHGJvVC6X4hw1\/sAfQAdfYyephIaspXe36RwOP+Ljvfx9B6B3i+Nk0DGq+oCbLn6JpBa9nWAveAIHwFAwtVcIJXPMPL8kRu5OAYPMaL1WScTxjiZDqB9LTJSWphow\/pTYKRTLjCBhvi9iBidvKcDasGSm0QQkycYuLBqj6QCELPctqChDWpTRMWkngNNpQ1Pfp1KkiT\/Y0DGffXAweUNfLAfaJFKDwhb6I+bkYRbkERoEeu3Fyjg2opMz2daZCS9jt6Q7txNfB+OZEVF6Zl5web2xunnLQrtrjXseXKaFYziYINeMFZVxS9VxRhOoesYwxPKXm+gWLG9cuFeq93UNNeJNsf1KlwuDok9n02n3TgIJpOxNfL9naIoQwXtfH9kjceTIIi709ncTg6LZbg+biLH1V6u\/7rxBem06VXKn9raAAAAAElFTkSuQmCC\")      no-repeat center center \/ contain;  }  @media screen and (max-width: 960px) and (orientation: portrait) {    .logo {      width: 100%;    }    .logo .pc-banner {      display: none;    }    .logo .m-banner {      display: block;      width: 100%;    }    .logo .m-banner img {      height: auto!important;    }    .ytvideo {      height: 200px;      width: 100%;    }  }<\/style><style>  .video-section {    width: 100%;    margin: 0 auto;  }  .video-section > img {    width: 100%;  }  .video-section iframe,  .video-section video {    width: 100%;    height: 100%;      }  .video-section-img-m,  .video-section-img-pc > img {    width: 100%;    height: auto;  }  .video-section-img-pc.small > img {    width: 970px;  }  .video-desc {    line-height: 1.5;    font-size: 20px;    font-weight: 400;    margin: 20px 0;    text-align: center;    color: #0f1111;    word-break: break-word;  }  @media screen and (max-width: 960px) and (orientation: portrait) {    .video-section {      width: 100%;    }    .video-section-pc,    .video-section-img-pc {      display: none;    }    .video-section-m,    .video-section-img-m {      display: block;    }    .video-desc {      font-size: 15px;    }  }  @media screen and (min-width: 960px) {    .video-section {      width: 100%;      margin: 0 auto;    }    .video-section-pc,    .video-section-img-pc {      display: block;    }    .video-section-m,    .video-section-img-m {      display: none;    }    .video-desc {      font-size: 20px;    }  }<\/style><style>  .section + .section {    margin-top: 35px;  }  .section-title {    text-align: center;    font-weight: bold;    color: #0d1111;    font-family: \"Arial\";    font-size: 32px;    margin: 15px 0;  }  .section-title:empty {    display: none;  }  .section-desc {    text-align: center;    font-weight: normal;    color: #0d1111;    margin-top: 20px;  }  .section-desc:empty {    display: none;  }  .section-img {    width: 1200px;    height: 492px;    margin: 0 auto;    display: block;  }  .section-img.small {    width: 970px;    height: auto;  }  .section-img.small > img {    height: auto;  }  .section-img > img {    width: 100%;    height: 100%;  }  .section-mobile-img {    display: none;    max-width: 100vw;    max-height: 75vw;    height: 450px;    margin: 0 auto;  }  .section-mobile-img > img {    width: 100%;    height: 100%;  }  @media screen and (max-width: 960px) and (orientation: portrait) {    .container {      width: 100%;    }    .container.small {      width: 100%;    }    .section-mobile-img {      display: block;    }    .section-img {      display: none;    }    .section-title {      font-size: 22px;      margin: 10px 0;    }    .section-desc {      margin-top: 10px;    }    .section + .section {      margin-top: 20px;    }  }<\/style><\/head><body><div class=\"container\"><div class=\"logo\"><div class=\"pc-banner\"><div><img decoding=\"async\" src=\"\/vevor\/vevor\/boutique-banner\/pc\/en-pc@1x.jpg\" style=\"width: 100%;\" \/><\/div><\/div><div class=\"m-banner\"><div><img decoding=\"async\" src=\"\/vevor\/vevor\/boutique-banner\/mobile\/en-m@1x.jpg\" style=\"width: 100%;\" \/><\/div><\/div><\/div><div class=\"section-title\">Klusas pilna izvilkuma atvilkt\u0146u sliedes ar s\u0101nu stiprin\u0101jumu<\/div><div class=\"video-section\"><div class=\"video-section-img-pc\"><img decoding=\"async\" src=\"\/vevor\/product\/CZCJCTDG100LUDXKV\/drawer-slides-a100-1.4.jpg\" \/><\/div><div class=\"video-section-img-m\"><img decoding=\"async\" src=\"\/vevor\/product\/CZCJCTDG100LUDXKV\/drawer-slides-a100-1.4-m.jpg\" \/><\/div><div class=\"section-desc\">M\u016bsu atvilkt\u0146u vadotnes pied\u0101v\u0101 100 m\u0101rci\u0146u (45 kg) svara ietilp\u012bbu uzticamai uzglab\u0101\u0161anai, t\u0101s ir apr\u012bkotas ar cinkotu t\u0113raudu, klusu, m\u012bkstu aizv\u0113r\u0161anu, tr\u012bspak\u0101pju pilnu izvilk\u0161anu, autom\u0101tisku atsitiena aizv\u0113r\u0161anu, vienm\u0113r\u012bgu vilk\u0161anu un perfektu izcilas kvalit\u0101tes un lieto\u0161anas \u0113rtuma kombin\u0101ciju.<\/div><\/div><div class=\"section\"><div class=\"section-title\"><\/div><div class=\"section-img\"><img decoding=\"async\" src=\"\/vevor\/product\/CZCJCTDG100LUDXKV\/drawer-slides-a100-2.2.jpg\" \/><\/div><div class=\"section-mobile-img\"><img decoding=\"async\" src=\"\/vevor\/product\/CZCJCTDG100LUDXKV\/drawer-slides-a100-2.2-m.jpg\" \/><\/div><div class=\"section-desc\">Vienm\u0113r\u012bga sl\u012bd\u0113\u0161ana ar hidrauliskiem amortizatoriem pal\u0113nin\u0101jumam un pa\u0161aizv\u0113r\u0161anai, \u013caujot bez raiz\u0113m uzglab\u0101t v\u0113rt\u012bgus priek\u0161metus, piem\u0113ram, emalj\u0113tus podus un keramikas traukus.<\/div><\/div><div class=\"section\"><div class=\"section-title\"><\/div><div class=\"section-img\"><img decoding=\"async\" src=\"\/vevor\/product\/CZCJCTDG100LUDXKV\/drawer-slides-a100-2.3.jpg\" \/><\/div><div class=\"section-mobile-img\"><img decoding=\"async\" src=\"\/vevor\/product\/CZCJCTDG100LUDXKV\/drawer-slides-a100-2.3-m.jpg\" \/><\/div><div class=\"section-desc\">Klusais nosl\u0113gums nodro\u0161ina, ka j\u016bsu mazu\u013ca miegs netiek trauc\u0113ts, padarot to piem\u0113rotu da\u017e\u0101diem scen\u0101rijiem Neatkar\u012bgi no t\u0101, vai tas ir dr\u0113bju uzglab\u0101\u0161ana b\u0113rnud\u0101rz\u0101, gr\u0101matas kabinet\u0101 vai gatavo\u0161an\u0101s gu\u013camistab\u0101, tas nodro\u0161ina klusu un \u0113rtu vidi.<\/div><\/div><div class=\"section\"><div class=\"section-title\"><\/div><div class=\"section-img\"><img decoding=\"async\" src=\"\/vevor\/product\/CZCJCTDG100LUDXKV\/drawer-slides-a100-2.4.jpg\" \/><\/div><div class=\"section-mobile-img\"><img decoding=\"async\" src=\"\/vevor\/product\/CZCJCTDG100LUDXKV\/drawer-slides-a100-2.4-m.jpg\" \/><\/div><div class=\"section-desc\">M\u0113s pied\u0101v\u0101jam da\u017e\u0101dus izm\u0113rus no 14 l\u012bdz 24 coll\u0101m, kas piem\u0113roti kompakt\u0101m telp\u0101m virtuves skap\u012b\u0161os, gu\u013camistab\u0101s, m\u0101c\u012bbu telp\u0101s, birojos, vannas istab\u0101s un b\u0113rnistab\u0101s.<\/div><\/div><div class=\"section\"><div class=\"section-title\"><\/div><div class=\"section-img\"><img decoding=\"async\" src=\"\/vevor\/product\/CZCJCTDG100LUDXKV\/drawer-slides-a100-2.5.jpg\" \/><\/div><div class=\"section-mobile-img\"><img decoding=\"async\" src=\"\/vevor\/product\/CZCJCTDG100LUDXKV\/drawer-slides-a100-2.5-m.jpg\" \/><\/div><div class=\"section-desc\">M\u016bsu skaidrie un viegli saprotamie uzst\u0101d\u012b\u0161anas nor\u0101d\u012bjumi padara uzst\u0101d\u012b\u0161anu bez raiz\u0113m pat ies\u0101c\u0113jiem, \u013caujot jums to paveikt gludi ar profesion\u0101las vad\u012bbas pal\u012bdz\u012bbu.<\/div><\/div><div class=\"section\"><div class=\"section-img\"><img decoding=\"async\" src=\"\/vevor\/product\/CZCJCTDG100LUDXKV\/drawer-slides-a100-1.11.jpg\" alt=\"VEVOR atvilkt\u0146u sliedes, Q235A oglek\u013ca t\u0113rauds, slodzes iztur\u012bba 100 m\u0101rci\u0146as\/45,4 kg, sliedes garums 16 collas\/406,4 mm.\" \/><\/div><div class=\"section-mobile-img\"><img decoding=\"async\" src=\"\/vevor\/product\/CZCJCTDG100LUDXKV\/drawer-slides-a100-1.11-m.jpg\" alt=\"VEVOR atvilkt\u0146u sliedes, Q235A oglek\u013ca t\u0113rauds, slodzes iztur\u012bba 100 m\u0101rci\u0146as\/45,4 kg, sliedes garums 16 collas\/406,4 mm.\" \/><\/div><\/div><\/div><\/body><\/html><\/div>\n<div class=\"DM_at-title\" id=\"js-DM_at-title\"> <div>Produkta specifik\u0101cija<\/div> <i class=\"icon-arrowup_line\"><\/i> <\/div><div class=\"DM_at-goodsDescAttr\" id=\"js-DM_at-goodsDescAttr\"> <div class=\"DM_at-goodsDescAttrInner\"> <dl class=\"goodsDesc_item goodsDesc_item_even\"> <dt>Modelis<\/dt> <dd> 4605S2.400-10<\/dd> <\/dl> <dl class=\"goodsDesc_item\"> <dt>Galvenais materi\u0101ls<\/dt> <dd> Oglek\u013ca T\u0113rauda<\/dd> <\/dl> <dl class=\"goodsDesc_item goodsDesc_item_even\"> <dt>Neso\u0161ais<\/dt> <dd> 100 m\u0101rci\u0146as \/ 45,4 kg<\/dd> <\/dl> <dl class=\"goodsDesc_item\"> <dt>Piem\u0113rots atvilktnes garumam<\/dt> <dd> 16 collas \/ 406,4 mm<\/dd> <\/dl> <dl class=\"goodsDesc_item goodsDesc_item_even\"> <dt>Daudzums<\/dt> <dd> 10 gab.<\/dd> <\/dl> <dl class=\"goodsDesc_item\"> <dt>Produkta Izm\u0113ri<\/dt> <dd> 15,87 x 1,77 x 0,5 collas \/ 403 x 45 x 12,7 mm<\/dd> <\/dl> <\/div> <\/div>","protected":false},"excerpt":{"rendered":"<ul>\n<li> 100 m\u0101rci\u0146u dinamisk\u0101 slodze: m\u016bsu cinkot\u0101 t\u0113rauda konstrukcija nodro\u0161ina 100 m\u0101rci\u0146u svara iztur\u012bbu, p\u0101rdom\u0101tu telpas konfigur\u0101ciju un iztur\u012bbu pret koroziju. Izv\u0113lieties m\u016bs kvalitat\u012bvam dizainam un radiet skaistas un vienk\u0101r\u0161as m\u0101jas. <\/li>\n<li> Klus\u0101 un m\u012bkst\u0101 aizv\u0113r\u0161ana: M\u016bsu klus\u0101s aizv\u0113r\u0161anas tehnolo\u0123ija nodro\u0161ina autom\u0101tisku aizv\u0113r\u0161anu ar maigu spiedienu. Atsperes ab\u0101s pus\u0113s nodro\u0161ina vienm\u0113r\u012bgu un gludu aizv\u0113r\u0161anu, savuk\u0101rt sl\u0101p\u0113jo\u0161ais hidrauliskais cilindrs nodro\u0161ina autom\u0101tisku atsitienu, garant\u0113jot klusu darb\u012bbu. <\/li>\n<li> Tr\u012bspak\u0101pju pilna izvilkuma atvilktne: Vairs nek\u0101das mekl\u0113\u0161anas un rak\u0161anas! M\u016bsu tr\u012bspak\u0101pju pilna izvilkuma atvilkt\u0146u dizains atvieglo priek\u0161metu apskati un piek\u013cuvi tiem. Sal\u012bdzinot ar divpak\u0101pju dizainu, tas nov\u0113r\u0161 neredzam\u0101s zonas un padara darb\u012bbu \u0113rt\u0101ku. <\/li>\n<li> 6 univers\u0101li izm\u0113ri: pieejami 14 collu, 16 collu, 18 collu, 20 collu, 22 collu un 24 collu univers\u0101los izm\u0113ros, kas ir sader\u012bgi ar da\u017e\u0101diem popul\u0101riem atvilkt\u0146u slaidu z\u012bmoliem, nodro\u0161inot nomai\u0146as elast\u012bbu. <\/li>\n<li> Uzst\u0101d\u012b\u0161anas vadl\u012bnijas: M\u016bsu s\u0101nos mont\u0113jam\u0101s atvilkt\u0146u vadotnes ir izstr\u0101d\u0101tas, lai risin\u0101tu uzst\u0101d\u012b\u0161anas probl\u0113mas. \u012apa\u0161i izstr\u0101d\u0101t\u0101s uzst\u0101d\u012b\u0161anas atstarpes vadl\u012bnijas novieto vadotnes 2 mm att\u0101lum\u0101 no skapja priek\u0161puses, t\u0101d\u0113j\u0101di atvieglojot uzst\u0101d\u012b\u0161anas procesu un nov\u0113r\u0161ot nevajadz\u012bgas probl\u0113mas. <\/li>\n<\/ul>","protected":false},"featured_media":282133,"comment_status":"closed","ping_status":"open","template":"","meta":{"om_disable_all_campaigns":false,"_monsterinsights_skip_tracking":false,"_monsterinsights_sitenote_active":false,"_monsterinsights_sitenote_note":"","_monsterinsights_sitenote_category":0,"_uf_show_specific_survey":0,"_uf_disable_surveys":false},"location":[1935,1934],"product_brand":[21],"product_cat":[3702,2989,2990,65],"product_tag":[],"class_list":{"0":"post-25598","1":"product","2":"type-product","3":"status-publish","4":"has-post-thumbnail","6":"location-supplier_stock_location","7":"location-local_stock_location","8":"product_brand-vevor","9":"product_cat-cabinet-furniture-drawer-slides","10":"product_cat-cabinet-hardware","11":"product_cat-drawer-slides","12":"product_cat-hardware","14":"first","15":"instock","16":"taxable","17":"shipping-taxable","18":"purchasable","19":"product-type-simple"},"aioseo_notices":[],"jetpack_sharing_enabled":true,"locations":[{"id":1935,"name":"Pieg\u0101d\u0101t\u0101ja noliktav\u0101 (5-7d.d.)","slug":"supplier_stock_location","quantity":"9"},{"id":1934,"name":"R\u012bgas veikal\u0101 (0-2d.d.)","slug":"local_stock_location","quantity":"0"}],"_links":{"self":[{"href":"https:\/\/vevorshop.lv\/lv\/wp-json\/wp\/v2\/product\/25598","targetHints":{"allow":["GET"]}}],"collection":[{"href":"https:\/\/vevorshop.lv\/lv\/wp-json\/wp\/v2\/product"}],"about":[{"href":"https:\/\/vevorshop.lv\/lv\/wp-json\/wp\/v2\/types\/product"}],"replies":[{"embeddable":true,"href":"https:\/\/vevorshop.lv\/lv\/wp-json\/wp\/v2\/comments?post=25598"}],"wp:featuredmedia":[{"embeddable":true,"href":"https:\/\/vevorshop.lv\/lv\/wp-json\/wp\/v2\/media\/282133"}],"wp:attachment":[{"href":"https:\/\/vevorshop.lv\/lv\/wp-json\/wp\/v2\/media?parent=25598"}],"wp:term":[{"taxonomy":"location","embeddable":true,"href":"https:\/\/vevorshop.lv\/lv\/wp-json\/wp\/v2\/location?post=25598"},{"taxonomy":"product_brand","embeddable":true,"href":"https:\/\/vevorshop.lv\/lv\/wp-json\/wp\/v2\/product_brand?post=25598"},{"taxonomy":"product_cat","embeddable":true,"href":"https:\/\/vevorshop.lv\/lv\/wp-json\/wp\/v2\/product_cat?post=25598"},{"taxonomy":"product_tag","embeddable":true,"href":"https:\/\/vevorshop.lv\/lv\/wp-json\/wp\/v2\/product_tag?post=25598"}],"curies":[{"name":"wp","href":"https:\/\/api.w.org\/{rel}","templated":true}]}}