{"id":26281,"date":"2024-11-18T16:53:46","date_gmt":"2024-11-18T16:53:46","guid":{"rendered":"http:\/\/vevorshop.edigo.lv\/Prece\/vevor-rifle-case-rifle-hard-case-with-3-layers-fully-protective-foams-42-inch-lockable-hard-gun-case-with-wheels-ip67-waterproof-crushproof-for-two-rifles-or-shotguns-airsoft-gun\/"},"modified":"2026-04-10T00:56:08","modified_gmt":"2026-04-09T21:56:08","slug":"vevor-rifle-case-rifle-hard-case-with-3-layers-fully-protective-foams-42-inch-lockable-hard-gun-case-with-wheels-ip67-waterproof-crushproof-for-two-rifles-or-shotguns-airsoft-gun","status":"publish","type":"product","link":"https:\/\/vevorshop.lv\/lv\/Prece\/vevor-sautenes-futralis-sautenes-cietais-futralis-ar-3-slanu-pilniba-aizsargajosam-putam-42-collu-sledzams-cietais-ierocu-futralis-ar-riteniem-ip67-udensizturigs-triecienizturigs-divam-sautenem-vai-sa\/","title":{"rendered":"VEVOR 109 cm \u016bdensiztur\u012bgs \u0161autenes koferis ar rite\u0146iem, 3 sl\u0101\u0146u put\u0101m, sl\u0113dzams TSA iero\u010du \u010demod\u0101ns 2 \u0161auten\u0113m vai bisiem"},"content":{"rendered":"<div style=\"color: #fff!important; font-size: 16px; height: 24px; line-height: 24px; margin-top: -24px; \" class=\"product_original_name\">VEVOR \u0161autenes futr\u0101lis, \u0161autenes cietais futr\u0101lis ar 3 sl\u0101\u0146iem Piln\u012bb\u0101 aizsarg\u0101jo\u0161as putas, 109 cm blo\u0137\u0113jams cieto iero\u010du korpuss ar rite\u0146iem, IP67 \u016bdensnecaurlaid\u012bgs un necaurlaid\u012bgs, div\u0101m \u0161auten\u0113m vai bises, Airsoft lielgabals<\/div>\n<div style=\"color: #fff!important; font-size: 16px; height: 24px; line-height: 24px; margin-top: -24px; \" class=\"product_sku\">M4I4KVAH<\/div>\n<div style=\"color: #fff!important; font-size: 16px; height: 24px; line-height: 24px; margin-top: -24px; \" class=\"product_mpn\">YZBQH42INS00XOQXYV0<\/div><div id=\"js-DM_at-goodDescRich\"><html><head><style>  body {    font-family: Arial;    line-height: 1.5;    color: #1c1c1c;    overflow-x: hidden;    margin: 0;    padding: 0;  }  .MsoNormal b {    font-weight: bolder;  }<\/style><style>  .container.small {    width: 970px;    margin: 0 auto;  }  .logo {    margin: 0 auto 0;  }  .logo img {    display: block;    margin: 0 auto;    max-width: 100%;  }  .logo .pc-banner {    display: block;    width: 1200px;    height: 247.4px;    margin: 0 auto;  }  .logo .pc-banner.small {    width: 970px;  }  .logo .pc-banner.small img {    height: auto!important;  }  .logo .m-banner {    display: none;  }  .ytvideo {    position: relative;    height: 546px;    width: 100%;    margin: 0 auto;  }  .ytvideo img {    width: 100%;    margin: 0 auto;  }  .ytvideo .play-btn {    width: 60px;    height: 42px;    position: absolute;    top: 50%;    left: 50%;    transform: translate(-50%, -50%);    background: url(\"data:image\/png;base64,iVBORw0KGgoAAAANSUhEUgAAAGQAAABGCAMAAAANWMFbAAAC+lBMVEUAAADBGB3kLCfBGB3kLCfcJC7BFx3KKSbiKybkLCbWJCPSIiLSIiLPICHAFx3kLCfgKSXNHiDZJiTIGx\/p4eHcjo7LHSDbJyTkLCbjKyfOHyHPIiL28fHJHB\/GGh7EGR7eKCXDGB3RISHlLSbBGB3AFxzGHB7DGB7BGB3hKybkKybAFx3lLCfAFxzDGR3hKibDGB7cJyTmz8\/elJTlwcHjurrUIyLlLSflLSfAFx3DGR7lLSfCFx3hKibhKibhKybjKybkLCblLSfbJSX49vbx7e3NNzjNMTLMJyjVIyLZf3\/ZQ0LaeHjx0tLgoqLkLCfCGB3HGx\/BGB3BFx3PICHCGB7WJCLOHyC\/Fxy\/Fx3lLCfQISHkLSe\/FxzbJiTBFx3FGx\/AGB7BFx3EGR7AGB3HHSDfKiXAFh3TISHYNzbhKibbJyTTIiL57e325+f039\/v2NjUV1fOHiHiqanfmprch4feKSXVIyPOICHmLibFGh\/mLSe\/Fx7XJCPeKSXXJSPNHyHaJyTGGh7lLCbmLCflLSjSIiLkLCbdKSXLHiC\/GB3KHh++Fh3lKyfoLiXcKCPkx8fYb2\/XaGfVXl3aU1LLHiDksbHgKibPICHbJyTfKSXbJyTCGB3KHSDiKybFGh7TIiL\/\/\/\/VIyPRISHIHB\/GGx\/HHB\/DGR7gKibdKCXLHiDZJiTMHiDNHyHYJSTOICHPICHWJCPcKCXXJSPjLCblLCf+\/f3NGR\/uLijzLynPGR\/IGB7WISHaIyLLGh7UAADxLynNAADRLzDbICLQAADIAAD3MCrUHSHXMTDpKSbLAADp5OTij4\/ejo\/VLy\/1LyngJSTcJCPQHx\/OHB7+\/PzaMS\/OLS\/vLijrLSjSAADaNTPwLyjkKSbNJCbYISHPHB\/KGB7WAAD7+vrn3d3aKynTKCjoLCfsKifRGh\/YAADq5+fhjo7QNDXXKCfmJyXt5+fTLzDLLi\/QKivYHRvMGBrQJCXLISPMExXLDxLaEAvkkI\/bOTfaFQ\/SCgpvLcnHAAAAmnRSTlMA+vv7+gT9Bvf9+8z8\/NSv\/Pr5+P7++vnQIBMP\/v38\/Pn348XDiCYf9OjbzcqxXVcx\/fz8+\/rj1r2poo1+fXFqX0orGP7+\/v7+\/fz8+\/r68uzn4trIxsG\/vri3p6GcmZSNbWVYUUZEPQv+\/f39+\/v7+\/v7+vr64tvV1NTTz87FtbSurqeblJKFg4B3bUY+NjL7+\/v7+\/v67t1cDo8JLQAABkRJREFUWMO0kz9rwkAYh0OIeJkum6YugUAhISCdKoj\/P4C7SMdS+gEKIhSKil10LSg4mzXkILdlEpxCpwTiWOLX6BujvQaEQuGeHLnL+\/64J+SIcKGYTYWnntpdLjrVdqvZmNdn0+EE40GtpuuWVS6Xx6N7YDSGpWXpeq02wHgynM7q80az1a52HpddtVcpsi1zFARBrdaxbhp9iUReTGmwA4KAAr7vx3EYejnCMI6hQYEgy0LQi4jUN0wL19vqFcUC9\/1dAKmEEFkWRYkh5oBejnxQJiSJPJ\/uKBp0Thszx9Mw8hMRIQjKsptCfuES9zr5WJY6vSFCIvE9fCMUmEM1A1kSXcYGxgVYsvI1IPKTZciSTI0us\/SMGG04gDzELDoFBwdcFJrF88dqgYMTiL6DILWYyfOWE8\/kIz38olCNlC03FK95+imxp6y4oUSvAnBjHHhKNtotSDqJzVFiK8c2SBqhZtsrTtgrLXwAyduxZHNE26eHUt5rtuM4WSmds3G+sUdWYo1L+XyxButoh5eKUHk5lByO3G1LqqCWVnfrv\/lyPtf\/4ps1cndNGIri8J1TJ0lx6dR\/oPjq1nbRwdp2dCk4CtIOLW3pVKRL6WZfS5vF2KkIQhpwSsjiYIgNCs1gEMGqiIq24NQX9NwoXFy8Ufrl3twTcg4fv8T9\/JBEySduj6Mjm4bMzYV7EEOxKjjoNDud7yY3Dy71Hq2oLmqfbNR723edH9PgMrNL2utoQ3VmaIDkiw\/4w51P06hlZsTZvkRrbVuSIs\/zwSOsycgzStQouoAkWQqioRT5XI7n2Z1wfVhoZmcAJLsoqjqpjbWCgpOAJXBwHK8PzWbNvoUZJND5wCnSkLAkZ1legx6vqQzjoiTahKlGUGLAiIIoABOHaNVw4sexZBym6\/HWlH5h3IC7yRbxtipcWxdTOkORKiNQAEkFf66x5S2oeRbroOlLgg0sSYkR0hRGEqJZ0jTPiQKatESdBckpWigxaapEH0lImHdWu9pUFF2XqMNM2Z4kped7IwEJw2qabwtrQqnpw6HyKkgcadKWsmpywwesDyIhYRpdzXddqegtGIJlXbAIUMOLkGxJUjRIkokwjUaX9d\/kK62ps\/tYUqZLIMkLTyBhsMZ3C5Z\/kDxOSCb\/DOs\/\/J0qcWSX\/2ipe56EgTCA4\/cB7NAYOsni4mZM1MUPAISoEwkDi4lhVBQ1cWQyIcwalw4EpqZN68JUSK7XC0kTlkLYii5uXSC8jT5ncCAS7mjCv0uHp\/3lueHEEAeQ\/\/VgmdN71\/2uCSA1Xr6DO6uI6sW56zqT2tp2PhgiRUAajV8CY2fkcz6WGNKMgLAt7tJAhD4YHMTeRxlALE6+43WqjSWi8ITxyJl8WrwWSNESQZZOqhDDntO3hJLsd5RtSpbJqdv3YrDJH3F7jL1R2O2aQkn2MyCyKYz0GPGIvSAMgBCrCEiJyKbBaYGwLW4uPRr0A0M4Ux5kUI7IBh+hMdiCEWNqhMZGyYMsOgNE58UQuEQeUnSWCMYwL54hkxK6IoqucQZbQ3pc3XtL0lky1dL0zZJJDpWJovFqpWj6JEHnyam2eQp5QRVAVHjWparTOaVwUOx99YS2MvgxIGV0bb+qIg2HX2qkFFJB+XZcbLiuRkuxD9GRroKyveLxdh4d7Orx+hb7qc3uVRuEogCOnyIxm4ubUoPgF4jianDrC+SDQDKEfJb0GUKmjCGPYHGJvVC6X4hw1\/sAfQAdfYyephIaspXe36RwOP+Ljvfx9B6B3i+Nk0DGq+oCbLn6JpBa9nWAveAIHwFAwtVcIJXPMPL8kRu5OAYPMaL1WScTxjiZDqB9LTJSWphow\/pTYKRTLjCBhvi9iBidvKcDasGSm0QQkycYuLBqj6QCELPctqChDWpTRMWkngNNpQ1Pfp1KkiT\/Y0DGffXAweUNfLAfaJFKDwhb6I+bkYRbkERoEeu3Fyjg2opMz2daZCS9jt6Q7txNfB+OZEVF6Zl5web2xunnLQrtrjXseXKaFYziYINeMFZVxS9VxRhOoesYwxPKXm+gWLG9cuFeq93UNNeJNsf1KlwuDok9n02n3TgIJpOxNfL9naIoQwXtfH9kjceTIIi709ncTg6LZbg+biLH1V6u\/7rxBem06VXKn9raAAAAAElFTkSuQmCC\")      no-repeat center center \/ contain;  }  @media screen and (max-width: 960px) and (orientation: portrait) {    .logo {      width: 100%;    }    .logo .pc-banner {      display: none;    }    .logo .m-banner {      display: block;      width: 100%;    }    .logo .m-banner img {      height: auto!important;    }    .ytvideo {      height: 200px;      width: 100%;    }  }<\/style><style>  .video-section {    width: 100%;    margin: 0 auto;  }  .video-section > img {    width: 100%;  }  .video-section iframe,  .video-section video {    width: 100%;    height: 100%;      }  .video-section-img-m,  .video-section-img-pc > img {    width: 100%;    height: auto;  }  .video-section-img-pc.small > img {    width: 970px;  }  .video-desc {    line-height: 1.5;    font-size: 20px;    font-weight: 400;    margin: 20px 0;    text-align: center;    color: #0f1111;    word-break: break-word;  }  @media screen and (max-width: 960px) and (orientation: portrait) {    .video-section {      width: 100%;    }    .video-section-pc,    .video-section-img-pc {      display: none;    }    .video-section-m,    .video-section-img-m {      display: block;    }    .video-desc {      font-size: 15px;    }  }  @media screen and (min-width: 960px) {    .video-section {      width: 100%;      margin: 0 auto;    }    .video-section-pc,    .video-section-img-pc {      display: block;    }    .video-section-m,    .video-section-img-m {      display: none;    }    .video-desc {      font-size: 20px;    }  }<\/style><style>  .section + .section {    margin-top: 35px;  }  .section-title {    text-align: center;    font-weight: bold;    color: #0d1111;    font-family: \"Arial\";    font-size: 32px;    margin: 15px 0;  }  .section-title:empty {    display: none;  }  .section-desc {    text-align: center;    font-weight: normal;    color: #0d1111;    margin-top: 20px;  }  .section-desc:empty {    display: none;  }  .section-img {    width: 1200px;    height: 492px;    margin: 0 auto;    display: block;  }  .section-img.small {    width: 970px;    height: auto;  }  .section-img.small > img {    height: auto;  }  .section-img > img {    width: 100%;    height: 100%;  }  .section-mobile-img {    display: none;    max-width: 100vw;    max-height: 75vw;    height: 450px;    margin: 0 auto;  }  .section-mobile-img > img {    width: 100%;    height: 100%;  }  @media screen and (max-width: 960px) and (orientation: portrait) {    .container {      width: 100%;    }    .container.small {      width: 100%;    }    .section-mobile-img {      display: block;    }    .section-img {      display: none;    }    .section-title {      font-size: 22px;      margin: 10px 0;    }    .section-desc {      margin-top: 10px;    }    .section + .section {      margin-top: 20px;    }  }<\/style><\/head><body><div class=\"container\"><div class=\"logo\"><div class=\"pc-banner\"><div><img decoding=\"async\" src=\"\/vevor\/vevor\/boutique-banner\/pc\/en-pc@1x.jpg\" style=\"width: 100%;\" \/><\/div><\/div><div class=\"m-banner\"><div><img decoding=\"async\" src=\"\/vevor\/vevor\/boutique-banner\/mobile\/en-m@1x.jpg\" style=\"width: 100%;\" \/><\/div><\/div><\/div><div class=\"section-title\">Nodro\u0161iniet savu \u0161aujamieroci: VEVOR \u0161autenes cietais futr\u0101lis<\/div><div class=\"video-section\"><div class=\"video-section-img-pc\"><img decoding=\"async\" src=\"\/vevor\/product\/YZBQH42INS00XOQXY\/rifle-case-a100-1.4.jpg\" alt=\"VEVOR taktisk\u0101 \u0161autenes soma, 40 collu cieta \u0161autenes soma ar IP67 \u016bdensiztur\u012bbu, putu sl\u0101\u0146iem, atbilst TSA pras\u012bb\u0101m.\" \/><\/div><div class=\"video-section-img-m\"><img decoding=\"async\" src=\"\/vevor\/product\/YZBQH42INS00XOQXY\/rifle-case-a100-1.4-m.jpg\" alt=\"VEVOR taktisk\u0101 \u0161autenes soma, 40 collu cieta \u0161autenes soma ar IP67 \u016bdensiztur\u012bbu, putu sl\u0101\u0146iem, atbilst TSA pras\u012bb\u0101m.\" \/><\/div><div class=\"section-desc\">Aizsarg\u0101jiet savus \u0161aujamiero\u010dus ar VEVOR cieto \u0161autenes futr\u0101li, kas izstr\u0101d\u0101ta, lai nodro\u0161in\u0101tu optim\u0101lus uzglab\u0101\u0161anas un transport\u0113\u0161anas risin\u0101jumus. Pateicoties t\u0101s iztur\u012bgajai konstrukcijai, j\u016bs varat pa\u013cauties, ka j\u016bsu \u0161aujamiero\u010di vienm\u0113r ir labi aizsarg\u0101ti. Ieguldiet VEVOR cietaj\u0101 \u0161autenes futr\u0101l\u012b, lai j\u016bsu \u0161aujamiero\u010di b\u016btu dro\u0161\u012bb\u0101 jebkur\u0101 situ\u0101cij\u0101.<\/div><\/div><div class=\"section\"><div class=\"section-title\"><\/div><div class=\"section-img\"><img decoding=\"async\" src=\"\/vevor\/product\/YZBQH42INS00XOQXY\/rifle-case-a100-2.2.jpg\" alt=\"VEVOR taktisk\u0101 \u0161autuves soma ar PP \u0101r\u0113jo apvalku, IP67 \u016bdensiztur\u012bgu, triecieniztur\u012bgu un putek\u013cu necaurlaid\u012bgu.\" \/><\/div><div class=\"section-mobile-img\"><img decoding=\"async\" src=\"\/vevor\/product\/YZBQH42INS00XOQXY\/rifle-case-a100-2.2-m.jpg\" alt=\"VEVOR taktisk\u0101 \u0161autuves soma ar PP \u0101r\u0113jo apvalku, IP67 \u016bdensiztur\u012bgu, triecieniztur\u012bgu un putek\u013cu necaurlaid\u012bgu.\" \/><\/div><div class=\"section-desc\">Aizsarg\u0101jiet savus \u0161aujamiero\u010dus no boj\u0101jumiem ar \u0161o cieto \u0161autenes iero\u010du futr\u0101li. Izgatavots no triecieniztur\u012bga PP materi\u0101la, m\u016bsu cietais \u0161autenes futr\u0101lis nodro\u0161ina iztur\u012bbu pret triecieniem, kritieniem un rupju apie\u0161anos. Futr\u0101lis ir IP67 \u016bdensiztur\u012bgs un 100% putek\u013cu necaurlaid\u012bgs, pateicoties t\u0101 \u016bdensnecaurlaid\u012bgajam bl\u012bv\u0113jumam.<\/div><\/div><div class=\"section\"><div class=\"section-title\"><\/div><div class=\"section-img\"><img decoding=\"async\" src=\"\/vevor\/product\/YZBQH42INS00XOQXY\/rifle-case-a100-2.3.jpg\" alt=\"VEVOR taktisk\u0101 \u0161autuves soma ar piel\u0101gojamiem putu sl\u0101\u0146iem maksim\u0101lai aizsardz\u012bbai un triecienu absorbcijai.\" \/><\/div><div class=\"section-mobile-img\"><img decoding=\"async\" src=\"\/vevor\/product\/YZBQH42INS00XOQXY\/rifle-case-a100-2.3-m.jpg\" alt=\"VEVOR taktisk\u0101 \u0161autuves soma ar piel\u0101gojamiem putu sl\u0101\u0146iem maksim\u0101lai aizsardz\u012bbai un triecienu absorbcijai.\" \/><\/div><div class=\"section-desc\">M\u016bsu \u0161aute\u0146u cietajiem futr\u0101\u013ciem ir 3 putu sl\u0101\u0146i maksim\u0101lai aizsardz\u012bbai, un otrais sl\u0101nis ir piel\u0101gojams, \u013caujot dro\u0161i un organiz\u0113ti uzglab\u0101t \u0161auteni un piederumus. Tas nov\u0113r\u0161 priek\u0161metu p\u0101rvieto\u0161anos transport\u0113\u0161anas laik\u0101, samazinot boj\u0101jumu risku.<\/div><\/div><div class=\"section\"><div class=\"section-title\"><\/div><div class=\"section-img\"><img decoding=\"async\" src=\"\/vevor\/product\/YZBQH42INS00XOQXY\/rifle-case-a100-2.4.jpg\" alt=\"VEVOR taktisk\u0101 \u0161autenes futr\u0101lis ar 4 spiedpog\u0101m, TSA sl\u0113dzen\u0113m un spiediena izl\u012bdzin\u0101\u0161anas v\u0101rstu.\" \/><\/div><div class=\"section-mobile-img\"><img decoding=\"async\" src=\"\/vevor\/product\/YZBQH42INS00XOQXY\/rifle-case-a100-2.4-m.jpg\" alt=\"VEVOR taktisk\u0101 \u0161autenes futr\u0101lis ar 4 spiedpog\u0101m, TSA sl\u0113dzen\u0113m un spiediena izl\u012bdzin\u0101\u0161anas v\u0101rstu.\" \/><\/div><div class=\"section-desc\">Izstr\u0101d\u0101ts, lai atbilstu TSA pras\u012bb\u0101m, m\u016bsu \u0161autenes korpus\u0101 ir 2 piekaram\u0101s sl\u0113dzenes, lai efekt\u012bvi nostiprin\u0101tu j\u016bsu \u0161autenes.Nospie\u017eamie aizb\u012bd\u0146i ir viegli atverami un aizverami Met\u0101la e\u0146\u0123u tapas nodro\u0161ina dro\u0161u un uzticamu savienojumu Spiediena izl\u012bdzin\u0101\u0161anas v\u0101rsts pal\u012bdz regul\u0113t un l\u012bdzsvarot gaisa spiedienu.<\/div><\/div><div class=\"section\"><div class=\"section-title\"><\/div><div class=\"section-img\"><img decoding=\"async\" src=\"\/vevor\/product\/YZBQH42INS00XOQXY\/rifle-case-a100-2.5.jpg\" alt=\"VEVOR taktisk\u0101 \u0161autenes kofera \u0113rta transport\u0113\u0161ana ar 2 p\u0101rn\u0113s\u0101jamiem rokturiem un klusiem riten\u012b\u0161iem.\" \/><\/div><div class=\"section-mobile-img\"><img decoding=\"async\" src=\"\/vevor\/product\/YZBQH42INS00XOQXY\/rifle-case-a100-2.5-m.jpg\" alt=\"VEVOR taktisk\u0101 \u0161autenes kofera \u0113rta transport\u0113\u0161ana ar 2 p\u0101rn\u0113s\u0101jamiem rokturiem un klusiem riten\u012b\u0161iem.\" \/><\/div><div class=\"section-desc\">Apr\u012bkots ar diviem klusiem rite\u0146iem un diviem rokturiem, m\u016bsu cietais iero\u010du futr\u0101lis nodro\u0161ina \u0113rtu transport\u0113\u0161anu sabiedrisk\u0101s viet\u0101s vai med\u012bbu viet\u0101s. Rite\u0146u un rokturu kombin\u0101cija nodro\u0161ina \u0113rtas un daudzpus\u012bgas p\u0101rn\u0113s\u0101\u0161anas iesp\u0113jas, uzlabojot kop\u0113jo elast\u012bbu.<\/div><\/div><div class=\"section\"><div class=\"section-img\"><img decoding=\"async\" src=\"\/vevor\/product\/YZBQH42INS00XOQXY\/rifle-case-a100-1.11.jpg\" alt=\"VEVOR taktisk\u0101 \u0161autenes soma, \u016bdensnecaurlaid\u012bgs ciets futr\u0101lis \u0161auten\u0113m, TSA standarts ar piel\u0101gojam\u0101m put\u0101m.\" \/><\/div><div class=\"section-mobile-img\"><img decoding=\"async\" src=\"\/vevor\/product\/YZBQH42INS00XOQXY\/rifle-case-a100-1.11-m.jpg\" alt=\"VEVOR taktisk\u0101 \u0161autenes soma, \u016bdensnecaurlaid\u012bgs ciets futr\u0101lis \u0161auten\u0113m, TSA standarts ar piel\u0101gojam\u0101m put\u0101m.\" \/><\/div><\/div><\/div><\/body><\/html><\/div>\n<div class=\"DM_at-title\" id=\"js-DM_at-title\"> <div>Produkta specifik\u0101cija<\/div> <i class=\"icon-arrowup_line\"><\/i> <\/div><div class=\"DM_at-goodsDescAttr\" id=\"js-DM_at-goodsDescAttr\"> <div class=\"DM_at-goodsDescAttrInner\"> <dl class=\"goodsDesc_item goodsDesc_item_even\"> <dt>Preces Mode\u013ca Numurs<\/dt> <dd> 1043513<\/dd> <\/dl> <dl class=\"goodsDesc_item\"> <dt>Produkta Izm\u0113ri<\/dt> <dd> 42,9 x 16,1 x 6,1 collas\/1090 x 410 x 155 mm<\/dd> <\/dl> <dl class=\"goodsDesc_item goodsDesc_item_even\"> <dt>Iek\u0161\u0113jais izm\u0113rs<\/dt> <dd> 41 x 13,9 x 3,6 collas \/ 1042 x 352 x 91 mm<\/dd> <\/dl> <dl class=\"goodsDesc_item\"> <dt>Jauda<\/dt> <dd> L\u012bdz 2 \u0161auten\u0113m (\u0161auten\u0113m l\u012bdz 40 coll\u0101m)<\/dd> <\/dl> <dl class=\"goodsDesc_item goodsDesc_item_even\"> <dt>\u016adensiztur\u012bgs<\/dt> <dd> IP67<\/dd> <\/dl> <dl class=\"goodsDesc_item\"> <dt>TSA standarts<\/dt> <dd> J\u0100<\/dd> <\/dl> <dl class=\"goodsDesc_item goodsDesc_item_even\"> <dt>Galvenais materi\u0101ls<\/dt> <dd> PP<\/dd> <\/dl> <dl class=\"goodsDesc_item\"> <dt>Aizb\u012bdnis<\/dt> <dd> 4 gab.<\/dd> <\/dl> <dl class=\"goodsDesc_item goodsDesc_item_even\"> <dt>Spiediena samazin\u0101\u0161anas v\u0101rsts<\/dt> <dd> J\u0100<\/dd> <\/dl> <dl class=\"goodsDesc_item\"> <dt>Rite\u0146i<\/dt> <dd> 2 gab.<\/dd> <\/dl> <dl class=\"goodsDesc_item goodsDesc_item_even\"> <dt>Rite\u0146u diametrs<\/dt> <dd> 2,2 collas\/55 mm<\/dd> <\/dl> <dl class=\"goodsDesc_item\"> <dt>Svars<\/dt> <dd> 12,79 m\u0101rci\u0146as\/5,80 kg<\/dd> <\/dl> <\/div> <\/div>","protected":false},"excerpt":{"rendered":"<ul>\n<li> Iztur\u012bgs &amp; IP67 \u016adensiztur\u012bgs: VEVOR \u0161autenes korpusi ir veidoti t\u0101, lai tie b\u016btu triecieniztur\u012bgi, IP76 \u016bdensiztur\u012bgi un iztur\u0113tu ekstrem\u0101las temperat\u016bras, padarot tos ide\u0101li piem\u0113rotus da\u017e\u0101d\u0101m vid\u0113m Neatkar\u012bgi no t\u0101, vai ce\u013cojat lielos att\u0101lumos vai iesaist\u0101ties \u0101ra aktivit\u0101t\u0113s, piem\u0113ram, med\u012bb\u0101s vai \u0161au\u0161anas sporta veidos, m\u016bsu \u0161autenes cietie futr\u0101\u013ci efekt\u012bvi aizsarg\u0101 j\u016bsu \u0161aujamieroci pras\u012bg\u0101s situ\u0101cij\u0101s. <\/li>\n<li> 3 sl\u0101\u0146u putas: M\u016bsu iero\u010da cietajam futr\u0101lim ir tr\u012bs m\u012bkstu putu sl\u0101\u0146i, lai nodro\u0161in\u0101tu aizsardz\u012bbu no vis\u0101m pus\u0113m. Tas sast\u0101v no viena olu kastes formas putu polster\u0113juma sl\u0101\u0146a triecienu absorb\u0113\u0161anai, viena piln\u012bb\u0101 piel\u0101gojama sl\u0101\u0146a cie\u0161ai piegul\u0161anai un viena cieta putu sl\u0101\u0146a papildu atbalstam. Maksim\u0101lais kop\u0113jais iero\u010da augstums, ko var iztur\u0113t futr\u0101lis, ir 40 collas. <\/li>\n<li> Dro\u0161s un ce\u013co\u0161anai draudz\u012bgs: m\u016bsu ciet\u0101s \u0161autenes korpuss atbilst TSA pras\u012bb\u0101m, un taj\u0101 ir 2 piekaram\u0101s sl\u0113dzenes, lai nostiprin\u0101tu \u0161autenes, nov\u0113r\u0161ot nesankcion\u0113tu piek\u013cuvi j\u016bsu \u0161aujamierocim. Turkl\u0101t nolai\u017eamie aizb\u012bd\u0146i ir ne tikai viegli darbin\u0101mi, bet ar\u012b nodro\u0161ina dro\u0161u pistoles korpusa aizv\u0113r\u0161anu. <\/li>\n<li> Paaugstin\u0101ta iztur\u012bba: M\u016bsu \u0161autenes iero\u010da korpusam ir met\u0101la e\u0146\u0123u tapas, kas parasti ir iztur\u012bg\u0101kas un nodilumiztur\u012bg\u0101kas nek\u0101 plastmasa. T\u0101s var iztur\u0113t atk\u0101rtotu korpusa atv\u0113r\u0161anu un aizv\u0113r\u0161anu laika gait\u0101. Turkl\u0101t korpuss ir apr\u012bkots ar spiediena izl\u012bdzin\u0101\u0161anas v\u0101rstu, kas pal\u012bdz regul\u0113t un l\u012bdzsvarot gaisa spiedienu. <\/li>\n<li> Vienk\u0101r\u0161a transport\u0113\u0161ana: Pateicoties diviem klusiem rite\u0146iem, m\u016bsu cietais iero\u010du futr\u0101lis nodro\u0161ina klusu un \u0113rtu transport\u0113\u0161anu sabiedrisk\u0101s viet\u0101s vai med\u012bbu viet\u0101s, samazinot trauc\u0113jumus citiem. Turkl\u0101t divi rokturi nodro\u0161ina vienk\u0101r\u0161as un \u0113rtas p\u0101rn\u0113s\u0101\u0161anas iesp\u0113jas, sniedzot papildu elast\u012bbu. <\/li>\n<\/ul>","protected":false},"featured_media":283153,"comment_status":"closed","ping_status":"open","template":"","meta":{"om_disable_all_campaigns":false,"_monsterinsights_skip_tracking":false,"_monsterinsights_sitenote_active":false,"_monsterinsights_sitenote_note":"","_monsterinsights_sitenote_category":0,"_uf_show_specific_survey":0,"_uf_disable_surveys":false},"location":[1935,1934],"product_brand":[21],"product_cat":[2553,3737,2552,2453,2374],"product_tag":[],"class_list":{"0":"post-26281","1":"product","2":"type-product","3":"status-publish","4":"has-post-thumbnail","6":"location-supplier_stock_location","7":"location-local_stock_location","8":"product_brand-vevor","9":"product_cat-gun-safes","10":"product_cat-hard-gun-cases","11":"product_cat-safes-safety-security","12":"product_cat-safety-security","13":"product_cat-tools","15":"first","16":"instock","17":"taxable","18":"shipping-taxable","19":"purchasable","20":"product-type-simple"},"aioseo_notices":[],"jetpack_sharing_enabled":true,"locations":[{"id":1935,"name":"Pieg\u0101d\u0101t\u0101ja noliktav\u0101 (5-7d.d.)","slug":"supplier_stock_location","quantity":"249"},{"id":1934,"name":"R\u012bgas veikal\u0101 (0-2d.d.)","slug":"local_stock_location","quantity":"0"}],"_links":{"self":[{"href":"https:\/\/vevorshop.lv\/lv\/wp-json\/wp\/v2\/product\/26281","targetHints":{"allow":["GET"]}}],"collection":[{"href":"https:\/\/vevorshop.lv\/lv\/wp-json\/wp\/v2\/product"}],"about":[{"href":"https:\/\/vevorshop.lv\/lv\/wp-json\/wp\/v2\/types\/product"}],"replies":[{"embeddable":true,"href":"https:\/\/vevorshop.lv\/lv\/wp-json\/wp\/v2\/comments?post=26281"}],"wp:featuredmedia":[{"embeddable":true,"href":"https:\/\/vevorshop.lv\/lv\/wp-json\/wp\/v2\/media\/283153"}],"wp:attachment":[{"href":"https:\/\/vevorshop.lv\/lv\/wp-json\/wp\/v2\/media?parent=26281"}],"wp:term":[{"taxonomy":"location","embeddable":true,"href":"https:\/\/vevorshop.lv\/lv\/wp-json\/wp\/v2\/location?post=26281"},{"taxonomy":"product_brand","embeddable":true,"href":"https:\/\/vevorshop.lv\/lv\/wp-json\/wp\/v2\/product_brand?post=26281"},{"taxonomy":"product_cat","embeddable":true,"href":"https:\/\/vevorshop.lv\/lv\/wp-json\/wp\/v2\/product_cat?post=26281"},{"taxonomy":"product_tag","embeddable":true,"href":"https:\/\/vevorshop.lv\/lv\/wp-json\/wp\/v2\/product_tag?post=26281"}],"curies":[{"name":"wp","href":"https:\/\/api.w.org\/{rel}","templated":true}]}}