{"id":28739,"date":"2024-11-18T18:58:33","date_gmt":"2024-11-18T18:58:33","guid":{"rendered":"http:\/\/vevorshop.edigo.lv\/Prece\/vevor-baseball-batting-cage-softball-and-baseball-batting-cage-net-and-frame-practice-portable-cage-net-with-carry-bag-heavy-duty-enclosed-pitching-cage-for-backyard-batting-hitting-training-40ft\/"},"modified":"2026-04-06T19:17:51","modified_gmt":"2026-04-06T16:17:51","slug":"vevor-baseball-batting-cage-softball-and-baseball-batting-cage-net-and-frame-practice-portable-cage-net-with-carry-bag-heavy-duty-enclosed-pitching-cage-for-backyard-batting-hitting-training-40ft","status":"publish","type":"product","link":"https:\/\/vevorshop.lv\/lv\/Prece\/vevor-beisbola-beisbola-buris-softbola-un-beisbola-beisbola-beisbola-buris-tikls-un-ramis-treninu-parnesajamais-buris-ar-parnesajamo-somu-lieljaudas-slegts-metienu-buris-paredzets-pagalma-trenini-2\/","title":{"rendered":"VEVOR 12m Beisbola un Softbola Treni\u0146u K\u0101rba ar T\u012bklu un R\u0101mi, Iztur\u012bga P\u0101rn\u0113s\u0101jama Treni\u0146u K\u0101rba ar Somu Pagalma Treni\u0146iem"},"content":{"rendered":"<div style=\"color: #fff!important; font-size: 16px; height: 24px; line-height: 24px; margin-top: -24px; \" class=\"product_original_name\">VEVOR 12x12m Beisbola un Softbola Vingrin\u0101jumu B\u016bris, 40FT Sl\u0113gts T\u012bkls ar Karstumiztur\u012bgiem Stikla \u0161\u0137iedras Stabiem, Dubult\u0101 Sl\u0101\u0146a Poliestera T\u012bkls, P\u0101rn\u0113s\u0101jams ar P\u0101rn\u0113s\u0101jamo Soma Treni\u0146iem Pagalm\u0101<\/div>\n<div style=\"color: #fff!important; font-size: 16px; height: 24px; line-height: 24px; margin-top: -24px; \" class=\"product_sku\">M4I4KYMC<\/div>\n<div style=\"color: #fff!important; font-size: 16px; height: 24px; line-height: 24px; margin-top: -24px; \" class=\"product_mpn\">BYBLXWKWBLXWZNOTYV0<\/div><div id=\"js-DM_at-goodDescRich\"><html><head><style>  body {    font-family: Arial;    line-height: 1.5;    color: #1c1c1c;    overflow-x: hidden;    margin: 0;    padding: 0;  }  .MsoNormal b {    font-weight: bolder;  }<\/style><style>  .container.small {    width: 970px;    margin: 0 auto;  }  .logo {    margin: 0 auto 0;  }  .logo img {    display: block;    margin: 0 auto;    max-width: 100%;  }  .logo .pc-banner {    display: block;    width: 1200px;    height: 247.4px;    margin: 0 auto;  }  .logo .pc-banner.small {    width: 970px;  }  .logo .pc-banner.small img {    height: auto!important;  }  .logo .m-banner {    display: none;  }  .ytvideo {    position: relative;    height: 546px;    width: 100%;    margin: 0 auto;  }  .ytvideo img {    width: 100%;    margin: 0 auto;  }  .ytvideo .play-btn {    width: 60px;    height: 42px;    position: absolute;    top: 50%;    left: 50%;    transform: translate(-50%, -50%);    background: url(\"data:image\/png;base64,iVBORw0KGgoAAAANSUhEUgAAAGQAAABGCAMAAAANWMFbAAAC+lBMVEUAAADBGB3kLCfBGB3kLCfcJC7BFx3KKSbiKybkLCbWJCPSIiLSIiLPICHAFx3kLCfgKSXNHiDZJiTIGx\/p4eHcjo7LHSDbJyTkLCbjKyfOHyHPIiL28fHJHB\/GGh7EGR7eKCXDGB3RISHlLSbBGB3AFxzGHB7DGB7BGB3hKybkKybAFx3lLCfAFxzDGR3hKibDGB7cJyTmz8\/elJTlwcHjurrUIyLlLSflLSfAFx3DGR7lLSfCFx3hKibhKibhKybjKybkLCblLSfbJSX49vbx7e3NNzjNMTLMJyjVIyLZf3\/ZQ0LaeHjx0tLgoqLkLCfCGB3HGx\/BGB3BFx3PICHCGB7WJCLOHyC\/Fxy\/Fx3lLCfQISHkLSe\/FxzbJiTBFx3FGx\/AGB7BFx3EGR7AGB3HHSDfKiXAFh3TISHYNzbhKibbJyTTIiL57e325+f039\/v2NjUV1fOHiHiqanfmprch4feKSXVIyPOICHmLibFGh\/mLSe\/Fx7XJCPeKSXXJSPNHyHaJyTGGh7lLCbmLCflLSjSIiLkLCbdKSXLHiC\/GB3KHh++Fh3lKyfoLiXcKCPkx8fYb2\/XaGfVXl3aU1LLHiDksbHgKibPICHbJyTfKSXbJyTCGB3KHSDiKybFGh7TIiL\/\/\/\/VIyPRISHIHB\/GGx\/HHB\/DGR7gKibdKCXLHiDZJiTMHiDNHyHYJSTOICHPICHWJCPcKCXXJSPjLCblLCf+\/f3NGR\/uLijzLynPGR\/IGB7WISHaIyLLGh7UAADxLynNAADRLzDbICLQAADIAAD3MCrUHSHXMTDpKSbLAADp5OTij4\/ejo\/VLy\/1LyngJSTcJCPQHx\/OHB7+\/PzaMS\/OLS\/vLijrLSjSAADaNTPwLyjkKSbNJCbYISHPHB\/KGB7WAAD7+vrn3d3aKynTKCjoLCfsKifRGh\/YAADq5+fhjo7QNDXXKCfmJyXt5+fTLzDLLi\/QKivYHRvMGBrQJCXLISPMExXLDxLaEAvkkI\/bOTfaFQ\/SCgpvLcnHAAAAmnRSTlMA+vv7+gT9Bvf9+8z8\/NSv\/Pr5+P7++vnQIBMP\/v38\/Pn348XDiCYf9OjbzcqxXVcx\/fz8+\/rj1r2poo1+fXFqX0orGP7+\/v7+\/fz8+\/r68uzn4trIxsG\/vri3p6GcmZSNbWVYUUZEPQv+\/f39+\/v7+\/v7+vr64tvV1NTTz87FtbSurqeblJKFg4B3bUY+NjL7+\/v7+\/v67t1cDo8JLQAABkRJREFUWMO0kz9rwkAYh0OIeJkum6YugUAhISCdKoj\/P4C7SMdS+gEKIhSKil10LSg4mzXkILdlEpxCpwTiWOLX6BujvQaEQuGeHLnL+\/64J+SIcKGYTYWnntpdLjrVdqvZmNdn0+EE40GtpuuWVS6Xx6N7YDSGpWXpeq02wHgynM7q80az1a52HpddtVcpsi1zFARBrdaxbhp9iUReTGmwA4KAAr7vx3EYejnCMI6hQYEgy0LQi4jUN0wL19vqFcUC9\/1dAKmEEFkWRYkh5oBejnxQJiSJPJ\/uKBp0Thszx9Mw8hMRIQjKsptCfuES9zr5WJY6vSFCIvE9fCMUmEM1A1kSXcYGxgVYsvI1IPKTZciSTI0us\/SMGG04gDzELDoFBwdcFJrF88dqgYMTiL6DILWYyfOWE8\/kIz38olCNlC03FK95+imxp6y4oUSvAnBjHHhKNtotSDqJzVFiK8c2SBqhZtsrTtgrLXwAyduxZHNE26eHUt5rtuM4WSmds3G+sUdWYo1L+XyxButoh5eKUHk5lByO3G1LqqCWVnfrv\/lyPtf\/4ps1cndNGIri8J1TJ0lx6dR\/oPjq1nbRwdp2dCk4CtIOLW3pVKRL6WZfS5vF2KkIQhpwSsjiYIgNCs1gEMGqiIq24NQX9NwoXFy8Ufrl3twTcg4fv8T9\/JBEySduj6Mjm4bMzYV7EEOxKjjoNDud7yY3Dy71Hq2oLmqfbNR723edH9PgMrNL2utoQ3VmaIDkiw\/4w51P06hlZsTZvkRrbVuSIs\/zwSOsycgzStQouoAkWQqioRT5XI7n2Z1wfVhoZmcAJLsoqjqpjbWCgpOAJXBwHK8PzWbNvoUZJND5wCnSkLAkZ1legx6vqQzjoiTahKlGUGLAiIIoABOHaNVw4sexZBym6\/HWlH5h3IC7yRbxtipcWxdTOkORKiNQAEkFf66x5S2oeRbroOlLgg0sSYkR0hRGEqJZ0jTPiQKatESdBckpWigxaapEH0lImHdWu9pUFF2XqMNM2Z4kped7IwEJw2qabwtrQqnpw6HyKkgcadKWsmpywwesDyIhYRpdzXddqegtGIJlXbAIUMOLkGxJUjRIkokwjUaX9d\/kK62ps\/tYUqZLIMkLTyBhsMZ3C5Z\/kDxOSCb\/DOs\/\/J0qcWSX\/2ipe56EgTCA4\/cB7NAYOsni4mZM1MUPAISoEwkDi4lhVBQ1cWQyIcwalw4EpqZN68JUSK7XC0kTlkLYii5uXSC8jT5ncCAS7mjCv0uHp\/3lueHEEAeQ\/\/VgmdN71\/2uCSA1Xr6DO6uI6sW56zqT2tp2PhgiRUAajV8CY2fkcz6WGNKMgLAt7tJAhD4YHMTeRxlALE6+43WqjSWi8ITxyJl8WrwWSNESQZZOqhDDntO3hJLsd5RtSpbJqdv3YrDJH3F7jL1R2O2aQkn2MyCyKYz0GPGIvSAMgBCrCEiJyKbBaYGwLW4uPRr0A0M4Ux5kUI7IBh+hMdiCEWNqhMZGyYMsOgNE58UQuEQeUnSWCMYwL54hkxK6IoqucQZbQ3pc3XtL0lky1dL0zZJJDpWJovFqpWj6JEHnyam2eQp5QRVAVHjWparTOaVwUOx99YS2MvgxIGV0bb+qIg2HX2qkFFJB+XZcbLiuRkuxD9GRroKyveLxdh4d7Orx+hb7qc3uVRuEogCOnyIxm4ubUoPgF4jianDrC+SDQDKEfJb0GUKmjCGPYHGJvVC6X4hw1\/sAfQAdfYyephIaspXe36RwOP+Ljvfx9B6B3i+Nk0DGq+oCbLn6JpBa9nWAveAIHwFAwtVcIJXPMPL8kRu5OAYPMaL1WScTxjiZDqB9LTJSWphow\/pTYKRTLjCBhvi9iBidvKcDasGSm0QQkycYuLBqj6QCELPctqChDWpTRMWkngNNpQ1Pfp1KkiT\/Y0DGffXAweUNfLAfaJFKDwhb6I+bkYRbkERoEeu3Fyjg2opMz2daZCS9jt6Q7txNfB+OZEVF6Zl5web2xunnLQrtrjXseXKaFYziYINeMFZVxS9VxRhOoesYwxPKXm+gWLG9cuFeq93UNNeJNsf1KlwuDok9n02n3TgIJpOxNfL9naIoQwXtfH9kjceTIIi709ncTg6LZbg+biLH1V6u\/7rxBem06VXKn9raAAAAAElFTkSuQmCC\")      no-repeat center center \/ contain;  }  @media screen and (max-width: 960px) and (orientation: portrait) {    .logo {      width: 100%;    }    .logo .pc-banner {      display: none;    }    .logo .m-banner {      display: block;      width: 100%;    }    .logo .m-banner img {      height: auto!important;    }    .ytvideo {      height: 200px;      width: 100%;    }  }<\/style><style>  .video-section {    width: 100%;    margin: 0 auto;  }  .video-section > img {    width: 100%;  }  .video-section iframe,  .video-section video {    width: 100%;    height: 100%;      }  .video-section-img-m,  .video-section-img-pc > img {    width: 100%;    height: auto;  }  .video-section-img-pc.small > img {    width: 970px;  }  .video-desc {    line-height: 1.5;    font-size: 20px;    font-weight: 400;    margin: 20px 0;    text-align: center;    color: #0f1111;    word-break: break-word;  }  @media screen and (max-width: 960px) and (orientation: portrait) {    .video-section {      width: 100%;    }    .video-section-pc,    .video-section-img-pc {      display: none;    }    .video-section-m,    .video-section-img-m {      display: block;    }    .video-desc {      font-size: 15px;    }  }  @media screen and (min-width: 960px) {    .video-section {      width: 100%;      margin: 0 auto;    }    .video-section-pc,    .video-section-img-pc {      display: block;    }    .video-section-m,    .video-section-img-m {      display: none;    }    .video-desc {      font-size: 20px;    }  }<\/style><style>  .section + .section {    margin-top: 35px;  }  .section-title {    text-align: center;    font-weight: bold;    color: #0d1111;    font-family: \"Arial\";    font-size: 32px;    margin: 15px 0;  }  .section-title:empty {    display: none;  }  .section-desc {    text-align: center;    font-weight: normal;    color: #0d1111;    margin-top: 20px;  }  .section-desc:empty {    display: none;  }  .section-img {    width: 1200px;    height: 492px;    margin: 0 auto;    display: block;  }  .section-img.small {    width: 970px;    height: auto;  }  .section-img.small > img {    height: auto;  }  .section-img > img {    width: 100%;    height: 100%;  }  .section-mobile-img {    display: none;    max-width: 100vw;    max-height: 75vw;    height: 450px;    margin: 0 auto;  }  .section-mobile-img > img {    width: 100%;    height: 100%;  }  @media screen and (max-width: 960px) and (orientation: portrait) {    .container {      width: 100%;    }    .container.small {      width: 100%;    }    .section-mobile-img {      display: block;    }    .section-img {      display: none;    }    .section-title {      font-size: 22px;      margin: 10px 0;    }    .section-desc {      margin-top: 10px;    }    .section + .section {      margin-top: 20px;    }  }<\/style><\/head><body><div class=\"container\"><div class=\"logo\"><div class=\"pc-banner\"><div><img decoding=\"async\" src=\"\/vevor\/vevor\/boutique-banner\/pc\/en-pc@1x.jpg\" style=\"width: 100%;\" \/><\/div><\/div><div class=\"m-banner\"><div><img decoding=\"async\" src=\"\/vevor\/vevor\/boutique-banner\/mobile\/en-m@1x.jpg\" style=\"width: 100%;\" \/><\/div><\/div><\/div><div class=\"section-title\">Beisbola sitienu b\u016bris: profesion\u0101ls treni\u0146u risin\u0101jums<\/div><div class=\"video-section\"><div class=\"video-section-img-pc\"><img decoding=\"async\" src=\"\/vevor\/product\/BYBLXWKWBLXWZNOTY\/baseball-batting-cages-a100-1.4.jpg\" \/><\/div><div class=\"video-section-img-m\"><img decoding=\"async\" src=\"\/vevor\/product\/BYBLXWKWBLXWZNOTY\/baseball-batting-cages-a100-1.4-m.jpg\" \/><\/div><div class=\"section-desc\">\u0160is beisbola sitienu t\u012bkls ir lieliski piem\u0113rots visiem beisbola sp\u0113l\u0113t\u0101jiem, lai vingrin\u0101tos sitienu un me\u0161anas prasm\u0113s. Tas ir piem\u0113rots gan lieto\u0161anai iek\u0161telp\u0101s, gan \u0101r\u0101, un nodro\u0161ina ide\u0101lu treni\u0146u vietu sporta entuziastiem. To var izmantot da\u017e\u0101du beisbola sporta veidu praktiz\u0113\u0161anai, pied\u0101v\u0101jot vair\u0101kus pielietojumus vienam t\u012bklam.<\/div><\/div><div class=\"section\"><div class=\"section-title\"><\/div><div class=\"section-img\"><img decoding=\"async\" src=\"\/vevor\/product\/BYBLXWKWBLXWZNOTY\/baseball-batting-cages-a100-2.2.jpg\" \/><\/div><div class=\"section-mobile-img\"><img decoding=\"async\" src=\"\/vevor\/product\/BYBLXWKWBLXWZNOTY\/baseball-batting-cages-a100-2.2-m.jpg\" \/><\/div><div class=\"section-desc\">Augstas kvalit\u0101tes stikla \u0161\u0137iedras stabi ir termiski apstr\u0101d\u0101ti, lai nodro\u0161in\u0101tu iztur\u012bbu un stipr\u012bbu. Pateicoties saraujam\u0101s uzmavas dizainam, \u0161ie stabi palielina savienojumu dzi\u013cumu, samazinot to l\u016bzuma iesp\u0113jam\u012bbu un efekt\u012bvi nov\u0113r\u0161ot sitiena b\u016bra sabruk\u0161anu v\u0113j\u0101 vai liet\u016b.<\/div><\/div><div class=\"section\"><div class=\"section-title\"><\/div><div class=\"section-img\"><img decoding=\"async\" src=\"\/vevor\/product\/BYBLXWKWBLXWZNOTY\/baseball-batting-cages-a100-2.3.jpg\" \/><\/div><div class=\"section-mobile-img\"><img decoding=\"async\" src=\"\/vevor\/product\/BYBLXWKWBLXWZNOTY\/baseball-batting-cages-a100-2.3-m.jpg\" \/><\/div><div class=\"section-desc\">The enclosed hitting cage is designed to align with players' training habits and is suitable for athletes of all ages. It helps to improve players' batting accuracy and power, facilitating significant advancements in pitching or batting skills.<\/div><\/div><div class=\"section\"><div class=\"section-title\"><\/div><div class=\"section-img\"><img decoding=\"async\" src=\"\/vevor\/product\/BYBLXWKWBLXWZNOTY\/baseball-batting-cages-a100-2.4.jpg\" \/><\/div><div class=\"section-mobile-img\"><img decoding=\"async\" src=\"\/vevor\/product\/BYBLXWKWBLXWZNOTY\/baseball-batting-cages-a100-2.4-m.jpg\" \/><\/div><div class=\"section-desc\">Ide\u0101ls beisbola sitienu b\u016bris, kas kop\u0101 ar met\u0113ju var apstr\u0101d\u0101t bumbi\u0146as \u0101trumu l\u012bdz 90 j\u016bdz\u0113m stund\u0101. Konstrukcij\u0101 ir iek\u013cauti vair\u0101ki zemes mieti\u0146i nostiprin\u0101\u0161anai, nodro\u0161inot iztur\u012bbu un stabilit\u0101ti.<\/div><\/div><div class=\"section\"><div class=\"section-title\"><\/div><div class=\"section-img\"><img decoding=\"async\" src=\"\/vevor\/product\/BYBLXWKWBLXWZNOTY\/baseball-batting-cages-a100-2.5.jpg\" \/><\/div><div class=\"section-mobile-img\"><img decoding=\"async\" src=\"\/vevor\/product\/BYBLXWKWBLXWZNOTY\/baseball-batting-cages-a100-2.5-m.jpg\" \/><\/div><div class=\"section-desc\">\u0160o sitienu b\u016bri ir viegli uzst\u0101d\u012bt, pateicoties t\u0101 vienk\u0101r\u0161ajai konstrukcijai un skaidraj\u0101m instrukcij\u0101m. Tas ir pieg\u0101d\u0101ts kop\u0101 ar visiem nepiecie\u0161amajiem piederumiem vienk\u0101r\u0161ai uzst\u0101d\u012b\u0161anai vien\u0101 sol\u012b. Lietot\u0101ji var viegli salikt iztur\u012bgo metienu b\u016bri da\u017eu min\u016b\u0161u laik\u0101. Komplekt\u0101 ietilpst uzglab\u0101\u0161anas soma \u0113rtai p\u0101rvieto\u0161anai.<\/div><\/div><div class=\"section\"><div class=\"section-img\"><img decoding=\"async\" src=\"\/vevor\/product\/BYBLXWKWBLXWZNOTY\/baseball-batting-cages-a100-1.11.jpg\" \/><\/div><div class=\"section-mobile-img\"><img decoding=\"async\" src=\"\/vevor\/product\/BYBLXWKWBLXWZNOTY\/baseball-batting-cages-a100-1.11-m.jpg\" \/><\/div><\/div><\/div><\/body><\/html><\/div>\n<div class=\"DM_at-title\" id=\"js-DM_at-title\"> <div>Produkta specifik\u0101cija<\/div> <i class=\"icon-arrowup_line\"><\/i> <\/div><div class=\"DM_at-goodsDescAttr\" id=\"js-DM_at-goodsDescAttr\"> <div class=\"DM_at-goodsDescAttrInner\"> <dl class=\"goodsDesc_item goodsDesc_item_even\"> <dt>Preces Mode\u013ca Numurs<\/dt> <dd> YC-DJL-40*12*12ft<\/dd> <\/dl> <dl class=\"goodsDesc_item\"> <dt>Produkta Svars<\/dt> <dd> 29,78 kg \/ 65,65 m\u0101rci\u0146as<\/dd> <\/dl> <dl class=\"goodsDesc_item goodsDesc_item_even\"> <dt>Arku skaits<\/dt> <dd> 4<\/dd> <\/dl> <\/div> <\/div>","protected":false},"excerpt":{"rendered":"<ul>\n<li> Iztur\u012bgs, liels sitienu b\u016bris: \u0160\u012b beisbola sitienu b\u016bra izm\u0113ri ir 40\u00a0\u00d7\u00a012\u00a0\u00d7\u00a012\u00a0p\u0113das (12\u00a0\u00d7\u00a03,6\u00a0m), padarot to par ide\u0101lu treni\u0146u laukumu ikvienam sporta entuziastam, vieglatl\u0113tikas trenerim un profesion\u0101lam trenerim. T\u0101 piln\u012bb\u0101 nosl\u0113gtais dizains nov\u0113r\u0161 ba\u017eas par bumbi\u0146u aizlido\u0161anu treni\u0146a laik\u0101, padarot to piem\u0113rotu lieto\u0161anai gan iek\u0161telp\u0101s, gan \u0101r\u0101. Augstas kvalit\u0101tes beisbola sitienu b\u016bris ir lieliska izv\u0113le beisbola un softbola treni\u0146u apr\u012bkojumam. <\/li>\n<li> Karstumiztur\u012bgi stikl\u0161\u0137iedras stabi: \u0160ie augstas kvalit\u0101tes stikl\u0161\u0137iedras stabi ir termiski apstr\u0101d\u0101ti, lai nodro\u0161in\u0101tu iztur\u012bbu un ilgm\u016b\u017e\u012bbu; ar 14 mm\/0,55 collu biezumu tie p\u0101rsp\u0113j standarta 11 mm\/0,43 collu biezumu, pied\u0101v\u0101jot liel\u0101ku iztur\u012bbu. Pastiprin\u0101t\u0101 lente un sar\u016bko\u0161\u0101 uzmava palielina savienojumu dzi\u013cumu, nodro\u0161inot stabil\u0101ku savienojumu, kas ir maz\u0101k pak\u013cauts l\u016bzumiem, efekt\u012bvi nov\u0113r\u0161ot b\u016bra sabruk\u0161anu v\u0113ja vai lietus d\u0113\u013c. \u0145emiet v\u0113r\u0101, ka to nedr\u012bkst atst\u0101t \u0101r\u0101 ilgsto\u0161i un tas ir pareizi j\u0101uzglab\u0101, lai tas kalpotu ilg\u0101k. <\/li>\n<li> Divsl\u0101\u0146u t\u012bkls: \u0160is iztur\u012bgais met\u0113ja b\u016bris ir izgatavots no iztur\u012bga, nodilumiztur\u012bga poliestera, un t\u012bklam met\u0113ja gal\u0101 ir divsl\u0101\u0146u dizains. Tas ir biezs un iztur\u012bgs pret pl\u012bsumiem, efekt\u012bvi absorb\u0113jot bumbas triecienu. Tas padara to ide\u0101li piem\u0113rotu sitienu un metienu prasmju praktiz\u0113\u0161anai, viegli \u013caujot iev\u0113rojami uzlabot metienu vai metienu tehniku. <\/li>\n<li> Lietot\u0101jam draudz\u012bgs dizains: No\u0146emamu b\u016bra durvju un met\u0113ja atveres pievieno\u0161ana pied\u0101v\u0101 perfekt\u0101ku treni\u0146u pieredzi, kas atbilst sp\u0113l\u0113t\u0101ju treni\u0146u paradumiem un ir piem\u0113rota visu vecumu sportistiem. No\u0146emam\u0101s b\u016bra durvis nodro\u0161ina \u0113rtu piek\u013cuvi, un met\u0113ja atveri var apr\u012bkot ar ier\u012bci, kas simul\u0113 metienus ar \u0101trumu 90 j\u016bdzes stund\u0101, pal\u012bdzot treni\u0146os un uzlabojot sp\u0113l\u0113t\u0101ju sitienu precizit\u0101ti un jaudu. <\/li>\n<li> Viegli uzst\u0101d\u012bt: \u0160o p\u0101rn\u0113s\u0101jamo beisbola met\u0113ju b\u016bri var veiksm\u012bgi uzst\u0101d\u012bt tikai divi cilv\u0113ki. T\u0101 vienk\u0101r\u0161\u0101 konstrukcija un skaidr\u0101s instrukcijas padara uzst\u0101d\u012b\u0161anu vienk\u0101r\u0161u. Tas ir apr\u012bkots ar vis\u0101m nepiecie\u0161amaj\u0101m deta\u013c\u0101m, lai to var\u0113tu uzst\u0101d\u012bt vien\u0101 sol\u012b. Komplekt\u0101 ietilpst uzglab\u0101\u0161anas soma \u0113rtai transport\u0113\u0161anai, padarot to piem\u0113rotu lieto\u0161anai gan iek\u0161telpu, gan \u0101ra sporta laukumos. <\/li>\n<\/ul>","protected":false},"featured_media":286867,"comment_status":"closed","ping_status":"open","template":"","meta":{"om_disable_all_campaigns":false,"_monsterinsights_skip_tracking":false,"_monsterinsights_sitenote_active":false,"_monsterinsights_sitenote_note":"","_monsterinsights_sitenote_category":0,"_uf_show_specific_survey":0,"_uf_disable_surveys":false},"location":[1935,1934],"product_brand":[21],"product_cat":[3823,3729,2379,2378],"product_tag":[],"class_list":{"0":"post-28739","1":"product","2":"type-product","3":"status-publish","4":"has-post-thumbnail","6":"location-supplier_stock_location","7":"location-local_stock_location","8":"product_brand-vevor","9":"product_cat-baseball-batting-cage","10":"product_cat-baseball-equipment-outdoor-sports-sports-outdoors","11":"product_cat-outdoor-sports-sports-outdoors","12":"product_cat-sports-outdoors","14":"first","15":"instock","16":"taxable","17":"shipping-taxable","18":"purchasable","19":"product-type-simple"},"aioseo_notices":[],"jetpack_sharing_enabled":true,"locations":[{"id":1935,"name":"Pieg\u0101d\u0101t\u0101ja noliktav\u0101 (5-7d.d.)","slug":"supplier_stock_location","quantity":"10"},{"id":1934,"name":"R\u012bgas veikal\u0101 (0-2d.d.)","slug":"local_stock_location","quantity":"0"}],"_links":{"self":[{"href":"https:\/\/vevorshop.lv\/lv\/wp-json\/wp\/v2\/product\/28739","targetHints":{"allow":["GET"]}}],"collection":[{"href":"https:\/\/vevorshop.lv\/lv\/wp-json\/wp\/v2\/product"}],"about":[{"href":"https:\/\/vevorshop.lv\/lv\/wp-json\/wp\/v2\/types\/product"}],"replies":[{"embeddable":true,"href":"https:\/\/vevorshop.lv\/lv\/wp-json\/wp\/v2\/comments?post=28739"}],"wp:featuredmedia":[{"embeddable":true,"href":"https:\/\/vevorshop.lv\/lv\/wp-json\/wp\/v2\/media\/286867"}],"wp:attachment":[{"href":"https:\/\/vevorshop.lv\/lv\/wp-json\/wp\/v2\/media?parent=28739"}],"wp:term":[{"taxonomy":"location","embeddable":true,"href":"https:\/\/vevorshop.lv\/lv\/wp-json\/wp\/v2\/location?post=28739"},{"taxonomy":"product_brand","embeddable":true,"href":"https:\/\/vevorshop.lv\/lv\/wp-json\/wp\/v2\/product_brand?post=28739"},{"taxonomy":"product_cat","embeddable":true,"href":"https:\/\/vevorshop.lv\/lv\/wp-json\/wp\/v2\/product_cat?post=28739"},{"taxonomy":"product_tag","embeddable":true,"href":"https:\/\/vevorshop.lv\/lv\/wp-json\/wp\/v2\/product_tag?post=28739"}],"curies":[{"name":"wp","href":"https:\/\/api.w.org\/{rel}","templated":true}]}}