{"id":29279,"date":"2024-11-18T19:27:17","date_gmt":"2024-11-18T19:27:17","guid":{"rendered":"http:\/\/vevorshop.edigo.lv\/Prece\/vevor-adjustable-trailer-coupler-and-5-position-channel-bracket-kit-2-5-16-hitch-ball-15000-lbs-capacity-heavy-duty-cast-channel-mount-coupler-for-towing-camper-pickup-truck-suv-black-coating\/"},"modified":"2026-02-26T16:19:20","modified_gmt":"2026-02-26T14:19:20","slug":"vevor-adjustable-trailer-coupler-and-5-position-channel-bracket-kit-2-5-16-hitch-ball-15000-lbs-capacity-heavy-duty-cast-channel-mount-coupler-for-towing-camper-pickup-truck-suv-black-coating","status":"publish","type":"product","link":"https:\/\/vevorshop.lv\/lv\/Prece\/vevor-regulejams-piekabes-sakabes-un-5-poziciju-kanala-kronsteina-komplekts-2-5-16-sakabes-bumba-15000-lbs-ietilpibas-lielas-noslodzes-lietais-kanala-stiprinajuma-sakabes-stiprinajums-kempera-vilksana\/","title":{"rendered":"VEVOR regul\u0113jams sakabes savienot\u0101js ar 5 poz\u012bciju kron\u0161teinu, 59 mm lodveida savienot\u0101js, 6800 kg kapacit\u0101te, melns"},"content":{"rendered":"<div style=\"color: #fff!important; font-size: 16px; height: 24px; line-height: 24px; margin-top: -24px; \" class=\"product_original_name\">VEVOR Regul\u0113jams Piekabes Sakabes un 5 Poz\u012bciju Kan\u0101la Kron\u0161teina Komplekts, 2-5\/16 Collu (5.87 cm) Sakabes Bumba, 15000 lbs (6803 kg) Ietilp\u012bba, Iztur\u012bgs \u010cuguna Kan\u0101la Stiprin\u0101juma Sakabes, Pret R\u016bsu P\u0101rkl\u0101jums Piekab\u0113m, Pikapiem, SUV<\/div>\n<div style=\"color: #fff!important; font-size: 16px; height: 24px; line-height: 24px; margin-top: -24px; \" class=\"product_sku\">M4I4KZD5<\/div>\n<div style=\"color: #fff!important; font-size: 16px; height: 24px; line-height: 24px; margin-top: -24px; \" class=\"product_mpn\">KDJXTCOHQDZ22GEBVV0<\/div><div id=\"js-DM_at-goodDescRich\"><html><head><style>  body {    font-family: Arial;    line-height: 1.5;    color: #1c1c1c;    overflow-x: hidden;    margin: 0;    padding: 0;  }  .MsoNormal b {    font-weight: bolder;  }<\/style><style>  .container.small {    width: 970px;    margin: 0 auto;  }  .logo {    margin: 0 auto 0;  }  .logo img {    display: block;    margin: 0 auto;    max-width: 100%;  }  .logo .pc-banner {    display: block;    width: 1200px;    height: 247.4px;    margin: 0 auto;  }  .logo .pc-banner.small {    width: 970px;  }  .logo .pc-banner.small img {    height: auto!important;  }  .logo .m-banner {    display: none;  }  .ytvideo {    position: relative;    height: 546px;    width: 100%;    margin: 0 auto;  }  .ytvideo img {    width: 100%;    margin: 0 auto;  }  .ytvideo .play-btn {    width: 60px;    height: 42px;    position: absolute;    top: 50%;    left: 50%;    transform: translate(-50%, -50%);    background: url(\"data:image\/png;base64,iVBORw0KGgoAAAANSUhEUgAAAGQAAABGCAMAAAANWMFbAAAC+lBMVEUAAADBGB3kLCfBGB3kLCfcJC7BFx3KKSbiKybkLCbWJCPSIiLSIiLPICHAFx3kLCfgKSXNHiDZJiTIGx\/p4eHcjo7LHSDbJyTkLCbjKyfOHyHPIiL28fHJHB\/GGh7EGR7eKCXDGB3RISHlLSbBGB3AFxzGHB7DGB7BGB3hKybkKybAFx3lLCfAFxzDGR3hKibDGB7cJyTmz8\/elJTlwcHjurrUIyLlLSflLSfAFx3DGR7lLSfCFx3hKibhKibhKybjKybkLCblLSfbJSX49vbx7e3NNzjNMTLMJyjVIyLZf3\/ZQ0LaeHjx0tLgoqLkLCfCGB3HGx\/BGB3BFx3PICHCGB7WJCLOHyC\/Fxy\/Fx3lLCfQISHkLSe\/FxzbJiTBFx3FGx\/AGB7BFx3EGR7AGB3HHSDfKiXAFh3TISHYNzbhKibbJyTTIiL57e325+f039\/v2NjUV1fOHiHiqanfmprch4feKSXVIyPOICHmLibFGh\/mLSe\/Fx7XJCPeKSXXJSPNHyHaJyTGGh7lLCbmLCflLSjSIiLkLCbdKSXLHiC\/GB3KHh++Fh3lKyfoLiXcKCPkx8fYb2\/XaGfVXl3aU1LLHiDksbHgKibPICHbJyTfKSXbJyTCGB3KHSDiKybFGh7TIiL\/\/\/\/VIyPRISHIHB\/GGx\/HHB\/DGR7gKibdKCXLHiDZJiTMHiDNHyHYJSTOICHPICHWJCPcKCXXJSPjLCblLCf+\/f3NGR\/uLijzLynPGR\/IGB7WISHaIyLLGh7UAADxLynNAADRLzDbICLQAADIAAD3MCrUHSHXMTDpKSbLAADp5OTij4\/ejo\/VLy\/1LyngJSTcJCPQHx\/OHB7+\/PzaMS\/OLS\/vLijrLSjSAADaNTPwLyjkKSbNJCbYISHPHB\/KGB7WAAD7+vrn3d3aKynTKCjoLCfsKifRGh\/YAADq5+fhjo7QNDXXKCfmJyXt5+fTLzDLLi\/QKivYHRvMGBrQJCXLISPMExXLDxLaEAvkkI\/bOTfaFQ\/SCgpvLcnHAAAAmnRSTlMA+vv7+gT9Bvf9+8z8\/NSv\/Pr5+P7++vnQIBMP\/v38\/Pn348XDiCYf9OjbzcqxXVcx\/fz8+\/rj1r2poo1+fXFqX0orGP7+\/v7+\/fz8+\/r68uzn4trIxsG\/vri3p6GcmZSNbWVYUUZEPQv+\/f39+\/v7+\/v7+vr64tvV1NTTz87FtbSurqeblJKFg4B3bUY+NjL7+\/v7+\/v67t1cDo8JLQAABkRJREFUWMO0kz9rwkAYh0OIeJkum6YugUAhISCdKoj\/P4C7SMdS+gEKIhSKil10LSg4mzXkILdlEpxCpwTiWOLX6BujvQaEQuGeHLnL+\/64J+SIcKGYTYWnntpdLjrVdqvZmNdn0+EE40GtpuuWVS6Xx6N7YDSGpWXpeq02wHgynM7q80az1a52HpddtVcpsi1zFARBrdaxbhp9iUReTGmwA4KAAr7vx3EYejnCMI6hQYEgy0LQi4jUN0wL19vqFcUC9\/1dAKmEEFkWRYkh5oBejnxQJiSJPJ\/uKBp0Thszx9Mw8hMRIQjKsptCfuES9zr5WJY6vSFCIvE9fCMUmEM1A1kSXcYGxgVYsvI1IPKTZciSTI0us\/SMGG04gDzELDoFBwdcFJrF88dqgYMTiL6DILWYyfOWE8\/kIz38olCNlC03FK95+imxp6y4oUSvAnBjHHhKNtotSDqJzVFiK8c2SBqhZtsrTtgrLXwAyduxZHNE26eHUt5rtuM4WSmds3G+sUdWYo1L+XyxButoh5eKUHk5lByO3G1LqqCWVnfrv\/lyPtf\/4ps1cndNGIri8J1TJ0lx6dR\/oPjq1nbRwdp2dCk4CtIOLW3pVKRL6WZfS5vF2KkIQhpwSsjiYIgNCs1gEMGqiIq24NQX9NwoXFy8Ufrl3twTcg4fv8T9\/JBEySduj6Mjm4bMzYV7EEOxKjjoNDud7yY3Dy71Hq2oLmqfbNR723edH9PgMrNL2utoQ3VmaIDkiw\/4w51P06hlZsTZvkRrbVuSIs\/zwSOsycgzStQouoAkWQqioRT5XI7n2Z1wfVhoZmcAJLsoqjqpjbWCgpOAJXBwHK8PzWbNvoUZJND5wCnSkLAkZ1legx6vqQzjoiTahKlGUGLAiIIoABOHaNVw4sexZBym6\/HWlH5h3IC7yRbxtipcWxdTOkORKiNQAEkFf66x5S2oeRbroOlLgg0sSYkR0hRGEqJZ0jTPiQKatESdBckpWigxaapEH0lImHdWu9pUFF2XqMNM2Z4kped7IwEJw2qabwtrQqnpw6HyKkgcadKWsmpywwesDyIhYRpdzXddqegtGIJlXbAIUMOLkGxJUjRIkokwjUaX9d\/kK62ps\/tYUqZLIMkLTyBhsMZ3C5Z\/kDxOSCb\/DOs\/\/J0qcWSX\/2ipe56EgTCA4\/cB7NAYOsni4mZM1MUPAISoEwkDi4lhVBQ1cWQyIcwalw4EpqZN68JUSK7XC0kTlkLYii5uXSC8jT5ncCAS7mjCv0uHp\/3lueHEEAeQ\/\/VgmdN71\/2uCSA1Xr6DO6uI6sW56zqT2tp2PhgiRUAajV8CY2fkcz6WGNKMgLAt7tJAhD4YHMTeRxlALE6+43WqjSWi8ITxyJl8WrwWSNESQZZOqhDDntO3hJLsd5RtSpbJqdv3YrDJH3F7jL1R2O2aQkn2MyCyKYz0GPGIvSAMgBCrCEiJyKbBaYGwLW4uPRr0A0M4Ux5kUI7IBh+hMdiCEWNqhMZGyYMsOgNE58UQuEQeUnSWCMYwL54hkxK6IoqucQZbQ3pc3XtL0lky1dL0zZJJDpWJovFqpWj6JEHnyam2eQp5QRVAVHjWparTOaVwUOx99YS2MvgxIGV0bb+qIg2HX2qkFFJB+XZcbLiuRkuxD9GRroKyveLxdh4d7Orx+hb7qc3uVRuEogCOnyIxm4ubUoPgF4jianDrC+SDQDKEfJb0GUKmjCGPYHGJvVC6X4hw1\/sAfQAdfYyephIaspXe36RwOP+Ljvfx9B6B3i+Nk0DGq+oCbLn6JpBa9nWAveAIHwFAwtVcIJXPMPL8kRu5OAYPMaL1WScTxjiZDqB9LTJSWphow\/pTYKRTLjCBhvi9iBidvKcDasGSm0QQkycYuLBqj6QCELPctqChDWpTRMWkngNNpQ1Pfp1KkiT\/Y0DGffXAweUNfLAfaJFKDwhb6I+bkYRbkERoEeu3Fyjg2opMz2daZCS9jt6Q7txNfB+OZEVF6Zl5web2xunnLQrtrjXseXKaFYziYINeMFZVxS9VxRhOoesYwxPKXm+gWLG9cuFeq93UNNeJNsf1KlwuDok9n02n3TgIJpOxNfL9naIoQwXtfH9kjceTIIi709ncTg6LZbg+biLH1V6u\/7rxBem06VXKn9raAAAAAElFTkSuQmCC\")      no-repeat center center \/ contain;  }  @media screen and (max-width: 960px) and (orientation: portrait) {    .logo {      width: 100%;    }    .logo .pc-banner {      display: none;    }    .logo .m-banner {      display: block;      width: 100%;    }    .logo .m-banner img {      height: auto!important;    }    .ytvideo {      height: 200px;      width: 100%;    }  }<\/style><style>  .video-section {    width: 100%;    margin: 0 auto;  }  .video-section > img {    width: 100%;  }  .video-section iframe,  .video-section video {    width: 100%;    height: 100%;      }  .video-section-img-m,  .video-section-img-pc > img {    width: 100%;    height: auto;  }  .video-section-img-pc.small > img {    width: 970px;  }  .video-desc {    line-height: 1.5;    font-size: 20px;    font-weight: 400;    margin: 20px 0;    text-align: center;    color: #0f1111;    word-break: break-word;  }  @media screen and (max-width: 960px) and (orientation: portrait) {    .video-section {      width: 100%;    }    .video-section-pc,    .video-section-img-pc {      display: none;    }    .video-section-m,    .video-section-img-m {      display: block;    }    .video-desc {      font-size: 15px;    }  }  @media screen and (min-width: 960px) {    .video-section {      width: 100%;      margin: 0 auto;    }    .video-section-pc,    .video-section-img-pc {      display: block;    }    .video-section-m,    .video-section-img-m {      display: none;    }    .video-desc {      font-size: 20px;    }  }<\/style><style>  .section + .section {    margin-top: 35px;  }  .section-title {    text-align: center;    font-weight: bold;    color: #0d1111;    font-family: \"Arial\";    font-size: 32px;    margin: 15px 0;  }  .section-title:empty {    display: none;  }  .section-desc {    text-align: center;    font-weight: normal;    color: #0d1111;    margin-top: 20px;  }  .section-desc:empty {    display: none;  }  .section-img {    width: 1200px;    height: 492px;    margin: 0 auto;    display: block;  }  .section-img.small {    width: 970px;    height: auto;  }  .section-img.small > img {    height: auto;  }  .section-img > img {    width: 100%;    height: 100%;  }  .section-mobile-img {    display: none;    max-width: 100vw;    max-height: 75vw;    height: 450px;    margin: 0 auto;  }  .section-mobile-img > img {    width: 100%;    height: 100%;  }  @media screen and (max-width: 960px) and (orientation: portrait) {    .container {      width: 100%;    }    .container.small {      width: 100%;    }    .section-mobile-img {      display: block;    }    .section-img {      display: none;    }    .section-title {      font-size: 22px;      margin: 10px 0;    }    .section-desc {      margin-top: 10px;    }    .section + .section {      margin-top: 20px;    }  }<\/style><\/head><body><div class=\"container\"><div class=\"logo\"><div class=\"pc-banner\"><div><img decoding=\"async\" src=\"\/vevor\/vevor\/boutique-banner\/pc\/en-pc@1x.jpg\" style=\"width: 100%;\" \/><\/div><\/div><div class=\"m-banner\"><div><img decoding=\"async\" src=\"\/vevor\/vevor\/boutique-banner\/mobile\/en-m@1x.jpg\" style=\"width: 100%;\" \/><\/div><\/div><\/div><div class=\"section-title\">VEVOR piekabes sakabes ier\u012bce \u2013 uzticams vilk\u0161anas pal\u012bgs!<\/div><div class=\"video-section\"><div class=\"video-section-img-pc\"><img decoding=\"async\" src=\"\/vevor\/product\/KDJXTCOHQDZ22GEBV\/trailer-coupler-a100-1.4.jpg\" alt=\"VEVOR regul\u0113jams piekabes sakabes meh\u0101nisms, kas piestiprin\u0101ts pie dz\u012bvojam\u0101s piekabes z\u0101\u013cain\u0101 lauk\u0101 ar celtsp\u0113ju 15000 m\u0101rci\u0146as (7636 kg).\" \/><\/div><div class=\"video-section-img-m\"><img decoding=\"async\" src=\"\/vevor\/product\/KDJXTCOHQDZ22GEBV\/trailer-coupler-a100-1.4-m.jpg\" alt=\"VEVOR regul\u0113jams piekabes sakabes meh\u0101nisms, kas piestiprin\u0101ts pie dz\u012bvojam\u0101s piekabes z\u0101\u013cain\u0101 lauk\u0101 ar celtsp\u0113ju 15000 m\u0101rci\u0146as (7636 kg).\" \/><\/div><div class=\"section-desc\">M\u016bsu bez\u0161uvju, viengabala kaltas piekabes savienot\u0101js nav tikai skaista seja - tas ir iztur\u012bgs, nesot slodzi l\u012bdz 15 000 m\u0101rci\u0146\u0101m. Bez metin\u0101t\u0101m \u0161uv\u0113m, bez ba\u017e\u0101m par sabruk\u0161anu - vienk\u0101r\u0161i gluda, uzticama smaga vilk\u0161ana v\u0113jainai darba dienai!<\/div><\/div><div class=\"section\"><div class=\"section-title\"><\/div><div class=\"section-img\"><img decoding=\"async\" src=\"\/vevor\/product\/KDJXTCOHQDZ22GEBV\/trailer-coupler-a100-2.2.jpg\" alt=\"VEVOR regul\u0113jams piekabes sakabes meh\u0101nisms, \u0101tra atbr\u012bvo\u0161ana un uzst\u0101d\u012b\u0161ana ar nepiecie\u0161amaj\u0101m skr\u016bv\u0113m.\" \/><\/div><div class=\"section-mobile-img\"><img decoding=\"async\" src=\"\/vevor\/product\/KDJXTCOHQDZ22GEBV\/trailer-coupler-a100-2.2-m.jpg\" alt=\"VEVOR regul\u0113jams piekabes sakabes meh\u0101nisms, \u0101tra atbr\u012bvo\u0161ana un uzst\u0101d\u012b\u0161ana ar nepiecie\u0161amaj\u0101m skr\u016bv\u0113m.\" \/><\/div><div class=\"section-desc\">Aizmirstiet par metin\u0101\u0161anas bl\u016bzu un skr\u016bvi uz \u0113rt\u012bb\u0101m! M\u016bsu piekabes sakabes savienot\u0101ja uzspie\u017eamais dizains ir saist\u012bts ar j\u016bsu d\u0101rg\u0101 laika ietaup\u012b\u0161anu un papildu izmaksu samazin\u0101\u0161anu. Ietvertas skr\u016bves - bez satraukuma, bez papildu pieg\u0101jieniem uz veikalu.<\/div><\/div><div class=\"section\"><div class=\"section-title\"><\/div><div class=\"section-img\"><img decoding=\"async\" src=\"\/vevor\/product\/KDJXTCOHQDZ22GEBV\/trailer-coupler-a100-2.3.jpg\" alt=\"VEVOR regul\u0113jams piekabes sakabes meh\u0101nisms ar pilna korpusa elektrofor\u0113zi, kas paredz\u0113ts iztur\u012bbai pret r\u016bsu un koroziju.\" \/><\/div><div class=\"section-mobile-img\"><img decoding=\"async\" src=\"\/vevor\/product\/KDJXTCOHQDZ22GEBV\/trailer-coupler-a100-2.3-m.jpg\" alt=\"VEVOR regul\u0113jams piekabes sakabes meh\u0101nisms ar pilna korpusa elektrofor\u0113zi, kas paredz\u0113ts iztur\u012bbai pret r\u016bsu un koroziju.\" \/><\/div><div class=\"section-desc\">Pateicoties pilna korpusa elektrofor\u0113zes apstr\u0101dei, m\u016bsu sakabes ier\u012bce iztur dabas stihijas \u2013 r\u016bsa un korozija pak\u013caujas mums! Neatkar\u012bgi no t\u0101, vai ir nepiel\u016bdzami laikapst\u0101k\u013ci vai skarbi apst\u0101k\u013ci, m\u0113s st\u0101vam nelok\u0101mi.<\/div><\/div><div class=\"section\"><div class=\"section-title\"><\/div><div class=\"section-img\"><img decoding=\"async\" src=\"\/vevor\/product\/KDJXTCOHQDZ22GEBV\/trailer-coupler-a100-2.4.jpg\" alt=\"VEVOR regul\u0113jams piekabes sakabes meh\u0101nisms ar dro\u0161u blo\u0137\u0113\u0161anas meh\u0101nismu un sakabes tapas fiksatoru z\u0101dz\u012bbu nov\u0113r\u0161anai.\" \/><\/div><div class=\"section-mobile-img\"><img decoding=\"async\" src=\"\/vevor\/product\/KDJXTCOHQDZ22GEBV\/trailer-coupler-a100-2.4-m.jpg\" alt=\"VEVOR regul\u0113jams piekabes sakabes meh\u0101nisms ar dro\u0161u blo\u0137\u0113\u0161anas meh\u0101nismu un sakabes tapas fiksatoru z\u0101dz\u012bbu nov\u0113r\u0161anai.\" \/><\/div><div class=\"section-desc\">\u0160\u012b piekabes da\u013ca ir apr\u012bkota ar aizb\u012bd\u0146a sl\u0113dzeni, kas \u013cauj j\u016bsu mantas dro\u0161i nostiprin\u0101t! Vienk\u0101r\u0161a aizsl\u0113g\u0161ana, aizsardz\u012bba pret z\u0101dz\u012bb\u0101m \u2014 j\u016bsu apr\u012bkojums paliek tur, kur tam j\u0101b\u016bt. Dro\u0161\u012bba pirmaj\u0101 viet\u0101, sirdsmiers vienm\u0113r!<\/div><\/div><div class=\"section\"><div class=\"section-title\"><\/div><div class=\"section-img\"><img decoding=\"async\" src=\"\/vevor\/product\/KDJXTCOHQDZ22GEBV\/trailer-coupler-a100-2.5.jpg\" alt=\"Uzlabota sa\u0137ere univers\u0101\u013ciem, pikapiem un apvidus auto ar regul\u0113jamu VEVOR piekabes sakabes ier\u012bci.\" \/><\/div><div class=\"section-mobile-img\"><img decoding=\"async\" src=\"\/vevor\/product\/KDJXTCOHQDZ22GEBV\/trailer-coupler-a100-2.5-m.jpg\" alt=\"Uzlabota sa\u0137ere univers\u0101\u013ciem, pikapiem un apvidus auto ar regul\u0113jamu VEVOR piekabes sakabes ier\u012bci.\" \/><\/div><div class=\"section-desc\">Vienalga, vai tas ir pikaps, univers\u0101ls vai apvidus auto \u2013 m\u016bsu piekabes m\u0113les sakabe ir \u012bsts vilk\u0161anas \u010dempions! Lieliska veiktsp\u0113ja, lieliska sa\u0137ere \u2013 univers\u0101ls vilk\u0161anas sabiedrotais j\u016bsu daudzveid\u012bgajam autoparkam!<\/div><\/div><div class=\"section\"><div class=\"section-img\"><img decoding=\"async\" src=\"\/vevor\/product\/KDJXTCOHQDZ22GEBV\/trailer-coupler-a100-1.11.jpg\" alt=\"VEVOR regul\u0113jams piekabes sakabes meh\u0101nisms ss-ck-03, celtsp\u0113ja 15000 m\u0101rci\u0146as. \u010cuguns un t\u0113rauds, lod\u012btes izm\u0113rs 2-5\/16 collas.\" \/><\/div><div class=\"section-mobile-img\"><img decoding=\"async\" src=\"\/vevor\/product\/KDJXTCOHQDZ22GEBV\/trailer-coupler-a100-1.11-m.jpg\" alt=\"VEVOR regul\u0113jams piekabes sakabes meh\u0101nisms ss-ck-03, celtsp\u0113ja 15000 m\u0101rci\u0146as. \u010cuguns un t\u0113rauds, lod\u012btes izm\u0113rs 2-5\/16 collas.\" \/><\/div><\/div><\/div><\/body><\/html><\/div>\n<div class=\"DM_at-title\" id=\"js-DM_at-title\"> <div>Produkta specifik\u0101cija<\/div> <i class=\"icon-arrowup_line\"><\/i> <\/div><div class=\"DM_at-goodsDescAttr\" id=\"js-DM_at-goodsDescAttr\"> <div class=\"DM_at-goodsDescAttrInner\"> <dl class=\"goodsDesc_item goodsDesc_item_even\"> <dt>Preces Mode\u013ca Numurs<\/dt> <dd> SS-CK-03<\/dd> <\/dl> <dl class=\"goodsDesc_item\"> <dt>Sader\u012bgs bumbi\u0146as izm\u0113rs<\/dt> <dd> 2\u20135\/16 collas\/58,74 mm<\/dd> <\/dl> <dl class=\"goodsDesc_item goodsDesc_item_even\"> <dt>Maksim\u0101l\u0101 vilk\u0161anas jauda<\/dt> <dd> 15\u00a0000 m\u0101rci\u0146as\/6804 kg<\/dd> <\/dl> <dl class=\"goodsDesc_item\"> <dt>Vertik\u0101l\u0101 atstarpe<\/dt> <dd> 2 collas\/51 mm<\/dd> <\/dl> <dl class=\"goodsDesc_item goodsDesc_item_even\"> <dt>Korpusa stiprin\u0101juma platums<\/dt> <dd> 3 collas\/74 mm<\/dd> <\/dl> <dl class=\"goodsDesc_item\"> <dt>Materi\u0101ls<\/dt> <dd> \u010cuguns + t\u0113rauds<\/dd> <\/dl> <dl class=\"goodsDesc_item goodsDesc_item_even\"> <dt>Produkta Svars<\/dt> <dd> 20,72 m\u0101rci\u0146as\/9,4 kg<\/dd> <\/dl> <dl class=\"goodsDesc_item\"> <dt>Produkta Izm\u0113ri<\/dt> <dd> 11,81 x 3,77 x 9,84 collas\/300 x 96 x 250 mm<\/dd> <\/dl> <\/div> <\/div>","protected":false},"excerpt":{"rendered":"<ul>\n<li> Milz\u012bga kravnes\u012bba: Piekabiniet piekabi un dodieties ce\u013c\u0101! M\u016bsu piekabes sakabe \u0113rti iederas 2-5\/16 collu lod\u0113. Gatavs iztur\u0113t milz\u012bgu 15 000 m\u0101rci\u0146u svaru, tas ir j\u016bsu iztur\u012bgais sabiedrotais smagu kravu p\u0101rvad\u0101\u0161anai. Integr\u0113t\u0101 \u0161tanc\u0113\u0161anas tehnolo\u0123ija noz\u012bm\u0113, ka nav vieglu l\u016bzumu \u2014 tikai vienm\u0113r\u012bgs, dro\u0161s un uzticams ce\u013cojums! <\/li>\n<li> Snap, Snap \u2013 \u0101tri un \u0113rti: atvadieties no metin\u0101\u0161anas likst\u0101m! M\u016bsu piekabes sakabes savienot\u0101ja \u0101tr\u0101s atbr\u012bvo\u0161anas un uzst\u0101d\u012b\u0161anas dizains padara j\u016bsu dz\u012bvi v\u0113su. Vienk\u0101r\u0161i pievelciet da\u017eas skr\u016bves, un voila \u2013 uzst\u0101d\u012b\u0161ana un no\u0146em\u0161ana ir snap! Ietaupiet laiku, ietaupiet p\u016bles un izbaudiet pievienoto p\u0101rnesam\u012bbas bonusu. Esiet gatavs ripin\u0101t ikreiz, kur! <\/li>\n<li> Laikapst\u0101k\u013ci Kur\u0161? R\u016bsa iztur\u012bgs un gatavs \u0101r\u0101: saskarsimies ar to \u2013 laikapst\u0101k\u013ci notiek. Bet ar m\u016bsu elektrofor\u0113tiski apstr\u0101d\u0101to \u0137ermeni r\u016bsa un korozija nav iesp\u0113jama! Lietus, sniegs vai augsts mitrums, m\u016bsu sakabes savienot\u0101js nodro\u0161ina v\u0113sumu, nodro\u0161inot izcilu, uzticamu lietot\u0101ja pieredzi visos j\u016bsu \u0101ra piedz\u012bvojumos. <\/li>\n<li> Blo\u0137\u0113t, iel\u0101d\u0113t un atst\u0101t - Dro\u0161i: j\u016bsu kravas dro\u0161\u012bba ir m\u016bsu priorit\u0101te. Apr\u012bkots ar paroc\u012bgu fiksatora sl\u0113dzenes dizainu, m\u016bsu piekabes da\u013ca ir saist\u012bta ar \u0161o dro\u0161o un uzticamo noska\u0146u. Neatkar\u012bgi no t\u0101, vai esat kust\u012bb\u0101 vai st\u0101vat, m\u0113s esam ieguvu\u0161i j\u016bsu muguru - bez nejau\u0161as atvieno\u0161anas, bez atsl\u0101bin\u0101\u0161anas, tikai sirdsmiers. <\/li>\n<li> Viens sakabes meh\u0101nisms, daudzi braucieni: sedans, apvidus auto vai kravas automa\u0161\u012bna \u2013 \u0146emiet tos rok\u0101s! M\u016bsu piekabes m\u0113les sakabes meh\u0101nisms izcil\u0101 veiktsp\u0113ja un vilk\u0161anas sp\u0113ja padara to par daudzpus\u012bgu izv\u0113li da\u017e\u0101diem transportl\u012bdzek\u013cu tipiem. Izbaudiet stabilu un uzticamu vilk\u0161anu, neraiz\u0113joties par sader\u012bbu. M\u0113s esam j\u016bsu univers\u0101lais vilk\u0161anas risin\u0101jums! <\/li>\n<\/ul>","protected":false},"featured_media":287692,"comment_status":"closed","ping_status":"open","template":"","meta":{"om_disable_all_campaigns":false,"_monsterinsights_skip_tracking":false,"_monsterinsights_sitenote_active":false,"_monsterinsights_sitenote_note":"","_monsterinsights_sitenote_category":0,"_uf_show_specific_survey":0,"_uf_disable_surveys":false},"location":[1935,1934],"product_brand":[21],"product_cat":[133,3732,3198,3836,3197],"product_tag":[],"class_list":{"0":"post-29279","1":"product","2":"type-product","3":"status-publish","4":"has-post-thumbnail","6":"location-supplier_stock_location","7":"location-local_stock_location","8":"product_brand-vevor","9":"product_cat-automotive","10":"product_cat-hitch-accessories","11":"product_cat-hitches","12":"product_cat-towing-couplers-hitch-accessories","13":"product_cat-towing-equipment","15":"first","16":"outofstock","17":"taxable","18":"shipping-taxable","19":"purchasable","20":"product-type-simple"},"aioseo_notices":[],"jetpack_sharing_enabled":true,"locations":[{"id":1935,"name":"Pieg\u0101d\u0101t\u0101ja noliktav\u0101 (5-7d.d.)","slug":"supplier_stock_location","quantity":"0"},{"id":1934,"name":"R\u012bgas veikal\u0101 (0-2d.d.)","slug":"local_stock_location","quantity":"0"}],"_links":{"self":[{"href":"https:\/\/vevorshop.lv\/lv\/wp-json\/wp\/v2\/product\/29279","targetHints":{"allow":["GET"]}}],"collection":[{"href":"https:\/\/vevorshop.lv\/lv\/wp-json\/wp\/v2\/product"}],"about":[{"href":"https:\/\/vevorshop.lv\/lv\/wp-json\/wp\/v2\/types\/product"}],"replies":[{"embeddable":true,"href":"https:\/\/vevorshop.lv\/lv\/wp-json\/wp\/v2\/comments?post=29279"}],"wp:featuredmedia":[{"embeddable":true,"href":"https:\/\/vevorshop.lv\/lv\/wp-json\/wp\/v2\/media\/287692"}],"wp:attachment":[{"href":"https:\/\/vevorshop.lv\/lv\/wp-json\/wp\/v2\/media?parent=29279"}],"wp:term":[{"taxonomy":"location","embeddable":true,"href":"https:\/\/vevorshop.lv\/lv\/wp-json\/wp\/v2\/location?post=29279"},{"taxonomy":"product_brand","embeddable":true,"href":"https:\/\/vevorshop.lv\/lv\/wp-json\/wp\/v2\/product_brand?post=29279"},{"taxonomy":"product_cat","embeddable":true,"href":"https:\/\/vevorshop.lv\/lv\/wp-json\/wp\/v2\/product_cat?post=29279"},{"taxonomy":"product_tag","embeddable":true,"href":"https:\/\/vevorshop.lv\/lv\/wp-json\/wp\/v2\/product_tag?post=29279"}],"curies":[{"name":"wp","href":"https:\/\/api.w.org\/{rel}","templated":true}]}}