{"id":31741,"date":"2024-11-18T21:34:44","date_gmt":"2024-11-18T21:34:44","guid":{"rendered":"http:\/\/vevorshop.edigo.lv\/Prece\/vevor-30kg-rotary-welding-positioner-0-90-positioning-turntable-table-1-12rpm\/"},"modified":"2026-04-20T16:14:51","modified_gmt":"2026-04-20T13:14:51","slug":"vevor-30kg-rotary-welding-positioner-0-90-positioning-turntable-table-1-12rpm","status":"publish","type":"product","link":"https:\/\/vevorshop.lv\/lv\/Prece\/vevor-30kg-rotacijas-metinasanas-pozicionieris-0-90-pozicionesanas-grozama-galda-galds-1-12rpm\/","title":{"rendered":"VEVOR rot\u0113jo\u0161ais metin\u0101\u0161anas pozicion\u0113t\u0101js 30\u202fkg, 0\u201390\u00b0 galds, 1\u201312\u202fRPM, 80\u202fW, ar 315\u202fmm 3-\u017eok\u013cu patronu un deg\u013ca stat\u012bvu"},"content":{"rendered":"<div style=\"color: #fff!important; font-size: 16px; height: 24px; line-height: 24px; margin-top: -24px; \" class=\"product_original_name\">VEVOR Rot\u0101cijas metin\u0101\u0161anas pozicion\u0113t\u0101js 30KG, 0-90\u00b0 metin\u0101\u0161anas pozicion\u0113\u0161anas pagrieziena galds 1-12RPM 80W, ar 12,4 collu 3-\u017eok\u013cu virpu Chuck &amp; metin\u0101\u0161anas deg\u013ca stat\u012bva tur\u0113t\u0101ju grie\u0161anai, sl\u012bp\u0113\u0161anai, mont\u0101\u017eai, test\u0113\u0161anai<\/div>\n<div style=\"color: #fff!important; font-size: 16px; height: 24px; line-height: 24px; margin-top: -24px; \" class=\"product_sku\">M4I4L2ST<\/div>\n<div style=\"color: #fff!important; font-size: 16px; height: 24px; line-height: 24px; margin-top: -24px; \" class=\"product_mpn\">HJBWJX30KG80ONXXLV2<\/div><div id=\"js-DM_at-goodDescRich\"><html><head><style>  body {    font-family: Arial;    line-height: 1.5;    color: #1c1c1c;    overflow-x: hidden;    margin: 0;    padding: 0;  }  .MsoNormal b {    font-weight: bolder;  }<\/style><style>  .container.small {    width: 970px;    margin: 0 auto;  }  .logo {    margin: 0 auto 0;  }  .logo img {    display: block;    margin: 0 auto;    max-width: 100%;  }  .logo .pc-banner {    display: block;    width: 1200px;    height: 247.4px;    margin: 0 auto;  }  .logo .pc-banner.small {    width: 970px;  }  .logo .pc-banner.small img {    height: auto!important;  }  .logo .m-banner {    display: none;  }  .ytvideo {    position: relative;    height: 546px;    width: 100%;    margin: 0 auto;  }  .ytvideo img {    width: 100%;    margin: 0 auto;  }  .ytvideo .play-btn {    width: 60px;    height: 42px;    position: absolute;    top: 50%;    left: 50%;    transform: translate(-50%, -50%);    background: url(\"data:image\/png;base64,iVBORw0KGgoAAAANSUhEUgAAAGQAAABGCAMAAAANWMFbAAAC+lBMVEUAAADBGB3kLCfBGB3kLCfcJC7BFx3KKSbiKybkLCbWJCPSIiLSIiLPICHAFx3kLCfgKSXNHiDZJiTIGx\/p4eHcjo7LHSDbJyTkLCbjKyfOHyHPIiL28fHJHB\/GGh7EGR7eKCXDGB3RISHlLSbBGB3AFxzGHB7DGB7BGB3hKybkKybAFx3lLCfAFxzDGR3hKibDGB7cJyTmz8\/elJTlwcHjurrUIyLlLSflLSfAFx3DGR7lLSfCFx3hKibhKibhKybjKybkLCblLSfbJSX49vbx7e3NNzjNMTLMJyjVIyLZf3\/ZQ0LaeHjx0tLgoqLkLCfCGB3HGx\/BGB3BFx3PICHCGB7WJCLOHyC\/Fxy\/Fx3lLCfQISHkLSe\/FxzbJiTBFx3FGx\/AGB7BFx3EGR7AGB3HHSDfKiXAFh3TISHYNzbhKibbJyTTIiL57e325+f039\/v2NjUV1fOHiHiqanfmprch4feKSXVIyPOICHmLibFGh\/mLSe\/Fx7XJCPeKSXXJSPNHyHaJyTGGh7lLCbmLCflLSjSIiLkLCbdKSXLHiC\/GB3KHh++Fh3lKyfoLiXcKCPkx8fYb2\/XaGfVXl3aU1LLHiDksbHgKibPICHbJyTfKSXbJyTCGB3KHSDiKybFGh7TIiL\/\/\/\/VIyPRISHIHB\/GGx\/HHB\/DGR7gKibdKCXLHiDZJiTMHiDNHyHYJSTOICHPICHWJCPcKCXXJSPjLCblLCf+\/f3NGR\/uLijzLynPGR\/IGB7WISHaIyLLGh7UAADxLynNAADRLzDbICLQAADIAAD3MCrUHSHXMTDpKSbLAADp5OTij4\/ejo\/VLy\/1LyngJSTcJCPQHx\/OHB7+\/PzaMS\/OLS\/vLijrLSjSAADaNTPwLyjkKSbNJCbYISHPHB\/KGB7WAAD7+vrn3d3aKynTKCjoLCfsKifRGh\/YAADq5+fhjo7QNDXXKCfmJyXt5+fTLzDLLi\/QKivYHRvMGBrQJCXLISPMExXLDxLaEAvkkI\/bOTfaFQ\/SCgpvLcnHAAAAmnRSTlMA+vv7+gT9Bvf9+8z8\/NSv\/Pr5+P7++vnQIBMP\/v38\/Pn348XDiCYf9OjbzcqxXVcx\/fz8+\/rj1r2poo1+fXFqX0orGP7+\/v7+\/fz8+\/r68uzn4trIxsG\/vri3p6GcmZSNbWVYUUZEPQv+\/f39+\/v7+\/v7+vr64tvV1NTTz87FtbSurqeblJKFg4B3bUY+NjL7+\/v7+\/v67t1cDo8JLQAABkRJREFUWMO0kz9rwkAYh0OIeJkum6YugUAhISCdKoj\/P4C7SMdS+gEKIhSKil10LSg4mzXkILdlEpxCpwTiWOLX6BujvQaEQuGeHLnL+\/64J+SIcKGYTYWnntpdLjrVdqvZmNdn0+EE40GtpuuWVS6Xx6N7YDSGpWXpeq02wHgynM7q80az1a52HpddtVcpsi1zFARBrdaxbhp9iUReTGmwA4KAAr7vx3EYejnCMI6hQYEgy0LQi4jUN0wL19vqFcUC9\/1dAKmEEFkWRYkh5oBejnxQJiSJPJ\/uKBp0Thszx9Mw8hMRIQjKsptCfuES9zr5WJY6vSFCIvE9fCMUmEM1A1kSXcYGxgVYsvI1IPKTZciSTI0us\/SMGG04gDzELDoFBwdcFJrF88dqgYMTiL6DILWYyfOWE8\/kIz38olCNlC03FK95+imxp6y4oUSvAnBjHHhKNtotSDqJzVFiK8c2SBqhZtsrTtgrLXwAyduxZHNE26eHUt5rtuM4WSmds3G+sUdWYo1L+XyxButoh5eKUHk5lByO3G1LqqCWVnfrv\/lyPtf\/4ps1cndNGIri8J1TJ0lx6dR\/oPjq1nbRwdp2dCk4CtIOLW3pVKRL6WZfS5vF2KkIQhpwSsjiYIgNCs1gEMGqiIq24NQX9NwoXFy8Ufrl3twTcg4fv8T9\/JBEySduj6Mjm4bMzYV7EEOxKjjoNDud7yY3Dy71Hq2oLmqfbNR723edH9PgMrNL2utoQ3VmaIDkiw\/4w51P06hlZsTZvkRrbVuSIs\/zwSOsycgzStQouoAkWQqioRT5XI7n2Z1wfVhoZmcAJLsoqjqpjbWCgpOAJXBwHK8PzWbNvoUZJND5wCnSkLAkZ1legx6vqQzjoiTahKlGUGLAiIIoABOHaNVw4sexZBym6\/HWlH5h3IC7yRbxtipcWxdTOkORKiNQAEkFf66x5S2oeRbroOlLgg0sSYkR0hRGEqJZ0jTPiQKatESdBckpWigxaapEH0lImHdWu9pUFF2XqMNM2Z4kped7IwEJw2qabwtrQqnpw6HyKkgcadKWsmpywwesDyIhYRpdzXddqegtGIJlXbAIUMOLkGxJUjRIkokwjUaX9d\/kK62ps\/tYUqZLIMkLTyBhsMZ3C5Z\/kDxOSCb\/DOs\/\/J0qcWSX\/2ipe56EgTCA4\/cB7NAYOsni4mZM1MUPAISoEwkDi4lhVBQ1cWQyIcwalw4EpqZN68JUSK7XC0kTlkLYii5uXSC8jT5ncCAS7mjCv0uHp\/3lueHEEAeQ\/\/VgmdN71\/2uCSA1Xr6DO6uI6sW56zqT2tp2PhgiRUAajV8CY2fkcz6WGNKMgLAt7tJAhD4YHMTeRxlALE6+43WqjSWi8ITxyJl8WrwWSNESQZZOqhDDntO3hJLsd5RtSpbJqdv3YrDJH3F7jL1R2O2aQkn2MyCyKYz0GPGIvSAMgBCrCEiJyKbBaYGwLW4uPRr0A0M4Ux5kUI7IBh+hMdiCEWNqhMZGyYMsOgNE58UQuEQeUnSWCMYwL54hkxK6IoqucQZbQ3pc3XtL0lky1dL0zZJJDpWJovFqpWj6JEHnyam2eQp5QRVAVHjWparTOaVwUOx99YS2MvgxIGV0bb+qIg2HX2qkFFJB+XZcbLiuRkuxD9GRroKyveLxdh4d7Orx+hb7qc3uVRuEogCOnyIxm4ubUoPgF4jianDrC+SDQDKEfJb0GUKmjCGPYHGJvVC6X4hw1\/sAfQAdfYyephIaspXe36RwOP+Ljvfx9B6B3i+Nk0DGq+oCbLn6JpBa9nWAveAIHwFAwtVcIJXPMPL8kRu5OAYPMaL1WScTxjiZDqB9LTJSWphow\/pTYKRTLjCBhvi9iBidvKcDasGSm0QQkycYuLBqj6QCELPctqChDWpTRMWkngNNpQ1Pfp1KkiT\/Y0DGffXAweUNfLAfaJFKDwhb6I+bkYRbkERoEeu3Fyjg2opMz2daZCS9jt6Q7txNfB+OZEVF6Zl5web2xunnLQrtrjXseXKaFYziYINeMFZVxS9VxRhOoesYwxPKXm+gWLG9cuFeq93UNNeJNsf1KlwuDok9n02n3TgIJpOxNfL9naIoQwXtfH9kjceTIIi709ncTg6LZbg+biLH1V6u\/7rxBem06VXKn9raAAAAAElFTkSuQmCC\")      no-repeat center center \/ contain;  }  @media screen and (max-width: 960px) and (orientation: portrait) {    .logo {      width: 100%;    }    .logo .pc-banner {      display: none;    }    .logo .m-banner {      display: block;      width: 100%;    }    .logo .m-banner img {      height: auto!important;    }    .ytvideo {      height: 200px;      width: 100%;    }  }<\/style><style>  .video-section {    width: 100%;    margin: 0 auto;  }  .video-section > img {    width: 100%;  }  .video-section iframe,  .video-section video {    width: 100%;    height: 100%;      }  .video-section-img-m,  .video-section-img-pc > img {    width: 100%;    height: auto;  }  .video-section-img-pc.small > img {    width: 970px;  }  .video-desc {    line-height: 1.5;    font-size: 20px;    font-weight: 400;    margin: 20px 0;    text-align: center;    color: #0f1111;    word-break: break-word;  }  @media screen and (max-width: 960px) and (orientation: portrait) {    .video-section {      width: 100%;    }    .video-section-pc,    .video-section-img-pc {      display: none;    }    .video-section-m,    .video-section-img-m {      display: block;    }    .video-desc {      font-size: 15px;    }  }  @media screen and (min-width: 960px) {    .video-section {      width: 100%;      margin: 0 auto;    }    .video-section-pc,    .video-section-img-pc {      display: block;    }    .video-section-m,    .video-section-img-m {      display: none;    }    .video-desc {      font-size: 20px;    }  }<\/style><style>  .section + .section {    margin-top: 35px;  }  .section-title {    text-align: center;    font-weight: bold;    color: #0d1111;    font-family: \"Arial\";    font-size: 32px;    margin: 15px 0;  }  .section-title:empty {    display: none;  }  .section-desc {    text-align: center;    font-weight: normal;    color: #0d1111;    margin-top: 20px;  }  .section-desc:empty {    display: none;  }  .section-img {    width: 1200px;    height: 492px;    margin: 0 auto;    display: block;  }  .section-img.small {    width: 970px;    height: auto;  }  .section-img.small > img {    height: auto;  }  .section-img > img {    width: 100%;    height: 100%;  }  .section-mobile-img {    display: none;    max-width: 100vw;    max-height: 75vw;    height: 450px;    margin: 0 auto;  }  .section-mobile-img > img {    width: 100%;    height: 100%;  }  @media screen and (max-width: 960px) and (orientation: portrait) {    .container {      width: 100%;    }    .container.small {      width: 100%;    }    .section-mobile-img {      display: block;    }    .section-img {      display: none;    }    .section-title {      font-size: 22px;      margin: 10px 0;    }    .section-desc {      margin-top: 10px;    }    .section + .section {      margin-top: 20px;    }  }<\/style><\/head><body><div class=\"container\"><div class=\"logo\"><div class=\"pc-banner\"><div><img decoding=\"async\" src=\"\/vevor\/vevor\/boutique-banner\/pc\/en-pc@1x.jpg\" style=\"width: 100%;\" \/><\/div><\/div><div class=\"m-banner\"><div><img decoding=\"async\" src=\"\/vevor\/vevor\/boutique-banner\/mobile\/en-m@1x.jpg\" style=\"width: 100%;\" \/><\/div><\/div><\/div><div class=\"section-title\">Apguvi metin\u0101\u0161anas projektus ar precizit\u0101ti un vieglumu<\/div><div class=\"video-section\"><div class=\"video-section-img-pc\"><img decoding=\"async\" src=\"\/vevor\/product\/HJBWJX30KG80ONXXL\/welding-positioner-a100-1.4.jpg\" \/><\/div><div class=\"video-section-img-m\"><img decoding=\"async\" src=\"\/vevor\/product\/HJBWJX30KG80ONXXL\/welding-positioner-a100-1.4-m.jpg\" \/><\/div><div class=\"section-desc\">Izv\u0113lieties VEVOR rot\u0113jo\u0161o metin\u0101\u0161anas pozicion\u0113t\u0101ju, kas padara metin\u0101\u0161anu vieglu un prec\u012bzu. Uzlabojiet savas metin\u0101\u0161anas prasmes un ieg\u016bstiet izcilus metin\u0101\u0161anas rezult\u0101tus ar 0\u201390\u00b0 noliecamu darba virsmu, 1\u201312 apgr.\/min bezpak\u0101pju \u0101truma kontroli, KD200 tr\u012bs\u017eok\u013cu patronu, lielu kravnes\u012bbu, \u0113rti lietojamu vad\u012bbas bloku un metin\u0101\u0161anas pistoles stat\u012bva tur\u0113t\u0101ju.<\/div><\/div><div class=\"section\"><div class=\"section-title\"><\/div><div class=\"section-img\"><img decoding=\"async\" src=\"\/vevor\/product\/HJBWJX30KG80ONXXL\/welding-positioner-a100-2.2.jpg\" \/><\/div><div class=\"section-mobile-img\"><img decoding=\"async\" src=\"\/vevor\/product\/HJBWJX30KG80ONXXL\/welding-positioner-a100-2.2-m.jpg\" \/><\/div><div class=\"section-desc\">M\u016bsu metin\u0101\u0161anas pozicion\u0113\u0161anas groz\u0101mais galds, kas izgatavots no augstas stipr\u012bbas oglek\u013ca t\u0113rauda, \u200b\u200blepojas ar izcilu 33,1 m\u0101rci\u0146u (vertik\u0101lu) vai 66,1 m\u0101rci\u0146u (horizont\u0101lu) nestsp\u0113ju. Iztur\u012bg\u0101 un ilgm\u016b\u017e\u012bg\u0101 konstrukcija var tikt gal\u0101 ar da\u017e\u0101diem metin\u0101\u0161anas uzdevumiem, vienlaikus nodro\u0161inot iztur\u012bbu pret koroziju ilgsto\u0161ai lieto\u0161anai.<\/div><\/div><div class=\"section\"><div class=\"section-title\"><\/div><div class=\"section-img\"><img decoding=\"async\" src=\"\/vevor\/product\/HJBWJX30KG80ONXXL\/welding-positioner-a100-2.3.jpg\" \/><\/div><div class=\"section-mobile-img\"><img decoding=\"async\" src=\"\/vevor\/product\/HJBWJX30KG80ONXXL\/welding-positioner-a100-2.3-m.jpg\" \/><\/div><div class=\"section-desc\">M\u016bsu pozicionierim ir t\u0101rpu zobrata pagrie\u0161anas konstrukcija ar pa\u0161blo\u0137\u0113\u0161an\u0101s funkciju, kas nodro\u0161ina prec\u012bzu un stabilu metin\u0101\u0161anas sagataves pozicion\u0113\u0161anu. Rokas ritenis var dro\u0161i nostiprin\u0101t darba virsmu v\u0113lamaj\u0101 le\u0146\u0137\u012b, savuk\u0101rt metin\u0101\u0161anas pistoles stat\u012bva tur\u0113t\u0101js \u013cauj prec\u012bzi pozicion\u0113t pistoli.<\/div><\/div><div class=\"section\"><div class=\"section-title\"><\/div><div class=\"section-img\"><img decoding=\"async\" src=\"\/vevor\/product\/HJBWJX30KG80ONXXL\/welding-positioner-a100-2.4.jpg\" \/><\/div><div class=\"section-mobile-img\"><img decoding=\"async\" src=\"\/vevor\/product\/HJBWJX30KG80ONXXL\/welding-positioner-a100-2.4-m.jpg\" \/><\/div><div class=\"section-desc\">Bez piep\u016bles kontrol\u0113jiet darba galda 360\u00b0 rot\u0101ciju ar k\u0101jas ped\u0101\u013ca sl\u0113dzi, nodro\u0161inot elast\u012bbu metin\u0101\u0161anas laik\u0101 Lietot\u0101jam draudz\u012bg\u0101 vad\u012bbas k\u0101rba \u013cauj bezpak\u0101pju \u0101truma regul\u0113\u0161anu (1-12rpm), apmierinot da\u017e\u0101du metin\u0101\u0161anas uzdevumu pras\u012bbas un nodro\u0161inot vienm\u0113r\u012bgu metin\u0101\u0161anas procesu.<\/div><\/div><div class=\"section\"><div class=\"section-title\"><\/div><div class=\"section-img\"><img decoding=\"async\" src=\"\/vevor\/product\/HJBWJX30KG80ONXXL\/welding-positioner-a100-2.5.jpg\" \/><\/div><div class=\"section-mobile-img\"><img decoding=\"async\" src=\"\/vevor\/product\/HJBWJX30KG80ONXXL\/welding-positioner-a100-2.5-m.jpg\" \/><\/div><div class=\"section-desc\">M\u016bsu metin\u0101\u0161anas pozicionieris ir piem\u0113rots da\u017e\u0101diem metin\u0101\u0161anas uzdevumiem, nodro\u0161inot, ka j\u016bs sasniedzat prec\u012bzus un efekt\u012bvus metin\u0101\u0161anas rezult\u0101tus Neatkar\u012bgi no t\u0101, vai t\u0101 ir met\u0101la metin\u0101\u0161ana, liela cauru\u013cu metin\u0101\u0161ana, smago ma\u0161\u012bnu metin\u0101\u0161ana vai automatiz\u0113ta metin\u0101\u0161ana, m\u016bsu metin\u0101\u0161anas pozicion\u0113t\u0101js ir uzdevumu augstumos.<\/div><\/div><div class=\"section\"><div class=\"section-img\"><img decoding=\"async\" src=\"\/vevor\/product\/HJBWJX30KG80ONXXL\/welding-positioner-a100-1.11.jpg\" \/><\/div><div class=\"section-mobile-img\"><img decoding=\"async\" src=\"\/vevor\/product\/HJBWJX30KG80ONXXL\/welding-positioner-a100-1.11-m.jpg\" \/><\/div><\/div><\/div><\/body><\/html><\/div>\n<div class=\"DM_at-title\" id=\"js-DM_at-title\"> <div>Produkta specifik\u0101cija<\/div> <i class=\"icon-arrowup_line\"><\/i> <\/div><div class=\"DM_at-goodsDescAttr\" id=\"js-DM_at-goodsDescAttr\"> <div class=\"DM_at-goodsDescAttrInner\"> <dl class=\"goodsDesc_item goodsDesc_item_even\"> <dt>Preces Mode\u013ca Numurs<\/dt> <dd> HD-30<\/dd> <\/dl> <dl class=\"goodsDesc_item\"> <dt>Motora Jauda<\/dt> <dd> 80\u00a0W<\/dd> <\/dl> <dl class=\"goodsDesc_item goodsDesc_item_even\"> <dt>\u0100trums<\/dt> <dd> 1\u201312 apgr.\/min<\/dd> <\/dl> <dl class=\"goodsDesc_item\"> <dt>Horizont\u0101l\u0101\/vertik\u0101l\u0101 slodzes iztur\u012bba<\/dt> <dd> 66,1 m\u0101rci\u0146as\/30 kg; 33,1 m\u0101rci\u0146as\/15 kg<\/dd> <\/dl> <dl class=\"goodsDesc_item goodsDesc_item_even\"> <dt>Darba galda sl\u012bpuma le\u0146\u0137is<\/dt> <dd> 0\u201390\u00b0 <\/dd> <\/dl> <dl class=\"goodsDesc_item\"> <dt>\u010caks Diametrs<\/dt> <dd> Spriego\u0161anas diapazons 10\u2013210 mm, tur\u0113\u0161anas diapazons 80\u2013190 mm<\/dd> <\/dl> <dl class=\"goodsDesc_item goodsDesc_item_even\"> <dt>Groz\u0101m\u0101 diska diametrs<\/dt> <dd> 12,4 collas \/ 315 mm<\/dd> <\/dl> <dl class=\"goodsDesc_item\"> <dt>Neto Svars<\/dt> <dd> 85.5 lbs \/ 38.8 kg<\/dd> <\/dl> <dl class=\"goodsDesc_item goodsDesc_item_even\"> <dt>Produkta Izm\u0113ri<\/dt> <dd> 18.7&#039;&#039; x 24.1&#039;&#039; x 37.8&#039;&#039; \/ 475 x 613 x 960 mm<\/dd> <\/dl> <\/div> <\/div>","protected":false},"excerpt":{"rendered":"<ul>\n<li> Vienm\u0113r\u012bga rot\u0101cija: VEVOR rot\u0113jo\u0161ais metin\u0101\u0161anas pozicion\u0113t\u0101js lepojas ar 80 W augstas kvalit\u0101tes motoru, kas darbojas ar mazu \u0101trumu 1\u201312 apgr.\/min, nodro\u0161inot stabilu un vienm\u0113r\u012bgu darb\u012bbu. Ar kravnes\u012bbu l\u012bdz 15 kg (vertik\u0101li) vai 30 kg (horizont\u0101li) tas pied\u0101v\u0101 izcilu stabilit\u0101ti un atbalsta efekt\u012bvu un prec\u012bzu metin\u0101\u0161anu. <\/li>\n<li> 0\u201390\u00b0 noliecams darba galds: metin\u0101\u0161anas pozicion\u0113t\u0101ja groz\u0101mo galdu var noliekt no 0 l\u012bdz 90\u00b0 un dro\u0161i nostiprin\u0101t v\u0113lamaj\u0101 le\u0146\u0137\u012b ar rokrata pal\u012bdz\u012bbu. Turkl\u0101t t\u0101rpu zobrata pagrie\u0161anas konstrukcija ar pa\u0161blo\u0137\u0113\u0161an\u0101s funkciju var prec\u012bzi pozicion\u0113t un saglab\u0101t metin\u0101\u0161anas sagataves pareizo atra\u0161an\u0101s vietu. <\/li>\n<li> Prec\u012bza &amp; Stabila Pozicion\u0113\u0161ana: Apr\u012bkots ar 315mm KD200 tr\u012bs \u017eok\u013cu patronu, kas raksturo 10-210mm iesp\u012bl\u0113\u0161anas diapazonu un 80-190m atbalsta diapazonu, tas efekt\u012bvi nov\u0113r\u0161 metin\u0101juma gabalu p\u0101rvieto\u0161anos un kri\u0161anu.Ietver ar\u012b metin\u0101\u0161anas pistoles stat\u012bva tur\u0113t\u0101ju, lai nostiprin\u0101tu metin\u0101\u0161anas pistoli viet\u0101. <\/li>\n<li> Viegli darbin\u0101ms &amp; Kontrole: Metin\u0101t\u0101ja pozicion\u0113\u0161anas pagrieziena galda galds pied\u0101v\u0101 1-12 apgriezienu skaita regul\u0113\u0161anu bez pak\u0101pieniem Ar lietot\u0101jam draudz\u012bgo vad\u012bbas k\u0101rbu J\u016bs varat viegli kontrol\u0113t grie\u0161an\u0101s \u0101trumu \u0112rtais k\u0101ju ped\u0101\u013ca sl\u0113dzis \u013cauj ar\u012b viegli kontrol\u0113t galda 360 gr\u0101du rot\u0101ciju. <\/li>\n<li> Pla\u0161s pielietojums: M\u016bsu pozicion\u0113\u0161anas groz\u0101mais galds ir daudzpus\u012bgs grie\u0161anai, sl\u012bp\u0113\u0161anai, mont\u0101\u017eai un test\u0113\u0161anai. To var piestiprin\u0101t pie darbagalda vai speci\u0101liem instrumentiem manu\u0101lai metin\u0101\u0161anai vai savienot p\u0101r\u012b ar metin\u0101\u0161anas apr\u012bkojumu autom\u0101tiskai metin\u0101\u0161anai. Paaugstiniet metin\u0101\u0161anas efektivit\u0101ti un precizit\u0101ti ar VEVOR! <\/li>\n<\/ul>","protected":false},"featured_media":291329,"comment_status":"closed","ping_status":"open","template":"","meta":{"om_disable_all_campaigns":false,"_monsterinsights_skip_tracking":false,"_monsterinsights_sitenote_active":false,"_monsterinsights_sitenote_note":"","_monsterinsights_sitenote_category":0,"_uf_show_specific_survey":0,"_uf_disable_surveys":false},"location":[1935,1934],"product_brand":[21],"product_cat":[2374,2468,2470,2471,2469],"product_tag":[],"class_list":{"0":"post-31741","1":"product","2":"type-product","3":"status-publish","4":"has-post-thumbnail","6":"location-supplier_stock_location","7":"location-local_stock_location","8":"product_brand-vevor","9":"product_cat-tools","10":"product_cat-welding-soldering","11":"product_cat-welding-accessories","12":"product_cat-welding-positioner-welding-accessories","13":"product_cat-welding-supplies-welding-soldering","15":"first","16":"instock","17":"taxable","18":"shipping-taxable","19":"purchasable","20":"product-type-simple"},"aioseo_notices":[],"jetpack_sharing_enabled":true,"locations":[{"id":1935,"name":"Pieg\u0101d\u0101ja noliktav\u0101 (5-7dd.d)","slug":"supplier_stock_location","quantity":"19"},{"id":1934,"name":"R\u012bgas veikal\u0101 (0-2d.d.)","slug":"local_stock_location","quantity":"0"}],"_links":{"self":[{"href":"https:\/\/vevorshop.lv\/lv\/wp-json\/wp\/v2\/product\/31741","targetHints":{"allow":["GET"]}}],"collection":[{"href":"https:\/\/vevorshop.lv\/lv\/wp-json\/wp\/v2\/product"}],"about":[{"href":"https:\/\/vevorshop.lv\/lv\/wp-json\/wp\/v2\/types\/product"}],"replies":[{"embeddable":true,"href":"https:\/\/vevorshop.lv\/lv\/wp-json\/wp\/v2\/comments?post=31741"}],"wp:featuredmedia":[{"embeddable":true,"href":"https:\/\/vevorshop.lv\/lv\/wp-json\/wp\/v2\/media\/291329"}],"wp:attachment":[{"href":"https:\/\/vevorshop.lv\/lv\/wp-json\/wp\/v2\/media?parent=31741"}],"wp:term":[{"taxonomy":"location","embeddable":true,"href":"https:\/\/vevorshop.lv\/lv\/wp-json\/wp\/v2\/location?post=31741"},{"taxonomy":"product_brand","embeddable":true,"href":"https:\/\/vevorshop.lv\/lv\/wp-json\/wp\/v2\/product_brand?post=31741"},{"taxonomy":"product_cat","embeddable":true,"href":"https:\/\/vevorshop.lv\/lv\/wp-json\/wp\/v2\/product_cat?post=31741"},{"taxonomy":"product_tag","embeddable":true,"href":"https:\/\/vevorshop.lv\/lv\/wp-json\/wp\/v2\/product_tag?post=31741"}],"curies":[{"name":"wp","href":"https:\/\/api.w.org\/{rel}","templated":true}]}}