{"id":33285,"date":"2024-11-18T22:56:07","date_gmt":"2024-11-18T22:56:07","guid":{"rendered":"http:\/\/vevorshop.edigo.lv\/Prece\/vevor-welding-screen-with-frame-6-x-8-3-panel-welding-curtain-screens-flame-resistant-vinyl-welding-protection-screen-on-12-swivel-wheels-6-lockable-moveable-professional-for-workshop\/"},"modified":"2026-04-20T06:48:08","modified_gmt":"2026-04-20T03:48:08","slug":"vevor-welding-screen-with-frame-6-x-8-3-panel-welding-curtain-screens-flame-resistant-vinyl-welding-protection-screen-on-12-swivel-wheels-6-lockable-moveable-professional-for-workshop","status":"publish","type":"product","link":"https:\/\/vevorshop.lv\/lv\/Prece\/vevor-metinasanas-ekrans-ar-rami-6-x-8-3-panelu-metinasanas-aizkaru-ekrani-liesmu-izturigs-vinila-metinasanas-aizsardzibas-ekrans-uz-12-grozamiem-riteniem-6-blokejami-parvietojami-profesionali-darbnic-2\/","title":{"rendered":"VEVOR Metin\u0101\u0161anas Ekr\u0101ns ar R\u0101mi, 183 x 244 cm 3-Pane\u013cu Ugunsiztur\u012bga Vinila Aizsargbarjera uz 12 Riten\u012b\u0161iem (6 Fiks\u0113jami), Dzeltens"},"content":{"rendered":"<div style=\"color: #fff!important; font-size: 16px; height: 24px; line-height: 24px; margin-top: -24px; \" class=\"product_original_name\">VEVOR 3-pane\u013cu metin\u0101\u0161anas ekr\u0101ns ar r\u0101mi, liesmas iztur\u012bgs vinils, 1,83m x 2,44m (6&#x27; x 8&#x27;), 12 groz\u0101mie rite\u0146i (6 ar blo\u0137\u0113\u0161anas funkciju), UV aizsardz\u012bba, dzeltens<\/div>\n<div style=\"color: #fff!important; font-size: 16px; height: 24px; line-height: 24px; margin-top: -24px; \" class=\"product_sku\">M4I4L4YN<\/div>\n<div style=\"color: #fff!important; font-size: 16px; height: 24px; line-height: 24px; margin-top: -24px; \" class=\"product_mpn\">SMSHJPF6X8YC6LZRZV0<\/div><div id=\"js-DM_at-goodDescRich\"><html><head><style>  body {    font-family: Arial;    line-height: 1.5;    color: #1c1c1c;    overflow-x: hidden;    margin: 0;    padding: 0;  }  .MsoNormal b {    font-weight: bolder;  }<\/style><style>  .container.small {    width: 970px;    margin: 0 auto;  }  .logo {    margin: 0 auto 0;  }  .logo img {    display: block;    margin: 0 auto;    max-width: 100%;  }  .logo .pc-banner {    display: block;    width: 1200px;    height: 247.4px;    margin: 0 auto;  }  .logo .pc-banner.small {    width: 970px;  }  .logo .pc-banner.small img {    height: auto!important;  }  .logo .m-banner {    display: none;  }  .ytvideo {    position: relative;    height: 546px;    width: 100%;    margin: 0 auto;  }  .ytvideo img {    width: 100%;    margin: 0 auto;  }  .ytvideo .play-btn {    width: 60px;    height: 42px;    position: absolute;    top: 50%;    left: 50%;    transform: translate(-50%, -50%);    background: url(\"data:image\/png;base64,iVBORw0KGgoAAAANSUhEUgAAAGQAAABGCAMAAAANWMFbAAAC+lBMVEUAAADBGB3kLCfBGB3kLCfcJC7BFx3KKSbiKybkLCbWJCPSIiLSIiLPICHAFx3kLCfgKSXNHiDZJiTIGx\/p4eHcjo7LHSDbJyTkLCbjKyfOHyHPIiL28fHJHB\/GGh7EGR7eKCXDGB3RISHlLSbBGB3AFxzGHB7DGB7BGB3hKybkKybAFx3lLCfAFxzDGR3hKibDGB7cJyTmz8\/elJTlwcHjurrUIyLlLSflLSfAFx3DGR7lLSfCFx3hKibhKibhKybjKybkLCblLSfbJSX49vbx7e3NNzjNMTLMJyjVIyLZf3\/ZQ0LaeHjx0tLgoqLkLCfCGB3HGx\/BGB3BFx3PICHCGB7WJCLOHyC\/Fxy\/Fx3lLCfQISHkLSe\/FxzbJiTBFx3FGx\/AGB7BFx3EGR7AGB3HHSDfKiXAFh3TISHYNzbhKibbJyTTIiL57e325+f039\/v2NjUV1fOHiHiqanfmprch4feKSXVIyPOICHmLibFGh\/mLSe\/Fx7XJCPeKSXXJSPNHyHaJyTGGh7lLCbmLCflLSjSIiLkLCbdKSXLHiC\/GB3KHh++Fh3lKyfoLiXcKCPkx8fYb2\/XaGfVXl3aU1LLHiDksbHgKibPICHbJyTfKSXbJyTCGB3KHSDiKybFGh7TIiL\/\/\/\/VIyPRISHIHB\/GGx\/HHB\/DGR7gKibdKCXLHiDZJiTMHiDNHyHYJSTOICHPICHWJCPcKCXXJSPjLCblLCf+\/f3NGR\/uLijzLynPGR\/IGB7WISHaIyLLGh7UAADxLynNAADRLzDbICLQAADIAAD3MCrUHSHXMTDpKSbLAADp5OTij4\/ejo\/VLy\/1LyngJSTcJCPQHx\/OHB7+\/PzaMS\/OLS\/vLijrLSjSAADaNTPwLyjkKSbNJCbYISHPHB\/KGB7WAAD7+vrn3d3aKynTKCjoLCfsKifRGh\/YAADq5+fhjo7QNDXXKCfmJyXt5+fTLzDLLi\/QKivYHRvMGBrQJCXLISPMExXLDxLaEAvkkI\/bOTfaFQ\/SCgpvLcnHAAAAmnRSTlMA+vv7+gT9Bvf9+8z8\/NSv\/Pr5+P7++vnQIBMP\/v38\/Pn348XDiCYf9OjbzcqxXVcx\/fz8+\/rj1r2poo1+fXFqX0orGP7+\/v7+\/fz8+\/r68uzn4trIxsG\/vri3p6GcmZSNbWVYUUZEPQv+\/f39+\/v7+\/v7+vr64tvV1NTTz87FtbSurqeblJKFg4B3bUY+NjL7+\/v7+\/v67t1cDo8JLQAABkRJREFUWMO0kz9rwkAYh0OIeJkum6YugUAhISCdKoj\/P4C7SMdS+gEKIhSKil10LSg4mzXkILdlEpxCpwTiWOLX6BujvQaEQuGeHLnL+\/64J+SIcKGYTYWnntpdLjrVdqvZmNdn0+EE40GtpuuWVS6Xx6N7YDSGpWXpeq02wHgynM7q80az1a52HpddtVcpsi1zFARBrdaxbhp9iUReTGmwA4KAAr7vx3EYejnCMI6hQYEgy0LQi4jUN0wL19vqFcUC9\/1dAKmEEFkWRYkh5oBejnxQJiSJPJ\/uKBp0Thszx9Mw8hMRIQjKsptCfuES9zr5WJY6vSFCIvE9fCMUmEM1A1kSXcYGxgVYsvI1IPKTZciSTI0us\/SMGG04gDzELDoFBwdcFJrF88dqgYMTiL6DILWYyfOWE8\/kIz38olCNlC03FK95+imxp6y4oUSvAnBjHHhKNtotSDqJzVFiK8c2SBqhZtsrTtgrLXwAyduxZHNE26eHUt5rtuM4WSmds3G+sUdWYo1L+XyxButoh5eKUHk5lByO3G1LqqCWVnfrv\/lyPtf\/4ps1cndNGIri8J1TJ0lx6dR\/oPjq1nbRwdp2dCk4CtIOLW3pVKRL6WZfS5vF2KkIQhpwSsjiYIgNCs1gEMGqiIq24NQX9NwoXFy8Ufrl3twTcg4fv8T9\/JBEySduj6Mjm4bMzYV7EEOxKjjoNDud7yY3Dy71Hq2oLmqfbNR723edH9PgMrNL2utoQ3VmaIDkiw\/4w51P06hlZsTZvkRrbVuSIs\/zwSOsycgzStQouoAkWQqioRT5XI7n2Z1wfVhoZmcAJLsoqjqpjbWCgpOAJXBwHK8PzWbNvoUZJND5wCnSkLAkZ1legx6vqQzjoiTahKlGUGLAiIIoABOHaNVw4sexZBym6\/HWlH5h3IC7yRbxtipcWxdTOkORKiNQAEkFf66x5S2oeRbroOlLgg0sSYkR0hRGEqJZ0jTPiQKatESdBckpWigxaapEH0lImHdWu9pUFF2XqMNM2Z4kped7IwEJw2qabwtrQqnpw6HyKkgcadKWsmpywwesDyIhYRpdzXddqegtGIJlXbAIUMOLkGxJUjRIkokwjUaX9d\/kK62ps\/tYUqZLIMkLTyBhsMZ3C5Z\/kDxOSCb\/DOs\/\/J0qcWSX\/2ipe56EgTCA4\/cB7NAYOsni4mZM1MUPAISoEwkDi4lhVBQ1cWQyIcwalw4EpqZN68JUSK7XC0kTlkLYii5uXSC8jT5ncCAS7mjCv0uHp\/3lueHEEAeQ\/\/VgmdN71\/2uCSA1Xr6DO6uI6sW56zqT2tp2PhgiRUAajV8CY2fkcz6WGNKMgLAt7tJAhD4YHMTeRxlALE6+43WqjSWi8ITxyJl8WrwWSNESQZZOqhDDntO3hJLsd5RtSpbJqdv3YrDJH3F7jL1R2O2aQkn2MyCyKYz0GPGIvSAMgBCrCEiJyKbBaYGwLW4uPRr0A0M4Ux5kUI7IBh+hMdiCEWNqhMZGyYMsOgNE58UQuEQeUnSWCMYwL54hkxK6IoqucQZbQ3pc3XtL0lky1dL0zZJJDpWJovFqpWj6JEHnyam2eQp5QRVAVHjWparTOaVwUOx99YS2MvgxIGV0bb+qIg2HX2qkFFJB+XZcbLiuRkuxD9GRroKyveLxdh4d7Orx+hb7qc3uVRuEogCOnyIxm4ubUoPgF4jianDrC+SDQDKEfJb0GUKmjCGPYHGJvVC6X4hw1\/sAfQAdfYyephIaspXe36RwOP+Ljvfx9B6B3i+Nk0DGq+oCbLn6JpBa9nWAveAIHwFAwtVcIJXPMPL8kRu5OAYPMaL1WScTxjiZDqB9LTJSWphow\/pTYKRTLjCBhvi9iBidvKcDasGSm0QQkycYuLBqj6QCELPctqChDWpTRMWkngNNpQ1Pfp1KkiT\/Y0DGffXAweUNfLAfaJFKDwhb6I+bkYRbkERoEeu3Fyjg2opMz2daZCS9jt6Q7txNfB+OZEVF6Zl5web2xunnLQrtrjXseXKaFYziYINeMFZVxS9VxRhOoesYwxPKXm+gWLG9cuFeq93UNNeJNsf1KlwuDok9n02n3TgIJpOxNfL9naIoQwXtfH9kjceTIIi709ncTg6LZbg+biLH1V6u\/7rxBem06VXKn9raAAAAAElFTkSuQmCC\")      no-repeat center center \/ contain;  }  @media screen and (max-width: 960px) and (orientation: portrait) {    .logo {      width: 100%;    }    .logo .pc-banner {      display: none;    }    .logo .m-banner {      display: block;      width: 100%;    }    .logo .m-banner img {      height: auto!important;    }    .ytvideo {      height: 200px;      width: 100%;    }  }<\/style><style>  .video-section {    width: 100%;    margin: 0 auto;  }  .video-section > img {    width: 100%;  }  .video-section iframe,  .video-section video {    width: 100%;    height: 100%;      }  .video-section-img-m,  .video-section-img-pc > img {    width: 100%;    height: auto;  }  .video-section-img-pc.small > img {    width: 970px;  }  .video-desc {    line-height: 1.5;    font-size: 20px;    font-weight: 400;    margin: 20px 0;    text-align: center;    color: #0f1111;    word-break: break-word;  }  @media screen and (max-width: 960px) and (orientation: portrait) {    .video-section {      width: 100%;    }    .video-section-pc,    .video-section-img-pc {      display: none;    }    .video-section-m,    .video-section-img-m {      display: block;    }    .video-desc {      font-size: 15px;    }  }  @media screen and (min-width: 960px) {    .video-section {      width: 100%;      margin: 0 auto;    }    .video-section-pc,    .video-section-img-pc {      display: block;    }    .video-section-m,    .video-section-img-m {      display: none;    }    .video-desc {      font-size: 20px;    }  }<\/style><style>  .section + .section {    margin-top: 35px;  }  .section-title {    text-align: center;    font-weight: bold;    color: #0d1111;    font-family: \"Arial\";    font-size: 32px;    margin: 15px 0;  }  .section-title:empty {    display: none;  }  .section-desc {    text-align: center;    font-weight: normal;    color: #0d1111;    margin-top: 20px;  }  .section-desc:empty {    display: none;  }  .section-img {    width: 1200px;    height: 492px;    margin: 0 auto;    display: block;  }  .section-img.small {    width: 970px;    height: auto;  }  .section-img.small > img {    height: auto;  }  .section-img > img {    width: 100%;    height: 100%;  }  .section-mobile-img {    display: none;    max-width: 100vw;    max-height: 75vw;    height: 450px;    margin: 0 auto;  }  .section-mobile-img > img {    width: 100%;    height: 100%;  }  @media screen and (max-width: 960px) and (orientation: portrait) {    .container {      width: 100%;    }    .container.small {      width: 100%;    }    .section-mobile-img {      display: block;    }    .section-img {      display: none;    }    .section-title {      font-size: 22px;      margin: 10px 0;    }    .section-desc {      margin-top: 10px;    }    .section + .section {      margin-top: 20px;    }  }<\/style><\/head><body><div class=\"container\"><div class=\"logo\"><div class=\"pc-banner\"><div><img decoding=\"async\" src=\"\/vevor\/vevor\/boutique-banner\/pc\/en-pc@1x.jpg\" style=\"width: 100%;\" \/><\/div><\/div><div class=\"m-banner\"><div><img decoding=\"async\" src=\"\/vevor\/vevor\/boutique-banner\/mobile\/en-m@1x.jpg\" style=\"width: 100%;\" \/><\/div><\/div><\/div><div class=\"section-title\">Dro\u0161\u012bba katr\u0101 dzirksteles iedarb\u012bb\u0101, p\u0101rliec\u012bba katr\u0101 metin\u0101jum\u0101<\/div><div class=\"video-section\"><div class=\"video-section-img-pc\"><img decoding=\"async\" src=\"\/vevor\/product\/SMSHJPF6X8YC6LZRZ\/welding-screen-a100-1.4.jpg\" alt=\"VEVOR metin\u0101\u0161anas ekr\u0101ns ar r\u016bpn\u012bc\u0101 izgatavotu r\u0101mi, izce\u013cot aizsardz\u012bbas funkcijas un dzeltenus pane\u013cus.\" \/><\/div><div class=\"video-section-img-m\"><img decoding=\"async\" src=\"\/vevor\/product\/SMSHJPF6X8YC6LZRZ\/welding-screen-a100-1.4-m.jpg\" alt=\"VEVOR metin\u0101\u0161anas ekr\u0101ns ar r\u016bpn\u012bc\u0101 izgatavotu r\u0101mi, izce\u013cot aizsardz\u012bbas funkcijas un dzeltenus pane\u013cus.\" \/><\/div><div class=\"section-desc\">Vai esat gatavs pacelt metin\u0101\u0161anas dro\u0161\u012bbu n\u0101kamaj\u0101 l\u012bmen\u012b? J\u016bs esat \u012bstaj\u0101 viet\u0101! VEVOR 3 pane\u013cu 6 x 8 p\u0113du metin\u0101\u0161anas ekr\u0101ns ar r\u0101mi pied\u0101v\u0101 izcilu liesmas iztur\u012bbu, 6 l\u012bme\u0146u UV aizsardz\u012bbu, stabilu r\u0101mi un 12 x 360\u00b0 rot\u0113jo\u0161us rite\u0146us, padarot to par ide\u0101lu sabiedroto dro\u0161ai darba vietai.<\/div><\/div><div class=\"section\"><div class=\"section-title\"><\/div><div class=\"section-img\"><img decoding=\"async\" src=\"\/vevor\/product\/SMSHJPF6X8YC6LZRZ\/welding-screen-a100-2.2.jpg\" alt=\"12 groz\u0101mi rite\u0146i ar 360\u00b0 rot\u0101ciju \u0113rtai p\u0101rvieto\u0161anai darba viet\u0101 \u2014 VEVOR metin\u0101\u0161anas ekr\u0101ns.\" \/><\/div><div class=\"section-mobile-img\"><img decoding=\"async\" src=\"\/vevor\/product\/SMSHJPF6X8YC6LZRZ\/welding-screen-a100-2.2-m.jpg\" alt=\"12 groz\u0101mi rite\u0146i ar 360\u00b0 rot\u0101ciju \u0113rtai p\u0101rvieto\u0161anai darba viet\u0101 \u2014 VEVOR metin\u0101\u0161anas ekr\u0101ns.\" \/><\/div><div class=\"section-desc\">Ar dizainu, kur\u0101 ir 12 groz\u0101mi rite\u0146i, j\u016bs varat bez piep\u016bles sasniegt 360\u00b0 metin\u0101\u0161anas ekr\u0101na rot\u0101cijas mobilit\u0101ti, savuk\u0101rt 6 rite\u0146i ar bremz\u0113m nodro\u0161ina stabilu novieto\u0161anu st\u0101vviet\u0101, kad tas ir nepiecie\u0161ams.Vairs neuztraucieties par ekr\u0101na izvietojumu, padarot metin\u0101\u0161anas darb\u012bbas \u0113rt\u0101kas.<\/div><\/div><div class=\"section\"><div class=\"section-title\"><\/div><div class=\"section-img\"><img decoding=\"async\" src=\"\/vevor\/product\/SMSHJPF6X8YC6LZRZ\/welding-screen-a100-2.3.jpg\" alt=\"VEVOR metin\u0101\u0161anas ekr\u0101ns ar stabilu met\u0101la r\u0101mja konstrukciju augstai stabilit\u0101tei un atbalstam.\" \/><\/div><div class=\"section-mobile-img\"><img decoding=\"async\" src=\"\/vevor\/product\/SMSHJPF6X8YC6LZRZ\/welding-screen-a100-2.3-m.jpg\" alt=\"VEVOR metin\u0101\u0161anas ekr\u0101ns ar stabilu met\u0101la r\u0101mja konstrukciju augstai stabilit\u0101tei un atbalstam.\" \/><\/div><div class=\"section-desc\">Metin\u0101\u0161anas dro\u0161\u012bba s\u0101kas ar stabilit\u0101ti, un m\u016bsu 3 pane\u013cu met\u0101la r\u0101mja konstrukcija nodro\u0161ina lielisku atbalstu un stabilit\u0101ti. Iztur\u012bgais materi\u0101ls un stabil\u0101 strukt\u016bra efekt\u012bvi nov\u0113r\u0161 sieta apg\u0101\u0161anos vai sabruk\u0161anu, uzlabojot metin\u0101\u0161anas uzdevumu dro\u0161\u012bbu un uzticam\u012bbu.<\/div><\/div><div class=\"section\"><div class=\"section-title\"><\/div><div class=\"section-img\"><img decoding=\"async\" src=\"\/vevor\/product\/SMSHJPF6X8YC6LZRZ\/welding-screen-a100-2.4.jpg\" alt=\"VEVOR metin\u0101\u0161anas ekr\u0101ns ar augstas kvalit\u0101tes, liesmu sl\u0101p\u0113jo\u0161u vinila un ugunsdro\u0161\u012bbas \u012bpa\u0161\u012bb\u0101m.\" \/><\/div><div class=\"section-mobile-img\"><img decoding=\"async\" src=\"\/vevor\/product\/SMSHJPF6X8YC6LZRZ\/welding-screen-a100-2.4-m.jpg\" alt=\"VEVOR metin\u0101\u0161anas ekr\u0101ns ar augstas kvalit\u0101tes, liesmu sl\u0101p\u0113jo\u0161u vinila un ugunsdro\u0161\u012bbas \u012bpa\u0161\u012bb\u0101m.\" \/><\/div><div class=\"section-desc\">M\u016bsu metin\u0101\u0161anas ekr\u0101ns uz rite\u0146iem ir izgatavots no augst\u0101k\u0101s kvalit\u0101tes liesmu iztur\u012bga vinila materi\u0101la, kas paz\u012bstams ar savu izcilo iztur\u012bbu pret ku\u0161anu vai deform\u0101ciju pat augstas temperat\u016bras vid\u0113. Tas efekt\u012bvi nov\u0113r\u0161 liesmas izplat\u012b\u0161anos, iev\u0113rojami uzlabojot metin\u0101\u0161anas dro\u0161\u012bbu.<\/div><\/div><div class=\"section\"><div class=\"section-title\"><\/div><div class=\"section-img\"><img decoding=\"async\" src=\"\/vevor\/product\/SMSHJPF6X8YC6LZRZ\/welding-screen-a100-2.5.jpg\" alt=\"VEVOR metin\u0101\u0161anas maska \u200b\u200bpied\u0101v\u0101 6 l\u012bme\u0146u UV aizsardz\u012bbu, lai aizsarg\u0101tu metin\u0101t\u0101ju vesel\u012bbu un uzlabotu darba efektivit\u0101ti.\" \/><\/div><div class=\"section-mobile-img\"><img decoding=\"async\" src=\"\/vevor\/product\/SMSHJPF6X8YC6LZRZ\/welding-screen-a100-2.5-m.jpg\" alt=\"VEVOR metin\u0101\u0161anas maska \u200b\u200bpied\u0101v\u0101 6 l\u012bme\u0146u UV aizsardz\u012bbu, lai aizsarg\u0101tu metin\u0101t\u0101ju vesel\u012bbu un uzlabotu darba efektivit\u0101ti.\" \/><\/div><div class=\"section-desc\">M\u016bsu 3 pane\u013cu 6 x 8 p\u0113du metin\u0101\u0161anas aizkars ar r\u0101mi, kas ir uzlabots ar 6 l\u012bme\u0146u augst\u0101ko UV aizsardz\u012bbu, samazina kait\u012bgo UV starojumu, aizsarg\u0101jot metin\u0101t\u0101ju redzi no UV apdraud\u0113juma, \u013caujot jums str\u0101d\u0101t ar mieru, netrauc\u0113jot \u017eilbino\u0161ai gaismai.<\/div><\/div><div class=\"section\"><div class=\"section-img\"><img decoding=\"async\" src=\"\/vevor\/product\/SMSHJPF6X8YC6LZRZ\/welding-screen-a100-1.11.jpg\" alt=\"VEVOR metin\u0101\u0161anas ekr\u0101ns, dzeltens, liesmu sl\u0101p\u0113jo\u0161s vinils, 6x8 p\u0113das, ar UV aizsardz\u012bbu, 24 segmenti, 52,2 m\u0101rci\u0146as.\" \/><\/div><div class=\"section-mobile-img\"><img decoding=\"async\" src=\"\/vevor\/product\/SMSHJPF6X8YC6LZRZ\/welding-screen-a100-1.11-m.jpg\" alt=\"VEVOR metin\u0101\u0161anas ekr\u0101ns, dzeltens, liesmu sl\u0101p\u0113jo\u0161s vinils, 6x8 p\u0113das, ar UV aizsardz\u012bbu, 24 segmenti, 52,2 m\u0101rci\u0146as.\" \/><\/div><\/div><\/div><\/body><\/html><\/div>\n<div class=\"DM_at-title\" id=\"js-DM_at-title\"> <div>Produkta specifik\u0101cija<\/div> <i class=\"icon-arrowup_line\"><\/i> <\/div><div class=\"DM_at-goodsDescAttr\" id=\"js-DM_at-goodsDescAttr\"> <div class=\"DM_at-goodsDescAttrInner\"> <dl class=\"goodsDesc_item goodsDesc_item_even\"> <dt>Preces Mode\u013ca Numurs<\/dt> <dd> XU-2318<\/dd> <\/dl> <dl class=\"goodsDesc_item\"> <dt>Kr\u0101sa<\/dt> <dd> Dzeltena<\/dd> <\/dl> <dl class=\"goodsDesc_item goodsDesc_item_even\"> <dt>Aizsardz\u012bbas l\u012bmenis<\/dt> <dd> 6 l\u012bme\u0146u UV aizsardz\u012bba<\/dd> <\/dl> <dl class=\"goodsDesc_item\"> <dt>Galvenais materi\u0101ls<\/dt> <dd> Ugunsdro\u0161s vinils<\/dd> <\/dl> <dl class=\"goodsDesc_item goodsDesc_item_even\"> <dt>Segmentu skaits<\/dt> <dd> 24<\/dd> <\/dl> <dl class=\"goodsDesc_item\"> <dt>Neto Svars<\/dt> <dd> 52,2 m\u0101rci\u0146as \/ 23,7 kg<\/dd> <\/dl> <dl class=\"goodsDesc_item goodsDesc_item_even\"> <dt>Viena ekr\u0101na izm\u0113ri<\/dt> <dd> 6 x 8 p\u0113das<\/dd> <\/dl> <\/div> <\/div>","protected":false},"excerpt":{"rendered":"<ul>\n<li> \u012apa\u0161i liels p\u0101rkl\u0101jums: Ar 3 pane\u013ciem ar lielu, 6\u2032 x 8\u2032 lielu aizsargizm\u0113ru, VEVOR metin\u0101\u0161anas ekr\u0101ns ar r\u0101mi nodro\u0161ina maksim\u0101lu aizsardz\u012bbu j\u016bsu darba vietai un metin\u0101\u0161anas projektiem. Izol\u0113jiet metin\u0101\u0161anas zonu un samaziniet dzirkste\u013cu, \u0161\u013cakatu, UV starojuma un siltuma starojuma ietekmi. <\/li>\n<li> \u0112rta p\u0101rvieto\u0161an\u0101s: 12 x 360\u00b0 rot\u0113jo\u0161ie rite\u0146i (6 no tiem nofiks\u0113jami) nodro\u0161ina lielisku mobilit\u0101ti, \u013caujot p\u0101rvietot 3 pane\u013cu metin\u0101\u0161anas aizkaru ekr\u0101nus uz v\u0113lamo vietu. 6 no rite\u0146iem ir apr\u012bkoti ar uzticam\u0101m bremz\u0113m \u0101tras aptur\u0113\u0161anas funkcijai, kas \u013cauj br\u012bvi nofiks\u0113t ekr\u0101nu un notur\u0113t to stabili viet\u0101. <\/li>\n<li> Izcils ugunsiztur\u012bbas un stabils r\u0101mis: m\u016bsu metin\u0101\u0161anas aizkars, kas izgatavots no augst\u0101k\u0101s kvalit\u0101tes liesmas iztur\u012bga vinila, pied\u0101v\u0101 izcilu ugunsiztur\u012bbu, hidroizol\u0101ciju un iztur\u012bbu. Apvienojum\u0101 ar stabilu met\u0101la r\u0101mi, lai nov\u0113rstu apg\u0101\u0161anos, tas ir j\u016bsu galvenais vairogs pret dzirkstel\u0113m un \u0161\u013cakat\u0101m. <\/li>\n<li> Izcila UV aizsardz\u012bba: Atvadieties no kait\u012bgajiem UV stariem! M\u016bsu liesmu iztur\u012bgais vinila metin\u0101\u0161anas aizsargsiets ietver 6 l\u012bme\u0146u izcilu UV aizsardz\u012bbu, samazinot starojumu un aizsarg\u0101jot j\u016bsu redzi un \u0101du. Iztur\u012bgs, stabils, p\u0101rvietojams un viegli uzst\u0101d\u0101ms ar komplekt\u0101 iek\u013cautaj\u0101m met\u0101la cilp\u0101m. <\/li>\n<li> Esiet dro\u0161\u012bb\u0101 un aizsarg\u0101ti: Ne\u013caujiet augstai temperat\u016brai, dzirkstel\u0113m, izkaus\u0113tam met\u0101lam vai \u0161\u013cakat\u0101m ietekm\u0113t j\u016bsu darbu. VEVOR 3 pane\u013cu dro\u0161\u012bbas metin\u0101\u0161anas aizkari ar r\u0101mi ir izstr\u0101d\u0101ti, lai nodro\u0161in\u0101tu optim\u0101lu un pla\u0161u aizsardz\u012bbu metin\u0101\u0161anas darbn\u012bc\u0101s, automa\u0161\u012bnu p\u0101rbaud\u0113s, ku\u0123u b\u016bv\u0113tav\u0101s, r\u016bpniec\u012bbas objektos un citur. <\/li>\n<\/ul>","protected":false},"featured_media":293678,"comment_status":"closed","ping_status":"open","template":"","meta":{"om_disable_all_campaigns":false,"_monsterinsights_skip_tracking":false,"_monsterinsights_sitenote_active":false,"_monsterinsights_sitenote_note":"","_monsterinsights_sitenote_category":0,"_uf_show_specific_survey":0,"_uf_disable_surveys":false},"location":[1935,1934],"product_brand":[21],"product_cat":[2374,2468,2470,2930,2469],"product_tag":[],"class_list":{"0":"post-33285","1":"product","2":"type-product","3":"status-publish","4":"has-post-thumbnail","6":"location-supplier_stock_location","7":"location-local_stock_location","8":"product_brand-vevor","9":"product_cat-tools","10":"product_cat-welding-soldering","11":"product_cat-welding-accessories","12":"product_cat-welding-curtain","13":"product_cat-welding-supplies-welding-soldering","15":"first","16":"instock","17":"taxable","18":"shipping-taxable","19":"purchasable","20":"product-type-simple"},"aioseo_notices":[],"jetpack_sharing_enabled":true,"locations":[{"id":1935,"name":"Pieg\u0101d\u0101ja noliktav\u0101 (5-7dd.d)","slug":"supplier_stock_location","quantity":"16"},{"id":1934,"name":"R\u012bgas veikal\u0101 (0-2d.d.)","slug":"local_stock_location","quantity":"0"}],"_links":{"self":[{"href":"https:\/\/vevorshop.lv\/lv\/wp-json\/wp\/v2\/product\/33285","targetHints":{"allow":["GET"]}}],"collection":[{"href":"https:\/\/vevorshop.lv\/lv\/wp-json\/wp\/v2\/product"}],"about":[{"href":"https:\/\/vevorshop.lv\/lv\/wp-json\/wp\/v2\/types\/product"}],"replies":[{"embeddable":true,"href":"https:\/\/vevorshop.lv\/lv\/wp-json\/wp\/v2\/comments?post=33285"}],"wp:featuredmedia":[{"embeddable":true,"href":"https:\/\/vevorshop.lv\/lv\/wp-json\/wp\/v2\/media\/293678"}],"wp:attachment":[{"href":"https:\/\/vevorshop.lv\/lv\/wp-json\/wp\/v2\/media?parent=33285"}],"wp:term":[{"taxonomy":"location","embeddable":true,"href":"https:\/\/vevorshop.lv\/lv\/wp-json\/wp\/v2\/location?post=33285"},{"taxonomy":"product_brand","embeddable":true,"href":"https:\/\/vevorshop.lv\/lv\/wp-json\/wp\/v2\/product_brand?post=33285"},{"taxonomy":"product_cat","embeddable":true,"href":"https:\/\/vevorshop.lv\/lv\/wp-json\/wp\/v2\/product_cat?post=33285"},{"taxonomy":"product_tag","embeddable":true,"href":"https:\/\/vevorshop.lv\/lv\/wp-json\/wp\/v2\/product_tag?post=33285"}],"curies":[{"name":"wp","href":"https:\/\/api.w.org\/{rel}","templated":true}]}}