{"id":33371,"date":"2024-11-18T23:00:07","date_gmt":"2024-11-18T23:00:07","guid":{"rendered":"http:\/\/vevorshop.edigo.lv\/Prece\/vevor-greenhouse-plastic-sheeting-25-x-25-ft-6-mil-thickness-clear-greenhouse-film-polyethylene-film-4-year-uv-resistant-for-gardening-farming-agriculture-garden\/"},"modified":"2026-03-09T18:00:08","modified_gmt":"2026-03-09T16:00:08","slug":"vevor-greenhouse-plastic-sheeting-25-x-25-ft-6-mil-thickness-clear-greenhouse-film-polyethylene-film-4-year-uv-resistant-for-gardening-farming-agriculture-garden","status":"publish","type":"product","link":"https:\/\/vevorshop.lv\/lv\/Prece\/vevor-siltumnicu-plastmasas-pleve-10-x-40-pedas-6-mil-biezums-caurspidiga-siltumnicas-pleve-polietilena-pleve-4-gadus-izturiga-pret-uv-starojumu-darzkopibai-lauksaimniecibai-darzam-2\/","title":{"rendered":"VEVOR caursp\u012bd\u012bga siltumn\u012bcas pl\u0113ve 7,6 x 7,6 m, 150 mikroni, PE p\u0101rkl\u0101jums, UV iztur\u012bga l\u012bdz 4 gadiem, d\u0101rzkop\u012bbai un lauksaimniec\u012bbai"},"content":{"rendered":"<div style=\"color: #fff!important; font-size: 16px; height: 24px; line-height: 24px; margin-top: -24px; \" class=\"product_original_name\">VEVOR Caursp\u012bd\u012bga Siltumn\u012bcas Plastmasas Pl\u0113ve 7.62 x 7.62 m (25 x 25 ft), 6 Mil Biezums, 4 Gadu UV Iztur\u012bga Polietil\u0113na Pl\u0113ve D\u0101rzkop\u012bbai un Lauksaimniec\u012bbai<\/div>\n<div style=\"color: #fff!important; font-size: 16px; height: 24px; line-height: 24px; margin-top: -24px; \" class=\"product_sku\">M4I4L536<\/div>\n<div style=\"color: #fff!important; font-size: 16px; height: 24px; line-height: 24px; margin-top: -24px; \" class=\"product_mpn\">TMWSM2525YCTVR8ESV0<\/div><div id=\"js-DM_at-goodDescRich\"><html><head><style>  body {    font-family: Arial;    line-height: 1.5;    color: #1c1c1c;    overflow-x: hidden;    margin: 0;    padding: 0;  }  .MsoNormal b {    font-weight: bolder;  }<\/style><style>  .container.small {    width: 970px;    margin: 0 auto;  }  .logo {    margin: 0 auto 0;  }  .logo img {    display: block;    margin: 0 auto;    max-width: 100%;  }  .logo .pc-banner {    display: block;    width: 1200px;    height: 247.4px;    margin: 0 auto;  }  .logo .pc-banner.small {    width: 970px;  }  .logo .pc-banner.small img {    height: auto!important;  }  .logo .m-banner {    display: none;  }  .ytvideo {    position: relative;    height: 546px;    width: 100%;    margin: 0 auto;  }  .ytvideo img {    width: 100%;    margin: 0 auto;  }  .ytvideo .play-btn {    width: 60px;    height: 42px;    position: absolute;    top: 50%;    left: 50%;    transform: translate(-50%, -50%);    background: url(\"data:image\/png;base64,iVBORw0KGgoAAAANSUhEUgAAAGQAAABGCAMAAAANWMFbAAAC+lBMVEUAAADBGB3kLCfBGB3kLCfcJC7BFx3KKSbiKybkLCbWJCPSIiLSIiLPICHAFx3kLCfgKSXNHiDZJiTIGx\/p4eHcjo7LHSDbJyTkLCbjKyfOHyHPIiL28fHJHB\/GGh7EGR7eKCXDGB3RISHlLSbBGB3AFxzGHB7DGB7BGB3hKybkKybAFx3lLCfAFxzDGR3hKibDGB7cJyTmz8\/elJTlwcHjurrUIyLlLSflLSfAFx3DGR7lLSfCFx3hKibhKibhKybjKybkLCblLSfbJSX49vbx7e3NNzjNMTLMJyjVIyLZf3\/ZQ0LaeHjx0tLgoqLkLCfCGB3HGx\/BGB3BFx3PICHCGB7WJCLOHyC\/Fxy\/Fx3lLCfQISHkLSe\/FxzbJiTBFx3FGx\/AGB7BFx3EGR7AGB3HHSDfKiXAFh3TISHYNzbhKibbJyTTIiL57e325+f039\/v2NjUV1fOHiHiqanfmprch4feKSXVIyPOICHmLibFGh\/mLSe\/Fx7XJCPeKSXXJSPNHyHaJyTGGh7lLCbmLCflLSjSIiLkLCbdKSXLHiC\/GB3KHh++Fh3lKyfoLiXcKCPkx8fYb2\/XaGfVXl3aU1LLHiDksbHgKibPICHbJyTfKSXbJyTCGB3KHSDiKybFGh7TIiL\/\/\/\/VIyPRISHIHB\/GGx\/HHB\/DGR7gKibdKCXLHiDZJiTMHiDNHyHYJSTOICHPICHWJCPcKCXXJSPjLCblLCf+\/f3NGR\/uLijzLynPGR\/IGB7WISHaIyLLGh7UAADxLynNAADRLzDbICLQAADIAAD3MCrUHSHXMTDpKSbLAADp5OTij4\/ejo\/VLy\/1LyngJSTcJCPQHx\/OHB7+\/PzaMS\/OLS\/vLijrLSjSAADaNTPwLyjkKSbNJCbYISHPHB\/KGB7WAAD7+vrn3d3aKynTKCjoLCfsKifRGh\/YAADq5+fhjo7QNDXXKCfmJyXt5+fTLzDLLi\/QKivYHRvMGBrQJCXLISPMExXLDxLaEAvkkI\/bOTfaFQ\/SCgpvLcnHAAAAmnRSTlMA+vv7+gT9Bvf9+8z8\/NSv\/Pr5+P7++vnQIBMP\/v38\/Pn348XDiCYf9OjbzcqxXVcx\/fz8+\/rj1r2poo1+fXFqX0orGP7+\/v7+\/fz8+\/r68uzn4trIxsG\/vri3p6GcmZSNbWVYUUZEPQv+\/f39+\/v7+\/v7+vr64tvV1NTTz87FtbSurqeblJKFg4B3bUY+NjL7+\/v7+\/v67t1cDo8JLQAABkRJREFUWMO0kz9rwkAYh0OIeJkum6YugUAhISCdKoj\/P4C7SMdS+gEKIhSKil10LSg4mzXkILdlEpxCpwTiWOLX6BujvQaEQuGeHLnL+\/64J+SIcKGYTYWnntpdLjrVdqvZmNdn0+EE40GtpuuWVS6Xx6N7YDSGpWXpeq02wHgynM7q80az1a52HpddtVcpsi1zFARBrdaxbhp9iUReTGmwA4KAAr7vx3EYejnCMI6hQYEgy0LQi4jUN0wL19vqFcUC9\/1dAKmEEFkWRYkh5oBejnxQJiSJPJ\/uKBp0Thszx9Mw8hMRIQjKsptCfuES9zr5WJY6vSFCIvE9fCMUmEM1A1kSXcYGxgVYsvI1IPKTZciSTI0us\/SMGG04gDzELDoFBwdcFJrF88dqgYMTiL6DILWYyfOWE8\/kIz38olCNlC03FK95+imxp6y4oUSvAnBjHHhKNtotSDqJzVFiK8c2SBqhZtsrTtgrLXwAyduxZHNE26eHUt5rtuM4WSmds3G+sUdWYo1L+XyxButoh5eKUHk5lByO3G1LqqCWVnfrv\/lyPtf\/4ps1cndNGIri8J1TJ0lx6dR\/oPjq1nbRwdp2dCk4CtIOLW3pVKRL6WZfS5vF2KkIQhpwSsjiYIgNCs1gEMGqiIq24NQX9NwoXFy8Ufrl3twTcg4fv8T9\/JBEySduj6Mjm4bMzYV7EEOxKjjoNDud7yY3Dy71Hq2oLmqfbNR723edH9PgMrNL2utoQ3VmaIDkiw\/4w51P06hlZsTZvkRrbVuSIs\/zwSOsycgzStQouoAkWQqioRT5XI7n2Z1wfVhoZmcAJLsoqjqpjbWCgpOAJXBwHK8PzWbNvoUZJND5wCnSkLAkZ1legx6vqQzjoiTahKlGUGLAiIIoABOHaNVw4sexZBym6\/HWlH5h3IC7yRbxtipcWxdTOkORKiNQAEkFf66x5S2oeRbroOlLgg0sSYkR0hRGEqJZ0jTPiQKatESdBckpWigxaapEH0lImHdWu9pUFF2XqMNM2Z4kped7IwEJw2qabwtrQqnpw6HyKkgcadKWsmpywwesDyIhYRpdzXddqegtGIJlXbAIUMOLkGxJUjRIkokwjUaX9d\/kK62ps\/tYUqZLIMkLTyBhsMZ3C5Z\/kDxOSCb\/DOs\/\/J0qcWSX\/2ipe56EgTCA4\/cB7NAYOsni4mZM1MUPAISoEwkDi4lhVBQ1cWQyIcwalw4EpqZN68JUSK7XC0kTlkLYii5uXSC8jT5ncCAS7mjCv0uHp\/3lueHEEAeQ\/\/VgmdN71\/2uCSA1Xr6DO6uI6sW56zqT2tp2PhgiRUAajV8CY2fkcz6WGNKMgLAt7tJAhD4YHMTeRxlALE6+43WqjSWi8ITxyJl8WrwWSNESQZZOqhDDntO3hJLsd5RtSpbJqdv3YrDJH3F7jL1R2O2aQkn2MyCyKYz0GPGIvSAMgBCrCEiJyKbBaYGwLW4uPRr0A0M4Ux5kUI7IBh+hMdiCEWNqhMZGyYMsOgNE58UQuEQeUnSWCMYwL54hkxK6IoqucQZbQ3pc3XtL0lky1dL0zZJJDpWJovFqpWj6JEHnyam2eQp5QRVAVHjWparTOaVwUOx99YS2MvgxIGV0bb+qIg2HX2qkFFJB+XZcbLiuRkuxD9GRroKyveLxdh4d7Orx+hb7qc3uVRuEogCOnyIxm4ubUoPgF4jianDrC+SDQDKEfJb0GUKmjCGPYHGJvVC6X4hw1\/sAfQAdfYyephIaspXe36RwOP+Ljvfx9B6B3i+Nk0DGq+oCbLn6JpBa9nWAveAIHwFAwtVcIJXPMPL8kRu5OAYPMaL1WScTxjiZDqB9LTJSWphow\/pTYKRTLjCBhvi9iBidvKcDasGSm0QQkycYuLBqj6QCELPctqChDWpTRMWkngNNpQ1Pfp1KkiT\/Y0DGffXAweUNfLAfaJFKDwhb6I+bkYRbkERoEeu3Fyjg2opMz2daZCS9jt6Q7txNfB+OZEVF6Zl5web2xunnLQrtrjXseXKaFYziYINeMFZVxS9VxRhOoesYwxPKXm+gWLG9cuFeq93UNNeJNsf1KlwuDok9n02n3TgIJpOxNfL9naIoQwXtfH9kjceTIIi709ncTg6LZbg+biLH1V6u\/7rxBem06VXKn9raAAAAAElFTkSuQmCC\")      no-repeat center center \/ contain;  }  @media screen and (max-width: 960px) and (orientation: portrait) {    .logo {      width: 100%;    }    .logo .pc-banner {      display: none;    }    .logo .m-banner {      display: block;      width: 100%;    }    .logo .m-banner img {      height: auto!important;    }    .ytvideo {      height: 200px;      width: 100%;    }  }<\/style><style>  .video-section {    width: 100%;    margin: 0 auto;  }  .video-section > img {    width: 100%;  }  .video-section iframe,  .video-section video {    width: 100%;    height: 100%;      }  .video-section-img-m,  .video-section-img-pc > img {    width: 100%;    height: auto;  }  .video-section-img-pc.small > img {    width: 970px;  }  .video-desc {    line-height: 1.5;    font-size: 20px;    font-weight: 400;    margin: 20px 0;    text-align: center;    color: #0f1111;    word-break: break-word;  }  @media screen and (max-width: 960px) and (orientation: portrait) {    .video-section {      width: 100%;    }    .video-section-pc,    .video-section-img-pc {      display: none;    }    .video-section-m,    .video-section-img-m {      display: block;    }    .video-desc {      font-size: 15px;    }  }  @media screen and (min-width: 960px) {    .video-section {      width: 100%;      margin: 0 auto;    }    .video-section-pc,    .video-section-img-pc {      display: block;    }    .video-section-m,    .video-section-img-m {      display: none;    }    .video-desc {      font-size: 20px;    }  }<\/style><style>  .section + .section {    margin-top: 35px;  }  .section-title {    text-align: center;    font-weight: bold;    color: #0d1111;    font-family: \"Arial\";    font-size: 32px;    margin: 15px 0;  }  .section-title:empty {    display: none;  }  .section-desc {    text-align: center;    font-weight: normal;    color: #0d1111;    margin-top: 20px;  }  .section-desc:empty {    display: none;  }  .section-img {    width: 1200px;    height: 492px;    margin: 0 auto;    display: block;  }  .section-img.small {    width: 970px;    height: auto;  }  .section-img.small > img {    height: auto;  }  .section-img > img {    width: 100%;    height: 100%;  }  .section-mobile-img {    display: none;    max-width: 100vw;    max-height: 75vw;    height: 450px;    margin: 0 auto;  }  .section-mobile-img > img {    width: 100%;    height: 100%;  }  @media screen and (max-width: 960px) and (orientation: portrait) {    .container {      width: 100%;    }    .container.small {      width: 100%;    }    .section-mobile-img {      display: block;    }    .section-img {      display: none;    }    .section-title {      font-size: 22px;      margin: 10px 0;    }    .section-desc {      margin-top: 10px;    }    .section + .section {      margin-top: 20px;    }  }<\/style><\/head><body><div class=\"container\"><div class=\"logo\"><div class=\"pc-banner\"><div><img decoding=\"async\" src=\"\/vevor\/vevor\/boutique-banner\/pc\/en-pc@1x.jpg\" style=\"width: 100%;\" \/><\/div><\/div><div class=\"m-banner\"><div><img decoding=\"async\" src=\"\/vevor\/vevor\/boutique-banner\/mobile\/en-m@1x.jpg\" style=\"width: 100%;\" \/><\/div><\/div><\/div><div class=\"section-title\">Izveidojiet perfektu st\u0101d\u012b\u0161anas vidi ar m\u016bsu caursp\u012bd\u012bgo siltumn\u012bcas pl\u0113vi!<\/div><div class=\"video-section\"><div class=\"video-section-img-pc\"><img decoding=\"async\" src=\"\/vevor\/product\/TMWSM2525YCTVR8ES\/farm-plastic-supply-a100-1.4.jpg\" alt=\"VEVOR siltumn\u012bcas plastmasas pl\u0113ve: pl\u012bsto\u0161a, noveco\u0161an\u0101s iztur\u012bga, iztur\u012bga lauksaimniec\u012bbas plastmasa skarbajiem laikapst\u0101k\u013ciem.\" \/><\/div><div class=\"video-section-img-m\"><img decoding=\"async\" src=\"\/vevor\/product\/TMWSM2525YCTVR8ES\/farm-plastic-supply-a100-1.4-m.jpg\" alt=\"VEVOR siltumn\u012bcas plastmasas pl\u0113ve: pl\u012bsto\u0161a, noveco\u0161an\u0101s iztur\u012bga, iztur\u012bga lauksaimniec\u012bbas plastmasa skarbajiem laikapst\u0101k\u013ciem.\" \/><\/div><div class=\"section-desc\">Izgatavots no augstas kvalit\u0101tes 6MIL polietil\u0113na materi\u0101la, m\u016bsu siltumn\u012bcas plastmasas pl\u0113ve nodro\u0161ina ilgsto\u0161u iztur\u012bbu, lai iztur\u0113tu skarbos laikapst\u0101k\u013cus. UV starojuma iztur\u012bgas \u012bpa\u0161\u012bbas pasarg\u0101 augus no kait\u012bgajiem stariem. \u0112rts ru\u013c\u013cu iepakojums \u0113rtai lieto\u0161anai un uzglab\u0101\u0161anai.<\/div><\/div><div class=\"section\"><div class=\"section-title\"><\/div><div class=\"section-img\"><img decoding=\"async\" src=\"\/vevor\/product\/TMWSM2525YCTVR8ES\/farm-plastic-supply-a100-2.2.jpg\" alt=\"UV starojuma iztur\u012bga siltumn\u012bca ar VEVOR siltumn\u012bcas plastmasas pl\u0113ves p\u0101rkl\u0101jumu tie\u0161os saules staros, nodro\u0161inot caursp\u012bd\u012bgumu.\" \/><\/div><div class=\"section-mobile-img\"><img decoding=\"async\" src=\"\/vevor\/product\/TMWSM2525YCTVR8ES\/farm-plastic-supply-a100-2.2-m.jpg\" alt=\"UV starojuma iztur\u012bga siltumn\u012bca ar VEVOR siltumn\u012bcas plastmasas pl\u0113ves p\u0101rkl\u0101jumu tie\u0161os saules staros, nodro\u0161inot caursp\u012bd\u012bgumu.\" \/><\/div><div class=\"section-desc\">M\u016bsu siltumn\u012bcas plastmasas pl\u0113ve, kurai piem\u012bt pret UV starojumu v\u0113rstas \u012bpa\u0161\u012bbas, efekt\u012bvi aizsarg\u0101 augus no UV starojuma boj\u0101jumiem, saglab\u0101jot caursp\u012bd\u012bgumu l\u012bdz pat 4 gadiem un nodro\u0161inot ilg\u0101ku kalpo\u0161anas laiku.<\/div><\/div><div class=\"section\"><div class=\"section-title\"><\/div><div class=\"section-img\"><img decoding=\"async\" src=\"\/vevor\/product\/TMWSM2525YCTVR8ES\/farm-plastic-supply-a100-2.3.jpg\" alt=\"VEVOR siltumn\u012bcas plastmasas pl\u0113ve virs augiem, kas veicina vienm\u0113r\u012bgu gaismas sadal\u012bjumu un augu aug\u0161anu.\" \/><\/div><div class=\"section-mobile-img\"><img decoding=\"async\" src=\"\/vevor\/product\/TMWSM2525YCTVR8ES\/farm-plastic-supply-a100-2.3-m.jpg\" alt=\"VEVOR siltumn\u012bcas plastmasas pl\u0113ve virs augiem, kas veicina vienm\u0113r\u012bgu gaismas sadal\u012bjumu un augu aug\u0161anu.\" \/><\/div><div class=\"section-desc\">Ar 90% gaismas caurlaid\u012bbu tas nodro\u0161ina pietiekamu saules gaismu, veicinot fotosint\u0113zi un palielinot aug\u0161anas \u0101trumu un ra\u017eu. 20% izklied\u0113t\u0101 gaisma vienm\u0113r\u012bgi izklied\u0113 gaismu, nov\u0113r\u0161ot p\u0101rm\u0113r\u012bgu koncentr\u0101ciju un saules apdegumus uz augiem, nodro\u0161inot vienm\u0113r\u012bgu apgaismojumu.<\/div><\/div><div class=\"section\"><div class=\"section-title\"><\/div><div class=\"section-img\"><img decoding=\"async\" src=\"\/vevor\/product\/TMWSM2525YCTVR8ES\/farm-plastic-supply-a100-2.4.jpg\" alt=\"VEVOR siltumn\u012bcas plastmasas pl\u0113ves grie\u0161ana, demonstr\u0113jot viengabala dizainu un vietu taupo\u0161u uzglab\u0101\u0161anu.\" \/><\/div><div class=\"section-mobile-img\"><img decoding=\"async\" src=\"\/vevor\/product\/TMWSM2525YCTVR8ES\/farm-plastic-supply-a100-2.4-m.jpg\" alt=\"VEVOR siltumn\u012bcas plastmasas pl\u0113ves grie\u0161ana, demonstr\u0113jot viengabala dizainu un vietu taupo\u0161u uzglab\u0101\u0161anu.\" \/><\/div><div class=\"section-desc\">Siltumn\u012bcas plastmasu var br\u012bvi sagriezt atbilsto\u0161i j\u016bsu vajadz\u012bb\u0101m. Kompaktais iepakojums atvieglo p\u0101rn\u0113s\u0101\u0161anu un uzglab\u0101\u0161anu.<\/div><\/div><div class=\"section\"><div class=\"section-title\"><\/div><div class=\"section-img\"><img decoding=\"async\" src=\"\/vevor\/product\/TMWSM2525YCTVR8ES\/farm-plastic-supply-a100-2.5.jpg\" alt=\"Daudzfunkcion\u0101la VEVOR siltumn\u012bcas plastmasas pl\u0113ve pu\u0137u, d\u0101rze\u0146u audz\u0113\u0161anai, lauku noseg\u0161anai, pagalma saules aizsardz\u012bbai.\" \/><\/div><div class=\"section-mobile-img\"><img decoding=\"async\" src=\"\/vevor\/product\/TMWSM2525YCTVR8ES\/farm-plastic-supply-a100-2.5-m.jpg\" alt=\"Daudzfunkcion\u0101la VEVOR siltumn\u012bcas plastmasas pl\u0113ve pu\u0137u, d\u0101rze\u0146u audz\u0113\u0161anai, lauku noseg\u0161anai, pagalma saules aizsardz\u012bbai.\" \/><\/div><div class=\"section-desc\">Pateicoties sp\u0113c\u012bgajai pl\u012bsuma iztur\u012bbai, t\u0101 iztur \u0101ra vides spiedienu, nodro\u0161inot j\u016bsu augu labu aizsardz\u012bbu. Uzlabojiet savu d\u0101rzkop\u012bbas pieredzi ar m\u016bsu iztur\u012bgo siltumn\u012bcas pl\u0113vi!<\/div><\/div><div class=\"section\"><div class=\"section-img\"><img decoding=\"async\" src=\"\/vevor\/product\/TMWSM2525YCTVR8ES\/farm-plastic-supply-a100-1.11.jpg\" alt=\"VEVOR siltumn\u012bcas plastmasas pl\u0113ve 6 mil, caursp\u012bd\u012bga, PE, 25 \u00d7 25 p\u0113das, 17,6 m\u0101rci\u0146as, modelis yfsg2525.\" \/><\/div><div class=\"section-mobile-img\"><img decoding=\"async\" src=\"\/vevor\/product\/TMWSM2525YCTVR8ES\/farm-plastic-supply-a100-1.11-m.jpg\" alt=\"VEVOR siltumn\u012bcas plastmasas pl\u0113ve 6 mil, caursp\u012bd\u012bga, PE, 25 \u00d7 25 p\u0113das, 17,6 m\u0101rci\u0146as, modelis yfsg2525.\" \/><\/div><\/div><\/div><\/body><\/html><\/div>\n<div class=\"DM_at-title\" id=\"js-DM_at-title\"> <div>Produkta specifik\u0101cija<\/div> <i class=\"icon-arrowup_line\"><\/i> <\/div><div class=\"DM_at-goodsDescAttr\" id=\"js-DM_at-goodsDescAttr\"> <div class=\"DM_at-goodsDescAttrInner\"> <dl class=\"goodsDesc_item goodsDesc_item_even\"> <dt>Preces Mode\u013ca Numurs<\/dt> <dd> YFSG2525<\/dd> <\/dl> <dl class=\"goodsDesc_item\"> <dt>Kr\u0101sa<\/dt> <dd> Caursp\u012bd\u012bgs<\/dd> <\/dl> <dl class=\"goodsDesc_item goodsDesc_item_even\"> <dt>Biezums<\/dt> <dd> 6 t\u016bksto\u0161i<\/dd> <\/dl> <dl class=\"goodsDesc_item\"> <dt>Galvenais materi\u0101ls<\/dt> <dd> PE<\/dd> <\/dl> <dl class=\"goodsDesc_item goodsDesc_item_even\"> <dt>Svars<\/dt> <dd> 8 kg\/17,6 m\u0101rci\u0146as<\/dd> <\/dl> <dl class=\"goodsDesc_item\"> <dt>Atloc\u012bts izm\u0113rs<\/dt> <dd> 25 \u00d7 25 p\u0113das<\/dd> <\/dl> <\/div> <\/div>","protected":false},"excerpt":{"rendered":"<ul>\n<li> Iztur\u012bgs &amp; Ilgsto\u0161s: Izgatavots no augstas kvalit\u0101tes polietil\u0113na, m\u016bsu caursp\u012bd\u012bg\u0101 siltumn\u012bcas pl\u0113ve lepojas ar ilgsto\u0161u veiktsp\u0113ju, izturot skarbos laika apst\u0101k\u013cus, tie\u0161us saules starus un lietus 6 MIL biezums nodro\u0161ina uzticamu aizsardz\u012bbu \u0101rpus telp\u0101m, veicinot vesel\u012bgu augu aug\u0161anu. <\/li>\n<li> UV iztur\u012bgs: M\u016bsu siltumn\u012bcas plastmasas pl\u0113ve ar noveco\u0161an\u0101s iztur\u012bgiem UV materi\u0101liem nodro\u0161ina stabilit\u0101ti saules gaism\u0101 l\u012bdz pat 4 gadiem, pasarg\u0101jot j\u016bsu augus no kait\u012bgajiem UV stariem. <\/li>\n<li> Vienm\u0113r\u012bgs gaismas sadal\u012bjums: Siltumn\u012bcas plastmasa ar 90% gaismas caurlaid\u012bbu veicina fotosint\u0113zi un pa\u0101trina augu aug\u0161anu. 20% izklied\u0113t\u0101 gaisma vienm\u0113r\u012bgi izklied\u0113jas, nov\u0113r\u0161ot augu apdegumus saules apdegumos un atbalstot augu att\u012bst\u012bbu. <\/li>\n<li> \u0112rts ru\u013c\u013ca iepakojums: 25 x 25 p\u0113du siltumn\u012bcas plastmasas p\u0101rsegs tiek pieg\u0101d\u0101ts vien\u0101 rull\u012b, padarot grie\u0161anu vieglu un bez krok\u0101m. Tas ir p\u0101rn\u0113s\u0101jams, viegli uzglab\u0101jams un piel\u0101gojams lieto\u0161anai saimniec\u012bb\u0101. <\/li>\n<li> Daudzpus\u012bgs pielietojums: Aizsarg\u0101jiet savus augus no \u0101rk\u0101rt\u0113ja karstuma, stipra lietus, sala, aukstuma un stipra v\u0113ja. \u0160is siltumn\u012bcas plastmasas rullis ir lieliski piem\u0113rots saules aizsardz\u012bbai un putek\u013cu necaurlaid\u012bg\u0101m sien\u0101m d\u0101rzos un pagalmos. Padariet savu d\u0101rzkop\u012bbas pieredzi lab\u0101ku ar m\u016bsu uzticamo lauksaimniec\u012bbas plastmasas pieg\u0101di! <\/li>\n<\/ul>","protected":false},"featured_media":293810,"comment_status":"closed","ping_status":"open","template":"","meta":{"om_disable_all_campaigns":false,"_monsterinsights_skip_tracking":false,"_monsterinsights_sitenote_active":false,"_monsterinsights_sitenote_note":"","_monsterinsights_sitenote_category":0,"_uf_show_specific_survey":0,"_uf_disable_surveys":false},"location":[1935,1934],"product_brand":[21],"product_cat":[3132,2370,3131,2365],"product_tag":[],"class_list":{"0":"post-33371","1":"product","2":"type-product","3":"status-publish","4":"has-post-thumbnail","6":"location-supplier_stock_location","7":"location-local_stock_location","8":"product_brand-vevor","9":"product_cat-clear-greenhouse-film","10":"product_cat-garden-center","11":"product_cat-greenhouses","12":"product_cat-outdoors","14":"first","15":"outofstock","16":"taxable","17":"shipping-taxable","18":"purchasable","19":"product-type-simple"},"aioseo_notices":[],"jetpack_sharing_enabled":true,"locations":[{"id":1935,"name":"Pieg\u0101d\u0101t\u0101ja noliktav\u0101 (5-7d.d.)","slug":"supplier_stock_location","quantity":"0"},{"id":1934,"name":"R\u012bgas veikal\u0101 (0-2d.d.)","slug":"local_stock_location","quantity":"0"}],"_links":{"self":[{"href":"https:\/\/vevorshop.lv\/lv\/wp-json\/wp\/v2\/product\/33371","targetHints":{"allow":["GET"]}}],"collection":[{"href":"https:\/\/vevorshop.lv\/lv\/wp-json\/wp\/v2\/product"}],"about":[{"href":"https:\/\/vevorshop.lv\/lv\/wp-json\/wp\/v2\/types\/product"}],"replies":[{"embeddable":true,"href":"https:\/\/vevorshop.lv\/lv\/wp-json\/wp\/v2\/comments?post=33371"}],"wp:featuredmedia":[{"embeddable":true,"href":"https:\/\/vevorshop.lv\/lv\/wp-json\/wp\/v2\/media\/293810"}],"wp:attachment":[{"href":"https:\/\/vevorshop.lv\/lv\/wp-json\/wp\/v2\/media?parent=33371"}],"wp:term":[{"taxonomy":"location","embeddable":true,"href":"https:\/\/vevorshop.lv\/lv\/wp-json\/wp\/v2\/location?post=33371"},{"taxonomy":"product_brand","embeddable":true,"href":"https:\/\/vevorshop.lv\/lv\/wp-json\/wp\/v2\/product_brand?post=33371"},{"taxonomy":"product_cat","embeddable":true,"href":"https:\/\/vevorshop.lv\/lv\/wp-json\/wp\/v2\/product_cat?post=33371"},{"taxonomy":"product_tag","embeddable":true,"href":"https:\/\/vevorshop.lv\/lv\/wp-json\/wp\/v2\/product_tag?post=33371"}],"curies":[{"name":"wp","href":"https:\/\/api.w.org\/{rel}","templated":true}]}}