{"id":33590,"date":"2024-11-18T23:12:09","date_gmt":"2024-11-18T23:12:09","guid":{"rendered":"http:\/\/vevorshop.edigo.lv\/Prece\/vevor-heavy-duty-aluminum-truck-bed-tool-box-diamond-plate-tool-box-with-side-handle-and-lock-keys-storage-tool-box-chest-box-organizer-for-pickup-truck-bed-rv-trailer-30x13x9-6-silver\/"},"modified":"2026-04-06T18:49:22","modified_gmt":"2026-04-06T15:49:22","slug":"vevor-heavy-duty-aluminum-truck-bed-tool-box-diamond-plate-tool-box-with-side-handle-and-lock-keys-storage-tool-box-chest-box-organizer-for-pickup-truck-bed-rv-trailer-30x13x9-6-silver","status":"publish","type":"product","link":"https:\/\/vevorshop.lv\/lv\/Prece\/vevor-lieljaudas-aluminija-kravas-automasinas-gultas-instrumentu-kaste-dimanta-plaksnes-instrumentu-kaste-ar-sanu-rokturi-un-atslegu-atslegam-instrumentu-glabasanas-kastes-lades-kastes-organizators-pi\/","title":{"rendered":"VEVOR Iztur\u012bga Alum\u012bnija Kravas Auto Instrumentu Kaste, 76.2x33x24.4 cm, Sl\u0113dzama \u016adensiztur\u012bga Glab\u0101tuve Pikapiem\/RV\/Piekab\u0113m"},"content":{"rendered":"<div style=\"color: #fff!important; font-size: 16px; height: 24px; line-height: 24px; margin-top: -24px; \" class=\"product_original_name\">VEVOR lieljaudas alum\u012bnija kravas automa\u0161\u012bnas gultas instrumentu kaste, dimanta pl\u0101ksnes instrumentu kaste ar s\u0101nu rokturi un sl\u0113dzenes atsl\u0113g\u0101m, uzglab\u0101\u0161anas instrumentu kastes kr\u016b\u0161kurvja kastes organizators pikapam, kravas automa\u0161\u012bnas gulta, RV, piekabe, 76,2x33x24,4 cm, sudraba<\/div>\n<div style=\"color: #fff!important; font-size: 16px; height: 24px; line-height: 24px; margin-top: -24px; \" class=\"product_sku\">M4I4L5EQ<\/div>\n<div style=\"color: #fff!important; font-size: 16px; height: 24px; line-height: 24px; margin-top: -24px; \" class=\"product_mpn\">LCZXG30X13X96TPEUV0<\/div><div id=\"js-DM_at-goodDescRich\"><html><head><style>  body {    font-family: Arial;    line-height: 1.5;    color: #1c1c1c;    overflow-x: hidden;    margin: 0;    padding: 0;  }  .MsoNormal b {    font-weight: bolder;  }<\/style><style>  .container.small {    width: 970px;    margin: 0 auto;  }  .logo {    margin: 0 auto 0;  }  .logo img {    display: block;    margin: 0 auto;    max-width: 100%;  }  .logo .pc-banner {    display: block;    width: 1200px;    height: 247.4px;    margin: 0 auto;  }  .logo .pc-banner.small {    width: 970px;  }  .logo .pc-banner.small img {    height: auto!important;  }  .logo .m-banner {    display: none;  }  .ytvideo {    position: relative;    height: 546px;    width: 100%;    margin: 0 auto;  }  .ytvideo img {    width: 100%;    margin: 0 auto;  }  .ytvideo .play-btn {    width: 60px;    height: 42px;    position: absolute;    top: 50%;    left: 50%;    transform: translate(-50%, -50%);    background: url(\"data:image\/png;base64,iVBORw0KGgoAAAANSUhEUgAAAGQAAABGCAMAAAANWMFbAAAC+lBMVEUAAADBGB3kLCfBGB3kLCfcJC7BFx3KKSbiKybkLCbWJCPSIiLSIiLPICHAFx3kLCfgKSXNHiDZJiTIGx\/p4eHcjo7LHSDbJyTkLCbjKyfOHyHPIiL28fHJHB\/GGh7EGR7eKCXDGB3RISHlLSbBGB3AFxzGHB7DGB7BGB3hKybkKybAFx3lLCfAFxzDGR3hKibDGB7cJyTmz8\/elJTlwcHjurrUIyLlLSflLSfAFx3DGR7lLSfCFx3hKibhKibhKybjKybkLCblLSfbJSX49vbx7e3NNzjNMTLMJyjVIyLZf3\/ZQ0LaeHjx0tLgoqLkLCfCGB3HGx\/BGB3BFx3PICHCGB7WJCLOHyC\/Fxy\/Fx3lLCfQISHkLSe\/FxzbJiTBFx3FGx\/AGB7BFx3EGR7AGB3HHSDfKiXAFh3TISHYNzbhKibbJyTTIiL57e325+f039\/v2NjUV1fOHiHiqanfmprch4feKSXVIyPOICHmLibFGh\/mLSe\/Fx7XJCPeKSXXJSPNHyHaJyTGGh7lLCbmLCflLSjSIiLkLCbdKSXLHiC\/GB3KHh++Fh3lKyfoLiXcKCPkx8fYb2\/XaGfVXl3aU1LLHiDksbHgKibPICHbJyTfKSXbJyTCGB3KHSDiKybFGh7TIiL\/\/\/\/VIyPRISHIHB\/GGx\/HHB\/DGR7gKibdKCXLHiDZJiTMHiDNHyHYJSTOICHPICHWJCPcKCXXJSPjLCblLCf+\/f3NGR\/uLijzLynPGR\/IGB7WISHaIyLLGh7UAADxLynNAADRLzDbICLQAADIAAD3MCrUHSHXMTDpKSbLAADp5OTij4\/ejo\/VLy\/1LyngJSTcJCPQHx\/OHB7+\/PzaMS\/OLS\/vLijrLSjSAADaNTPwLyjkKSbNJCbYISHPHB\/KGB7WAAD7+vrn3d3aKynTKCjoLCfsKifRGh\/YAADq5+fhjo7QNDXXKCfmJyXt5+fTLzDLLi\/QKivYHRvMGBrQJCXLISPMExXLDxLaEAvkkI\/bOTfaFQ\/SCgpvLcnHAAAAmnRSTlMA+vv7+gT9Bvf9+8z8\/NSv\/Pr5+P7++vnQIBMP\/v38\/Pn348XDiCYf9OjbzcqxXVcx\/fz8+\/rj1r2poo1+fXFqX0orGP7+\/v7+\/fz8+\/r68uzn4trIxsG\/vri3p6GcmZSNbWVYUUZEPQv+\/f39+\/v7+\/v7+vr64tvV1NTTz87FtbSurqeblJKFg4B3bUY+NjL7+\/v7+\/v67t1cDo8JLQAABkRJREFUWMO0kz9rwkAYh0OIeJkum6YugUAhISCdKoj\/P4C7SMdS+gEKIhSKil10LSg4mzXkILdlEpxCpwTiWOLX6BujvQaEQuGeHLnL+\/64J+SIcKGYTYWnntpdLjrVdqvZmNdn0+EE40GtpuuWVS6Xx6N7YDSGpWXpeq02wHgynM7q80az1a52HpddtVcpsi1zFARBrdaxbhp9iUReTGmwA4KAAr7vx3EYejnCMI6hQYEgy0LQi4jUN0wL19vqFcUC9\/1dAKmEEFkWRYkh5oBejnxQJiSJPJ\/uKBp0Thszx9Mw8hMRIQjKsptCfuES9zr5WJY6vSFCIvE9fCMUmEM1A1kSXcYGxgVYsvI1IPKTZciSTI0us\/SMGG04gDzELDoFBwdcFJrF88dqgYMTiL6DILWYyfOWE8\/kIz38olCNlC03FK95+imxp6y4oUSvAnBjHHhKNtotSDqJzVFiK8c2SBqhZtsrTtgrLXwAyduxZHNE26eHUt5rtuM4WSmds3G+sUdWYo1L+XyxButoh5eKUHk5lByO3G1LqqCWVnfrv\/lyPtf\/4ps1cndNGIri8J1TJ0lx6dR\/oPjq1nbRwdp2dCk4CtIOLW3pVKRL6WZfS5vF2KkIQhpwSsjiYIgNCs1gEMGqiIq24NQX9NwoXFy8Ufrl3twTcg4fv8T9\/JBEySduj6Mjm4bMzYV7EEOxKjjoNDud7yY3Dy71Hq2oLmqfbNR723edH9PgMrNL2utoQ3VmaIDkiw\/4w51P06hlZsTZvkRrbVuSIs\/zwSOsycgzStQouoAkWQqioRT5XI7n2Z1wfVhoZmcAJLsoqjqpjbWCgpOAJXBwHK8PzWbNvoUZJND5wCnSkLAkZ1legx6vqQzjoiTahKlGUGLAiIIoABOHaNVw4sexZBym6\/HWlH5h3IC7yRbxtipcWxdTOkORKiNQAEkFf66x5S2oeRbroOlLgg0sSYkR0hRGEqJZ0jTPiQKatESdBckpWigxaapEH0lImHdWu9pUFF2XqMNM2Z4kped7IwEJw2qabwtrQqnpw6HyKkgcadKWsmpywwesDyIhYRpdzXddqegtGIJlXbAIUMOLkGxJUjRIkokwjUaX9d\/kK62ps\/tYUqZLIMkLTyBhsMZ3C5Z\/kDxOSCb\/DOs\/\/J0qcWSX\/2ipe56EgTCA4\/cB7NAYOsni4mZM1MUPAISoEwkDi4lhVBQ1cWQyIcwalw4EpqZN68JUSK7XC0kTlkLYii5uXSC8jT5ncCAS7mjCv0uHp\/3lueHEEAeQ\/\/VgmdN71\/2uCSA1Xr6DO6uI6sW56zqT2tp2PhgiRUAajV8CY2fkcz6WGNKMgLAt7tJAhD4YHMTeRxlALE6+43WqjSWi8ITxyJl8WrwWSNESQZZOqhDDntO3hJLsd5RtSpbJqdv3YrDJH3F7jL1R2O2aQkn2MyCyKYz0GPGIvSAMgBCrCEiJyKbBaYGwLW4uPRr0A0M4Ux5kUI7IBh+hMdiCEWNqhMZGyYMsOgNE58UQuEQeUnSWCMYwL54hkxK6IoqucQZbQ3pc3XtL0lky1dL0zZJJDpWJovFqpWj6JEHnyam2eQp5QRVAVHjWparTOaVwUOx99YS2MvgxIGV0bb+qIg2HX2qkFFJB+XZcbLiuRkuxD9GRroKyveLxdh4d7Orx+hb7qc3uVRuEogCOnyIxm4ubUoPgF4jianDrC+SDQDKEfJb0GUKmjCGPYHGJvVC6X4hw1\/sAfQAdfYyephIaspXe36RwOP+Ljvfx9B6B3i+Nk0DGq+oCbLn6JpBa9nWAveAIHwFAwtVcIJXPMPL8kRu5OAYPMaL1WScTxjiZDqB9LTJSWphow\/pTYKRTLjCBhvi9iBidvKcDasGSm0QQkycYuLBqj6QCELPctqChDWpTRMWkngNNpQ1Pfp1KkiT\/Y0DGffXAweUNfLAfaJFKDwhb6I+bkYRbkERoEeu3Fyjg2opMz2daZCS9jt6Q7txNfB+OZEVF6Zl5web2xunnLQrtrjXseXKaFYziYINeMFZVxS9VxRhOoesYwxPKXm+gWLG9cuFeq93UNNeJNsf1KlwuDok9n02n3TgIJpOxNfL9naIoQwXtfH9kjceTIIi709ncTg6LZbg+biLH1V6u\/7rxBem06VXKn9raAAAAAElFTkSuQmCC\")      no-repeat center center \/ contain;  }  @media screen and (max-width: 960px) and (orientation: portrait) {    .logo {      width: 100%;    }    .logo .pc-banner {      display: none;    }    .logo .m-banner {      display: block;      width: 100%;    }    .logo .m-banner img {      height: auto!important;    }    .ytvideo {      height: 200px;      width: 100%;    }  }<\/style><style>  .video-section {    width: 100%;    margin: 0 auto;  }  .video-section > img {    width: 100%;  }  .video-section iframe,  .video-section video {    width: 100%;    height: 100%;      }  .video-section-img-m,  .video-section-img-pc > img {    width: 100%;    height: auto;  }  .video-section-img-pc.small > img {    width: 970px;  }  .video-desc {    line-height: 1.5;    font-size: 20px;    font-weight: 400;    margin: 20px 0;    text-align: center;    color: #0f1111;    word-break: break-word;  }  @media screen and (max-width: 960px) and (orientation: portrait) {    .video-section {      width: 100%;    }    .video-section-pc,    .video-section-img-pc {      display: none;    }    .video-section-m,    .video-section-img-m {      display: block;    }    .video-desc {      font-size: 15px;    }  }  @media screen and (min-width: 960px) {    .video-section {      width: 100%;      margin: 0 auto;    }    .video-section-pc,    .video-section-img-pc {      display: block;    }    .video-section-m,    .video-section-img-m {      display: none;    }    .video-desc {      font-size: 20px;    }  }<\/style><style>  .section + .section {    margin-top: 35px;  }  .section-title {    text-align: center;    font-weight: bold;    color: #0d1111;    font-family: \"Arial\";    font-size: 32px;    margin: 15px 0;  }  .section-title:empty {    display: none;  }  .section-desc {    text-align: center;    font-weight: normal;    color: #0d1111;    margin-top: 20px;  }  .section-desc:empty {    display: none;  }  .section-img {    width: 1200px;    height: 492px;    margin: 0 auto;    display: block;  }  .section-img.small {    width: 970px;    height: auto;  }  .section-img.small > img {    height: auto;  }  .section-img > img {    width: 100%;    height: 100%;  }  .section-mobile-img {    display: none;    max-width: 100vw;    max-height: 75vw;    height: 450px;    margin: 0 auto;  }  .section-mobile-img > img {    width: 100%;    height: 100%;  }  @media screen and (max-width: 960px) and (orientation: portrait) {    .container {      width: 100%;    }    .container.small {      width: 100%;    }    .section-mobile-img {      display: block;    }    .section-img {      display: none;    }    .section-title {      font-size: 22px;      margin: 10px 0;    }    .section-desc {      margin-top: 10px;    }    .section + .section {      margin-top: 20px;    }  }<\/style><\/head><body><div class=\"container\"><div class=\"logo\"><div class=\"pc-banner\"><div><img decoding=\"async\" src=\"\/vevor\/vevor\/boutique-banner\/pc\/en-pc@1x.jpg\" style=\"width: 100%;\" \/><\/div><\/div><div class=\"m-banner\"><div><img decoding=\"async\" src=\"\/vevor\/vevor\/boutique-banner\/mobile\/en-m@1x.jpg\" style=\"width: 100%;\" \/><\/div><\/div><\/div><div class=\"section-title\">Sak\u0101rtojiet savas mantas ar VEVOR kravas automa\u0161\u012bnas instrumentu kasti!<\/div><div class=\"video-section\"><div class=\"video-section-img-pc\"><img decoding=\"async\" src=\"\/vevor\/product\/LCZXG30X13X96TPEU\/truck-tool-chest-box-a100-1.4.jpg\" alt=\"VEVOR alum\u012bnija kravas kastes instrumentu kaste baltas kravas automa\u0161\u012bnas aizmugur\u0113, kas ir ide\u0101li piem\u0113rota instrumentu dro\u0161ai glab\u0101\u0161anai.\" \/><\/div><div class=\"video-section-img-m\"><img decoding=\"async\" src=\"\/vevor\/product\/LCZXG30X13X96TPEU\/truck-tool-chest-box-a100-1.4-m.jpg\" alt=\"VEVOR alum\u012bnija kravas kastes instrumentu kaste baltas kravas automa\u0161\u012bnas aizmugur\u0113, kas ir ide\u0101li piem\u0113rota instrumentu dro\u0161ai glab\u0101\u0161anai.\" \/><\/div><div class=\"section-desc\">Iztur\u012bg\u0101 instrumentu kaste ir izgatavota no sabiezin\u0101ta, augstas kvalit\u0101tes alum\u012bnija sakaus\u0113juma, kas ir \u016bdensiztur\u012bgs un notur\u012bgs pret r\u016bsu. T\u0101s dimanta protektora virsma ir nodilumiztur\u012bga, un papla\u0161in\u0101tie rokturi atvieglo p\u0101rn\u0113s\u0101\u0161anu.<\/div><\/div><div class=\"section\"><div class=\"section-title\"><\/div><div class=\"section-img\"><img decoding=\"async\" src=\"\/vevor\/product\/LCZXG30X13X96TPEU\/truck-tool-chest-box-a100-2.2.jpg\" alt=\"VEVOR alum\u012bnija kravas kastes instrumentu kaste ar dimanta protektoru, r\u016bsas iztur\u012bgu alum\u012bniju un laikapst\u0101k\u013ciem iztur\u012bg\u0101m p\u0101rkaren\u0101m durv\u012bm.\" \/><\/div><div class=\"section-mobile-img\"><img decoding=\"async\" src=\"\/vevor\/product\/LCZXG30X13X96TPEU\/truck-tool-chest-box-a100-2.2-m.jpg\" alt=\"VEVOR alum\u012bnija kravas kastes instrumentu kaste ar dimanta protektoru, r\u016bsas iztur\u012bgu alum\u012bniju un laikapst\u0101k\u013ciem iztur\u012bg\u0101m p\u0101rkaren\u0101m durv\u012bm.\" \/><\/div><div class=\"section-desc\">Izgatavots no augstas kvalit\u0101tes alum\u012bnija sakaus\u0113juma materi\u0101la ar dimanta rakstu virsm\u0101 un divpus\u0113ju putek\u013cu sl\u012bp\u0113\u0161anas procesu. Tas nodro\u0161ina, ka instrumentu kaste ir \u013coti iztur\u012bga pret koroziju, r\u016bs\u0113\u0161anu un nodilumu, vienlaikus saglab\u0101jot savu formu un iztur\u012bbu gadu gait\u0101.<\/div><\/div><div class=\"section\"><div class=\"section-title\"><\/div><div class=\"section-img\"><img decoding=\"async\" src=\"\/vevor\/product\/LCZXG30X13X96TPEU\/truck-tool-chest-box-a100-2.3.jpg\" alt=\"VEVOR alum\u012bnija kravas kastes instrumentu kaste ar pretatv\u0113r\u0161anas sl\u0113dzeni, ieb\u016bv\u0113t\u0101m atsl\u0113g\u0101m un pret uzlau\u0161anu iztur\u012bg\u0101m funkcij\u0101m.\" \/><\/div><div class=\"section-mobile-img\"><img decoding=\"async\" src=\"\/vevor\/product\/LCZXG30X13X96TPEU\/truck-tool-chest-box-a100-2.3-m.jpg\" alt=\"VEVOR alum\u012bnija kravas kastes instrumentu kaste ar pretatv\u0113r\u0161anas sl\u0113dzeni, ieb\u016bv\u0113t\u0101m atsl\u0113g\u0101m un pret uzlau\u0161anu iztur\u012bg\u0101m funkcij\u0101m.\" \/><\/div><div class=\"section-desc\">Kravas automa\u0161\u012bnu instrumentu kaste ir super dro\u0161a, pateicoties t\u0101s sp\u0113c\u012bgajai ner\u016bs\u0113jo\u0161\u0101 t\u0113rauda sl\u0113dzenei un div\u0101m \u012bpa\u0161\u0101m atsl\u0113g\u0101m. J\u016bs varat atp\u016bsties viegli, zinot, ka j\u016bsu preces ir dro\u0161as un nepazud\u012bs, kad atrodaties \u0101r\u0101.<\/div><\/div><div class=\"section\"><div class=\"section-title\"><\/div><div class=\"section-img\"><img decoding=\"async\" src=\"\/vevor\/product\/LCZXG30X13X96TPEU\/truck-tool-chest-box-a100-2.4.jpg\" alt=\"VEVOR alum\u012bnija kravas kastes instrumentu kaste ar plat\u0101kiem rokturiem un t\u0113rauda \u0137\u0113di 110\u00b0 atv\u0113r\u0161anas le\u0146\u0137im.\" \/><\/div><div class=\"section-mobile-img\"><img decoding=\"async\" src=\"\/vevor\/product\/LCZXG30X13X96TPEU\/truck-tool-chest-box-a100-2.4-m.jpg\" alt=\"VEVOR alum\u012bnija kravas kastes instrumentu kaste ar plat\u0101kiem rokturiem un t\u0113rauda \u0137\u0113di 110\u00b0 atv\u0113r\u0161anas le\u0146\u0137im.\" \/><\/div><div class=\"section-desc\">Papla\u0161in\u0101tais un palielin\u0101tais rokturis ir veidots t\u0101, lai lab\u0101k piegultu v\u012brie\u0161u rok\u0101m, pat valk\u0101jot cimdus, nej\u016btoties p\u0101r\u0101k cie\u0161i Turkl\u0101t durvis ar gar\u0101m \u0137\u0113d\u0113m vienm\u0113r\u012bgi atveras, padarot to viegli pieejamu un sak\u0101rtotu j\u016bsu priek\u0161metus iek\u0161\u0101.<\/div><\/div><div class=\"section\"><div class=\"section-title\"><\/div><div class=\"section-img\"><img decoding=\"async\" src=\"\/vevor\/product\/LCZXG30X13X96TPEU\/truck-tool-chest-box-a100-2.5.jpg\" alt=\"Transportl\u012bdzek\u013cu, gar\u0101\u017eu un instrumentu glab\u0101\u0161anas risin\u0101jumi ar VEVOR alum\u012bnija kravas kastes instrumentu kasti. Lieliski piem\u0113rota jebkurai telpai.\" \/><\/div><div class=\"section-mobile-img\"><img decoding=\"async\" src=\"\/vevor\/product\/LCZXG30X13X96TPEU\/truck-tool-chest-box-a100-2.5-m.jpg\" alt=\"Transportl\u012bdzek\u013cu, gar\u0101\u017eu un instrumentu glab\u0101\u0161anas risin\u0101jumi ar VEVOR alum\u012bnija kravas kastes instrumentu kasti. Lieliski piem\u0113rota jebkurai telpai.\" \/><\/div><div class=\"section-desc\">M\u016bsu lieljaudas instrumentu kaste ir daudzpus\u012bga, un to var izmantot uz sakabes plauktiem, kravas plauktiem, RV, automa\u0161\u012bn\u0101m, kravas automa\u0161\u012bnu gult\u0101m, piekab\u0113m, plakan\u0101m gult\u0101m, k\u0101 ar\u012b m\u0101j\u0101m, gar\u0101\u017e\u0101m un darba viet\u0101m. T\u0101 ir viegla un izgatavota no augstas kvalit\u0101tes materi\u0101liem, nodro\u0161inot pla\u0161u uzglab\u0101\u0161anas vietu visiem j\u016bsu instrumentiem.<\/div><\/div><div class=\"section\"><div class=\"section-img\"><img decoding=\"async\" src=\"\/vevor\/product\/LCZXG30X13X96TPEU\/truck-tool-chest-box-a100-1.11.jpg\" alt=\"VEVOR alum\u012bnija kravas kastes instrumentu kaste ar 64 litru tilpumu, 66 m\u0101rci\u0146u kravnes\u012bbu. Izm\u0113ri: 30x13x9,6 collas.\" \/><\/div><div class=\"section-mobile-img\"><img decoding=\"async\" src=\"\/vevor\/product\/LCZXG30X13X96TPEU\/truck-tool-chest-box-a100-1.11-m.jpg\" alt=\"VEVOR alum\u012bnija kravas kastes instrumentu kaste ar 64 litru tilpumu, 66 m\u0101rci\u0146u kravnes\u012bbu. Izm\u0113ri: 30x13x9,6 collas.\" \/><\/div><\/div><\/div><\/body><\/html><\/div>\n<div class=\"DM_at-title\" id=\"js-DM_at-title\"> <div>Produkta specifik\u0101cija<\/div> <i class=\"icon-arrowup_line\"><\/i> <\/div><div class=\"DM_at-goodsDescAttr\" id=\"js-DM_at-goodsDescAttr\"> <div class=\"DM_at-goodsDescAttrInner\"> <dl class=\"goodsDesc_item goodsDesc_item_even\"> <dt>Preces Mode\u013ca Numurs<\/dt> <dd> JL-TB19-1<\/dd> <\/dl> <dl class=\"goodsDesc_item\"> <dt>\u0100r\u0113jais izm\u0113rs<\/dt> <dd> 30 x 13 x 9,6 collas\/762 x 330 x 244 mm<\/dd> <\/dl> <dl class=\"goodsDesc_item goodsDesc_item_even\"> <dt>Apjoms<\/dt> <dd> 64L<\/dd> <\/dl> <dl class=\"goodsDesc_item\"> <dt>Svars, Tilpums<\/dt> <dd> 66 m\u0101rci\u0146as\/30 kg<\/dd> <\/dl> <dl class=\"goodsDesc_item goodsDesc_item_even\"> <dt>Neto Svars<\/dt> <dd> 13,4 m\u0101rci\u0146as\/6,1 kg<\/dd> <\/dl> <\/div> <\/div>","protected":false},"excerpt":{"rendered":"<ul>\n<li> Kalpo visu m\u016b\u017eu: VEVOR kravas automa\u0161\u012bnas instrumentu kaste ir izgatavota no viegla, bet iztur\u012bga alum\u012bnija sakaus\u0113juma ar dimanta protektora rakstu un divpus\u0113ju pulverkr\u0101so\u0161anas procesu. \u0160\u012b konstrukcija pal\u012bdz nov\u0113rst r\u016bsu, koroziju un nodilumu, nodro\u0161inot ilgsto\u0161u lieto\u0161anu vair\u0101kus gadus. Turkl\u0101t instrumentu kaste ir apr\u012bkota ar uzlabotiem st\u016briem, lai nodro\u0161in\u0101tu iepakojuma nostiprin\u0101\u0161anu un nov\u0113rstu boj\u0101jumus vai deform\u0101ciju transport\u0113\u0161anas laik\u0101. <\/li>\n<li> Lielapjoma instrumentu kaste: \u0160\u012bs ietilp\u012bg\u0101s instrumentu kastes izm\u0113ri ir 30 x 13 x 9,6 collas, nodro\u0161inot daudz vietas spai\u0146iem, apkopes instrumentiem, ugunsdz\u0113s\u012bbas kann\u0101m, br\u012bdin\u0101juma z\u012bm\u0113m un citiem priek\u0161metiem j\u016bsu kravas automa\u0161\u012bn\u0101. T\u0101 ir daudzpus\u012bga un to var izmantot pikapos, kravas automa\u0161\u012bn\u0101s, piekab\u0113s, kemperos un pat m\u0101j\u0101s. Ar \u0161o instrumentu kasti jums vairs nav j\u0101uztraucas par mazu priek\u0161metu pazaud\u0113\u0161anu. <\/li>\n<li> Nekas netiek iek\u0161\u0101: M\u016bsu kravas automa\u0161\u012bnas instrumentu kaste ir oblig\u0101ta izv\u0113le j\u016bsu transportl\u012bdzeklim. Tai ir p\u0101rkarenas durvis ar herm\u0113tisku bl\u012bv\u0113jumu, lai nov\u0113rstu \u016bdens ies\u016bk\u0161anos. Tas nodro\u0161ina, ka j\u016bsu kastes priek\u0161meti paliek sausi un k\u0101rt\u012bgi pat skarbos lietainos vai sniega apst\u0101k\u013cos. <\/li>\n<li> Dro\u0161\u012bba ir pirmaj\u0101 viet\u0101: Apr\u012bkots ar ner\u016bs\u0113jo\u0161\u0101 t\u0113rauda blo\u0137\u0113\u0161anas meh\u0101nismu un 2 ekskluz\u012bv\u0101m atsl\u0113g\u0101m, kas nodro\u0161ina efekt\u012bvu aizsardz\u012bbu pret z\u0101dz\u012bb\u0101m. Turkl\u0101t t\u0101 ieb\u016bv\u0113tais dizains pal\u012bdz samazin\u0101t triecienus un skr\u0101p\u0113jumus brauk\u0161anas laik\u0101, nodro\u0161inot j\u016bsu instrumentu kastes ilgm\u016b\u017e\u012bbu. <\/li>\n<li> Pacelt \u0113rti: ab\u0101s pus\u0113s ir plat\u0101ki rokturi p\u0101rn\u0113s\u0101\u0161anai, t\u0101p\u0113c instrumentu kasti ir viegli satvert pat ar cimdiem rok\u0101s. V\u012brie\u0161iem ar liel\u0101k\u0101m rok\u0101m to b\u016bs \u0113rti p\u0101rn\u0113s\u0101t, nej\u016btoties saspiesti. Turkl\u0101t tai ir garas \u0137\u0113des, kas pal\u012bdz atv\u0113rt v\u0101ku l\u012bdz 110\u00b0, nodro\u0161inot piln\u012bgu piek\u013cuvi visam instrumentu kastes saturam. <\/li>\n<\/ul>","protected":false},"featured_media":294141,"comment_status":"closed","ping_status":"open","template":"","meta":{"om_disable_all_campaigns":false,"_monsterinsights_skip_tracking":false,"_monsterinsights_sitenote_active":false,"_monsterinsights_sitenote_note":"","_monsterinsights_sitenote_category":0,"_uf_show_specific_survey":0,"_uf_disable_surveys":false},"location":[1935,1934],"product_brand":[21],"product_cat":[133,3911,2619,2620],"product_tag":[],"class_list":{"0":"post-33590","1":"product","2":"type-product","3":"status-publish","4":"has-post-thumbnail","6":"location-supplier_stock_location","7":"location-local_stock_location","8":"product_brand-vevor","9":"product_cat-automotive","10":"product_cat-chest-truck-tool-boxes","11":"product_cat-truck-accessories","12":"product_cat-truck-tool-boxes-truck-accessories","14":"first","15":"instock","16":"taxable","17":"shipping-taxable","18":"purchasable","19":"product-type-simple"},"aioseo_notices":[],"jetpack_sharing_enabled":true,"locations":[{"id":1935,"name":"Pieg\u0101d\u0101t\u0101ja noliktav\u0101 (5-7d.d.)","slug":"supplier_stock_location","quantity":"11"},{"id":1934,"name":"R\u012bgas veikal\u0101 (0-2d.d.)","slug":"local_stock_location","quantity":"0"}],"_links":{"self":[{"href":"https:\/\/vevorshop.lv\/lv\/wp-json\/wp\/v2\/product\/33590","targetHints":{"allow":["GET"]}}],"collection":[{"href":"https:\/\/vevorshop.lv\/lv\/wp-json\/wp\/v2\/product"}],"about":[{"href":"https:\/\/vevorshop.lv\/lv\/wp-json\/wp\/v2\/types\/product"}],"replies":[{"embeddable":true,"href":"https:\/\/vevorshop.lv\/lv\/wp-json\/wp\/v2\/comments?post=33590"}],"wp:featuredmedia":[{"embeddable":true,"href":"https:\/\/vevorshop.lv\/lv\/wp-json\/wp\/v2\/media\/294141"}],"wp:attachment":[{"href":"https:\/\/vevorshop.lv\/lv\/wp-json\/wp\/v2\/media?parent=33590"}],"wp:term":[{"taxonomy":"location","embeddable":true,"href":"https:\/\/vevorshop.lv\/lv\/wp-json\/wp\/v2\/location?post=33590"},{"taxonomy":"product_brand","embeddable":true,"href":"https:\/\/vevorshop.lv\/lv\/wp-json\/wp\/v2\/product_brand?post=33590"},{"taxonomy":"product_cat","embeddable":true,"href":"https:\/\/vevorshop.lv\/lv\/wp-json\/wp\/v2\/product_cat?post=33590"},{"taxonomy":"product_tag","embeddable":true,"href":"https:\/\/vevorshop.lv\/lv\/wp-json\/wp\/v2\/product_tag?post=33590"}],"curies":[{"name":"wp","href":"https:\/\/api.w.org\/{rel}","templated":true}]}}