{"id":33853,"date":"2024-11-18T23:24:16","date_gmt":"2024-11-18T23:24:16","guid":{"rendered":"http:\/\/vevorshop.edigo.lv\/Prece\/vevor-magnetic-stirrer-stir-plate-kit-0-2000-rpm-adjustable-speed-max-3000ml\/"},"modified":"2026-04-20T06:43:09","modified_gmt":"2026-04-20T03:43:09","slug":"vevor-magnetic-stirrer-stir-plate-kit-0-2000-rpm-adjustable-speed-max-3000ml","status":"publish","type":"product","link":"https:\/\/vevorshop.lv\/lv\/Prece\/vevor-magnetiska-maisitaja-maisisanas-plates-komplekts-0-2000-apgr-min-regulejams-atrums-max-3000ml\/","title":{"rendered":"VEVOR magn\u0113tiskais mais\u012bt\u0101js ar regul\u0113jamu \u0101trumu 0\u20132000 RPM, 3000ml ietilp\u012bba, mais\u012b\u0161anas stien\u012btis komplekt\u0101"},"content":{"rendered":"<div style=\"color: #fff!important; font-size: 16px; height: 24px; line-height: 24px; margin-top: -24px; \" class=\"product_original_name\">VEVOR magn\u0113tiskais mais\u012bt\u0101js, 0-2000 apgriezienu min\u016bt\u0113 mais\u012b\u0161anas pl\u0101ksne ar regul\u0113jamu \u0101truma pogu, 3000 ml pl\u0101k\u0161\u0146u mais\u012bt\u0101ja komplekts, komplekt\u0101 iek\u013cauts mais\u012b\u0161anas stienis<\/div>\n<div style=\"color: #fff!important; font-size: 16px; height: 24px; line-height: 24px; margin-top: -24px; \" class=\"product_sku\">M4I4L5RT<\/div>\n<div style=\"color: #fff!important; font-size: 16px; height: 24px; line-height: 24px; margin-top: -24px; \" class=\"product_mpn\">CLJBJ13000MLBUFHAV2<\/div><div id=\"js-DM_at-goodDescRich\"><html><head><style>  body {    font-family: Arial;    line-height: 1.5;    color: #1c1c1c;    overflow-x: hidden;    margin: 0;    padding: 0;  }  .MsoNormal b {    font-weight: bolder;  }<\/style><style>  .container.small {    width: 970px;    margin: 0 auto;  }  .logo {    margin: 0 auto 0;  }  .logo img {    display: block;    margin: 0 auto;    max-width: 100%;  }  .logo .pc-banner {    display: block;    width: 1200px;    height: 247.4px;    margin: 0 auto;  }  .logo .pc-banner.small {    width: 970px;  }  .logo .pc-banner.small img {    height: auto!important;  }  .logo .m-banner {    display: none;  }  .ytvideo {    position: relative;    height: 546px;    width: 100%;    margin: 0 auto;  }  .ytvideo img {    width: 100%;    margin: 0 auto;  }  .ytvideo .play-btn {    width: 60px;    height: 42px;    position: absolute;    top: 50%;    left: 50%;    transform: translate(-50%, -50%);    background: url(\"data:image\/png;base64,iVBORw0KGgoAAAANSUhEUgAAAGQAAABGCAMAAAANWMFbAAAC+lBMVEUAAADBGB3kLCfBGB3kLCfcJC7BFx3KKSbiKybkLCbWJCPSIiLSIiLPICHAFx3kLCfgKSXNHiDZJiTIGx\/p4eHcjo7LHSDbJyTkLCbjKyfOHyHPIiL28fHJHB\/GGh7EGR7eKCXDGB3RISHlLSbBGB3AFxzGHB7DGB7BGB3hKybkKybAFx3lLCfAFxzDGR3hKibDGB7cJyTmz8\/elJTlwcHjurrUIyLlLSflLSfAFx3DGR7lLSfCFx3hKibhKibhKybjKybkLCblLSfbJSX49vbx7e3NNzjNMTLMJyjVIyLZf3\/ZQ0LaeHjx0tLgoqLkLCfCGB3HGx\/BGB3BFx3PICHCGB7WJCLOHyC\/Fxy\/Fx3lLCfQISHkLSe\/FxzbJiTBFx3FGx\/AGB7BFx3EGR7AGB3HHSDfKiXAFh3TISHYNzbhKibbJyTTIiL57e325+f039\/v2NjUV1fOHiHiqanfmprch4feKSXVIyPOICHmLibFGh\/mLSe\/Fx7XJCPeKSXXJSPNHyHaJyTGGh7lLCbmLCflLSjSIiLkLCbdKSXLHiC\/GB3KHh++Fh3lKyfoLiXcKCPkx8fYb2\/XaGfVXl3aU1LLHiDksbHgKibPICHbJyTfKSXbJyTCGB3KHSDiKybFGh7TIiL\/\/\/\/VIyPRISHIHB\/GGx\/HHB\/DGR7gKibdKCXLHiDZJiTMHiDNHyHYJSTOICHPICHWJCPcKCXXJSPjLCblLCf+\/f3NGR\/uLijzLynPGR\/IGB7WISHaIyLLGh7UAADxLynNAADRLzDbICLQAADIAAD3MCrUHSHXMTDpKSbLAADp5OTij4\/ejo\/VLy\/1LyngJSTcJCPQHx\/OHB7+\/PzaMS\/OLS\/vLijrLSjSAADaNTPwLyjkKSbNJCbYISHPHB\/KGB7WAAD7+vrn3d3aKynTKCjoLCfsKifRGh\/YAADq5+fhjo7QNDXXKCfmJyXt5+fTLzDLLi\/QKivYHRvMGBrQJCXLISPMExXLDxLaEAvkkI\/bOTfaFQ\/SCgpvLcnHAAAAmnRSTlMA+vv7+gT9Bvf9+8z8\/NSv\/Pr5+P7++vnQIBMP\/v38\/Pn348XDiCYf9OjbzcqxXVcx\/fz8+\/rj1r2poo1+fXFqX0orGP7+\/v7+\/fz8+\/r68uzn4trIxsG\/vri3p6GcmZSNbWVYUUZEPQv+\/f39+\/v7+\/v7+vr64tvV1NTTz87FtbSurqeblJKFg4B3bUY+NjL7+\/v7+\/v67t1cDo8JLQAABkRJREFUWMO0kz9rwkAYh0OIeJkum6YugUAhISCdKoj\/P4C7SMdS+gEKIhSKil10LSg4mzXkILdlEpxCpwTiWOLX6BujvQaEQuGeHLnL+\/64J+SIcKGYTYWnntpdLjrVdqvZmNdn0+EE40GtpuuWVS6Xx6N7YDSGpWXpeq02wHgynM7q80az1a52HpddtVcpsi1zFARBrdaxbhp9iUReTGmwA4KAAr7vx3EYejnCMI6hQYEgy0LQi4jUN0wL19vqFcUC9\/1dAKmEEFkWRYkh5oBejnxQJiSJPJ\/uKBp0Thszx9Mw8hMRIQjKsptCfuES9zr5WJY6vSFCIvE9fCMUmEM1A1kSXcYGxgVYsvI1IPKTZciSTI0us\/SMGG04gDzELDoFBwdcFJrF88dqgYMTiL6DILWYyfOWE8\/kIz38olCNlC03FK95+imxp6y4oUSvAnBjHHhKNtotSDqJzVFiK8c2SBqhZtsrTtgrLXwAyduxZHNE26eHUt5rtuM4WSmds3G+sUdWYo1L+XyxButoh5eKUHk5lByO3G1LqqCWVnfrv\/lyPtf\/4ps1cndNGIri8J1TJ0lx6dR\/oPjq1nbRwdp2dCk4CtIOLW3pVKRL6WZfS5vF2KkIQhpwSsjiYIgNCs1gEMGqiIq24NQX9NwoXFy8Ufrl3twTcg4fv8T9\/JBEySduj6Mjm4bMzYV7EEOxKjjoNDud7yY3Dy71Hq2oLmqfbNR723edH9PgMrNL2utoQ3VmaIDkiw\/4w51P06hlZsTZvkRrbVuSIs\/zwSOsycgzStQouoAkWQqioRT5XI7n2Z1wfVhoZmcAJLsoqjqpjbWCgpOAJXBwHK8PzWbNvoUZJND5wCnSkLAkZ1legx6vqQzjoiTahKlGUGLAiIIoABOHaNVw4sexZBym6\/HWlH5h3IC7yRbxtipcWxdTOkORKiNQAEkFf66x5S2oeRbroOlLgg0sSYkR0hRGEqJZ0jTPiQKatESdBckpWigxaapEH0lImHdWu9pUFF2XqMNM2Z4kped7IwEJw2qabwtrQqnpw6HyKkgcadKWsmpywwesDyIhYRpdzXddqegtGIJlXbAIUMOLkGxJUjRIkokwjUaX9d\/kK62ps\/tYUqZLIMkLTyBhsMZ3C5Z\/kDxOSCb\/DOs\/\/J0qcWSX\/2ipe56EgTCA4\/cB7NAYOsni4mZM1MUPAISoEwkDi4lhVBQ1cWQyIcwalw4EpqZN68JUSK7XC0kTlkLYii5uXSC8jT5ncCAS7mjCv0uHp\/3lueHEEAeQ\/\/VgmdN71\/2uCSA1Xr6DO6uI6sW56zqT2tp2PhgiRUAajV8CY2fkcz6WGNKMgLAt7tJAhD4YHMTeRxlALE6+43WqjSWi8ITxyJl8WrwWSNESQZZOqhDDntO3hJLsd5RtSpbJqdv3YrDJH3F7jL1R2O2aQkn2MyCyKYz0GPGIvSAMgBCrCEiJyKbBaYGwLW4uPRr0A0M4Ux5kUI7IBh+hMdiCEWNqhMZGyYMsOgNE58UQuEQeUnSWCMYwL54hkxK6IoqucQZbQ3pc3XtL0lky1dL0zZJJDpWJovFqpWj6JEHnyam2eQp5QRVAVHjWparTOaVwUOx99YS2MvgxIGV0bb+qIg2HX2qkFFJB+XZcbLiuRkuxD9GRroKyveLxdh4d7Orx+hb7qc3uVRuEogCOnyIxm4ubUoPgF4jianDrC+SDQDKEfJb0GUKmjCGPYHGJvVC6X4hw1\/sAfQAdfYyephIaspXe36RwOP+Ljvfx9B6B3i+Nk0DGq+oCbLn6JpBa9nWAveAIHwFAwtVcIJXPMPL8kRu5OAYPMaL1WScTxjiZDqB9LTJSWphow\/pTYKRTLjCBhvi9iBidvKcDasGSm0QQkycYuLBqj6QCELPctqChDWpTRMWkngNNpQ1Pfp1KkiT\/Y0DGffXAweUNfLAfaJFKDwhb6I+bkYRbkERoEeu3Fyjg2opMz2daZCS9jt6Q7txNfB+OZEVF6Zl5web2xunnLQrtrjXseXKaFYziYINeMFZVxS9VxRhOoesYwxPKXm+gWLG9cuFeq93UNNeJNsf1KlwuDok9n02n3TgIJpOxNfL9naIoQwXtfH9kjceTIIi709ncTg6LZbg+biLH1V6u\/7rxBem06VXKn9raAAAAAElFTkSuQmCC\")      no-repeat center center \/ contain;  }  @media screen and (max-width: 960px) and (orientation: portrait) {    .logo {      width: 100%;    }    .logo .pc-banner {      display: none;    }    .logo .m-banner {      display: block;      width: 100%;    }    .logo .m-banner img {      height: auto!important;    }    .ytvideo {      height: 200px;      width: 100%;    }  }<\/style><style>  .video-section {    width: 100%;    margin: 0 auto;  }  .video-section > img {    width: 100%;  }  .video-section iframe,  .video-section video {    width: 100%;    height: 100%;      }  .video-section-img-m,  .video-section-img-pc > img {    width: 100%;    height: auto;  }  .video-section-img-pc.small > img {    width: 970px;  }  .video-desc {    line-height: 1.5;    font-size: 20px;    font-weight: 400;    margin: 20px 0;    text-align: center;    color: #0f1111;    word-break: break-word;  }  @media screen and (max-width: 960px) and (orientation: portrait) {    .video-section {      width: 100%;    }    .video-section-pc,    .video-section-img-pc {      display: none;    }    .video-section-m,    .video-section-img-m {      display: block;    }    .video-desc {      font-size: 15px;    }  }  @media screen and (min-width: 960px) {    .video-section {      width: 100%;      margin: 0 auto;    }    .video-section-pc,    .video-section-img-pc {      display: block;    }    .video-section-m,    .video-section-img-m {      display: none;    }    .video-desc {      font-size: 20px;    }  }<\/style><style>  .section + .section {    margin-top: 35px;  }  .section-title {    text-align: center;    font-weight: bold;    color: #0d1111;    font-family: \"Arial\";    font-size: 32px;    margin: 15px 0;  }  .section-title:empty {    display: none;  }  .section-desc {    text-align: center;    font-weight: normal;    color: #0d1111;    margin-top: 20px;  }  .section-desc:empty {    display: none;  }  .section-img {    width: 1200px;    height: 492px;    margin: 0 auto;    display: block;  }  .section-img.small {    width: 970px;    height: auto;  }  .section-img.small > img {    height: auto;  }  .section-img > img {    width: 100%;    height: 100%;  }  .section-mobile-img {    display: none;    max-width: 100vw;    max-height: 75vw;    height: 450px;    margin: 0 auto;  }  .section-mobile-img > img {    width: 100%;    height: 100%;  }  @media screen and (max-width: 960px) and (orientation: portrait) {    .container {      width: 100%;    }    .container.small {      width: 100%;    }    .section-mobile-img {      display: block;    }    .section-img {      display: none;    }    .section-title {      font-size: 22px;      margin: 10px 0;    }    .section-desc {      margin-top: 10px;    }    .section + .section {      margin-top: 20px;    }  }<\/style><\/head><body><div class=\"container\"><div class=\"logo\"><div class=\"pc-banner\"><div><img decoding=\"async\" src=\"\/vevor\/vevor\/boutique-banner\/pc\/en-pc@1x.jpg\" style=\"width: 100%;\" \/><\/div><\/div><div class=\"m-banner\"><div><img decoding=\"async\" src=\"\/vevor\/vevor\/boutique-banner\/mobile\/en-m@1x.jpg\" style=\"width: 100%;\" \/><\/div><\/div><\/div><div class=\"section-title\">VEVOR magn\u0113tiskais mais\u012bt\u0101js - j\u016bsu risin\u0101jums \u0161\u0137idruma sajauk\u0161anai<\/div><div class=\"video-section\"><div class=\"video-section-img-pc\"><img decoding=\"async\" src=\"\/vevor\/product\/CLJBJ13000MLBUFHA\/magnetic-stirrer-a100-1.4.jpg\" \/><\/div><div class=\"video-section-img-m\"><img decoding=\"async\" src=\"\/vevor\/product\/CLJBJ13000MLBUFHA\/magnetic-stirrer-a100-1.4-m.jpg\" \/><\/div><div class=\"section-desc\">M\u016bsu magn\u0113tisk\u0101 mais\u012bt\u0101ja pl\u0101ksne ir apr\u012bkota ar jaud\u012bgu motoru, kas nodro\u0161ina stabilu un regul\u0113jamu mais\u012b\u0161anas \u0101trumu, lai apmierin\u0101tu da\u017e\u0101das eksperiment\u0101l\u0101s vajadz\u012bbas. T\u0101 apak\u0161\u0101 ir apr\u012bkota ar regul\u0113jamu \u0101truma regulatoru, kas \u013cauj griezties pulkste\u0146r\u0101d\u012bt\u0101ja virzien\u0101, lai palielin\u0101tu \u0101trumu, un pret\u0113ji pulkste\u0146r\u0101d\u012bt\u0101ja virzienam, lai to samazin\u0101tu.<\/div><\/div><div class=\"section\"><div class=\"section-title\"><\/div><div class=\"section-img\"><img decoding=\"async\" src=\"\/vevor\/product\/CLJBJ13000MLBUFHA\/magnetic-stirrer-a100-2.2.jpg\" \/><\/div><div class=\"section-mobile-img\"><img decoding=\"async\" src=\"\/vevor\/product\/CLJBJ13000MLBUFHA\/magnetic-stirrer-a100-2.2-m.jpg\" \/><\/div><div class=\"section-desc\">\u0160\u012b mais\u012b\u0161anas pl\u0101ksne, kas izgatavota ar viengabala lieta alum\u012bnija pl\u0101ksni, ir iztur\u012bga pret augst\u0101m temperat\u016br\u0101m, nodilumu un koroziju.T\u0101 iztur\u012bg\u0101 konstrukcija nodro\u0161ina ilgsto\u0161u lieto\u0161anu bez deform\u0101cijas.Augstas kvalit\u0101tes met\u0101la pl\u0101ksne pied\u0101v\u0101 gludu virsmu, kas ir viegli t\u012br\u0101ma.<\/div><\/div><div class=\"section\"><div class=\"section-title\"><\/div><div class=\"section-img\"><img decoding=\"async\" src=\"\/vevor\/product\/CLJBJ13000MLBUFHA\/magnetic-stirrer-a100-2.3.jpg\" \/><\/div><div class=\"section-mobile-img\"><img decoding=\"async\" src=\"\/vevor\/product\/CLJBJ13000MLBUFHA\/magnetic-stirrer-a100-2.3-m.jpg\" \/><\/div><div class=\"section-desc\">VEVOR magn\u0113tiskajam mikserim ir pilns piederumu komplekts, tostarp 1 lietot\u0101ja rokasgr\u0101mata, 1 mais\u012b\u0161anas stienis un 1 adapteris, padarot to piem\u0113rotu da\u017e\u0101diem eksperimentiem.<\/div><\/div><div class=\"section\"><div class=\"section-title\"><\/div><div class=\"section-img\"><img decoding=\"async\" src=\"\/vevor\/product\/CLJBJ13000MLBUFHA\/magnetic-stirrer-a100-2.4.jpg\" \/><\/div><div class=\"section-mobile-img\"><img decoding=\"async\" src=\"\/vevor\/product\/CLJBJ13000MLBUFHA\/magnetic-stirrer-a100-2.4-m.jpg\" \/><\/div><div class=\"section-desc\">\u0160is \u0161\u0137\u012bvja magn\u0113tiskais mais\u012bt\u0101js lepojas ar lietot\u0101jam draudz\u012bg\u0101m funkcij\u0101m, piem\u0113ram, l\u012bdzstr\u0101vas motoru stabilai un bezapkopes darb\u012bbai, nospie\u0161anas un pagrie\u0161anas pogu \u0113rtai \u0101truma regul\u0113\u0161anai, gumijas nesl\u012bdo\u0161u pamatni, lai nov\u0113rstu sl\u012bd\u0113\u0161anu, un met\u0101la p\u0101rkl\u0101juma pamatni, lai nov\u0113rstu skr\u0101p\u0113jumus.<\/div><\/div><div class=\"section\"><div class=\"section-title\"><\/div><div class=\"section-img\"><img decoding=\"async\" src=\"\/vevor\/product\/CLJBJ13000MLBUFHA\/magnetic-stirrer-a100-2.5.jpg\" \/><\/div><div class=\"section-mobile-img\"><img decoding=\"async\" src=\"\/vevor\/product\/CLJBJ13000MLBUFHA\/magnetic-stirrer-a100-2.5-m.jpg\" \/><\/div><div class=\"section-desc\">M\u016bsu mais\u012b\u0161anas pl\u0101ksne tiek pla\u0161i izmantota \u0161\u0137idrumu sajauk\u0161anai r\u016bpniec\u012bb\u0101, lauksaimniec\u012bb\u0101, vesel\u012bbas apr\u016bp\u0113, medic\u012bn\u0101, zin\u0101tnisk\u0101s p\u0113tniec\u012bbas iest\u0101d\u0113s un universit\u0101\u0161u laboratorij\u0101s. T\u0101 apmierina da\u017e\u0101das lietot\u0101ju vajadz\u012bbas, tostarp universit\u0101\u0161u studentus, profesion\u0101\u013cus, priek\u0161metu ekspertus un p\u0113tniekus.<\/div><\/div><div class=\"section\"><div class=\"section-img\"><img decoding=\"async\" src=\"\/vevor\/product\/CLJBJ13000MLBUFHA\/magnetic-stirrer-a100-1.11.jpg\" \/><\/div><div class=\"section-mobile-img\"><img decoding=\"async\" src=\"\/vevor\/product\/CLJBJ13000MLBUFHA\/magnetic-stirrer-a100-1.11-m.jpg\" \/><\/div><\/div><\/div><\/body><\/html><\/div>\n<div class=\"DM_at-title\" id=\"js-DM_at-title\"> <div>Produkta specifik\u0101cija<\/div> <i class=\"icon-arrowup_line\"><\/i> <\/div><div class=\"DM_at-goodsDescAttr\" id=\"js-DM_at-goodsDescAttr\"> <div class=\"DM_at-goodsDescAttrInner\"> <dl class=\"goodsDesc_item goodsDesc_item_even\"> <dt>Preces Mode\u013ca Numurs<\/dt> <dd> XLD-C1<\/dd> <\/dl> <dl class=\"goodsDesc_item\"> <dt>Maksim\u0101l\u0101 mais\u012b\u0161anas jauda<\/dt> <dd> 3000ml<\/dd> <\/dl> <dl class=\"goodsDesc_item goodsDesc_item_even\"> <dt>Maksim\u0101lais mais\u012b\u0161anas \u0101trums<\/dt> <dd> 2000 apgr.\/min<\/dd> <\/dl> <dl class=\"goodsDesc_item\"> <dt>Darb\u012bbas kontrole<\/dt> <dd> \u0100truma regulators<\/dd> <\/dl> <dl class=\"goodsDesc_item goodsDesc_item_even\"> <dt>Materi\u0101ls<\/dt> <dd> ABS<\/dd> <\/dl> <dl class=\"goodsDesc_item\"> <dt>Produkta Svars<\/dt> <dd> 0,62 m\u0101rci\u0146as\/0,28 kg<\/dd> <\/dl> <dl class=\"goodsDesc_item goodsDesc_item_even\"> <dt>Produkta Izm\u0113ri<\/dt> <dd> 5,63x5,87x1,87 collas\/143x149x47,5 mm<\/dd> <\/dl> <\/div> <\/div>","protected":false},"excerpt":{"rendered":"<ul>\n<li> Regul\u0113jams mais\u012b\u0161anas \u0101trums: Ar maksim\u0101lo mais\u012b\u0161anas jaudu 3000 ml un maksim\u0101lo mais\u012b\u0161anas \u0101trumu 2000 apgr.\/min, m\u016bsu magn\u0113tiskajam mais\u012bt\u0101jam ir augst\u0101k\u0101s kvalit\u0101tes alum\u012bnija pl\u0101ksne ar regul\u0113jamu \u0101trumu. Pagrieziet pulkste\u0146r\u0101d\u012bt\u0101ja virzien\u0101, lai palielin\u0101tu mais\u012b\u0161anas \u0101trumu, un pret\u0113ji pulkste\u0146r\u0101d\u012bt\u0101ja virzienam, lai to samazin\u0101tu. <\/li>\n<li> Augsta stabilit\u0101te: \u0160ai magn\u0113tiskajai mais\u012b\u0161anas pl\u0101ksnei ir jaud\u012bgs magn\u0113tiskais kodols, kas ne\u013cauj mais\u012b\u0161anas stienim izkrist pat pie pilnas 3000 ml ietilp\u012bbas. Atg\u0101din\u0101jums: L\u016bdzu, izmantojiet komplekt\u0101 iek\u013cauto mais\u012b\u0161anas stieni \u0161\u0137\u012bdumu sajauk\u0161anai stikla m\u0113\u0123en\u0113s. <\/li>\n<li> Augstas kvalit\u0101tes materi\u0101li: m\u016bsu mais\u012b\u0161anas pl\u0101ksne ir izgatavota no augstas kvalit\u0101tes materi\u0101liem, t\u0101 ir iztur\u012bga pret r\u016bsu un koroziju, un to ir viegli t\u012br\u012bt. Nav viegli valk\u0101t pat ilgsto\u0161ai lieto\u0161anai. Ar kompaktu kop\u0113jo izm\u0113ru un vieglu dizainu ir \u0113rti p\u0101rn\u0113s\u0101t un lietot. <\/li>\n<li> Vienk\u0101r\u0161a lieto\u0161ana: Apr\u012bkots ar \u0101truma regul\u0113\u0161anas pogu, j\u016bs varat manu\u0101li regul\u0113t \u0101trumu prec\u012bzai kontrolei pla\u0161\u0101 \u0101trumu diapazon\u0101. Piln\u012bb\u0101 apr\u012bkots piederumu kl\u0101sts vienk\u0101r\u0161o \u0161\u0137idrumu sajauk\u0161anu. Ja jums ir k\u0101di jaut\u0101jumi, sazinieties ar mums, un m\u0113s atbild\u0113sim p\u0113c iesp\u0113jas \u0101tr\u0101k. <\/li>\n<li> Pla\u0161s pielietojums: Magn\u0113tiskais mais\u012bt\u0101js tiek pla\u0161i izmantots r\u016bpniec\u012bb\u0101, lauksaimniec\u012bb\u0101, vesel\u012bbas apr\u016bp\u0113, medic\u012bn\u0101, zin\u0101tniskaj\u0101 p\u0113tniec\u012bb\u0101 un universit\u0101\u0161u laboratorij\u0101s, kur nepiecie\u0161ama \u0161\u0137idrumu sajauk\u0161ana. L\u016bdzu, \u0146emiet v\u0113r\u0101, ka tas var nep\u0101rtraukti darboties 4 stundas liel\u0101 \u0101trum\u0101 un 8 stundas vid\u0113ja \u0101truma re\u017e\u012bm\u0101. <\/li>\n<\/ul>","protected":false},"featured_media":294539,"comment_status":"closed","ping_status":"open","template":"","meta":{"om_disable_all_campaigns":false,"_monsterinsights_skip_tracking":false,"_monsterinsights_sitenote_active":false,"_monsterinsights_sitenote_note":"","_monsterinsights_sitenote_category":0,"_uf_show_specific_survey":0,"_uf_disable_surveys":false},"location":[1935,1934],"product_brand":[21],"product_cat":[2680,2507,2506],"product_tag":[],"class_list":{"0":"post-33853","1":"product","2":"type-product","3":"status-publish","4":"has-post-thumbnail","6":"location-supplier_stock_location","7":"location-local_stock_location","8":"product_brand-vevor","9":"product_cat-magnetic-stirrers","10":"product_cat-office-supplies-storage-organization-2","11":"product_cat-storage-organization-2","13":"first","14":"outofstock","15":"taxable","16":"shipping-taxable","17":"purchasable","18":"product-type-simple"},"aioseo_notices":[],"jetpack_sharing_enabled":true,"locations":[{"id":1935,"name":"Pieg\u0101d\u0101ja noliktav\u0101 (5-7dd.d)","slug":"supplier_stock_location","quantity":"0"},{"id":1934,"name":"R\u012bgas veikal\u0101 (0-2d.d.)","slug":"local_stock_location","quantity":"0"}],"_links":{"self":[{"href":"https:\/\/vevorshop.lv\/lv\/wp-json\/wp\/v2\/product\/33853","targetHints":{"allow":["GET"]}}],"collection":[{"href":"https:\/\/vevorshop.lv\/lv\/wp-json\/wp\/v2\/product"}],"about":[{"href":"https:\/\/vevorshop.lv\/lv\/wp-json\/wp\/v2\/types\/product"}],"replies":[{"embeddable":true,"href":"https:\/\/vevorshop.lv\/lv\/wp-json\/wp\/v2\/comments?post=33853"}],"wp:featuredmedia":[{"embeddable":true,"href":"https:\/\/vevorshop.lv\/lv\/wp-json\/wp\/v2\/media\/294539"}],"wp:attachment":[{"href":"https:\/\/vevorshop.lv\/lv\/wp-json\/wp\/v2\/media?parent=33853"}],"wp:term":[{"taxonomy":"location","embeddable":true,"href":"https:\/\/vevorshop.lv\/lv\/wp-json\/wp\/v2\/location?post=33853"},{"taxonomy":"product_brand","embeddable":true,"href":"https:\/\/vevorshop.lv\/lv\/wp-json\/wp\/v2\/product_brand?post=33853"},{"taxonomy":"product_cat","embeddable":true,"href":"https:\/\/vevorshop.lv\/lv\/wp-json\/wp\/v2\/product_cat?post=33853"},{"taxonomy":"product_tag","embeddable":true,"href":"https:\/\/vevorshop.lv\/lv\/wp-json\/wp\/v2\/product_tag?post=33853"}],"curies":[{"name":"wp","href":"https:\/\/api.w.org\/{rel}","templated":true}]}}