{"id":37798,"date":"2024-11-19T02:55:29","date_gmt":"2024-11-19T02:55:29","guid":{"rendered":"http:\/\/vevorshop.edigo.lv\/Prece\/vevor-3000va-variable-voltage-transformer-10a-0-300v-ac-voltage-regulator-ce\/"},"modified":"2026-04-20T06:02:28","modified_gmt":"2026-04-20T03:02:28","slug":"vevor-3000va-variable-voltage-transformer-10a-0-300v-ac-voltage-regulator-ce","status":"publish","type":"product","link":"https:\/\/vevorshop.lv\/lv\/Prece\/vevor-3000va-mainiga-sprieguma-transformators-10a-0-300v-mainstravas-sprieguma-regulators-ce\/","title":{"rendered":"VEVOR 3000VA main\u012bgais sprieguma transformators, 10A 230V uz 0\u2013300V AC regulators ar dro\u0161in\u0101t\u0101jiem un termisko sl\u0113dzi, CE sertific\u0113ts"},"content":{"rendered":"<div style=\"color: #fff!important; font-size: 16px; height: 24px; line-height: 24px; margin-top: -24px; \" class=\"product_original_name\">VEVOR 3000VA Auto main\u012bga sprieguma transformators, 10 amp\u0113ri, 230 V ieeja 0-300 V izejas mai\u0146str\u0101vas sprieguma regulatora baro\u0161anas avots, ar 4 papildu dro\u0161in\u0101t\u0101ju termisk\u0101s vad\u012bbas sl\u0113dzi m\u0101jas r\u016bpniec\u012bbas birojam, CE sertific\u0113ts<\/div>\n<div style=\"color: #fff!important; font-size: 16px; height: 24px; line-height: 24px; margin-top: -24px; \" class=\"product_sku\">M4I4LB68<\/div>\n<div style=\"color: #fff!important; font-size: 16px; height: 24px; line-height: 24px; margin-top: -24px; \" class=\"product_mpn\">KBBYQZZBS300V4UUVV7<\/div><div id=\"js-DM_at-goodDescRich\"><html><head><style>  body {    font-family: Arial;    line-height: 1.5;    color: #1c1c1c;    overflow-x: hidden;    margin: 0;    padding: 0;  }  .MsoNormal b {    font-weight: bolder;  }<\/style><style>  .container.small {    width: 970px;    margin: 0 auto;  }  .logo {    margin: 0 auto 0;  }  .logo img {    display: block;    margin: 0 auto;    max-width: 100%;  }  .logo .pc-banner {    display: block;    width: 1200px;    height: 247.4px;    margin: 0 auto;  }  .logo .pc-banner.small {    width: 970px;  }  .logo .pc-banner.small img {    height: auto!important;  }  .logo .m-banner {    display: none;  }  .ytvideo {    position: relative;    height: 546px;    width: 100%;    margin: 0 auto;  }  .ytvideo img {    width: 100%;    margin: 0 auto;  }  .ytvideo .play-btn {    width: 60px;    height: 42px;    position: absolute;    top: 50%;    left: 50%;    transform: translate(-50%, -50%);    background: url(\"data:image\/png;base64,iVBORw0KGgoAAAANSUhEUgAAAGQAAABGCAMAAAANWMFbAAAC+lBMVEUAAADBGB3kLCfBGB3kLCfcJC7BFx3KKSbiKybkLCbWJCPSIiLSIiLPICHAFx3kLCfgKSXNHiDZJiTIGx\/p4eHcjo7LHSDbJyTkLCbjKyfOHyHPIiL28fHJHB\/GGh7EGR7eKCXDGB3RISHlLSbBGB3AFxzGHB7DGB7BGB3hKybkKybAFx3lLCfAFxzDGR3hKibDGB7cJyTmz8\/elJTlwcHjurrUIyLlLSflLSfAFx3DGR7lLSfCFx3hKibhKibhKybjKybkLCblLSfbJSX49vbx7e3NNzjNMTLMJyjVIyLZf3\/ZQ0LaeHjx0tLgoqLkLCfCGB3HGx\/BGB3BFx3PICHCGB7WJCLOHyC\/Fxy\/Fx3lLCfQISHkLSe\/FxzbJiTBFx3FGx\/AGB7BFx3EGR7AGB3HHSDfKiXAFh3TISHYNzbhKibbJyTTIiL57e325+f039\/v2NjUV1fOHiHiqanfmprch4feKSXVIyPOICHmLibFGh\/mLSe\/Fx7XJCPeKSXXJSPNHyHaJyTGGh7lLCbmLCflLSjSIiLkLCbdKSXLHiC\/GB3KHh++Fh3lKyfoLiXcKCPkx8fYb2\/XaGfVXl3aU1LLHiDksbHgKibPICHbJyTfKSXbJyTCGB3KHSDiKybFGh7TIiL\/\/\/\/VIyPRISHIHB\/GGx\/HHB\/DGR7gKibdKCXLHiDZJiTMHiDNHyHYJSTOICHPICHWJCPcKCXXJSPjLCblLCf+\/f3NGR\/uLijzLynPGR\/IGB7WISHaIyLLGh7UAADxLynNAADRLzDbICLQAADIAAD3MCrUHSHXMTDpKSbLAADp5OTij4\/ejo\/VLy\/1LyngJSTcJCPQHx\/OHB7+\/PzaMS\/OLS\/vLijrLSjSAADaNTPwLyjkKSbNJCbYISHPHB\/KGB7WAAD7+vrn3d3aKynTKCjoLCfsKifRGh\/YAADq5+fhjo7QNDXXKCfmJyXt5+fTLzDLLi\/QKivYHRvMGBrQJCXLISPMExXLDxLaEAvkkI\/bOTfaFQ\/SCgpvLcnHAAAAmnRSTlMA+vv7+gT9Bvf9+8z8\/NSv\/Pr5+P7++vnQIBMP\/v38\/Pn348XDiCYf9OjbzcqxXVcx\/fz8+\/rj1r2poo1+fXFqX0orGP7+\/v7+\/fz8+\/r68uzn4trIxsG\/vri3p6GcmZSNbWVYUUZEPQv+\/f39+\/v7+\/v7+vr64tvV1NTTz87FtbSurqeblJKFg4B3bUY+NjL7+\/v7+\/v67t1cDo8JLQAABkRJREFUWMO0kz9rwkAYh0OIeJkum6YugUAhISCdKoj\/P4C7SMdS+gEKIhSKil10LSg4mzXkILdlEpxCpwTiWOLX6BujvQaEQuGeHLnL+\/64J+SIcKGYTYWnntpdLjrVdqvZmNdn0+EE40GtpuuWVS6Xx6N7YDSGpWXpeq02wHgynM7q80az1a52HpddtVcpsi1zFARBrdaxbhp9iUReTGmwA4KAAr7vx3EYejnCMI6hQYEgy0LQi4jUN0wL19vqFcUC9\/1dAKmEEFkWRYkh5oBejnxQJiSJPJ\/uKBp0Thszx9Mw8hMRIQjKsptCfuES9zr5WJY6vSFCIvE9fCMUmEM1A1kSXcYGxgVYsvI1IPKTZciSTI0us\/SMGG04gDzELDoFBwdcFJrF88dqgYMTiL6DILWYyfOWE8\/kIz38olCNlC03FK95+imxp6y4oUSvAnBjHHhKNtotSDqJzVFiK8c2SBqhZtsrTtgrLXwAyduxZHNE26eHUt5rtuM4WSmds3G+sUdWYo1L+XyxButoh5eKUHk5lByO3G1LqqCWVnfrv\/lyPtf\/4ps1cndNGIri8J1TJ0lx6dR\/oPjq1nbRwdp2dCk4CtIOLW3pVKRL6WZfS5vF2KkIQhpwSsjiYIgNCs1gEMGqiIq24NQX9NwoXFy8Ufrl3twTcg4fv8T9\/JBEySduj6Mjm4bMzYV7EEOxKjjoNDud7yY3Dy71Hq2oLmqfbNR723edH9PgMrNL2utoQ3VmaIDkiw\/4w51P06hlZsTZvkRrbVuSIs\/zwSOsycgzStQouoAkWQqioRT5XI7n2Z1wfVhoZmcAJLsoqjqpjbWCgpOAJXBwHK8PzWbNvoUZJND5wCnSkLAkZ1legx6vqQzjoiTahKlGUGLAiIIoABOHaNVw4sexZBym6\/HWlH5h3IC7yRbxtipcWxdTOkORKiNQAEkFf66x5S2oeRbroOlLgg0sSYkR0hRGEqJZ0jTPiQKatESdBckpWigxaapEH0lImHdWu9pUFF2XqMNM2Z4kped7IwEJw2qabwtrQqnpw6HyKkgcadKWsmpywwesDyIhYRpdzXddqegtGIJlXbAIUMOLkGxJUjRIkokwjUaX9d\/kK62ps\/tYUqZLIMkLTyBhsMZ3C5Z\/kDxOSCb\/DOs\/\/J0qcWSX\/2ipe56EgTCA4\/cB7NAYOsni4mZM1MUPAISoEwkDi4lhVBQ1cWQyIcwalw4EpqZN68JUSK7XC0kTlkLYii5uXSC8jT5ncCAS7mjCv0uHp\/3lueHEEAeQ\/\/VgmdN71\/2uCSA1Xr6DO6uI6sW56zqT2tp2PhgiRUAajV8CY2fkcz6WGNKMgLAt7tJAhD4YHMTeRxlALE6+43WqjSWi8ITxyJl8WrwWSNESQZZOqhDDntO3hJLsd5RtSpbJqdv3YrDJH3F7jL1R2O2aQkn2MyCyKYz0GPGIvSAMgBCrCEiJyKbBaYGwLW4uPRr0A0M4Ux5kUI7IBh+hMdiCEWNqhMZGyYMsOgNE58UQuEQeUnSWCMYwL54hkxK6IoqucQZbQ3pc3XtL0lky1dL0zZJJDpWJovFqpWj6JEHnyam2eQp5QRVAVHjWparTOaVwUOx99YS2MvgxIGV0bb+qIg2HX2qkFFJB+XZcbLiuRkuxD9GRroKyveLxdh4d7Orx+hb7qc3uVRuEogCOnyIxm4ubUoPgF4jianDrC+SDQDKEfJb0GUKmjCGPYHGJvVC6X4hw1\/sAfQAdfYyephIaspXe36RwOP+Ljvfx9B6B3i+Nk0DGq+oCbLn6JpBa9nWAveAIHwFAwtVcIJXPMPL8kRu5OAYPMaL1WScTxjiZDqB9LTJSWphow\/pTYKRTLjCBhvi9iBidvKcDasGSm0QQkycYuLBqj6QCELPctqChDWpTRMWkngNNpQ1Pfp1KkiT\/Y0DGffXAweUNfLAfaJFKDwhb6I+bkYRbkERoEeu3Fyjg2opMz2daZCS9jt6Q7txNfB+OZEVF6Zl5web2xunnLQrtrjXseXKaFYziYINeMFZVxS9VxRhOoesYwxPKXm+gWLG9cuFeq93UNNeJNsf1KlwuDok9n02n3TgIJpOxNfL9naIoQwXtfH9kjceTIIi709ncTg6LZbg+biLH1V6u\/7rxBem06VXKn9raAAAAAElFTkSuQmCC\")      no-repeat center center \/ contain;  }  @media screen and (max-width: 960px) and (orientation: portrait) {    .logo {      width: 100%;    }    .logo .pc-banner {      display: none;    }    .logo .m-banner {      display: block;      width: 100%;    }    .logo .m-banner img {      height: auto!important;    }    .ytvideo {      height: 200px;      width: 100%;    }  }<\/style><style>  .video-section {    width: 100%;    margin: 0 auto;  }  .video-section > img {    width: 100%;  }  .video-section iframe,  .video-section video {    width: 100%;    height: 100%;      }  .video-section-img-m,  .video-section-img-pc > img {    width: 100%;    height: auto;  }  .video-section-img-pc.small > img {    width: 970px;  }  .video-desc {    line-height: 1.5;    font-size: 20px;    font-weight: 400;    margin: 20px 0;    text-align: center;    color: #0f1111;    word-break: break-word;  }  @media screen and (max-width: 960px) and (orientation: portrait) {    .video-section {      width: 100%;    }    .video-section-pc,    .video-section-img-pc {      display: none;    }    .video-section-m,    .video-section-img-m {      display: block;    }    .video-desc {      font-size: 15px;    }  }  @media screen and (min-width: 960px) {    .video-section {      width: 100%;      margin: 0 auto;    }    .video-section-pc,    .video-section-img-pc {      display: block;    }    .video-section-m,    .video-section-img-m {      display: none;    }    .video-desc {      font-size: 20px;    }  }<\/style><style>  .section + .section {    margin-top: 35px;  }  .section-title {    text-align: center;    font-weight: bold;    color: #0d1111;    font-family: \"Arial\";    font-size: 32px;    margin: 15px 0;  }  .section-title:empty {    display: none;  }  .section-desc {    text-align: center;    font-weight: normal;    color: #0d1111;    margin-top: 20px;  }  .section-desc:empty {    display: none;  }  .section-img {    width: 1200px;    height: 492px;    margin: 0 auto;    display: block;  }  .section-img.small {    width: 970px;    height: auto;  }  .section-img.small > img {    height: auto;  }  .section-img > img {    width: 100%;    height: 100%;  }  .section-mobile-img {    display: none;    max-width: 100vw;    max-height: 75vw;    height: 450px;    margin: 0 auto;  }  .section-mobile-img > img {    width: 100%;    height: 100%;  }  @media screen and (max-width: 960px) and (orientation: portrait) {    .container {      width: 100%;    }    .container.small {      width: 100%;    }    .section-mobile-img {      display: block;    }    .section-img {      display: none;    }    .section-title {      font-size: 22px;      margin: 10px 0;    }    .section-desc {      margin-top: 10px;    }    .section + .section {      margin-top: 20px;    }  }<\/style><\/head><body><div class=\"container\"><div class=\"logo\"><div class=\"pc-banner\"><div><img decoding=\"async\" src=\"\/vevor\/vevor\/boutique-banner\/pc\/en-pc@1x.jpg\" style=\"width: 100%;\" \/><\/div><\/div><div class=\"m-banner\"><div><img decoding=\"async\" src=\"\/vevor\/vevor\/boutique-banner\/mobile\/en-m@1x.jpg\" style=\"width: 100%;\" \/><\/div><\/div><\/div><div class=\"section-title\">3000VA main\u012bga sprieguma transformators<\/div><div class=\"video-section\"><div class=\"video-section-img-pc\"><img decoding=\"async\" src=\"\/vevor\/product\/KBBYQZZBS300V4UUV\/variable-transformer-a100-1.4.jpg\" \/><\/div><div class=\"video-section-img-m\"><img decoding=\"async\" src=\"\/vevor\/product\/KBBYQZZBS300V4UUV\/variable-transformer-a100-1.4-m.jpg\" \/><\/div><div class=\"section-desc\">P\u0101rveidojiet savu spriegumu ar precizit\u0101ti un sirdsmieru! M\u016bsu main\u012bg\u0101 sprieguma transformators pied\u0101v\u0101 0\u2013300 V regul\u0113\u0161anas diapazonu, dro\u0161in\u0101t\u0101jus, termisk\u0101s vad\u012bbas sl\u0113dzi, atiestat\u0101mu p\u0101rslodzes aizsargu un CE sertifik\u0101tu, nodro\u0161inot stabilu baro\u0161anas avotu.<\/div><\/div><div class=\"section\"><div class=\"section-title\"><\/div><div class=\"section-img\"><img decoding=\"async\" src=\"\/vevor\/product\/KBBYQZZBS300V4UUV\/variable-transformer-a100-2.2.jpg\" \/><\/div><div class=\"section-mobile-img\"><img decoding=\"async\" src=\"\/vevor\/product\/KBBYQZZBS300V4UUV\/variable-transformer-a100-2.2-m.jpg\" \/><\/div><div class=\"section-desc\">Viegli regul\u0113jiet savas elektrisk\u0101s ier\u012bces ar bezgal\u012bgu precizit\u0101ti, izmantojot aug\u0161pus\u0113 eso\u0161o sprieguma regul\u0113\u0161anas pogu. Izv\u0113lieties prec\u012bzu nepiecie\u0161amo spriegumu no 0 l\u012bdz 300 V, lai nodro\u0161in\u0101tu prec\u012bzu jaudas pieg\u0101di, kas piel\u0101gota j\u016bsu \u012bpa\u0161aj\u0101m pras\u012bb\u0101m.<\/div><\/div><div class=\"section\"><div class=\"section-title\"><\/div><div class=\"section-img\"><img decoding=\"async\" src=\"\/vevor\/product\/KBBYQZZBS300V4UUV\/variable-transformer-a100-2.3.jpg\" \/><\/div><div class=\"section-mobile-img\"><img decoding=\"async\" src=\"\/vevor\/product\/KBBYQZZBS300V4UUV\/variable-transformer-a100-2.3-m.jpg\" \/><\/div><div class=\"section-desc\">Neuztraucieties, ja negaid\u012bti p\u016b\u0161 dro\u0161in\u0101t\u0101js! M\u0113s esam nodro\u0161in\u0101ju\u0161i, ka esat p\u0101rkl\u0101ts ar 4 papildu dro\u0161in\u0101t\u0101jiem, padarot nomai\u0146u v\u0113smu. Saglab\u0101jiet savu apr\u012bkojumu aizsarg\u0101tu, neizlai\u017eot sitienu.<\/div><\/div><div class=\"section\"><div class=\"section-title\"><\/div><div class=\"section-img\"><img decoding=\"async\" src=\"\/vevor\/product\/KBBYQZZBS300V4UUV\/variable-transformer-a100-2.4.jpg\" \/><\/div><div class=\"section-mobile-img\"><img decoding=\"async\" src=\"\/vevor\/product\/KBBYQZZBS300V4UUV\/variable-transformer-a100-2.4-m.jpg\" \/><\/div><div class=\"section-desc\">M\u016bsu main\u012bg\u0101 sprieguma regulators ir bru\u0146ots ar ieb\u016bv\u0113t\u0101m vara spol\u0113m, kas aizsarg\u0101 j\u016bsu ier\u012bces no sprieguma sv\u0101rst\u012bb\u0101m k\u0101 cietoksnis. Tas nodro\u0161ina j\u016bsu iek\u0101rtu uzticam\u0101ku darb\u012bbu, pasarg\u0101jot t\u0101s no jebk\u0101diem elektriskiem trauc\u0113jumiem un saglab\u0101jot vienm\u0113r\u012bgu un dro\u0161u darb\u012bbu.<\/div><\/div><div class=\"section\"><div class=\"section-title\"><\/div><div class=\"section-img\"><img decoding=\"async\" src=\"\/vevor\/product\/KBBYQZZBS300V4UUV\/variable-transformer-a100-2.5.jpg\" \/><\/div><div class=\"section-mobile-img\"><img decoding=\"async\" src=\"\/vevor\/product\/KBBYQZZBS300V4UUV\/variable-transformer-a100-2.5-m.jpg\" \/><\/div><div class=\"section-desc\">M\u016bsu main\u012bg\u0101 sprieguma transformators ir lieliski piem\u0113rots jebkurai videi \u2014 m\u0101j\u0101m, r\u016bpniec\u012bbai vai birojam. Tas nodro\u0161ina, ka j\u016bsu ier\u012bces darbojas ar stabilu spriegumu, tie\u0161i risinot sprieguma nekonsekvences probl\u0113mas. Tas ne tikai garant\u0113 maksim\u0101lu veiktsp\u0113ju, bet ar\u012b pagarina j\u016bsu iek\u0101rtu kalpo\u0161anas laiku.<\/div><\/div><div class=\"section\"><div class=\"section-img\"><img decoding=\"async\" src=\"\/vevor\/product\/KBBYQZZBS300V4UUV\/variable-transformer-a100-1.11.jpg\" \/><\/div><div class=\"section-mobile-img\"><img decoding=\"async\" src=\"\/vevor\/product\/KBBYQZZBS300V4UUV\/variable-transformer-a100-1.11-m.jpg\" \/><\/div><\/div><\/div><\/body><\/html><\/div>\n<div class=\"DM_at-title\" id=\"js-DM_at-title\"> <div>Produkta specifik\u0101cija<\/div> <i class=\"icon-arrowup_line\"><\/i> <\/div><div class=\"DM_at-goodsDescAttr\" id=\"js-DM_at-goodsDescAttr\"> <div class=\"DM_at-goodsDescAttrInner\"> <dl class=\"goodsDesc_item goodsDesc_item_even\"> <dt>Preces Mode\u013ca Numurs<\/dt> <dd> TDGC2-3000VA<\/dd> <\/dl> <dl class=\"goodsDesc_item\"> <dt>Maksim\u0101l\u0101 izejas jauda<\/dt> <dd> 3000 VA<\/dd> <\/dl> <dl class=\"goodsDesc_item goodsDesc_item_even\"> <dt>Maksim\u0101l\u0101 Izejas Str\u0101va<\/dt> <dd> 10.A<\/dd> <\/dl> <dl class=\"goodsDesc_item\"> <dt>Ieejas Spriegums<\/dt> <dd> 230 V, 50 Hz<\/dd> <\/dl> <dl class=\"goodsDesc_item goodsDesc_item_even\"> <dt>Izejas Spriegums<\/dt> <dd> 0\u2013300 V<\/dd> <\/dl> <dl class=\"goodsDesc_item\"> <dt>Produkta Izm\u0113ri (L x W x H)<\/dt> <dd> 9,1 x 8,7 x 7,7 collas \/ 230 x 221 x 195 mm<\/dd> <\/dl> <dl class=\"goodsDesc_item goodsDesc_item_even\"> <dt>Neto Svars<\/dt> <dd> 21,6 m\u0101rci\u0146as \/ 9,8 kg<\/dd> <\/dl> <\/div> <\/div>","protected":false},"excerpt":{"rendered":"<ul>\n<li> Sprieguma kontroles elast\u012bba: Viegli regul\u0113jiet izejas spriegumu, lai neman\u0101mi kontrol\u0113tu spilgtumu, temperat\u016bru, \u0101trumu un citus parametrus \u2014 tie\u0161i j\u016bsu rokai sasniedzot. Neatkar\u012bgi no t\u0101, vai atrodaties m\u0101j\u0101s, biroj\u0101 vai r\u016bpniecisk\u0101 vid\u0113, m\u016bsu regulators nodro\u0161ina prec\u012bzu kontroli, lai apmierin\u0101tu da\u017e\u0101das vajadz\u012bbas, garant\u0113jot \u0113rt\u0101ku un efekt\u012bv\u0101ku lieto\u0161anas pieredzi. (Lai izmantotu \u0161o produktu, jums ir j\u0101nodro\u0161ina savs 2,5\u00a0\u33a1 vai biez\u0101ks vads.) <\/li>\n<li> 3000 VA main\u0101ms transformators: jauda: 3000 VA, ieejas spriegums: mai\u0146str\u0101va 230 V\/50 Hz, maksim\u0101l\u0101 izejas str\u0101va: 10 A, izejas sprieguma diapazons: 0\u2013300 V. Lai nodro\u0161in\u0101tu optim\u0101lu pieredzi, iesak\u0101m izv\u0113l\u0113ties main\u0101mu transformatoru, kura jauda ir vismaz par 25 % liel\u0101ka nek\u0101 j\u016bsu ier\u012b\u010du kop\u0113j\u0101 jauda. Tas nodro\u0161ina j\u016bsu iek\u0101rtu nevainojamu darb\u012bbu jebkuros apst\u0101k\u013cos, sniedzot jums nep\u0101rsp\u0113jamu kontroli un efektivit\u0101ti. <\/li>\n<li> Vair\u0101kas dro\u0161\u012bbas aizsardz\u012bbas: M\u016bsu main\u012bg\u0101 sprieguma transformators ir izstr\u0101d\u0101ts, \u0146emot v\u0113r\u0101 j\u016bsu dro\u0161\u012bbu, un taj\u0101 ir dro\u0161in\u0101t\u0101ji un termisk\u0101s vad\u012bbas sl\u0113dzis, kas nodro\u0161ina nep\u0101rtrauktu aizsardz\u012bbu j\u016bsu iek\u0101rt\u0101m. Ide\u0101li piem\u0113rots gan m\u0101jsaimniec\u012bbas, gan r\u016bpnieciskiem lietojumiem, m\u016bsu transformators rada dro\u0161u un stabilu sprieguma vidi vis\u0101m j\u016bsu ier\u012bc\u0113m. <\/li>\n<li> Iztur\u012bgs, CE sertific\u0113ts: Izbaudiet CE sertific\u0113tas kvalit\u0101tes garantiju ar m\u016bsu main\u012bg\u0101 sprieguma regulatoru. Izgatavots no biez\u0101ka met\u0101la korpusa, tas pied\u0101v\u0101 uzlabotu iztur\u012bbu un triecieniztur\u012bbu. Turkl\u0101t \u0161\u012bs ventil\u0101cijas atveres nodro\u0161ina \u0101tru siltuma izkliedi, lai nov\u0113rstu p\u0101rkar\u0161anu. Pa\u013caujieties uz m\u016bsu transformatoru, lai ieg\u016btu iztur\u012bgu risin\u0101jumu, kas iztur\u0113s laika p\u0101rbaudi. <\/li>\n<li> Precizit\u0101te j\u016bsu pirkstu galos: M\u016bsu main\u012bg\u0101 sprieguma transformators ir apr\u012bkots ar analogu skalu, kas \u013cauj \u0113rti uzraudz\u012bt str\u0101vas izejas spriegumu vien\u0101 mirkl\u012b. Viegli regul\u0113jiet spriegumu ar aug\u0161pus\u0113 uzst\u0101d\u012btu pogu, kas paredz\u0113ta komfortam un elast\u012bbai. Met\u0101la skalas pl\u0101ksnei ir skaidras, viegli nolas\u0101mas atz\u012bmes, kas \u013cauj \u0101tri iestat\u012bt tie\u0161i nepiecie\u0161amo spriegumu. <\/li>\n<\/ul>","protected":false},"featured_media":300574,"comment_status":"closed","ping_status":"open","template":"","meta":{"om_disable_all_campaigns":false,"_uf_show_specific_survey":0,"_uf_disable_surveys":false},"location":[1935,1934],"product_brand":[21],"product_cat":[34,2671,3998,2672],"product_tag":[],"class_list":{"0":"post-37798","1":"product","2":"type-product","3":"status-publish","4":"has-post-thumbnail","6":"location-supplier_stock_location","7":"location-local_stock_location","8":"product_brand-vevor","9":"product_cat-electrical","10":"product_cat-power-distribution","11":"product_cat-variable-transformer-voltage-transformers","12":"product_cat-voltage-transformers","14":"first","15":"outofstock","16":"taxable","17":"shipping-taxable","18":"purchasable","19":"product-type-simple"},"aioseo_notices":[],"locations":[{"id":1935,"name":"Pieg\u0101d\u0101ja noliktav\u0101 (5-7dd.d)","slug":"supplier_stock_location","quantity":"0"},{"id":1934,"name":"R\u012bgas veikal\u0101 (0-2d.d.)","slug":"local_stock_location","quantity":"0"}],"_links":{"self":[{"href":"https:\/\/vevorshop.lv\/lv\/wp-json\/wp\/v2\/product\/37798","targetHints":{"allow":["GET"]}}],"collection":[{"href":"https:\/\/vevorshop.lv\/lv\/wp-json\/wp\/v2\/product"}],"about":[{"href":"https:\/\/vevorshop.lv\/lv\/wp-json\/wp\/v2\/types\/product"}],"replies":[{"embeddable":true,"href":"https:\/\/vevorshop.lv\/lv\/wp-json\/wp\/v2\/comments?post=37798"}],"wp:featuredmedia":[{"embeddable":true,"href":"https:\/\/vevorshop.lv\/lv\/wp-json\/wp\/v2\/media\/300574"}],"wp:attachment":[{"href":"https:\/\/vevorshop.lv\/lv\/wp-json\/wp\/v2\/media?parent=37798"}],"wp:term":[{"taxonomy":"location","embeddable":true,"href":"https:\/\/vevorshop.lv\/lv\/wp-json\/wp\/v2\/location?post=37798"},{"taxonomy":"product_brand","embeddable":true,"href":"https:\/\/vevorshop.lv\/lv\/wp-json\/wp\/v2\/product_brand?post=37798"},{"taxonomy":"product_cat","embeddable":true,"href":"https:\/\/vevorshop.lv\/lv\/wp-json\/wp\/v2\/product_cat?post=37798"},{"taxonomy":"product_tag","embeddable":true,"href":"https:\/\/vevorshop.lv\/lv\/wp-json\/wp\/v2\/product_tag?post=37798"}],"curies":[{"name":"wp","href":"https:\/\/api.w.org\/{rel}","templated":true}]}}