{"id":39193,"date":"2024-11-19T04:14:58","date_gmt":"2024-11-19T04:14:58","guid":{"rendered":"http:\/\/vevorshop.edigo.lv\/Prece\/vevor-lab-rolling-cart-3-shelf-stainless-steel-rolling-cart-lab-serving-cart-with-swivel-casters-dental-utility-cart-for-clinic-lab-hospital-salon-26-38x15-55x34-13\/"},"modified":"2026-04-06T11:01:54","modified_gmt":"2026-04-06T08:01:54","slug":"vevor-lab-rolling-cart-3-shelf-stainless-steel-rolling-cart-lab-serving-cart-with-swivel-casters-dental-utility-cart-for-clinic-lab-hospital-salon-26-38x15-55x34-13","status":"publish","type":"product","link":"https:\/\/vevorshop.lv\/lv\/Prece\/vevor-laboratorijas-ritosais-grozs-3-plauktu-nerusejosa-terauda-ritosais-grozs-laboratorijas-apkalposanas-grozs-ar-grozamiem-riteniem-zobarstniecibas-piederumu-grozs-klinikai-laboratorijai-slimnicas-s\/","title":{"rendered":"VEVOR 3 l\u012bme\u0146u ner\u016bs\u0113jo\u0161\u0101 t\u0113rauda laboratorijas rati\u0146i ar groz\u0101miem ritenti\u0146iem, 70x395x867 mm, kl\u012bnik\u0101m, salonam, slimn\u012bcai"},"content":{"rendered":"<div style=\"color: #fff!important; font-size: 16px; height: 24px; line-height: 24px; margin-top: -24px; \" class=\"product_original_name\">VEVOR Lab Rolling Cart, 3-Shelf Stainless Steel Rolling Cart, Lab Serving Cart with Swivel Casters, Dental Utility Cart for Clinic, Lab, Hospital, Salon, 70 x 395 x 867 mm<\/div>\n<div style=\"color: #fff!important; font-size: 16px; height: 24px; line-height: 24px; margin-top: -24px; \" class=\"product_sku\">M4I4LD2P<\/div>\n<div style=\"color: #fff!important; font-size: 16px; height: 24px; line-height: 24px; margin-top: -24px; \" class=\"product_mpn\">SYSST42014303UK85V0<\/div><div id=\"js-DM_at-goodDescRich\"><html><head><style>  body {    font-family: Arial;    line-height: 1.5;    color: #1c1c1c;    overflow-x: hidden;    margin: 0;    padding: 0;  }  .MsoNormal b {    font-weight: bolder;  }<\/style><style>  .container.small {    width: 970px;    margin: 0 auto;  }  .logo {    margin: 0 auto 0;  }  .logo img {    display: block;    margin: 0 auto;    max-width: 100%;  }  .logo .pc-banner {    display: block;    width: 1200px;    height: 247.4px;    margin: 0 auto;  }  .logo .pc-banner.small {    width: 970px;  }  .logo .pc-banner.small img {    height: auto!important;  }  .logo .m-banner {    display: none;  }  .ytvideo {    position: relative;    height: 546px;    width: 100%;    margin: 0 auto;  }  .ytvideo img {    width: 100%;    margin: 0 auto;  }  .ytvideo .play-btn {    width: 60px;    height: 42px;    position: absolute;    top: 50%;    left: 50%;    transform: translate(-50%, -50%);    background: url(\"data:image\/png;base64,iVBORw0KGgoAAAANSUhEUgAAAGQAAABGCAMAAAANWMFbAAAC+lBMVEUAAADBGB3kLCfBGB3kLCfcJC7BFx3KKSbiKybkLCbWJCPSIiLSIiLPICHAFx3kLCfgKSXNHiDZJiTIGx\/p4eHcjo7LHSDbJyTkLCbjKyfOHyHPIiL28fHJHB\/GGh7EGR7eKCXDGB3RISHlLSbBGB3AFxzGHB7DGB7BGB3hKybkKybAFx3lLCfAFxzDGR3hKibDGB7cJyTmz8\/elJTlwcHjurrUIyLlLSflLSfAFx3DGR7lLSfCFx3hKibhKibhKybjKybkLCblLSfbJSX49vbx7e3NNzjNMTLMJyjVIyLZf3\/ZQ0LaeHjx0tLgoqLkLCfCGB3HGx\/BGB3BFx3PICHCGB7WJCLOHyC\/Fxy\/Fx3lLCfQISHkLSe\/FxzbJiTBFx3FGx\/AGB7BFx3EGR7AGB3HHSDfKiXAFh3TISHYNzbhKibbJyTTIiL57e325+f039\/v2NjUV1fOHiHiqanfmprch4feKSXVIyPOICHmLibFGh\/mLSe\/Fx7XJCPeKSXXJSPNHyHaJyTGGh7lLCbmLCflLSjSIiLkLCbdKSXLHiC\/GB3KHh++Fh3lKyfoLiXcKCPkx8fYb2\/XaGfVXl3aU1LLHiDksbHgKibPICHbJyTfKSXbJyTCGB3KHSDiKybFGh7TIiL\/\/\/\/VIyPRISHIHB\/GGx\/HHB\/DGR7gKibdKCXLHiDZJiTMHiDNHyHYJSTOICHPICHWJCPcKCXXJSPjLCblLCf+\/f3NGR\/uLijzLynPGR\/IGB7WISHaIyLLGh7UAADxLynNAADRLzDbICLQAADIAAD3MCrUHSHXMTDpKSbLAADp5OTij4\/ejo\/VLy\/1LyngJSTcJCPQHx\/OHB7+\/PzaMS\/OLS\/vLijrLSjSAADaNTPwLyjkKSbNJCbYISHPHB\/KGB7WAAD7+vrn3d3aKynTKCjoLCfsKifRGh\/YAADq5+fhjo7QNDXXKCfmJyXt5+fTLzDLLi\/QKivYHRvMGBrQJCXLISPMExXLDxLaEAvkkI\/bOTfaFQ\/SCgpvLcnHAAAAmnRSTlMA+vv7+gT9Bvf9+8z8\/NSv\/Pr5+P7++vnQIBMP\/v38\/Pn348XDiCYf9OjbzcqxXVcx\/fz8+\/rj1r2poo1+fXFqX0orGP7+\/v7+\/fz8+\/r68uzn4trIxsG\/vri3p6GcmZSNbWVYUUZEPQv+\/f39+\/v7+\/v7+vr64tvV1NTTz87FtbSurqeblJKFg4B3bUY+NjL7+\/v7+\/v67t1cDo8JLQAABkRJREFUWMO0kz9rwkAYh0OIeJkum6YugUAhISCdKoj\/P4C7SMdS+gEKIhSKil10LSg4mzXkILdlEpxCpwTiWOLX6BujvQaEQuGeHLnL+\/64J+SIcKGYTYWnntpdLjrVdqvZmNdn0+EE40GtpuuWVS6Xx6N7YDSGpWXpeq02wHgynM7q80az1a52HpddtVcpsi1zFARBrdaxbhp9iUReTGmwA4KAAr7vx3EYejnCMI6hQYEgy0LQi4jUN0wL19vqFcUC9\/1dAKmEEFkWRYkh5oBejnxQJiSJPJ\/uKBp0Thszx9Mw8hMRIQjKsptCfuES9zr5WJY6vSFCIvE9fCMUmEM1A1kSXcYGxgVYsvI1IPKTZciSTI0us\/SMGG04gDzELDoFBwdcFJrF88dqgYMTiL6DILWYyfOWE8\/kIz38olCNlC03FK95+imxp6y4oUSvAnBjHHhKNtotSDqJzVFiK8c2SBqhZtsrTtgrLXwAyduxZHNE26eHUt5rtuM4WSmds3G+sUdWYo1L+XyxButoh5eKUHk5lByO3G1LqqCWVnfrv\/lyPtf\/4ps1cndNGIri8J1TJ0lx6dR\/oPjq1nbRwdp2dCk4CtIOLW3pVKRL6WZfS5vF2KkIQhpwSsjiYIgNCs1gEMGqiIq24NQX9NwoXFy8Ufrl3twTcg4fv8T9\/JBEySduj6Mjm4bMzYV7EEOxKjjoNDud7yY3Dy71Hq2oLmqfbNR723edH9PgMrNL2utoQ3VmaIDkiw\/4w51P06hlZsTZvkRrbVuSIs\/zwSOsycgzStQouoAkWQqioRT5XI7n2Z1wfVhoZmcAJLsoqjqpjbWCgpOAJXBwHK8PzWbNvoUZJND5wCnSkLAkZ1legx6vqQzjoiTahKlGUGLAiIIoABOHaNVw4sexZBym6\/HWlH5h3IC7yRbxtipcWxdTOkORKiNQAEkFf66x5S2oeRbroOlLgg0sSYkR0hRGEqJZ0jTPiQKatESdBckpWigxaapEH0lImHdWu9pUFF2XqMNM2Z4kped7IwEJw2qabwtrQqnpw6HyKkgcadKWsmpywwesDyIhYRpdzXddqegtGIJlXbAIUMOLkGxJUjRIkokwjUaX9d\/kK62ps\/tYUqZLIMkLTyBhsMZ3C5Z\/kDxOSCb\/DOs\/\/J0qcWSX\/2ipe56EgTCA4\/cB7NAYOsni4mZM1MUPAISoEwkDi4lhVBQ1cWQyIcwalw4EpqZN68JUSK7XC0kTlkLYii5uXSC8jT5ncCAS7mjCv0uHp\/3lueHEEAeQ\/\/VgmdN71\/2uCSA1Xr6DO6uI6sW56zqT2tp2PhgiRUAajV8CY2fkcz6WGNKMgLAt7tJAhD4YHMTeRxlALE6+43WqjSWi8ITxyJl8WrwWSNESQZZOqhDDntO3hJLsd5RtSpbJqdv3YrDJH3F7jL1R2O2aQkn2MyCyKYz0GPGIvSAMgBCrCEiJyKbBaYGwLW4uPRr0A0M4Ux5kUI7IBh+hMdiCEWNqhMZGyYMsOgNE58UQuEQeUnSWCMYwL54hkxK6IoqucQZbQ3pc3XtL0lky1dL0zZJJDpWJovFqpWj6JEHnyam2eQp5QRVAVHjWparTOaVwUOx99YS2MvgxIGV0bb+qIg2HX2qkFFJB+XZcbLiuRkuxD9GRroKyveLxdh4d7Orx+hb7qc3uVRuEogCOnyIxm4ubUoPgF4jianDrC+SDQDKEfJb0GUKmjCGPYHGJvVC6X4hw1\/sAfQAdfYyephIaspXe36RwOP+Ljvfx9B6B3i+Nk0DGq+oCbLn6JpBa9nWAveAIHwFAwtVcIJXPMPL8kRu5OAYPMaL1WScTxjiZDqB9LTJSWphow\/pTYKRTLjCBhvi9iBidvKcDasGSm0QQkycYuLBqj6QCELPctqChDWpTRMWkngNNpQ1Pfp1KkiT\/Y0DGffXAweUNfLAfaJFKDwhb6I+bkYRbkERoEeu3Fyjg2opMz2daZCS9jt6Q7txNfB+OZEVF6Zl5web2xunnLQrtrjXseXKaFYziYINeMFZVxS9VxRhOoesYwxPKXm+gWLG9cuFeq93UNNeJNsf1KlwuDok9n02n3TgIJpOxNfL9naIoQwXtfH9kjceTIIi709ncTg6LZbg+biLH1V6u\/7rxBem06VXKn9raAAAAAElFTkSuQmCC\")      no-repeat center center \/ contain;  }  @media screen and (max-width: 960px) and (orientation: portrait) {    .logo {      width: 100%;    }    .logo .pc-banner {      display: none;    }    .logo .m-banner {      display: block;      width: 100%;    }    .logo .m-banner img {      height: auto!important;    }    .ytvideo {      height: 200px;      width: 100%;    }  }<\/style><style>  .video-section {    width: 100%;    margin: 0 auto;  }  .video-section > img {    width: 100%;  }  .video-section iframe,  .video-section video {    width: 100%;    height: 100%;      }  .video-section-img-m,  .video-section-img-pc > img {    width: 100%;    height: auto;  }  .video-section-img-pc.small > img {    width: 970px;  }  .video-desc {    line-height: 1.5;    font-size: 20px;    font-weight: 400;    margin: 20px 0;    text-align: center;    color: #0f1111;    word-break: break-word;  }  @media screen and (max-width: 960px) and (orientation: portrait) {    .video-section {      width: 100%;    }    .video-section-pc,    .video-section-img-pc {      display: none;    }    .video-section-m,    .video-section-img-m {      display: block;    }    .video-desc {      font-size: 15px;    }  }  @media screen and (min-width: 960px) {    .video-section {      width: 100%;      margin: 0 auto;    }    .video-section-pc,    .video-section-img-pc {      display: block;    }    .video-section-m,    .video-section-img-m {      display: none;    }    .video-desc {      font-size: 20px;    }  }<\/style><style>  .section + .section {    margin-top: 35px;  }  .section-title {    text-align: center;    font-weight: bold;    color: #0d1111;    font-family: \"Arial\";    font-size: 32px;    margin: 15px 0;  }  .section-title:empty {    display: none;  }  .section-desc {    text-align: center;    font-weight: normal;    color: #0d1111;    margin-top: 20px;  }  .section-desc:empty {    display: none;  }  .section-img {    width: 1200px;    height: 492px;    margin: 0 auto;    display: block;  }  .section-img.small {    width: 970px;    height: auto;  }  .section-img.small > img {    height: auto;  }  .section-img > img {    width: 100%;    height: 100%;  }  .section-mobile-img {    display: none;    max-width: 100vw;    max-height: 75vw;    height: 450px;    margin: 0 auto;  }  .section-mobile-img > img {    width: 100%;    height: 100%;  }  @media screen and (max-width: 960px) and (orientation: portrait) {    .container {      width: 100%;    }    .container.small {      width: 100%;    }    .section-mobile-img {      display: block;    }    .section-img {      display: none;    }    .section-title {      font-size: 22px;      margin: 10px 0;    }    .section-desc {      margin-top: 10px;    }    .section + .section {      margin-top: 20px;    }  }<\/style><\/head><body><div class=\"container\"><div class=\"logo\"><div class=\"pc-banner\"><div><img decoding=\"async\" src=\"\/vevor\/vevor\/boutique-banner\/pc\/en-pc@1x.jpg\" style=\"width: 100%;\" \/><\/div><\/div><div class=\"m-banner\"><div><img decoding=\"async\" src=\"\/vevor\/vevor\/boutique-banner\/mobile\/en-m@1x.jpg\" style=\"width: 100%;\" \/><\/div><\/div><\/div><div class=\"section-title\">3 plauktu mobilais laboratorijas rati\u0146i<\/div><div class=\"video-section\"><div class=\"video-section-img-pc\"><img decoding=\"async\" src=\"\/vevor\/product\/SYSST42014303UK85\/lab-cart-a100-1.4.jpg\" \/><\/div><div class=\"video-section-img-m\"><img decoding=\"async\" src=\"\/vevor\/product\/SYSST42014303UK85\/lab-cart-a100-1.4-m.jpg\" \/><\/div><div class=\"section-desc\">Ner\u016bs\u0113jo\u0161\u0101 t\u0113rauda laboratorijas rati\u0146i var iztur\u0113t svaru l\u012bdz 100 kg. \u0160iem laboratorijas rati\u0146iem ir 3 plaukti, kas optimiz\u0113 uzglab\u0101\u0161anas risin\u0101jumus. 4 rite\u0146i (2 nofiks\u0113jami) nodro\u0161ina vienm\u0113r\u012bgu p\u0101rvieto\u0161anos. Piem\u0113rots laboratorij\u0101m, kl\u012bnik\u0101m, SPA, skaistumkop\u0161anas saloniem utt.<\/div><\/div><div class=\"section\"><div class=\"section-title\"><\/div><div class=\"section-img\"><img decoding=\"async\" src=\"\/vevor\/product\/SYSST42014303UK85\/lab-cart-a100-2.2.jpg\" \/><\/div><div class=\"section-mobile-img\"><img decoding=\"async\" src=\"\/vevor\/product\/SYSST42014303UK85\/lab-cart-a100-2.2-m.jpg\" \/><\/div><div class=\"section-desc\">\u0160ie iztur\u012bgie laboratorijas rati\u0146i ir izgatavoti no ner\u016bs\u0113jo\u0161\u0101 t\u0113rauda, \u200b\u200bpadarot tos stabilus un slodzi neso\u0161us. Tie viegli ripo, sp\u0113j iztur\u0113t aptuveni 220 m\u0101rci\u0146u svaru. Pietiekami stabili pat ar lielu slodzi.<\/div><\/div><div class=\"section\"><div class=\"section-title\"><\/div><div class=\"section-img\"><img decoding=\"async\" src=\"\/vevor\/product\/SYSST42014303UK85\/lab-cart-a100-2.3.jpg\" \/><\/div><div class=\"section-mobile-img\"><img decoding=\"async\" src=\"\/vevor\/product\/SYSST42014303UK85\/lab-cart-a100-2.3-m.jpg\" \/><\/div><div class=\"section-desc\">\u010cetri 360\u00b0 groz\u0101mi rite\u0146i (2 rite\u0146i ir nofiks\u0113jami) nodro\u0161ina \u0113rtu mobilit\u0101ti smaga apr\u012bkojuma transport\u0113\u0161anai. Saglab\u0101jiet kontroli p\u0101r p\u0101rvieto\u0161anu un nostiprin\u0101\u0161anu jebkur.<\/div><\/div><div class=\"section\"><div class=\"section-title\"><\/div><div class=\"section-img\"><img decoding=\"async\" src=\"\/vevor\/product\/SYSST42014303UK85\/lab-cart-a100-2.4.jpg\" \/><\/div><div class=\"section-mobile-img\"><img decoding=\"async\" src=\"\/vevor\/product\/SYSST42014303UK85\/lab-cart-a100-2.4-m.jpg\" \/><\/div><div class=\"section-desc\">Tr\u012bs plauktu dizains nodro\u0161ina atsevi\u0161\u0137u un pla\u0161u uzglab\u0101\u0161anas vietu da\u017e\u0101diem priek\u0161metiem. Glab\u0101jiet visu savu apr\u012bkojumu sak\u0101rtotu. Pateicoties margu aizsargam, varat vairs neuztraukties par priek\u0161metu izkri\u0161anu no rati\u0146iem.<\/div><\/div><div class=\"section\"><div class=\"section-title\"><\/div><div class=\"section-img\"><img decoding=\"async\" src=\"\/vevor\/product\/SYSST42014303UK85\/lab-cart-a100-2.5.jpg\" \/><\/div><div class=\"section-mobile-img\"><img decoding=\"async\" src=\"\/vevor\/product\/SYSST42014303UK85\/lab-cart-a100-2.5-m.jpg\" \/><\/div><div class=\"section-desc\">\u0160ie laboratorijas rati\u0146i \u013cauj \u0113rti uztur\u0113t laboratorijas piederumus. Tie ir piem\u0113roti laboratorij\u0101m, skol\u0101m, universit\u0101t\u0113m, saloniem utt. Ide\u0101li piem\u0113roti priek\u0161metu uzglab\u0101\u0161anai, sak\u0101rto\u0161anai un transport\u0113\u0161anai.<\/div><\/div><div class=\"section\"><div class=\"section-img\"><img decoding=\"async\" src=\"\/vevor\/product\/SYSST42014303UK85\/lab-cart-a100-1.11.jpg\" \/><\/div><div class=\"section-mobile-img\"><img decoding=\"async\" src=\"\/vevor\/product\/SYSST42014303UK85\/lab-cart-a100-1.11-m.jpg\" \/><\/div><\/div><\/div><\/body><\/html><\/div>\n<div class=\"DM_at-title\" id=\"js-DM_at-title\"> <div>Produkta specifik\u0101cija<\/div> <i class=\"icon-arrowup_line\"><\/i> <\/div><div class=\"DM_at-goodsDescAttr\" id=\"js-DM_at-goodsDescAttr\"> <div class=\"DM_at-goodsDescAttrInner\"> <dl class=\"goodsDesc_item goodsDesc_item_even\"> <dt>Preces Mode\u013ca Numurs<\/dt> <dd> K-ST756<\/dd> <\/dl> <dl class=\"goodsDesc_item\"> <dt>Materi\u0101ls<\/dt> <dd> Ner\u016bs\u0113jo\u0161\u0101 T\u0113rauda<\/dd> <\/dl> <dl class=\"goodsDesc_item goodsDesc_item_even\"> <dt>Sl\u0101nis<\/dt> <dd> 3<\/dd> <\/dl> <dl class=\"goodsDesc_item\"> <dt>Rite\u0146u<\/dt> <dd> Visvirzienu, aizsl\u0113dzams<\/dd> <\/dl> <dl class=\"goodsDesc_item goodsDesc_item_even\"> <dt>Maksim\u0101l\u0101 svara iztur\u012bba<\/dt> <dd> 220 m\u0101rci\u0146as\/100 kg<\/dd> <\/dl> <dl class=\"goodsDesc_item\"> <dt>Produkta Izm\u0113ri<\/dt> <dd> 26,38 x 15,55 x 34,13 collas\/670 x 395 x 867 mm<\/dd> <\/dl> <dl class=\"goodsDesc_item goodsDesc_item_even\"> <dt>Produkta Svars<\/dt> <dd> 13,84 m\u0101rci\u0146as\/6,28 kg<\/dd> <\/dl> <\/div> <\/div>","protected":false},"excerpt":{"rendered":"<ul>\n<li> Iztur\u012bgs tr\u012bs l\u012bme\u0146u dizains: M\u016bsu laboratorijas rati\u0146i ar trim plauktiem pied\u0101v\u0101 pietiekami daudz vietas medic\u012bnas un laboratorijas apr\u012bkojumam. To izm\u0113ri ir 26,38 collas x 15,55 collas x 34,13 collas, un tie nodro\u0161ina pla\u0161u vietu starp plauktiem lielu priek\u0161metu glab\u0101\u0161anai. Ar ieb\u016bv\u0113t\u0101m marg\u0101m tie nodro\u0161ina priek\u0161metu dro\u0161\u012bbu transport\u0113\u0161anas laik\u0101. <\/li>\n<li> Iztur\u012bgs ner\u016bs\u0113jo\u0161ais t\u0113rauds: \u0160ie laboratorijas rati\u0146i, kas izgatavoti no cieta ner\u016bs\u0113jo\u0161\u0101 t\u0113rauda, \u200b\u200bvar iztur\u0113t l\u012bdz 220 m\u0101rci\u0146\u0101m apr\u012bkojuma un piederumu. To r\u016bsas iztur\u012bg\u0101 virsma nodro\u0161ina vieglu t\u012br\u012b\u0161anu, padarot tos ide\u0101li piem\u0113rotus laboratorijas videi. <\/li>\n<li> Nevainojama mobilit\u0101te: Apr\u012bkoti ar \u010detriem univers\u0101liem rite\u0146iem un klusiem riten\u012b\u0161iem, \u0161ie rati\u0146i p\u0101rvietojas vienm\u0113r\u012bgi pat piln\u012bb\u0101 piekrauti. Divi blo\u0137\u0113jami riten\u012b\u0161i nodro\u0161ina stabilit\u0101ti uz nel\u012bdzen\u0101m virsm\u0101m. Platais rokturis nodro\u0161ina \u0113rtu satv\u0113rienu vieglai manevr\u0113\u0161anai. <\/li>\n<li> Daudzpus\u012bgs pielietojums: \u0160ie serv\u0113\u0161anas rati\u0146i ir ide\u0101li piem\u0113roti medic\u012bnas instrumentu vai skaistumkop\u0161anas piederumu glab\u0101\u0161anai un tiek pla\u0161i izmantoti slimn\u012bc\u0101s, skaistumkop\u0161anas salonos, kl\u012bnik\u0101s, spa, tetov\u0113\u0161anas studij\u0101s un zooveikalos. <\/li>\n<li> \u0100tra mont\u0101\u017ea: Laboratorijas rati\u0146i ir patie\u0161\u0101m \u0113rti ikdienas lieto\u0161anai. Nepiecie\u0161amas minim\u0101las mont\u0101\u017eas p\u016bles, t\u0101p\u0113c \u0161os rati\u0146us var viegli salikt 10 min\u016bt\u0113s. Koncentr\u0113jieties uz savu n\u0101kamo lielo projektu \u0101tr\u0101k, pateicoties m\u016bsu \u0101trajai uzst\u0101d\u012b\u0161anai. <\/li>\n<\/ul>","protected":false},"featured_media":302670,"comment_status":"closed","ping_status":"open","template":"","meta":{"om_disable_all_campaigns":false,"_monsterinsights_skip_tracking":false,"_monsterinsights_sitenote_active":false,"_monsterinsights_sitenote_note":"","_monsterinsights_sitenote_category":0,"_uf_show_specific_survey":0,"_uf_disable_surveys":false},"location":[1935,1934],"product_brand":[21],"product_cat":[3392,2630,3393,2506],"product_tag":[],"class_list":{"0":"post-39193","1":"product","2":"type-product","3":"status-publish","4":"has-post-thumbnail","6":"location-supplier_stock_location","7":"location-local_stock_location","8":"product_brand-vevor","9":"product_cat-carts-garage-storage","10":"product_cat-garage-storage","11":"product_cat-lab-carts-carts-garage-storage","12":"product_cat-storage-organization-2","14":"first","15":"instock","16":"taxable","17":"shipping-taxable","18":"purchasable","19":"product-type-simple"},"aioseo_notices":[],"jetpack_sharing_enabled":true,"locations":[{"id":1935,"name":"Pieg\u0101d\u0101t\u0101ja noliktav\u0101 (5-7d.d.)","slug":"supplier_stock_location","quantity":"198"},{"id":1934,"name":"R\u012bgas veikal\u0101 (0-2d.d.)","slug":"local_stock_location","quantity":"0"}],"_links":{"self":[{"href":"https:\/\/vevorshop.lv\/lv\/wp-json\/wp\/v2\/product\/39193","targetHints":{"allow":["GET"]}}],"collection":[{"href":"https:\/\/vevorshop.lv\/lv\/wp-json\/wp\/v2\/product"}],"about":[{"href":"https:\/\/vevorshop.lv\/lv\/wp-json\/wp\/v2\/types\/product"}],"replies":[{"embeddable":true,"href":"https:\/\/vevorshop.lv\/lv\/wp-json\/wp\/v2\/comments?post=39193"}],"wp:featuredmedia":[{"embeddable":true,"href":"https:\/\/vevorshop.lv\/lv\/wp-json\/wp\/v2\/media\/302670"}],"wp:attachment":[{"href":"https:\/\/vevorshop.lv\/lv\/wp-json\/wp\/v2\/media?parent=39193"}],"wp:term":[{"taxonomy":"location","embeddable":true,"href":"https:\/\/vevorshop.lv\/lv\/wp-json\/wp\/v2\/location?post=39193"},{"taxonomy":"product_brand","embeddable":true,"href":"https:\/\/vevorshop.lv\/lv\/wp-json\/wp\/v2\/product_brand?post=39193"},{"taxonomy":"product_cat","embeddable":true,"href":"https:\/\/vevorshop.lv\/lv\/wp-json\/wp\/v2\/product_cat?post=39193"},{"taxonomy":"product_tag","embeddable":true,"href":"https:\/\/vevorshop.lv\/lv\/wp-json\/wp\/v2\/product_tag?post=39193"}],"curies":[{"name":"wp","href":"https:\/\/api.w.org\/{rel}","templated":true}]}}