{"id":41630,"date":"2024-11-19T06:36:06","date_gmt":"2024-11-19T06:36:06","guid":{"rendered":"http:\/\/vevorshop.edigo.lv\/Prece\/vevor-flash-dryer-6000w-19-x-21-inch-automatic-infrared-ir-silk-screen-dryer\/"},"modified":"2026-04-20T05:20:52","modified_gmt":"2026-04-20T02:20:52","slug":"vevor-flash-dryer-6000w-19-x-21-inch-automatic-infrared-ir-silk-screen-dryer","status":"publish","type":"product","link":"https:\/\/vevorshop.lv\/lv\/Prece\/vevor-zibspuldzes-zavetajs-6000w-19-x-21-collu-automatiskais-infrasarkano-staru-infrasarkano-staru-zida-sieta-zavetajs\/","title":{"rendered":"VEVOR 6000W infrasarkanais \u017e\u0101v\u0113t\u0101js sietspiedei, 48\u00d753cm, ar sensoru, regul\u0113jams augstums, dubult\u0101 ventilatora dzes\u0113\u0161ana"},"content":{"rendered":"<div style=\"color: #fff!important; font-size: 16px; height: 24px; line-height: 24px; margin-top: -24px; \" class=\"product_original_name\">VEVOR zibspuldzes \u017e\u0101v\u0113t\u0101js, 6000W 19 x 21 collu autom\u0101tiskais infrasarkanais IR zibspuldzes \u017e\u0101v\u0113t\u0101js sietspiedei, z\u012bda ekr\u0101na \u017e\u0101v\u0113t\u0101js ar sensoru, regul\u0113jams augstums, divu ventilatoru dzes\u0113\u0161ana, T-kreklam<\/div>\n<div style=\"color: #fff!important; font-size: 16px; height: 24px; line-height: 24px; margin-top: -24px; \" class=\"product_sku\">M4I4LGF6<\/div>\n<div style=\"color: #fff!important; font-size: 16px; height: 24px; line-height: 24px; margin-top: -24px; \" class=\"product_mpn\">WKSWBHGJ20X2V9QWKV2<\/div><div id=\"js-DM_at-goodDescRich\"><html><head><style>  body {    font-family: Arial;    line-height: 1.5;    color: #1c1c1c;    overflow-x: hidden;    margin: 0;    padding: 0;  }  .MsoNormal b {    font-weight: bolder;  }<\/style><style>  .container.small {    width: 970px;    margin: 0 auto;  }  .logo {    margin: 0 auto 0;  }  .logo img {    display: block;    margin: 0 auto;    max-width: 100%;  }  .logo .pc-banner {    display: block;    width: 1200px;    height: 247.4px;    margin: 0 auto;  }  .logo .pc-banner.small {    width: 970px;  }  .logo .pc-banner.small img {    height: auto!important;  }  .logo .m-banner {    display: none;  }  .ytvideo {    position: relative;    height: 546px;    width: 100%;    margin: 0 auto;  }  .ytvideo img {    width: 100%;    margin: 0 auto;  }  .ytvideo .play-btn {    width: 60px;    height: 42px;    position: absolute;    top: 50%;    left: 50%;    transform: translate(-50%, -50%);    background: url(\"data:image\/png;base64,iVBORw0KGgoAAAANSUhEUgAAAGQAAABGCAMAAAANWMFbAAAC+lBMVEUAAADBGB3kLCfBGB3kLCfcJC7BFx3KKSbiKybkLCbWJCPSIiLSIiLPICHAFx3kLCfgKSXNHiDZJiTIGx\/p4eHcjo7LHSDbJyTkLCbjKyfOHyHPIiL28fHJHB\/GGh7EGR7eKCXDGB3RISHlLSbBGB3AFxzGHB7DGB7BGB3hKybkKybAFx3lLCfAFxzDGR3hKibDGB7cJyTmz8\/elJTlwcHjurrUIyLlLSflLSfAFx3DGR7lLSfCFx3hKibhKibhKybjKybkLCblLSfbJSX49vbx7e3NNzjNMTLMJyjVIyLZf3\/ZQ0LaeHjx0tLgoqLkLCfCGB3HGx\/BGB3BFx3PICHCGB7WJCLOHyC\/Fxy\/Fx3lLCfQISHkLSe\/FxzbJiTBFx3FGx\/AGB7BFx3EGR7AGB3HHSDfKiXAFh3TISHYNzbhKibbJyTTIiL57e325+f039\/v2NjUV1fOHiHiqanfmprch4feKSXVIyPOICHmLibFGh\/mLSe\/Fx7XJCPeKSXXJSPNHyHaJyTGGh7lLCbmLCflLSjSIiLkLCbdKSXLHiC\/GB3KHh++Fh3lKyfoLiXcKCPkx8fYb2\/XaGfVXl3aU1LLHiDksbHgKibPICHbJyTfKSXbJyTCGB3KHSDiKybFGh7TIiL\/\/\/\/VIyPRISHIHB\/GGx\/HHB\/DGR7gKibdKCXLHiDZJiTMHiDNHyHYJSTOICHPICHWJCPcKCXXJSPjLCblLCf+\/f3NGR\/uLijzLynPGR\/IGB7WISHaIyLLGh7UAADxLynNAADRLzDbICLQAADIAAD3MCrUHSHXMTDpKSbLAADp5OTij4\/ejo\/VLy\/1LyngJSTcJCPQHx\/OHB7+\/PzaMS\/OLS\/vLijrLSjSAADaNTPwLyjkKSbNJCbYISHPHB\/KGB7WAAD7+vrn3d3aKynTKCjoLCfsKifRGh\/YAADq5+fhjo7QNDXXKCfmJyXt5+fTLzDLLi\/QKivYHRvMGBrQJCXLISPMExXLDxLaEAvkkI\/bOTfaFQ\/SCgpvLcnHAAAAmnRSTlMA+vv7+gT9Bvf9+8z8\/NSv\/Pr5+P7++vnQIBMP\/v38\/Pn348XDiCYf9OjbzcqxXVcx\/fz8+\/rj1r2poo1+fXFqX0orGP7+\/v7+\/fz8+\/r68uzn4trIxsG\/vri3p6GcmZSNbWVYUUZEPQv+\/f39+\/v7+\/v7+vr64tvV1NTTz87FtbSurqeblJKFg4B3bUY+NjL7+\/v7+\/v67t1cDo8JLQAABkRJREFUWMO0kz9rwkAYh0OIeJkum6YugUAhISCdKoj\/P4C7SMdS+gEKIhSKil10LSg4mzXkILdlEpxCpwTiWOLX6BujvQaEQuGeHLnL+\/64J+SIcKGYTYWnntpdLjrVdqvZmNdn0+EE40GtpuuWVS6Xx6N7YDSGpWXpeq02wHgynM7q80az1a52HpddtVcpsi1zFARBrdaxbhp9iUReTGmwA4KAAr7vx3EYejnCMI6hQYEgy0LQi4jUN0wL19vqFcUC9\/1dAKmEEFkWRYkh5oBejnxQJiSJPJ\/uKBp0Thszx9Mw8hMRIQjKsptCfuES9zr5WJY6vSFCIvE9fCMUmEM1A1kSXcYGxgVYsvI1IPKTZciSTI0us\/SMGG04gDzELDoFBwdcFJrF88dqgYMTiL6DILWYyfOWE8\/kIz38olCNlC03FK95+imxp6y4oUSvAnBjHHhKNtotSDqJzVFiK8c2SBqhZtsrTtgrLXwAyduxZHNE26eHUt5rtuM4WSmds3G+sUdWYo1L+XyxButoh5eKUHk5lByO3G1LqqCWVnfrv\/lyPtf\/4ps1cndNGIri8J1TJ0lx6dR\/oPjq1nbRwdp2dCk4CtIOLW3pVKRL6WZfS5vF2KkIQhpwSsjiYIgNCs1gEMGqiIq24NQX9NwoXFy8Ufrl3twTcg4fv8T9\/JBEySduj6Mjm4bMzYV7EEOxKjjoNDud7yY3Dy71Hq2oLmqfbNR723edH9PgMrNL2utoQ3VmaIDkiw\/4w51P06hlZsTZvkRrbVuSIs\/zwSOsycgzStQouoAkWQqioRT5XI7n2Z1wfVhoZmcAJLsoqjqpjbWCgpOAJXBwHK8PzWbNvoUZJND5wCnSkLAkZ1legx6vqQzjoiTahKlGUGLAiIIoABOHaNVw4sexZBym6\/HWlH5h3IC7yRbxtipcWxdTOkORKiNQAEkFf66x5S2oeRbroOlLgg0sSYkR0hRGEqJZ0jTPiQKatESdBckpWigxaapEH0lImHdWu9pUFF2XqMNM2Z4kped7IwEJw2qabwtrQqnpw6HyKkgcadKWsmpywwesDyIhYRpdzXddqegtGIJlXbAIUMOLkGxJUjRIkokwjUaX9d\/kK62ps\/tYUqZLIMkLTyBhsMZ3C5Z\/kDxOSCb\/DOs\/\/J0qcWSX\/2ipe56EgTCA4\/cB7NAYOsni4mZM1MUPAISoEwkDi4lhVBQ1cWQyIcwalw4EpqZN68JUSK7XC0kTlkLYii5uXSC8jT5ncCAS7mjCv0uHp\/3lueHEEAeQ\/\/VgmdN71\/2uCSA1Xr6DO6uI6sW56zqT2tp2PhgiRUAajV8CY2fkcz6WGNKMgLAt7tJAhD4YHMTeRxlALE6+43WqjSWi8ITxyJl8WrwWSNESQZZOqhDDntO3hJLsd5RtSpbJqdv3YrDJH3F7jL1R2O2aQkn2MyCyKYz0GPGIvSAMgBCrCEiJyKbBaYGwLW4uPRr0A0M4Ux5kUI7IBh+hMdiCEWNqhMZGyYMsOgNE58UQuEQeUnSWCMYwL54hkxK6IoqucQZbQ3pc3XtL0lky1dL0zZJJDpWJovFqpWj6JEHnyam2eQp5QRVAVHjWparTOaVwUOx99YS2MvgxIGV0bb+qIg2HX2qkFFJB+XZcbLiuRkuxD9GRroKyveLxdh4d7Orx+hb7qc3uVRuEogCOnyIxm4ubUoPgF4jianDrC+SDQDKEfJb0GUKmjCGPYHGJvVC6X4hw1\/sAfQAdfYyephIaspXe36RwOP+Ljvfx9B6B3i+Nk0DGq+oCbLn6JpBa9nWAveAIHwFAwtVcIJXPMPL8kRu5OAYPMaL1WScTxjiZDqB9LTJSWphow\/pTYKRTLjCBhvi9iBidvKcDasGSm0QQkycYuLBqj6QCELPctqChDWpTRMWkngNNpQ1Pfp1KkiT\/Y0DGffXAweUNfLAfaJFKDwhb6I+bkYRbkERoEeu3Fyjg2opMz2daZCS9jt6Q7txNfB+OZEVF6Zl5web2xunnLQrtrjXseXKaFYziYINeMFZVxS9VxRhOoesYwxPKXm+gWLG9cuFeq93UNNeJNsf1KlwuDok9n02n3TgIJpOxNfL9naIoQwXtfH9kjceTIIi709ncTg6LZbg+biLH1V6u\/7rxBem06VXKn9raAAAAAElFTkSuQmCC\")      no-repeat center center \/ contain;  }  @media screen and (max-width: 960px) and (orientation: portrait) {    .logo {      width: 100%;    }    .logo .pc-banner {      display: none;    }    .logo .m-banner {      display: block;      width: 100%;    }    .logo .m-banner img {      height: auto!important;    }    .ytvideo {      height: 200px;      width: 100%;    }  }<\/style><style>  .video-section {    width: 100%;    margin: 0 auto;  }  .video-section > img {    width: 100%;  }  .video-section iframe,  .video-section video {    width: 100%;    height: 100%;      }  .video-section-img-m,  .video-section-img-pc > img {    width: 100%;    height: auto;  }  .video-section-img-pc.small > img {    width: 970px;  }  .video-desc {    line-height: 1.5;    font-size: 20px;    font-weight: 400;    margin: 20px 0;    text-align: center;    color: #0f1111;    word-break: break-word;  }  @media screen and (max-width: 960px) and (orientation: portrait) {    .video-section {      width: 100%;    }    .video-section-pc,    .video-section-img-pc {      display: none;    }    .video-section-m,    .video-section-img-m {      display: block;    }    .video-desc {      font-size: 15px;    }  }  @media screen and (min-width: 960px) {    .video-section {      width: 100%;      margin: 0 auto;    }    .video-section-pc,    .video-section-img-pc {      display: block;    }    .video-section-m,    .video-section-img-m {      display: none;    }    .video-desc {      font-size: 20px;    }  }<\/style><style>  .section + .section {    margin-top: 35px;  }  .section-title {    text-align: center;    font-weight: bold;    color: #0d1111;    font-family: \"Arial\";    font-size: 32px;    margin: 15px 0;  }  .section-title:empty {    display: none;  }  .section-desc {    text-align: center;    font-weight: normal;    color: #0d1111;    margin-top: 20px;  }  .section-desc:empty {    display: none;  }  .section-img {    width: 1200px;    height: 492px;    margin: 0 auto;    display: block;  }  .section-img.small {    width: 970px;    height: auto;  }  .section-img.small > img {    height: auto;  }  .section-img > img {    width: 100%;    height: 100%;  }  .section-mobile-img {    display: none;    max-width: 100vw;    max-height: 75vw;    height: 450px;    margin: 0 auto;  }  .section-mobile-img > img {    width: 100%;    height: 100%;  }  @media screen and (max-width: 960px) and (orientation: portrait) {    .container {      width: 100%;    }    .container.small {      width: 100%;    }    .section-mobile-img {      display: block;    }    .section-img {      display: none;    }    .section-title {      font-size: 22px;      margin: 10px 0;    }    .section-desc {      margin-top: 10px;    }    .section + .section {      margin-top: 20px;    }  }<\/style><\/head><body><div class=\"container\"><div class=\"logo\"><div class=\"pc-banner\"><div><img decoding=\"async\" src=\"\/vevor\/vevor\/boutique-banner\/pc\/en-pc@1x.jpg\" style=\"width: 100%;\" \/><\/div><\/div><div class=\"m-banner\"><div><img decoding=\"async\" src=\"\/vevor\/vevor\/boutique-banner\/mobile\/en-m@1x.jpg\" style=\"width: 100%;\" \/><\/div><\/div><\/div><div class=\"section-title\">Revolucioniz\u0113jiet druk\u0101\u0161anas procesu, izmantojot VEVOR lieljaudas zibspuldzes \u017e\u0101v\u0113t\u0101ju<\/div><div class=\"video-section\"><div class=\"video-section-img-pc\"><img decoding=\"async\" src=\"\/vevor\/product\/WKSWBHGJ20X2V9QWK\/flash-dryer-a100-1.4.jpg\" alt=\"VEVOR zibens \u017e\u0101v\u0113t\u0101js ar divu ventilatoru dzes\u0113\u0161anu, 6 cauru\u013cu infrasarkano sild\u012b\u0161anu un 6000 W jaudu \u0101trai \u017e\u0101v\u0113\u0161anai.\" \/><\/div><div class=\"video-section-img-m\"><img decoding=\"async\" src=\"\/vevor\/product\/WKSWBHGJ20X2V9QWK\/flash-dryer-a100-1.4-m.jpg\" alt=\"VEVOR zibens \u017e\u0101v\u0113t\u0101js ar divu ventilatoru dzes\u0113\u0161anu, 6 cauru\u013cu infrasarkano sild\u012b\u0161anu un 6000 W jaudu \u0101trai \u017e\u0101v\u0113\u0161anai.\" \/><\/div><div class=\"section-desc\">VEVOR zibspuldzes \u017e\u0101v\u0113t\u0101js ir uzlabots, lai izmantotu 6000 W jaud\u012bgu sildelementu ar 6 infrasarkanaj\u0101m stikla sild\u012b\u0161anas caurul\u0113m, kas divk\u0101r\u0161o \u017e\u0101v\u0113\u0161anas efektivit\u0101ti, ietaupot laiku un nodro\u0161inot \u0113rt\u012bbas.<\/div><\/div><div class=\"section\"><div class=\"section-title\"><\/div><div class=\"section-img\"><img decoding=\"async\" src=\"\/vevor\/product\/WKSWBHGJ20X2V9QWK\/flash-dryer-a100-2.2.jpg\" alt=\"VEVOR zibspuldzes \u017e\u0101v\u0113t\u0101js ar divu ventilatoru dzes\u0113\u0161anu, kas nodro\u0161ina nep\u0101rtrauktu darb\u012bbu bez p\u0101rkar\u0161anas.\" \/><\/div><div class=\"section-mobile-img\"><img decoding=\"async\" src=\"\/vevor\/product\/WKSWBHGJ20X2V9QWK\/flash-dryer-a100-2.2-m.jpg\" alt=\"VEVOR zibspuldzes \u017e\u0101v\u0113t\u0101js ar divu ventilatoru dzes\u0113\u0161anu, kas nodro\u0161ina nep\u0101rtrauktu darb\u012bbu bez p\u0101rkar\u0161anas.\" \/><\/div><div class=\"section-desc\">\u0160is sietspiedes zibspuldzes \u017e\u0101v\u0113t\u0101js ir apr\u012bkots ar diviem ventilatoriem aug\u0161pus\u0113, kas lieto\u0161anas laik\u0101 \u0101tri izklied\u0113 siltumu, efekt\u012bvi nodro\u0161inot dro\u0161\u012bbu.<\/div><\/div><div class=\"section\"><div class=\"section-title\"><\/div><div class=\"section-img\"><img decoding=\"async\" src=\"\/vevor\/product\/WKSWBHGJ20X2V9QWK\/flash-dryer-a100-2.3.jpg\" alt=\"iztur\u012bga t\u0113rauda konstrukcija no VEVOR zibspuldzes \u017e\u0101v\u0113t\u0101ja ar r\u016bsas iztur\u012bgu virsmas p\u0101rkl\u0101jumu un iztur\u012bgu dizainu.\" \/><\/div><div class=\"section-mobile-img\"><img decoding=\"async\" src=\"\/vevor\/product\/WKSWBHGJ20X2V9QWK\/flash-dryer-a100-2.3-m.jpg\" alt=\"iztur\u012bga t\u0113rauda konstrukcija no VEVOR zibspuldzes \u017e\u0101v\u0113t\u0101ja ar r\u016bsas iztur\u012bgu virsmas p\u0101rkl\u0101jumu un iztur\u012bgu dizainu.\" \/><\/div><div class=\"section-desc\">Visa sietspiedes \u017e\u0101v\u0113t\u0101ja konstrukcija ir izgatavota no augstas kvalit\u0101tes r\u016bd\u012bta t\u0113rauda ar modernu klasisko p\u0101rkl\u0101jumu un hroma p\u0101rkl\u0101jumu uz virsmas, kas nodro\u0161ina iztur\u012bbu, pateicoties prec\u012bzai apstr\u0101dei, ir iztur\u012bga pret r\u016bsu un iev\u0113rojami pagarina t\u0101s kalpo\u0161anas laiku.<\/div><\/div><div class=\"section\"><div class=\"section-title\"><\/div><div class=\"section-img\"><img decoding=\"async\" src=\"\/vevor\/product\/WKSWBHGJ20X2V9QWK\/flash-dryer-a100-2.4.jpg\" alt=\"\u010cetri VEVOR zibspuldzes \u017e\u0101v\u0113t\u0101ja uzst\u0101d\u012b\u0161anas so\u013ci ar instrumentiem un katra so\u013ca tuvpl\u0101na att\u0113li.\" \/><\/div><div class=\"section-mobile-img\"><img decoding=\"async\" src=\"\/vevor\/product\/WKSWBHGJ20X2V9QWK\/flash-dryer-a100-2.4-m.jpg\" alt=\"\u010cetri VEVOR zibspuldzes \u017e\u0101v\u0113t\u0101ja uzst\u0101d\u012b\u0161anas so\u013ci ar instrumentiem un katra so\u013ca tuvpl\u0101na att\u0113li.\" \/><\/div><div class=\"section-desc\">Ar 4 da\u017e\u0101d\u0101m instal\u0101cijas uzgrie\u017e\u0146u atsl\u0113g\u0101m komplekt\u0101cij\u0101 m\u016bsu sietspiedes \u017e\u0101v\u0113t\u0101js ir apr\u012bkots ar visiem instrumentiem, kas nepiecie\u0161ami bez piep\u016bles iestat\u012b\u0161anai, padarot uzst\u0101d\u012b\u0161anu par v\u0113smu bez probl\u0113m\u0101m.<\/div><\/div><div class=\"section\"><div class=\"section-title\"><\/div><div class=\"section-img\"><img decoding=\"async\" src=\"\/vevor\/product\/WKSWBHGJ20X2V9QWK\/flash-dryer-a100-2.5.jpg\" alt=\"Tintes \u017e\u0101v\u0113\u0161ana, sietspiedes \u017e\u0101v\u0113\u0161ana un m\u0101jas darin\u0101\u0161anas darbi ar VEVOR zibspuldzes \u017e\u0101v\u0113t\u0101ju daudzpus\u012bgiem \u017e\u0101v\u0113\u0161anas uzdevumiem.\" \/><\/div><div class=\"section-mobile-img\"><img decoding=\"async\" src=\"\/vevor\/product\/WKSWBHGJ20X2V9QWK\/flash-dryer-a100-2.5-m.jpg\" alt=\"Tintes \u017e\u0101v\u0113\u0161ana, sietspiedes \u017e\u0101v\u0113\u0161ana un m\u0101jas darin\u0101\u0161anas darbi ar VEVOR zibspuldzes \u017e\u0101v\u0113t\u0101ju daudzpus\u012bgiem \u017e\u0101v\u0113\u0161anas uzdevumiem.\" \/><\/div><div class=\"section-desc\">M\u016bsu sietspiedes zibspuldzes \u017e\u0101v\u0113t\u0101jam ir 2 regul\u0113jami augstumi, \u0101tri saciet\u0113jo\u0161a un \u017e\u0101v\u0113jo\u0161a sietspiedes tinte, kas atvieglo \u0101tru kr\u0101su mai\u0146u sietspiedes darbos Tas ir neaizst\u0101jams instruments sietspiedes proces\u0101.<\/div><\/div><div class=\"section\"><div class=\"section-img\"><img decoding=\"async\" src=\"\/vevor\/product\/WKSWBHGJ20X2V9QWK\/flash-dryer-a100-1.11.jpg\" alt=\"VEVOR flash \u017e\u0101v\u0113t\u0101js deta\u013cas: 6000w mode\u013ci mums, eu, au; 19x21in \u017e\u0101v\u0113\u0161anas plat\u012bba; 52.91lb; regul\u0113jams augstums.\" \/><\/div><div class=\"section-mobile-img\"><img decoding=\"async\" src=\"\/vevor\/product\/WKSWBHGJ20X2V9QWK\/flash-dryer-a100-1.11-m.jpg\" alt=\"VEVOR flash \u017e\u0101v\u0113t\u0101js deta\u013cas: 6000w mode\u013ci mums, eu, au; 19x21in \u017e\u0101v\u0113\u0161anas plat\u012bba; 52.91lb; regul\u0113jams augstums.\" \/><\/div><\/div><\/div><\/body><\/html><\/div>\n<div class=\"DM_at-title\" id=\"js-DM_at-title\"> <div>Produkta specifik\u0101cija<\/div> <i class=\"icon-arrowup_line\"><\/i> <\/div><div class=\"DM_at-goodsDescAttr\" id=\"js-DM_at-goodsDescAttr\"> <div class=\"DM_at-goodsDescAttrInner\"> <dl class=\"goodsDesc_item goodsDesc_item_even\"> <dt>Preces Mode\u013ca Numurs<\/dt> <dd> QYZDGYSHGJV1 (ASV), QYZDGYSHGJV2 (ES), QYZDGYSHGJV3 (AU)<\/dd> <\/dl> <dl class=\"goodsDesc_item\"> <dt>Jauda<\/dt> <dd> 6000 W<\/dd> <\/dl> <dl class=\"goodsDesc_item goodsDesc_item_even\"> <dt>\u017d\u0101v\u0113\u0161anas zona<\/dt> <dd> 19 x 21 collas \/ 485 x 540 mm<\/dd> <\/dl> <dl class=\"goodsDesc_item\"> <dt>Neto Svars<\/dt> <dd> 52,91 m\u0101rci\u0146as \/ 24 kg (ieskaitot piederumus)<\/dd> <\/dl> <\/div> <\/div>","protected":false},"excerpt":{"rendered":"<ul>\n<li> 6000 W liela jauda: Vairs nav j\u0101gaida, kam\u0113r izdrukas no\u017e\u016bs! M\u016bsu zibspuldzes \u017e\u0101v\u0113t\u0101jam ir ieb\u016bv\u0113ts 6000 W lielas jaudas sildelements ar infrasarkan\u0101m stikla caurul\u0113m, kas nodro\u0161ina augstu termisko efektivit\u0101ti, uzsilstot tikai 20 sekund\u0113s. <\/li>\n<li> Liela \u017e\u0101v\u0113\u0161anas zona: M\u016bsu sietspiedes zibspuldzes \u017e\u0101v\u0113t\u0101js ir gatavs jebkuram darbam un lepojas ar 19\u00a0x\u00a021\u00a0collas sild\u012b\u0161anas zonu, kas nodro\u0161ina, ka pat lielas izdrukas uz lielizm\u0113ra T-krekliem viegli iz\u017e\u016bst. <\/li>\n<li> Infrasarkanais sensors: M\u016bsu sietspiedes \u017e\u0101v\u0113t\u0101js ir apr\u012bkots ar jut\u012bgu infrasarkano sensoru. Kad ap\u0123\u0113rbs tiek atpaz\u012bts, ma\u0161\u012bna autom\u0101tiski iesl\u0113gsies atbilsto\u0161i iestat\u012btajam laikam. Manu\u0101la iedarbin\u0101\u0161ana nav nepiecie\u0161ama, padarot darb\u012bbu vienk\u0101r\u0161\u0101ku. <\/li>\n<li> Prec\u012bza kontrole: Vairs nek\u0101du min\u0113jumu par \u017e\u016b\u0161anas laiku! Apr\u012bkots ar ieb\u016bv\u0113tu prec\u012bzo laika regulatoru, m\u016bsu sietspiedes \u017e\u0101v\u0113t\u0101js nodro\u0161ina lab\u0101ku \u017e\u016b\u0161anas diapazona un laika kontroli. <\/li>\n<li> Regul\u0113jams augstums: atvadieties no augstuma ierobe\u017eojumiem! M\u016bsu sietspiedes zibspuldzes \u017e\u0101v\u0113t\u0101js nodro\u0161ina regul\u0113jamu augstumu no aptuveni 32\u2033 l\u012bdz 45\u2033, viegli piel\u0101gojot da\u017e\u0101da augstuma lietot\u0101jus. PIEZ\u012aME: Taj\u0101 nav iek\u013cauts spraudnis; jums tas b\u016bs j\u0101vada pa\u0161am. <\/li>\n<\/ul>","protected":false},"featured_media":306338,"comment_status":"closed","ping_status":"open","template":"","meta":{"om_disable_all_campaigns":false,"_uf_show_specific_survey":0,"_uf_disable_surveys":false},"location":[1935,1934],"product_brand":[21],"product_cat":[2445,2697,2446,2698],"product_tag":[],"class_list":{"0":"post-41630","1":"product","2":"type-product","3":"status-publish","4":"has-post-thumbnail","6":"location-supplier_stock_location","7":"location-local_stock_location","8":"product_brand-vevor","9":"product_cat-appliances","10":"product_cat-crafting-machines","11":"product_cat-crafts-sewing","12":"product_cat-flash-dryer","14":"first","15":"instock","16":"featured","17":"taxable","18":"shipping-taxable","19":"purchasable","20":"product-type-simple"},"aioseo_notices":[],"locations":[{"id":1935,"name":"Pieg\u0101d\u0101ja noliktav\u0101 (5-7dd.d)","slug":"supplier_stock_location","quantity":"25"},{"id":1934,"name":"R\u012bgas veikal\u0101 (0-2d.d.)","slug":"local_stock_location","quantity":"0"}],"_links":{"self":[{"href":"https:\/\/vevorshop.lv\/lv\/wp-json\/wp\/v2\/product\/41630","targetHints":{"allow":["GET"]}}],"collection":[{"href":"https:\/\/vevorshop.lv\/lv\/wp-json\/wp\/v2\/product"}],"about":[{"href":"https:\/\/vevorshop.lv\/lv\/wp-json\/wp\/v2\/types\/product"}],"replies":[{"embeddable":true,"href":"https:\/\/vevorshop.lv\/lv\/wp-json\/wp\/v2\/comments?post=41630"}],"wp:featuredmedia":[{"embeddable":true,"href":"https:\/\/vevorshop.lv\/lv\/wp-json\/wp\/v2\/media\/306338"}],"wp:attachment":[{"href":"https:\/\/vevorshop.lv\/lv\/wp-json\/wp\/v2\/media?parent=41630"}],"wp:term":[{"taxonomy":"location","embeddable":true,"href":"https:\/\/vevorshop.lv\/lv\/wp-json\/wp\/v2\/location?post=41630"},{"taxonomy":"product_brand","embeddable":true,"href":"https:\/\/vevorshop.lv\/lv\/wp-json\/wp\/v2\/product_brand?post=41630"},{"taxonomy":"product_cat","embeddable":true,"href":"https:\/\/vevorshop.lv\/lv\/wp-json\/wp\/v2\/product_cat?post=41630"},{"taxonomy":"product_tag","embeddable":true,"href":"https:\/\/vevorshop.lv\/lv\/wp-json\/wp\/v2\/product_tag?post=41630"}],"curies":[{"name":"wp","href":"https:\/\/api.w.org\/{rel}","templated":true}]}}