{"id":42709,"date":"2024-11-19T07:42:47","date_gmt":"2024-11-19T07:42:47","guid":{"rendered":"http:\/\/vevorshop.edigo.lv\/Prece\/vevor-electric-hoist-support-arm-660-lbs-max-load-capacity-electric-hoist-holder-swing-arm-with-pole-steel-hoist-frame-180-swivel-scaffold-hoist-lifting-arm-winch-hoist-arm-for-workshop-ga\/"},"modified":"2026-04-20T05:07:45","modified_gmt":"2026-04-20T02:07:45","slug":"vevor-electric-hoist-support-arm-660-lbs-max-load-capacity-electric-hoist-holder-swing-arm-with-pole-steel-hoist-frame-180-swivel-scaffold-hoist-lifting-arm-winch-hoist-arm-for-workshop-ga","status":"publish","type":"product","link":"https:\/\/vevorshop.lv\/lv\/Prece\/vevor-elektriska-pacelaja-atbalsta-roka-660-lbs-maksimala-kravnesiba-elektriska-pacelaja-turetaja-supoles-roka-ar-polu-terauda-pacelaja-ramis-180-grozama-sastatnu-pacelaja-pacelsanas-roka-vincas-pacel\/","title":{"rendered":"VEVOR 300\u202fkg Elektriskais Pac\u0113l\u0101ja Balsts ar 180\u00b0 Rot\u0101ciju, T\u0113rauda R\u0101mis Darbn\u012bcai, Noliktavai, Gar\u0101\u017eai"},"content":{"rendered":"<div style=\"color: #fff!important; font-size: 16px; height: 24px; line-height: 24px; margin-top: -24px; \" class=\"product_original_name\">VEVOR elektrisk\u0101 pac\u0113l\u0101ja atbalsta svira, 300 kg maksim\u0101l\u0101 kravnes\u012bba, elektrisk\u0101 pac\u0113l\u0101ja tur\u0113t\u0101ja \u0161\u016bpo\u0161an\u0101s svira ar stabu, t\u0113rauda pac\u0113l\u0101ja r\u0101mis, 180\u00b0 groz\u0101mo sastat\u0146u pac\u0113l\u0101ja pacel\u0161anas svira, vin\u010das pac\u0113l\u0101ja svira darbn\u012bcai, gar\u0101\u017ea<\/div>\n<div style=\"color: #fff!important; font-size: 16px; height: 24px; line-height: 24px; margin-top: -24px; \" class=\"product_sku\">M4I4LHVZ<\/div>\n<div style=\"color: #fff!important; font-size: 16px; height: 24px; line-height: 24px; margin-top: -24px; \" class=\"product_mpn\">HLZJTZ2003007OOWSV0<\/div><div id=\"js-DM_at-goodDescRich\"><html><head><style>  body {    font-family: Arial;    line-height: 1.5;    color: #1c1c1c;    overflow-x: hidden;    margin: 0;    padding: 0;  }  .MsoNormal b {    font-weight: bolder;  }<\/style><style>  .container.small {    width: 970px;    margin: 0 auto;  }  .logo {    margin: 0 auto 0;  }  .logo img {    display: block;    margin: 0 auto;    max-width: 100%;  }  .logo .pc-banner {    display: block;    width: 1200px;    height: 247.4px;    margin: 0 auto;  }  .logo .pc-banner.small {    width: 970px;  }  .logo .pc-banner.small img {    height: auto!important;  }  .logo .m-banner {    display: none;  }  .ytvideo {    position: relative;    height: 546px;    width: 100%;    margin: 0 auto;  }  .ytvideo img {    width: 100%;    margin: 0 auto;  }  .ytvideo .play-btn {    width: 60px;    height: 42px;    position: absolute;    top: 50%;    left: 50%;    transform: translate(-50%, -50%);    background: url(\"data:image\/png;base64,iVBORw0KGgoAAAANSUhEUgAAAGQAAABGCAMAAAANWMFbAAAC+lBMVEUAAADBGB3kLCfBGB3kLCfcJC7BFx3KKSbiKybkLCbWJCPSIiLSIiLPICHAFx3kLCfgKSXNHiDZJiTIGx\/p4eHcjo7LHSDbJyTkLCbjKyfOHyHPIiL28fHJHB\/GGh7EGR7eKCXDGB3RISHlLSbBGB3AFxzGHB7DGB7BGB3hKybkKybAFx3lLCfAFxzDGR3hKibDGB7cJyTmz8\/elJTlwcHjurrUIyLlLSflLSfAFx3DGR7lLSfCFx3hKibhKibhKybjKybkLCblLSfbJSX49vbx7e3NNzjNMTLMJyjVIyLZf3\/ZQ0LaeHjx0tLgoqLkLCfCGB3HGx\/BGB3BFx3PICHCGB7WJCLOHyC\/Fxy\/Fx3lLCfQISHkLSe\/FxzbJiTBFx3FGx\/AGB7BFx3EGR7AGB3HHSDfKiXAFh3TISHYNzbhKibbJyTTIiL57e325+f039\/v2NjUV1fOHiHiqanfmprch4feKSXVIyPOICHmLibFGh\/mLSe\/Fx7XJCPeKSXXJSPNHyHaJyTGGh7lLCbmLCflLSjSIiLkLCbdKSXLHiC\/GB3KHh++Fh3lKyfoLiXcKCPkx8fYb2\/XaGfVXl3aU1LLHiDksbHgKibPICHbJyTfKSXbJyTCGB3KHSDiKybFGh7TIiL\/\/\/\/VIyPRISHIHB\/GGx\/HHB\/DGR7gKibdKCXLHiDZJiTMHiDNHyHYJSTOICHPICHWJCPcKCXXJSPjLCblLCf+\/f3NGR\/uLijzLynPGR\/IGB7WISHaIyLLGh7UAADxLynNAADRLzDbICLQAADIAAD3MCrUHSHXMTDpKSbLAADp5OTij4\/ejo\/VLy\/1LyngJSTcJCPQHx\/OHB7+\/PzaMS\/OLS\/vLijrLSjSAADaNTPwLyjkKSbNJCbYISHPHB\/KGB7WAAD7+vrn3d3aKynTKCjoLCfsKifRGh\/YAADq5+fhjo7QNDXXKCfmJyXt5+fTLzDLLi\/QKivYHRvMGBrQJCXLISPMExXLDxLaEAvkkI\/bOTfaFQ\/SCgpvLcnHAAAAmnRSTlMA+vv7+gT9Bvf9+8z8\/NSv\/Pr5+P7++vnQIBMP\/v38\/Pn348XDiCYf9OjbzcqxXVcx\/fz8+\/rj1r2poo1+fXFqX0orGP7+\/v7+\/fz8+\/r68uzn4trIxsG\/vri3p6GcmZSNbWVYUUZEPQv+\/f39+\/v7+\/v7+vr64tvV1NTTz87FtbSurqeblJKFg4B3bUY+NjL7+\/v7+\/v67t1cDo8JLQAABkRJREFUWMO0kz9rwkAYh0OIeJkum6YugUAhISCdKoj\/P4C7SMdS+gEKIhSKil10LSg4mzXkILdlEpxCpwTiWOLX6BujvQaEQuGeHLnL+\/64J+SIcKGYTYWnntpdLjrVdqvZmNdn0+EE40GtpuuWVS6Xx6N7YDSGpWXpeq02wHgynM7q80az1a52HpddtVcpsi1zFARBrdaxbhp9iUReTGmwA4KAAr7vx3EYejnCMI6hQYEgy0LQi4jUN0wL19vqFcUC9\/1dAKmEEFkWRYkh5oBejnxQJiSJPJ\/uKBp0Thszx9Mw8hMRIQjKsptCfuES9zr5WJY6vSFCIvE9fCMUmEM1A1kSXcYGxgVYsvI1IPKTZciSTI0us\/SMGG04gDzELDoFBwdcFJrF88dqgYMTiL6DILWYyfOWE8\/kIz38olCNlC03FK95+imxp6y4oUSvAnBjHHhKNtotSDqJzVFiK8c2SBqhZtsrTtgrLXwAyduxZHNE26eHUt5rtuM4WSmds3G+sUdWYo1L+XyxButoh5eKUHk5lByO3G1LqqCWVnfrv\/lyPtf\/4ps1cndNGIri8J1TJ0lx6dR\/oPjq1nbRwdp2dCk4CtIOLW3pVKRL6WZfS5vF2KkIQhpwSsjiYIgNCs1gEMGqiIq24NQX9NwoXFy8Ufrl3twTcg4fv8T9\/JBEySduj6Mjm4bMzYV7EEOxKjjoNDud7yY3Dy71Hq2oLmqfbNR723edH9PgMrNL2utoQ3VmaIDkiw\/4w51P06hlZsTZvkRrbVuSIs\/zwSOsycgzStQouoAkWQqioRT5XI7n2Z1wfVhoZmcAJLsoqjqpjbWCgpOAJXBwHK8PzWbNvoUZJND5wCnSkLAkZ1legx6vqQzjoiTahKlGUGLAiIIoABOHaNVw4sexZBym6\/HWlH5h3IC7yRbxtipcWxdTOkORKiNQAEkFf66x5S2oeRbroOlLgg0sSYkR0hRGEqJZ0jTPiQKatESdBckpWigxaapEH0lImHdWu9pUFF2XqMNM2Z4kped7IwEJw2qabwtrQqnpw6HyKkgcadKWsmpywwesDyIhYRpdzXddqegtGIJlXbAIUMOLkGxJUjRIkokwjUaX9d\/kK62ps\/tYUqZLIMkLTyBhsMZ3C5Z\/kDxOSCb\/DOs\/\/J0qcWSX\/2ipe56EgTCA4\/cB7NAYOsni4mZM1MUPAISoEwkDi4lhVBQ1cWQyIcwalw4EpqZN68JUSK7XC0kTlkLYii5uXSC8jT5ncCAS7mjCv0uHp\/3lueHEEAeQ\/\/VgmdN71\/2uCSA1Xr6DO6uI6sW56zqT2tp2PhgiRUAajV8CY2fkcz6WGNKMgLAt7tJAhD4YHMTeRxlALE6+43WqjSWi8ITxyJl8WrwWSNESQZZOqhDDntO3hJLsd5RtSpbJqdv3YrDJH3F7jL1R2O2aQkn2MyCyKYz0GPGIvSAMgBCrCEiJyKbBaYGwLW4uPRr0A0M4Ux5kUI7IBh+hMdiCEWNqhMZGyYMsOgNE58UQuEQeUnSWCMYwL54hkxK6IoqucQZbQ3pc3XtL0lky1dL0zZJJDpWJovFqpWj6JEHnyam2eQp5QRVAVHjWparTOaVwUOx99YS2MvgxIGV0bb+qIg2HX2qkFFJB+XZcbLiuRkuxD9GRroKyveLxdh4d7Orx+hb7qc3uVRuEogCOnyIxm4ubUoPgF4jianDrC+SDQDKEfJb0GUKmjCGPYHGJvVC6X4hw1\/sAfQAdfYyephIaspXe36RwOP+Ljvfx9B6B3i+Nk0DGq+oCbLn6JpBa9nWAveAIHwFAwtVcIJXPMPL8kRu5OAYPMaL1WScTxjiZDqB9LTJSWphow\/pTYKRTLjCBhvi9iBidvKcDasGSm0QQkycYuLBqj6QCELPctqChDWpTRMWkngNNpQ1Pfp1KkiT\/Y0DGffXAweUNfLAfaJFKDwhb6I+bkYRbkERoEeu3Fyjg2opMz2daZCS9jt6Q7txNfB+OZEVF6Zl5web2xunnLQrtrjXseXKaFYziYINeMFZVxS9VxRhOoesYwxPKXm+gWLG9cuFeq93UNNeJNsf1KlwuDok9n02n3TgIJpOxNfL9naIoQwXtfH9kjceTIIi709ncTg6LZbg+biLH1V6u\/7rxBem06VXKn9raAAAAAElFTkSuQmCC\")      no-repeat center center \/ contain;  }  @media screen and (max-width: 960px) and (orientation: portrait) {    .logo {      width: 100%;    }    .logo .pc-banner {      display: none;    }    .logo .m-banner {      display: block;      width: 100%;    }    .logo .m-banner img {      height: auto!important;    }    .ytvideo {      height: 200px;      width: 100%;    }  }<\/style><style>  .video-section {    width: 100%;    margin: 0 auto;  }  .video-section > img {    width: 100%;  }  .video-section iframe,  .video-section video {    width: 100%;    height: 100%;      }  .video-section-img-m,  .video-section-img-pc > img {    width: 100%;    height: auto;  }  .video-section-img-pc.small > img {    width: 970px;  }  .video-desc {    line-height: 1.5;    font-size: 20px;    font-weight: 400;    margin: 20px 0;    text-align: center;    color: #0f1111;    word-break: break-word;  }  @media screen and (max-width: 960px) and (orientation: portrait) {    .video-section {      width: 100%;    }    .video-section-pc,    .video-section-img-pc {      display: none;    }    .video-section-m,    .video-section-img-m {      display: block;    }    .video-desc {      font-size: 15px;    }  }  @media screen and (min-width: 960px) {    .video-section {      width: 100%;      margin: 0 auto;    }    .video-section-pc,    .video-section-img-pc {      display: block;    }    .video-section-m,    .video-section-img-m {      display: none;    }    .video-desc {      font-size: 20px;    }  }<\/style><style>  .section + .section {    margin-top: 35px;  }  .section-title {    text-align: center;    font-weight: bold;    color: #0d1111;    font-family: \"Arial\";    font-size: 32px;    margin: 15px 0;  }  .section-title:empty {    display: none;  }  .section-desc {    text-align: center;    font-weight: normal;    color: #0d1111;    margin-top: 20px;  }  .section-desc:empty {    display: none;  }  .section-img {    width: 1200px;    height: 492px;    margin: 0 auto;    display: block;  }  .section-img.small {    width: 970px;    height: auto;  }  .section-img.small > img {    height: auto;  }  .section-img > img {    width: 100%;    height: 100%;  }  .section-mobile-img {    display: none;    max-width: 100vw;    max-height: 75vw;    height: 450px;    margin: 0 auto;  }  .section-mobile-img > img {    width: 100%;    height: 100%;  }  @media screen and (max-width: 960px) and (orientation: portrait) {    .container {      width: 100%;    }    .container.small {      width: 100%;    }    .section-mobile-img {      display: block;    }    .section-img {      display: none;    }    .section-title {      font-size: 22px;      margin: 10px 0;    }    .section-desc {      margin-top: 10px;    }    .section + .section {      margin-top: 20px;    }  }<\/style><\/head><body><div class=\"container\"><div class=\"logo\"><div class=\"pc-banner\"><div><img decoding=\"async\" src=\"\/vevor\/vevor\/boutique-banner\/pc\/en-pc@1x.jpg\" style=\"width: 100%;\" \/><\/div><\/div><div class=\"m-banner\"><div><img decoding=\"async\" src=\"\/vevor\/vevor\/boutique-banner\/mobile\/en-m@1x.jpg\" style=\"width: 100%;\" \/><\/div><\/div><\/div><div class=\"section-title\">VEVOR elektrisk\u0101 pac\u0113l\u0101ja atbalsta roka \u2014 jaud\u012bgs atbalsts smagiem uzdevumiem<\/div><div class=\"video-section\"><div class=\"video-section-img-pc\"><img decoding=\"async\" src=\"\/vevor\/product\/HLZJTZ2003007OOWS\/hoist-support-a100-1.4.jpg\" alt=\"VEVOR elektrisk\u0101 pac\u0113l\u0101ja atbalsta roka ar 660 m\u0101rci\u0146u lielu kravnes\u012bbu un kvadr\u0101tveida cauru\u013cu biezuma deta\u013c\u0101m.\" \/><\/div><div class=\"video-section-img-m\"><img decoding=\"async\" src=\"\/vevor\/product\/HLZJTZ2003007OOWS\/hoist-support-a100-1.4-m.jpg\" alt=\"VEVOR elektrisk\u0101 pac\u0113l\u0101ja atbalsta roka ar 660 m\u0101rci\u0146u lielu kravnes\u012bbu un kvadr\u0101tveida cauru\u013cu biezuma deta\u013c\u0101m.\" \/><\/div><div class=\"section-desc\">M\u016bsu pac\u0113l\u0101ja atbalsta roka ir j\u016bsu lab\u0101kais risin\u0101jums, lai bez piep\u016bles apstr\u0101d\u0101tu smagus svarus. Izgatavota ar augst\u0101k\u0101s klases meistar\u012bbu un p\u0101rdom\u0101tu dizainu, t\u0101 nodro\u0161ina stabilit\u0101ti un dro\u0161\u012bbu j\u016bsu darba viet\u0101, vienlaikus palielinot efektivit\u0101ti lieljaudas uzdevumu veik\u0161an\u0101.<\/div><\/div><div class=\"section\"><div class=\"section-title\"><\/div><div class=\"section-img\"><img decoding=\"async\" src=\"\/vevor\/product\/HLZJTZ2003007OOWS\/hoist-support-a100-2.2.jpg\" alt=\"VEVOR elektrisk\u0101 pac\u0113l\u0101ja atbalsta roka ar tr\u012bsst\u016brveida strukt\u016bru uzlabotai stabilit\u0101tei un sabiezin\u0101tu t\u0113rauda pl\u0101ksni.\" \/><\/div><div class=\"section-mobile-img\"><img decoding=\"async\" src=\"\/vevor\/product\/HLZJTZ2003007OOWS\/hoist-support-a100-2.2-m.jpg\" alt=\"VEVOR elektrisk\u0101 pac\u0113l\u0101ja atbalsta roka ar tr\u012bsst\u016brveida strukt\u016bru uzlabotai stabilit\u0101tei un sabiezin\u0101tu t\u0113rauda pl\u0101ksni.\" \/><\/div><div class=\"section-desc\">Combining a triangular structure with reinforced technology, this hoist arm minimizes swaying with its thickened steel plate design. Security latches ensure secure connections among components. It's the perfect choice for those heavy-lifting jobs, providing peace of mind and reliability.<\/div><\/div><div class=\"section\"><div class=\"section-title\"><\/div><div class=\"section-img\"><img decoding=\"async\" src=\"\/vevor\/product\/HLZJTZ2003007OOWS\/hoist-support-a100-2.3.jpg\" alt=\"180\u00b0 regul\u0113jama VEVOR elektrisk\u0101 pac\u0113l\u0101ja atbalsta roka pla\u0161\u0101kai darb\u012bbas zonai un vieglai kravas cel\u0161anai.\" \/><\/div><div class=\"section-mobile-img\"><img decoding=\"async\" src=\"\/vevor\/product\/HLZJTZ2003007OOWS\/hoist-support-a100-2.3-m.jpg\" alt=\"180\u00b0 regul\u0113jama VEVOR elektrisk\u0101 pac\u0113l\u0101ja atbalsta roka pla\u0161\u0101kai darb\u012bbas zonai un vieglai kravas cel\u0161anai.\" \/><\/div><div class=\"section-desc\">Tackle lifting tasks like a pro with our electric hoist support arm's 180\u00b0 angle adjustment feature. It expands your operational range, making lifting tasks a breeze without the hassle of constant readjustment.<\/div><\/div><div class=\"section\"><div class=\"section-title\"><\/div><div class=\"section-img\"><img decoding=\"async\" src=\"\/vevor\/product\/HLZJTZ2003007OOWS\/hoist-support-a100-2.4.jpg\" alt=\"Vienk\u0101r\u0161a 4 so\u013cu VEVOR elektrisk\u0101 pac\u0113l\u0101ja atbalsta rokas uzst\u0101d\u012b\u0161anas rokasgr\u0101mata ar praktisku regul\u0113\u0161anu.\" \/><\/div><div class=\"section-mobile-img\"><img decoding=\"async\" src=\"\/vevor\/product\/HLZJTZ2003007OOWS\/hoist-support-a100-2.4-m.jpg\" alt=\"Vienk\u0101r\u0161a 4 so\u013cu VEVOR elektrisk\u0101 pac\u0113l\u0101ja atbalsta rokas uzst\u0101d\u012b\u0161anas rokasgr\u0101mata ar praktisku regul\u0113\u0161anu.\" \/><\/div><div class=\"section-desc\">No need for complicated setups! Our electric hoist arm can be assembled in minutes, and no special skills are required. It's designed to get you up and running fast so you can focus on the job at hand without worrying about installation headaches.<\/div><\/div><div class=\"section\"><div class=\"section-title\"><\/div><div class=\"section-img\"><img decoding=\"async\" src=\"\/vevor\/product\/HLZJTZ2003007OOWS\/hoist-support-a100-2.5.jpg\" alt=\"labi darbojas dekor\u0113\u0161an\u0101, cel\u0161an\u0101, p\u0101rvieto\u0161an\u0101, r\u016bpn\u012bcas darbn\u012bc\u0101, remonta noda\u013c\u0101, noliktav\u0101.\" \/><\/div><div class=\"section-mobile-img\"><img decoding=\"async\" src=\"\/vevor\/product\/HLZJTZ2003007OOWS\/hoist-support-a100-2.5-m.jpg\" alt=\"labi darbojas dekor\u0113\u0161an\u0101, cel\u0161an\u0101, p\u0101rvieto\u0161an\u0101, r\u016bpn\u012bcas darbn\u012bc\u0101, remonta noda\u013c\u0101, noliktav\u0101.\" \/><\/div><div class=\"section-desc\">From home renovations to warehouse operations, our electric hoist swing arm is your versatile lifting companion. Whether you're decorating, moving heavy objects, or working in a factory workshop, it's got you covered with stability and ease of use.<\/div><\/div><div class=\"section\"><div class=\"section-img\"><img decoding=\"async\" src=\"\/vevor\/product\/HLZJTZ2003007OOWS\/hoist-support-a100-1.11.jpg\" alt=\"VEVOR elektrisk\u0101 pac\u0113l\u0101ja atbalsta rokas deta\u013cas, izm\u0113ri un specifik\u0101cijas; iztur\u012bgs oglek\u013ca t\u0113rauds, 180\u00b0 rot\u0101cija.\" \/><\/div><div class=\"section-mobile-img\"><img decoding=\"async\" src=\"\/vevor\/product\/HLZJTZ2003007OOWS\/hoist-support-a100-1.11-m.jpg\" alt=\"VEVOR elektrisk\u0101 pac\u0113l\u0101ja atbalsta rokas deta\u013cas, izm\u0113ri un specifik\u0101cijas; iztur\u012bgs oglek\u013ca t\u0113rauds, 180\u00b0 rot\u0101cija.\" \/><\/div><\/div><\/div><\/body><\/html><\/div>\n<div class=\"DM_at-title\" id=\"js-DM_at-title\"> <div>Produkta specifik\u0101cija<\/div> <i class=\"icon-arrowup_line\"><\/i> <\/div><div class=\"DM_at-goodsDescAttr\" id=\"js-DM_at-goodsDescAttr\"> <div class=\"DM_at-goodsDescAttrInner\"> <dl class=\"goodsDesc_item goodsDesc_item_even\"> <dt>Preces Mode\u013ca Numurs<\/dt> <dd> HST-750<\/dd> <\/dl> <dl class=\"goodsDesc_item\"> <dt>\u0160arn\u012brsavienojuma liela kvadr\u0101tveida caurule<\/dt> <dd> 661,39 m\u0101rci\u0146as\/300 kg<\/dd> <\/dl> <dl class=\"goodsDesc_item goodsDesc_item_even\"> <dt>Pagarin\u0101ta maza kvadr\u0101tveida caurule<\/dt> <dd> 330,69 m\u0101rci\u0146as\/150 kg<\/dd> <\/dl> <dl class=\"goodsDesc_item\"> <dt>Pagarin\u0101juma caurules pagarin\u0101juma garums<\/dt> <dd> 14,37 \u00b1 0,24 collas\/365 \u00b1 6 mm<\/dd> <\/dl> <dl class=\"goodsDesc_item goodsDesc_item_even\"> <dt>Pagrie\u017eams le\u0146\u0137is<\/dt> <dd> 180\u00b0<\/dd> <\/dl> <dl class=\"goodsDesc_item\"> <dt>Materi\u0101ls<\/dt> <dd> Oglek\u013ca T\u0113rauda<\/dd> <\/dl> <dl class=\"goodsDesc_item goodsDesc_item_even\"> <dt>Produkta Svars<\/dt> <dd> 28,44 m\u0101rci\u0146as\/12,9 kg<\/dd> <\/dl> <dl class=\"goodsDesc_item\"> <dt>Produkta izm\u0113rs (izstiepta pagarin\u0101juma caurule)<\/dt> <dd> 50,59 x 5,91 x 29,72 collas\/1285 x 150 x 755 mm<\/dd> <\/dl> <\/div> <\/div>","protected":false},"excerpt":{"rendered":"<ul>\n<li> Augsta celtsp\u0113ja: M\u016bsu pac\u0113l\u0101ja atbalsta roka bez piep\u016bles sp\u0113j iztur\u0113t svaru l\u012bdz 300 kg, savuk\u0101rt pagarin\u0101t\u0101 maz\u0101 kvadr\u0101tveida caurule atbalsta slodzes l\u012bdz 150 kg. Augst\u0101 celtsp\u0113ja nodro\u0161ina stabilit\u0101ti un dro\u0161\u012bbu darba viet\u0101, t\u0101d\u0113j\u0101di uzlabojot efektivit\u0101ti, str\u0101d\u0101jot ar smagu apr\u012bkojumu vai materi\u0101liem. <\/li>\n<li> R\u016bpnieciskas kvalit\u0101tes materi\u0101ls: M\u016bsu pac\u0113l\u0101ja roka ir izgatavota no r\u016bpnieciskas kvalit\u0101tes oglek\u013ca t\u0113rauda, \u200b\u200bun tai ir iztur\u012bga tr\u012bsst\u016brveida strukt\u016bra un uzlabota pastiprin\u0101\u0161anas tehnolo\u0123ija. T\u0101s gludais virsmas p\u0101rkl\u0101jums ir iztur\u012bgs pret mitrumu, savuk\u0101rt sabiezin\u0101t\u0101 t\u0113rauda pl\u0101ksnes konstrukcija samazina \u0161\u016bpo\u0161anos lieto\u0161anas laik\u0101. Dro\u0161\u012bbas aizb\u012bd\u0146i dro\u0161i notur visas sast\u0101vda\u013cas sav\u0101s viet\u0101s, nodro\u0161inot sirdsmieru. <\/li>\n<li> Piel\u0101gojas j\u016bsu vajadz\u012bb\u0101m: Izbaudiet 180 gr\u0101du le\u0146\u0137a regul\u0113\u0161anas elast\u012bbu ar \u0161o elektrisk\u0101 pac\u0113l\u0101ja atbalsta roku, papla\u0161inot savu darb\u012bbas diapazonu, lai nodro\u0161in\u0101tu vienm\u0113r\u012bg\u0101kus un efekt\u012bv\u0101kus cel\u0161anas uzdevumus. Vairs nek\u0101das past\u0101v\u012bgas p\u0101rvieto\u0161anas \u2014 paveiciet darbu viegli. <\/li>\n<li> \u0112rta uzst\u0101d\u012b\u0161ana: Atvadieties no sare\u017e\u0123\u012bt\u0101m konstrukcij\u0101m! M\u016bsu elektrisk\u0101 pac\u0113l\u0101ja sviru var salikt da\u017eu min\u016b\u0161u laik\u0101, un nav nepiecie\u0161amas \u012bpa\u0161as prasmes. Neatkar\u012bgi no t\u0101, vai esat profesion\u0101lis vai ies\u0101c\u0113js, j\u016bs var\u0113siet s\u0101kt darbu acumirkl\u012b. <\/li>\n<li> Daudzpus\u012bga veiktsp\u0113ja: No m\u0101jas renov\u0101cijas l\u012bdz noliktavu darb\u012bbai un r\u016bpn\u012bcas darbn\u012bc\u0101m l\u012bdz remonta noda\u013c\u0101m, m\u016bsu elektrisk\u0101 pac\u0113l\u0101ja \u0161\u016bpoles roka ir j\u016bsu lab\u0101kais risin\u0101jums cel\u0161anai, p\u0101rvieto\u0161anai un cit\u0101m liet\u0101m. Paceliet savus projektus ar p\u0101rliec\u012bbu, lai kur j\u016bs atrastos. <\/li>\n<\/ul>","protected":false},"featured_media":307993,"comment_status":"closed","ping_status":"open","template":"","meta":{"om_disable_all_campaigns":false,"_uf_show_specific_survey":0,"_uf_disable_surveys":false},"location":[1935,1934],"product_brand":[21],"product_cat":[133,4099,2462],"product_tag":[],"class_list":{"0":"post-42709","1":"product","2":"type-product","3":"status-publish","4":"has-post-thumbnail","6":"location-supplier_stock_location","7":"location-local_stock_location","8":"product_brand-vevor","9":"product_cat-automotive","10":"product_cat-hoist-support-arm","11":"product_cat-shop-equipment","13":"first","14":"instock","15":"taxable","16":"shipping-taxable","17":"purchasable","18":"product-type-simple"},"aioseo_notices":[],"locations":[{"id":1935,"name":"Pieg\u0101d\u0101ja noliktav\u0101 (5-7dd.d)","slug":"supplier_stock_location","quantity":"3072"},{"id":1934,"name":"R\u012bgas veikal\u0101 (0-2d.d.)","slug":"local_stock_location","quantity":"0"}],"_links":{"self":[{"href":"https:\/\/vevorshop.lv\/lv\/wp-json\/wp\/v2\/product\/42709","targetHints":{"allow":["GET"]}}],"collection":[{"href":"https:\/\/vevorshop.lv\/lv\/wp-json\/wp\/v2\/product"}],"about":[{"href":"https:\/\/vevorshop.lv\/lv\/wp-json\/wp\/v2\/types\/product"}],"replies":[{"embeddable":true,"href":"https:\/\/vevorshop.lv\/lv\/wp-json\/wp\/v2\/comments?post=42709"}],"wp:featuredmedia":[{"embeddable":true,"href":"https:\/\/vevorshop.lv\/lv\/wp-json\/wp\/v2\/media\/307993"}],"wp:attachment":[{"href":"https:\/\/vevorshop.lv\/lv\/wp-json\/wp\/v2\/media?parent=42709"}],"wp:term":[{"taxonomy":"location","embeddable":true,"href":"https:\/\/vevorshop.lv\/lv\/wp-json\/wp\/v2\/location?post=42709"},{"taxonomy":"product_brand","embeddable":true,"href":"https:\/\/vevorshop.lv\/lv\/wp-json\/wp\/v2\/product_brand?post=42709"},{"taxonomy":"product_cat","embeddable":true,"href":"https:\/\/vevorshop.lv\/lv\/wp-json\/wp\/v2\/product_cat?post=42709"},{"taxonomy":"product_tag","embeddable":true,"href":"https:\/\/vevorshop.lv\/lv\/wp-json\/wp\/v2\/product_tag?post=42709"}],"curies":[{"name":"wp","href":"https:\/\/api.w.org\/{rel}","templated":true}]}}