{"id":44426,"date":"2024-11-19T09:24:06","date_gmt":"2024-11-19T09:24:06","guid":{"rendered":"http:\/\/vevorshop.edigo.lv\/Prece\/vevor-mahjong-table-4-player-folding-card-table-table-mat-cup-holder-chip-tray\/"},"modified":"2026-04-04T22:10:42","modified_gmt":"2026-04-04T19:10:42","slug":"vevor-mahjong-table-4-player-folding-card-table-table-mat-cup-holder-chip-tray","status":"publish","type":"product","link":"https:\/\/vevorshop.lv\/lv\/Prece\/vevor-mahjong-galds-4-speletajiem-saliekamais-karsu-galds-un-galda-paklajins-kausa-turetajs-zetonu-paplate\/","title":{"rendered":"VEVOR 4 sp\u0113l\u0113t\u0101ju saliekamais Mahjong un k\u0101r\u0161u galds, 90x90cm, ar dz\u0113rienu tur\u0113t\u0101jiem un \u017eetonu papl\u0101t\u0113m, iztur\u012bgs un p\u0101rn\u0113s\u0101jams"},"content":{"rendered":"<div style=\"color: #fff!important; font-size: 16px; height: 24px; line-height: 24px; margin-top: -24px; \" class=\"product_original_name\">VEVOR mad\u017eongs galds, 4 sp\u0113l\u0113t\u0101ju saliekamais domino galds ar nodilumiztur\u012bgu za\u013cu galda virsmu, p\u0101rn\u0113s\u0101jams kvadr\u0101tveida k\u0101r\u0161u galds ar 4 kausa tur\u0113t\u0101jiem un 4 \u010dipu papl\u0101tes mad\u017eongs pokera m\u012bkl\u0101m, 35,4 x 35,4 collas<\/div>\n<div style=\"color: #fff!important; font-size: 16px; height: 24px; line-height: 24px; margin-top: -24px; \" class=\"product_sku\">M4I4LK9J<\/div>\n<div style=\"color: #fff!important; font-size: 16px; height: 24px; line-height: 24px; margin-top: -24px; \" class=\"product_mpn\">SDMJZBSWZDMJOF0ZJV0<\/div><div id=\"js-DM_at-goodDescRich\"><html><head><style>  body {    font-family: Arial;    line-height: 1.5;    color: #1c1c1c;    overflow-x: hidden;    margin: 0;    padding: 0;  }  .MsoNormal b {    font-weight: bolder;  }<\/style><style>  .container.small {    width: 970px;    margin: 0 auto;  }  .logo {    margin: 0 auto 0;  }  .logo img {    display: block;    margin: 0 auto;    max-width: 100%;  }  .logo .pc-banner {    display: block;    width: 1200px;    height: 247.4px;    margin: 0 auto;  }  .logo .pc-banner.small {    width: 970px;  }  .logo .pc-banner.small img {    height: auto!important;  }  .logo .m-banner {    display: none;  }  .ytvideo {    position: relative;    height: 546px;    width: 100%;    margin: 0 auto;  }  .ytvideo img {    width: 100%;    margin: 0 auto;  }  .ytvideo .play-btn {    width: 60px;    height: 42px;    position: absolute;    top: 50%;    left: 50%;    transform: translate(-50%, -50%);    background: url(\"data:image\/png;base64,iVBORw0KGgoAAAANSUhEUgAAAGQAAABGCAMAAAANWMFbAAAC+lBMVEUAAADBGB3kLCfBGB3kLCfcJC7BFx3KKSbiKybkLCbWJCPSIiLSIiLPICHAFx3kLCfgKSXNHiDZJiTIGx\/p4eHcjo7LHSDbJyTkLCbjKyfOHyHPIiL28fHJHB\/GGh7EGR7eKCXDGB3RISHlLSbBGB3AFxzGHB7DGB7BGB3hKybkKybAFx3lLCfAFxzDGR3hKibDGB7cJyTmz8\/elJTlwcHjurrUIyLlLSflLSfAFx3DGR7lLSfCFx3hKibhKibhKybjKybkLCblLSfbJSX49vbx7e3NNzjNMTLMJyjVIyLZf3\/ZQ0LaeHjx0tLgoqLkLCfCGB3HGx\/BGB3BFx3PICHCGB7WJCLOHyC\/Fxy\/Fx3lLCfQISHkLSe\/FxzbJiTBFx3FGx\/AGB7BFx3EGR7AGB3HHSDfKiXAFh3TISHYNzbhKibbJyTTIiL57e325+f039\/v2NjUV1fOHiHiqanfmprch4feKSXVIyPOICHmLibFGh\/mLSe\/Fx7XJCPeKSXXJSPNHyHaJyTGGh7lLCbmLCflLSjSIiLkLCbdKSXLHiC\/GB3KHh++Fh3lKyfoLiXcKCPkx8fYb2\/XaGfVXl3aU1LLHiDksbHgKibPICHbJyTfKSXbJyTCGB3KHSDiKybFGh7TIiL\/\/\/\/VIyPRISHIHB\/GGx\/HHB\/DGR7gKibdKCXLHiDZJiTMHiDNHyHYJSTOICHPICHWJCPcKCXXJSPjLCblLCf+\/f3NGR\/uLijzLynPGR\/IGB7WISHaIyLLGh7UAADxLynNAADRLzDbICLQAADIAAD3MCrUHSHXMTDpKSbLAADp5OTij4\/ejo\/VLy\/1LyngJSTcJCPQHx\/OHB7+\/PzaMS\/OLS\/vLijrLSjSAADaNTPwLyjkKSbNJCbYISHPHB\/KGB7WAAD7+vrn3d3aKynTKCjoLCfsKifRGh\/YAADq5+fhjo7QNDXXKCfmJyXt5+fTLzDLLi\/QKivYHRvMGBrQJCXLISPMExXLDxLaEAvkkI\/bOTfaFQ\/SCgpvLcnHAAAAmnRSTlMA+vv7+gT9Bvf9+8z8\/NSv\/Pr5+P7++vnQIBMP\/v38\/Pn348XDiCYf9OjbzcqxXVcx\/fz8+\/rj1r2poo1+fXFqX0orGP7+\/v7+\/fz8+\/r68uzn4trIxsG\/vri3p6GcmZSNbWVYUUZEPQv+\/f39+\/v7+\/v7+vr64tvV1NTTz87FtbSurqeblJKFg4B3bUY+NjL7+\/v7+\/v67t1cDo8JLQAABkRJREFUWMO0kz9rwkAYh0OIeJkum6YugUAhISCdKoj\/P4C7SMdS+gEKIhSKil10LSg4mzXkILdlEpxCpwTiWOLX6BujvQaEQuGeHLnL+\/64J+SIcKGYTYWnntpdLjrVdqvZmNdn0+EE40GtpuuWVS6Xx6N7YDSGpWXpeq02wHgynM7q80az1a52HpddtVcpsi1zFARBrdaxbhp9iUReTGmwA4KAAr7vx3EYejnCMI6hQYEgy0LQi4jUN0wL19vqFcUC9\/1dAKmEEFkWRYkh5oBejnxQJiSJPJ\/uKBp0Thszx9Mw8hMRIQjKsptCfuES9zr5WJY6vSFCIvE9fCMUmEM1A1kSXcYGxgVYsvI1IPKTZciSTI0us\/SMGG04gDzELDoFBwdcFJrF88dqgYMTiL6DILWYyfOWE8\/kIz38olCNlC03FK95+imxp6y4oUSvAnBjHHhKNtotSDqJzVFiK8c2SBqhZtsrTtgrLXwAyduxZHNE26eHUt5rtuM4WSmds3G+sUdWYo1L+XyxButoh5eKUHk5lByO3G1LqqCWVnfrv\/lyPtf\/4ps1cndNGIri8J1TJ0lx6dR\/oPjq1nbRwdp2dCk4CtIOLW3pVKRL6WZfS5vF2KkIQhpwSsjiYIgNCs1gEMGqiIq24NQX9NwoXFy8Ufrl3twTcg4fv8T9\/JBEySduj6Mjm4bMzYV7EEOxKjjoNDud7yY3Dy71Hq2oLmqfbNR723edH9PgMrNL2utoQ3VmaIDkiw\/4w51P06hlZsTZvkRrbVuSIs\/zwSOsycgzStQouoAkWQqioRT5XI7n2Z1wfVhoZmcAJLsoqjqpjbWCgpOAJXBwHK8PzWbNvoUZJND5wCnSkLAkZ1legx6vqQzjoiTahKlGUGLAiIIoABOHaNVw4sexZBym6\/HWlH5h3IC7yRbxtipcWxdTOkORKiNQAEkFf66x5S2oeRbroOlLgg0sSYkR0hRGEqJZ0jTPiQKatESdBckpWigxaapEH0lImHdWu9pUFF2XqMNM2Z4kped7IwEJw2qabwtrQqnpw6HyKkgcadKWsmpywwesDyIhYRpdzXddqegtGIJlXbAIUMOLkGxJUjRIkokwjUaX9d\/kK62ps\/tYUqZLIMkLTyBhsMZ3C5Z\/kDxOSCb\/DOs\/\/J0qcWSX\/2ipe56EgTCA4\/cB7NAYOsni4mZM1MUPAISoEwkDi4lhVBQ1cWQyIcwalw4EpqZN68JUSK7XC0kTlkLYii5uXSC8jT5ncCAS7mjCv0uHp\/3lueHEEAeQ\/\/VgmdN71\/2uCSA1Xr6DO6uI6sW56zqT2tp2PhgiRUAajV8CY2fkcz6WGNKMgLAt7tJAhD4YHMTeRxlALE6+43WqjSWi8ITxyJl8WrwWSNESQZZOqhDDntO3hJLsd5RtSpbJqdv3YrDJH3F7jL1R2O2aQkn2MyCyKYz0GPGIvSAMgBCrCEiJyKbBaYGwLW4uPRr0A0M4Ux5kUI7IBh+hMdiCEWNqhMZGyYMsOgNE58UQuEQeUnSWCMYwL54hkxK6IoqucQZbQ3pc3XtL0lky1dL0zZJJDpWJovFqpWj6JEHnyam2eQp5QRVAVHjWparTOaVwUOx99YS2MvgxIGV0bb+qIg2HX2qkFFJB+XZcbLiuRkuxD9GRroKyveLxdh4d7Orx+hb7qc3uVRuEogCOnyIxm4ubUoPgF4jianDrC+SDQDKEfJb0GUKmjCGPYHGJvVC6X4hw1\/sAfQAdfYyephIaspXe36RwOP+Ljvfx9B6B3i+Nk0DGq+oCbLn6JpBa9nWAveAIHwFAwtVcIJXPMPL8kRu5OAYPMaL1WScTxjiZDqB9LTJSWphow\/pTYKRTLjCBhvi9iBidvKcDasGSm0QQkycYuLBqj6QCELPctqChDWpTRMWkngNNpQ1Pfp1KkiT\/Y0DGffXAweUNfLAfaJFKDwhb6I+bkYRbkERoEeu3Fyjg2opMz2daZCS9jt6Q7txNfB+OZEVF6Zl5web2xunnLQrtrjXseXKaFYziYINeMFZVxS9VxRhOoesYwxPKXm+gWLG9cuFeq93UNNeJNsf1KlwuDok9n02n3TgIJpOxNfL9naIoQwXtfH9kjceTIIi709ncTg6LZbg+biLH1V6u\/7rxBem06VXKn9raAAAAAElFTkSuQmCC\")      no-repeat center center \/ contain;  }  @media screen and (max-width: 960px) and (orientation: portrait) {    .logo {      width: 100%;    }    .logo .pc-banner {      display: none;    }    .logo .m-banner {      display: block;      width: 100%;    }    .logo .m-banner img {      height: auto!important;    }    .ytvideo {      height: 200px;      width: 100%;    }  }<\/style><style>  .video-section {    width: 100%;    margin: 0 auto;  }  .video-section > img {    width: 100%;  }  .video-section iframe,  .video-section video {    width: 100%;    height: 100%;      }  .video-section-img-m,  .video-section-img-pc > img {    width: 100%;    height: auto;  }  .video-section-img-pc.small > img {    width: 970px;  }  .video-desc {    line-height: 1.5;    font-size: 20px;    font-weight: 400;    margin: 20px 0;    text-align: center;    color: #0f1111;    word-break: break-word;  }  @media screen and (max-width: 960px) and (orientation: portrait) {    .video-section {      width: 100%;    }    .video-section-pc,    .video-section-img-pc {      display: none;    }    .video-section-m,    .video-section-img-m {      display: block;    }    .video-desc {      font-size: 15px;    }  }  @media screen and (min-width: 960px) {    .video-section {      width: 100%;      margin: 0 auto;    }    .video-section-pc,    .video-section-img-pc {      display: block;    }    .video-section-m,    .video-section-img-m {      display: none;    }    .video-desc {      font-size: 20px;    }  }<\/style><style>  .section + .section {    margin-top: 35px;  }  .section-title {    text-align: center;    font-weight: bold;    color: #0d1111;    font-family: \"Arial\";    font-size: 32px;    margin: 15px 0;  }  .section-title:empty {    display: none;  }  .section-desc {    text-align: center;    font-weight: normal;    color: #0d1111;    margin-top: 20px;  }  .section-desc:empty {    display: none;  }  .section-img {    width: 1200px;    height: 492px;    margin: 0 auto;    display: block;  }  .section-img.small {    width: 970px;    height: auto;  }  .section-img.small > img {    height: auto;  }  .section-img > img {    width: 100%;    height: 100%;  }  .section-mobile-img {    display: none;    max-width: 100vw;    max-height: 75vw;    height: 450px;    margin: 0 auto;  }  .section-mobile-img > img {    width: 100%;    height: 100%;  }  @media screen and (max-width: 960px) and (orientation: portrait) {    .container {      width: 100%;    }    .container.small {      width: 100%;    }    .section-mobile-img {      display: block;    }    .section-img {      display: none;    }    .section-title {      font-size: 22px;      margin: 10px 0;    }    .section-desc {      margin-top: 10px;    }    .section + .section {      margin-top: 20px;    }  }<\/style><\/head><body><div class=\"container\"><div class=\"logo\"><div class=\"pc-banner\"><div><img decoding=\"async\" src=\"\/vevor\/vevor\/boutique-banner\/pc\/en-pc@1x.jpg\" style=\"width: 100%;\" \/><\/div><\/div><div class=\"m-banner\"><div><img decoding=\"async\" src=\"\/vevor\/vevor\/boutique-banner\/mobile\/en-m@1x.jpg\" style=\"width: 100%;\" \/><\/div><\/div><\/div><div class=\"section-title\">Nelabv\u0113l\u012bgs br\u012bv\u0101 laika pavad\u012b\u0161anas baud\u012bjum\u0101, sniedzot dz\u012bves priekus<\/div><div class=\"video-section\"><div class=\"video-section-img-pc\"><img decoding=\"async\" src=\"\/vevor\/product\/SDMJZBSWZDMJOF0ZJ\/mahjong-table-a100-1.4.jpg\" alt=\"VEVOR mad\u017eongs galds ar kr\u016bz\u012b\u0161u tur\u0113t\u0101jiem, kar\u0161u nodal\u012bjumiem un nodilumiztur\u012bgu pakl\u0101ji\u0146u atp\u016btas un izklaides nol\u016bkiem.\" \/><\/div><div class=\"video-section-img-m\"><img decoding=\"async\" src=\"\/vevor\/product\/SDMJZBSWZDMJOF0ZJ\/mahjong-table-a100-1.4-m.jpg\" alt=\"VEVOR mad\u017eongs galds ar kr\u016bz\u012b\u0161u tur\u0113t\u0101jiem, kar\u0161u nodal\u012bjumiem un nodilumiztur\u012bgu pakl\u0101ji\u0146u atp\u016btas un izklaides nol\u016bkiem.\" \/><\/div><div class=\"section-desc\">Padariet savas pulc\u0113\u0161an\u0101s v\u0113l pat\u012bkam\u0101kas ar VEVOR saliekamo mad\u017eongs galdu ar galda paliktni, kas ir lieliski piem\u0113rots br\u012bv\u0101 laika pavad\u012b\u0161anai ar draugiem. Pateicoties kr\u016bz\u012b\u0161u tur\u0113t\u0101jiem, dz\u0113rienus var\u0113siet \u0113rti tur\u0113t pa rokai. Turkl\u0101t \u010dipsu papl\u0101tes \u013caus k\u0101rt\u012bgi un \u0113rti glab\u0101t t\u0101lruni, \u010dipsus un kartes.<\/div><\/div><div class=\"section\"><div class=\"section-title\"><\/div><div class=\"section-img\"><img decoding=\"async\" src=\"\/vevor\/product\/SDMJZBSWZDMJOF0ZJ\/mahjong-table-a100-2.2.jpg\" alt=\"VEVOR mad\u017eongs galds: salok\u0101ms, kompakts dizains ar izm\u0113riem, piem\u0113rots minim\u0101lai uzglab\u0101\u0161anai un maksim\u0101lai sp\u0113l\u0113\u0161anai.\" \/><\/div><div class=\"section-mobile-img\"><img decoding=\"async\" src=\"\/vevor\/product\/SDMJZBSWZDMJOF0ZJ\/mahjong-table-a100-2.2-m.jpg\" alt=\"VEVOR mad\u017eongs galds: salok\u0101ms, kompakts dizains ar izm\u0113riem, piem\u0113rots minim\u0101lai uzglab\u0101\u0161anai un maksim\u0101lai sp\u0113l\u0113\u0161anai.\" \/><\/div><div class=\"section-desc\">VEVOR saliekamais mad\u017eongs galds, salokoties kompakt\u0101 izm\u0113r\u0101, efekt\u012bvi apmierina j\u016bsu uzglab\u0101\u0161anas vajadz\u012bbas, neaiz\u0146emot daudz vietas. Vienk\u0101r\u0161i salociet to un novietojiet to pie k\u0101pn\u0113m, sienas st\u016br\u012b vai bag\u0101\u017eniek\u0101, nodro\u0161inot \u0113rtu p\u0101rnesam\u012bbu, kad vien tas ir nepiecie\u0161ams.<\/div><\/div><div class=\"section\"><div class=\"section-title\"><\/div><div class=\"section-img\"><img decoding=\"async\" src=\"\/vevor\/product\/SDMJZBSWZDMJOF0ZJ\/mahjong-table-a100-2.3.jpg\" alt=\"Kvalitat\u012bvi materi\u0101li un sp\u0113c\u012bga VEVOR mad\u017eongs galda stabilit\u0101te ar HDPE paneli, t\u0113rauda caurul\u0113m un nesl\u012bdo\u0161iem k\u0101ju p\u0101rvalkiem.\" \/><\/div><div class=\"section-mobile-img\"><img decoding=\"async\" src=\"\/vevor\/product\/SDMJZBSWZDMJOF0ZJ\/mahjong-table-a100-2.3-m.jpg\" alt=\"Kvalitat\u012bvi materi\u0101li un sp\u0113c\u012bga VEVOR mad\u017eongs galda stabilit\u0101te ar HDPE paneli, t\u0113rauda caurul\u0113m un nesl\u012bdo\u0161iem k\u0101ju p\u0101rvalkiem.\" \/><\/div><div class=\"section-desc\">Za\u013cais mad\u017eongs galda pakl\u0101ji\u0146\u0161 ir nodilumiztur\u012bgs, nodro\u0161ina m\u012bkstu un gludu piesk\u0101rienu, vienlaikus to ir viegli kopt. Uzaiciniet savus draugus uz da\u017e\u0101d\u0101m aktivit\u0101t\u0113m, piem\u0113ram, mad\u017eongs, k\u0101r\u0161u sp\u0113les, domino un LEGO puzles. Br\u012bvaj\u0101 laik\u0101 to var izmantot ar\u012b k\u0101 datorgaldu vai t\u0113jas galdi\u0146u.<\/div><\/div><div class=\"section\"><div class=\"section-title\"><\/div><div class=\"section-img\"><img decoding=\"async\" src=\"\/vevor\/product\/SDMJZBSWZDMJOF0ZJ\/mahjong-table-a100-2.4.jpg\" alt=\"VEVOR mad\u017eongs galds k\u0101 daudzfunkcion\u0101ls rakst\u0101mgalds, kafijas galdi\u0146\u0161 un sp\u0113\u013cu galds k\u0101r\u0161u, domino un puz\u013cu risin\u0101\u0161anai.\" \/><\/div><div class=\"section-mobile-img\"><img decoding=\"async\" src=\"\/vevor\/product\/SDMJZBSWZDMJOF0ZJ\/mahjong-table-a100-2.4-m.jpg\" alt=\"VEVOR mad\u017eongs galds k\u0101 daudzfunkcion\u0101ls rakst\u0101mgalds, kafijas galdi\u0146\u0161 un sp\u0113\u013cu galds k\u0101r\u0161u, domino un puz\u013cu risin\u0101\u0161anai.\" \/><\/div><div class=\"section-desc\">P\u0101rdom\u0101tas deta\u013cas nodro\u0161ina izcilu stabilit\u0101ti: Ar sabiezin\u0101tu HDPE paneli, augsta bl\u012bvuma bez\u0161uvju t\u0113rauda caurul\u0113m un nesl\u012bdo\u0161iem k\u0101ju palikt\u0146iem m\u016bsu kvadr\u0101tveida 4 sp\u0113l\u0113t\u0101ju k\u0101r\u0161u galds nodro\u0161ina stabilu un dro\u0161u pamatu p\u0101rliecin\u0101tai sp\u0113lei.<\/div><\/div><div class=\"section\"><div class=\"section-title\"><\/div><div class=\"section-img\"><img decoding=\"async\" src=\"\/vevor\/product\/SDMJZBSWZDMJOF0ZJ\/mahjong-table-a100-2.5.jpg\" alt=\"VEVOR mad\u017eongs galds lieto\u0161anai iek\u0161telp\u0101s un \u0101r\u0101, iztur\u012bgs pret skr\u0101p\u0113jumiem, \u016bdensiztur\u012bgs un viegli t\u012br\u0101ms.\" \/><\/div><div class=\"section-mobile-img\"><img decoding=\"async\" src=\"\/vevor\/product\/SDMJZBSWZDMJOF0ZJ\/mahjong-table-a100-2.5-m.jpg\" alt=\"VEVOR mad\u017eongs galds lieto\u0161anai iek\u0161telp\u0101s un \u0101r\u0101, iztur\u012bgs pret skr\u0101p\u0113jumiem, \u016bdensiztur\u012bgs un viegli t\u012br\u0101ms.\" \/><\/div><div class=\"section-desc\">M\u016bsu galds ir iztur\u012bgs pret skr\u0101p\u0113jumiem, \u016bdensnecaurlaid\u012bgs un viegli t\u012br\u0101ms, un tas ir piem\u0113rots lieto\u0161anai gan iek\u0161telp\u0101s, gan \u0101r\u0101, kalpojot k\u0101 ide\u0101la vieta atp\u016btai un izklaidei. Tas ir ar\u012b p\u0101rdom\u0101ta d\u0101vana, jo t\u0101 ir izgatavota no kvalitat\u012bviem materi\u0101liem, kas nodro\u0161ina \u0113rtu lietot\u0101ja pieredzi.<\/div><\/div><div class=\"section\"><div class=\"section-img\"><img decoding=\"async\" src=\"\/vevor\/product\/SDMJZBSWZDMJOF0ZJ\/mahjong-table-a100-1.11.jpg\" alt=\"VEVOR mad\u017eongs galds, balts, 35,43 x 35,43 x 29,13 collas, salok\u0101ms, komplekt\u0101 iek\u013cauts galda paliktnis.\" \/><\/div><div class=\"section-mobile-img\"><img decoding=\"async\" src=\"\/vevor\/product\/SDMJZBSWZDMJOF0ZJ\/mahjong-table-a100-1.11-m.jpg\" alt=\"VEVOR mad\u017eongs galds, balts, 35,43 x 35,43 x 29,13 collas, salok\u0101ms, komplekt\u0101 iek\u013cauts galda paliktnis.\" \/><\/div><\/div><\/div><\/body><\/html><\/div>\n<div class=\"DM_at-title\" id=\"js-DM_at-title\"> <div>Produkta specifik\u0101cija<\/div> <i class=\"icon-arrowup_line\"><\/i> <\/div><div class=\"DM_at-goodsDescAttr\" id=\"js-DM_at-goodsDescAttr\"> <div class=\"DM_at-goodsDescAttrInner\"> <dl class=\"goodsDesc_item goodsDesc_item_even\"> <dt>Preces Mode\u013ca Numurs<\/dt> <dd> SN-90<\/dd> <\/dl> <dl class=\"goodsDesc_item\"> <dt>Produkta kr\u0101sa<\/dt> <dd> Balts<\/dd> <\/dl> <dl class=\"goodsDesc_item goodsDesc_item_even\"> <dt>Neto Svars<\/dt> <dd> 20,5 m\u0101rci\u0146as \/ 9,3 kg<\/dd> <\/dl> <dl class=\"goodsDesc_item\"> <dt>Atv\u0113rt izm\u0113rus<\/dt> <dd> 35,43 x 35,43 x 29,13 collas \/ 900 x 900 x 740 mm<\/dd> <\/dl> <dl class=\"goodsDesc_item goodsDesc_item_even\"> <dt>Saloc\u012bti izm\u0113ri<\/dt> <dd> 35,43 x 35,43 x 2 collas \/ 900 x 900 x 50 mm<\/dd> <\/dl> <\/div> <\/div>","protected":false},"excerpt":{"rendered":"<ul>\n<li> \u0112rt\u012bbas uzlabotas: VEVOR mad\u017eongs galds lepojas ar 4 kr\u016bz\u012b\u0161u tur\u0113t\u0101jiem un 4 \u010dipsu papl\u0101t\u0113m, nodro\u0161inot \u0113rtu piek\u013cuvi dz\u0113rieniem un sp\u0113les piederumiem. Turiet dz\u0113rienus un atspirdzin\u0101jumus pa rokai ar p\u0101rdom\u0101tiem kr\u016bz\u012b\u0161u tur\u0113t\u0101jiem, savuk\u0101rt pagarin\u0101t\u0101s \u010dipsu papl\u0101tes glab\u0101 mad\u017eongs fl\u012bzes, \u010dipsus, k\u0101rtis un citas lietas k\u0101rt\u012bgi sak\u0101rtotas. <\/li>\n<li> Iztur\u012bgs un ilgm\u016b\u017e\u012bgs: M\u016bsu saliekam\u0101 k\u0101r\u0161u galda virsma 4 sp\u0113l\u0113t\u0101jiem ir izgatavota no augsta bl\u012bvuma polietil\u0113na (HDPE), kas ir iztur\u012bgs un \u016bdensnecaurlaid\u012bgs. T\u0101s augsta bl\u012bvuma bez\u0161uvju t\u0113rauda caurule ir iztur\u012bga pret r\u016bsu, savuk\u0101rt nesl\u012bdo\u0161ie k\u0101ju palikt\u0146i uzlabo stabilit\u0101ti, samazina troksni un ir iztur\u012bgi pret nodilumu. Pateicoties izcilai nestsp\u0113jai, t\u0101 nodro\u0161ina lielisku stabilit\u0101ti sp\u0113les laik\u0101. <\/li>\n<li> Vienk\u0101r\u0161a saloc\u012b\u0161ana, vietas taup\u012b\u0161ana: Nav nepiecie\u0161ama sare\u017e\u0123\u012bta uzst\u0101d\u012b\u0161ana, vienk\u0101r\u0161i atlociet, lai nekav\u0113joties izbaud\u012btu izklaidi m\u0101j\u0101s. Kad to nelietojat, salociet to un gl\u012bti uzglab\u0101jiet, neaiz\u0146emot vietu, padarot to \u0113rti p\u0101rn\u0113s\u0101jamu un \u013caujot izbaud\u012bt mad\u017eonga sp\u0113les priekus jebkur\u0101 laik\u0101 un viet\u0101! <\/li>\n<li> Daudzpus\u012bgs jebkurai videi: Ar stil\u012bgu un modernu izskatu, kas neman\u0101mi iederas jebkur\u0101 m\u0101jas interjer\u0101, \u0161is saliekamais domino galds ir lieliski piem\u0113rots da\u017e\u0101d\u0101m aktivit\u0101t\u0113m, tostarp mad\u017eongam, k\u0101r\u0161u sp\u0113l\u0113m, domino un LEGO puzl\u0113m. To var izmantot ar\u012b k\u0101 datorgaldu vai t\u0113jas galdi\u0146u, apmierinot da\u017e\u0101das vajadz\u012bbas un v\u0113lmes. <\/li>\n<li> Lieliska d\u0101vana atp\u016btai: Komplekt\u0101 ar nodilumiztur\u012bgu un m\u012bkstu galda paliktni, kas nodro\u0161ina nesl\u012bdo\u0161u efektu un trok\u0161\u0146u sl\u0101p\u0113\u0161anu nep\u0101rtrauktai izklaidei. VEVOR p\u0101rn\u0113s\u0101jamais pokera galds nodro\u0161ina perfektu vidi izklaidei kop\u0101 ar \u0123imeni un draugiem, \u013caujoties atp\u016btas baud\u012bjumam un radot perfektu sp\u0113\u013cu pieredzi. <\/li>\n<\/ul>","protected":false},"featured_media":310583,"comment_status":"closed","ping_status":"open","template":"","meta":{"om_disable_all_campaigns":false,"_monsterinsights_skip_tracking":false,"_monsterinsights_sitenote_active":false,"_monsterinsights_sitenote_note":"","_monsterinsights_sitenote_category":0,"_uf_show_specific_survey":0,"_uf_disable_surveys":false},"location":[1935,1934],"product_brand":[21],"product_cat":[2817,2816,4139,4140,2378],"product_tag":[],"class_list":{"0":"post-44426","1":"product","2":"type-product","3":"status-publish","4":"has-post-thumbnail","6":"location-supplier_stock_location","7":"location-local_stock_location","8":"product_brand-vevor","9":"product_cat-game-room","10":"product_cat-games-sports-outdoors","11":"product_cat-mahjong-equipment-game-room","12":"product_cat-mahjong-set-mahjong-equipment-game-room","13":"product_cat-sports-outdoors","15":"first","16":"instock","17":"taxable","18":"shipping-taxable","19":"purchasable","20":"product-type-simple"},"aioseo_notices":[],"jetpack_sharing_enabled":true,"locations":[{"id":1935,"name":"Pieg\u0101d\u0101t\u0101ja noliktav\u0101 (5-7d.d.)","slug":"supplier_stock_location","quantity":"10"},{"id":1934,"name":"R\u012bgas veikal\u0101 (0-2d.d.)","slug":"local_stock_location","quantity":"0"}],"_links":{"self":[{"href":"https:\/\/vevorshop.lv\/lv\/wp-json\/wp\/v2\/product\/44426","targetHints":{"allow":["GET"]}}],"collection":[{"href":"https:\/\/vevorshop.lv\/lv\/wp-json\/wp\/v2\/product"}],"about":[{"href":"https:\/\/vevorshop.lv\/lv\/wp-json\/wp\/v2\/types\/product"}],"replies":[{"embeddable":true,"href":"https:\/\/vevorshop.lv\/lv\/wp-json\/wp\/v2\/comments?post=44426"}],"wp:featuredmedia":[{"embeddable":true,"href":"https:\/\/vevorshop.lv\/lv\/wp-json\/wp\/v2\/media\/310583"}],"wp:attachment":[{"href":"https:\/\/vevorshop.lv\/lv\/wp-json\/wp\/v2\/media?parent=44426"}],"wp:term":[{"taxonomy":"location","embeddable":true,"href":"https:\/\/vevorshop.lv\/lv\/wp-json\/wp\/v2\/location?post=44426"},{"taxonomy":"product_brand","embeddable":true,"href":"https:\/\/vevorshop.lv\/lv\/wp-json\/wp\/v2\/product_brand?post=44426"},{"taxonomy":"product_cat","embeddable":true,"href":"https:\/\/vevorshop.lv\/lv\/wp-json\/wp\/v2\/product_cat?post=44426"},{"taxonomy":"product_tag","embeddable":true,"href":"https:\/\/vevorshop.lv\/lv\/wp-json\/wp\/v2\/product_tag?post=44426"}],"curies":[{"name":"wp","href":"https:\/\/api.w.org\/{rel}","templated":true}]}}