{"id":45039,"date":"2024-11-19T10:00:43","date_gmt":"2024-11-19T10:00:43","guid":{"rendered":"http:\/\/vevorshop.edigo.lv\/Prece\/vevor-metal-chicken-coop-walk-in-chicken-run-with-waterproof-cover-9-8x13x6-5ft\/"},"modified":"2026-04-20T04:40:50","modified_gmt":"2026-04-20T01:40:50","slug":"vevor-metal-chicken-coop-walk-in-chicken-run-with-waterproof-cover-9-8x13x6-5ft","status":"publish","type":"product","link":"https:\/\/vevorshop.lv\/lv\/Prece\/vevor-metala-vistu-kuts-ar-udensnecaurlaidigu-vistas-skrejienu-ar-udensnecaurlaidigu-vaku-9-8x13x6-5ft\/","title":{"rendered":"VEVOR liela met\u0101la vistas Coop 3\u00d73.93\u00d71.99m \u0101ra pastaigu m\u0101jputnu skr\u0113jiens ar jumta segumu un sl\u0113dzeni c\u0101\u013ciem, p\u012bl\u0113m, tru\u0161iem"},"content":{"rendered":"<div style=\"color: #fff!important; font-size: 16px; height: 24px; line-height: 24px; margin-top: -24px; \" class=\"product_original_name\">VEVOR Large Metal Chicken Coop, 9,8x12,9x6,5 p\u0113das Walk-in Chicken Runes pagalmam ar v\u0101ku, Spire jumta vistu m\u0101ja ar dro\u0161\u012bbas sl\u0113dzeni \u0101ra un piem\u0101jas, ferma, p\u012b\u013cu tru\u0161u b\u016bra m\u0101jputnu pildspalva<\/div>\n<div style=\"color: #fff!important; font-size: 16px; height: 24px; line-height: 24px; margin-top: -24px; \" class=\"product_sku\">M4I4LL42<\/div>\n<div style=\"color: #fff!important; font-size: 16px; height: 24px; line-height: 24px; margin-top: -24px; \" class=\"product_mpn\">BRSJP4X3X2MJBQGL6V0<\/div><div id=\"js-DM_at-goodDescRich\"><html><head><style>  body {    font-family: Arial;    line-height: 1.5;    color: #1c1c1c;    overflow-x: hidden;    margin: 0;    padding: 0;  }  .MsoNormal b {    font-weight: bolder;  }<\/style><style>  .container.small {    width: 970px;    margin: 0 auto;  }  .logo {    margin: 0 auto 0;  }  .logo img {    display: block;    margin: 0 auto;    max-width: 100%;  }  .logo .pc-banner {    display: block;    width: 1200px;    height: 247.4px;    margin: 0 auto;  }  .logo .pc-banner.small {    width: 970px;  }  .logo .pc-banner.small img {    height: auto!important;  }  .logo .m-banner {    display: none;  }  .ytvideo {    position: relative;    height: 546px;    width: 100%;    margin: 0 auto;  }  .ytvideo img {    width: 100%;    margin: 0 auto;  }  .ytvideo .play-btn {    width: 60px;    height: 42px;    position: absolute;    top: 50%;    left: 50%;    transform: translate(-50%, -50%);    background: url(\"data:image\/png;base64,iVBORw0KGgoAAAANSUhEUgAAAGQAAABGCAMAAAANWMFbAAAC+lBMVEUAAADBGB3kLCfBGB3kLCfcJC7BFx3KKSbiKybkLCbWJCPSIiLSIiLPICHAFx3kLCfgKSXNHiDZJiTIGx\/p4eHcjo7LHSDbJyTkLCbjKyfOHyHPIiL28fHJHB\/GGh7EGR7eKCXDGB3RISHlLSbBGB3AFxzGHB7DGB7BGB3hKybkKybAFx3lLCfAFxzDGR3hKibDGB7cJyTmz8\/elJTlwcHjurrUIyLlLSflLSfAFx3DGR7lLSfCFx3hKibhKibhKybjKybkLCblLSfbJSX49vbx7e3NNzjNMTLMJyjVIyLZf3\/ZQ0LaeHjx0tLgoqLkLCfCGB3HGx\/BGB3BFx3PICHCGB7WJCLOHyC\/Fxy\/Fx3lLCfQISHkLSe\/FxzbJiTBFx3FGx\/AGB7BFx3EGR7AGB3HHSDfKiXAFh3TISHYNzbhKibbJyTTIiL57e325+f039\/v2NjUV1fOHiHiqanfmprch4feKSXVIyPOICHmLibFGh\/mLSe\/Fx7XJCPeKSXXJSPNHyHaJyTGGh7lLCbmLCflLSjSIiLkLCbdKSXLHiC\/GB3KHh++Fh3lKyfoLiXcKCPkx8fYb2\/XaGfVXl3aU1LLHiDksbHgKibPICHbJyTfKSXbJyTCGB3KHSDiKybFGh7TIiL\/\/\/\/VIyPRISHIHB\/GGx\/HHB\/DGR7gKibdKCXLHiDZJiTMHiDNHyHYJSTOICHPICHWJCPcKCXXJSPjLCblLCf+\/f3NGR\/uLijzLynPGR\/IGB7WISHaIyLLGh7UAADxLynNAADRLzDbICLQAADIAAD3MCrUHSHXMTDpKSbLAADp5OTij4\/ejo\/VLy\/1LyngJSTcJCPQHx\/OHB7+\/PzaMS\/OLS\/vLijrLSjSAADaNTPwLyjkKSbNJCbYISHPHB\/KGB7WAAD7+vrn3d3aKynTKCjoLCfsKifRGh\/YAADq5+fhjo7QNDXXKCfmJyXt5+fTLzDLLi\/QKivYHRvMGBrQJCXLISPMExXLDxLaEAvkkI\/bOTfaFQ\/SCgpvLcnHAAAAmnRSTlMA+vv7+gT9Bvf9+8z8\/NSv\/Pr5+P7++vnQIBMP\/v38\/Pn348XDiCYf9OjbzcqxXVcx\/fz8+\/rj1r2poo1+fXFqX0orGP7+\/v7+\/fz8+\/r68uzn4trIxsG\/vri3p6GcmZSNbWVYUUZEPQv+\/f39+\/v7+\/v7+vr64tvV1NTTz87FtbSurqeblJKFg4B3bUY+NjL7+\/v7+\/v67t1cDo8JLQAABkRJREFUWMO0kz9rwkAYh0OIeJkum6YugUAhISCdKoj\/P4C7SMdS+gEKIhSKil10LSg4mzXkILdlEpxCpwTiWOLX6BujvQaEQuGeHLnL+\/64J+SIcKGYTYWnntpdLjrVdqvZmNdn0+EE40GtpuuWVS6Xx6N7YDSGpWXpeq02wHgynM7q80az1a52HpddtVcpsi1zFARBrdaxbhp9iUReTGmwA4KAAr7vx3EYejnCMI6hQYEgy0LQi4jUN0wL19vqFcUC9\/1dAKmEEFkWRYkh5oBejnxQJiSJPJ\/uKBp0Thszx9Mw8hMRIQjKsptCfuES9zr5WJY6vSFCIvE9fCMUmEM1A1kSXcYGxgVYsvI1IPKTZciSTI0us\/SMGG04gDzELDoFBwdcFJrF88dqgYMTiL6DILWYyfOWE8\/kIz38olCNlC03FK95+imxp6y4oUSvAnBjHHhKNtotSDqJzVFiK8c2SBqhZtsrTtgrLXwAyduxZHNE26eHUt5rtuM4WSmds3G+sUdWYo1L+XyxButoh5eKUHk5lByO3G1LqqCWVnfrv\/lyPtf\/4ps1cndNGIri8J1TJ0lx6dR\/oPjq1nbRwdp2dCk4CtIOLW3pVKRL6WZfS5vF2KkIQhpwSsjiYIgNCs1gEMGqiIq24NQX9NwoXFy8Ufrl3twTcg4fv8T9\/JBEySduj6Mjm4bMzYV7EEOxKjjoNDud7yY3Dy71Hq2oLmqfbNR723edH9PgMrNL2utoQ3VmaIDkiw\/4w51P06hlZsTZvkRrbVuSIs\/zwSOsycgzStQouoAkWQqioRT5XI7n2Z1wfVhoZmcAJLsoqjqpjbWCgpOAJXBwHK8PzWbNvoUZJND5wCnSkLAkZ1legx6vqQzjoiTahKlGUGLAiIIoABOHaNVw4sexZBym6\/HWlH5h3IC7yRbxtipcWxdTOkORKiNQAEkFf66x5S2oeRbroOlLgg0sSYkR0hRGEqJZ0jTPiQKatESdBckpWigxaapEH0lImHdWu9pUFF2XqMNM2Z4kped7IwEJw2qabwtrQqnpw6HyKkgcadKWsmpywwesDyIhYRpdzXddqegtGIJlXbAIUMOLkGxJUjRIkokwjUaX9d\/kK62ps\/tYUqZLIMkLTyBhsMZ3C5Z\/kDxOSCb\/DOs\/\/J0qcWSX\/2ipe56EgTCA4\/cB7NAYOsni4mZM1MUPAISoEwkDi4lhVBQ1cWQyIcwalw4EpqZN68JUSK7XC0kTlkLYii5uXSC8jT5ncCAS7mjCv0uHp\/3lueHEEAeQ\/\/VgmdN71\/2uCSA1Xr6DO6uI6sW56zqT2tp2PhgiRUAajV8CY2fkcz6WGNKMgLAt7tJAhD4YHMTeRxlALE6+43WqjSWi8ITxyJl8WrwWSNESQZZOqhDDntO3hJLsd5RtSpbJqdv3YrDJH3F7jL1R2O2aQkn2MyCyKYz0GPGIvSAMgBCrCEiJyKbBaYGwLW4uPRr0A0M4Ux5kUI7IBh+hMdiCEWNqhMZGyYMsOgNE58UQuEQeUnSWCMYwL54hkxK6IoqucQZbQ3pc3XtL0lky1dL0zZJJDpWJovFqpWj6JEHnyam2eQp5QRVAVHjWparTOaVwUOx99YS2MvgxIGV0bb+qIg2HX2qkFFJB+XZcbLiuRkuxD9GRroKyveLxdh4d7Orx+hb7qc3uVRuEogCOnyIxm4ubUoPgF4jianDrC+SDQDKEfJb0GUKmjCGPYHGJvVC6X4hw1\/sAfQAdfYyephIaspXe36RwOP+Ljvfx9B6B3i+Nk0DGq+oCbLn6JpBa9nWAveAIHwFAwtVcIJXPMPL8kRu5OAYPMaL1WScTxjiZDqB9LTJSWphow\/pTYKRTLjCBhvi9iBidvKcDasGSm0QQkycYuLBqj6QCELPctqChDWpTRMWkngNNpQ1Pfp1KkiT\/Y0DGffXAweUNfLAfaJFKDwhb6I+bkYRbkERoEeu3Fyjg2opMz2daZCS9jt6Q7txNfB+OZEVF6Zl5web2xunnLQrtrjXseXKaFYziYINeMFZVxS9VxRhOoesYwxPKXm+gWLG9cuFeq93UNNeJNsf1KlwuDok9n02n3TgIJpOxNfL9naIoQwXtfH9kjceTIIi709ncTg6LZbg+biLH1V6u\/7rxBem06VXKn9raAAAAAElFTkSuQmCC\")      no-repeat center center \/ contain;  }  @media screen and (max-width: 960px) and (orientation: portrait) {    .logo {      width: 100%;    }    .logo .pc-banner {      display: none;    }    .logo .m-banner {      display: block;      width: 100%;    }    .logo .m-banner img {      height: auto!important;    }    .ytvideo {      height: 200px;      width: 100%;    }  }<\/style><style>  .video-section {    width: 100%;    margin: 0 auto;  }  .video-section > img {    width: 100%;  }  .video-section iframe,  .video-section video {    width: 100%;    height: 100%;      }  .video-section-img-m,  .video-section-img-pc > img {    width: 100%;    height: auto;  }  .video-section-img-pc.small > img {    width: 970px;  }  .video-desc {    line-height: 1.5;    font-size: 20px;    font-weight: 400;    margin: 20px 0;    text-align: center;    color: #0f1111;    word-break: break-word;  }  @media screen and (max-width: 960px) and (orientation: portrait) {    .video-section {      width: 100%;    }    .video-section-pc,    .video-section-img-pc {      display: none;    }    .video-section-m,    .video-section-img-m {      display: block;    }    .video-desc {      font-size: 15px;    }  }  @media screen and (min-width: 960px) {    .video-section {      width: 100%;      margin: 0 auto;    }    .video-section-pc,    .video-section-img-pc {      display: block;    }    .video-section-m,    .video-section-img-m {      display: none;    }    .video-desc {      font-size: 20px;    }  }<\/style><style>  .section + .section {    margin-top: 35px;  }  .section-title {    text-align: center;    font-weight: bold;    color: #0d1111;    font-family: \"Arial\";    font-size: 32px;    margin: 15px 0;  }  .section-title:empty {    display: none;  }  .section-desc {    text-align: center;    font-weight: normal;    color: #0d1111;    margin-top: 20px;  }  .section-desc:empty {    display: none;  }  .section-img {    width: 1200px;    height: 492px;    margin: 0 auto;    display: block;  }  .section-img.small {    width: 970px;    height: auto;  }  .section-img.small > img {    height: auto;  }  .section-img > img {    width: 100%;    height: 100%;  }  .section-mobile-img {    display: none;    max-width: 100vw;    max-height: 75vw;    height: 450px;    margin: 0 auto;  }  .section-mobile-img > img {    width: 100%;    height: 100%;  }  @media screen and (max-width: 960px) and (orientation: portrait) {    .container {      width: 100%;    }    .container.small {      width: 100%;    }    .section-mobile-img {      display: block;    }    .section-img {      display: none;    }    .section-title {      font-size: 22px;      margin: 10px 0;    }    .section-desc {      margin-top: 10px;    }    .section + .section {      margin-top: 20px;    }  }<\/style><\/head><body><div class=\"container\"><div class=\"logo\"><div class=\"pc-banner\"><div><img decoding=\"async\" src=\"\/vevor\/vevor\/boutique-banner\/pc\/en-pc@1x.jpg\" style=\"width: 100%;\" \/><\/div><\/div><div class=\"m-banner\"><div><img decoding=\"async\" src=\"\/vevor\/vevor\/boutique-banner\/mobile\/en-m@1x.jpg\" style=\"width: 100%;\" \/><\/div><\/div><\/div><div class=\"section-title\">Dro\u0161a pajumte m\u0101jputniem<\/div><div class=\"video-section\"><div class=\"video-section-img-pc\"><img decoding=\"async\" src=\"\/vevor\/product\/BRSJP4X3X2MJBQGL6\/chicken-coop-a100-1.4.jpg\" \/><\/div><div class=\"video-section-img-m\"><img decoding=\"async\" src=\"\/vevor\/product\/BRSJP4X3X2MJBQGL6\/chicken-coop-a100-1.4-m.jpg\" \/><\/div><div class=\"section-desc\">M\u016bsu met\u0101la vistu k\u016bts ir izgatavota no cinkota t\u0113rauda caurul\u0113m, kas ir p\u0101rbaud\u012btas pret s\u0101ls\u016bdens iedarb\u012bbu, lai nov\u0113rstu r\u016bs\u0113\u0161anu. T\u0101 nodro\u0161ina dro\u0161as, m\u0101j\u012bgas un augstas kvalit\u0101tes m\u0101jas j\u016bsu vist\u0101m neatkar\u012bgi no lietus vai saules gaismas.<\/div><\/div><div class=\"section\"><div class=\"section-title\"><\/div><div class=\"section-img\"><img decoding=\"async\" src=\"\/vevor\/product\/BRSJP4X3X2MJBQGL6\/chicken-coop-a100-2.2.jpg\" \/><\/div><div class=\"section-mobile-img\"><img decoding=\"async\" src=\"\/vevor\/product\/BRSJP4X3X2MJBQGL6\/chicken-coop-a100-2.2-m.jpg\" \/><\/div><div class=\"section-desc\">Ar 2,5 cm biez\u0101m t\u0113rauda caurul\u0113m un se\u0161st\u016bra aizsargsietu \u0161is vistu aploks pied\u0101v\u0101 stabilu atbalstu un aizsardz\u012bbu, nodro\u0161inot, ka m\u0101jputni var br\u012bvi p\u0101rvietoties dro\u0161\u0101 vid\u0113.<\/div><\/div><div class=\"section\"><div class=\"section-title\"><\/div><div class=\"section-img\"><img decoding=\"async\" src=\"\/vevor\/product\/BRSJP4X3X2MJBQGL6\/chicken-coop-a100-2.3.jpg\" \/><\/div><div class=\"section-mobile-img\"><img decoding=\"async\" src=\"\/vevor\/product\/BRSJP4X3X2MJBQGL6\/chicken-coop-a100-2.3-m.jpg\" \/><\/div><div class=\"section-desc\">VEVOR lielais vistu aploks ir veidots ar \u010detrpus\u0113ju ventil\u0101ciju, lai samazin\u0101tu bakt\u0113riju aug\u0161anu un smakas. Atcerieties ziem\u0101 not\u012br\u012bt uzkr\u0101ju\u0161os sniegu, lai nodro\u0161in\u0101tu svaigu un vesel\u012bgu dz\u012bves telpu j\u016bsu m\u0101jputniem.<\/div><\/div><div class=\"section\"><div class=\"section-title\"><\/div><div class=\"section-img\"><img decoding=\"async\" src=\"\/vevor\/product\/BRSJP4X3X2MJBQGL6\/chicken-coop-a100-2.4.jpg\" \/><\/div><div class=\"section-mobile-img\"><img decoding=\"async\" src=\"\/vevor\/product\/BRSJP4X3X2MJBQGL6\/chicken-coop-a100-2.4-m.jpg\" \/><\/div><div class=\"section-desc\">Pateicoties pla\u0161aj\u0101m durv\u012bm, met\u0101la vistu aploks nodro\u0161ina \u0113rtu piek\u013cuvi, nepieliecoties. Dro\u0161\u0101 sl\u0113dzenes konstrukcija ne\u013cauj m\u0101jputniem aizb\u0113gt, padarot j\u016bsu lauksaimniec\u012bbas darbus bez liekas piep\u016bles.<\/div><\/div><div class=\"section\"><div class=\"section-title\"><\/div><div class=\"section-img\"><img decoding=\"async\" src=\"\/vevor\/product\/BRSJP4X3X2MJBQGL6\/chicken-coop-a100-2.5.jpg\" \/><\/div><div class=\"section-mobile-img\"><img decoding=\"async\" src=\"\/vevor\/product\/BRSJP4X3X2MJBQGL6\/chicken-coop-a100-2.5-m.jpg\" \/><\/div><div class=\"section-desc\">Vistu aplok\u0101 vienuviet var tur\u0113t da\u017e\u0101das m\u0101jputnu sugas, ietaupot izmaksas un vietu, vienlaikus palielinot lauksaimniec\u012bbas daudzveid\u012bbu un elast\u012bbu.<\/div><\/div><div class=\"section\"><div class=\"section-img\"><img decoding=\"async\" src=\"\/vevor\/product\/BRSJP4X3X2MJBQGL6\/chicken-coop-a100-1.11.jpg\" alt=\"VEVOR liel\u0101 met\u0101la vistu k\u016bts specifik\u0101cijas un piederumi ir uzskait\u012bti detaliz\u0113t\u0101 infografik\u0101 \u0113rtai uzzi\u0146ai.\" \/><\/div><div class=\"section-mobile-img\"><img decoding=\"async\" src=\"\/vevor\/product\/BRSJP4X3X2MJBQGL6\/chicken-coop-a100-1.11-m.jpg\" alt=\"VEVOR liel\u0101 met\u0101la vistu k\u016bts specifik\u0101cijas un piederumi ir uzskait\u012bti detaliz\u0113t\u0101 infografik\u0101 \u0113rtai uzzi\u0146ai.\" \/><\/div><\/div><\/div><\/body><\/html><\/div>\n<div class=\"DM_at-title\" id=\"js-DM_at-title\"> <div>Produkta specifik\u0101cija<\/div> <i class=\"icon-arrowup_line\"><\/i> <\/div><div class=\"DM_at-goodsDescAttr\" id=\"js-DM_at-goodsDescAttr\"> <div class=\"DM_at-goodsDescAttrInner\"> <dl class=\"goodsDesc_item goodsDesc_item_even\"> <dt>Preces Mode\u013ca Numurs<\/dt> <dd> RA342<\/dd> <\/dl> <dl class=\"goodsDesc_item\"> <dt>Galvenais materi\u0101ls<\/dt> <dd> Cinkota t\u0113rauda caurule + PE<\/dd> <\/dl> <dl class=\"goodsDesc_item goodsDesc_item_even\"> <dt>Produkta Izm\u0113ri<\/dt> <dd> 3x3,93x1,99 m\/9,88x12,89x6,53 p\u0113das<\/dd> <\/dl> <dl class=\"goodsDesc_item\"> <dt>Aizsarg\u0101jo\u0161\u0101 t\u012bkla izm\u0113rs<\/dt> <dd> 1x36 m\/3,28 \u00d7 118,11 p\u0113das<\/dd> <\/dl> <dl class=\"goodsDesc_item goodsDesc_item_even\"> <dt>Nojumes izm\u0113rs<\/dt> <dd> 1,95 x 3,4 m\/6,39 x 11,15 p\u0113das<\/dd> <\/dl> <dl class=\"goodsDesc_item\"> <dt>Produkta Svars<\/dt> <dd> 29,3 kg\/64,59 m\u0101rci\u0146as<\/dd> <\/dl> <\/div> <\/div>","protected":false},"excerpt":{"rendered":"<ul>\n<li> Laikapst\u0101k\u013ciem iztur\u012bgs un iztur\u012bgs pret koroziju: izgatavots no cinkota t\u0113rauda caurul\u0113m un stingri p\u0101rbaud\u012bts pret s\u0101ls izsmidzin\u0101\u0161anu, \u0161\u012b vistas k\u016bts iztur skarbos laika apst\u0101k\u013cus, piem\u0113ram, lietus, v\u0113ja un saules iedarb\u012bbu, nodro\u0161inot ilgtermi\u0146a stabilit\u0101ti un dro\u0161\u012bbu. <\/li>\n<li> Iztur\u012bga konstrukcija: Pateicoties 2,5 cm biez\u0101m cinkot\u0101m t\u0113rauda caurul\u0113m un prec\u012bzai metin\u0101\u0161anai, \u0161\u012b vistu k\u016bts lepojas ar stabilit\u0101ti un v\u0113ja iztur\u012bbu. Aug\u0161\u0113jais v\u0101ks nodro\u0161ina efekt\u012bvu dren\u0101\u017eu, nov\u0113r\u0161ot \u016bdens uzkr\u0101\u0161anos. Pastiprin\u0101ta ar se\u0161st\u016bra aizsargsietu, t\u0101 nodro\u0161ina dro\u0161\u0101ku vietu m\u0101jputniem. <\/li>\n<li> Pla\u0161a dz\u012bvojam\u0101 plat\u012bba: \u0160is met\u0101la vistu aploks pied\u0101v\u0101 pla\u0161u 3 \u00d7 3,93 \u00d7 1,99 m \/ 9,88 \u00d7 12,89 \u00d7 6,53 p\u0113du plat\u012bbu, un tam ir \u010detrpus\u0113ja ventil\u0101cija, radot vesel\u012bgu un komfortablu vidi. Ar PE p\u0101rkl\u0101tais nojume nodro\u0161ina aizsardz\u012bbu pret sauli, \u016bdensnecaurlaid\u012bbu un iztur\u012bbu pret pl\u012bsumiem, pasarg\u0101jot j\u016bsu m\u0101jputnus no \u0101r\u0113jiem elementiem. <\/li>\n<li> Vienk\u0101r\u0161a uzst\u0101d\u012b\u0161ana: Pateicoties viegli lietojamiem piederumiem, uzst\u0101d\u012b\u0161ana ir pavisam vienk\u0101r\u0161a. Vistas k\u016bti var nostiprin\u0101t, pievienojot apak\u0161\u0101 koku vai akme\u0146us. Lai nodro\u0161in\u0101tu papildu aizsardz\u012bbu pret savva\u013cas dz\u012bvniekiem, piem\u0113ram, jenotiem, iesak\u0101m pievienot cinkota stiep\u013cu \u017eogu. <\/li>\n<li> Daudzpus\u012bgs pielietojums: Vistu aploks ar jumtu ir piem\u0113rots ne tikai vist\u0101m, bet ar\u012b p\u012bl\u0113m, paipal\u0101m, tru\u0161iem un citiem m\u0101jputniem. Tas atbilst j\u016bsu vajadz\u012bb\u0101m, nodro\u0161inot dro\u0161u un \u0113rtu dz\u012bvesvietu m\u0101jputniem. <\/li>\n<\/ul>","protected":false},"featured_media":311498,"comment_status":"closed","ping_status":"open","template":"","meta":{"om_disable_all_campaigns":false,"_monsterinsights_skip_tracking":false,"_monsterinsights_sitenote_active":false,"_monsterinsights_sitenote_note":"","_monsterinsights_sitenote_category":0,"_uf_show_specific_survey":0,"_uf_disable_surveys":false},"location":[1935,1934],"product_brand":[21],"product_cat":[2368,2367,2369,2365,2366],"product_tag":[],"class_list":{"0":"post-45039","1":"product","2":"type-product","3":"status-publish","4":"has-post-thumbnail","6":"location-supplier_stock_location","7":"location-local_stock_location","8":"product_brand-vevor","9":"product_cat-chicken-coop-farm-animal-supplies","10":"product_cat-farm-animal-supplies","11":"product_cat-metal-chicken-coop-chicken-coop-farm-animal-supplies","12":"product_cat-outdoors","13":"product_cat-pet-supplies-wildlife","15":"first","16":"outofstock","17":"taxable","18":"shipping-taxable","19":"purchasable","20":"product-type-simple"},"aioseo_notices":[],"jetpack_sharing_enabled":true,"locations":[{"id":1935,"name":"Pieg\u0101d\u0101ja noliktav\u0101 (5-7dd.d)","slug":"supplier_stock_location","quantity":"0"},{"id":1934,"name":"R\u012bgas veikal\u0101 (0-2d.d.)","slug":"local_stock_location","quantity":"0"}],"_links":{"self":[{"href":"https:\/\/vevorshop.lv\/lv\/wp-json\/wp\/v2\/product\/45039","targetHints":{"allow":["GET"]}}],"collection":[{"href":"https:\/\/vevorshop.lv\/lv\/wp-json\/wp\/v2\/product"}],"about":[{"href":"https:\/\/vevorshop.lv\/lv\/wp-json\/wp\/v2\/types\/product"}],"replies":[{"embeddable":true,"href":"https:\/\/vevorshop.lv\/lv\/wp-json\/wp\/v2\/comments?post=45039"}],"wp:featuredmedia":[{"embeddable":true,"href":"https:\/\/vevorshop.lv\/lv\/wp-json\/wp\/v2\/media\/311498"}],"wp:attachment":[{"href":"https:\/\/vevorshop.lv\/lv\/wp-json\/wp\/v2\/media?parent=45039"}],"wp:term":[{"taxonomy":"location","embeddable":true,"href":"https:\/\/vevorshop.lv\/lv\/wp-json\/wp\/v2\/location?post=45039"},{"taxonomy":"product_brand","embeddable":true,"href":"https:\/\/vevorshop.lv\/lv\/wp-json\/wp\/v2\/product_brand?post=45039"},{"taxonomy":"product_cat","embeddable":true,"href":"https:\/\/vevorshop.lv\/lv\/wp-json\/wp\/v2\/product_cat?post=45039"},{"taxonomy":"product_tag","embeddable":true,"href":"https:\/\/vevorshop.lv\/lv\/wp-json\/wp\/v2\/product_tag?post=45039"}],"curies":[{"name":"wp","href":"https:\/\/api.w.org\/{rel}","templated":true}]}}