{"id":461189,"date":"2026-04-06T23:33:38","date_gmt":"2026-04-06T20:33:38","guid":{"rendered":"https:\/\/vevorshop.lv\/en_us\/Prece\/vevor-brake-line-repair-kit-7-6-m-x-4-76-mm-45-single-flaring-tool-with-copper-coated-line-20-fittings-tube-bender-cutter\/"},"modified":"2026-04-23T06:14:22","modified_gmt":"2026-04-23T03:14:22","slug":"vevor-brake-line-repair-kit-7-6-m-x-4-76-mm-45-single-flaring-tool-with-copper-coated-line-20-fittings-tube-bender-cutter","status":"publish","type":"product","link":"https:\/\/vevorshop.lv\/lv\/Prece\/vevor-bremzu-magistrales-remkomplekts-7-6-m-x-4-76-mm-45-viengabala-degsanas-instruments-ar-vara-parklajumu-linijas-20-veidgabalu-caurulu-lieksanas-griezejs\/","title":{"rendered":"VEVOR brem\u017eu cauru\u013cu remonta komplekts 7,6 m x 4,76 mm, 45\u00b0 vienk\u0101r\u0161\u0101s uzbort\u0113\u0161anas instruments ar vara p\u0101rkl\u0101jumu, 20 veidgabali, loc\u012bt\u0101js"},"content":{"rendered":"<div style=\"color: #fff!important; font-size: 16px; height: 24px; line-height: 24px; margin-top: -24px; \" class=\"product_original_name\">VEVOR brem\u017eu l\u012bnijas remonta komplekts, 45\u00b0 vienas brem\u017eu l\u012bnijas deg\u0161anas instrumentu komplekts, 7,6 m x 4,76 mm vara p\u0101rkl\u0101ta brem\u017eu l\u012bnija ar 20 veidgabaliem un 2 savienojumiem, 3-in-1 cauru\u013cu liekt\u0101js, cauru\u013cu griez\u0113js iek\u013cauts komplekt\u0101<\/div>\n<div style=\"color: #fff!important; font-size: 16px; height: 24px; line-height: 24px; margin-top: -24px; \" class=\"product_sku\">MNNI63JG<\/div>\n<div style=\"color: #fff!important; font-size: 16px; height: 24px; line-height: 24px; margin-top: -24px; \" class=\"product_mpn\">PQGKGQYJKKGJHLIPZ001V0<\/div><div id=\"js-DM_at-goodDescRich\"><html><head><style>  body {    font-family: Arial;    line-height: 1.5;    color: #1c1c1c;    overflow-x: hidden;    margin: 0;    padding: 0;  }  .MsoNormal b {    font-weight: bolder;  }<\/style><style>  .container.small {    width: 970px;    margin: 0 auto;  }  .logo {    margin: 0 auto 0;  }  .logo img {    display: block;    margin: 0 auto;    max-width: 100%;  }  .logo .pc-banner {    display: block;    width: 1200px;    height: 247.4px;    margin: 0 auto;  }  .logo .pc-banner.small {    width: 970px;  }  .logo .pc-banner.small img {    height: auto!important;  }  .logo .m-banner {    display: none;  }  .ytvideo {    position: relative;    height: 546px;    width: 100%;    margin: 0 auto;  }  .ytvideo img {    width: 100%;    margin: 0 auto;  }  .ytvideo .play-btn {    width: 60px;    height: 42px;    position: absolute;    top: 50%;    left: 50%;    transform: translate(-50%, -50%);    background: url(\"data:image\/png;base64,iVBORw0KGgoAAAANSUhEUgAAAGQAAABGCAMAAAANWMFbAAAC+lBMVEUAAADBGB3kLCfBGB3kLCfcJC7BFx3KKSbiKybkLCbWJCPSIiLSIiLPICHAFx3kLCfgKSXNHiDZJiTIGx\/p4eHcjo7LHSDbJyTkLCbjKyfOHyHPIiL28fHJHB\/GGh7EGR7eKCXDGB3RISHlLSbBGB3AFxzGHB7DGB7BGB3hKybkKybAFx3lLCfAFxzDGR3hKibDGB7cJyTmz8\/elJTlwcHjurrUIyLlLSflLSfAFx3DGR7lLSfCFx3hKibhKibhKybjKybkLCblLSfbJSX49vbx7e3NNzjNMTLMJyjVIyLZf3\/ZQ0LaeHjx0tLgoqLkLCfCGB3HGx\/BGB3BFx3PICHCGB7WJCLOHyC\/Fxy\/Fx3lLCfQISHkLSe\/FxzbJiTBFx3FGx\/AGB7BFx3EGR7AGB3HHSDfKiXAFh3TISHYNzbhKibbJyTTIiL57e325+f039\/v2NjUV1fOHiHiqanfmprch4feKSXVIyPOICHmLibFGh\/mLSe\/Fx7XJCPeKSXXJSPNHyHaJyTGGh7lLCbmLCflLSjSIiLkLCbdKSXLHiC\/GB3KHh++Fh3lKyfoLiXcKCPkx8fYb2\/XaGfVXl3aU1LLHiDksbHgKibPICHbJyTfKSXbJyTCGB3KHSDiKybFGh7TIiL\/\/\/\/VIyPRISHIHB\/GGx\/HHB\/DGR7gKibdKCXLHiDZJiTMHiDNHyHYJSTOICHPICHWJCPcKCXXJSPjLCblLCf+\/f3NGR\/uLijzLynPGR\/IGB7WISHaIyLLGh7UAADxLynNAADRLzDbICLQAADIAAD3MCrUHSHXMTDpKSbLAADp5OTij4\/ejo\/VLy\/1LyngJSTcJCPQHx\/OHB7+\/PzaMS\/OLS\/vLijrLSjSAADaNTPwLyjkKSbNJCbYISHPHB\/KGB7WAAD7+vrn3d3aKynTKCjoLCfsKifRGh\/YAADq5+fhjo7QNDXXKCfmJyXt5+fTLzDLLi\/QKivYHRvMGBrQJCXLISPMExXLDxLaEAvkkI\/bOTfaFQ\/SCgpvLcnHAAAAmnRSTlMA+vv7+gT9Bvf9+8z8\/NSv\/Pr5+P7++vnQIBMP\/v38\/Pn348XDiCYf9OjbzcqxXVcx\/fz8+\/rj1r2poo1+fXFqX0orGP7+\/v7+\/fz8+\/r68uzn4trIxsG\/vri3p6GcmZSNbWVYUUZEPQv+\/f39+\/v7+\/v7+vr64tvV1NTTz87FtbSurqeblJKFg4B3bUY+NjL7+\/v7+\/v67t1cDo8JLQAABkRJREFUWMO0kz9rwkAYh0OIeJkum6YugUAhISCdKoj\/P4C7SMdS+gEKIhSKil10LSg4mzXkILdlEpxCpwTiWOLX6BujvQaEQuGeHLnL+\/64J+SIcKGYTYWnntpdLjrVdqvZmNdn0+EE40GtpuuWVS6Xx6N7YDSGpWXpeq02wHgynM7q80az1a52HpddtVcpsi1zFARBrdaxbhp9iUReTGmwA4KAAr7vx3EYejnCMI6hQYEgy0LQi4jUN0wL19vqFcUC9\/1dAKmEEFkWRYkh5oBejnxQJiSJPJ\/uKBp0Thszx9Mw8hMRIQjKsptCfuES9zr5WJY6vSFCIvE9fCMUmEM1A1kSXcYGxgVYsvI1IPKTZciSTI0us\/SMGG04gDzELDoFBwdcFJrF88dqgYMTiL6DILWYyfOWE8\/kIz38olCNlC03FK95+imxp6y4oUSvAnBjHHhKNtotSDqJzVFiK8c2SBqhZtsrTtgrLXwAyduxZHNE26eHUt5rtuM4WSmds3G+sUdWYo1L+XyxButoh5eKUHk5lByO3G1LqqCWVnfrv\/lyPtf\/4ps1cndNGIri8J1TJ0lx6dR\/oPjq1nbRwdp2dCk4CtIOLW3pVKRL6WZfS5vF2KkIQhpwSsjiYIgNCs1gEMGqiIq24NQX9NwoXFy8Ufrl3twTcg4fv8T9\/JBEySduj6Mjm4bMzYV7EEOxKjjoNDud7yY3Dy71Hq2oLmqfbNR723edH9PgMrNL2utoQ3VmaIDkiw\/4w51P06hlZsTZvkRrbVuSIs\/zwSOsycgzStQouoAkWQqioRT5XI7n2Z1wfVhoZmcAJLsoqjqpjbWCgpOAJXBwHK8PzWbNvoUZJND5wCnSkLAkZ1legx6vqQzjoiTahKlGUGLAiIIoABOHaNVw4sexZBym6\/HWlH5h3IC7yRbxtipcWxdTOkORKiNQAEkFf66x5S2oeRbroOlLgg0sSYkR0hRGEqJZ0jTPiQKatESdBckpWigxaapEH0lImHdWu9pUFF2XqMNM2Z4kped7IwEJw2qabwtrQqnpw6HyKkgcadKWsmpywwesDyIhYRpdzXddqegtGIJlXbAIUMOLkGxJUjRIkokwjUaX9d\/kK62ps\/tYUqZLIMkLTyBhsMZ3C5Z\/kDxOSCb\/DOs\/\/J0qcWSX\/2ipe56EgTCA4\/cB7NAYOsni4mZM1MUPAISoEwkDi4lhVBQ1cWQyIcwalw4EpqZN68JUSK7XC0kTlkLYii5uXSC8jT5ncCAS7mjCv0uHp\/3lueHEEAeQ\/\/VgmdN71\/2uCSA1Xr6DO6uI6sW56zqT2tp2PhgiRUAajV8CY2fkcz6WGNKMgLAt7tJAhD4YHMTeRxlALE6+43WqjSWi8ITxyJl8WrwWSNESQZZOqhDDntO3hJLsd5RtSpbJqdv3YrDJH3F7jL1R2O2aQkn2MyCyKYz0GPGIvSAMgBCrCEiJyKbBaYGwLW4uPRr0A0M4Ux5kUI7IBh+hMdiCEWNqhMZGyYMsOgNE58UQuEQeUnSWCMYwL54hkxK6IoqucQZbQ3pc3XtL0lky1dL0zZJJDpWJovFqpWj6JEHnyam2eQp5QRVAVHjWparTOaVwUOx99YS2MvgxIGV0bb+qIg2HX2qkFFJB+XZcbLiuRkuxD9GRroKyveLxdh4d7Orx+hb7qc3uVRuEogCOnyIxm4ubUoPgF4jianDrC+SDQDKEfJb0GUKmjCGPYHGJvVC6X4hw1\/sAfQAdfYyephIaspXe36RwOP+Ljvfx9B6B3i+Nk0DGq+oCbLn6JpBa9nWAveAIHwFAwtVcIJXPMPL8kRu5OAYPMaL1WScTxjiZDqB9LTJSWphow\/pTYKRTLjCBhvi9iBidvKcDasGSm0QQkycYuLBqj6QCELPctqChDWpTRMWkngNNpQ1Pfp1KkiT\/Y0DGffXAweUNfLAfaJFKDwhb6I+bkYRbkERoEeu3Fyjg2opMz2daZCS9jt6Q7txNfB+OZEVF6Zl5web2xunnLQrtrjXseXKaFYziYINeMFZVxS9VxRhOoesYwxPKXm+gWLG9cuFeq93UNNeJNsf1KlwuDok9n02n3TgIJpOxNfL9naIoQwXtfH9kjceTIIi709ncTg6LZbg+biLH1V6u\/7rxBem06VXKn9raAAAAAElFTkSuQmCC\")      no-repeat center center \/ contain;  }  @media screen and (max-width: 960px) and (orientation: portrait) {    .logo {      width: 100%;    }    .logo .pc-banner {      display: none;    }    .logo .m-banner {      display: block;      width: 100%;    }    .logo .m-banner img {      height: auto!important;    }    .ytvideo {      height: 200px;      width: 100%;    }  }<\/style><style>  .video-section {    width: 100%;    margin: 0 auto;  }  .video-section > img {    width: 100%;  }  .video-section iframe,  .video-section video {    width: 100%;    height: 100%;      }  .video-section-img-m,  .video-section-img-pc > img {    width: 100%;    height: auto;  }  .video-section-img-pc.small > img {    width: 970px;  }  .video-desc {    line-height: 1.5;    font-size: 20px;    font-weight: 400;    margin: 20px 0;    text-align: center;    color: #0f1111;    word-break: break-word;  }  @media screen and (max-width: 960px) and (orientation: portrait) {    .video-section {      width: 100%;    }    .video-section-pc,    .video-section-img-pc {      display: none;    }    .video-section-m,    .video-section-img-m {      display: block;    }    .video-desc {      font-size: 15px;    }  }  @media screen and (min-width: 960px) {    .video-section {      width: 100%;      margin: 0 auto;    }    .video-section-pc,    .video-section-img-pc {      display: block;    }    .video-section-m,    .video-section-img-m {      display: none;    }    .video-desc {      font-size: 20px;    }  }<\/style><style>  .section + .section {    margin-top: 35px;  }  .section-title {    text-align: center;    font-weight: bold;    color: #0d1111;    font-family: \"Arial\";    font-size: 32px;    margin: 15px 0;  }  .section-title:empty {    display: none;  }  .section-desc {    text-align: center;    font-weight: normal;    color: #0d1111;    margin-top: 20px;  }  .section-desc:empty {    display: none;  }  .section-img {    width: 1200px;    height: 492px;    margin: 0 auto;    display: block;  }  .section-img.small {    width: 970px;    height: auto;  }  .section-img.small > img {    height: auto;  }  .section-img > img {    width: 100%;    height: 100%;  }  .section-mobile-img {    display: none;    max-width: 100vw;    max-height: 75vw;    height: 450px;    margin: 0 auto;  }  .section-mobile-img > img {    width: 100%;    height: 100%;  }  @media screen and (max-width: 960px) and (orientation: portrait) {    .container {      width: 100%;    }    .container.small {      width: 100%;    }    .section-mobile-img {      display: block;    }    .section-img {      display: none;    }    .section-title {      font-size: 22px;      margin: 10px 0;    }    .section-desc {      margin-top: 10px;    }    .section + .section {      margin-top: 20px;    }  }<\/style><\/head><body><div class=\"container\"><div class=\"logo\"><div class=\"pc-banner\"><div><img decoding=\"async\" src=\"\/vevor\/vevor\/boutique-banner\/pc\/en-pc@1x.jpg\" style=\"width: 100%;\" \/><\/div><\/div><div class=\"m-banner\"><div><img decoding=\"async\" src=\"\/vevor\/vevor\/boutique-banner\/mobile\/en-m@1x.jpg\" style=\"width: 100%;\" \/><\/div><\/div><\/div><div class=\"section-title\">Piln\u012bgs komplekts efekt\u012bvai brem\u017eu l\u012bnijas remontam<\/div><div class=\"video-section\"><div class=\"video-section-img-pc\"><img decoding=\"async\" src=\"\/vevor\/product\/PQGKGQYJKKGJHLIPZ001\/flare-tool-kit-a100-1.4.jpg\" \/><\/div><div class=\"video-section-img-m\"><img decoding=\"async\" src=\"\/vevor\/product\/PQGKGQYJKKGJHLIPZ001\/flare-tool-kit-a100-1.4-m.jpg\" \/><\/div><div class=\"section-desc\">\u0160aj\u0101 univers\u0101laj\u0101 brem\u017eu ma\u0123istr\u0101les remonta komplekt\u0101 ir iek\u013cauti nepiecie\u0161amie instrumenti un piederumi, kas nepiecie\u0161ami brem\u017eu ma\u0123istr\u0101les nomai\u0146ai un uzst\u0101d\u012b\u0161anai. Tas atbalsta prec\u012bzus vienas uzliesmo\u0161anas un dro\u0161us savienojumus, pal\u012bdzot padar\u012bt brem\u017eu ma\u0123istr\u0101les remonta darbus efekt\u012bv\u0101kus un racionaliz\u0113t\u0101kus.<\/div><\/div><div class=\"section\"><div class=\"section-title\"><\/div><div class=\"section-img\"><img decoding=\"async\" src=\"\/vevor\/product\/PQGKGQYJKKGJHLIPZ001\/flare-tool-kit-a100-2.2.jpg\" \/><\/div><div class=\"section-mobile-img\"><img decoding=\"async\" src=\"\/vevor\/product\/PQGKGQYJKKGJHLIPZ001\/flare-tool-kit-a100-2.2-m.jpg\" \/><\/div><div class=\"section-desc\">Piem\u0113rots 4,76 mm (3\/16\"), 6,35 mm (1\/4\"), 7,94 mm (5\/16\"), 9,52 mm (3\/8\"), 12,7 mm (1\/2\") un 15,87 mm (5\/8\") OD vara, alum\u012bnija un pl\u0101nsienu t\u0113rauda caurules ar 0,4\u20131,0 mm (0,016 \"\u20130,039\") sienas biezumu.<\/div><\/div><div class=\"section\"><div class=\"section-title\"><\/div><div class=\"section-img\"><img decoding=\"async\" src=\"\/vevor\/product\/PQGKGQYJKKGJHLIPZ001\/flare-tool-kit-a100-2.3.jpg\" \/><\/div><div class=\"section-mobile-img\"><img decoding=\"async\" src=\"\/vevor\/product\/PQGKGQYJKKGJHLIPZ001\/flare-tool-kit-a100-2.3-m.jpg\" \/><\/div><div class=\"section-desc\">M\u016bsu vienas brem\u017eu l\u012bnijas deg\u0161anas r\u012bks, kas izgatavots no r\u016bd\u012bta oglek\u013ca t\u0113rauda, nodro\u0161ina sp\u0113c\u012bgu iztur\u012bbu pret deform\u0101ciju un nodilumu, saglab\u0101jot konstrukcijas stabilit\u0101ti ilgtermi\u0146a uzticam\u012bbai.<\/div><\/div><div class=\"section\"><div class=\"section-title\"><\/div><div class=\"section-img\"><img decoding=\"async\" src=\"\/vevor\/product\/PQGKGQYJKKGJHLIPZ001\/flare-tool-kit-a100-2.4.jpg\" \/><\/div><div class=\"section-mobile-img\"><img decoding=\"async\" src=\"\/vevor\/product\/PQGKGQYJKKGJHLIPZ001\/flare-tool-kit-a100-2.4-m.jpg\" \/><\/div><div class=\"section-desc\">Iek\u013cautajai 7,6 m vara p\u0101rkl\u0101tajai caurulei piem\u012bt lieliska elast\u012bba, kas atvieglo brem\u017eu ma\u0123istr\u0101les mar\u0161rut\u0113\u0161anu \u0161aur\u0101s viet\u0101s, piem\u0113ram, zem transportl\u012bdzek\u013ca \u0161asijas.<\/div><\/div><div class=\"section\"><div class=\"section-title\"><\/div><div class=\"section-img\"><img decoding=\"async\" src=\"\/vevor\/product\/PQGKGQYJKKGJHLIPZ001\/flare-tool-kit-a100-2.5.jpg\" \/><\/div><div class=\"section-mobile-img\"><img decoding=\"async\" src=\"\/vevor\/product\/PQGKGQYJKKGJHLIPZ001\/flare-tool-kit-a100-2.5-m.jpg\" \/><\/div><div class=\"section-desc\">Komplekt\u0101 ir 20 brem\u017eu ma\u0123istr\u0101\u013cu piederumi un 2 v\u012bt\u0146otas savienot\u0101jelementi, kas aptver vienotus v\u012bt\u0146u standartus, lai j\u016bs var\u0113tu atrast pareizo piegul\u0161anu bez papildu pirkumiem un nodro\u0161in\u0101t dro\u0161us, uzticamus savienojumus.<\/div><\/div><div class=\"section\"><div class=\"section-img\"><img decoding=\"async\" src=\"\/vevor\/product\/PQGKGQYJKKGJHLIPZ001\/flare-tool-kit-a100-1.11.jpg\" \/><\/div><div class=\"section-mobile-img\"><img decoding=\"async\" src=\"\/vevor\/product\/PQGKGQYJKKGJHLIPZ001\/flare-tool-kit-a100-1.11-m.jpg\" \/><\/div><\/div><\/div><\/body><\/html><\/div>\n<div class=\"DM_at-title\" id=\"js-DM_at-title\"> <div>Produkta specifik\u0101cija<\/div> <i class=\"icon-arrowup_line\"><\/i> <\/div><div class=\"DM_at-goodsDescAttr\" id=\"js-DM_at-goodsDescAttr\"> <div class=\"DM_at-goodsDescAttrInner\"> <dl class=\"goodsDesc_item goodsDesc_item_even\"> <dt>Preces Mode\u013ca Numurs<\/dt> <dd> CT-2020<\/dd> <\/dl> <dl class=\"goodsDesc_item\"> <dt>Uzliesmo\u0161anas veids<\/dt> <dd> 45 \u00b0 viena uzliesmojuma instrumentu komplekts<\/dd> <\/dl> <dl class=\"goodsDesc_item goodsDesc_item_even\"> <dt>Sader\u012bgs cauru\u013cu OD.<\/dt> <dd> 4,76 mm (3\/16\"), 6,35 mm (1\/4\"), 7,94 mm (5\/16\"), 9,52 mm (3\/8\"), 12,7 mm (1\/2\") un 15,87 mm (5\/8 \")<\/dd> <\/dl> <dl class=\"goodsDesc_item\"> <dt>Sader\u012bgs Caurules<\/dt> <dd> Var\u0161 \/ Alum\u012bnijs \/ Pl\u0101nsienu t\u0113rauda caurules<\/dd> <\/dl> <dl class=\"goodsDesc_item goodsDesc_item_even\"> <dt>Piem\u0113rojamais sienas biezums<\/dt> <dd> 0,01 - 0,04 collas \/ 0,4 - 1 mm <\/dd> <\/dl> <dl class=\"goodsDesc_item\"> <dt>Galvenie materi\u0101li<\/dt> <dd> Oglek\u013ca t\u0113rauds + alum\u012bnijs<\/dd> <\/dl> <dl class=\"goodsDesc_item goodsDesc_item_even\"> <dt>Neto Svars<\/dt> <dd> 4 m\u0101rci\u0146as \/ 1,82 kg<\/dd> <\/dl> <dl class=\"goodsDesc_item\"> <dt>Produkta Izm\u0113ri<\/dt> <dd> 10,82 x 2,75 x 2,56 collas\/275 x 70 x 65 mm<\/dd> <\/dl> <\/div> <\/div>","protected":false},"excerpt":{"rendered":"<ul>\n<li> Piln\u012bgs remonta komplekts: \u0161aj\u0101 brem\u017eu ma\u0123istr\u0101les remonta komplekt\u0101 ietilpst 7,6 m x 4,76 mm (25 p\u0113das x 3\/16\u2033) brem\u017eu l\u012bnija ar vara p\u0101rkl\u0101jumu, 20 brem\u017eu ma\u0123istr\u0101\u013cu piederumi, 2 v\u012bt\u0146otas savienot\u0101jelementi, 3-in-1 cauru\u013cu liekt\u0101js, cauru\u013cu griez\u0113js, uzliesmo\u0161anas stienis un uzliesmo\u0161anas konuss efekt\u012bvai brem\u017eu ma\u0123istr\u0101les remontam <\/li>\n<li> Platcaurules savietojam\u012bba: ar 45\u00b0 konusa konstrukciju, kas prec\u012bzi veido atsevi\u0161\u0137us uzliesmojumus uz brem\u017eu l\u012bnij\u0101m, transmisijas dzes\u0113\u0161anas l\u012bnij\u0101m un HVAC cauru\u013cvadiem. Sader\u012bgs ar Der 4,76 mm (3\/16\u2033), 6,35 mm (1\/4\u2033), 7,94 mm (5\/16\u2033), 9,52 mm (3\/8\u2033), 12,7 mm (1\/2\u2033) un 15,87 mm (5\/8\u2033) OD vara, alum\u012bnija un pl\u0101nas sienas t\u0113rauda caurul\u0113m <\/li>\n<li> 3-in-1 cauru\u013cu liekt\u0101js: ietver daudzpus\u012bgu 3-in-1 cauru\u013cu liekt\u0101ju 1\/4\u2033 (6,35 mm), 5\/16\u2033 (7,94 mm) un 3\/8\u2033 (9,52 mm) caurul\u0113m. Tas nodro\u0161ina gludus, prec\u012bzus l\u012bkumus no 0\u00b0 l\u012bdz 180\u00b0, vienlaikus efekt\u012bvi nov\u0113r\u0161ot caurules saplacin\u0101\u0161anu vai saliek\u0161anos <\/li>\n<li> Ilgsto\u0161as darb\u012bbas iztur\u012bba: izgatavots no r\u016bd\u012bta oglek\u013ca t\u0113rauda, \u0161is vienas brem\u017eu l\u012bnijas deg\u0161anas instruments saglab\u0101 konstrukcijas stabilit\u0101ti, atk\u0101rtoti izmantojot lielu sp\u0113ku, un pal\u012bdz iztur\u0113t deform\u0101ciju pras\u012bgu deg\u0161anas darbu laik\u0101 <\/li>\n<li> Viegli lietojams: skaidras z\u012bmes uz uzliesmo\u0161anas stie\u0146a nodro\u0161ina \u0101tru un prec\u012bzu cauru\u013cu izl\u012bdzin\u0101\u0161anu. Uzliesmojo\u0161\u0101 konusa aug\u0161\u0113jais rokturis stingri notur gan instrumentu, gan cauruli viet\u0101, nodro\u0161inot liel\u0101ku kontroli un konsekventus uzliesmo\u0161anas rezult\u0101tus <\/li>\n<\/ul>","protected":false},"featured_media":461190,"comment_status":"open","ping_status":"open","template":"","meta":{"om_disable_all_campaigns":false,"_uf_show_specific_survey":0,"_uf_disable_surveys":false},"location":[1935,1934],"product_brand":[],"product_cat":[133,3308,2858,3309],"product_tag":[],"class_list":{"0":"post-461189","1":"product","2":"type-product","3":"status-publish","4":"has-post-thumbnail","6":"location-supplier_stock_location","7":"location-local_stock_location","8":"product_cat-automotive","9":"product_cat-engine-tools","10":"product_cat-mechanics-tools","11":"product_cat-tail-pipe-expander","13":"first","14":"instock","15":"taxable","16":"shipping-taxable","17":"purchasable","18":"product-type-simple"},"aioseo_notices":[],"locations":[{"id":1935,"name":"Pieg\u0101d\u0101ja noliktav\u0101 (5-7dd.d)","slug":"supplier_stock_location","quantity":"1"},{"id":1934,"name":"R\u012bgas veikal\u0101 (0-2d.d.)","slug":"local_stock_location","quantity":"0"}],"_links":{"self":[{"href":"https:\/\/vevorshop.lv\/lv\/wp-json\/wp\/v2\/product\/461189","targetHints":{"allow":["GET"]}}],"collection":[{"href":"https:\/\/vevorshop.lv\/lv\/wp-json\/wp\/v2\/product"}],"about":[{"href":"https:\/\/vevorshop.lv\/lv\/wp-json\/wp\/v2\/types\/product"}],"replies":[{"embeddable":true,"href":"https:\/\/vevorshop.lv\/lv\/wp-json\/wp\/v2\/comments?post=461189"}],"wp:featuredmedia":[{"embeddable":true,"href":"https:\/\/vevorshop.lv\/lv\/wp-json\/wp\/v2\/media\/461190"}],"wp:attachment":[{"href":"https:\/\/vevorshop.lv\/lv\/wp-json\/wp\/v2\/media?parent=461189"}],"wp:term":[{"taxonomy":"location","embeddable":true,"href":"https:\/\/vevorshop.lv\/lv\/wp-json\/wp\/v2\/location?post=461189"},{"taxonomy":"product_brand","embeddable":true,"href":"https:\/\/vevorshop.lv\/lv\/wp-json\/wp\/v2\/product_brand?post=461189"},{"taxonomy":"product_cat","embeddable":true,"href":"https:\/\/vevorshop.lv\/lv\/wp-json\/wp\/v2\/product_cat?post=461189"},{"taxonomy":"product_tag","embeddable":true,"href":"https:\/\/vevorshop.lv\/lv\/wp-json\/wp\/v2\/product_tag?post=461189"}],"curies":[{"name":"wp","href":"https:\/\/api.w.org\/{rel}","templated":true}]}}