{"id":463448,"date":"2026-04-25T01:27:00","date_gmt":"2026-04-24T22:27:00","guid":{"rendered":"https:\/\/vevorshop.lv\/en_us\/Prece\/vevor-4-9-m-drywall-lift-68-kg-heavy-duty-sheetrock-panel-hoist-with-4-9-m-reach-tilting-360-rotating-arm-lockable-wheels-red\/"},"modified":"2026-04-27T10:53:59","modified_gmt":"2026-04-27T07:53:59","slug":"vevor-4-9-m-drywall-lift-68-kg-heavy-duty-sheetrock-panel-hoist-with-4-9-m-reach-tilting-360-rotating-arm-lockable-wheels-red","status":"publish","type":"product","link":"https:\/\/vevorshop.lv\/lv\/Prece\/vevor-4-9-m-drywall-lifts-68-kg-lieljaudas-loksnu-roktura-panela-pacelajs-ar-4-9-m-sasniedzamibu-noliecams-360-rotejoss-roku-blokejami-riteni-sarkans\/","title":{"rendered":"VEVOR 4,9 m \u0123ip\u0161kartona pac\u0113l\u0101js, 68 kg smags pien\u0101kums lok\u0161\u0146u pac\u0113l\u0101js ar 4,9 m pacel\u0161anas augstumu, 360\u00b0 rot\u0113jo\u0161u sl\u012bpo roku un blo\u0137\u0113jamiem rite\u0146iem, sarkans"},"content":{"rendered":"<div style=\"color: #fff!important;font-size: 16px;height: 24px;line-height: 24px;margin-top: -24px\" class=\"product_original_name\">VEVOR 4877 mm \u0123ip\u0161kartona pac\u0113l\u0101js, lieljaudas 68 kg lok\u0161\u0146u pac\u0113l\u0101js ar regul\u0113jamu teleskopisko sviru, sl\u0113dzami rite\u0146i, \u0123ip\u0161kartona pac\u0113l\u0101ja pane\u013ca domkrata pac\u0113l\u0101ja instrumenti, kas ir ide\u0101li piem\u0113roti griestu un sienu uzst\u0101d\u012b\u0161anai (sarkans)<\/div>\n<div style=\"color: #fff!important;font-size: 16px;height: 24px;line-height: 24px;margin-top: -24px\" class=\"product_sku\">MODHBCG6<\/div>\n<div style=\"color: #fff!important;font-size: 16px;height: 24px;line-height: 24px;margin-top: -24px\" class=\"product_mpn\">SPSJJHS95FT1VH71F001V0<\/div><div id=\"js-DM_at-goodDescRich\"><style>  body {    font-family: Arial;    line-height: 1.5;    color: #1c1c1c;    overflow-x: hidden;    margin: 0;    padding: 0;  }  .MsoNormal b {    font-weight: bolder;  }<\/style><style>  .container.small {    width: 970px;    margin: 0 auto;  }  .logo {    margin: 0 auto 0;  }  .logo img {    display: block;    margin: 0 auto;    max-width: 100%;  }  .logo .pc-banner {    display: block;    width: 1200px;    height: 247.4px;    margin: 0 auto;  }  .logo .pc-banner.small {    width: 970px;  }  .logo .pc-banner.small img {    height: auto!important;  }  .logo .m-banner {    display: none;  }  .ytvideo {    position: relative;    height: 546px;    width: 100%;    margin: 0 auto;  }  .ytvideo img {    width: 100%;    margin: 0 auto;  }  .ytvideo .play-btn {    width: 60px;    height: 42px;    position: absolute;    top: 50%;    left: 50%;    transform: translate(-50%, -50%);    background: url(\"data:image\/png;base64,iVBORw0KGgoAAAANSUhEUgAAAGQAAABGCAMAAAANWMFbAAAC+lBMVEUAAADBGB3kLCfBGB3kLCfcJC7BFx3KKSbiKybkLCbWJCPSIiLSIiLPICHAFx3kLCfgKSXNHiDZJiTIGx\/p4eHcjo7LHSDbJyTkLCbjKyfOHyHPIiL28fHJHB\/GGh7EGR7eKCXDGB3RISHlLSbBGB3AFxzGHB7DGB7BGB3hKybkKybAFx3lLCfAFxzDGR3hKibDGB7cJyTmz8\/elJTlwcHjurrUIyLlLSflLSfAFx3DGR7lLSfCFx3hKibhKibhKybjKybkLCblLSfbJSX49vbx7e3NNzjNMTLMJyjVIyLZf3\/ZQ0LaeHjx0tLgoqLkLCfCGB3HGx\/BGB3BFx3PICHCGB7WJCLOHyC\/Fxy\/Fx3lLCfQISHkLSe\/FxzbJiTBFx3FGx\/AGB7BFx3EGR7AGB3HHSDfKiXAFh3TISHYNzbhKibbJyTTIiL57e325+f039\/v2NjUV1fOHiHiqanfmprch4feKSXVIyPOICHmLibFGh\/mLSe\/Fx7XJCPeKSXXJSPNHyHaJyTGGh7lLCbmLCflLSjSIiLkLCbdKSXLHiC\/GB3KHh++Fh3lKyfoLiXcKCPkx8fYb2\/XaGfVXl3aU1LLHiDksbHgKibPICHbJyTfKSXbJyTCGB3KHSDiKybFGh7TIiL\/\/\/\/VIyPRISHIHB\/GGx\/HHB\/DGR7gKibdKCXLHiDZJiTMHiDNHyHYJSTOICHPICHWJCPcKCXXJSPjLCblLCf+\/f3NGR\/uLijzLynPGR\/IGB7WISHaIyLLGh7UAADxLynNAADRLzDbICLQAADIAAD3MCrUHSHXMTDpKSbLAADp5OTij4\/ejo\/VLy\/1LyngJSTcJCPQHx\/OHB7+\/PzaMS\/OLS\/vLijrLSjSAADaNTPwLyjkKSbNJCbYISHPHB\/KGB7WAAD7+vrn3d3aKynTKCjoLCfsKifRGh\/YAADq5+fhjo7QNDXXKCfmJyXt5+fTLzDLLi\/QKivYHRvMGBrQJCXLISPMExXLDxLaEAvkkI\/bOTfaFQ\/SCgpvLcnHAAAAmnRSTlMA+vv7+gT9Bvf9+8z8\/NSv\/Pr5+P7++vnQIBMP\/v38\/Pn348XDiCYf9OjbzcqxXVcx\/fz8+\/rj1r2poo1+fXFqX0orGP7+\/v7+\/fz8+\/r68uzn4trIxsG\/vri3p6GcmZSNbWVYUUZEPQv+\/f39+\/v7+\/v7+vr64tvV1NTTz87FtbSurqeblJKFg4B3bUY+NjL7+\/v7+\/v67t1cDo8JLQAABkRJREFUWMO0kz9rwkAYh0OIeJkum6YugUAhISCdKoj\/P4C7SMdS+gEKIhSKil10LSg4mzXkILdlEpxCpwTiWOLX6BujvQaEQuGeHLnL+\/64J+SIcKGYTYWnntpdLjrVdqvZmNdn0+EE40GtpuuWVS6Xx6N7YDSGpWXpeq02wHgynM7q80az1a52HpddtVcpsi1zFARBrdaxbhp9iUReTGmwA4KAAr7vx3EYejnCMI6hQYEgy0LQi4jUN0wL19vqFcUC9\/1dAKmEEFkWRYkh5oBejnxQJiSJPJ\/uKBp0Thszx9Mw8hMRIQjKsptCfuES9zr5WJY6vSFCIvE9fCMUmEM1A1kSXcYGxgVYsvI1IPKTZciSTI0us\/SMGG04gDzELDoFBwdcFJrF88dqgYMTiL6DILWYyfOWE8\/kIz38olCNlC03FK95+imxp6y4oUSvAnBjHHhKNtotSDqJzVFiK8c2SBqhZtsrTtgrLXwAyduxZHNE26eHUt5rtuM4WSmds3G+sUdWYo1L+XyxButoh5eKUHk5lByO3G1LqqCWVnfrv\/lyPtf\/4ps1cndNGIri8J1TJ0lx6dR\/oPjq1nbRwdp2dCk4CtIOLW3pVKRL6WZfS5vF2KkIQhpwSsjiYIgNCs1gEMGqiIq24NQX9NwoXFy8Ufrl3twTcg4fv8T9\/JBEySduj6Mjm4bMzYV7EEOxKjjoNDud7yY3Dy71Hq2oLmqfbNR723edH9PgMrNL2utoQ3VmaIDkiw\/4w51P06hlZsTZvkRrbVuSIs\/zwSOsycgzStQouoAkWQqioRT5XI7n2Z1wfVhoZmcAJLsoqjqpjbWCgpOAJXBwHK8PzWbNvoUZJND5wCnSkLAkZ1legx6vqQzjoiTahKlGUGLAiIIoABOHaNVw4sexZBym6\/HWlH5h3IC7yRbxtipcWxdTOkORKiNQAEkFf66x5S2oeRbroOlLgg0sSYkR0hRGEqJZ0jTPiQKatESdBckpWigxaapEH0lImHdWu9pUFF2XqMNM2Z4kped7IwEJw2qabwtrQqnpw6HyKkgcadKWsmpywwesDyIhYRpdzXddqegtGIJlXbAIUMOLkGxJUjRIkokwjUaX9d\/kK62ps\/tYUqZLIMkLTyBhsMZ3C5Z\/kDxOSCb\/DOs\/\/J0qcWSX\/2ipe56EgTCA4\/cB7NAYOsni4mZM1MUPAISoEwkDi4lhVBQ1cWQyIcwalw4EpqZN68JUSK7XC0kTlkLYii5uXSC8jT5ncCAS7mjCv0uHp\/3lueHEEAeQ\/\/VgmdN71\/2uCSA1Xr6DO6uI6sW56zqT2tp2PhgiRUAajV8CY2fkcz6WGNKMgLAt7tJAhD4YHMTeRxlALE6+43WqjSWi8ITxyJl8WrwWSNESQZZOqhDDntO3hJLsd5RtSpbJqdv3YrDJH3F7jL1R2O2aQkn2MyCyKYz0GPGIvSAMgBCrCEiJyKbBaYGwLW4uPRr0A0M4Ux5kUI7IBh+hMdiCEWNqhMZGyYMsOgNE58UQuEQeUnSWCMYwL54hkxK6IoqucQZbQ3pc3XtL0lky1dL0zZJJDpWJovFqpWj6JEHnyam2eQp5QRVAVHjWparTOaVwUOx99YS2MvgxIGV0bb+qIg2HX2qkFFJB+XZcbLiuRkuxD9GRroKyveLxdh4d7Orx+hb7qc3uVRuEogCOnyIxm4ubUoPgF4jianDrC+SDQDKEfJb0GUKmjCGPYHGJvVC6X4hw1\/sAfQAdfYyephIaspXe36RwOP+Ljvfx9B6B3i+Nk0DGq+oCbLn6JpBa9nWAveAIHwFAwtVcIJXPMPL8kRu5OAYPMaL1WScTxjiZDqB9LTJSWphow\/pTYKRTLjCBhvi9iBidvKcDasGSm0QQkycYuLBqj6QCELPctqChDWpTRMWkngNNpQ1Pfp1KkiT\/Y0DGffXAweUNfLAfaJFKDwhb6I+bkYRbkERoEeu3Fyjg2opMz2daZCS9jt6Q7txNfB+OZEVF6Zl5web2xunnLQrtrjXseXKaFYziYINeMFZVxS9VxRhOoesYwxPKXm+gWLG9cuFeq93UNNeJNsf1KlwuDok9n02n3TgIJpOxNfL9naIoQwXtfH9kjceTIIi709ncTg6LZbg+biLH1V6u\/7rxBem06VXKn9raAAAAAElFTkSuQmCC\")      no-repeat center center \/ contain;  }  @media screen and (max-width: 960px) and (orientation: portrait) {    .logo {      width: 100%;    }    .logo .pc-banner {      display: none;    }    .logo .m-banner {      display: block;      width: 100%;    }    .logo .m-banner img {      height: auto!important;    }    .ytvideo {      height: 200px;      width: 100%;    }  }<\/style><style>  .video-section {    width: 100%;    margin: 0 auto;  }  .video-section &gt; img {    width: 100%;  }  .video-section iframe,  .video-section video {    width: 100%;    height: 100%;      }  .video-section-img-m,  .video-section-img-pc &gt; img {    width: 100%;    height: auto;  }  .video-section-img-pc.small &gt; img {    width: 970px;  }  .video-desc {    line-height: 1.5;    font-size: 20px;    font-weight: 400;    margin: 20px 0;    text-align: center;    color: #0f1111;    word-break: break-word;  }  @media screen and (max-width: 960px) and (orientation: portrait) {    .video-section {      width: 100%;    }    .video-section-pc,    .video-section-img-pc {      display: none;    }    .video-section-m,    .video-section-img-m {      display: block;    }    .video-desc {      font-size: 15px;    }  }  @media screen and (min-width: 960px) {    .video-section {      width: 100%;      margin: 0 auto;    }    .video-section-pc,    .video-section-img-pc {      display: block;    }    .video-section-m,    .video-section-img-m {      display: none;    }    .video-desc {      font-size: 20px;    }  }<\/style><style>  .section + .section {    margin-top: 35px;  }  .section-title {    text-align: center;    font-weight: bold;    color: #0d1111;    font-family: \"Arial\";    font-size: 32px;    margin: 15px 0;  }  .section-title:empty {    display: none;  }  .section-desc {    text-align: center;    font-weight: normal;    color: #0d1111;    margin-top: 20px;  }  .section-desc:empty {    display: none;  }  .section-img {    width: 1200px;    height: 492px;    margin: 0 auto;    display: block;  }  .section-img.small {    width: 970px;    height: auto;  }  .section-img.small &gt; img {    height: auto;  }  .section-img &gt; img {    width: 100%;    height: 100%;  }  .section-mobile-img {    display: none;    max-width: 100vw;    max-height: 75vw;    height: 450px;    margin: 0 auto;  }  .section-mobile-img &gt; img {    width: 100%;    height: 100%;  }  @media screen and (max-width: 960px) and (orientation: portrait) {    .container {      width: 100%;    }    .container.small {      width: 100%;    }    .section-mobile-img {      display: block;    }    .section-img {      display: none;    }    .section-title {      font-size: 22px;      margin: 10px 0;    }    .section-desc {      margin-top: 10px;    }    .section + .section {      margin-top: 20px;    }  }<\/style><div class=\"container\"><div class=\"logo\"><div class=\"pc-banner\"><div><img decoding=\"async\" src=\"\/vevor\/vevor\/boutique-banner\/pc\/en-pc@1x.jpg\" style=\"width: 100%\" \/><\/div><\/div><div class=\"m-banner\"><div><img decoding=\"async\" src=\"\/vevor\/vevor\/boutique-banner\/mobile\/en-m@1x.jpg\" style=\"width: 100%\" \/><\/div><\/div><\/div><div class=\"section-title\">Iztur\u012bgs t\u0113rauda \u0123ip\u0161kartona pac\u0113l\u0101js<\/div><div class=\"video-section\"><div class=\"video-section-img-pc\"><img decoding=\"async\" src=\"\/vevor\/product\/SPSJJHS95FT1VH71F001\/drywall-lift-a100-1.4.jpg\" \/><\/div><div class=\"video-section-img-m\"><img decoding=\"async\" src=\"\/vevor\/product\/SPSJJHS95FT1VH71F001\/drywall-lift-a100-1.4-m.jpg\" \/><\/div><div class=\"section-desc\">Salieciet vai izjauciet da\u017eu sekun\u017eu laik\u0101 bez instrumentiem. Iztur svaru l\u012bdz 150 m\u0101rci\u0146\u0101m (apm\u0113ram 75 kg). Apr\u012bkots ar rite\u0146iem un bremz\u0113m, kas nodro\u0161ina izcilu stabilit\u0101ti un vienm\u0113r\u012bgu p\u0101rvieto\u0161anos, padarot to ide\u0101li piem\u0113rotu vienk\u0101r\u0161ai \u0123ip\u0161kartona uzst\u0101d\u012b\u0161anai griestos un sien\u0101s.<\/div><\/div><div class=\"section\"><div class=\"section-title\"><\/div><div class=\"section-img\"><img decoding=\"async\" src=\"\/vevor\/product\/SPSJJHS95FT1VH71F001\/drywall-lift-a100-2.2.jpg\" \/><\/div><div class=\"section-mobile-img\"><img decoding=\"async\" src=\"\/vevor\/product\/SPSJJHS95FT1VH71F001\/drywall-lift-a100-2.2-m.jpg\" \/><\/div><div class=\"section-desc\">Izgatavots no augstas ciet\u012bbas t\u0113rauda galven\u0101 stie\u0146a, darbietilp\u012bgu vin\u010das konstrukciju, iztur\u012bgu pamatni un rite\u0146iem, \u0161is pac\u0113l\u0101js nodro\u0161ina stabilit\u0101ti, iztur\u012bbu un dro\u0161\u012bbu.<\/div><\/div><div class=\"section\"><div class=\"section-title\"><\/div><div class=\"section-img\"><img decoding=\"async\" src=\"\/vevor\/product\/SPSJJHS95FT1VH71F001\/drywall-lift-a100-2.3.jpg\" \/><\/div><div class=\"section-mobile-img\"><img decoding=\"async\" src=\"\/vevor\/product\/SPSJJHS95FT1VH71F001\/drywall-lift-a100-2.3-m.jpg\" \/><\/div><div class=\"section-desc\">Pac\u0113l\u0101ju, kas apr\u012bkots ar rite\u0146iem, var viegli p\u0101rvietot bez piep\u016bles, \u013caujot \u0113rti veikt da\u017e\u0101dus renov\u0101cijas projektus.<\/div><\/div><div class=\"section\"><div class=\"section-title\"><\/div><div class=\"section-img\"><img decoding=\"async\" src=\"\/vevor\/product\/SPSJJHS95FT1VH71F001\/drywall-lift-a100-2.4.jpg\" \/><\/div><div class=\"section-mobile-img\"><img decoding=\"async\" src=\"\/vevor\/product\/SPSJJHS95FT1VH71F001\/drywall-lift-a100-2.4-m.jpg\" \/><\/div><div class=\"section-desc\">Pateicoties viegli izpild\u0101m\u0101m mont\u0101\u017eas darb\u012bb\u0101m, nav nepiecie\u0161ami profesion\u0101li instrumenti, un to var viegli uzst\u0101d\u012bt viena persona.<\/div><\/div><div class=\"section\"><div class=\"section-title\"><\/div><div class=\"section-img\"><img decoding=\"async\" src=\"\/vevor\/product\/SPSJJHS95FT1VH71F001\/drywall-lift-a100-2.5.jpg\" \/><\/div><div class=\"section-mobile-img\"><img decoding=\"async\" src=\"\/vevor\/product\/SPSJJHS95FT1VH71F001\/drywall-lift-a100-2.5-m.jpg\" \/><\/div><div class=\"section-desc\">\u0160is pac\u0113l\u0101js viegli apstr\u0101d\u0101 da\u017e\u0101dus materi\u0101lus, tostarp \u0123ip\u0161kartonu, koka pane\u013cus, met\u0101la loksnes, PVC pl\u0101ksnes un citus, apmierinot j\u016bsu da\u017e\u0101d\u0101s renov\u0101cijas vajadz\u012bbas.<\/div><\/div><div class=\"section\"><div class=\"section-img\"><img decoding=\"async\" src=\"\/vevor\/product\/SPSJJHS95FT1VH71F001\/drywall-lift-a100-1.11.jpg\" \/><\/div><div class=\"section-mobile-img\"><img decoding=\"async\" src=\"\/vevor\/product\/SPSJJHS95FT1VH71F001\/drywall-lift-a100-1.11-m.jpg\" \/><\/div><\/div><\/div><\/div>\n<div class=\"DM_at-title\" id=\"js-DM_at-title\"> <div>Produkta specifik\u0101cija<\/div> <i class=\"icon-arrowup_line\"><\/i> <\/div><div class=\"DM_at-goodsDescAttr\" id=\"js-DM_at-goodsDescAttr\"> <div class=\"DM_at-goodsDescAttrInner\"> <dl class=\"goodsDesc_item goodsDesc_item_even\"> <dt>Preces Mode\u013ca Numurs<\/dt> <dd> LG-022<\/dd> <\/dl> <dl class=\"goodsDesc_item\"> <dt>Maksim\u0101l\u0101 kravnes\u012bba<\/dt> <dd> 150 m\u0101rci\u0146as \/ 68 kg<\/dd> <\/dl> <dl class=\"goodsDesc_item goodsDesc_item_even\"> <dt>Maksim\u0101lais Augstums<\/dt> <dd> 16 p\u0113das \/ 4877 mm<\/dd> <\/dl> <dl class=\"goodsDesc_item\"> <dt>Minim\u0101lais Augstums<\/dt> <dd> 6,36 p\u0113das \/ 1940 mm<\/dd> <\/dl> <dl class=\"goodsDesc_item goodsDesc_item_even\"> <dt>Teleskopisk\u0101s rokas garuma diapazons<\/dt> <dd> 49\u2013115 collas \/ 1245\u20132921 mm<\/dd> <\/dl> <dl class=\"goodsDesc_item\"> <dt>Kr\u0101sa<\/dt> <dd> Sarkana<\/dd> <\/dl> <dl class=\"goodsDesc_item goodsDesc_item_even\"> <dt>Galvenais materi\u0101ls<\/dt> <dd> Q235B t\u0113rauds<\/dd> <\/dl> <dl class=\"goodsDesc_item\"> <dt>Neto Svars<\/dt> <dd> 80,69 m\u0101rci\u0146as \/ 36,6 kg<\/dd> <\/dl> <dl class=\"goodsDesc_item goodsDesc_item_even\"> <dt>Objektu Izm\u0113ri<\/dt> <dd> 60,24 x 60,24 x 76,38 collas \/ 1530 x 1530 x 1940 mm<\/dd> <\/dl> <\/div> <\/div>","protected":false},"excerpt":{"rendered":"<ul>\n<li> 150 m\u0101rci\u0146u celtsp\u0113ja: \u0160is \u0123ip\u0161kartona pac\u0113l\u0101js ir izgatavots no iztur\u012bga oglek\u013ca t\u0113rauda, \u200b\u200blai nodro\u0161in\u0101tu ilgsto\u0161u iztur\u012bbu. Ar maksim\u0101lo celtsp\u0113ju 150 m\u0101rci\u0146as \/ 68 kg \u0161is instruments ir ide\u0101la izv\u0113le gan m\u0101jas, gan komerci\u0101lai lieto\u0161anai. <\/li>\n<li> Regul\u0113jams augstums un garums: Teleskopisk\u0101s sviras garuma diapazons: 49\u2013115 collas \/ 1245\u20132921 mm, kas padara to ide\u0101li piem\u0113rotu pane\u013cu uzst\u0101d\u012b\u0161anai. \u0122ip\u0161kartona pac\u0113l\u0101js var sasniegt 16 p\u0113du \/ 4877 mm augstumu, pal\u012bdzot nostiprin\u0101t \u0123ip\u0161kartonu pie griestiem. <\/li>\n<li> 60\u00b0 noliecams un rot\u0113jo\u0161s panelis: M\u016bsu \u0123ip\u0161kartona pac\u0113l\u0101jam ir panelis, kas noliecas uz priek\u0161u vai atpaka\u013c par 60\u00b0 un rot\u0113 par 360\u00b0. Tas padara to daudzpus\u012bgu gan plakaniem, gan sl\u012bpiem griestiem. <\/li>\n<li> Dro\u0161s un stabils: \u0123ip\u0161kartona pane\u013cu pac\u0113l\u0101ju atbalsta plats stat\u012bva pamatne ar 3 nesl\u012bdo\u0161iem, blo\u0137\u0113jamiem rite\u0146iem, kas nodro\u0161ina stabilit\u0101ti un dro\u0161\u012bbu lieto\u0161anas laik\u0101. Blo\u0137\u0113jam\u0101s k\u0101jas nodro\u0161ina papildu atbalstu, padarot uzst\u0101d\u012bjumu dro\u0161u, bet viegli p\u0101rvietojamu. <\/li>\n<li> Vienk\u0101r\u0161a mont\u0101\u017ea un lieto\u0161ana: \u0160o \u0123ip\u0161kartona domkratu var viegli salikt un izjaukt bez instrumentiem. Tas ir apr\u012bkots ar vin\u010du, lai ietaup\u012btu darbasp\u0113ku, un ir ide\u0101li piem\u0113rots lieto\u0161anai gan m\u0101j\u0101s, gan m\u0101j\u0101s, \u013caujot vienai personai uzst\u0101d\u012bt \u0123ip\u0161kartona vai koka pane\u013cus. <\/li>\n<\/ul>","protected":false},"featured_media":463449,"comment_status":"open","ping_status":"open","template":"","meta":{"om_disable_all_campaigns":false,"_uf_show_specific_survey":0,"_uf_disable_surveys":false},"location":[1935,1934],"product_brand":[],"product_cat":[2431,2439,3155,3156],"product_tag":[],"class_list":{"0":"post-463448","1":"product","2":"type-product","3":"status-publish","4":"has-post-thumbnail","6":"location-supplier_stock_location","7":"location-local_stock_location","8":"product_cat-building-materials-2","9":"product_cat-drywall","10":"product_cat-drywall-hanging-tools","11":"product_cat-drywall-lifts-drywall-hanging-tools","13":"first","14":"outofstock","15":"taxable","16":"shipping-taxable","17":"purchasable","18":"product-type-simple"},"aioseo_notices":[],"locations":[{"id":1935,"name":"Pieg\u0101d\u0101ja noliktav\u0101 (5-7dd.d)","slug":"supplier_stock_location","quantity":"0"},{"id":1934,"name":"R\u012bgas veikal\u0101 (0-2d.d.)","slug":"local_stock_location","quantity":"0"}],"_links":{"self":[{"href":"https:\/\/vevorshop.lv\/lv\/wp-json\/wp\/v2\/product\/463448","targetHints":{"allow":["GET"]}}],"collection":[{"href":"https:\/\/vevorshop.lv\/lv\/wp-json\/wp\/v2\/product"}],"about":[{"href":"https:\/\/vevorshop.lv\/lv\/wp-json\/wp\/v2\/types\/product"}],"replies":[{"embeddable":true,"href":"https:\/\/vevorshop.lv\/lv\/wp-json\/wp\/v2\/comments?post=463448"}],"wp:featuredmedia":[{"embeddable":true,"href":"https:\/\/vevorshop.lv\/lv\/wp-json\/wp\/v2\/media\/463449"}],"wp:attachment":[{"href":"https:\/\/vevorshop.lv\/lv\/wp-json\/wp\/v2\/media?parent=463448"}],"wp:term":[{"taxonomy":"location","embeddable":true,"href":"https:\/\/vevorshop.lv\/lv\/wp-json\/wp\/v2\/location?post=463448"},{"taxonomy":"product_brand","embeddable":true,"href":"https:\/\/vevorshop.lv\/lv\/wp-json\/wp\/v2\/product_brand?post=463448"},{"taxonomy":"product_cat","embeddable":true,"href":"https:\/\/vevorshop.lv\/lv\/wp-json\/wp\/v2\/product_cat?post=463448"},{"taxonomy":"product_tag","embeddable":true,"href":"https:\/\/vevorshop.lv\/lv\/wp-json\/wp\/v2\/product_tag?post=463448"}],"curies":[{"name":"wp","href":"https:\/\/api.w.org\/{rel}","templated":true}]}}