{"id":464400,"date":"2026-05-11T01:38:14","date_gmt":"2026-05-10T22:38:14","guid":{"rendered":"https:\/\/vevorshop.lv\/en_us\/Prece\/vevor-22m-x-13mm-drain-cleaner-machine-on-wheels-with-auto-feed-8-cutters-foot-switch-for-50-150mm-sewer-pipes\/"},"modified":"2026-05-12T03:41:30","modified_gmt":"2026-05-12T00:41:30","slug":"vevor-22m-x-13mm-drain-cleaner-machine-on-wheels-with-auto-feed-8-cutters-foot-switch-for-50-150mm-sewer-pipes","status":"publish","type":"product","link":"https:\/\/vevorshop.lv\/lv\/Prece\/vevor-22m-x-13mm-drain-cleaner-machine-on-wheels-with-auto-feed-8-cutters-foot-switch-for-50-150mm-sewer-pipes\/","title":{"rendered":"VEVOR 22m x 13mm kanaliz\u0101cijas t\u012br\u012b\u0161anas iek\u0101rta ar rite\u0146iem, auto padevi, 8 griez\u0113jiem un ped\u0101li 50\u2013150mm caurul\u0113m"},"content":{"rendered":"<div style=\"color: #fff!important;font-size: 16px;height: 24px;line-height: 24px;margin-top: -24px\" class=\"product_original_name\">VEVOR Drain Cleaner Machine 22m x 13mm, Auto Feed Sewer Snake Drain Auger on Wheels, Portable Drain Cleaning Machine with 8 Cutters &amp; Air-Activated Foot Switch for 50mm to 150mm Pipes<\/div>\n<div style=\"color: #fff!important;font-size: 16px;height: 24px;line-height: 24px;margin-top: -24px\" class=\"product_sku\">MORRUKRD<\/div>\n<div style=\"color: #fff!important;font-size: 16px;height: 24px;line-height: 24px;margin-top: -24px\" class=\"product_mpn\">ZDJJKLSGDSTJOA12M002V2<\/div><div id=\"js-DM_at-goodDescRich\"><style>  body {    font-family: Arial;    line-height: 1.5;    color: #1c1c1c;    overflow-x: hidden;    margin: 0;    padding: 0;  }  .MsoNormal b {    font-weight: bolder;  }<\/style><style>  .container.small {    width: 970px;    margin: 0 auto;  }  .logo {    margin: 0 auto 0;  }  .logo img {    display: block;    margin: 0 auto;    max-width: 100%;  }  .logo .pc-banner {    display: block;    width: 1200px;    height: 247.4px;    margin: 0 auto;  }  .logo .pc-banner.small {    width: 970px;  }  .logo .pc-banner.small img {    height: auto!important;  }  .logo .m-banner {    display: none;  }  .ytvideo {    position: relative;    height: 546px;    width: 100%;    margin: 0 auto;  }  .ytvideo img {    width: 100%;    margin: 0 auto;  }  .ytvideo .play-btn {    width: 60px;    height: 42px;    position: absolute;    top: 50%;    left: 50%;    transform: translate(-50%, -50%);    background: url(\"data:image\/png;base64,iVBORw0KGgoAAAANSUhEUgAAAGQAAABGCAMAAAANWMFbAAAC+lBMVEUAAADBGB3kLCfBGB3kLCfcJC7BFx3KKSbiKybkLCbWJCPSIiLSIiLPICHAFx3kLCfgKSXNHiDZJiTIGx\/p4eHcjo7LHSDbJyTkLCbjKyfOHyHPIiL28fHJHB\/GGh7EGR7eKCXDGB3RISHlLSbBGB3AFxzGHB7DGB7BGB3hKybkKybAFx3lLCfAFxzDGR3hKibDGB7cJyTmz8\/elJTlwcHjurrUIyLlLSflLSfAFx3DGR7lLSfCFx3hKibhKibhKybjKybkLCblLSfbJSX49vbx7e3NNzjNMTLMJyjVIyLZf3\/ZQ0LaeHjx0tLgoqLkLCfCGB3HGx\/BGB3BFx3PICHCGB7WJCLOHyC\/Fxy\/Fx3lLCfQISHkLSe\/FxzbJiTBFx3FGx\/AGB7BFx3EGR7AGB3HHSDfKiXAFh3TISHYNzbhKibbJyTTIiL57e325+f039\/v2NjUV1fOHiHiqanfmprch4feKSXVIyPOICHmLibFGh\/mLSe\/Fx7XJCPeKSXXJSPNHyHaJyTGGh7lLCbmLCflLSjSIiLkLCbdKSXLHiC\/GB3KHh++Fh3lKyfoLiXcKCPkx8fYb2\/XaGfVXl3aU1LLHiDksbHgKibPICHbJyTfKSXbJyTCGB3KHSDiKybFGh7TIiL\/\/\/\/VIyPRISHIHB\/GGx\/HHB\/DGR7gKibdKCXLHiDZJiTMHiDNHyHYJSTOICHPICHWJCPcKCXXJSPjLCblLCf+\/f3NGR\/uLijzLynPGR\/IGB7WISHaIyLLGh7UAADxLynNAADRLzDbICLQAADIAAD3MCrUHSHXMTDpKSbLAADp5OTij4\/ejo\/VLy\/1LyngJSTcJCPQHx\/OHB7+\/PzaMS\/OLS\/vLijrLSjSAADaNTPwLyjkKSbNJCbYISHPHB\/KGB7WAAD7+vrn3d3aKynTKCjoLCfsKifRGh\/YAADq5+fhjo7QNDXXKCfmJyXt5+fTLzDLLi\/QKivYHRvMGBrQJCXLISPMExXLDxLaEAvkkI\/bOTfaFQ\/SCgpvLcnHAAAAmnRSTlMA+vv7+gT9Bvf9+8z8\/NSv\/Pr5+P7++vnQIBMP\/v38\/Pn348XDiCYf9OjbzcqxXVcx\/fz8+\/rj1r2poo1+fXFqX0orGP7+\/v7+\/fz8+\/r68uzn4trIxsG\/vri3p6GcmZSNbWVYUUZEPQv+\/f39+\/v7+\/v7+vr64tvV1NTTz87FtbSurqeblJKFg4B3bUY+NjL7+\/v7+\/v67t1cDo8JLQAABkRJREFUWMO0kz9rwkAYh0OIeJkum6YugUAhISCdKoj\/P4C7SMdS+gEKIhSKil10LSg4mzXkILdlEpxCpwTiWOLX6BujvQaEQuGeHLnL+\/64J+SIcKGYTYWnntpdLjrVdqvZmNdn0+EE40GtpuuWVS6Xx6N7YDSGpWXpeq02wHgynM7q80az1a52HpddtVcpsi1zFARBrdaxbhp9iUReTGmwA4KAAr7vx3EYejnCMI6hQYEgy0LQi4jUN0wL19vqFcUC9\/1dAKmEEFkWRYkh5oBejnxQJiSJPJ\/uKBp0Thszx9Mw8hMRIQjKsptCfuES9zr5WJY6vSFCIvE9fCMUmEM1A1kSXcYGxgVYsvI1IPKTZciSTI0us\/SMGG04gDzELDoFBwdcFJrF88dqgYMTiL6DILWYyfOWE8\/kIz38olCNlC03FK95+imxp6y4oUSvAnBjHHhKNtotSDqJzVFiK8c2SBqhZtsrTtgrLXwAyduxZHNE26eHUt5rtuM4WSmds3G+sUdWYo1L+XyxButoh5eKUHk5lByO3G1LqqCWVnfrv\/lyPtf\/4ps1cndNGIri8J1TJ0lx6dR\/oPjq1nbRwdp2dCk4CtIOLW3pVKRL6WZfS5vF2KkIQhpwSsjiYIgNCs1gEMGqiIq24NQX9NwoXFy8Ufrl3twTcg4fv8T9\/JBEySduj6Mjm4bMzYV7EEOxKjjoNDud7yY3Dy71Hq2oLmqfbNR723edH9PgMrNL2utoQ3VmaIDkiw\/4w51P06hlZsTZvkRrbVuSIs\/zwSOsycgzStQouoAkWQqioRT5XI7n2Z1wfVhoZmcAJLsoqjqpjbWCgpOAJXBwHK8PzWbNvoUZJND5wCnSkLAkZ1legx6vqQzjoiTahKlGUGLAiIIoABOHaNVw4sexZBym6\/HWlH5h3IC7yRbxtipcWxdTOkORKiNQAEkFf66x5S2oeRbroOlLgg0sSYkR0hRGEqJZ0jTPiQKatESdBckpWigxaapEH0lImHdWu9pUFF2XqMNM2Z4kped7IwEJw2qabwtrQqnpw6HyKkgcadKWsmpywwesDyIhYRpdzXddqegtGIJlXbAIUMOLkGxJUjRIkokwjUaX9d\/kK62ps\/tYUqZLIMkLTyBhsMZ3C5Z\/kDxOSCb\/DOs\/\/J0qcWSX\/2ipe56EgTCA4\/cB7NAYOsni4mZM1MUPAISoEwkDi4lhVBQ1cWQyIcwalw4EpqZN68JUSK7XC0kTlkLYii5uXSC8jT5ncCAS7mjCv0uHp\/3lueHEEAeQ\/\/VgmdN71\/2uCSA1Xr6DO6uI6sW56zqT2tp2PhgiRUAajV8CY2fkcz6WGNKMgLAt7tJAhD4YHMTeRxlALE6+43WqjSWi8ITxyJl8WrwWSNESQZZOqhDDntO3hJLsd5RtSpbJqdv3YrDJH3F7jL1R2O2aQkn2MyCyKYz0GPGIvSAMgBCrCEiJyKbBaYGwLW4uPRr0A0M4Ux5kUI7IBh+hMdiCEWNqhMZGyYMsOgNE58UQuEQeUnSWCMYwL54hkxK6IoqucQZbQ3pc3XtL0lky1dL0zZJJDpWJovFqpWj6JEHnyam2eQp5QRVAVHjWparTOaVwUOx99YS2MvgxIGV0bb+qIg2HX2qkFFJB+XZcbLiuRkuxD9GRroKyveLxdh4d7Orx+hb7qc3uVRuEogCOnyIxm4ubUoPgF4jianDrC+SDQDKEfJb0GUKmjCGPYHGJvVC6X4hw1\/sAfQAdfYyephIaspXe36RwOP+Ljvfx9B6B3i+Nk0DGq+oCbLn6JpBa9nWAveAIHwFAwtVcIJXPMPL8kRu5OAYPMaL1WScTxjiZDqB9LTJSWphow\/pTYKRTLjCBhvi9iBidvKcDasGSm0QQkycYuLBqj6QCELPctqChDWpTRMWkngNNpQ1Pfp1KkiT\/Y0DGffXAweUNfLAfaJFKDwhb6I+bkYRbkERoEeu3Fyjg2opMz2daZCS9jt6Q7txNfB+OZEVF6Zl5web2xunnLQrtrjXseXKaFYziYINeMFZVxS9VxRhOoesYwxPKXm+gWLG9cuFeq93UNNeJNsf1KlwuDok9n02n3TgIJpOxNfL9naIoQwXtfH9kjceTIIi709ncTg6LZbg+biLH1V6u\/7rxBem06VXKn9raAAAAAElFTkSuQmCC\")      no-repeat center center \/ contain;  }  @media screen and (max-width: 960px) and (orientation: portrait) {    .logo {      width: 100%;    }    .logo .pc-banner {      display: none;    }    .logo .m-banner {      display: block;      width: 100%;    }    .logo .m-banner img {      height: auto!important;    }    .ytvideo {      height: 200px;      width: 100%;    }  }<\/style><style>  .video-section {    width: 100%;    margin: 0 auto;  }  .video-section &gt; img {    width: 100%;  }  .video-section iframe,  .video-section video {    width: 100%;    height: 100%;      }  .video-section-img-m,  .video-section-img-pc &gt; img {    width: 100%;    height: auto;  }  .video-section-img-pc.small &gt; img {    width: 970px;  }  .video-desc {    line-height: 1.5;    font-size: 20px;    font-weight: 400;    margin: 20px 0;    text-align: center;    color: #0f1111;    word-break: break-word;  }  @media screen and (max-width: 960px) and (orientation: portrait) {    .video-section {      width: 100%;    }    .video-section-pc,    .video-section-img-pc {      display: none;    }    .video-section-m,    .video-section-img-m {      display: block;    }    .video-desc {      font-size: 15px;    }  }  @media screen and (min-width: 960px) {    .video-section {      width: 100%;      margin: 0 auto;    }    .video-section-pc,    .video-section-img-pc {      display: block;    }    .video-section-m,    .video-section-img-m {      display: none;    }    .video-desc {      font-size: 20px;    }  }<\/style><style>  .section + .section {    margin-top: 35px;  }  .section-title {    text-align: center;    font-weight: bold;    color: #0d1111;    font-family: \"Arial\";    font-size: 32px;    margin: 15px 0;  }  .section-title:empty {    display: none;  }  .section-desc {    text-align: center;    font-weight: normal;    color: #0d1111;    margin-top: 20px;  }  .section-desc:empty {    display: none;  }  .section-img {    width: 1200px;    height: 492px;    margin: 0 auto;    display: block;  }  .section-img.small {    width: 970px;    height: auto;  }  .section-img.small &gt; img {    height: auto;  }  .section-img &gt; img {    width: 100%;    height: 100%;  }  .section-mobile-img {    display: none;    max-width: 100vw;    max-height: 75vw;    height: 450px;    margin: 0 auto;  }  .section-mobile-img &gt; img {    width: 100%;    height: 100%;  }  @media screen and (max-width: 960px) and (orientation: portrait) {    .container {      width: 100%;    }    .container.small {      width: 100%;    }    .section-mobile-img {      display: block;    }    .section-img {      display: none;    }    .section-title {      font-size: 22px;      margin: 10px 0;    }    .section-desc {      margin-top: 10px;    }    .section + .section {      margin-top: 20px;    }  }<\/style><div class=\"container\"><div class=\"logo\"><div class=\"pc-banner\"><div><img decoding=\"async\" src=\"\/vevor\/vevor\/boutique-banner\/pc\/en-pc@1x.jpg\" style=\"width: 100%\" \/><\/div><\/div><div class=\"m-banner\"><div><img decoding=\"async\" src=\"\/vevor\/vevor\/boutique-banner\/mobile\/en-m@1x.jpg\" style=\"width: 100%\" \/><\/div><\/div><\/div><div class=\"section-title\">Nekad vairs neuztraucieties par past\u0101v\u012bgiem aizsprostojumiem!<\/div><div class=\"video-section\"><video class=\"video-section-pc\" controls poster=\"\/vevor\/product\/ZDJJKLSGDSTJOA12M002\/drain-cleaner-machine-a100-1.4.jpg\"><\/video><video class=\"video-section-m\" controls poster=\"\/vevor\/product\/ZDJJKLSGDSTJOA12M002\/drain-cleaner-machine-a100-1.4-m.jpg\"><\/video><div class=\"section-desc\">Are you tired of clogged drainage pipes, expensive plumbing services, and incomplete unclogging? Say bye to unpleasant smells and troublesome maintenance! Let the VEVOR electric drain cleaning machine with 22m x 13mm solid core steel cable deliver fast, efficient pipe blockage clearing.<\/div><\/div><div class=\"section\"><div class=\"section-title\"><\/div><div class=\"section-img\"><img decoding=\"async\" src=\"\/vevor\/product\/ZDJJKLSGDSTJOA12M002\/drain-cleaner-machine-a100-2.2.jpg\" \/><\/div><div class=\"section-mobile-img\"><img decoding=\"async\" src=\"\/vevor\/product\/ZDJJKLSGDSTJOA12M002\/drain-cleaner-machine-a100-2.2-m.jpg\" \/><\/div><div class=\"section-desc\">M\u016bsu ciet\u0101 serdes t\u0113rauda kabelis viegli p\u0101rvietojas pa 50 mm - 150 mm caurul\u0113m, lai not\u012br\u012btu aizsprostojumus. Izstr\u0101d\u0101ts, lai iztur\u0113tu r\u016bsu, koroziju un samezglojumus, tas nodro\u0161ina ilgsto\u0161u veiktsp\u0113ju da\u017e\u0101diem santehnikas uzdevumiem.<\/div><\/div><div class=\"section\"><div class=\"section-title\"><\/div><div class=\"section-img\"><img decoding=\"async\" src=\"\/vevor\/product\/ZDJJKLSGDSTJOA12M002\/drain-cleaner-machine-a100-2.3.jpg\" \/><\/div><div class=\"section-mobile-img\"><img decoding=\"async\" src=\"\/vevor\/product\/ZDJJKLSGDSTJOA12M002\/drain-cleaner-machine-a100-2.3-m.jpg\" \/><\/div><div class=\"section-desc\">Iztur\u012bgais plastmasas cilindrs \u013cauj viegli uzraudz\u012bt kabe\u013ca izmanto\u0161anu, vienlaikus saglab\u0101jot kabeli k\u0101rt\u012bgi uzglab\u0101tu.<\/div><\/div><div class=\"section\"><div class=\"section-title\"><\/div><div class=\"section-img\"><img decoding=\"async\" src=\"\/vevor\/product\/ZDJJKLSGDSTJOA12M002\/drain-cleaner-machine-a100-2.4.jpg\" \/><\/div><div class=\"section-mobile-img\"><img decoding=\"async\" src=\"\/vevor\/product\/ZDJJKLSGDSTJOA12M002\/drain-cleaner-machine-a100-2.4-m.jpg\" \/><\/div><div class=\"section-desc\">Elektriskajam dren\u0101\u017eas glieme\u017en\u012bcai ir 8 griez\u0113ji, kas ir ide\u0101li piem\u0113roti kanaliz\u0101cijas cauru\u013cu, izliet\u0146u un tuale\u0161u aizsprostojumu likvid\u0113\u0161anai. Vienk\u0101r\u0161ojiet apkopes trauc\u0113jumus un nov\u0113rsiet nepat\u012bkam\u0101s smakas.<\/div><\/div><div class=\"section\"><div class=\"section-title\"><\/div><div class=\"section-img\"><img decoding=\"async\" src=\"\/vevor\/product\/ZDJJKLSGDSTJOA12M002\/drain-cleaner-machine-a100-2.5.jpg\" \/><\/div><div class=\"section-mobile-img\"><img decoding=\"async\" src=\"\/vevor\/product\/ZDJJKLSGDSTJOA12M002\/drain-cleaner-machine-a100-2.5-m.jpg\" \/><\/div><div class=\"section-desc\">VEVOR kanaliz\u0101cijas dren\u0101\u017eas sv\u0101rpsts apvieno \u0113rt\u012bbas ar iztur\u012bbu, ar lieliem rite\u0146iem bez piep\u016bles kust\u012bbai un teleskopisku rokturi ergonomisk\u0101kai lieto\u0161anai.<\/div><\/div><div class=\"section\"><div class=\"section-img\"><img decoding=\"async\" src=\"\/vevor\/product\/ZDJJKLSGDSTJOA12M002\/drain-cleaner-machine-a100-1.11.jpg\" \/><\/div><div class=\"section-mobile-img\"><img decoding=\"async\" src=\"\/vevor\/product\/ZDJJKLSGDSTJOA12M002\/drain-cleaner-machine-a100-1.11-m.jpg\" \/><\/div><\/div><\/div><\/div>\n<div class=\"DM_at-title\" id=\"js-DM_at-title\"> <div>Produkta specifik\u0101cija<\/div> <i class=\"icon-arrowup_line\"><\/i> <\/div><div class=\"DM_at-goodsDescAttr\" id=\"js-DM_at-goodsDescAttr\"> <div class=\"DM_at-goodsDescAttrInner\"> <dl class=\"goodsDesc_item goodsDesc_item_even\"> <dt>Preces Mode\u013ca Numurs<\/dt> <dd> JR-480Z<\/dd> <\/dl> <dl class=\"goodsDesc_item\"> <dt>Baro\u0161anas metode<\/dt> <dd> Autom\u0101tiska baro\u0161ana<\/dd> <\/dl> <dl class=\"goodsDesc_item goodsDesc_item_even\"> <dt>Kabe\u013ca garums<\/dt> <dd> 75 p\u0113das \/ 22 m<\/dd> <\/dl> <dl class=\"goodsDesc_item\"> <dt>Kabe\u013ca diametrs<\/dt> <dd> 1\/2 collas \/ 13 mm<\/dd> <\/dl> <dl class=\"goodsDesc_item goodsDesc_item_even\"> <dt>Kabe\u013ca Tips<\/dt> <dd> Ciet\u0101 Core t\u0113rauda kabelis<\/dd> <\/dl> <dl class=\"goodsDesc_item\"> <dt>Piem\u0113rojamais caurules diametrs<\/dt> <dd> \u03a62 - 6 collas \/ \u03a650 - 150 mm <\/dd> <\/dl> <dl class=\"goodsDesc_item goodsDesc_item_even\"> <dt>Rite\u0146a izm\u0113rs<\/dt> <dd> \u03a67,5 collas <\/dd> <\/dl> <dl class=\"goodsDesc_item\"> <dt>Main\u0101mie griez\u0113ji<\/dt> <dd> 8 gab. Griez\u0113ji<\/dd> <\/dl> <dl class=\"goodsDesc_item goodsDesc_item_even\"> <dt>Neto Svars<\/dt> <dd> 86,2 m\u0101rci\u0146as \/ 39,1 kg<\/dd> <\/dl> <dl class=\"goodsDesc_item\"> <dt>Produkta Izm\u0113ri<\/dt> <dd> 25,2 x 20,5 x (25,2 - 38,6) collas \/ 640 x 520 x (640 - 980) mm<\/dd> <\/dl> <\/div> <\/div>","protected":false},"excerpt":{"rendered":"<ul>\n<li> Efekt\u012bva aizs\u0113r\u0113juma t\u012br\u012b\u0161ana: VEVOR dren\u0101\u017eas t\u012br\u012bt\u0101ja iek\u0101rtai ir autom\u0101tiska padeves sist\u0113ma, lai darbin\u0101tu kabeli dren\u0101\u017eas caurul\u0113s un no t\u0101m. Uzlabots ar vad\u012bbu uz priek\u0161u\/atpaka\u013c un ar gaisu aktiviz\u0113tu k\u0101jas sl\u0113dzi, kabe\u013ca p\u0101rvald\u012bba k\u013c\u016bst bez piep\u016bles <\/li>\n<li> Premium Steel Core Cable: Our 22m x 13mm solid core steel cable resists breakage, twisting, kinking, and corrosion, smoothly navigating 50mm to 150mm complex curved pipes for more reliable and efficient clog-clearing results <\/li>\n<li> 8 Main\u0101mi griez\u0113ji: elektriskajam dren\u0101\u017eas sv\u0101rpstam ir 8 griez\u0113ji, kas ir ide\u0101li piem\u0113roti cauru\u013cu, gr\u012bdas noteku, izliet\u0146u un tuale\u0161u aizsprostojumu likvid\u0113\u0161anai. Vienk\u0101r\u0161ojiet apkopes trauc\u0113jumus un nov\u0113rsiet sliktu smaku - piem\u0113rots m\u0101j\u0101m, \u012bpa\u0161umiem un restor\u0101niem <\/li>\n<li> P\u0101rvietojams un ietaupa vietu: \u0146emiet to jebkur, uzglab\u0101jiet to viegli! \u0160\u012b dren\u0101\u017eas t\u012br\u012b\u0161anas ma\u0161\u012bna ir apr\u012bkota ar lieliem rite\u0146iem, lai nodro\u0161in\u0101tu kust\u012bbu bez piep\u016bles. Un teleskopiskais rokturis nodro\u0161ina ergonomisk\u0101ku lieto\u0161anu un atvieglo transport\u0113\u0161anu un uzglab\u0101\u0161anu <\/li>\n<li> Durable &amp; Convenient: Our sewer drain auger features a semi-enclosed plastic drum that is durable and rust-resistant, allows easy observation of the cable length, and helps keep the cable neatly stored <\/li>\n<\/ul>","protected":false},"featured_media":464401,"comment_status":"open","ping_status":"open","template":"","meta":{"om_disable_all_campaigns":false,"_uf_show_specific_survey":0,"_uf_disable_surveys":false},"location":[1935,1934],"product_brand":[],"product_cat":[2465,2467,71,150,2466],"product_tag":[],"class_list":{"0":"post-464400","1":"product","2":"type-product","3":"status-publish","4":"has-post-thumbnail","6":"location-supplier_stock_location","7":"location-local_stock_location","8":"product_cat-drain-cleaning-tools","9":"product_cat-pipe-drain-cleaner-machine","10":"product_cat-plumbing","11":"product_cat-plumbing-tools","12":"product_cat-sewer-machines","14":"first","15":"instock","16":"taxable","17":"shipping-taxable","18":"purchasable","19":"product-type-simple"},"aioseo_notices":[],"locations":[{"id":1935,"name":"Pieg\u0101d\u0101ja noliktav\u0101 (5-7dd.d)","slug":"supplier_stock_location","quantity":"12"},{"id":1934,"name":"R\u012bgas veikal\u0101 (0-2d.d.)","slug":"local_stock_location","quantity":"0"}],"_links":{"self":[{"href":"https:\/\/vevorshop.lv\/lv\/wp-json\/wp\/v2\/product\/464400","targetHints":{"allow":["GET"]}}],"collection":[{"href":"https:\/\/vevorshop.lv\/lv\/wp-json\/wp\/v2\/product"}],"about":[{"href":"https:\/\/vevorshop.lv\/lv\/wp-json\/wp\/v2\/types\/product"}],"replies":[{"embeddable":true,"href":"https:\/\/vevorshop.lv\/lv\/wp-json\/wp\/v2\/comments?post=464400"}],"wp:featuredmedia":[{"embeddable":true,"href":"https:\/\/vevorshop.lv\/lv\/wp-json\/wp\/v2\/media\/464401"}],"wp:attachment":[{"href":"https:\/\/vevorshop.lv\/lv\/wp-json\/wp\/v2\/media?parent=464400"}],"wp:term":[{"taxonomy":"location","embeddable":true,"href":"https:\/\/vevorshop.lv\/lv\/wp-json\/wp\/v2\/location?post=464400"},{"taxonomy":"product_brand","embeddable":true,"href":"https:\/\/vevorshop.lv\/lv\/wp-json\/wp\/v2\/product_brand?post=464400"},{"taxonomy":"product_cat","embeddable":true,"href":"https:\/\/vevorshop.lv\/lv\/wp-json\/wp\/v2\/product_cat?post=464400"},{"taxonomy":"product_tag","embeddable":true,"href":"https:\/\/vevorshop.lv\/lv\/wp-json\/wp\/v2\/product_tag?post=464400"}],"curies":[{"name":"wp","href":"https:\/\/api.w.org\/{rel}","templated":true}]}}