{"id":46546,"date":"2024-11-19T13:18:54","date_gmt":"2024-11-19T13:18:54","guid":{"rendered":"http:\/\/vevorshop.edigo.lv\/Prece\/vevor-drum-throne-19-3-to-23-in-490-585-mm-height-adjustable-padded-drum-stool-seat-with-anti-slip-feet-5a-drumsticks-330-lbs-150-kg-maximum-weight-capacity-360-swivel-drum-chair-for-drum\/"},"modified":"2026-02-26T16:36:27","modified_gmt":"2026-02-26T14:36:27","slug":"vevor-drum-throne-19-3-to-23-in-490-585-mm-height-adjustable-padded-drum-stool-seat-with-anti-slip-feet-5a-drumsticks-330-lbs-150-kg-maximum-weight-capacity-360-swivel-drum-chair-for-drum","status":"publish","type":"product","link":"https:\/\/vevorshop.lv\/lv\/Prece\/vevor-bungu-tronis-19-3-lidz-23-in-490-585-mm-augstums-regulejams-polsterets-bungu-taburetes-sedeklis-ar-pretslidosam-kajam-5a-bungu-nujinas-330-lbs-150-kg-maksimala-svara-ietilpiba-360-grozams-bungu\/","title":{"rendered":"VEVOR regul\u0113jams bungot\u0101ju kr\u0113sls 490\u2013585 mm, polster\u0113ts groz\u0101ms s\u0113deklis ar nesl\u012bdo\u0161\u0101m k\u0101j\u0101m, 150 kg + 5A bungu v\u0101l\u012btes"},"content":{"rendered":"<div style=\"color: #fff!important; font-size: 16px; height: 24px; line-height: 24px; margin-top: -24px; \" class=\"product_original_name\">VEVOR Regul\u0113jams Bungu Kr\u0113sls ar 360\u00b0 Pagrie\u0161anos, Augstums 19.3-23 in \/ 490-585 mm, Ergonomisks Polster\u0113ts S\u0113deklis, Pretsl\u012bdes K\u0101jas, Iek\u013cauti 5A Bungu Koci\u0146i, Atbalsta L\u012bdz 330 lbs \/ 150 kg<\/div>\n<div style=\"color: #fff!important; font-size: 16px; height: 24px; line-height: 24px; margin-top: -24px; \" class=\"product_sku\">M4I4LN4S<\/div>\n<div style=\"color: #fff!important; font-size: 16px; height: 24px; line-height: 24px; margin-top: -24px; \" class=\"product_mpn\">GDLSSWKBYX00CC356V0<\/div><div id=\"js-DM_at-goodDescRich\"><html><head><style>  body {    font-family: Arial;    line-height: 1.5;    color: #1c1c1c;    overflow-x: hidden;    margin: 0;    padding: 0;  }  .MsoNormal b {    font-weight: bolder;  }<\/style><style>  .container.small {    width: 970px;    margin: 0 auto;  }  .logo {    margin: 0 auto 0;  }  .logo img {    display: block;    margin: 0 auto;    max-width: 100%;  }  .logo .pc-banner {    display: block;    width: 1200px;    height: 247.4px;    margin: 0 auto;  }  .logo .pc-banner.small {    width: 970px;  }  .logo .pc-banner.small img {    height: auto!important;  }  .logo .m-banner {    display: none;  }  .ytvideo {    position: relative;    height: 546px;    width: 100%;    margin: 0 auto;  }  .ytvideo img {    width: 100%;    margin: 0 auto;  }  .ytvideo .play-btn {    width: 60px;    height: 42px;    position: absolute;    top: 50%;    left: 50%;    transform: translate(-50%, -50%);    background: url(\"data:image\/png;base64,iVBORw0KGgoAAAANSUhEUgAAAGQAAABGCAMAAAANWMFbAAAC+lBMVEUAAADBGB3kLCfBGB3kLCfcJC7BFx3KKSbiKybkLCbWJCPSIiLSIiLPICHAFx3kLCfgKSXNHiDZJiTIGx\/p4eHcjo7LHSDbJyTkLCbjKyfOHyHPIiL28fHJHB\/GGh7EGR7eKCXDGB3RISHlLSbBGB3AFxzGHB7DGB7BGB3hKybkKybAFx3lLCfAFxzDGR3hKibDGB7cJyTmz8\/elJTlwcHjurrUIyLlLSflLSfAFx3DGR7lLSfCFx3hKibhKibhKybjKybkLCblLSfbJSX49vbx7e3NNzjNMTLMJyjVIyLZf3\/ZQ0LaeHjx0tLgoqLkLCfCGB3HGx\/BGB3BFx3PICHCGB7WJCLOHyC\/Fxy\/Fx3lLCfQISHkLSe\/FxzbJiTBFx3FGx\/AGB7BFx3EGR7AGB3HHSDfKiXAFh3TISHYNzbhKibbJyTTIiL57e325+f039\/v2NjUV1fOHiHiqanfmprch4feKSXVIyPOICHmLibFGh\/mLSe\/Fx7XJCPeKSXXJSPNHyHaJyTGGh7lLCbmLCflLSjSIiLkLCbdKSXLHiC\/GB3KHh++Fh3lKyfoLiXcKCPkx8fYb2\/XaGfVXl3aU1LLHiDksbHgKibPICHbJyTfKSXbJyTCGB3KHSDiKybFGh7TIiL\/\/\/\/VIyPRISHIHB\/GGx\/HHB\/DGR7gKibdKCXLHiDZJiTMHiDNHyHYJSTOICHPICHWJCPcKCXXJSPjLCblLCf+\/f3NGR\/uLijzLynPGR\/IGB7WISHaIyLLGh7UAADxLynNAADRLzDbICLQAADIAAD3MCrUHSHXMTDpKSbLAADp5OTij4\/ejo\/VLy\/1LyngJSTcJCPQHx\/OHB7+\/PzaMS\/OLS\/vLijrLSjSAADaNTPwLyjkKSbNJCbYISHPHB\/KGB7WAAD7+vrn3d3aKynTKCjoLCfsKifRGh\/YAADq5+fhjo7QNDXXKCfmJyXt5+fTLzDLLi\/QKivYHRvMGBrQJCXLISPMExXLDxLaEAvkkI\/bOTfaFQ\/SCgpvLcnHAAAAmnRSTlMA+vv7+gT9Bvf9+8z8\/NSv\/Pr5+P7++vnQIBMP\/v38\/Pn348XDiCYf9OjbzcqxXVcx\/fz8+\/rj1r2poo1+fXFqX0orGP7+\/v7+\/fz8+\/r68uzn4trIxsG\/vri3p6GcmZSNbWVYUUZEPQv+\/f39+\/v7+\/v7+vr64tvV1NTTz87FtbSurqeblJKFg4B3bUY+NjL7+\/v7+\/v67t1cDo8JLQAABkRJREFUWMO0kz9rwkAYh0OIeJkum6YugUAhISCdKoj\/P4C7SMdS+gEKIhSKil10LSg4mzXkILdlEpxCpwTiWOLX6BujvQaEQuGeHLnL+\/64J+SIcKGYTYWnntpdLjrVdqvZmNdn0+EE40GtpuuWVS6Xx6N7YDSGpWXpeq02wHgynM7q80az1a52HpddtVcpsi1zFARBrdaxbhp9iUReTGmwA4KAAr7vx3EYejnCMI6hQYEgy0LQi4jUN0wL19vqFcUC9\/1dAKmEEFkWRYkh5oBejnxQJiSJPJ\/uKBp0Thszx9Mw8hMRIQjKsptCfuES9zr5WJY6vSFCIvE9fCMUmEM1A1kSXcYGxgVYsvI1IPKTZciSTI0us\/SMGG04gDzELDoFBwdcFJrF88dqgYMTiL6DILWYyfOWE8\/kIz38olCNlC03FK95+imxp6y4oUSvAnBjHHhKNtotSDqJzVFiK8c2SBqhZtsrTtgrLXwAyduxZHNE26eHUt5rtuM4WSmds3G+sUdWYo1L+XyxButoh5eKUHk5lByO3G1LqqCWVnfrv\/lyPtf\/4ps1cndNGIri8J1TJ0lx6dR\/oPjq1nbRwdp2dCk4CtIOLW3pVKRL6WZfS5vF2KkIQhpwSsjiYIgNCs1gEMGqiIq24NQX9NwoXFy8Ufrl3twTcg4fv8T9\/JBEySduj6Mjm4bMzYV7EEOxKjjoNDud7yY3Dy71Hq2oLmqfbNR723edH9PgMrNL2utoQ3VmaIDkiw\/4w51P06hlZsTZvkRrbVuSIs\/zwSOsycgzStQouoAkWQqioRT5XI7n2Z1wfVhoZmcAJLsoqjqpjbWCgpOAJXBwHK8PzWbNvoUZJND5wCnSkLAkZ1legx6vqQzjoiTahKlGUGLAiIIoABOHaNVw4sexZBym6\/HWlH5h3IC7yRbxtipcWxdTOkORKiNQAEkFf66x5S2oeRbroOlLgg0sSYkR0hRGEqJZ0jTPiQKatESdBckpWigxaapEH0lImHdWu9pUFF2XqMNM2Z4kped7IwEJw2qabwtrQqnpw6HyKkgcadKWsmpywwesDyIhYRpdzXddqegtGIJlXbAIUMOLkGxJUjRIkokwjUaX9d\/kK62ps\/tYUqZLIMkLTyBhsMZ3C5Z\/kDxOSCb\/DOs\/\/J0qcWSX\/2ipe56EgTCA4\/cB7NAYOsni4mZM1MUPAISoEwkDi4lhVBQ1cWQyIcwalw4EpqZN68JUSK7XC0kTlkLYii5uXSC8jT5ncCAS7mjCv0uHp\/3lueHEEAeQ\/\/VgmdN71\/2uCSA1Xr6DO6uI6sW56zqT2tp2PhgiRUAajV8CY2fkcz6WGNKMgLAt7tJAhD4YHMTeRxlALE6+43WqjSWi8ITxyJl8WrwWSNESQZZOqhDDntO3hJLsd5RtSpbJqdv3YrDJH3F7jL1R2O2aQkn2MyCyKYz0GPGIvSAMgBCrCEiJyKbBaYGwLW4uPRr0A0M4Ux5kUI7IBh+hMdiCEWNqhMZGyYMsOgNE58UQuEQeUnSWCMYwL54hkxK6IoqucQZbQ3pc3XtL0lky1dL0zZJJDpWJovFqpWj6JEHnyam2eQp5QRVAVHjWparTOaVwUOx99YS2MvgxIGV0bb+qIg2HX2qkFFJB+XZcbLiuRkuxD9GRroKyveLxdh4d7Orx+hb7qc3uVRuEogCOnyIxm4ubUoPgF4jianDrC+SDQDKEfJb0GUKmjCGPYHGJvVC6X4hw1\/sAfQAdfYyephIaspXe36RwOP+Ljvfx9B6B3i+Nk0DGq+oCbLn6JpBa9nWAveAIHwFAwtVcIJXPMPL8kRu5OAYPMaL1WScTxjiZDqB9LTJSWphow\/pTYKRTLjCBhvi9iBidvKcDasGSm0QQkycYuLBqj6QCELPctqChDWpTRMWkngNNpQ1Pfp1KkiT\/Y0DGffXAweUNfLAfaJFKDwhb6I+bkYRbkERoEeu3Fyjg2opMz2daZCS9jt6Q7txNfB+OZEVF6Zl5web2xunnLQrtrjXseXKaFYziYINeMFZVxS9VxRhOoesYwxPKXm+gWLG9cuFeq93UNNeJNsf1KlwuDok9n02n3TgIJpOxNfL9naIoQwXtfH9kjceTIIi709ncTg6LZbg+biLH1V6u\/7rxBem06VXKn9raAAAAAElFTkSuQmCC\")      no-repeat center center \/ contain;  }  @media screen and (max-width: 960px) and (orientation: portrait) {    .logo {      width: 100%;    }    .logo .pc-banner {      display: none;    }    .logo .m-banner {      display: block;      width: 100%;    }    .logo .m-banner img {      height: auto!important;    }    .ytvideo {      height: 200px;      width: 100%;    }  }<\/style><style>  .video-section {    width: 100%;    margin: 0 auto;  }  .video-section > img {    width: 100%;  }  .video-section iframe,  .video-section video {    width: 100%;    height: 100%;      }  .video-section-img-m,  .video-section-img-pc > img {    width: 100%;    height: auto;  }  .video-section-img-pc.small > img {    width: 970px;  }  .video-desc {    line-height: 1.5;    font-size: 20px;    font-weight: 400;    margin: 20px 0;    text-align: center;    color: #0f1111;    word-break: break-word;  }  @media screen and (max-width: 960px) and (orientation: portrait) {    .video-section {      width: 100%;    }    .video-section-pc,    .video-section-img-pc {      display: none;    }    .video-section-m,    .video-section-img-m {      display: block;    }    .video-desc {      font-size: 15px;    }  }  @media screen and (min-width: 960px) {    .video-section {      width: 100%;      margin: 0 auto;    }    .video-section-pc,    .video-section-img-pc {      display: block;    }    .video-section-m,    .video-section-img-m {      display: none;    }    .video-desc {      font-size: 20px;    }  }<\/style><style>  .section + .section {    margin-top: 35px;  }  .section-title {    text-align: center;    font-weight: bold;    color: #0d1111;    font-family: \"Arial\";    font-size: 32px;    margin: 15px 0;  }  .section-title:empty {    display: none;  }  .section-desc {    text-align: center;    font-weight: normal;    color: #0d1111;    margin-top: 20px;  }  .section-desc:empty {    display: none;  }  .section-img {    width: 1200px;    height: 492px;    margin: 0 auto;    display: block;  }  .section-img.small {    width: 970px;    height: auto;  }  .section-img.small > img {    height: auto;  }  .section-img > img {    width: 100%;    height: 100%;  }  .section-mobile-img {    display: none;    max-width: 100vw;    max-height: 75vw;    height: 450px;    margin: 0 auto;  }  .section-mobile-img > img {    width: 100%;    height: 100%;  }  @media screen and (max-width: 960px) and (orientation: portrait) {    .container {      width: 100%;    }    .container.small {      width: 100%;    }    .section-mobile-img {      display: block;    }    .section-img {      display: none;    }    .section-title {      font-size: 22px;      margin: 10px 0;    }    .section-desc {      margin-top: 10px;    }    .section + .section {      margin-top: 20px;    }  }<\/style><\/head><body><div class=\"container\"><div class=\"logo\"><div class=\"pc-banner\"><div><img decoding=\"async\" src=\"\/vevor\/vevor\/boutique-banner\/pc\/en-pc@1x.jpg\" style=\"width: 100%;\" \/><\/div><\/div><div class=\"m-banner\"><div><img decoding=\"async\" src=\"\/vevor\/vevor\/boutique-banner\/mobile\/en-m@1x.jpg\" style=\"width: 100%;\" \/><\/div><\/div><\/div><div class=\"section-title\">Augstum\u0101 regul\u0113jams stat\u012bva bungu tronis<\/div><div class=\"video-section\"><div class=\"video-section-img-pc\"><img decoding=\"async\" src=\"\/vevor\/product\/GDLSSWKBYX00CC356\/drum-throne-a100-1.4.jpg\" alt=\"VEVOR drum throne with adjustable height, max 330 lbs, and complimentary drumsticks on wooden floor.\" \/><\/div><div class=\"video-section-img-m\"><img decoding=\"async\" src=\"\/vevor\/product\/GDLSSWKBYX00CC356\/drum-throne-a100-1.4-m.jpg\" alt=\"VEVOR drum throne with adjustable height, max 330 lbs, and complimentary drumsticks on wooden floor.\" \/><\/div><div class=\"section-desc\">Featuring a thickened&#xa0;leather seat that supports 360\u00b0 rotation,&#xa0;our drum stool&#xa0;delivers unparalleled comfort while allowing you to adjust to your preferred seating angle. Crafted with a durable steel frame, it can confidently withstand up to 330 lbs\/150 kg, providing secure and stable support!<\/div><\/div><div class=\"section\"><div class=\"section-title\"><\/div><div class=\"section-img\"><img decoding=\"async\" src=\"\/vevor\/product\/GDLSSWKBYX00CC356\/drum-throne-a100-2.2.jpg\" alt=\"VEVOR bungu kr\u0113sla PU audums, nodilumiztur\u012bgs, \u016bdensiztur\u012bgs, viegli t\u012br\u0101ms, saglab\u0101 to stil\u012bgu.\" \/><\/div><div class=\"section-mobile-img\"><img decoding=\"async\" src=\"\/vevor\/product\/GDLSSWKBYX00CC356\/drum-throne-a100-2.2-m.jpg\" alt=\"VEVOR bungu kr\u0113sla PU audums, nodilumiztur\u012bgs, \u016bdensiztur\u012bgs, viegli t\u012br\u0101ms, saglab\u0101 to stil\u012bgu.\" \/><\/div><div class=\"section-desc\">M\u016bsu bungu kr\u0113sls ir paredz\u0113ts lieto\u0161anai jebkur\u0101 sp\u0113les vid\u0113. S\u0113dek\u013ca spilvens, kas izgatavots no elast\u012bga PU auduma un atmi\u0146as put\u0101m, bez piep\u016bles iztur uzst\u0101\u0161anos \u0101r\u0101 p\u0113k\u0161\u0146a lietus vai net\u012brumu uzliesmojuma laik\u0101 m\u016bzikas ball\u012bt\u0113s, viegli atgrie\u017eoties s\u0101kotn\u0113j\u0101 st\u0101vokl\u012b ar vienk\u0101r\u0161u apkopi.<\/div><\/div><div class=\"section\"><div class=\"section-title\"><\/div><div class=\"section-img\"><img decoding=\"async\" src=\"\/vevor\/product\/GDLSSWKBYX00CC356\/drum-throne-a100-2.3.jpg\" alt=\"VEVOR bungu tronam biez\u0101ka met\u0101la pamatpl\u0101ksne, var iztur\u0113t svaru l\u012bdz 330 m\u0101rci\u0146\u0101m (150 kg), nodro\u0161ina stabilit\u0101ti.\" \/><\/div><div class=\"section-mobile-img\"><img decoding=\"async\" src=\"\/vevor\/product\/GDLSSWKBYX00CC356\/drum-throne-a100-2.3-m.jpg\" alt=\"VEVOR bungu tronam biez\u0101ka met\u0101la pamatpl\u0101ksne, var iztur\u0113t svaru l\u012bdz 330 m\u0101rci\u0146\u0101m (150 kg), nodro\u0161ina stabilit\u0101ti.\" \/><\/div><div class=\"section-desc\">M\u016bsu bungu kr\u0113sla s\u0113deklim ir sabiezin\u0101ta met\u0101la pamatne, kas nodro\u0161ina izcilu atbalstu, samazinot \u0161\u016bpo\u0161anos un nestabilit\u0101ti uzst\u0101\u0161an\u0101s laik\u0101. Ar \u0161o iztur\u012bgo pamatni j\u016bs varat koncentr\u0113ties uz m\u016bziku, neuztraucoties par l\u012bdzsvara zaud\u0113\u0161anu.<\/div><\/div><div class=\"section\"><div class=\"section-title\"><\/div><div class=\"section-img\"><img decoding=\"async\" src=\"\/vevor\/product\/GDLSSWKBYX00CC356\/drum-throne-a100-2.4.jpg\" alt=\"VEVOR bungu kr\u0113sls: notur\u0113sies sav\u0101 viet\u0101, samazin\u0101s troksni un aizsarg\u0101s gr\u012bdas ar nesl\u012bdo\u0161\u0101m gumijas k\u0101ji\u0146\u0101m.\" \/><\/div><div class=\"section-mobile-img\"><img decoding=\"async\" src=\"\/vevor\/product\/GDLSSWKBYX00CC356\/drum-throne-a100-2.4-m.jpg\" alt=\"VEVOR bungu kr\u0113sls: notur\u0113sies sav\u0101 viet\u0101, samazin\u0101s troksni un aizsarg\u0101s gr\u012bdas ar nesl\u012bdo\u0161\u0101m gumijas k\u0101ji\u0146\u0101m.\" \/><\/div><div class=\"section-desc\">Apr\u012bkots ar gumijas nesl\u012bdo\u0161\u0101m k\u0101ji\u0146\u0101m, m\u016bsu bundzinieka kr\u0113sls ar regul\u0113jamu augstumu nov\u0113r\u0161 sl\u012bd\u0113\u0161anu uzst\u0101\u0161an\u0101s laik\u0101, vienlaikus aizsarg\u0101jot j\u016bsu m\u0101jas gr\u012bdas, samazinot skr\u0101p\u0113jumu risku.<\/div><\/div><div class=\"section\"><div class=\"section-title\"><\/div><div class=\"section-img\"><img decoding=\"async\" src=\"\/vevor\/product\/GDLSSWKBYX00CC356\/drum-throne-a100-2.5.jpg\" alt=\"Elast\u012bgi un p\u0101rn\u0113s\u0101jami VEVOR bungu kr\u0113sla mont\u0101\u017eas pak\u0101pieni \u0113rtai p\u0101rn\u0113s\u0101\u0161anai un uzglab\u0101\u0161anai jebkur\u0101 norises viet\u0101.\" \/><\/div><div class=\"section-mobile-img\"><img decoding=\"async\" src=\"\/vevor\/product\/GDLSSWKBYX00CC356\/drum-throne-a100-2.5-m.jpg\" alt=\"Elast\u012bgi un p\u0101rn\u0113s\u0101jami VEVOR bungu kr\u0113sla mont\u0101\u017eas pak\u0101pieni \u0113rtai p\u0101rn\u0113s\u0101\u0161anai un uzglab\u0101\u0161anai jebkur\u0101 norises viet\u0101.\" \/><\/div><div class=\"section-desc\">We've specially designed a simplified assembly system&#xa0;without&#xa0;the need for complicated steps and tools.&#xa0;In just a few minutes, you can effortlessly assemble the stand. Whether&#xa0;you're&#xa0;a seasoned musician or a beginner, you'll quickly set up a sturdy drum chair to support your musical journey.<\/div><\/div><div class=\"section\"><div class=\"section-img\"><img decoding=\"async\" src=\"\/vevor\/product\/GDLSSWKBYX00CC356\/drum-throne-a100-1.11.jpg\" alt=\"VEVOR bungu kr\u0113sls, modelis ADT-10, regul\u0113jams s\u0113dek\u013ca augstums, le\u0123\u0113t\u0101 t\u0113rauda r\u0101mis, nor\u0101d\u012btais iepakojuma saturs.\" \/><\/div><div class=\"section-mobile-img\"><img decoding=\"async\" src=\"\/vevor\/product\/GDLSSWKBYX00CC356\/drum-throne-a100-1.11-m.jpg\" alt=\"VEVOR bungu kr\u0113sls, modelis ADT-10, regul\u0113jams s\u0113dek\u013ca augstums, le\u0123\u0113t\u0101 t\u0113rauda r\u0101mis, nor\u0101d\u012btais iepakojuma saturs.\" \/><\/div><\/div><\/div><\/body><\/html><\/div>\n<div class=\"DM_at-title\" id=\"js-DM_at-title\"> <div>Produkta specifik\u0101cija<\/div> <i class=\"icon-arrowup_line\"><\/i> <\/div><div class=\"DM_at-goodsDescAttr\" id=\"js-DM_at-goodsDescAttr\"> <div class=\"DM_at-goodsDescAttrInner\"> <dl class=\"goodsDesc_item goodsDesc_item_even\"> <dt>Preces Mode\u013ca Numurs<\/dt> <dd> ADT-10<\/dd> <\/dl> <dl class=\"goodsDesc_item\"> <dt>S\u0113dek\u013ca augstums<\/dt> <dd> 19,3 l\u012bdz 23 collas \/ 490\u2013585 mm (4 l\u012bme\u0146i)<\/dd> <\/dl> <dl class=\"goodsDesc_item goodsDesc_item_even\"> <dt>Maksim\u0101l\u0101 svara iztur\u012bba<\/dt> <dd> 330 m\u0101rci\u0146as \/ 150 kg<\/dd> <\/dl> <dl class=\"goodsDesc_item\"> <dt>Kr\u0113sla r\u0101mja materi\u0101ls<\/dt> <dd> Le\u0123\u0113tais t\u0113rauds<\/dd> <\/dl> <dl class=\"goodsDesc_item goodsDesc_item_even\"> <dt>Neto Svars<\/dt> <dd> 5,8 m\u0101rci\u0146as \/ 2,62 kg<\/dd> <\/dl> <\/div> <\/div>","protected":false},"excerpt":{"rendered":"<ul>\n<li> \u0112rts bungu kr\u0113sls: M\u016bsu bungu kr\u0113sls ir ergonomiski izstr\u0101d\u0101ts, pateicoties 2,6 collu biezajam augsta bl\u012bvuma putu materi\u0101lam un 11,4 collu diametra \u0101dai, lai nodro\u0161in\u0101tu efekt\u012bvu \u0137erme\u0146a atbalstu un samazin\u0101tu muguras nogurumu. Elast\u012bgais audums ir iztur\u012bgs, \u016bdensiztur\u012bgs un notraip\u0101m atgr\u016b\u017eams, padarot to ide\u0101li piem\u0113rotu lieto\u0161anai sare\u017e\u0123\u012btos apst\u0101k\u013cos. <\/li>\n<li> Apmieriniet da\u017e\u0101das augstuma vajadz\u012bbas: Ar 4 l\u012bme\u0146u augstuma regul\u0113\u0161anas atbalstu (regul\u0113\u0161anas diapazons: 19,3\u201323 collas \/ 490\u2013585 mm), m\u016bsu bungu kr\u0113sls \u013cauj piel\u0101got augstumu j\u016bsu v\u0113lm\u0113m. Vienk\u0101r\u0161i noregul\u0113jiet un fiks\u0113jiet pozicion\u0113\u0161anas skr\u016bvi, lai ieg\u016btu personaliz\u0113tu pieredzi, kas nodro\u0161ina lab\u0101ku pieredzi sal\u012bdzin\u0101jum\u0101 ar fiks\u0113ta augstuma bungu kr\u0113sliem. <\/li>\n<li> Divk\u0101r\u0161a atbalsta nesl\u012bdo\u0161s stat\u012bvs: Izbaudiet nelok\u0101mu stabilit\u0101ti ar m\u016bsu iztur\u012bgo divk\u0101r\u0161a atbalsta nesl\u012bdo\u0161o stat\u012bvu. M\u016bsu bungu kr\u0113sla iztur\u012bgais tr\u012bsst\u016brveida t\u0113rauda r\u0101mis, kas paredz\u0113ts svaram l\u012bdz 150 kg, nodro\u0161ina, ka uzst\u0101\u0161an\u0101s laik\u0101 j\u016bs nezaud\u0113siet stabilit\u0101ti. Turkl\u0101t liel\u0101s gumijas k\u0101ji\u0146as stingri turas pie gr\u012bdas, pasarg\u0101jot to no skr\u0101p\u0113jumiem, vienlaikus nodro\u0161inot dro\u0161u pamatu. <\/li>\n<li> Portable &#038; Foldable Design: Our drum chair is lightweight and easy to carry, allowing you to play or practice in different locations with ease. Additionally, when not in use, it can be effortlessly folded and stored, saving storage space and keeping your area neat and organized. <\/li>\n<li> Bungu v\u0101l\u012b\u0161u p\u0101ris iek\u013cauts: Sa\u0146emiet bungu v\u0101l\u012b\u0161u p\u0101ri bez maksas, ieg\u0101d\u0101joties preci. Kad j\u016bsu bungu v\u0101l\u012btes nolietojas vai paz\u016bd, \u0161o rezerves da\u013cu tur\u0113\u0161ana pa rokai nodro\u0161in\u0101s nep\u0101rtrauktu sp\u0113l\u0113\u0161anu, izvairoties no p\u0101rtraukumiem instrumentu tr\u016bkuma d\u0113\u013c. <\/li>\n<\/ul>","protected":false},"featured_media":313808,"comment_status":"closed","ping_status":"open","template":"","meta":{"om_disable_all_campaigns":false,"_monsterinsights_skip_tracking":false,"_monsterinsights_sitenote_active":false,"_monsterinsights_sitenote_note":"","_monsterinsights_sitenote_category":0,"_uf_show_specific_survey":0,"_uf_disable_surveys":false},"location":[1935,1934],"product_brand":[21],"product_cat":[4184,3727,2420],"product_tag":[],"class_list":{"0":"post-46546","1":"product","2":"type-product","3":"status-publish","4":"has-post-thumbnail","6":"location-supplier_stock_location","7":"location-local_stock_location","8":"product_brand-vevor","9":"product_cat-drum-stools","10":"product_cat-musical-instrument-accessories-musical-instruments-2","11":"product_cat-musical-instruments-2","13":"first","14":"outofstock","15":"taxable","16":"shipping-taxable","17":"purchasable","18":"product-type-simple"},"aioseo_notices":[],"jetpack_sharing_enabled":true,"locations":[{"id":1935,"name":"Pieg\u0101d\u0101t\u0101ja noliktav\u0101 (5-7d.d.)","slug":"supplier_stock_location","quantity":"0"},{"id":1934,"name":"R\u012bgas veikal\u0101 (0-2d.d.)","slug":"local_stock_location","quantity":"0"}],"_links":{"self":[{"href":"https:\/\/vevorshop.lv\/lv\/wp-json\/wp\/v2\/product\/46546","targetHints":{"allow":["GET"]}}],"collection":[{"href":"https:\/\/vevorshop.lv\/lv\/wp-json\/wp\/v2\/product"}],"about":[{"href":"https:\/\/vevorshop.lv\/lv\/wp-json\/wp\/v2\/types\/product"}],"replies":[{"embeddable":true,"href":"https:\/\/vevorshop.lv\/lv\/wp-json\/wp\/v2\/comments?post=46546"}],"wp:featuredmedia":[{"embeddable":true,"href":"https:\/\/vevorshop.lv\/lv\/wp-json\/wp\/v2\/media\/313808"}],"wp:attachment":[{"href":"https:\/\/vevorshop.lv\/lv\/wp-json\/wp\/v2\/media?parent=46546"}],"wp:term":[{"taxonomy":"location","embeddable":true,"href":"https:\/\/vevorshop.lv\/lv\/wp-json\/wp\/v2\/location?post=46546"},{"taxonomy":"product_brand","embeddable":true,"href":"https:\/\/vevorshop.lv\/lv\/wp-json\/wp\/v2\/product_brand?post=46546"},{"taxonomy":"product_cat","embeddable":true,"href":"https:\/\/vevorshop.lv\/lv\/wp-json\/wp\/v2\/product_cat?post=46546"},{"taxonomy":"product_tag","embeddable":true,"href":"https:\/\/vevorshop.lv\/lv\/wp-json\/wp\/v2\/product_tag?post=46546"}],"curies":[{"name":"wp","href":"https:\/\/api.w.org\/{rel}","templated":true}]}}