{"id":48558,"date":"2024-11-19T15:20:15","date_gmt":"2024-11-19T15:20:15","guid":{"rendered":"http:\/\/vevorshop.edigo.lv\/Prece\/vevor-203-2mm-inline-duct-fan-hvac-exhaust-blower-kit-ac-variable-speed-control\/"},"modified":"2026-02-26T23:15:24","modified_gmt":"2026-02-26T21:15:24","slug":"vevor-203-2mm-inline-duct-fan-hvac-exhaust-blower-kit-ac-variable-speed-control","status":"publish","type":"product","link":"https:\/\/vevorshop.lv\/lv\/Prece\/vevor-203-2mm-inline-kanala-ventilators-hvac-izpludes-ventilatoru-komplekts-ac-mainiga-atruma-kontrole\/","title":{"rendered":"VEVOR 203mm kan\u0101la ventilators ar \u0101truma regulatoru, 860 m\u00b3\/h kluss AC motors ventil\u0101cijai siltumn\u012bc\u0101m, hidroponikai"},"content":{"rendered":"<div style=\"color: #fff!important; font-size: 16px; height: 24px; line-height: 24px; margin-top: -24px; \" class=\"product_original_name\">VEVOR Inline Kan\u0101la ventilators, 203.2mm 506.2 CFM ar main\u012bga \u0101truma kontrolieri, kluss mai\u0146str\u0101vas-motora ventil\u0101cijas izpl\u016bdes ventilators dzes\u0113\u0161anas pastiprin\u0101t\u0101jam, audz\u0113\u0161anas teltis, hidroponika<\/div>\n<div style=\"color: #fff!important; font-size: 16px; height: 24px; line-height: 24px; margin-top: -24px; \" class=\"product_sku\">M4I4LPRP<\/div>\n<div style=\"color: #fff!important; font-size: 16px; height: 24px; line-height: 24px; margin-top: -24px; \" class=\"product_mpn\">XLGDFJYCHSAC845CBV2<\/div><div id=\"js-DM_at-goodDescRich\"><html><head><style>  body {    font-family: Arial;    line-height: 1.5;    color: #1c1c1c;    overflow-x: hidden;    margin: 0;    padding: 0;  }  .MsoNormal b {    font-weight: bolder;  }<\/style><style>  .container.small {    width: 970px;    margin: 0 auto;  }  .logo {    margin: 0 auto 0;  }  .logo img {    display: block;    margin: 0 auto;    max-width: 100%;  }  .logo .pc-banner {    display: block;    width: 1200px;    height: 247.4px;    margin: 0 auto;  }  .logo .pc-banner.small {    width: 970px;  }  .logo .pc-banner.small img {    height: auto!important;  }  .logo .m-banner {    display: none;  }  .ytvideo {    position: relative;    height: 546px;    width: 100%;    margin: 0 auto;  }  .ytvideo img {    width: 100%;    margin: 0 auto;  }  .ytvideo .play-btn {    width: 60px;    height: 42px;    position: absolute;    top: 50%;    left: 50%;    transform: translate(-50%, -50%);    background: url(\"data:image\/png;base64,iVBORw0KGgoAAAANSUhEUgAAAGQAAABGCAMAAAANWMFbAAAC+lBMVEUAAADBGB3kLCfBGB3kLCfcJC7BFx3KKSbiKybkLCbWJCPSIiLSIiLPICHAFx3kLCfgKSXNHiDZJiTIGx\/p4eHcjo7LHSDbJyTkLCbjKyfOHyHPIiL28fHJHB\/GGh7EGR7eKCXDGB3RISHlLSbBGB3AFxzGHB7DGB7BGB3hKybkKybAFx3lLCfAFxzDGR3hKibDGB7cJyTmz8\/elJTlwcHjurrUIyLlLSflLSfAFx3DGR7lLSfCFx3hKibhKibhKybjKybkLCblLSfbJSX49vbx7e3NNzjNMTLMJyjVIyLZf3\/ZQ0LaeHjx0tLgoqLkLCfCGB3HGx\/BGB3BFx3PICHCGB7WJCLOHyC\/Fxy\/Fx3lLCfQISHkLSe\/FxzbJiTBFx3FGx\/AGB7BFx3EGR7AGB3HHSDfKiXAFh3TISHYNzbhKibbJyTTIiL57e325+f039\/v2NjUV1fOHiHiqanfmprch4feKSXVIyPOICHmLibFGh\/mLSe\/Fx7XJCPeKSXXJSPNHyHaJyTGGh7lLCbmLCflLSjSIiLkLCbdKSXLHiC\/GB3KHh++Fh3lKyfoLiXcKCPkx8fYb2\/XaGfVXl3aU1LLHiDksbHgKibPICHbJyTfKSXbJyTCGB3KHSDiKybFGh7TIiL\/\/\/\/VIyPRISHIHB\/GGx\/HHB\/DGR7gKibdKCXLHiDZJiTMHiDNHyHYJSTOICHPICHWJCPcKCXXJSPjLCblLCf+\/f3NGR\/uLijzLynPGR\/IGB7WISHaIyLLGh7UAADxLynNAADRLzDbICLQAADIAAD3MCrUHSHXMTDpKSbLAADp5OTij4\/ejo\/VLy\/1LyngJSTcJCPQHx\/OHB7+\/PzaMS\/OLS\/vLijrLSjSAADaNTPwLyjkKSbNJCbYISHPHB\/KGB7WAAD7+vrn3d3aKynTKCjoLCfsKifRGh\/YAADq5+fhjo7QNDXXKCfmJyXt5+fTLzDLLi\/QKivYHRvMGBrQJCXLISPMExXLDxLaEAvkkI\/bOTfaFQ\/SCgpvLcnHAAAAmnRSTlMA+vv7+gT9Bvf9+8z8\/NSv\/Pr5+P7++vnQIBMP\/v38\/Pn348XDiCYf9OjbzcqxXVcx\/fz8+\/rj1r2poo1+fXFqX0orGP7+\/v7+\/fz8+\/r68uzn4trIxsG\/vri3p6GcmZSNbWVYUUZEPQv+\/f39+\/v7+\/v7+vr64tvV1NTTz87FtbSurqeblJKFg4B3bUY+NjL7+\/v7+\/v67t1cDo8JLQAABkRJREFUWMO0kz9rwkAYh0OIeJkum6YugUAhISCdKoj\/P4C7SMdS+gEKIhSKil10LSg4mzXkILdlEpxCpwTiWOLX6BujvQaEQuGeHLnL+\/64J+SIcKGYTYWnntpdLjrVdqvZmNdn0+EE40GtpuuWVS6Xx6N7YDSGpWXpeq02wHgynM7q80az1a52HpddtVcpsi1zFARBrdaxbhp9iUReTGmwA4KAAr7vx3EYejnCMI6hQYEgy0LQi4jUN0wL19vqFcUC9\/1dAKmEEFkWRYkh5oBejnxQJiSJPJ\/uKBp0Thszx9Mw8hMRIQjKsptCfuES9zr5WJY6vSFCIvE9fCMUmEM1A1kSXcYGxgVYsvI1IPKTZciSTI0us\/SMGG04gDzELDoFBwdcFJrF88dqgYMTiL6DILWYyfOWE8\/kIz38olCNlC03FK95+imxp6y4oUSvAnBjHHhKNtotSDqJzVFiK8c2SBqhZtsrTtgrLXwAyduxZHNE26eHUt5rtuM4WSmds3G+sUdWYo1L+XyxButoh5eKUHk5lByO3G1LqqCWVnfrv\/lyPtf\/4ps1cndNGIri8J1TJ0lx6dR\/oPjq1nbRwdp2dCk4CtIOLW3pVKRL6WZfS5vF2KkIQhpwSsjiYIgNCs1gEMGqiIq24NQX9NwoXFy8Ufrl3twTcg4fv8T9\/JBEySduj6Mjm4bMzYV7EEOxKjjoNDud7yY3Dy71Hq2oLmqfbNR723edH9PgMrNL2utoQ3VmaIDkiw\/4w51P06hlZsTZvkRrbVuSIs\/zwSOsycgzStQouoAkWQqioRT5XI7n2Z1wfVhoZmcAJLsoqjqpjbWCgpOAJXBwHK8PzWbNvoUZJND5wCnSkLAkZ1legx6vqQzjoiTahKlGUGLAiIIoABOHaNVw4sexZBym6\/HWlH5h3IC7yRbxtipcWxdTOkORKiNQAEkFf66x5S2oeRbroOlLgg0sSYkR0hRGEqJZ0jTPiQKatESdBckpWigxaapEH0lImHdWu9pUFF2XqMNM2Z4kped7IwEJw2qabwtrQqnpw6HyKkgcadKWsmpywwesDyIhYRpdzXddqegtGIJlXbAIUMOLkGxJUjRIkokwjUaX9d\/kK62ps\/tYUqZLIMkLTyBhsMZ3C5Z\/kDxOSCb\/DOs\/\/J0qcWSX\/2ipe56EgTCA4\/cB7NAYOsni4mZM1MUPAISoEwkDi4lhVBQ1cWQyIcwalw4EpqZN68JUSK7XC0kTlkLYii5uXSC8jT5ncCAS7mjCv0uHp\/3lueHEEAeQ\/\/VgmdN71\/2uCSA1Xr6DO6uI6sW56zqT2tp2PhgiRUAajV8CY2fkcz6WGNKMgLAt7tJAhD4YHMTeRxlALE6+43WqjSWi8ITxyJl8WrwWSNESQZZOqhDDntO3hJLsd5RtSpbJqdv3YrDJH3F7jL1R2O2aQkn2MyCyKYz0GPGIvSAMgBCrCEiJyKbBaYGwLW4uPRr0A0M4Ux5kUI7IBh+hMdiCEWNqhMZGyYMsOgNE58UQuEQeUnSWCMYwL54hkxK6IoqucQZbQ3pc3XtL0lky1dL0zZJJDpWJovFqpWj6JEHnyam2eQp5QRVAVHjWparTOaVwUOx99YS2MvgxIGV0bb+qIg2HX2qkFFJB+XZcbLiuRkuxD9GRroKyveLxdh4d7Orx+hb7qc3uVRuEogCOnyIxm4ubUoPgF4jianDrC+SDQDKEfJb0GUKmjCGPYHGJvVC6X4hw1\/sAfQAdfYyephIaspXe36RwOP+Ljvfx9B6B3i+Nk0DGq+oCbLn6JpBa9nWAveAIHwFAwtVcIJXPMPL8kRu5OAYPMaL1WScTxjiZDqB9LTJSWphow\/pTYKRTLjCBhvi9iBidvKcDasGSm0QQkycYuLBqj6QCELPctqChDWpTRMWkngNNpQ1Pfp1KkiT\/Y0DGffXAweUNfLAfaJFKDwhb6I+bkYRbkERoEeu3Fyjg2opMz2daZCS9jt6Q7txNfB+OZEVF6Zl5web2xunnLQrtrjXseXKaFYziYINeMFZVxS9VxRhOoesYwxPKXm+gWLG9cuFeq93UNNeJNsf1KlwuDok9n02n3TgIJpOxNfL9naIoQwXtfH9kjceTIIi709ncTg6LZbg+biLH1V6u\/7rxBem06VXKn9raAAAAAElFTkSuQmCC\")      no-repeat center center \/ contain;  }  @media screen and (max-width: 960px) and (orientation: portrait) {    .logo {      width: 100%;    }    .logo .pc-banner {      display: none;    }    .logo .m-banner {      display: block;      width: 100%;    }    .logo .m-banner img {      height: auto!important;    }    .ytvideo {      height: 200px;      width: 100%;    }  }<\/style><style>  .video-section {    width: 100%;    margin: 0 auto;  }  .video-section > img {    width: 100%;  }  .video-section iframe,  .video-section video {    width: 100%;    height: 100%;      }  .video-section-img-m,  .video-section-img-pc > img {    width: 100%;    height: auto;  }  .video-section-img-pc.small > img {    width: 970px;  }  .video-desc {    line-height: 1.5;    font-size: 20px;    font-weight: 400;    margin: 20px 0;    text-align: center;    color: #0f1111;    word-break: break-word;  }  @media screen and (max-width: 960px) and (orientation: portrait) {    .video-section {      width: 100%;    }    .video-section-pc,    .video-section-img-pc {      display: none;    }    .video-section-m,    .video-section-img-m {      display: block;    }    .video-desc {      font-size: 15px;    }  }  @media screen and (min-width: 960px) {    .video-section {      width: 100%;      margin: 0 auto;    }    .video-section-pc,    .video-section-img-pc {      display: block;    }    .video-section-m,    .video-section-img-m {      display: none;    }    .video-desc {      font-size: 20px;    }  }<\/style><style>  .section + .section {    margin-top: 35px;  }  .section-title {    text-align: center;    font-weight: bold;    color: #0d1111;    font-family: \"Arial\";    font-size: 32px;    margin: 15px 0;  }  .section-title:empty {    display: none;  }  .section-desc {    text-align: center;    font-weight: normal;    color: #0d1111;    margin-top: 20px;  }  .section-desc:empty {    display: none;  }  .section-img {    width: 1200px;    height: 492px;    margin: 0 auto;    display: block;  }  .section-img.small {    width: 970px;    height: auto;  }  .section-img.small > img {    height: auto;  }  .section-img > img {    width: 100%;    height: 100%;  }  .section-mobile-img {    display: none;    max-width: 100vw;    max-height: 75vw;    height: 450px;    margin: 0 auto;  }  .section-mobile-img > img {    width: 100%;    height: 100%;  }  @media screen and (max-width: 960px) and (orientation: portrait) {    .container {      width: 100%;    }    .container.small {      width: 100%;    }    .section-mobile-img {      display: block;    }    .section-img {      display: none;    }    .section-title {      font-size: 22px;      margin: 10px 0;    }    .section-desc {      margin-top: 10px;    }    .section + .section {      margin-top: 20px;    }  }<\/style><\/head><body><div class=\"container small\"><div class=\"logo\"><div class=\"pc-banner small\"><div><img decoding=\"async\" src=\"\/vevor\/vevor\/boutique-banner\/pc\/en-pc@1x.jpg\" style=\"width: 100%;\" \/><\/div><\/div><div class=\"m-banner\"><div><img decoding=\"async\" src=\"\/vevor\/vevor\/boutique-banner\/mobile\/en-m@1x.jpg\" style=\"width: 100%;\" \/><\/div><\/div><\/div><div class=\"section-title\">Palieliniet gaisa pl\u016bsmu ar m\u016bsu ieb\u016bv\u0113to kan\u0101la ventilatoru!<\/div><div class=\"video-section\"><div class=\"video-section-img-pc small\"><img decoding=\"async\" src=\"\" \/><\/div><div class=\"video-section-img-m\"><img decoding=\"async\" src=\"\" \/><\/div><div class=\"section-desc\">Vai esat gatavs svaiga gaisa elpu? Nu, dzi\u013ci ieelpojiet un nostipriniet sevi! VEVOR ieb\u016bv\u0113tais kan\u0101la ventilators ir apr\u012bkots ar \u0101trgaitas t\u012bra vara motoru, nodro\u0161inot lielu gaisa daudzumu, lai nodro\u0161in\u0101tu pietiekamu ventil\u0101ciju. Tam ir bezvibr\u0101cijas gumijas pakl\u0101ji, lai samazin\u0101tu troksni.<\/div><\/div><div class=\"section\"><div class=\"section-title\"><\/div><div class=\"section-img small\"><img decoding=\"async\" src=\"\" \/><\/div><div class=\"section-mobile-img\"><img decoding=\"async\" src=\"\" \/><\/div><div class=\"section-desc\">Sl\u012bpais kan\u0101la ventilators uzlabo gaisa cirkul\u0101ciju telp\u0101, veicinot gaisa pl\u016bsmu. Tas samazina mitruma l\u012bmeni, vienlaikus likvid\u0113jot smakas.<\/div><\/div><div class=\"section\"><div class=\"section-title\"><\/div><div class=\"section-img small\"><img decoding=\"async\" src=\"\" \/><\/div><div class=\"section-mobile-img\"><img decoding=\"async\" src=\"\" \/><\/div><div class=\"section-desc\">Apr\u012bkots ar \u0101trgaitas motoru, tam ir ilgs kalpo\u0161anas laiks \u2013 3 gadi. J\u016bs varat pa\u013cauties uz t\u0101 jaudu un kvalit\u0101ti, neuztraucoties par veiktsp\u0113jas probl\u0113m\u0101m vai boj\u0101jumiem.<\/div><\/div><div class=\"section\"><div class=\"section-title\"><\/div><div class=\"section-img small\"><img decoding=\"async\" src=\"\" \/><\/div><div class=\"section-mobile-img\"><img decoding=\"async\" src=\"\" \/><\/div><div class=\"section-desc\">Uztur\u0113t svaigu gaisu visu nakti ar savu kluso darb\u012bbu Tas netrauc\u0113s j\u016bsu miegu, nodro\u0161inot mier\u012bgu vidi, vienlaikus nodro\u0161inot nep\u0101rtrauktu gaisa pl\u016bsmu.<\/div><\/div><div class=\"section\"><div class=\"section-title\"><\/div><div class=\"section-img small\"><img decoding=\"async\" src=\"\" \/><\/div><div class=\"section-mobile-img\"><img decoding=\"async\" src=\"\" \/><\/div><div class=\"section-desc\">Piel\u0101gojiet ventilatora \u0101trumu atbilsto\u0161i sav\u0101m vajadz\u012bb\u0101m, izmantojot tr\u012bs prec\u012bzi noregul\u0113tus iestat\u012bjumus: augstu, vid\u0113ju un zemu. \u0160\u012b elast\u012bba nodro\u0161ina komfortu ikvienam j\u016bsu m\u0101j\u0101s.<\/div><\/div><div class=\"section\"><div class=\"section-img small\"><img decoding=\"async\" src=\"\" \/><\/div><div class=\"section-mobile-img\"><img decoding=\"async\" src=\"\" \/><\/div><\/div><\/div><\/body><\/html><\/div>\n<div class=\"DM_at-title\" id=\"js-DM_at-title\"> <div>Produkta specifik\u0101cija<\/div> <i class=\"icon-arrowup_line\"><\/i> <\/div><div class=\"DM_at-goodsDescAttr\" id=\"js-DM_at-goodsDescAttr\"> <div class=\"DM_at-goodsDescAttrInner\"> <dl class=\"goodsDesc_item goodsDesc_item_even\"> <dt>Modelis<\/dt> <dd> GX-08-200<\/dd> <\/dl> <dl class=\"goodsDesc_item\"> <dt>Spriegums\/frekvence<\/dt> <dd> Mai\u0146str\u0101va 220\u2013240 V, 50 Hz<\/dd> <\/dl> <dl class=\"goodsDesc_item goodsDesc_item_even\"> <dt>Motora Tips<\/dt> <dd> Vara motors<\/dd> <\/dl> <dl class=\"goodsDesc_item\"> <dt>Nomin\u0101l\u0101 Jauda<\/dt> <dd> 126 W<\/dd> <\/dl> <dl class=\"goodsDesc_item goodsDesc_item_even\"> <dt>Gaisa pl\u016bsma<\/dt> <dd> 750 kubikp\u0113das min\u016bt\u0113<\/dd> <\/dl> <dl class=\"goodsDesc_item\"> <dt>Ventilatora \u0101trums<\/dt> <dd> 2500 apgr.\/min<\/dd> <\/dl> <dl class=\"goodsDesc_item goodsDesc_item_even\"> <dt>Gaisa spiediens<\/dt> <dd> 320 Pa<\/dd> <\/dl> <dl class=\"goodsDesc_item\"> <dt>Trok\u0161\u0146a l\u012bmenis<\/dt> <dd> \u2264 50 dB (aptuveni 38 dB)<\/dd> <\/dl> <dl class=\"goodsDesc_item goodsDesc_item_even\"> <dt>Preces izm\u0113rs (G x P x A)<\/dt> <dd> 12 x 9,3 x 11 collas \/ 303 x 235 x 280 mm<\/dd> <\/dl> <dl class=\"goodsDesc_item\"> <dt>Postenis Svars<\/dt> <dd> 6,8 m\u0101rci\u0146as \/ 3,08 kg<\/dd> <\/dl> <\/div> <\/div>","protected":false},"excerpt":{"rendered":"<ul>\n<li> Univers\u0101ls pielietojums: Dzi\u013ci ieelpojiet un atp\u016btieties. M\u016bsu ieb\u016bv\u0113tais kan\u0101la ventilators ir \u012bpa\u0161i izstr\u0101d\u0101ts k\u0101 siltuma, mitruma un d\u016bmu nos\u016bces ventilators, uzlabojot gaisa pl\u016bsmu gaisa st\u0101d\u012b\u0161anas telt\u012bs, hidroponikas st\u0101d\u012b\u0161anas telp\u0101s, elektronisko iek\u0101rtu telp\u0101s, virtuv\u0113s, pagrabos utt. Gatavojieties pl\u016bsmai. Gaisa tilpums: 860 m\u00b3\/h (506,2 CFM) \u00b110%. \u0100trums: 2150 apgr.\/min \u00b110%. <\/li>\n<li> Atbr\u012bvojieties no raiz\u0113m: m\u016bsu ieb\u016bv\u0113tie ventilatori nodro\u0161ina pietiekamu gaisa pl\u016bsmu, kas ir pietiekama pla\u0161u ventil\u0101ciju un mitruma samazin\u0101\u0161anu, visu laiku uzturot t\u012bra un svaiga gaisa cirkul\u0101ciju saus\u0101 vid\u0113. P\u0101r\u0146emiet jebkuras vides kontroli konfidenci\u0101li. <\/li>\n<li> Jauda klusum\u0101: Vai esat noguris no ska\u013ciem, nepat\u012bkamiem gaisa vadiem? Gatavojieties str\u0101d\u0101t klusum\u0101! M\u016bsu ieb\u016bv\u0113tais nos\u016bces ventilators ir apr\u012bkots ar augstas kvalit\u0101tes mai\u0146str\u0101vas motoru, kas nodro\u0161ina lielu jaudu ar zemu 45 dB trok\u0161\u0146a l\u012bmeni, kas netrauc\u0113s j\u016bsu darbu un dz\u012bvi. Vienlaikus motors ietaupa par 30% ener\u0123ijas pat\u0113ri\u0146a, pagarinot t\u0101 kalpo\u0161anas laiku. <\/li>\n<li> J\u016btama kontrole: Vai v\u0113laties jebkur\u0101 laik\u0101 ieg\u016bt da\u017e\u0101dus gaisa pl\u016bsmas \u0101trumus, lai pan\u0101ktu lab\u0101ku ventil\u0101cijas efektu, vienlaikus saglab\u0101jot kontroli? M\u016bsu ieb\u016bv\u0113to gaisa vada ventilatoru var vad\u012bt ar manu\u0101laj\u0101m pog\u0101m. J\u016bs varat piel\u0101got \u0101trumu, lai tas atbilstu da\u017e\u0101du vidi ventil\u0101cijas vajadz\u012bb\u0101m. Ko j\u016bs gaid\u0101t? Dodieties pl\u016bsmai l\u012bdzi! <\/li>\n<li> Viss nepiecie\u0161amais: Lai ietaup\u012btu laiku un iev\u0113rojami samazin\u0101tu izmaksas, m\u0113s nodro\u0161in\u0101m vibr\u0101cijas sl\u0101p\u0113\u0161anas gumijas palikt\u0146us un siksnas, lai j\u016bs var\u0113tu \u0101tri pabeigt uzst\u0101d\u012b\u0161anu! J\u016bs kontrol\u0113jat procesu! Izv\u0113lieties starp pakarin\u0101\u0161anu vai mont\u0101\u017eu pie sienas. <\/li>\n<\/ul>","protected":false},"featured_media":316856,"comment_status":"closed","ping_status":"open","template":"","meta":{"om_disable_all_campaigns":false,"_monsterinsights_skip_tracking":false,"_monsterinsights_sitenote_active":false,"_monsterinsights_sitenote_note":"","_monsterinsights_sitenote_category":0,"_uf_show_specific_survey":0,"_uf_disable_surveys":false},"location":[1935,1934],"product_brand":[21],"product_cat":[2527,3238,2627,3240,3239],"product_tag":[],"class_list":{"0":"post-48558","1":"product","2":"type-product","3":"status-publish","4":"has-post-thumbnail","6":"location-supplier_stock_location","7":"location-local_stock_location","8":"product_brand-vevor","9":"product_cat-heating-venting-cooling","10":"product_cat-hvac-accessories","11":"product_cat-hvac-supplies","12":"product_cat-inline-duct-fan-ventilation-equipment","13":"product_cat-ventilation-equipment","15":"first","16":"instock","17":"taxable","18":"shipping-taxable","19":"purchasable","20":"product-type-simple"},"aioseo_notices":[],"jetpack_sharing_enabled":true,"locations":[{"id":1935,"name":"Pieg\u0101d\u0101t\u0101ja noliktav\u0101 (5-7d.d.)","slug":"supplier_stock_location","quantity":"162"},{"id":1934,"name":"R\u012bgas veikal\u0101 (0-2d.d.)","slug":"local_stock_location","quantity":"0"}],"_links":{"self":[{"href":"https:\/\/vevorshop.lv\/lv\/wp-json\/wp\/v2\/product\/48558","targetHints":{"allow":["GET"]}}],"collection":[{"href":"https:\/\/vevorshop.lv\/lv\/wp-json\/wp\/v2\/product"}],"about":[{"href":"https:\/\/vevorshop.lv\/lv\/wp-json\/wp\/v2\/types\/product"}],"replies":[{"embeddable":true,"href":"https:\/\/vevorshop.lv\/lv\/wp-json\/wp\/v2\/comments?post=48558"}],"wp:featuredmedia":[{"embeddable":true,"href":"https:\/\/vevorshop.lv\/lv\/wp-json\/wp\/v2\/media\/316856"}],"wp:attachment":[{"href":"https:\/\/vevorshop.lv\/lv\/wp-json\/wp\/v2\/media?parent=48558"}],"wp:term":[{"taxonomy":"location","embeddable":true,"href":"https:\/\/vevorshop.lv\/lv\/wp-json\/wp\/v2\/location?post=48558"},{"taxonomy":"product_brand","embeddable":true,"href":"https:\/\/vevorshop.lv\/lv\/wp-json\/wp\/v2\/product_brand?post=48558"},{"taxonomy":"product_cat","embeddable":true,"href":"https:\/\/vevorshop.lv\/lv\/wp-json\/wp\/v2\/product_cat?post=48558"},{"taxonomy":"product_tag","embeddable":true,"href":"https:\/\/vevorshop.lv\/lv\/wp-json\/wp\/v2\/product_tag?post=48558"}],"curies":[{"name":"wp","href":"https:\/\/api.w.org\/{rel}","templated":true}]}}