{"id":49268,"date":"2024-11-19T16:04:05","date_gmt":"2024-11-19T16:04:05","guid":{"rendered":"http:\/\/vevorshop.edigo.lv\/Prece\/vevor-gun-safe-rifle-safe-with-fingerprint-lock-for-5-rifles-and-4-pistols\/"},"modified":"2026-04-07T05:21:15","modified_gmt":"2026-04-07T02:21:15","slug":"vevor-gun-safe-rifle-safe-with-fingerprint-lock-for-5-rifles-and-4-pistols","status":"publish","type":"product","link":"https:\/\/vevorshop.lv\/lv\/Prece\/vevor-ierocu-seifs-sautenu-seifs-ar-pirkstu-nospiedumu-sledzeni-5-sautenem-un-4-pistolem\/","title":{"rendered":"VEVOR Seifs 5 \u0160auten\u0113m ar Pirkstu Nospiedumu Sl\u0113dzeni, LED Apgaismojumu, No\u0146emamu Plauktu, Pistoles Tur\u0113t\u0101ju un Mun\u012bcijas Glab\u0101tuvi"},"content":{"rendered":"<div style=\"color: #fff!important; font-size: 16px; height: 24px; line-height: 24px; margin-top: -24px; \" class=\"product_original_name\">VEVOR 5 Rifles Gun Safe, Rifle Safe with Fingerprint Lock, Quick Access Gun Storage Cabinet for Shotguns with Removable Shelf, Pistol Rack, Ammo Storage Box for Home Long Gun and Pistols<\/div>\n<div style=\"color: #fff!important; font-size: 16px; height: 24px; line-height: 24px; margin-top: -24px; \" class=\"product_sku\">M4I4LQRC<\/div>\n<div style=\"color: #fff!important; font-size: 16px; height: 24px; line-height: 24px; margin-top: -24px; \" class=\"product_mpn\">ZQJBDSX5ZZWYML6AZV9<\/div><div id=\"js-DM_at-goodDescRich\"><html><head><style>  body {    font-family: Arial;    line-height: 1.5;    color: #1c1c1c;    overflow-x: hidden;    margin: 0;    padding: 0;  }  .MsoNormal b {    font-weight: bolder;  }<\/style><style>  .container.small {    width: 970px;    margin: 0 auto;  }  .logo {    margin: 0 auto 0;  }  .logo img {    display: block;    margin: 0 auto;    max-width: 100%;  }  .logo .pc-banner {    display: block;    width: 1200px;    height: 247.4px;    margin: 0 auto;  }  .logo .pc-banner.small {    width: 970px;  }  .logo .pc-banner.small img {    height: auto!important;  }  .logo .m-banner {    display: none;  }  .ytvideo {    position: relative;    height: 546px;    width: 100%;    margin: 0 auto;  }  .ytvideo img {    width: 100%;    margin: 0 auto;  }  .ytvideo .play-btn {    width: 60px;    height: 42px;    position: absolute;    top: 50%;    left: 50%;    transform: translate(-50%, -50%);    background: url(\"data:image\/png;base64,iVBORw0KGgoAAAANSUhEUgAAAGQAAABGCAMAAAANWMFbAAAC+lBMVEUAAADBGB3kLCfBGB3kLCfcJC7BFx3KKSbiKybkLCbWJCPSIiLSIiLPICHAFx3kLCfgKSXNHiDZJiTIGx\/p4eHcjo7LHSDbJyTkLCbjKyfOHyHPIiL28fHJHB\/GGh7EGR7eKCXDGB3RISHlLSbBGB3AFxzGHB7DGB7BGB3hKybkKybAFx3lLCfAFxzDGR3hKibDGB7cJyTmz8\/elJTlwcHjurrUIyLlLSflLSfAFx3DGR7lLSfCFx3hKibhKibhKybjKybkLCblLSfbJSX49vbx7e3NNzjNMTLMJyjVIyLZf3\/ZQ0LaeHjx0tLgoqLkLCfCGB3HGx\/BGB3BFx3PICHCGB7WJCLOHyC\/Fxy\/Fx3lLCfQISHkLSe\/FxzbJiTBFx3FGx\/AGB7BFx3EGR7AGB3HHSDfKiXAFh3TISHYNzbhKibbJyTTIiL57e325+f039\/v2NjUV1fOHiHiqanfmprch4feKSXVIyPOICHmLibFGh\/mLSe\/Fx7XJCPeKSXXJSPNHyHaJyTGGh7lLCbmLCflLSjSIiLkLCbdKSXLHiC\/GB3KHh++Fh3lKyfoLiXcKCPkx8fYb2\/XaGfVXl3aU1LLHiDksbHgKibPICHbJyTfKSXbJyTCGB3KHSDiKybFGh7TIiL\/\/\/\/VIyPRISHIHB\/GGx\/HHB\/DGR7gKibdKCXLHiDZJiTMHiDNHyHYJSTOICHPICHWJCPcKCXXJSPjLCblLCf+\/f3NGR\/uLijzLynPGR\/IGB7WISHaIyLLGh7UAADxLynNAADRLzDbICLQAADIAAD3MCrUHSHXMTDpKSbLAADp5OTij4\/ejo\/VLy\/1LyngJSTcJCPQHx\/OHB7+\/PzaMS\/OLS\/vLijrLSjSAADaNTPwLyjkKSbNJCbYISHPHB\/KGB7WAAD7+vrn3d3aKynTKCjoLCfsKifRGh\/YAADq5+fhjo7QNDXXKCfmJyXt5+fTLzDLLi\/QKivYHRvMGBrQJCXLISPMExXLDxLaEAvkkI\/bOTfaFQ\/SCgpvLcnHAAAAmnRSTlMA+vv7+gT9Bvf9+8z8\/NSv\/Pr5+P7++vnQIBMP\/v38\/Pn348XDiCYf9OjbzcqxXVcx\/fz8+\/rj1r2poo1+fXFqX0orGP7+\/v7+\/fz8+\/r68uzn4trIxsG\/vri3p6GcmZSNbWVYUUZEPQv+\/f39+\/v7+\/v7+vr64tvV1NTTz87FtbSurqeblJKFg4B3bUY+NjL7+\/v7+\/v67t1cDo8JLQAABkRJREFUWMO0kz9rwkAYh0OIeJkum6YugUAhISCdKoj\/P4C7SMdS+gEKIhSKil10LSg4mzXkILdlEpxCpwTiWOLX6BujvQaEQuGeHLnL+\/64J+SIcKGYTYWnntpdLjrVdqvZmNdn0+EE40GtpuuWVS6Xx6N7YDSGpWXpeq02wHgynM7q80az1a52HpddtVcpsi1zFARBrdaxbhp9iUReTGmwA4KAAr7vx3EYejnCMI6hQYEgy0LQi4jUN0wL19vqFcUC9\/1dAKmEEFkWRYkh5oBejnxQJiSJPJ\/uKBp0Thszx9Mw8hMRIQjKsptCfuES9zr5WJY6vSFCIvE9fCMUmEM1A1kSXcYGxgVYsvI1IPKTZciSTI0us\/SMGG04gDzELDoFBwdcFJrF88dqgYMTiL6DILWYyfOWE8\/kIz38olCNlC03FK95+imxp6y4oUSvAnBjHHhKNtotSDqJzVFiK8c2SBqhZtsrTtgrLXwAyduxZHNE26eHUt5rtuM4WSmds3G+sUdWYo1L+XyxButoh5eKUHk5lByO3G1LqqCWVnfrv\/lyPtf\/4ps1cndNGIri8J1TJ0lx6dR\/oPjq1nbRwdp2dCk4CtIOLW3pVKRL6WZfS5vF2KkIQhpwSsjiYIgNCs1gEMGqiIq24NQX9NwoXFy8Ufrl3twTcg4fv8T9\/JBEySduj6Mjm4bMzYV7EEOxKjjoNDud7yY3Dy71Hq2oLmqfbNR723edH9PgMrNL2utoQ3VmaIDkiw\/4w51P06hlZsTZvkRrbVuSIs\/zwSOsycgzStQouoAkWQqioRT5XI7n2Z1wfVhoZmcAJLsoqjqpjbWCgpOAJXBwHK8PzWbNvoUZJND5wCnSkLAkZ1legx6vqQzjoiTahKlGUGLAiIIoABOHaNVw4sexZBym6\/HWlH5h3IC7yRbxtipcWxdTOkORKiNQAEkFf66x5S2oeRbroOlLgg0sSYkR0hRGEqJZ0jTPiQKatESdBckpWigxaapEH0lImHdWu9pUFF2XqMNM2Z4kped7IwEJw2qabwtrQqnpw6HyKkgcadKWsmpywwesDyIhYRpdzXddqegtGIJlXbAIUMOLkGxJUjRIkokwjUaX9d\/kK62ps\/tYUqZLIMkLTyBhsMZ3C5Z\/kDxOSCb\/DOs\/\/J0qcWSX\/2ipe56EgTCA4\/cB7NAYOsni4mZM1MUPAISoEwkDi4lhVBQ1cWQyIcwalw4EpqZN68JUSK7XC0kTlkLYii5uXSC8jT5ncCAS7mjCv0uHp\/3lueHEEAeQ\/\/VgmdN71\/2uCSA1Xr6DO6uI6sW56zqT2tp2PhgiRUAajV8CY2fkcz6WGNKMgLAt7tJAhD4YHMTeRxlALE6+43WqjSWi8ITxyJl8WrwWSNESQZZOqhDDntO3hJLsd5RtSpbJqdv3YrDJH3F7jL1R2O2aQkn2MyCyKYz0GPGIvSAMgBCrCEiJyKbBaYGwLW4uPRr0A0M4Ux5kUI7IBh+hMdiCEWNqhMZGyYMsOgNE58UQuEQeUnSWCMYwL54hkxK6IoqucQZbQ3pc3XtL0lky1dL0zZJJDpWJovFqpWj6JEHnyam2eQp5QRVAVHjWparTOaVwUOx99YS2MvgxIGV0bb+qIg2HX2qkFFJB+XZcbLiuRkuxD9GRroKyveLxdh4d7Orx+hb7qc3uVRuEogCOnyIxm4ubUoPgF4jianDrC+SDQDKEfJb0GUKmjCGPYHGJvVC6X4hw1\/sAfQAdfYyephIaspXe36RwOP+Ljvfx9B6B3i+Nk0DGq+oCbLn6JpBa9nWAveAIHwFAwtVcIJXPMPL8kRu5OAYPMaL1WScTxjiZDqB9LTJSWphow\/pTYKRTLjCBhvi9iBidvKcDasGSm0QQkycYuLBqj6QCELPctqChDWpTRMWkngNNpQ1Pfp1KkiT\/Y0DGffXAweUNfLAfaJFKDwhb6I+bkYRbkERoEeu3Fyjg2opMz2daZCS9jt6Q7txNfB+OZEVF6Zl5web2xunnLQrtrjXseXKaFYziYINeMFZVxS9VxRhOoesYwxPKXm+gWLG9cuFeq93UNNeJNsf1KlwuDok9n02n3TgIJpOxNfL9naIoQwXtfH9kjceTIIi709ncTg6LZbg+biLH1V6u\/7rxBem06VXKn9raAAAAAElFTkSuQmCC\")      no-repeat center center \/ contain;  }  @media screen and (max-width: 960px) and (orientation: portrait) {    .logo {      width: 100%;    }    .logo .pc-banner {      display: none;    }    .logo .m-banner {      display: block;      width: 100%;    }    .logo .m-banner img {      height: auto!important;    }    .ytvideo {      height: 200px;      width: 100%;    }  }<\/style><style>  .video-section {    width: 100%;    margin: 0 auto;  }  .video-section > img {    width: 100%;  }  .video-section iframe,  .video-section video {    width: 100%;    height: 100%;      }  .video-section-img-m,  .video-section-img-pc > img {    width: 100%;    height: auto;  }  .video-section-img-pc.small > img {    width: 970px;  }  .video-desc {    line-height: 1.5;    font-size: 20px;    font-weight: 400;    margin: 20px 0;    text-align: center;    color: #0f1111;    word-break: break-word;  }  @media screen and (max-width: 960px) and (orientation: portrait) {    .video-section {      width: 100%;    }    .video-section-pc,    .video-section-img-pc {      display: none;    }    .video-section-m,    .video-section-img-m {      display: block;    }    .video-desc {      font-size: 15px;    }  }  @media screen and (min-width: 960px) {    .video-section {      width: 100%;      margin: 0 auto;    }    .video-section-pc,    .video-section-img-pc {      display: block;    }    .video-section-m,    .video-section-img-m {      display: none;    }    .video-desc {      font-size: 20px;    }  }<\/style><style>  .section + .section {    margin-top: 35px;  }  .section-title {    text-align: center;    font-weight: bold;    color: #0d1111;    font-family: \"Arial\";    font-size: 32px;    margin: 15px 0;  }  .section-title:empty {    display: none;  }  .section-desc {    text-align: center;    font-weight: normal;    color: #0d1111;    margin-top: 20px;  }  .section-desc:empty {    display: none;  }  .section-img {    width: 1200px;    height: 492px;    margin: 0 auto;    display: block;  }  .section-img.small {    width: 970px;    height: auto;  }  .section-img.small > img {    height: auto;  }  .section-img > img {    width: 100%;    height: 100%;  }  .section-mobile-img {    display: none;    max-width: 100vw;    max-height: 75vw;    height: 450px;    margin: 0 auto;  }  .section-mobile-img > img {    width: 100%;    height: 100%;  }  @media screen and (max-width: 960px) and (orientation: portrait) {    .container {      width: 100%;    }    .container.small {      width: 100%;    }    .section-mobile-img {      display: block;    }    .section-img {      display: none;    }    .section-title {      font-size: 22px;      margin: 10px 0;    }    .section-desc {      margin-top: 10px;    }    .section + .section {      margin-top: 20px;    }  }<\/style><\/head><body><div class=\"container\"><div class=\"logo\"><div class=\"pc-banner\"><div><img decoding=\"async\" src=\"\/vevor\/vevor\/boutique-banner\/pc\/en-pc@1x.jpg\" style=\"width: 100%;\" \/><\/div><\/div><div class=\"m-banner\"><div><img decoding=\"async\" src=\"\/vevor\/vevor\/boutique-banner\/mobile\/en-m@1x.jpg\" style=\"width: 100%;\" \/><\/div><\/div><\/div><div class=\"section-title\">Paceliet sava \u0161aujamiero\u010da dro\u0161\u012bbu n\u0101kamaj\u0101 l\u012bmen\u012b ar VEVOR iero\u010du seifu!<\/div><div class=\"video-section\"><div class=\"video-section-img-pc\"><img decoding=\"async\" src=\"\/vevor\/product\/ZQJBDSX5ZZWYML6AZ\/gun-safe-a100-1.4.jpg\" alt=\"VEVOR iero\u010du seifs ar aizsardz\u012bbu pret zi\u0146k\u0101ri, paroli, av\u0101rijas atsl\u0113gu, dubultu trauksmes sist\u0113mu un 5 iero\u010du nodal\u012bjumu ietilp\u012bbu.\" \/><\/div><div class=\"video-section-img-m\"><img decoding=\"async\" src=\"\/vevor\/product\/ZQJBDSX5ZZWYML6AZ\/gun-safe-a100-1.4-m.jpg\" alt=\"VEVOR iero\u010du seifs ar aizsardz\u012bbu pret zi\u0146k\u0101ri, paroli, av\u0101rijas atsl\u0113gu, dubultu trauksmes sist\u0113mu un 5 iero\u010du nodal\u012bjumu ietilp\u012bbu.\" \/><\/div><div class=\"section-desc\">Aizsarg\u0101jiet savus m\u012b\u013cotos un v\u0113rt\u012bgos \u0161aujamiero\u010dus ar VEVOR iero\u010du skapi \u2014 lab\u0101ko glab\u0101\u0161anas risin\u0101jumu \u0161aujamiero\u010du \u012bpa\u0161niekiem. Pateicoties t\u0101 uzlabotaj\u0101m dro\u0161\u012bbas funkcij\u0101m un iztur\u012bgajai konstrukcijai, varat pa\u013cauties, ka j\u016bsu \u0161aujamiero\u010di vienm\u0113r ir lab\u0101s rok\u0101s.<\/div><\/div><div class=\"section\"><div class=\"section-title\"><\/div><div class=\"section-img\"><img decoding=\"async\" src=\"\/vevor\/product\/ZQJBDSX5ZZWYML6AZ\/gun-safe-a100-2.2.jpg\" alt=\"VEVOR iero\u010du seifs ar no\u0146emamu plauktu \u0161auten\u0113m, iero\u010du stat\u012bvu 5 iero\u010diem, pisto\u013cu stat\u012bvu un patronu kast\u0113m.\" \/><\/div><div class=\"section-mobile-img\"><img decoding=\"async\" src=\"\/vevor\/product\/ZQJBDSX5ZZWYML6AZ\/gun-safe-a100-2.2-m.jpg\" alt=\"VEVOR iero\u010du seifs ar no\u0146emamu plauktu \u0161auten\u0113m, iero\u010du stat\u012bvu 5 iero\u010diem, pisto\u013cu stat\u012bvu un patronu kast\u0113m.\" \/><\/div><div class=\"section-desc\">M\u016bsu iero\u010du seif\u0101 var uzglab\u0101t l\u012bdz 5 iero\u010diem un vismaz 4 pistoles. No\u0146emamie iero\u010du plaukti nodro\u0161ina elast\u012bgas uzglab\u0101\u0161anas iesp\u0113jas atbilsto\u0161i j\u016bsu main\u012bgaj\u0101m vajadz\u012bb\u0101m. Durvju panel\u012b ir tr\u012bs patronu aptveres, kas nodro\u0161ina pietiekami daudz vietas j\u016bsu arsen\u0101la glab\u0101\u0161anai.<\/div><\/div><div class=\"section\"><div class=\"section-title\"><\/div><div class=\"section-img\"><img decoding=\"async\" src=\"\/vevor\/product\/ZQJBDSX5ZZWYML6AZ\/gun-safe-a100-2.3.jpg\" alt=\"Divvirzienu piek\u013cuves pirkstu nospiedumu un atsl\u0113gas sl\u0113dzene VEVOR iero\u010du seifam ar 0,1 s atpaz\u012b\u0161anu un \u0101r\u0113ju baro\u0161anas bloku.\" \/><\/div><div class=\"section-mobile-img\"><img decoding=\"async\" src=\"\/vevor\/product\/ZQJBDSX5ZZWYML6AZ\/gun-safe-a100-2.3-m.jpg\" alt=\"Divvirzienu piek\u013cuves pirkstu nospiedumu un atsl\u0113gas sl\u0113dzene VEVOR iero\u010du seifam ar 0,1 s atpaz\u012b\u0161anu un \u0101r\u0113ju baro\u0161anas bloku.\" \/><\/div><div class=\"section-desc\">M\u016bsu garais iero\u010du seifs lepojas ar viedu pirkstu nospiedumu sl\u0113dzeni, kas nodro\u0161ina maksim\u0101lu dro\u0161\u012bbu j\u016bsu \u0161aujamierocim un \u013cauj \u0101tri piek\u013c\u016bt tam tikai vienas sekundes laik\u0101. J\u016bs varat saglab\u0101t l\u012bdz pat 30 pirkstu nospiedumiem vair\u0101kiem lietot\u0101jiem. Seifam ir divas av\u0101rijas atsl\u0113gas un \u0101r\u0113js baro\u0161anas bloks, lai nodro\u0161in\u0101tu piek\u013cuvi.<\/div><\/div><div class=\"section\"><div class=\"section-title\"><\/div><div class=\"section-img\"><img decoding=\"async\" src=\"\/vevor\/product\/ZQJBDSX5ZZWYML6AZ\/gun-safe-a100-2.4.jpg\" alt=\"VEVOR iero\u010du seifam ir 3 cietas blo\u0137\u0113\u0161anas skr\u016bves, 60 mm biez\u0101kas durvis, vibr\u0101cijas trauksme un klusuma re\u017e\u012bms.\" \/><\/div><div class=\"section-mobile-img\"><img decoding=\"async\" src=\"\/vevor\/product\/ZQJBDSX5ZZWYML6AZ\/gun-safe-a100-2.4-m.jpg\" alt=\"VEVOR iero\u010du seifam ir 3 cietas blo\u0137\u0113\u0161anas skr\u016bves, 60 mm biez\u0101kas durvis, vibr\u0101cijas trauksme un klusuma re\u017e\u012bms.\" \/><\/div><div class=\"section-desc\">M\u016bsu \u0161aujamiero\u010du seifs lepojas ar piln\u012bb\u0101 t\u0113rauda konstrukciju, pastiprin\u0101t\u0101m durv\u012bm un trim ciet\u0101m skr\u016bv\u0113m, kas nodro\u0161ina lielisku fizisku aizsardz\u012bbu pret zi\u0146k\u0101ri un neat\u013cautu iejauk\u0161anos.<\/div><\/div><div class=\"section\"><div class=\"section-title\"><\/div><div class=\"section-img\"><img decoding=\"async\" src=\"\/vevor\/product\/ZQJBDSX5ZZWYML6AZ\/gun-safe-a100-2.5.jpg\" alt=\"VEVOR iero\u010du seifs ar 180\u00b0 durvju pagrie\u0161anu, autom\u0101tisku LED apgaismojumu un vienk\u0101r\u0161\u0101m mont\u0101\u017eas funkcij\u0101m.\" \/><\/div><div class=\"section-mobile-img\"><img decoding=\"async\" src=\"\/vevor\/product\/ZQJBDSX5ZZWYML6AZ\/gun-safe-a100-2.5-m.jpg\" alt=\"VEVOR iero\u010du seifs ar 180\u00b0 durvju pagrie\u0161anu, autom\u0101tisku LED apgaismojumu un vienk\u0101r\u0161\u0101m mont\u0101\u017eas funkcij\u0101m.\" \/><\/div><div class=\"section-desc\">M\u016bsu garais iero\u010du seifs tiek pieg\u0101d\u0101ts piln\u012bb\u0101 salikts un to var izmantot uzreiz p\u0113c izpako\u0161anas. Durvju panelis atveras l\u012bdz 180 gr\u0101diem, nodro\u0161inot \u0113rtu piek\u013cuvi j\u016bsu \u0161aujamiero\u010diem. Turkl\u0101t autom\u0101tiskais LED apgaismojums seifa iek\u0161pus\u0113 \u013cauj tos viegli iz\u0146emt pat v\u0101j\u0101 apgaismojum\u0101.<\/div><\/div><div class=\"section\"><div class=\"section-img\"><img decoding=\"async\" src=\"\/vevor\/product\/ZQJBDSX5ZZWYML6AZ\/gun-safe-a100-1.11.jpg\" alt=\"VEVOR iero\u010du seifa inform\u0101cija ar izm\u0113riem, iero\u010du glab\u0101\u0161anas vietu, stiprin\u0101juma inform\u0101ciju, piederumiem un dro\u0161\u012bbas funkcij\u0101m.\" \/><\/div><div class=\"section-mobile-img\"><img decoding=\"async\" src=\"\/vevor\/product\/ZQJBDSX5ZZWYML6AZ\/gun-safe-a100-1.11-m.jpg\" alt=\"VEVOR iero\u010du seifa inform\u0101cija ar izm\u0113riem, iero\u010du glab\u0101\u0161anas vietu, stiprin\u0101juma inform\u0101ciju, piederumiem un dro\u0161\u012bbas funkcij\u0101m.\" \/><\/div><\/div><\/div><\/body><\/html><\/div>\n<div class=\"DM_at-title\" id=\"js-DM_at-title\"> <div>Produkta specifik\u0101cija<\/div> <i class=\"icon-arrowup_line\"><\/i> <\/div><div class=\"DM_at-goodsDescAttr\" id=\"js-DM_at-goodsDescAttr\"> <div class=\"DM_at-goodsDescAttrInner\"> <dl class=\"goodsDesc_item goodsDesc_item_even\"> <dt>Produkta Izm\u0113ri<\/dt> <dd> 11.8''x11''x54.3''\/300x280x1380 mm<\/dd> <\/dl> <dl class=\"goodsDesc_item\"> <dt>Uzglab\u0101\u0161anas ietilp\u012bba<\/dt> <dd> 5<\/dd> <\/dl> <dl class=\"goodsDesc_item goodsDesc_item_even\"> <dt>Pistoles novieto\u0161anas stat\u012bvs<\/dt> <dd> 11.8''x1.2''\/300x30 mm, Removable<\/dd> <\/dl> <dl class=\"goodsDesc_item\"> <dt>Plaukta novieto\u0161ana<\/dt> <dd> 11.8''x1.2''\/300x30 mm, Adjustable<\/dd> <\/dl> <dl class=\"goodsDesc_item goodsDesc_item_even\"> <dt>Lo\u017eu uzglab\u0101\u0161anas kaste<\/dt> <dd> 7.5''x2.4''\/190x60mm<\/dd> <\/dl> <dl class=\"goodsDesc_item\"> <dt>Skr\u016bves<\/dt> <dd> 3<\/dd> <\/dl> <dl class=\"goodsDesc_item goodsDesc_item_even\"> <dt>Mont\u0101\u017eas caurums<\/dt> <dd> apak\u0161\u0101<\/dd> <\/dl> <dl class=\"goodsDesc_item\"> <dt>Materi\u0101ls<\/dt> <dd> Q235 Auksti velm\u0113ta t\u0113rauda loksne<\/dd> <\/dl> <dl class=\"goodsDesc_item goodsDesc_item_even\"> <dt>Skapja sienas biezums<\/dt> <dd> 0,04 collas \/ 1,1 mm<\/dd> <\/dl> <dl class=\"goodsDesc_item\"> <dt>Durvju pl\u0101ksnes biezums<\/dt> <dd> 0,07 collas\/1,8 mm<\/dd> <\/dl> <dl class=\"goodsDesc_item goodsDesc_item_even\"> <dt>Kods<\/dt> <dd> 3\u201312 cipari<\/dd> <\/dl> <dl class=\"goodsDesc_item\"> <dt>Darba baro\u0161anas avots<\/dt> <dd> 4 gab. AA baterijas<\/dd> <\/dl> <dl class=\"goodsDesc_item goodsDesc_item_even\"> <dt>Autom\u0101tisk\u0101 blo\u0137\u0113\u0161ana<\/dt> <dd> J\u0100<\/dd> <\/dl> <\/div> <\/div>","protected":false},"excerpt":{"rendered":"<ul>\n<li> \u0100tras piek\u013cuves iero\u010du seifs: M\u016bsu iero\u010du seifa skapis ir izstr\u0101d\u0101ts, \u0146emot v\u0113r\u0101 j\u016bsu \u0113rt\u012bbas. Durvju paneli var atv\u0113rt l\u012bdz 180 gr\u0101diem, nodro\u0161inot \u0113rtu piek\u013cuvi j\u016bsu \u0161aujamiero\u010diem. Autom\u0101tiskais LED apgaismojums iek\u0161pus\u0113 atvieglo \u0161aujamiero\u010du iz\u0146em\u0161anu pat v\u0101j\u0101 apgaismojum\u0101. Turkl\u0101t m\u016bsu seifs ir piln\u012bb\u0101 salikts un gatavs lieto\u0161anai uzreiz p\u0113c iz\u0146em\u0161anas no kastes, ietaupot j\u016bsu laiku. <\/li>\n<li> Seifs 5 iero\u010diem ar no\u0146emamu plauktu: M\u016bsu \u0161aute\u0146u seif\u0101 var ievietot l\u012bdz piec\u0101m \u0161auten\u0113m, kuru garums ir l\u012bdz 54 coll\u0101m. Garais iero\u010du stat\u012bvs ir regul\u0113jams un no\u0146emams, nodro\u0161inot v\u0113l liel\u0101ku elast\u012bbu un \u0113rt\u012bbas. Seif\u0101 aug\u0161pus\u0113 ir ar\u012b 4 iero\u010du pistoles stat\u012bvs un tr\u012bs patronu \u010daulas, lai pal\u012bdz\u0113tu sak\u0101rtot visus j\u016bsu \u0161aujamiero\u010dus un piederumus. Piem\u0113rots Henry Repeating Arms AR-7 Survival Rifle, Beretta CX4 Storm, Ruger PC Carbine, IWI Tavor X95, Remington 870 TAC-14. <\/li>\n<li> Vied\u0101 pirkstu nospiedumu blo\u0137\u0113\u0161ana: VEVOR garajam iero\u010du seifam ir vied\u0101 pirkstu nospiedumu blo\u0137\u0113\u0161ana, kas nodro\u0161ina \u0101tru un dro\u0161u piek\u013cuvi tikai vienas sekundes laik\u0101. Vienk\u0101r\u0161ai piek\u013cuvei var re\u0123istr\u0113t l\u012bdz 30 pirkstu nospiedumiem. \u0100rk\u0101rtas gad\u012bjum\u0101 seifam ir ar\u012b divas av\u0101rijas atsl\u0113gas un \u0101r\u0113ja uzl\u0101des kaste, t\u0101p\u0113c jums nekad nav j\u0101uztraucas par akumulatora izl\u0101di. <\/li>\n<li> Trauksmes sist\u0113ma un klusais re\u017e\u012bms: m\u016bsu \u0161auten\u0113m dro\u0161ais ierocis ietver uzlabotu trauksmes sist\u0113mu, kas iedarbina 30 sekun\u017eu trauksmes sign\u0101lu, ja piecas reizes p\u0113c k\u0101rtas tiek ievad\u012bta nepareiza parole vai ja t\u0101 konstat\u0113 vardarb\u012bgu triecienu.Diskr\u0113tai piek\u013cuvei aktiviz\u0113jiet klusuma re\u017e\u012bmu, nospie\u017eot 11#. <\/li>\n<li> Iztur\u012bgs skapis pret uzlau\u0161anu: M\u016bsu iero\u010du skapis ir izgatavots no iztur\u012bga t\u0113rauda, \u200b\u200bun tam ir 1,8 mm bieza durvju panelis, kas ir iztur\u012bgs pret deform\u0101ciju un deform\u0101ciju. Apr\u012bkots ar 3 ciet\u0101m \u03c620 mm skr\u016bv\u0113m, lai nov\u0113rstu uzlau\u0161anu, j\u016bsu \u0161aujamiero\u010di ir dro\u0161i aizsarg\u0101ti. Iek\u013cauti 4 iepriek\u0161 urbti caurumi apak\u0161\u0101 un 6 aizmugur\u0113, lai var\u0113tu uzst\u0101d\u012bt uz gr\u012bdas vai sienas. <\/li>\n<\/ul>","protected":false},"featured_media":317936,"comment_status":"closed","ping_status":"open","template":"","meta":{"om_disable_all_campaigns":false,"_monsterinsights_skip_tracking":false,"_monsterinsights_sitenote_active":false,"_monsterinsights_sitenote_note":"","_monsterinsights_sitenote_category":0,"_uf_show_specific_survey":0,"_uf_disable_surveys":false},"location":[1935,1934],"product_brand":[21],"product_cat":[2553,2873,2552,2453,2374],"product_tag":[],"class_list":{"0":"post-49268","1":"product","2":"type-product","3":"status-publish","4":"has-post-thumbnail","6":"location-supplier_stock_location","7":"location-local_stock_location","8":"product_brand-vevor","9":"product_cat-gun-safes","10":"product_cat-rifle-safes","11":"product_cat-safes-safety-security","12":"product_cat-safety-security","13":"product_cat-tools","15":"first","16":"instock","17":"taxable","18":"shipping-taxable","19":"purchasable","20":"product-type-simple"},"aioseo_notices":[],"jetpack_sharing_enabled":true,"locations":[{"id":1935,"name":"Pieg\u0101d\u0101t\u0101ja noliktav\u0101 (5-7d.d.)","slug":"supplier_stock_location","quantity":"1226"},{"id":1934,"name":"R\u012bgas veikal\u0101 (0-2d.d.)","slug":"local_stock_location","quantity":"0"}],"_links":{"self":[{"href":"https:\/\/vevorshop.lv\/lv\/wp-json\/wp\/v2\/product\/49268","targetHints":{"allow":["GET"]}}],"collection":[{"href":"https:\/\/vevorshop.lv\/lv\/wp-json\/wp\/v2\/product"}],"about":[{"href":"https:\/\/vevorshop.lv\/lv\/wp-json\/wp\/v2\/types\/product"}],"replies":[{"embeddable":true,"href":"https:\/\/vevorshop.lv\/lv\/wp-json\/wp\/v2\/comments?post=49268"}],"wp:featuredmedia":[{"embeddable":true,"href":"https:\/\/vevorshop.lv\/lv\/wp-json\/wp\/v2\/media\/317936"}],"wp:attachment":[{"href":"https:\/\/vevorshop.lv\/lv\/wp-json\/wp\/v2\/media?parent=49268"}],"wp:term":[{"taxonomy":"location","embeddable":true,"href":"https:\/\/vevorshop.lv\/lv\/wp-json\/wp\/v2\/location?post=49268"},{"taxonomy":"product_brand","embeddable":true,"href":"https:\/\/vevorshop.lv\/lv\/wp-json\/wp\/v2\/product_brand?post=49268"},{"taxonomy":"product_cat","embeddable":true,"href":"https:\/\/vevorshop.lv\/lv\/wp-json\/wp\/v2\/product_cat?post=49268"},{"taxonomy":"product_tag","embeddable":true,"href":"https:\/\/vevorshop.lv\/lv\/wp-json\/wp\/v2\/product_tag?post=49268"}],"curies":[{"name":"wp","href":"https:\/\/api.w.org\/{rel}","templated":true}]}}