{"id":50562,"date":"2024-11-19T17:30:21","date_gmt":"2024-11-19T17:30:21","guid":{"rendered":"http:\/\/vevorshop.edigo.lv\/Prece\/vevor-16x-16-heat-exchanger-water-to-air-3-row-3-8-copper-ports-193-fins\/"},"modified":"2026-02-26T21:26:00","modified_gmt":"2026-02-26T19:26:00","slug":"vevor-16x-16-heat-exchanger-water-to-air-3-row-3-8-copper-ports-193-fins","status":"publish","type":"product","link":"https:\/\/vevorshop.lv\/lv\/Prece\/vevor-16x-16-siltummainis-udens-gaiss-3-rinda-3-8-vara-porti-193-ribas\/","title":{"rendered":"VEVOR 40,6\u00d740,6 cm 3 rindas vara \u016bdens-gaisa siltummainis, 193 spuras, 1 cm piesl\u0113gumi, 160kBtu\/h, ar epoks\u012bdu p\u0101rkl\u0101tas spuras"},"content":{"rendered":"<div style=\"color: #fff!important; font-size: 16px; height: 24px; line-height: 24px; margin-top: -24px; \" class=\"product_original_name\">VEVOR 16 \"x 16\"\/40,6 x 40,6 cm siltummainis \u016adens pret gaisu 3-rinda 3\/8\"\/ 1 cm vara porti 193 spuras<\/div>\n<div style=\"color: #fff!important; font-size: 16px; height: 24px; line-height: 24px; margin-top: -24px; \" class=\"product_sku\">M4I4LSJ6<\/div>\n<div style=\"color: #fff!important; font-size: 16px; height: 24px; line-height: 24px; margin-top: -24px; \" class=\"product_mpn\">CPGSHRQ161606S869V0<\/div><div id=\"js-DM_at-goodDescRich\"><html><head><style>  body {    font-family: Arial;    line-height: 1.5;    color: #1c1c1c;    overflow-x: hidden;    margin: 0;    padding: 0;  }  .MsoNormal b {    font-weight: bolder;  }<\/style><style>  .container.small {    width: 970px;    margin: 0 auto;  }  .logo {    margin: 0 auto 0;  }  .logo img {    display: block;    margin: 0 auto;    max-width: 100%;  }  .logo .pc-banner {    display: block;    width: 1200px;    height: 247.4px;    margin: 0 auto;  }  .logo .pc-banner.small {    width: 970px;  }  .logo .pc-banner.small img {    height: auto!important;  }  .logo .m-banner {    display: none;  }  .ytvideo {    position: relative;    height: 546px;    width: 100%;    margin: 0 auto;  }  .ytvideo img {    width: 100%;    margin: 0 auto;  }  .ytvideo .play-btn {    width: 60px;    height: 42px;    position: absolute;    top: 50%;    left: 50%;    transform: translate(-50%, -50%);    background: url(\"data:image\/png;base64,iVBORw0KGgoAAAANSUhEUgAAAGQAAABGCAMAAAANWMFbAAAC+lBMVEUAAADBGB3kLCfBGB3kLCfcJC7BFx3KKSbiKybkLCbWJCPSIiLSIiLPICHAFx3kLCfgKSXNHiDZJiTIGx\/p4eHcjo7LHSDbJyTkLCbjKyfOHyHPIiL28fHJHB\/GGh7EGR7eKCXDGB3RISHlLSbBGB3AFxzGHB7DGB7BGB3hKybkKybAFx3lLCfAFxzDGR3hKibDGB7cJyTmz8\/elJTlwcHjurrUIyLlLSflLSfAFx3DGR7lLSfCFx3hKibhKibhKybjKybkLCblLSfbJSX49vbx7e3NNzjNMTLMJyjVIyLZf3\/ZQ0LaeHjx0tLgoqLkLCfCGB3HGx\/BGB3BFx3PICHCGB7WJCLOHyC\/Fxy\/Fx3lLCfQISHkLSe\/FxzbJiTBFx3FGx\/AGB7BFx3EGR7AGB3HHSDfKiXAFh3TISHYNzbhKibbJyTTIiL57e325+f039\/v2NjUV1fOHiHiqanfmprch4feKSXVIyPOICHmLibFGh\/mLSe\/Fx7XJCPeKSXXJSPNHyHaJyTGGh7lLCbmLCflLSjSIiLkLCbdKSXLHiC\/GB3KHh++Fh3lKyfoLiXcKCPkx8fYb2\/XaGfVXl3aU1LLHiDksbHgKibPICHbJyTfKSXbJyTCGB3KHSDiKybFGh7TIiL\/\/\/\/VIyPRISHIHB\/GGx\/HHB\/DGR7gKibdKCXLHiDZJiTMHiDNHyHYJSTOICHPICHWJCPcKCXXJSPjLCblLCf+\/f3NGR\/uLijzLynPGR\/IGB7WISHaIyLLGh7UAADxLynNAADRLzDbICLQAADIAAD3MCrUHSHXMTDpKSbLAADp5OTij4\/ejo\/VLy\/1LyngJSTcJCPQHx\/OHB7+\/PzaMS\/OLS\/vLijrLSjSAADaNTPwLyjkKSbNJCbYISHPHB\/KGB7WAAD7+vrn3d3aKynTKCjoLCfsKifRGh\/YAADq5+fhjo7QNDXXKCfmJyXt5+fTLzDLLi\/QKivYHRvMGBrQJCXLISPMExXLDxLaEAvkkI\/bOTfaFQ\/SCgpvLcnHAAAAmnRSTlMA+vv7+gT9Bvf9+8z8\/NSv\/Pr5+P7++vnQIBMP\/v38\/Pn348XDiCYf9OjbzcqxXVcx\/fz8+\/rj1r2poo1+fXFqX0orGP7+\/v7+\/fz8+\/r68uzn4trIxsG\/vri3p6GcmZSNbWVYUUZEPQv+\/f39+\/v7+\/v7+vr64tvV1NTTz87FtbSurqeblJKFg4B3bUY+NjL7+\/v7+\/v67t1cDo8JLQAABkRJREFUWMO0kz9rwkAYh0OIeJkum6YugUAhISCdKoj\/P4C7SMdS+gEKIhSKil10LSg4mzXkILdlEpxCpwTiWOLX6BujvQaEQuGeHLnL+\/64J+SIcKGYTYWnntpdLjrVdqvZmNdn0+EE40GtpuuWVS6Xx6N7YDSGpWXpeq02wHgynM7q80az1a52HpddtVcpsi1zFARBrdaxbhp9iUReTGmwA4KAAr7vx3EYejnCMI6hQYEgy0LQi4jUN0wL19vqFcUC9\/1dAKmEEFkWRYkh5oBejnxQJiSJPJ\/uKBp0Thszx9Mw8hMRIQjKsptCfuES9zr5WJY6vSFCIvE9fCMUmEM1A1kSXcYGxgVYsvI1IPKTZciSTI0us\/SMGG04gDzELDoFBwdcFJrF88dqgYMTiL6DILWYyfOWE8\/kIz38olCNlC03FK95+imxp6y4oUSvAnBjHHhKNtotSDqJzVFiK8c2SBqhZtsrTtgrLXwAyduxZHNE26eHUt5rtuM4WSmds3G+sUdWYo1L+XyxButoh5eKUHk5lByO3G1LqqCWVnfrv\/lyPtf\/4ps1cndNGIri8J1TJ0lx6dR\/oPjq1nbRwdp2dCk4CtIOLW3pVKRL6WZfS5vF2KkIQhpwSsjiYIgNCs1gEMGqiIq24NQX9NwoXFy8Ufrl3twTcg4fv8T9\/JBEySduj6Mjm4bMzYV7EEOxKjjoNDud7yY3Dy71Hq2oLmqfbNR723edH9PgMrNL2utoQ3VmaIDkiw\/4w51P06hlZsTZvkRrbVuSIs\/zwSOsycgzStQouoAkWQqioRT5XI7n2Z1wfVhoZmcAJLsoqjqpjbWCgpOAJXBwHK8PzWbNvoUZJND5wCnSkLAkZ1legx6vqQzjoiTahKlGUGLAiIIoABOHaNVw4sexZBym6\/HWlH5h3IC7yRbxtipcWxdTOkORKiNQAEkFf66x5S2oeRbroOlLgg0sSYkR0hRGEqJZ0jTPiQKatESdBckpWigxaapEH0lImHdWu9pUFF2XqMNM2Z4kped7IwEJw2qabwtrQqnpw6HyKkgcadKWsmpywwesDyIhYRpdzXddqegtGIJlXbAIUMOLkGxJUjRIkokwjUaX9d\/kK62ps\/tYUqZLIMkLTyBhsMZ3C5Z\/kDxOSCb\/DOs\/\/J0qcWSX\/2ipe56EgTCA4\/cB7NAYOsni4mZM1MUPAISoEwkDi4lhVBQ1cWQyIcwalw4EpqZN68JUSK7XC0kTlkLYii5uXSC8jT5ncCAS7mjCv0uHp\/3lueHEEAeQ\/\/VgmdN71\/2uCSA1Xr6DO6uI6sW56zqT2tp2PhgiRUAajV8CY2fkcz6WGNKMgLAt7tJAhD4YHMTeRxlALE6+43WqjSWi8ITxyJl8WrwWSNESQZZOqhDDntO3hJLsd5RtSpbJqdv3YrDJH3F7jL1R2O2aQkn2MyCyKYz0GPGIvSAMgBCrCEiJyKbBaYGwLW4uPRr0A0M4Ux5kUI7IBh+hMdiCEWNqhMZGyYMsOgNE58UQuEQeUnSWCMYwL54hkxK6IoqucQZbQ3pc3XtL0lky1dL0zZJJDpWJovFqpWj6JEHnyam2eQp5QRVAVHjWparTOaVwUOx99YS2MvgxIGV0bb+qIg2HX2qkFFJB+XZcbLiuRkuxD9GRroKyveLxdh4d7Orx+hb7qc3uVRuEogCOnyIxm4ubUoPgF4jianDrC+SDQDKEfJb0GUKmjCGPYHGJvVC6X4hw1\/sAfQAdfYyephIaspXe36RwOP+Ljvfx9B6B3i+Nk0DGq+oCbLn6JpBa9nWAveAIHwFAwtVcIJXPMPL8kRu5OAYPMaL1WScTxjiZDqB9LTJSWphow\/pTYKRTLjCBhvi9iBidvKcDasGSm0QQkycYuLBqj6QCELPctqChDWpTRMWkngNNpQ1Pfp1KkiT\/Y0DGffXAweUNfLAfaJFKDwhb6I+bkYRbkERoEeu3Fyjg2opMz2daZCS9jt6Q7txNfB+OZEVF6Zl5web2xunnLQrtrjXseXKaFYziYINeMFZVxS9VxRhOoesYwxPKXm+gWLG9cuFeq93UNNeJNsf1KlwuDok9n02n3TgIJpOxNfL9naIoQwXtfH9kjceTIIi709ncTg6LZbg+biLH1V6u\/7rxBem06VXKn9raAAAAAElFTkSuQmCC\")      no-repeat center center \/ contain;  }  @media screen and (max-width: 960px) and (orientation: portrait) {    .logo {      width: 100%;    }    .logo .pc-banner {      display: none;    }    .logo .m-banner {      display: block;      width: 100%;    }    .logo .m-banner img {      height: auto!important;    }    .ytvideo {      height: 200px;      width: 100%;    }  }<\/style><style>  .video-section {    width: 100%;    margin: 0 auto;  }  .video-section > img {    width: 100%;  }  .video-section iframe,  .video-section video {    width: 100%;    height: 100%;      }  .video-section-img-m,  .video-section-img-pc > img {    width: 100%;    height: auto;  }  .video-section-img-pc.small > img {    width: 970px;  }  .video-desc {    line-height: 1.5;    font-size: 20px;    font-weight: 400;    margin: 20px 0;    text-align: center;    color: #0f1111;    word-break: break-word;  }  @media screen and (max-width: 960px) and (orientation: portrait) {    .video-section {      width: 100%;    }    .video-section-pc,    .video-section-img-pc {      display: none;    }    .video-section-m,    .video-section-img-m {      display: block;    }    .video-desc {      font-size: 15px;    }  }  @media screen and (min-width: 960px) {    .video-section {      width: 100%;      margin: 0 auto;    }    .video-section-pc,    .video-section-img-pc {      display: block;    }    .video-section-m,    .video-section-img-m {      display: none;    }    .video-desc {      font-size: 20px;    }  }<\/style><style>  .section + .section {    margin-top: 35px;  }  .section-title {    text-align: center;    font-weight: bold;    color: #0d1111;    font-family: \"Arial\";    font-size: 32px;    margin: 15px 0;  }  .section-title:empty {    display: none;  }  .section-desc {    text-align: center;    font-weight: normal;    color: #0d1111;    margin-top: 20px;  }  .section-desc:empty {    display: none;  }  .section-img {    width: 1200px;    height: 492px;    margin: 0 auto;    display: block;  }  .section-img.small {    width: 970px;    height: auto;  }  .section-img.small > img {    height: auto;  }  .section-img > img {    width: 100%;    height: 100%;  }  .section-mobile-img {    display: none;    max-width: 100vw;    max-height: 75vw;    height: 450px;    margin: 0 auto;  }  .section-mobile-img > img {    width: 100%;    height: 100%;  }  @media screen and (max-width: 960px) and (orientation: portrait) {    .container {      width: 100%;    }    .container.small {      width: 100%;    }    .section-mobile-img {      display: block;    }    .section-img {      display: none;    }    .section-title {      font-size: 22px;      margin: 10px 0;    }    .section-desc {      margin-top: 10px;    }    .section + .section {      margin-top: 20px;    }  }<\/style><\/head><body><div class=\"container small\"><div class=\"logo\"><div class=\"pc-banner small\"><div><img decoding=\"async\" src=\"\/vevor\/vevor\/boutique-banner\/pc\/en-pc@1x.jpg\" style=\"width: 100%;\" \/><\/div><\/div><div class=\"m-banner\"><div><img decoding=\"async\" src=\"\/vevor\/vevor\/boutique-banner\/mobile\/en-m@1x.jpg\" style=\"width: 100%;\" \/><\/div><\/div><\/div><div class=\"section-title\">Atbr\u012bvojot maksim\u0101lu siltuma efektivit\u0101ti<\/div><div class=\"video-section\"><div class=\"video-section-img-pc small\"><img decoding=\"async\" src=\"\/vevor\/product\/CPGSHRQ161606S869\/heat-exchanger-a100-1.4-pt.jpg\" alt=\"VEVOR siltummainis ar 1&quot; sabiezin\u0101tu saskarni, 2,5 mpa darba spiedienu, un 80k btu siltuma jaudu.\" \/><\/div><div class=\"video-section-img-m\"><img decoding=\"async\" src=\"\/vevor\/product\/CPGSHRQ161606S869\/heat-exchanger-a100-1.4-pt.jpg\" alt=\"VEVOR siltummainis ar 1&quot; sabiezin\u0101tu saskarni, 2,5 mpa darba spiedienu, un 80k btu siltuma jaudu.\" \/><\/div><div class=\"section-desc\">M\u016bsu siltummainis ir kompakts un viegls, pied\u0101v\u0101jot izcilu termisko veiktsp\u0113ju. Izgatavots no 316L ner\u016bs\u0113jo\u0161\u0101 t\u0113rauda ar 99% vara lod\u0113jumu iztur\u012bbai, tas ir ide\u0101li piem\u0113rots saules apsildei, e\u013c\u013cas siltuma atg\u016b\u0161anai, dzin\u0113ja dzes\u0113\u0161anai un kondens\u0101cijai.<\/div><\/div><div class=\"section\"><div class=\"section-title\"><\/div><div class=\"section-img small\"><img decoding=\"async\" src=\"\/vevor\/product\/CPGSHRQ161606S869\/heat-exchanger-a100-2.2-pt.jpg\" alt=\"VEVOR siltummainis, kas demonstr\u0113 vara caurules, alum\u012bnija spuras un ener\u0123iju taupo\u0161u karst\u0101 \u016bdens piek\u013cuvi.\" \/><\/div><div class=\"section-mobile-img\"><img decoding=\"async\" src=\"\/vevor\/product\/CPGSHRQ161606S869\/heat-exchanger-a100-2.2-pt.jpg\" alt=\"VEVOR siltummainis, kas demonstr\u0113 vara caurules, alum\u012bnija spuras un ener\u0123iju taupo\u0161u karst\u0101 \u016bdens piek\u013cuvi.\" \/><\/div><div class=\"section-desc\">M\u016bsu siltummainim ir sabiezin\u0101ta saskarne ar glud\u0101m v\u012btn\u0113m, lai nodro\u0161in\u0101tu vienk\u0101r\u0161u un \u0113rtu savienojumu.<\/div><\/div><div class=\"section\"><div class=\"section-title\"><\/div><div class=\"section-img small\"><img decoding=\"async\" src=\"\/vevor\/product\/CPGSHRQ161606S869\/heat-exchanger-a100-2.3-pt.jpg\" alt=\"VEVOR siltummai\u0146a uzst\u0101d\u012b\u0161anas sh\u0113ma, kur\u0101 ir katla, tvertnes un \u016bdens cilpas savienojumi.\" \/><\/div><div class=\"section-mobile-img\"><img decoding=\"async\" src=\"\/vevor\/product\/CPGSHRQ161606S869\/heat-exchanger-a100-2.3-pt.jpg\" alt=\"VEVOR siltummai\u0146a uzst\u0101d\u012b\u0161anas sh\u0113ma, kur\u0101 ir katla, tvertnes un \u016bdens cilpas savienojumi.\" \/><\/div><div class=\"section-desc\">\u0160is siltummainis silda \u0161\u0137idrumus ar neregul\u0101r\u0101m pl\u0101ksn\u0113m, kam nav nepiecie\u0161ama elektr\u012bba vai malkas dedzin\u0101\u0161ana, nodro\u0161inot karstu \u016bdeni par zem\u0101m izmaks\u0101m, padarot to rentablu un praktisku.<\/div><\/div><div class=\"section\"><div class=\"section-title\"><\/div><div class=\"section-img small\"><img decoding=\"async\" src=\"\/vevor\/product\/CPGSHRQ161606S869\/heat-exchanger-a100-2.4-pt.jpg\" alt=\"VEVOR siltummai\u0146a izm\u0113ri c16x16, c18x20, un c20x20 pieejami da\u017e\u0101d\u0101m pras\u012bb\u0101m un izm\u0113riem.\" \/><\/div><div class=\"section-mobile-img\"><img decoding=\"async\" src=\"\/vevor\/product\/CPGSHRQ161606S869\/heat-exchanger-a100-2.4-pt.jpg\" alt=\"VEVOR siltummai\u0146a izm\u0113ri c16x16, c18x20, un c20x20 pieejami da\u017e\u0101d\u0101m pras\u012bb\u0101m un izm\u0113riem.\" \/><\/div><div class=\"section-desc\">Siltummainim ir 2 saskarnes, kas ir piem\u0113rotas darba temperat\u016brai -40\u2013356 \u2109\/-40\u2013180 \u00b0C, un izeja ir novietota virs iepl\u016bdes.<\/div><\/div><div class=\"section\"><div class=\"section-title\"><\/div><div class=\"section-img small\"><img decoding=\"async\" src=\"\/vevor\/product\/CPGSHRQ161606S869\/heat-exchanger-a100-2.5-pt.jpg\" alt=\"efekt\u012bvi apkures\/dzes\u0113\u0161anas risin\u0101jumi: VEVOR siltummainis \u0101ra koka kr\u0101sn\u012bm, hvac, siltumn\u012bc\u0101m.\" \/><\/div><div class=\"section-mobile-img\"><img decoding=\"async\" src=\"\/vevor\/product\/CPGSHRQ161606S869\/heat-exchanger-a100-2.5-pt.jpg\" alt=\"efekt\u012bvi apkures\/dzes\u0113\u0161anas risin\u0101jumi: VEVOR siltummainis \u0101ra koka kr\u0101sn\u012bm, hvac, siltumn\u012bc\u0101m.\" \/><\/div><div class=\"section-desc\">M\u016bsu siltummainis ir pieejams 3 da\u017e\u0101dos izm\u0113ros, lai atbilstu j\u016bsu vajadz\u012bb\u0101m.<\/div><\/div><div class=\"section\"><div class=\"section-img small\"><img decoding=\"async\" src=\"\/vevor\/product\/CPGSHRQ161606S869\/heat-exchanger-a100-1.11-pt.jpg\" alt=\"VEVOR siltummainis ar 16x16 collu spuras laukumu, 80k btu ietilp\u012bbu, 3\/8 &quot;vara caurul\u0113m, un 1&quot; id portu.\" \/><\/div><div class=\"section-mobile-img\"><img decoding=\"async\" src=\"\/vevor\/product\/CPGSHRQ161606S869\/heat-exchanger-a100-1.11-pt.jpg\" alt=\"VEVOR siltummainis ar 16x16 collu spuras laukumu, 80k btu ietilp\u012bbu, 3\/8 &quot;vara caurul\u0113m, un 1&quot; id portu.\" \/><\/div><\/div><\/div><\/body><\/html><\/div>\n<div class=\"DM_at-title\" id=\"js-DM_at-title\"> <div>Produkta specifik\u0101cija<\/div> <i class=\"icon-arrowup_line\"><\/i> <\/div><div class=\"DM_at-goodsDescAttr\" id=\"js-DM_at-goodsDescAttr\"> <div class=\"DM_at-goodsDescAttrInner\"> <dl class=\"goodsDesc_item goodsDesc_item_even\"> <dt>Modelis<\/dt> <dd> C16\u00d716<\/dd> <\/dl> <dl class=\"goodsDesc_item\"> <dt>Siltuma jauda<\/dt> <dd> \u226580\u00a0000 BTU<\/dd> <\/dl> <dl class=\"goodsDesc_item goodsDesc_item_even\"> <dt>Pl\u0101ksnes laukums<\/dt> <dd> 16 x 16 collas \/ 40,64 x 40,64 cm<\/dd> <\/dl> <dl class=\"goodsDesc_item\"> <dt>Vara cauru\u013cu skaits<\/dt> <dd> 3-rinda 3\/8\"<\/dd> <\/dl> <dl class=\"goodsDesc_item goodsDesc_item_even\"> <dt>Alum\u012bnija spuru skaits<\/dt> <dd> 193 gab.<\/dd> <\/dl> <dl class=\"goodsDesc_item\"> <dt>Maksim\u0101lais darba spiediens<\/dt> <dd> 2,5 MPa<\/dd> <\/dl> <dl class=\"goodsDesc_item goodsDesc_item_even\"> <dt>Darb\u012bbas Temperat\u016bra<\/dt> <dd> -40\u00b0C-180\u00b0C \/ -40\u00b0F -356\u00b0F<\/dd> <\/dl> <dl class=\"goodsDesc_item\"> <dt>Kr\u0101sa<\/dt> <dd> Zelts<\/dd> <\/dl> <dl class=\"goodsDesc_item goodsDesc_item_even\"> <dt>Galvenie materi\u0101li<\/dt> <dd> Vara<\/dd> <\/dl> <dl class=\"goodsDesc_item\"> <dt>Neto svars (ar piederumiem)<\/dt> <dd> 13,65 m\u0101rci\u0146as \/ 6,19 kg<\/dd> <\/dl> <dl class=\"goodsDesc_item goodsDesc_item_even\"> <dt>Produkta Izm\u0113ri (L x W x H)<\/dt> <dd> 21,57 x 16,06 x 3,62 collas \/ 548 x 408 x 92 mm<\/dd> <\/dl> <\/div> <\/div>","protected":false},"excerpt":{"rendered":"<ul>\n<li> Augstas kvalit\u0101tes materi\u0101li: visa iek\u0101rta ir vara lod\u0113ta mal\u0101s un saskares punktos, veidojot iztur\u012bgu un necaurlaid\u012bgu gabalu, kas iztur augstu spiedienu un temperat\u016bru. <\/li>\n<li> Iztur\u012bgs un iztur\u012bgs pret koroziju: Ar epoks\u012bda p\u0101rkl\u0101jumu p\u0101rkl\u0101tas ribas nodro\u0161ina augstu ciet\u012bbu, nodilumiztur\u012bbu un aizsardz\u012bbu pret koroziju. Tas samazina iek\u0161\u0113jo \u016bdens tvaiku ka\u013c\u0137akmeni, veicinot maksim\u0101lu siltuma apmai\u0146u starp gaisu un rib\u0101m. Piem\u0113rots darba temperat\u016brai -40\u2013356 \u2109 \/ -40\u2013180 \u00b0C. <\/li>\n<li> Efekt\u012bva siltuma p\u0101rne\u0161ana: Siltummainis \u0123ener\u0113 l\u012bdz 160 kBtu stund\u0101, pateicoties 12 alum\u012bnija rib\u0101m coll\u0101 un 3 rind\u0101m ar 3\/8 collu bez\u0161uvju vara caurul\u0113m. V\u012bt\u0146ot\u0101s vara caurules palielina \u0161\u0137idruma saskares laukumu un ietilp\u012bbu, iev\u0113rojami uzlabojot siltummai\u0146a veiktsp\u0113ju. <\/li>\n<li> Liela siltumapmai\u0146as zona: Ar efekt\u012bvu siltumapmai\u0146as zonu 16\u201dx16\u201d un 193 rib\u0101m \u0161is siltummainis nodro\u0161ina izcilu siltuma p\u0101rneses veiktsp\u0113ju, lai apmierin\u0101tu da\u017e\u0101das vajadz\u012bbas. <\/li>\n<li> Herm\u0113tisks un herm\u0113tisks: Lai nov\u0113rstu mikronopl\u016b\u017eu iesp\u0113jam\u012bbu, siltummainis izmanto augstspiediena vakuuma lod\u0113\u0161anu un tiek pak\u013cauts stingrai herm\u0113tiskuma p\u0101rbaudei, nodro\u0161inot ilgu kalpo\u0161anas laiku un augstu uzticam\u012bbu. <\/li>\n<\/ul>","protected":false},"featured_media":319874,"comment_status":"closed","ping_status":"open","template":"","meta":{"om_disable_all_campaigns":false,"_monsterinsights_skip_tracking":false,"_monsterinsights_sitenote_active":false,"_monsterinsights_sitenote_note":"","_monsterinsights_sitenote_category":0,"_uf_show_specific_survey":0,"_uf_disable_surveys":false},"location":[1935,1934],"product_brand":[21],"product_cat":[2988,2987,2986,2527],"product_tag":[],"class_list":{"0":"post-50562","1":"product","2":"type-product","3":"status-publish","4":"has-post-thumbnail","6":"location-supplier_stock_location","7":"location-local_stock_location","8":"product_brand-vevor","9":"product_cat-heat-exchanger","10":"product_cat-heater-accessories-heaters","11":"product_cat-heaters","12":"product_cat-heating-venting-cooling","14":"first","15":"instock","16":"taxable","17":"shipping-taxable","18":"purchasable","19":"product-type-simple"},"aioseo_notices":[],"jetpack_sharing_enabled":true,"locations":[{"id":1935,"name":"Pieg\u0101d\u0101t\u0101ja noliktav\u0101 (5-7d.d.)","slug":"supplier_stock_location","quantity":"42"},{"id":1934,"name":"R\u012bgas veikal\u0101 (0-2d.d.)","slug":"local_stock_location","quantity":"0"}],"_links":{"self":[{"href":"https:\/\/vevorshop.lv\/lv\/wp-json\/wp\/v2\/product\/50562","targetHints":{"allow":["GET"]}}],"collection":[{"href":"https:\/\/vevorshop.lv\/lv\/wp-json\/wp\/v2\/product"}],"about":[{"href":"https:\/\/vevorshop.lv\/lv\/wp-json\/wp\/v2\/types\/product"}],"replies":[{"embeddable":true,"href":"https:\/\/vevorshop.lv\/lv\/wp-json\/wp\/v2\/comments?post=50562"}],"wp:featuredmedia":[{"embeddable":true,"href":"https:\/\/vevorshop.lv\/lv\/wp-json\/wp\/v2\/media\/319874"}],"wp:attachment":[{"href":"https:\/\/vevorshop.lv\/lv\/wp-json\/wp\/v2\/media?parent=50562"}],"wp:term":[{"taxonomy":"location","embeddable":true,"href":"https:\/\/vevorshop.lv\/lv\/wp-json\/wp\/v2\/location?post=50562"},{"taxonomy":"product_brand","embeddable":true,"href":"https:\/\/vevorshop.lv\/lv\/wp-json\/wp\/v2\/product_brand?post=50562"},{"taxonomy":"product_cat","embeddable":true,"href":"https:\/\/vevorshop.lv\/lv\/wp-json\/wp\/v2\/product_cat?post=50562"},{"taxonomy":"product_tag","embeddable":true,"href":"https:\/\/vevorshop.lv\/lv\/wp-json\/wp\/v2\/product_tag?post=50562"}],"curies":[{"name":"wp","href":"https:\/\/api.w.org\/{rel}","templated":true}]}}