{"id":51613,"date":"2024-11-19T19:49:15","date_gmt":"2024-11-19T19:49:15","guid":{"rendered":"http:\/\/vevorshop.edigo.lv\/Prece\/vevor-vfd-2hp-1-5kw-7-5amps-220v-1-or-3-phase-input-to-3-phase-output-0-400hz\/"},"modified":"2026-04-30T13:50:42","modified_gmt":"2026-04-30T10:50:42","slug":"vevor-vfd-2hp-1-5kw-7-5amps-220v-1-or-3-phase-input-to-3-phase-output-0-400hz","status":"publish","type":"product","link":"https:\/\/vevorshop.lv\/lv\/Prece\/vevor-vfd-2hp-1-5kw-7-5amps-220v-1-vai-3-fazes-ieeja-uz-3-fazes-izeju-0-400hz\/","title":{"rendered":"VEVOR Frekvences P\u0101rveidot\u0101js 1.5kW 2HP 7.5A, 220V Ievade\/Izvade, 1\/3-F\u0101\u017eu Ievade, 0\u2013400Hz, VFD CNC V\u0101rpstas Motoram"},"content":{"rendered":"<div style=\"color: #fff!important; font-size: 16px; height: 24px; line-height: 24px; margin-top: -24px; \" class=\"product_original_name\">VEVOR VFD 2HP, 1.5KW, 7.5A, 1 vai 3 Phase 220V Ieeja uz 3 Phase 220V izejas main\u012bgas frekvences piedzi\u0146a, 40-60Hz ieeja, 0-400Hz izejas VFD v\u0101rpstas motora CNC \u0101truma kontrolei<\/div>\n<div style=\"color: #fff!important; font-size: 16px; height: 24px; line-height: 24px; margin-top: -24px; \" class=\"product_sku\">M4I4LVQC<\/div>\n<div style=\"color: #fff!important; font-size: 16px; height: 24px; line-height: 24px; margin-top: -24px; \" class=\"product_mpn\">BPQDQ15KW220PC4GYV7<\/div><div id=\"js-DM_at-goodDescRich\"><html><head><style>  body {    font-family: Arial;    line-height: 1.5;    color: #1c1c1c;    overflow-x: hidden;    margin: 0;    padding: 0;  }  .MsoNormal b {    font-weight: bolder;  }<\/style><style>  .container.small {    width: 970px;    margin: 0 auto;  }  .logo {    margin: 0 auto 0;  }  .logo img {    display: block;    margin: 0 auto;    max-width: 100%;  }  .logo .pc-banner {    display: block;    width: 1200px;    height: 247.4px;    margin: 0 auto;  }  .logo .pc-banner.small {    width: 970px;  }  .logo .pc-banner.small img {    height: auto!important;  }  .logo .m-banner {    display: none;  }  .ytvideo {    position: relative;    height: 546px;    width: 100%;    margin: 0 auto;  }  .ytvideo img {    width: 100%;    margin: 0 auto;  }  .ytvideo .play-btn {    width: 60px;    height: 42px;    position: absolute;    top: 50%;    left: 50%;    transform: translate(-50%, -50%);    background: url(\"data:image\/png;base64,iVBORw0KGgoAAAANSUhEUgAAAGQAAABGCAMAAAANWMFbAAAC+lBMVEUAAADBGB3kLCfBGB3kLCfcJC7BFx3KKSbiKybkLCbWJCPSIiLSIiLPICHAFx3kLCfgKSXNHiDZJiTIGx\/p4eHcjo7LHSDbJyTkLCbjKyfOHyHPIiL28fHJHB\/GGh7EGR7eKCXDGB3RISHlLSbBGB3AFxzGHB7DGB7BGB3hKybkKybAFx3lLCfAFxzDGR3hKibDGB7cJyTmz8\/elJTlwcHjurrUIyLlLSflLSfAFx3DGR7lLSfCFx3hKibhKibhKybjKybkLCblLSfbJSX49vbx7e3NNzjNMTLMJyjVIyLZf3\/ZQ0LaeHjx0tLgoqLkLCfCGB3HGx\/BGB3BFx3PICHCGB7WJCLOHyC\/Fxy\/Fx3lLCfQISHkLSe\/FxzbJiTBFx3FGx\/AGB7BFx3EGR7AGB3HHSDfKiXAFh3TISHYNzbhKibbJyTTIiL57e325+f039\/v2NjUV1fOHiHiqanfmprch4feKSXVIyPOICHmLibFGh\/mLSe\/Fx7XJCPeKSXXJSPNHyHaJyTGGh7lLCbmLCflLSjSIiLkLCbdKSXLHiC\/GB3KHh++Fh3lKyfoLiXcKCPkx8fYb2\/XaGfVXl3aU1LLHiDksbHgKibPICHbJyTfKSXbJyTCGB3KHSDiKybFGh7TIiL\/\/\/\/VIyPRISHIHB\/GGx\/HHB\/DGR7gKibdKCXLHiDZJiTMHiDNHyHYJSTOICHPICHWJCPcKCXXJSPjLCblLCf+\/f3NGR\/uLijzLynPGR\/IGB7WISHaIyLLGh7UAADxLynNAADRLzDbICLQAADIAAD3MCrUHSHXMTDpKSbLAADp5OTij4\/ejo\/VLy\/1LyngJSTcJCPQHx\/OHB7+\/PzaMS\/OLS\/vLijrLSjSAADaNTPwLyjkKSbNJCbYISHPHB\/KGB7WAAD7+vrn3d3aKynTKCjoLCfsKifRGh\/YAADq5+fhjo7QNDXXKCfmJyXt5+fTLzDLLi\/QKivYHRvMGBrQJCXLISPMExXLDxLaEAvkkI\/bOTfaFQ\/SCgpvLcnHAAAAmnRSTlMA+vv7+gT9Bvf9+8z8\/NSv\/Pr5+P7++vnQIBMP\/v38\/Pn348XDiCYf9OjbzcqxXVcx\/fz8+\/rj1r2poo1+fXFqX0orGP7+\/v7+\/fz8+\/r68uzn4trIxsG\/vri3p6GcmZSNbWVYUUZEPQv+\/f39+\/v7+\/v7+vr64tvV1NTTz87FtbSurqeblJKFg4B3bUY+NjL7+\/v7+\/v67t1cDo8JLQAABkRJREFUWMO0kz9rwkAYh0OIeJkum6YugUAhISCdKoj\/P4C7SMdS+gEKIhSKil10LSg4mzXkILdlEpxCpwTiWOLX6BujvQaEQuGeHLnL+\/64J+SIcKGYTYWnntpdLjrVdqvZmNdn0+EE40GtpuuWVS6Xx6N7YDSGpWXpeq02wHgynM7q80az1a52HpddtVcpsi1zFARBrdaxbhp9iUReTGmwA4KAAr7vx3EYejnCMI6hQYEgy0LQi4jUN0wL19vqFcUC9\/1dAKmEEFkWRYkh5oBejnxQJiSJPJ\/uKBp0Thszx9Mw8hMRIQjKsptCfuES9zr5WJY6vSFCIvE9fCMUmEM1A1kSXcYGxgVYsvI1IPKTZciSTI0us\/SMGG04gDzELDoFBwdcFJrF88dqgYMTiL6DILWYyfOWE8\/kIz38olCNlC03FK95+imxp6y4oUSvAnBjHHhKNtotSDqJzVFiK8c2SBqhZtsrTtgrLXwAyduxZHNE26eHUt5rtuM4WSmds3G+sUdWYo1L+XyxButoh5eKUHk5lByO3G1LqqCWVnfrv\/lyPtf\/4ps1cndNGIri8J1TJ0lx6dR\/oPjq1nbRwdp2dCk4CtIOLW3pVKRL6WZfS5vF2KkIQhpwSsjiYIgNCs1gEMGqiIq24NQX9NwoXFy8Ufrl3twTcg4fv8T9\/JBEySduj6Mjm4bMzYV7EEOxKjjoNDud7yY3Dy71Hq2oLmqfbNR723edH9PgMrNL2utoQ3VmaIDkiw\/4w51P06hlZsTZvkRrbVuSIs\/zwSOsycgzStQouoAkWQqioRT5XI7n2Z1wfVhoZmcAJLsoqjqpjbWCgpOAJXBwHK8PzWbNvoUZJND5wCnSkLAkZ1legx6vqQzjoiTahKlGUGLAiIIoABOHaNVw4sexZBym6\/HWlH5h3IC7yRbxtipcWxdTOkORKiNQAEkFf66x5S2oeRbroOlLgg0sSYkR0hRGEqJZ0jTPiQKatESdBckpWigxaapEH0lImHdWu9pUFF2XqMNM2Z4kped7IwEJw2qabwtrQqnpw6HyKkgcadKWsmpywwesDyIhYRpdzXddqegtGIJlXbAIUMOLkGxJUjRIkokwjUaX9d\/kK62ps\/tYUqZLIMkLTyBhsMZ3C5Z\/kDxOSCb\/DOs\/\/J0qcWSX\/2ipe56EgTCA4\/cB7NAYOsni4mZM1MUPAISoEwkDi4lhVBQ1cWQyIcwalw4EpqZN68JUSK7XC0kTlkLYii5uXSC8jT5ncCAS7mjCv0uHp\/3lueHEEAeQ\/\/VgmdN71\/2uCSA1Xr6DO6uI6sW56zqT2tp2PhgiRUAajV8CY2fkcz6WGNKMgLAt7tJAhD4YHMTeRxlALE6+43WqjSWi8ITxyJl8WrwWSNESQZZOqhDDntO3hJLsd5RtSpbJqdv3YrDJH3F7jL1R2O2aQkn2MyCyKYz0GPGIvSAMgBCrCEiJyKbBaYGwLW4uPRr0A0M4Ux5kUI7IBh+hMdiCEWNqhMZGyYMsOgNE58UQuEQeUnSWCMYwL54hkxK6IoqucQZbQ3pc3XtL0lky1dL0zZJJDpWJovFqpWj6JEHnyam2eQp5QRVAVHjWparTOaVwUOx99YS2MvgxIGV0bb+qIg2HX2qkFFJB+XZcbLiuRkuxD9GRroKyveLxdh4d7Orx+hb7qc3uVRuEogCOnyIxm4ubUoPgF4jianDrC+SDQDKEfJb0GUKmjCGPYHGJvVC6X4hw1\/sAfQAdfYyephIaspXe36RwOP+Ljvfx9B6B3i+Nk0DGq+oCbLn6JpBa9nWAveAIHwFAwtVcIJXPMPL8kRu5OAYPMaL1WScTxjiZDqB9LTJSWphow\/pTYKRTLjCBhvi9iBidvKcDasGSm0QQkycYuLBqj6QCELPctqChDWpTRMWkngNNpQ1Pfp1KkiT\/Y0DGffXAweUNfLAfaJFKDwhb6I+bkYRbkERoEeu3Fyjg2opMz2daZCS9jt6Q7txNfB+OZEVF6Zl5web2xunnLQrtrjXseXKaFYziYINeMFZVxS9VxRhOoesYwxPKXm+gWLG9cuFeq93UNNeJNsf1KlwuDok9n02n3TgIJpOxNfL9naIoQwXtfH9kjceTIIi709ncTg6LZbg+biLH1V6u\/7rxBem06VXKn9raAAAAAElFTkSuQmCC\")      no-repeat center center \/ contain;  }  @media screen and (max-width: 960px) and (orientation: portrait) {    .logo {      width: 100%;    }    .logo .pc-banner {      display: none;    }    .logo .m-banner {      display: block;      width: 100%;    }    .logo .m-banner img {      height: auto!important;    }    .ytvideo {      height: 200px;      width: 100%;    }  }<\/style><style>  .video-section {    width: 100%;    margin: 0 auto;  }  .video-section > img {    width: 100%;  }  .video-section iframe,  .video-section video {    width: 100%;    height: 100%;      }  .video-section-img-m,  .video-section-img-pc > img {    width: 100%;    height: auto;  }  .video-section-img-pc.small > img {    width: 970px;  }  .video-desc {    line-height: 1.5;    font-size: 20px;    font-weight: 400;    margin: 20px 0;    text-align: center;    color: #0f1111;    word-break: break-word;  }  @media screen and (max-width: 960px) and (orientation: portrait) {    .video-section {      width: 100%;    }    .video-section-pc,    .video-section-img-pc {      display: none;    }    .video-section-m,    .video-section-img-m {      display: block;    }    .video-desc {      font-size: 15px;    }  }  @media screen and (min-width: 960px) {    .video-section {      width: 100%;      margin: 0 auto;    }    .video-section-pc,    .video-section-img-pc {      display: block;    }    .video-section-m,    .video-section-img-m {      display: none;    }    .video-desc {      font-size: 20px;    }  }<\/style><style>  .section + .section {    margin-top: 35px;  }  .section-title {    text-align: center;    font-weight: bold;    color: #0d1111;    font-family: \"Arial\";    font-size: 32px;    margin: 15px 0;  }  .section-title:empty {    display: none;  }  .section-desc {    text-align: center;    font-weight: normal;    color: #0d1111;    margin-top: 20px;  }  .section-desc:empty {    display: none;  }  .section-img {    width: 1200px;    height: 492px;    margin: 0 auto;    display: block;  }  .section-img.small {    width: 970px;    height: auto;  }  .section-img.small > img {    height: auto;  }  .section-img > img {    width: 100%;    height: 100%;  }  .section-mobile-img {    display: none;    max-width: 100vw;    max-height: 75vw;    height: 450px;    margin: 0 auto;  }  .section-mobile-img > img {    width: 100%;    height: 100%;  }  @media screen and (max-width: 960px) and (orientation: portrait) {    .container {      width: 100%;    }    .container.small {      width: 100%;    }    .section-mobile-img {      display: block;    }    .section-img {      display: none;    }    .section-title {      font-size: 22px;      margin: 10px 0;    }    .section-desc {      margin-top: 10px;    }    .section + .section {      margin-top: 20px;    }  }<\/style><\/head><body><div class=\"container\"><div class=\"logo\"><div class=\"pc-banner\"><div><img decoding=\"async\" src=\"\/vevor\/vevor\/boutique-banner\/pc\/en-pc@1x.jpg\" style=\"width: 100%;\" \/><\/div><\/div><div class=\"m-banner\"><div><img decoding=\"async\" src=\"\/vevor\/vevor\/boutique-banner\/mobile\/en-m@1x.jpg\" style=\"width: 100%;\" \/><\/div><\/div><\/div><div class=\"section-title\">1,5 kW, 7,5 A, 2 ZS main\u012bgas frekvences piedzi\u0146a<\/div><div class=\"video-section\"><div class=\"video-section-img-pc\"><img decoding=\"async\" src=\"\/vevor\/product\/BPQDQ15KW220PC4GY\/variable-frequency-drive-a100-1.4.jpg\" \/><\/div><div class=\"video-section-img-m\"><img decoding=\"async\" src=\"\/vevor\/product\/BPQDQ15KW220PC4GY\/variable-frequency-drive-a100-1.4-m.jpg\" \/><\/div><div class=\"section-desc\">Main\u012bgas frekvences piedzi\u0146as ieeja ir vienf\u0101zes 220V (1PH) vai tr\u012bsf\u0101zu 220V (3PH), un izeja ir tr\u012bsf\u0101zu 220V (3PH).Ar vieglu elektroinstal\u0101ciju, intuit\u012bvu displeju un visaptvero\u0161u aizsardz\u012bbu tas vienk\u0101r\u0161o darb\u012bbu, uzlabo energoefektivit\u0101ti un samazina ma\u0161\u012bnu defektus.<\/div><\/div><div class=\"section\"><div class=\"section-title\"><\/div><div class=\"section-img\"><img decoding=\"async\" src=\"\/vevor\/product\/BPQDQ15KW220PC4GY\/variable-frequency-drive-a100-2.2.jpg\" \/><\/div><div class=\"section-mobile-img\"><img decoding=\"async\" src=\"\/vevor\/product\/BPQDQ15KW220PC4GY\/variable-frequency-drive-a100-2.2-m.jpg\" \/><\/div><div class=\"section-desc\">Main\u012bgas frekvences diskdzinis ir veidots ar lietot\u0101jam draudz\u012bgumu, ar intuit\u012bvu displeju un viegli lietojam\u0101m pog\u0101m \u0101trai un bez probl\u0113m\u0101m palai\u0161anai. Taj\u0101 ir ar\u012b no\u0146emams panelis, ko var savienot ar atbilsto\u0161o interfeisu t\u0101lvad\u012bbas pultij, pied\u0101v\u0101jot papildu \u0113rt\u012bbas.<\/div><\/div><div class=\"section\"><div class=\"section-title\"><\/div><div class=\"section-img\"><img decoding=\"async\" src=\"\/vevor\/product\/BPQDQ15KW220PC4GY\/variable-frequency-drive-a100-2.3.jpg\" \/><\/div><div class=\"section-mobile-img\"><img decoding=\"async\" src=\"\/vevor\/product\/BPQDQ15KW220PC4GY\/variable-frequency-drive-a100-2.3-m.jpg\" \/><\/div><div class=\"section-desc\">M\u016bsu VFD ir apr\u012bkots ar inteli\u0123entu aizsardz\u012bbas sist\u0113mu, kas nodro\u0161ina dro\u0161\u012bbu pret p\u0101rslodzi, p\u0101rslodzi, p\u0101rspriegumu un f\u0101zes zudumu. Tas galvenok\u0101rt ir izgatavots no liesmu sl\u0101p\u0113jo\u0161a ABS, nodro\u0161inot augstu veiktsp\u0113ju un kvalit\u0101ti no iek\u0161puses uz \u0101ru, sniedzot jums sirdsmieru lieto\u0161anas laik\u0101.<\/div><\/div><div class=\"section\"><div class=\"section-title\"><\/div><div class=\"section-img\"><img decoding=\"async\" src=\"\/vevor\/product\/BPQDQ15KW220PC4GY\/variable-frequency-drive-a100-2.4.jpg\" \/><\/div><div class=\"section-mobile-img\"><img decoding=\"async\" src=\"\/vevor\/product\/BPQDQ15KW220PC4GY\/variable-frequency-drive-a100-2.4-m.jpg\" \/><\/div><div class=\"section-desc\">Stabila un efekt\u012bva darb\u012bba nodro\u0161ina lielus dzes\u0113\u0161anas ventilatorus un daudzumata caurumu siltuma izklied\u0113\u0161anas dizainu, nov\u0113r\u0161ot p\u0101rkar\u0161anu un p\u0101rslodzi ilgsto\u0161as darb\u012bbas laik\u0101.<\/div><\/div><div class=\"section\"><div class=\"section-title\"><\/div><div class=\"section-img\"><img decoding=\"async\" src=\"\/vevor\/product\/BPQDQ15KW220PC4GY\/variable-frequency-drive-a100-2.5.jpg\" \/><\/div><div class=\"section-mobile-img\"><img decoding=\"async\" src=\"\/vevor\/product\/BPQDQ15KW220PC4GY\/variable-frequency-drive-a100-2.5-m.jpg\" \/><\/div><div class=\"section-desc\">Uzst\u0101d\u012b\u0161anas padomi: 1Izsl\u0113dziet str\u0101vu, kad savienojat vadus 2VFD aizsardz\u012bbai nospiediet sarkano pogu 'Stop' un izsl\u0113dziet, kad to neizmanto.3 Izvairieties no uzst\u0101d\u012b\u0161anas mitr\u0101 vai augstas temperat\u016bras vid\u0113.4Optim\u0101lai veiktsp\u0113jai ar liel\u0101k\u0101m motora slodz\u0113m apsveriet iesp\u0113ju izv\u0113l\u0113ties jaud\u012bg\u0101ku VFD.<\/div><\/div><div class=\"section\"><div class=\"section-img\"><img decoding=\"async\" src=\"\/vevor\/product\/BPQDQ15KW220PC4GY\/variable-frequency-drive-a100-1.11.jpg\" \/><\/div><div class=\"section-mobile-img\"><img decoding=\"async\" src=\"\/vevor\/product\/BPQDQ15KW220PC4GY\/variable-frequency-drive-a100-1.11-m.jpg\" \/><\/div><\/div><\/div><\/body><\/html><\/div>\n<div class=\"DM_at-title\" id=\"js-DM_at-title\"> <div>Produkta specifik\u0101cija<\/div> <i class=\"icon-arrowup_line\"><\/i> <\/div><div class=\"DM_at-goodsDescAttr\" id=\"js-DM_at-goodsDescAttr\"> <div class=\"DM_at-goodsDescAttrInner\"> <dl class=\"goodsDesc_item goodsDesc_item_even\"> <dt>Preces Mode\u013ca Numurs<\/dt> <dd> A2-8015<\/dd> <\/dl> <dl class=\"goodsDesc_item\"> <dt>Ieejas Spriegums<\/dt> <dd> 220 V (vienf\u0101zes vai tr\u012bsf\u0101\u017eu)<\/dd> <\/dl> <dl class=\"goodsDesc_item goodsDesc_item_even\"> <dt>Ieejas Str\u0101va<\/dt> <dd> 7.5 A<\/dd> <\/dl> <dl class=\"goodsDesc_item\"> <dt>Izejas Spriegums<\/dt> <dd> 220 V (tr\u012bsf\u0101\u017eu)<\/dd> <\/dl> <dl class=\"goodsDesc_item goodsDesc_item_even\"> <dt>Jauda<\/dt> <dd> 1,5 kW<\/dd> <\/dl> <dl class=\"goodsDesc_item\"> <dt>Ieejas Frekvence<\/dt> <dd> 40\u201360 Hz<\/dd> <\/dl> <dl class=\"goodsDesc_item goodsDesc_item_even\"> <dt>Izejas Frekvence<\/dt> <dd> 0\u2013400 Hz<\/dd> <\/dl> <dl class=\"goodsDesc_item\"> <dt>Jauda<\/dt> <dd> 2HP<\/dd> <\/dl> <dl class=\"goodsDesc_item goodsDesc_item_even\"> <dt>Galvenais materi\u0101ls<\/dt> <dd> Ugunsdro\u0161s ABS<\/dd> <\/dl> <dl class=\"goodsDesc_item\"> <dt>Neto Svars<\/dt> <dd> 1,9 m\u0101rci\u0146as \/ 0,86 kg<\/dd> <\/dl> <dl class=\"goodsDesc_item goodsDesc_item_even\"> <dt>Produkta Izm\u0113ri<\/dt> <dd> 5,4 x 3,2 x 4,5 collas \/ 138 x 82 x 114 mm<\/dd> <\/dl> <\/div> <\/div>","protected":false},"excerpt":{"rendered":"<ul>\n<li> Galvenie parametri: jauda: 1,5 kW, zirgsp\u0113ki: 2 ZS, ieejas str\u0101va: 7,5 A. Ieejas f\u0101ze: vienf\u0101zes 220 V vai tr\u012bsf\u0101\u017eu 220 V; izejas f\u0101ze: tr\u012bsf\u0101\u017eu 220 V. Ieejas frekvence: 40\u201360 Hz; izejas frekvence: 0\u2013400 Hz. <\/li>\n<li> Intuit\u012bvs displejs un pogas: M\u016bsu main\u012bg\u0101s frekvences disks (VFD) ir apr\u012bkots ar intuit\u012bvu displeju un viegli lietojam\u0101m pog\u0101m, kas \u013cauj lietot\u0101jiem \u0101tri s\u0101kt darbu. Atvienojamo paneli var pievienot atbilsto\u0161ajam interfeisam att\u0101lin\u0101tai vad\u012bbai, nodro\u0161inot papildu \u0113rt\u012bbas un elast\u012bbu. <\/li>\n<li> Dro\u0161\u012bba un iztur\u012bba P\u0101rdefin\u0113ts: VFD izce\u013cas ar visaptvero\u0161u aizsardz\u012bbas sist\u0113mu, kas aizsarg\u0101 pret p\u0101rslodzi, p\u0101rslodzi, p\u0101rspriegumu, f\u0101zes zudumu un daudz ko citu. \u0160\u012bs funkcijas pie\u0161\u0137ir priorit\u0101ti j\u016bsu dro\u0161\u012bbai un uzlabo VFD ilgm\u016b\u017e\u012bbu. Tas nodro\u0161ina \u0101tru dzes\u0113\u0161anu ilgsto\u0161as lieto\u0161anas laik\u0101 ar daudzpus\u0113ju un vair\u0101ku caurumu dizainu. <\/li>\n<li> Daudzpus\u012bbas meistars: m\u016bsu VFD ir ide\u0101li piem\u0113rots tr\u012bsf\u0101zu motoru vad\u012b\u0161anai da\u017e\u0101d\u0101s iek\u0101rt\u0101s, tostarp CNC mar\u0161rut\u0113t\u0101jos, CNC ma\u0161\u012bn\u0101s, fr\u0113zma\u0161\u012bn\u0101s, urbjma\u0161\u012bn\u0101s, kompresoros, s\u016bk\u0146os, sl\u012bpma\u0161\u012bn\u0101s, liftos, centrif\u016bg\u0101s un cit\u0101s \u0101truma kontroles ma\u0161\u012bn\u0101s.Liel\u0101k\u0101m motora slodz\u0113m, l\u016bdzu, izv\u0113lieties jaud\u012bg\u0101ku VFD, lai ieg\u016btu vislab\u0101kos rezult\u0101tus. <\/li>\n<li> Draudz\u012bgs atg\u0101din\u0101jums: motora jauda nedr\u012bkst p\u0101rsniegt main\u012bgas frekvences piedzi\u0146as jaudu, un tai nav noz\u012bmes maz\u0101kai jaudai. Atkar\u012bb\u0101 no da\u017e\u0101d\u0101s slodzes jauda ir j\u0101samazina, lai nodro\u0161in\u0101tu optim\u0101lu lieto\u0161anu, \u012bpa\u0161i lielas slodzes situ\u0101cij\u0101s. <\/li>\n<\/ul>","protected":false},"featured_media":323351,"comment_status":"closed","ping_status":"open","template":"","meta":{"om_disable_all_campaigns":false,"_uf_show_specific_survey":0,"_uf_disable_surveys":false},"location":[1935,1934],"product_brand":[21],"product_cat":[34,2671,2673,2672],"product_tag":[],"class_list":{"0":"post-51613","1":"product","2":"type-product","3":"status-publish","4":"has-post-thumbnail","6":"location-supplier_stock_location","7":"location-local_stock_location","8":"product_brand-vevor","9":"product_cat-electrical","10":"product_cat-power-distribution","11":"product_cat-variable-frequency-drive","12":"product_cat-voltage-transformers","14":"first","15":"instock","16":"featured","17":"taxable","18":"shipping-taxable","19":"purchasable","20":"product-type-simple"},"aioseo_notices":[],"locations":[{"id":1935,"name":"Pieg\u0101d\u0101ja noliktav\u0101 (5-7dd.d)","slug":"supplier_stock_location","quantity":"49"},{"id":1934,"name":"R\u012bgas veikal\u0101 (0-2d.d.)","slug":"local_stock_location","quantity":"0"}],"_links":{"self":[{"href":"https:\/\/vevorshop.lv\/lv\/wp-json\/wp\/v2\/product\/51613","targetHints":{"allow":["GET"]}}],"collection":[{"href":"https:\/\/vevorshop.lv\/lv\/wp-json\/wp\/v2\/product"}],"about":[{"href":"https:\/\/vevorshop.lv\/lv\/wp-json\/wp\/v2\/types\/product"}],"replies":[{"embeddable":true,"href":"https:\/\/vevorshop.lv\/lv\/wp-json\/wp\/v2\/comments?post=51613"}],"wp:featuredmedia":[{"embeddable":true,"href":"https:\/\/vevorshop.lv\/lv\/wp-json\/wp\/v2\/media\/323351"}],"wp:attachment":[{"href":"https:\/\/vevorshop.lv\/lv\/wp-json\/wp\/v2\/media?parent=51613"}],"wp:term":[{"taxonomy":"location","embeddable":true,"href":"https:\/\/vevorshop.lv\/lv\/wp-json\/wp\/v2\/location?post=51613"},{"taxonomy":"product_brand","embeddable":true,"href":"https:\/\/vevorshop.lv\/lv\/wp-json\/wp\/v2\/product_brand?post=51613"},{"taxonomy":"product_cat","embeddable":true,"href":"https:\/\/vevorshop.lv\/lv\/wp-json\/wp\/v2\/product_cat?post=51613"},{"taxonomy":"product_tag","embeddable":true,"href":"https:\/\/vevorshop.lv\/lv\/wp-json\/wp\/v2\/product_tag?post=51613"}],"curies":[{"name":"wp","href":"https:\/\/api.w.org\/{rel}","templated":true}]}}