{"id":51713,"date":"2024-11-19T20:04:19","date_gmt":"2024-11-19T20:04:19","guid":{"rendered":"http:\/\/vevorshop.edigo.lv\/Prece\/vevor-through-the-door-key-drop-box-12x6x16-mailbox-with-1-812-key-lock-black\/"},"modified":"2026-05-03T03:24:53","modified_gmt":"2026-05-03T00:24:53","slug":"vevor-through-the-door-key-drop-box-12x6x16-mailbox-with-1-812-key-lock-black","status":"publish","type":"product","link":"https:\/\/vevorshop.lv\/lv\/Prece\/vevor-caur-durvju-atslegu-kastite-12x6x16-pastkastite-ar-1-812-atslegas-sledzeni-melna\/","title":{"rendered":"VEVOR Sienas mont\u0113ta lietus necaurlaid\u012bga t\u0113rauda atsl\u0113gu nolai\u0161anas kaste 30,5\u00d715,2\u00d740,6 cm ar 4,6 cm slotu un atsl\u0113gu sl\u0113dzeni pastam un pak\u0101m \u2013 melna"},"content":{"rendered":"<div style=\"color: #fff!important; font-size: 16px; height: 24px; line-height: 24px; margin-top: -24px; \" class=\"product_original_name\">VEVOR Caur Durvju Atsl\u0113gu Pilienu Kaste 30.5x15.2x40.6 cm Pastkast\u012bte ar 4.6cm 30.5cm Atsl\u0113gu Sl\u0113dzene Melna<\/div>\n<div style=\"color: #fff!important; font-size: 16px; height: 24px; line-height: 24px; margin-top: -24px; \" class=\"product_sku\">M4I4LWAE<\/div>\n<div style=\"color: #fff!important; font-size: 16px; height: 24px; line-height: 24px; margin-top: -24px; \" class=\"product_mpn\">CQXBX12616INYUG59V0<\/div><div id=\"js-DM_at-goodDescRich\"><html><head><style>  body {    font-family: Arial;    line-height: 1.5;    color: #1c1c1c;    overflow-x: hidden;    margin: 0;    padding: 0;  }  .MsoNormal b {    font-weight: bolder;  }<\/style><style>  .container.small {    width: 970px;    margin: 0 auto;  }  .logo {    margin: 0 auto 0;  }  .logo img {    display: block;    margin: 0 auto;    max-width: 100%;  }  .logo .pc-banner {    display: block;    width: 1200px;    height: 247.4px;    margin: 0 auto;  }  .logo .pc-banner.small {    width: 970px;  }  .logo .pc-banner.small img {    height: auto!important;  }  .logo .m-banner {    display: none;  }  .ytvideo {    position: relative;    height: 546px;    width: 100%;    margin: 0 auto;  }  .ytvideo img {    width: 100%;    margin: 0 auto;  }  .ytvideo .play-btn {    width: 60px;    height: 42px;    position: absolute;    top: 50%;    left: 50%;    transform: translate(-50%, -50%);    background: url(\"data:image\/png;base64,iVBORw0KGgoAAAANSUhEUgAAAGQAAABGCAMAAAANWMFbAAAC+lBMVEUAAADBGB3kLCfBGB3kLCfcJC7BFx3KKSbiKybkLCbWJCPSIiLSIiLPICHAFx3kLCfgKSXNHiDZJiTIGx\/p4eHcjo7LHSDbJyTkLCbjKyfOHyHPIiL28fHJHB\/GGh7EGR7eKCXDGB3RISHlLSbBGB3AFxzGHB7DGB7BGB3hKybkKybAFx3lLCfAFxzDGR3hKibDGB7cJyTmz8\/elJTlwcHjurrUIyLlLSflLSfAFx3DGR7lLSfCFx3hKibhKibhKybjKybkLCblLSfbJSX49vbx7e3NNzjNMTLMJyjVIyLZf3\/ZQ0LaeHjx0tLgoqLkLCfCGB3HGx\/BGB3BFx3PICHCGB7WJCLOHyC\/Fxy\/Fx3lLCfQISHkLSe\/FxzbJiTBFx3FGx\/AGB7BFx3EGR7AGB3HHSDfKiXAFh3TISHYNzbhKibbJyTTIiL57e325+f039\/v2NjUV1fOHiHiqanfmprch4feKSXVIyPOICHmLibFGh\/mLSe\/Fx7XJCPeKSXXJSPNHyHaJyTGGh7lLCbmLCflLSjSIiLkLCbdKSXLHiC\/GB3KHh++Fh3lKyfoLiXcKCPkx8fYb2\/XaGfVXl3aU1LLHiDksbHgKibPICHbJyTfKSXbJyTCGB3KHSDiKybFGh7TIiL\/\/\/\/VIyPRISHIHB\/GGx\/HHB\/DGR7gKibdKCXLHiDZJiTMHiDNHyHYJSTOICHPICHWJCPcKCXXJSPjLCblLCf+\/f3NGR\/uLijzLynPGR\/IGB7WISHaIyLLGh7UAADxLynNAADRLzDbICLQAADIAAD3MCrUHSHXMTDpKSbLAADp5OTij4\/ejo\/VLy\/1LyngJSTcJCPQHx\/OHB7+\/PzaMS\/OLS\/vLijrLSjSAADaNTPwLyjkKSbNJCbYISHPHB\/KGB7WAAD7+vrn3d3aKynTKCjoLCfsKifRGh\/YAADq5+fhjo7QNDXXKCfmJyXt5+fTLzDLLi\/QKivYHRvMGBrQJCXLISPMExXLDxLaEAvkkI\/bOTfaFQ\/SCgpvLcnHAAAAmnRSTlMA+vv7+gT9Bvf9+8z8\/NSv\/Pr5+P7++vnQIBMP\/v38\/Pn348XDiCYf9OjbzcqxXVcx\/fz8+\/rj1r2poo1+fXFqX0orGP7+\/v7+\/fz8+\/r68uzn4trIxsG\/vri3p6GcmZSNbWVYUUZEPQv+\/f39+\/v7+\/v7+vr64tvV1NTTz87FtbSurqeblJKFg4B3bUY+NjL7+\/v7+\/v67t1cDo8JLQAABkRJREFUWMO0kz9rwkAYh0OIeJkum6YugUAhISCdKoj\/P4C7SMdS+gEKIhSKil10LSg4mzXkILdlEpxCpwTiWOLX6BujvQaEQuGeHLnL+\/64J+SIcKGYTYWnntpdLjrVdqvZmNdn0+EE40GtpuuWVS6Xx6N7YDSGpWXpeq02wHgynM7q80az1a52HpddtVcpsi1zFARBrdaxbhp9iUReTGmwA4KAAr7vx3EYejnCMI6hQYEgy0LQi4jUN0wL19vqFcUC9\/1dAKmEEFkWRYkh5oBejnxQJiSJPJ\/uKBp0Thszx9Mw8hMRIQjKsptCfuES9zr5WJY6vSFCIvE9fCMUmEM1A1kSXcYGxgVYsvI1IPKTZciSTI0us\/SMGG04gDzELDoFBwdcFJrF88dqgYMTiL6DILWYyfOWE8\/kIz38olCNlC03FK95+imxp6y4oUSvAnBjHHhKNtotSDqJzVFiK8c2SBqhZtsrTtgrLXwAyduxZHNE26eHUt5rtuM4WSmds3G+sUdWYo1L+XyxButoh5eKUHk5lByO3G1LqqCWVnfrv\/lyPtf\/4ps1cndNGIri8J1TJ0lx6dR\/oPjq1nbRwdp2dCk4CtIOLW3pVKRL6WZfS5vF2KkIQhpwSsjiYIgNCs1gEMGqiIq24NQX9NwoXFy8Ufrl3twTcg4fv8T9\/JBEySduj6Mjm4bMzYV7EEOxKjjoNDud7yY3Dy71Hq2oLmqfbNR723edH9PgMrNL2utoQ3VmaIDkiw\/4w51P06hlZsTZvkRrbVuSIs\/zwSOsycgzStQouoAkWQqioRT5XI7n2Z1wfVhoZmcAJLsoqjqpjbWCgpOAJXBwHK8PzWbNvoUZJND5wCnSkLAkZ1legx6vqQzjoiTahKlGUGLAiIIoABOHaNVw4sexZBym6\/HWlH5h3IC7yRbxtipcWxdTOkORKiNQAEkFf66x5S2oeRbroOlLgg0sSYkR0hRGEqJZ0jTPiQKatESdBckpWigxaapEH0lImHdWu9pUFF2XqMNM2Z4kped7IwEJw2qabwtrQqnpw6HyKkgcadKWsmpywwesDyIhYRpdzXddqegtGIJlXbAIUMOLkGxJUjRIkokwjUaX9d\/kK62ps\/tYUqZLIMkLTyBhsMZ3C5Z\/kDxOSCb\/DOs\/\/J0qcWSX\/2ipe56EgTCA4\/cB7NAYOsni4mZM1MUPAISoEwkDi4lhVBQ1cWQyIcwalw4EpqZN68JUSK7XC0kTlkLYii5uXSC8jT5ncCAS7mjCv0uHp\/3lueHEEAeQ\/\/VgmdN71\/2uCSA1Xr6DO6uI6sW56zqT2tp2PhgiRUAajV8CY2fkcz6WGNKMgLAt7tJAhD4YHMTeRxlALE6+43WqjSWi8ITxyJl8WrwWSNESQZZOqhDDntO3hJLsd5RtSpbJqdv3YrDJH3F7jL1R2O2aQkn2MyCyKYz0GPGIvSAMgBCrCEiJyKbBaYGwLW4uPRr0A0M4Ux5kUI7IBh+hMdiCEWNqhMZGyYMsOgNE58UQuEQeUnSWCMYwL54hkxK6IoqucQZbQ3pc3XtL0lky1dL0zZJJDpWJovFqpWj6JEHnyam2eQp5QRVAVHjWparTOaVwUOx99YS2MvgxIGV0bb+qIg2HX2qkFFJB+XZcbLiuRkuxD9GRroKyveLxdh4d7Orx+hb7qc3uVRuEogCOnyIxm4ubUoPgF4jianDrC+SDQDKEfJb0GUKmjCGPYHGJvVC6X4hw1\/sAfQAdfYyephIaspXe36RwOP+Ljvfx9B6B3i+Nk0DGq+oCbLn6JpBa9nWAveAIHwFAwtVcIJXPMPL8kRu5OAYPMaL1WScTxjiZDqB9LTJSWphow\/pTYKRTLjCBhvi9iBidvKcDasGSm0QQkycYuLBqj6QCELPctqChDWpTRMWkngNNpQ1Pfp1KkiT\/Y0DGffXAweUNfLAfaJFKDwhb6I+bkYRbkERoEeu3Fyjg2opMz2daZCS9jt6Q7txNfB+OZEVF6Zl5web2xunnLQrtrjXseXKaFYziYINeMFZVxS9VxRhOoesYwxPKXm+gWLG9cuFeq93UNNeJNsf1KlwuDok9n02n3TgIJpOxNfL9naIoQwXtfH9kjceTIIi709ncTg6LZbg+biLH1V6u\/7rxBem06VXKn9raAAAAAElFTkSuQmCC\")      no-repeat center center \/ contain;  }  @media screen and (max-width: 960px) and (orientation: portrait) {    .logo {      width: 100%;    }    .logo .pc-banner {      display: none;    }    .logo .m-banner {      display: block;      width: 100%;    }    .logo .m-banner img {      height: auto!important;    }    .ytvideo {      height: 200px;      width: 100%;    }  }<\/style><style>  .video-section {    width: 100%;    margin: 0 auto;  }  .video-section > img {    width: 100%;  }  .video-section iframe,  .video-section video {    width: 100%;    height: 100%;      }  .video-section-img-m,  .video-section-img-pc > img {    width: 100%;    height: auto;  }  .video-section-img-pc.small > img {    width: 970px;  }  .video-desc {    line-height: 1.5;    font-size: 20px;    font-weight: 400;    margin: 20px 0;    text-align: center;    color: #0f1111;    word-break: break-word;  }  @media screen and (max-width: 960px) and (orientation: portrait) {    .video-section {      width: 100%;    }    .video-section-pc,    .video-section-img-pc {      display: none;    }    .video-section-m,    .video-section-img-m {      display: block;    }    .video-desc {      font-size: 15px;    }  }  @media screen and (min-width: 960px) {    .video-section {      width: 100%;      margin: 0 auto;    }    .video-section-pc,    .video-section-img-pc {      display: block;    }    .video-section-m,    .video-section-img-m {      display: none;    }    .video-desc {      font-size: 20px;    }  }<\/style><style>  .section + .section {    margin-top: 35px;  }  .section-title {    text-align: center;    font-weight: bold;    color: #0d1111;    font-family: \"Arial\";    font-size: 32px;    margin: 15px 0;  }  .section-title:empty {    display: none;  }  .section-desc {    text-align: center;    font-weight: normal;    color: #0d1111;    margin-top: 20px;  }  .section-desc:empty {    display: none;  }  .section-img {    width: 1200px;    height: 492px;    margin: 0 auto;    display: block;  }  .section-img.small {    width: 970px;    height: auto;  }  .section-img.small > img {    height: auto;  }  .section-img > img {    width: 100%;    height: 100%;  }  .section-mobile-img {    display: none;    max-width: 100vw;    max-height: 75vw;    height: 450px;    margin: 0 auto;  }  .section-mobile-img > img {    width: 100%;    height: 100%;  }  @media screen and (max-width: 960px) and (orientation: portrait) {    .container {      width: 100%;    }    .container.small {      width: 100%;    }    .section-mobile-img {      display: block;    }    .section-img {      display: none;    }    .section-title {      font-size: 22px;      margin: 10px 0;    }    .section-desc {      margin-top: 10px;    }    .section + .section {      margin-top: 20px;    }  }<\/style><\/head><body><div class=\"container small\"><div class=\"logo\"><div class=\"pc-banner small\"><div><img decoding=\"async\" src=\"\/vevor\/vevor\/boutique-banner\/pc\/en-pc@1x.jpg\" style=\"width: 100%;\" \/><\/div><\/div><div class=\"m-banner\"><div><img decoding=\"async\" src=\"\/vevor\/vevor\/boutique-banner\/mobile\/en-m@1x.jpg\" style=\"width: 100%;\" \/><\/div><\/div><\/div><div class=\"section-title\">Lietus necaurlaid\u012bgs atloks<\/div><div class=\"video-section\"><div class=\"video-section-img-pc small\"><img decoding=\"async\" src=\"\/vevor\/product\/CQXBX12616INYUG59\/through-the-wall-drop-box-a100-1.4-pt.jpg\" alt=\"VEVOR atsl\u0113gu nolai\u017eam\u0101 kaste, lietus necaurlaid\u012bga caur sienu konstrukcija, ar dren\u0101\u017eas caurumiem un mitrumiztur\u012bgu gumijas pakl\u0101ju.\" \/><\/div><div class=\"video-section-img-m\"><img decoding=\"async\" src=\"\/vevor\/product\/CQXBX12616INYUG59\/through-the-wall-drop-box-a100-1.4-pt.jpg\" alt=\"VEVOR atsl\u0113gu nolai\u017eam\u0101 kaste, lietus necaurlaid\u012bga caur sienu konstrukcija, ar dren\u0101\u017eas caurumiem un mitrumiztur\u012bgu gumijas pakl\u0101ju.\" \/><\/div><div class=\"section-desc\">J\u016bs varat dro\u0161i pa\u013cauties uz m\u016bsu caur durv\u012bm atveramo atsl\u0113gu kast\u012bti ar t\u0101s unik\u0101lo lietus necaurlaid\u012bgo atloku, kas kalpo k\u0101 iztur\u012bgs sargs, lai pasarg\u0101tu v\u0113tras un nodro\u0161in\u0101tu j\u016bsu pasta aizsardz\u012bbu.<\/div><\/div><div class=\"section\"><div class=\"section-title\">Ietilp\u012bga atvere<\/div><div class=\"section-img small\"><img decoding=\"async\" src=\"\/vevor\/product\/CQXBX12616INYUG59\/through-the-wall-drop-box-a100-2.2-pt.jpg\" alt=\"VEVOR atsl\u0113gu nome\u0161anas kaste ar 9,8x1,8 slotu, ide\u0101li piem\u0113rota pastam un atsl\u0113g\u0101m, k\u0101 ar\u012b pla\u0161a iek\u0161\u0113j\u0101 kr\u0101tuve.\" \/><\/div><div class=\"section-mobile-img\"><img decoding=\"async\" src=\"\/vevor\/product\/CQXBX12616INYUG59\/through-the-wall-drop-box-a100-2.2-pt.jpg\" alt=\"VEVOR atsl\u0113gu nome\u0161anas kaste ar 9,8x1,8 slotu, ide\u0101li piem\u0113rota pastam un atsl\u0113g\u0101m, k\u0101 ar\u012b pla\u0161a iek\u0161\u0113j\u0101 kr\u0101tuve.\" \/><\/div><div class=\"section-desc\">Pasts ir pieejams da\u017e\u0101dos izm\u0113ros, ta\u010du m\u016bsu pla\u0161aj\u0101 9,8x1,8 collu slot\u0101 caur durvju nolai\u017eamo kast\u012bti ir \u0113rti ievietot visu, s\u0101kot no liel\u0101m pak\u0101m l\u012bdz maz\u0101m kart\u0113m. Neatkar\u012bgi no t\u0101, vai t\u0101s ir aploksnes, atsl\u0113gas, t\u0101lvad\u012bbas pulti vai nomas \u010deki, viss der bez piep\u016bles.<\/div><\/div><div class=\"section\"><div class=\"section-title\">Iztur\u012bga t\u0113rauda konstrukcija<\/div><div class=\"section-img small\"><img decoding=\"async\" src=\"\/vevor\/product\/CQXBX12616INYUG59\/through-the-wall-drop-box-a100-2.3-pt.jpg\" alt=\"VEVOR atsl\u0113gu nodo\u0161anas kast\u012bte ar ner\u016bs\u0113jo\u0161u pulverkr\u0101sojumu un \u012bpa\u0161i iztur\u012bgu t\u0113raudu ilgsto\u0161ai iztur\u012bbai.\" \/><\/div><div class=\"section-mobile-img\"><img decoding=\"async\" src=\"\/vevor\/product\/CQXBX12616INYUG59\/through-the-wall-drop-box-a100-2.3-pt.jpg\" alt=\"VEVOR atsl\u0113gu nodo\u0161anas kast\u012bte ar ner\u016bs\u0113jo\u0161u pulverkr\u0101sojumu un \u012bpa\u0161i iztur\u012bgu t\u0113raudu ilgsto\u0161ai iztur\u012bbai.\" \/><\/div><div class=\"section-desc\">Izgatavota no iztur\u012bga t\u0113rauda un p\u0101rkl\u0101ta ar pulverkr\u0101su papildu aizsardz\u012bbai pret r\u016bsu, m\u016bsu caur durv\u012bm atveram\u0101 pastkast\u012bte nodro\u0161ina ilgsto\u0161u iztur\u012bbu un iztur\u012bbu pret koroziju. Pulverkr\u0101sojums uzlabo t\u0101s iztur\u012bbu, saglab\u0101jot pievilc\u012bgu izskatu laika gait\u0101.<\/div><\/div><div class=\"section\"><div class=\"section-title\">Vienk\u0101r\u0161a Uzst\u0101d\u012b\u0161ana<\/div><div class=\"section-img small\"><img decoding=\"async\" src=\"\/vevor\/product\/CQXBX12616INYUG59\/through-the-wall-drop-box-a100-2.4-pt.jpg\" alt=\"Tr\u012bspak\u0101pju VEVOR atsl\u0113gu kast\u012btes uzst\u0101d\u012b\u0161anas rokasgr\u0101mata: izgrieziet caurumu, piestipriniet portu un uzst\u0101diet kast\u012bti. Vienk\u0101r\u0161a uzst\u0101d\u012b\u0161ana.\" \/><\/div><div class=\"section-mobile-img\"><img decoding=\"async\" src=\"\/vevor\/product\/CQXBX12616INYUG59\/through-the-wall-drop-box-a100-2.4-pt.jpg\" alt=\"Tr\u012bspak\u0101pju VEVOR atsl\u0113gu kast\u012btes uzst\u0101d\u012b\u0161anas rokasgr\u0101mata: izgrieziet caurumu, piestipriniet portu un uzst\u0101diet kast\u012bti. Vienk\u0101r\u0161a uzst\u0101d\u012b\u0161ana.\" \/><\/div><div class=\"section-desc\">M\u016bsu atsl\u0113gu nodo\u0161anas kast\u012btes dizains ir veidots, \u0146emot v\u0113r\u0101 katru deta\u013cu, padarot uzst\u0101d\u012b\u0161anu pavisam vienk\u0101r\u0161u. Vienk\u0101r\u0161i atz\u012bm\u0113jiet un atveriet uzst\u0101d\u012b\u0161anas caurumus uz sienas, piestipriniet pieg\u0101des atveri pie durv\u012bm, ievietojiet pastkast\u012bti durv\u012bs un uzst\u0101diet to. Visbeidzot, atiestatiet paroli, un j\u016bsu pastkast\u012bte ir gatava lieto\u0161anai!<\/div><\/div><div class=\"section\"><div class=\"section-title\">Vair\u0101kas apsv\u0113rtas deta\u013cas<\/div><div class=\"section-img small\"><img decoding=\"async\" src=\"\/vevor\/product\/CQXBX12616INYUG59\/through-the-wall-drop-box-a100-2.5-pt.jpg\" alt=\"VEVOR atsl\u0113gu iesai\u0146o\u0161anas kast\u012bte ar pretaizdz\u012b\u0161anas robainu met\u0101lu, \u016bdensnecaurlaid\u012bgu lietus p\u0101rsegu un divk\u0101r\u0161i biez\u0101k\u0101m kast\u012btes durv\u012bm.\" \/><\/div><div class=\"section-mobile-img\"><img decoding=\"async\" src=\"\/vevor\/product\/CQXBX12616INYUG59\/through-the-wall-drop-box-a100-2.5-pt.jpg\" alt=\"VEVOR atsl\u0113gu iesai\u0146o\u0161anas kast\u012bte ar pretaizdz\u012b\u0161anas robainu met\u0101lu, \u016bdensnecaurlaid\u012bgu lietus p\u0101rsegu un divk\u0101r\u0161i biez\u0101k\u0101m kast\u012btes durv\u012bm.\" \/><\/div><div class=\"section-desc\">Apr\u012bkots ar div\u0101m atsl\u0113g\u0101m, \u013caujot jums saglab\u0101t kontroli p\u0101r dro\u0161\u012bbu j\u016bsu pilienu kaste visu laiku Unik\u0101l\u0101 zobains dizains efekt\u012bvi nov\u0113r\u0161 zag\u013cus zi\u0146k\u0101r\u012bgs vai saboj\u0101t pastkasti Ar sabiezin\u0101tas divsl\u0101\u0146u durvis un pavado\u0161o \u016bdensnecaurlaid\u012bgu lietus p\u0101rsegu.<\/div><\/div><div class=\"section\"><div class=\"section-img small\"><img decoding=\"async\" src=\"\/vevor\/product\/CQXBX12616INYUG59\/through-the-wall-drop-box-a100-1.11-pt.jpg\" alt=\"VEVOR atsl\u0113gu iesai\u0146o\u0161anas kaste ar izm\u0113riem, piederumu sarakstu un produkta specifik\u0101cij\u0101m uz balta fona.\" \/><\/div><div class=\"section-mobile-img\"><img decoding=\"async\" src=\"\/vevor\/product\/CQXBX12616INYUG59\/through-the-wall-drop-box-a100-1.11-pt.jpg\" alt=\"VEVOR atsl\u0113gu iesai\u0146o\u0161anas kaste ar izm\u0113riem, piederumu sarakstu un produkta specifik\u0101cij\u0101m uz balta fona.\" \/><\/div><\/div><\/div><\/body><\/html><\/div>\n<div class=\"DM_at-title\" id=\"js-DM_at-title\"> <div>Produkta specifik\u0101cija<\/div> <i class=\"icon-arrowup_line\"><\/i> <\/div><div class=\"DM_at-goodsDescAttr\" id=\"js-DM_at-goodsDescAttr\"> <div class=\"DM_at-goodsDescAttrInner\"> <dl class=\"goodsDesc_item goodsDesc_item_even\"> <dt>Preces Mode\u013ca Numurs<\/dt> <dd> MA072 melns<\/dd> <\/dl> <dl class=\"goodsDesc_item\"> <dt>Sienas biezums<\/dt> <dd> 1,7 collas\/43mm<\/dd> <\/dl> <dl class=\"goodsDesc_item goodsDesc_item_even\"> <dt>Ievades lielums<\/dt> <dd> 9,8 \u00d7 1,8 collas\/248 \u00d7 45 mm<\/dd> <\/dl> <dl class=\"goodsDesc_item\"> <dt>Kr\u0101sa<\/dt> <dd> Melns<\/dd> <\/dl> <dl class=\"goodsDesc_item goodsDesc_item_even\"> <dt>Galvenais materi\u0101ls<\/dt> <dd> Iztur\u012bga t\u0113rauda pl\u0101ksne<\/dd> <\/dl> <dl class=\"goodsDesc_item\"> <dt>Produkta Svars<\/dt> <dd> 7,2 kg\/15,87 m\u0101rci\u0146as<\/dd> <\/dl> <dl class=\"goodsDesc_item goodsDesc_item_even\"> <dt>Produkta Izm\u0113ri<\/dt> <dd> 304 \u00d7 150 \u00d7 405 mm \/11,9 \u00d7 5,9 \u00d7 15,9 collas<\/dd> <\/dl> <\/div> <\/div>","protected":false},"excerpt":{"rendered":"<ul>\n<li> Lietus necaurlaid\u012bgs dizains: m\u016bsu caurdur\u0161anas durvju atsl\u0113gas nolai\u017eamajai kastei ir dro\u0161\u012bbas lietus necaurlaid\u012bgs dizains ar lielu vairogu, kas novietots pieg\u0101des slota priek\u0161\u0101, nodro\u0161inot svar\u012bga pasta dro\u0161\u012bbu pat stipru lietusg\u0101\u017eu laik\u0101.Kastes apak\u0161da\u013ca ir apr\u012bkota ar gumijas palikt\u0146iem un dren\u0101\u017eas caurumiem, lai \u0101tri no\u0146emtu uzkr\u0101to \u016bdeni, ne\u013caujot pastam k\u013c\u016bt slapjam. <\/li>\n<li> Liela uzglab\u0101\u0161anas kaste un slots: caurdurvju nolai\u017eamaj\u0101 kast\u0113 ir 12 \u00d7 6 \u00d7 16 collu uzglab\u0101\u0161anas kaste, kas nodro\u0161ina 0,51 kubikp\u0113das vietas, kas sp\u0113j uz\u0146emt da\u017e\u0101da izm\u0113ra priek\u0161metus.9,8 \u00d7 1,8 collu lielais slots ir piem\u0113rots viedt\u0101lru\u0146iem, aploksn\u0113m, maziem pak\u0101m un atsl\u0113g\u0101m. <\/li>\n<li> Iztur\u012bgi materi\u0101li: izgatavots no lieljaudas t\u0113rauda un p\u0101rkl\u0101ts ar r\u016bsas iztur\u012bgu pulveri, m\u016bsu caurdurvju pastkast\u012bte ir iztur\u012bga un iztur\u012bga. T\u0101s skr\u0101p\u0113jumiem iztur\u012bgais virsmas dizains saglab\u0101 pievilc\u012bgu izskatu un uzlabo ilgm\u016b\u017e\u012bbu.\u0160\u012b pastkast\u012bte nodro\u0161ina ilgsto\u0161u sienas dro\u0161\u012bbu un lieto\u0161anas laiku, nodro\u0161inot sirdsmieru j\u016bsu ikdienas dz\u012bv\u0113. <\/li>\n<li> Atsl\u0113gu blo\u0137\u0113\u0161ana dro\u0161\u012bbai: atsl\u0113gu sl\u0113dzene aizsarg\u0101 j\u016bsu pasta priv\u0101tumu, komplekt\u0101 ir 2 atsl\u0113gas, lai j\u016bs un j\u016bsu \u0123imene var\u0113tu \u0113rti piek\u013c\u016bt. Pasta kast\u012btes iek\u0161pus\u0113 ir met\u0101la deflektori, lai nov\u0113rstu svar\u012bgu pasta z\u0101dz\u012bbu vai mak\u0161\u0137er\u0113\u0161anu. Tas ir ide\u0101li piem\u0113rots lieto\u0161anai m\u0101j\u0101s, birojos, darba viet\u0101s vai skol\u0101s. <\/li>\n<li> Vienk\u0101r\u0161a uzst\u0101d\u012b\u0161ana: M\u016bsu pastkast\u012bte ir paredz\u0113ta durv\u012bm ar biezumu 1,7 collas\/43mm un ir sader\u012bga ar da\u017e\u0101diem izplat\u012btiem durvju veidiem Uz durv\u012bm piestiprin\u0101mo pastkast\u012bti ir viegli uzst\u0101d\u012bt bez sare\u017e\u0123\u012btiem so\u013ciem, un tai ir detaliz\u0113tas uzst\u0101d\u012b\u0161anas instrukcijas, padarot to piem\u0113rotu pat ies\u0101c\u0113jiem. <\/li>\n<\/ul>","protected":false},"featured_media":323962,"comment_status":"closed","ping_status":"open","template":"","meta":{"om_disable_all_campaigns":false,"_uf_show_specific_survey":0,"_uf_disable_surveys":false},"location":[1935,1934],"product_brand":[21],"product_cat":[65,3510,3511,4273],"product_tag":[],"class_list":{"0":"post-51713","1":"product","2":"type-product","3":"status-publish","4":"has-post-thumbnail","6":"location-supplier_stock_location","7":"location-local_stock_location","8":"product_brand-vevor","9":"product_cat-hardware","10":"product_cat-mailboxes-hardware","11":"product_cat-residential-mailboxes","12":"product_cat-wall-mounted-mailbox","14":"first","15":"instock","16":"taxable","17":"shipping-taxable","18":"purchasable","19":"product-type-simple"},"aioseo_notices":[],"locations":[{"id":1935,"name":"Pieg\u0101d\u0101ja noliktav\u0101 (5-7dd.d)","slug":"supplier_stock_location","quantity":"213"},{"id":1934,"name":"R\u012bgas veikal\u0101 (0-2d.d.)","slug":"local_stock_location","quantity":"0"}],"_links":{"self":[{"href":"https:\/\/vevorshop.lv\/lv\/wp-json\/wp\/v2\/product\/51713","targetHints":{"allow":["GET"]}}],"collection":[{"href":"https:\/\/vevorshop.lv\/lv\/wp-json\/wp\/v2\/product"}],"about":[{"href":"https:\/\/vevorshop.lv\/lv\/wp-json\/wp\/v2\/types\/product"}],"replies":[{"embeddable":true,"href":"https:\/\/vevorshop.lv\/lv\/wp-json\/wp\/v2\/comments?post=51713"}],"wp:featuredmedia":[{"embeddable":true,"href":"https:\/\/vevorshop.lv\/lv\/wp-json\/wp\/v2\/media\/323962"}],"wp:attachment":[{"href":"https:\/\/vevorshop.lv\/lv\/wp-json\/wp\/v2\/media?parent=51713"}],"wp:term":[{"taxonomy":"location","embeddable":true,"href":"https:\/\/vevorshop.lv\/lv\/wp-json\/wp\/v2\/location?post=51713"},{"taxonomy":"product_brand","embeddable":true,"href":"https:\/\/vevorshop.lv\/lv\/wp-json\/wp\/v2\/product_brand?post=51713"},{"taxonomy":"product_cat","embeddable":true,"href":"https:\/\/vevorshop.lv\/lv\/wp-json\/wp\/v2\/product_cat?post=51713"},{"taxonomy":"product_tag","embeddable":true,"href":"https:\/\/vevorshop.lv\/lv\/wp-json\/wp\/v2\/product_tag?post=51713"}],"curies":[{"name":"wp","href":"https:\/\/api.w.org\/{rel}","templated":true}]}}