{"id":51789,"date":"2024-11-19T20:13:44","date_gmt":"2024-11-19T20:13:44","guid":{"rendered":"http:\/\/vevorshop.edigo.lv\/Prece\/vevor-wooden-sandbox-with-cover-octagonal-sand-box-sand-pit-outdoor-ages-3-12\/"},"modified":"2026-04-20T02:54:17","modified_gmt":"2026-04-19T23:54:17","slug":"vevor-wooden-sandbox-with-cover-octagonal-sand-box-sand-pit-outdoor-ages-3-12","status":"publish","type":"product","link":"https:\/\/vevorshop.lv\/lv\/Prece\/vevor-koka-smilsu-kaste-ar-vaku-astonstura-smilsu-kaste-smilsu-bedre-ara-vecuma-no-3-lidz-12-gadiem\/","title":{"rendered":"VEVOR koka smil\u0161u kaste ar p\u0101rsegu, 115.7 x 115.7 x 21 cm asto\u0146st\u016bra smil\u0161u bedre ar s\u0113dviet\u0101m un oderi b\u0113rniem 3\u201312 g. vecum\u0101"},"content":{"rendered":"<div style=\"color: #fff!important; font-size: 16px; height: 24px; line-height: 24px; margin-top: -24px; \" class=\"product_original_name\">VEVOR koka smil\u0161u kaste ar v\u0101ku, 75,6 x 75,6 x 9,1 asto\u0146st\u016bra smil\u0161u kast\u0113, smil\u0161u bedre ar 4 s\u0113dviet\u0101m un apak\u0161\u0113jo oderi, b\u0113rnu smil\u0161u kaste \u0101ra pagalmam, pludmale, parks, d\u0101vana z\u0113niem 3-12 gadu vecum\u0101<\/div>\n<div style=\"color: #fff!important; font-size: 16px; height: 24px; line-height: 24px; margin-top: -24px; \" class=\"product_sku\">M4I4LWOD<\/div>\n<div style=\"color: #fff!important; font-size: 16px; height: 24px; line-height: 24px; margin-top: -24px; \" class=\"product_mpn\">SXMZBBXJCK00P5OVOV0<\/div><div id=\"js-DM_at-goodDescRich\"><html><head><style>  body {    font-family: Arial;    line-height: 1.5;    color: #1c1c1c;    overflow-x: hidden;    margin: 0;    padding: 0;  }  .MsoNormal b {    font-weight: bolder;  }<\/style><style>  .container.small {    width: 970px;    margin: 0 auto;  }  .logo {    margin: 0 auto 0;  }  .logo img {    display: block;    margin: 0 auto;    max-width: 100%;  }  .logo .pc-banner {    display: block;    width: 1200px;    height: 247.4px;    margin: 0 auto;  }  .logo .pc-banner.small {    width: 970px;  }  .logo .pc-banner.small img {    height: auto!important;  }  .logo .m-banner {    display: none;  }  .ytvideo {    position: relative;    height: 546px;    width: 100%;    margin: 0 auto;  }  .ytvideo img {    width: 100%;    margin: 0 auto;  }  .ytvideo .play-btn {    width: 60px;    height: 42px;    position: absolute;    top: 50%;    left: 50%;    transform: translate(-50%, -50%);    background: url(\"data:image\/png;base64,iVBORw0KGgoAAAANSUhEUgAAAGQAAABGCAMAAAANWMFbAAAC+lBMVEUAAADBGB3kLCfBGB3kLCfcJC7BFx3KKSbiKybkLCbWJCPSIiLSIiLPICHAFx3kLCfgKSXNHiDZJiTIGx\/p4eHcjo7LHSDbJyTkLCbjKyfOHyHPIiL28fHJHB\/GGh7EGR7eKCXDGB3RISHlLSbBGB3AFxzGHB7DGB7BGB3hKybkKybAFx3lLCfAFxzDGR3hKibDGB7cJyTmz8\/elJTlwcHjurrUIyLlLSflLSfAFx3DGR7lLSfCFx3hKibhKibhKybjKybkLCblLSfbJSX49vbx7e3NNzjNMTLMJyjVIyLZf3\/ZQ0LaeHjx0tLgoqLkLCfCGB3HGx\/BGB3BFx3PICHCGB7WJCLOHyC\/Fxy\/Fx3lLCfQISHkLSe\/FxzbJiTBFx3FGx\/AGB7BFx3EGR7AGB3HHSDfKiXAFh3TISHYNzbhKibbJyTTIiL57e325+f039\/v2NjUV1fOHiHiqanfmprch4feKSXVIyPOICHmLibFGh\/mLSe\/Fx7XJCPeKSXXJSPNHyHaJyTGGh7lLCbmLCflLSjSIiLkLCbdKSXLHiC\/GB3KHh++Fh3lKyfoLiXcKCPkx8fYb2\/XaGfVXl3aU1LLHiDksbHgKibPICHbJyTfKSXbJyTCGB3KHSDiKybFGh7TIiL\/\/\/\/VIyPRISHIHB\/GGx\/HHB\/DGR7gKibdKCXLHiDZJiTMHiDNHyHYJSTOICHPICHWJCPcKCXXJSPjLCblLCf+\/f3NGR\/uLijzLynPGR\/IGB7WISHaIyLLGh7UAADxLynNAADRLzDbICLQAADIAAD3MCrUHSHXMTDpKSbLAADp5OTij4\/ejo\/VLy\/1LyngJSTcJCPQHx\/OHB7+\/PzaMS\/OLS\/vLijrLSjSAADaNTPwLyjkKSbNJCbYISHPHB\/KGB7WAAD7+vrn3d3aKynTKCjoLCfsKifRGh\/YAADq5+fhjo7QNDXXKCfmJyXt5+fTLzDLLi\/QKivYHRvMGBrQJCXLISPMExXLDxLaEAvkkI\/bOTfaFQ\/SCgpvLcnHAAAAmnRSTlMA+vv7+gT9Bvf9+8z8\/NSv\/Pr5+P7++vnQIBMP\/v38\/Pn348XDiCYf9OjbzcqxXVcx\/fz8+\/rj1r2poo1+fXFqX0orGP7+\/v7+\/fz8+\/r68uzn4trIxsG\/vri3p6GcmZSNbWVYUUZEPQv+\/f39+\/v7+\/v7+vr64tvV1NTTz87FtbSurqeblJKFg4B3bUY+NjL7+\/v7+\/v67t1cDo8JLQAABkRJREFUWMO0kz9rwkAYh0OIeJkum6YugUAhISCdKoj\/P4C7SMdS+gEKIhSKil10LSg4mzXkILdlEpxCpwTiWOLX6BujvQaEQuGeHLnL+\/64J+SIcKGYTYWnntpdLjrVdqvZmNdn0+EE40GtpuuWVS6Xx6N7YDSGpWXpeq02wHgynM7q80az1a52HpddtVcpsi1zFARBrdaxbhp9iUReTGmwA4KAAr7vx3EYejnCMI6hQYEgy0LQi4jUN0wL19vqFcUC9\/1dAKmEEFkWRYkh5oBejnxQJiSJPJ\/uKBp0Thszx9Mw8hMRIQjKsptCfuES9zr5WJY6vSFCIvE9fCMUmEM1A1kSXcYGxgVYsvI1IPKTZciSTI0us\/SMGG04gDzELDoFBwdcFJrF88dqgYMTiL6DILWYyfOWE8\/kIz38olCNlC03FK95+imxp6y4oUSvAnBjHHhKNtotSDqJzVFiK8c2SBqhZtsrTtgrLXwAyduxZHNE26eHUt5rtuM4WSmds3G+sUdWYo1L+XyxButoh5eKUHk5lByO3G1LqqCWVnfrv\/lyPtf\/4ps1cndNGIri8J1TJ0lx6dR\/oPjq1nbRwdp2dCk4CtIOLW3pVKRL6WZfS5vF2KkIQhpwSsjiYIgNCs1gEMGqiIq24NQX9NwoXFy8Ufrl3twTcg4fv8T9\/JBEySduj6Mjm4bMzYV7EEOxKjjoNDud7yY3Dy71Hq2oLmqfbNR723edH9PgMrNL2utoQ3VmaIDkiw\/4w51P06hlZsTZvkRrbVuSIs\/zwSOsycgzStQouoAkWQqioRT5XI7n2Z1wfVhoZmcAJLsoqjqpjbWCgpOAJXBwHK8PzWbNvoUZJND5wCnSkLAkZ1legx6vqQzjoiTahKlGUGLAiIIoABOHaNVw4sexZBym6\/HWlH5h3IC7yRbxtipcWxdTOkORKiNQAEkFf66x5S2oeRbroOlLgg0sSYkR0hRGEqJZ0jTPiQKatESdBckpWigxaapEH0lImHdWu9pUFF2XqMNM2Z4kped7IwEJw2qabwtrQqnpw6HyKkgcadKWsmpywwesDyIhYRpdzXddqegtGIJlXbAIUMOLkGxJUjRIkokwjUaX9d\/kK62ps\/tYUqZLIMkLTyBhsMZ3C5Z\/kDxOSCb\/DOs\/\/J0qcWSX\/2ipe56EgTCA4\/cB7NAYOsni4mZM1MUPAISoEwkDi4lhVBQ1cWQyIcwalw4EpqZN68JUSK7XC0kTlkLYii5uXSC8jT5ncCAS7mjCv0uHp\/3lueHEEAeQ\/\/VgmdN71\/2uCSA1Xr6DO6uI6sW56zqT2tp2PhgiRUAajV8CY2fkcz6WGNKMgLAt7tJAhD4YHMTeRxlALE6+43WqjSWi8ITxyJl8WrwWSNESQZZOqhDDntO3hJLsd5RtSpbJqdv3YrDJH3F7jL1R2O2aQkn2MyCyKYz0GPGIvSAMgBCrCEiJyKbBaYGwLW4uPRr0A0M4Ux5kUI7IBh+hMdiCEWNqhMZGyYMsOgNE58UQuEQeUnSWCMYwL54hkxK6IoqucQZbQ3pc3XtL0lky1dL0zZJJDpWJovFqpWj6JEHnyam2eQp5QRVAVHjWparTOaVwUOx99YS2MvgxIGV0bb+qIg2HX2qkFFJB+XZcbLiuRkuxD9GRroKyveLxdh4d7Orx+hb7qc3uVRuEogCOnyIxm4ubUoPgF4jianDrC+SDQDKEfJb0GUKmjCGPYHGJvVC6X4hw1\/sAfQAdfYyephIaspXe36RwOP+Ljvfx9B6B3i+Nk0DGq+oCbLn6JpBa9nWAveAIHwFAwtVcIJXPMPL8kRu5OAYPMaL1WScTxjiZDqB9LTJSWphow\/pTYKRTLjCBhvi9iBidvKcDasGSm0QQkycYuLBqj6QCELPctqChDWpTRMWkngNNpQ1Pfp1KkiT\/Y0DGffXAweUNfLAfaJFKDwhb6I+bkYRbkERoEeu3Fyjg2opMz2daZCS9jt6Q7txNfB+OZEVF6Zl5web2xunnLQrtrjXseXKaFYziYINeMFZVxS9VxRhOoesYwxPKXm+gWLG9cuFeq93UNNeJNsf1KlwuDok9n02n3TgIJpOxNfL9naIoQwXtfH9kjceTIIi709ncTg6LZbg+biLH1V6u\/7rxBem06VXKn9raAAAAAElFTkSuQmCC\")      no-repeat center center \/ contain;  }  @media screen and (max-width: 960px) and (orientation: portrait) {    .logo {      width: 100%;    }    .logo .pc-banner {      display: none;    }    .logo .m-banner {      display: block;      width: 100%;    }    .logo .m-banner img {      height: auto!important;    }    .ytvideo {      height: 200px;      width: 100%;    }  }<\/style><style>  .video-section {    width: 100%;    margin: 0 auto;  }  .video-section > img {    width: 100%;  }  .video-section iframe,  .video-section video {    width: 100%;    height: 100%;      }  .video-section-img-m,  .video-section-img-pc > img {    width: 100%;    height: auto;  }  .video-section-img-pc.small > img {    width: 970px;  }  .video-desc {    line-height: 1.5;    font-size: 20px;    font-weight: 400;    margin: 20px 0;    text-align: center;    color: #0f1111;    word-break: break-word;  }  @media screen and (max-width: 960px) and (orientation: portrait) {    .video-section {      width: 100%;    }    .video-section-pc,    .video-section-img-pc {      display: none;    }    .video-section-m,    .video-section-img-m {      display: block;    }    .video-desc {      font-size: 15px;    }  }  @media screen and (min-width: 960px) {    .video-section {      width: 100%;      margin: 0 auto;    }    .video-section-pc,    .video-section-img-pc {      display: block;    }    .video-section-m,    .video-section-img-m {      display: none;    }    .video-desc {      font-size: 20px;    }  }<\/style><style>  .section + .section {    margin-top: 35px;  }  .section-title {    text-align: center;    font-weight: bold;    color: #0d1111;    font-family: \"Arial\";    font-size: 32px;    margin: 15px 0;  }  .section-title:empty {    display: none;  }  .section-desc {    text-align: center;    font-weight: normal;    color: #0d1111;    margin-top: 20px;  }  .section-desc:empty {    display: none;  }  .section-img {    width: 1200px;    height: 492px;    margin: 0 auto;    display: block;  }  .section-img.small {    width: 970px;    height: auto;  }  .section-img.small > img {    height: auto;  }  .section-img > img {    width: 100%;    height: 100%;  }  .section-mobile-img {    display: none;    max-width: 100vw;    max-height: 75vw;    height: 450px;    margin: 0 auto;  }  .section-mobile-img > img {    width: 100%;    height: 100%;  }  @media screen and (max-width: 960px) and (orientation: portrait) {    .container {      width: 100%;    }    .container.small {      width: 100%;    }    .section-mobile-img {      display: block;    }    .section-img {      display: none;    }    .section-title {      font-size: 22px;      margin: 10px 0;    }    .section-desc {      margin-top: 10px;    }    .section + .section {      margin-top: 20px;    }  }<\/style><\/head><body><div class=\"container small\"><div class=\"logo\"><div class=\"pc-banner small\"><div><img decoding=\"async\" src=\"\/vevor\/vevor\/boutique-banner\/pc\/en-pc@1x.jpg\" style=\"width: 100%;\" \/><\/div><\/div><div class=\"m-banner\"><div><img decoding=\"async\" src=\"\/vevor\/vevor\/boutique-banner\/mobile\/en-m@1x.jpg\" style=\"width: 100%;\" \/><\/div><\/div><\/div><div class=\"section-title\">Atbr\u012bvojiet prieku un izt\u0113li m\u016bsu smil\u0161u kast\u0113!<\/div><div class=\"video-section\"><div class=\"video-section-img-pc small\"><img decoding=\"async\" src=\"\/vevor\/product\/SXMZBBXJCK00P5OVO\/sandbox-a100-1.4-pt.jpg\" \/><\/div><div class=\"video-section-img-m\"><img decoding=\"async\" src=\"\/vevor\/product\/SXMZBBXJCK00P5OVO\/sandbox-a100-1.4-pt.jpg\" \/><\/div><div class=\"section-desc\">Ar izm\u0113riem 75,6x75,6 smil\u0161u kast\u0113 var vienlaikus sp\u0113l\u0113t 4-6 b\u0113rnus vecum\u0101 no 3-12 gadiem. \u0160is pla\u0161ais dizains p\u0101rv\u0113r\u0161 j\u016bsu pagalmu par mini rota\u013cu laukumu, uzlabojot b\u0113rnu mijiedarb\u012bbu, sadarb\u012bbu un soci\u0101l\u0101s prasmes, k\u0101 ar\u012b veicinot komandas darbu un komunik\u0101ciju.<\/div><\/div><div class=\"section\"><div class=\"section-title\"><\/div><div class=\"section-img small\"><img decoding=\"async\" src=\"\/vevor\/product\/SXMZBBXJCK00P5OVO\/sandbox-a100-2.2-pt.jpg\" \/><\/div><div class=\"section-mobile-img\"><img decoding=\"async\" src=\"\/vevor\/product\/SXMZBBXJCK00P5OVO\/sandbox-a100-2.2-pt.jpg\" \/><\/div><div class=\"section-desc\">M\u0113s r\u016bp\u012bgi atlas\u012bj\u0101m dab\u012bgu egles koksni, kas ir skaista un iztur\u012bga pret spiedienu un nodilumu. Virsma ar \u016bdensnecaurlaid\u012bgu p\u0101rkl\u0101jumu nodro\u0161ina, ka smil\u0161u kaste ar v\u0101ku neboj\u0101jas lietain\u0101 vai mitr\u0101 vid\u0113, nodro\u0161inot b\u0113rniem \u0113rtu un dro\u0161u rota\u013cu pieredzi.<\/div><\/div><div class=\"section\"><div class=\"section-title\"><\/div><div class=\"section-img small\"><img decoding=\"async\" src=\"\/vevor\/product\/SXMZBBXJCK00P5OVO\/sandbox-a100-2.3-pt.jpg\" \/><\/div><div class=\"section-mobile-img\"><img decoding=\"async\" src=\"\/vevor\/product\/SXMZBBXJCK00P5OVO\/sandbox-a100-2.3-pt.jpg\" \/><\/div><div class=\"section-desc\">Smil\u0161u kastes uzst\u0101d\u012b\u0161anai nav nepiecie\u0161ami sare\u017e\u0123\u012bti instrumenti, un to var viegli paveikt viena persona. Komplekt\u0101 ir iek\u013cauta detaliz\u0113ta uzst\u0101d\u012b\u0161anas instrukcija, kas \u013cauj \u0101tri uzst\u0101d\u012bt smil\u0161u kasti, sekojot m\u016bsu pam\u0101c\u012bbai.<\/div><\/div><div class=\"section\"><div class=\"section-title\"><\/div><div class=\"section-img small\"><img decoding=\"async\" src=\"\/vevor\/product\/SXMZBBXJCK00P5OVO\/sandbox-a100-2.4-pt.jpg\" \/><\/div><div class=\"section-mobile-img\"><img decoding=\"async\" src=\"\/vevor\/product\/SXMZBBXJCK00P5OVO\/sandbox-a100-2.4-pt.jpg\" \/><\/div><div class=\"section-desc\">Perfor\u0113tais apak\u0161\u0113jais sl\u0101nis veicina dren\u0101\u017eu un ventil\u0101ciju b\u0113rnu smil\u0161u kast\u0113, nov\u0113r\u0161ot smil\u0161u mitrumu. B\u0113rni var regul\u0113t smil\u0161u dzi\u013cumu atbilsto\u0161i sav\u0101m vajadz\u012bb\u0101m. Kad smiltis netiek lietotas, p\u0101rsegs ne\u013caus t\u0101m aizp\u016bsties. S\u0113dek\u013ci nodro\u0161ina \u0113rtu sp\u0113l\u0113\u0161anos.<\/div><\/div><div class=\"section\"><div class=\"section-title\"><\/div><div class=\"section-img small\"><img decoding=\"async\" src=\"\/vevor\/product\/SXMZBBXJCK00P5OVO\/sandbox-a100-2.5-pt.jpg\" \/><\/div><div class=\"section-mobile-img\"><img decoding=\"async\" src=\"\/vevor\/product\/SXMZBBXJCK00P5OVO\/sandbox-a100-2.5-pt.jpg\" \/><\/div><div class=\"section-desc\">M\u016bsu b\u0113rnu \u0101ra smil\u0161u kaste var p\u0101rveidoties par rota\u013cu laukumu un sabiedrisko telpu pagalm\u0101, pludmal\u0113 vai park\u0101. T\u0101 ir lieliska d\u0101vana b\u0113rniem, kas sniedz vi\u0146iem nebeidzamas izklaides un soci\u0101l\u0101s mijiedarb\u012bbas iesp\u0113jas.<\/div><\/div><div class=\"section\"><div class=\"section-img small\"><img decoding=\"async\" src=\"\/vevor\/product\/SXMZBBXJCK00P5OVO\/sandbox-a100-1.11-pt.jpg\" \/><\/div><div class=\"section-mobile-img\"><img decoding=\"async\" src=\"\/vevor\/product\/SXMZBBXJCK00P5OVO\/sandbox-a100-1.11-pt.jpg\" \/><\/div><\/div><\/div><\/body><\/html><\/div>\n<div class=\"DM_at-title\" id=\"js-DM_at-title\"> <div>Produkta specifik\u0101cija<\/div> <i class=\"icon-arrowup_line\"><\/i> <\/div><div class=\"DM_at-goodsDescAttr\" id=\"js-DM_at-goodsDescAttr\"> <div class=\"DM_at-goodsDescAttrInner\"> <dl class=\"goodsDesc_item goodsDesc_item_even\"> <dt>Preces Mode\u013ca Numurs<\/dt> <dd> WSB-1770<\/dd> <\/dl> <dl class=\"goodsDesc_item\"> <dt>Izskats<\/dt> <dd> Asto\u0146st\u016bra<\/dd> <\/dl> <dl class=\"goodsDesc_item goodsDesc_item_even\"> <dt>Materi\u0101ls<\/dt> <dd> 15 mm bieza egles koksne<\/dd> <\/dl> <dl class=\"goodsDesc_item\"> <dt>Maksim\u0101l\u0101 svara ietilp\u012bba uz vienu s\u0113dvietu<\/dt> <dd> 66 m\u0101rci\u0146as \/ 30 kg<\/dd> <\/dl> <dl class=\"goodsDesc_item goodsDesc_item_even\"> <dt>Neto svars (ieskaitot visus piederumus)<\/dt> <dd> 25,1 m\u0101rci\u0146as \/ 11,4 kg<\/dd> <\/dl> <dl class=\"goodsDesc_item\"> <dt>Produkta Izm\u0113ri<\/dt> <dd> 75,6 x 75,6 x 9,1 collas \/ 1920 x 1920 x 230 mm<\/dd> <\/dl> <\/div> <\/div>","protected":false},"excerpt":{"rendered":"<ul>\n<li> B\u0113rnu mini rota\u013cu laukums: m\u016bsu smil\u0161u kaste nav tikai rota\u013cu laukums, bet gan vieta, kur rodas laim\u012bgas b\u0113rn\u012bbas atmi\u0146as. Ar izm\u0113riem 45,6 x 45,6 x 8,2 collas \/ 1157 x 1157 x 210 mm taj\u0101 var sp\u0113l\u0113ties 4\u20136 b\u0113rni, p\u0101rv\u0113r\u0161ot j\u016bsu pagalmu vai \u0101ra rota\u013cu laukumu par rota\u013cu laukumu, kas piepild\u012bts ar izp\u0113ti un smiekliem. <\/li>\n<li> Iztur\u012bgi un est\u0113tiski materi\u0101li: 15 mm biez\u0101 koka tekst\u016bra ir dabiski skaista, iztur\u012bga pret puvi un nodro\u0161ina labu iztur\u012bbu un ilgm\u016b\u017e\u012bbu, garant\u0113jot b\u0113rnu vesel\u012bbu un dro\u0161\u012bbu. Smil\u0161u p\u0101rsegs un apak\u0161a ir izgatavoti no Oksfordas auduma, kas var iztur\u0113t da\u017e\u0101dus laikapst\u0101k\u013cus \u0101r\u0101. <\/li>\n<li> Izbaudiet \u0113rtas sp\u0113les: B\u0113rnu smil\u0161u kastei ir lieli un \u0113rti s\u0113dek\u013ci, kas \u013cauj b\u0113rniem s\u0113d\u0113t sp\u0113l\u0113joties, nodro\u0161inot \u0113rt\u0101ku sp\u0113\u013cu pieredzi, nes\u0113\u017eot tie\u0161i smilt\u012bs. Kad b\u0113rni nogurst, vi\u0146i var atp\u016bsties uz s\u0113dek\u013ciem. Katrs s\u0113deklis var iztur\u0113t svaru l\u012bdz 66 m\u0101rci\u0146\u0101m (29 kg), nodro\u0161inot stabilu atbalstu un dro\u0161\u012bbu. <\/li>\n<li> Apak\u0161\u0113jais sl\u0101nis un smil\u0161u p\u0101rsegs: Perfor\u0113tais apak\u0161\u0113jais sl\u0101nis veicina dren\u0101\u017eu un ventil\u0101ciju, nov\u0113r\u0161ot smil\u0161u samirk\u0161anu. Kad smil\u0161u kaste netiek izmantota, virs t\u0101s var uzlikt smil\u0161u p\u0101rsegu, lai smiltis b\u016btu t\u012bras un sausas, un t\u0101s nep\u016bstu v\u0113j\u0101. <\/li>\n<li> Vienk\u0101r\u0161a mont\u0101\u017ea: M\u016bsu b\u0113rnu smil\u0161u kaste ir viegli saliekama, un tai ir pievienotas skaidras uzst\u0101d\u012b\u0161anas instrukcijas, kas pal\u012bdz\u0113s jums \u0101tri izveidot perfektu b\u0113rnu rota\u013cu telpu. Piez\u012bme: Preces komplekt\u0101 nav iek\u013cautas rota\u013cu smiltis un rota\u013clietas. <\/li>\n<\/ul>","protected":false},"featured_media":324394,"comment_status":"closed","ping_status":"open","template":"","meta":{"om_disable_all_campaigns":false,"_monsterinsights_skip_tracking":false,"_monsterinsights_sitenote_active":false,"_monsterinsights_sitenote_note":"","_monsterinsights_sitenote_category":0,"_uf_show_specific_survey":0,"_uf_disable_surveys":false},"location":[1935,1934],"product_brand":[21],"product_cat":[3556,4286],"product_tag":[],"class_list":{"0":"post-51789","1":"product","2":"type-product","3":"status-publish","4":"has-post-thumbnail","6":"location-supplier_stock_location","7":"location-local_stock_location","8":"product_brand-vevor","9":"product_cat-playground-sets","10":"product_cat-sandboxes","12":"first","13":"instock","14":"taxable","15":"shipping-taxable","16":"purchasable","17":"product-type-simple"},"aioseo_notices":[],"jetpack_sharing_enabled":true,"locations":[{"id":1935,"name":"Pieg\u0101d\u0101ja noliktav\u0101 (5-7dd.d)","slug":"supplier_stock_location","quantity":"409"},{"id":1934,"name":"R\u012bgas veikal\u0101 (0-2d.d.)","slug":"local_stock_location","quantity":"0"}],"_links":{"self":[{"href":"https:\/\/vevorshop.lv\/lv\/wp-json\/wp\/v2\/product\/51789","targetHints":{"allow":["GET"]}}],"collection":[{"href":"https:\/\/vevorshop.lv\/lv\/wp-json\/wp\/v2\/product"}],"about":[{"href":"https:\/\/vevorshop.lv\/lv\/wp-json\/wp\/v2\/types\/product"}],"replies":[{"embeddable":true,"href":"https:\/\/vevorshop.lv\/lv\/wp-json\/wp\/v2\/comments?post=51789"}],"wp:featuredmedia":[{"embeddable":true,"href":"https:\/\/vevorshop.lv\/lv\/wp-json\/wp\/v2\/media\/324394"}],"wp:attachment":[{"href":"https:\/\/vevorshop.lv\/lv\/wp-json\/wp\/v2\/media?parent=51789"}],"wp:term":[{"taxonomy":"location","embeddable":true,"href":"https:\/\/vevorshop.lv\/lv\/wp-json\/wp\/v2\/location?post=51789"},{"taxonomy":"product_brand","embeddable":true,"href":"https:\/\/vevorshop.lv\/lv\/wp-json\/wp\/v2\/product_brand?post=51789"},{"taxonomy":"product_cat","embeddable":true,"href":"https:\/\/vevorshop.lv\/lv\/wp-json\/wp\/v2\/product_cat?post=51789"},{"taxonomy":"product_tag","embeddable":true,"href":"https:\/\/vevorshop.lv\/lv\/wp-json\/wp\/v2\/product_tag?post=51789"}],"curies":[{"name":"wp","href":"https:\/\/api.w.org\/{rel}","templated":true}]}}