{"id":51828,"date":"2024-11-19T20:20:16","date_gmt":"2024-11-19T20:20:16","guid":{"rendered":"http:\/\/vevorshop.edigo.lv\/Prece\/vevor-portable-car-refrigerator-freezer-compressor-40-l-dual-zone-for-home-car\/"},"modified":"2026-05-05T01:34:15","modified_gmt":"2026-05-04T22:34:15","slug":"vevor-portable-car-refrigerator-freezer-compressor-40-l-dual-zone-for-home-car","status":"publish","type":"product","link":"https:\/\/vevorshop.lv\/lv\/Prece\/vevor-parnesajams-auto-ledusskapis-saldetava-kompresors-40-l-divu-zonu-majas-automasinai\/","title":{"rendered":"VEVOR 39L divzonu auto ledusskapis-sald\u0113tava, -20\u00b0C l\u012bdz 20\u00b0C, 12\/24V DC &amp; 100\u2013240V AC, ar Bluetooth, kemperiem un kempingam"},"content":{"rendered":"<div style=\"color: #fff!important; font-size: 16px; height: 24px; line-height: 24px; margin-top: -24px; \" class=\"product_original_name\">VEVOR automa\u0161\u012bnu ledusskapis, 39 l divu zonu p\u0101rn\u0113s\u0101jama sald\u0113tava, 12 voltu automa\u0161\u012bnu ledusskapja ledusskapis, -4\u00b0F-68\u00b0F regul\u0113jams diapazons, 12\/24 V l\u012bdzstr\u0101vas un 100-240 V mai\u0146str\u0101vas kompresora dzes\u0113t\u0101js \u0101ra, kempingam, RV<\/div>\n<div style=\"color: #fff!important; font-size: 16px; height: 24px; line-height: 24px; margin-top: -24px; \" class=\"product_sku\">M4I4LWYQ<\/div>\n<div style=\"color: #fff!important; font-size: 16px; height: 24px; line-height: 24px; margin-top: -24px; \" class=\"product_mpn\">WLCZBXX55LSQ2LSAYV2<\/div><div id=\"js-DM_at-goodDescRich\"><html><head><style>  body {    font-family: Arial;    line-height: 1.5;    color: #1c1c1c;    overflow-x: hidden;    margin: 0;    padding: 0;  }  .MsoNormal b {    font-weight: bolder;  }<\/style><style>  .container.small {    width: 970px;    margin: 0 auto;  }  .logo {    margin: 0 auto 0;  }  .logo img {    display: block;    margin: 0 auto;    max-width: 100%;  }  .logo .pc-banner {    display: block;    width: 1200px;    height: 247.4px;    margin: 0 auto;  }  .logo .pc-banner.small {    width: 970px;  }  .logo .pc-banner.small img {    height: auto!important;  }  .logo .m-banner {    display: none;  }  .ytvideo {    position: relative;    height: 546px;    width: 100%;    margin: 0 auto;  }  .ytvideo img {    width: 100%;    margin: 0 auto;  }  .ytvideo .play-btn {    width: 60px;    height: 42px;    position: absolute;    top: 50%;    left: 50%;    transform: translate(-50%, -50%);    background: url(\"data:image\/png;base64,iVBORw0KGgoAAAANSUhEUgAAAGQAAABGCAMAAAANWMFbAAAC+lBMVEUAAADBGB3kLCfBGB3kLCfcJC7BFx3KKSbiKybkLCbWJCPSIiLSIiLPICHAFx3kLCfgKSXNHiDZJiTIGx\/p4eHcjo7LHSDbJyTkLCbjKyfOHyHPIiL28fHJHB\/GGh7EGR7eKCXDGB3RISHlLSbBGB3AFxzGHB7DGB7BGB3hKybkKybAFx3lLCfAFxzDGR3hKibDGB7cJyTmz8\/elJTlwcHjurrUIyLlLSflLSfAFx3DGR7lLSfCFx3hKibhKibhKybjKybkLCblLSfbJSX49vbx7e3NNzjNMTLMJyjVIyLZf3\/ZQ0LaeHjx0tLgoqLkLCfCGB3HGx\/BGB3BFx3PICHCGB7WJCLOHyC\/Fxy\/Fx3lLCfQISHkLSe\/FxzbJiTBFx3FGx\/AGB7BFx3EGR7AGB3HHSDfKiXAFh3TISHYNzbhKibbJyTTIiL57e325+f039\/v2NjUV1fOHiHiqanfmprch4feKSXVIyPOICHmLibFGh\/mLSe\/Fx7XJCPeKSXXJSPNHyHaJyTGGh7lLCbmLCflLSjSIiLkLCbdKSXLHiC\/GB3KHh++Fh3lKyfoLiXcKCPkx8fYb2\/XaGfVXl3aU1LLHiDksbHgKibPICHbJyTfKSXbJyTCGB3KHSDiKybFGh7TIiL\/\/\/\/VIyPRISHIHB\/GGx\/HHB\/DGR7gKibdKCXLHiDZJiTMHiDNHyHYJSTOICHPICHWJCPcKCXXJSPjLCblLCf+\/f3NGR\/uLijzLynPGR\/IGB7WISHaIyLLGh7UAADxLynNAADRLzDbICLQAADIAAD3MCrUHSHXMTDpKSbLAADp5OTij4\/ejo\/VLy\/1LyngJSTcJCPQHx\/OHB7+\/PzaMS\/OLS\/vLijrLSjSAADaNTPwLyjkKSbNJCbYISHPHB\/KGB7WAAD7+vrn3d3aKynTKCjoLCfsKifRGh\/YAADq5+fhjo7QNDXXKCfmJyXt5+fTLzDLLi\/QKivYHRvMGBrQJCXLISPMExXLDxLaEAvkkI\/bOTfaFQ\/SCgpvLcnHAAAAmnRSTlMA+vv7+gT9Bvf9+8z8\/NSv\/Pr5+P7++vnQIBMP\/v38\/Pn348XDiCYf9OjbzcqxXVcx\/fz8+\/rj1r2poo1+fXFqX0orGP7+\/v7+\/fz8+\/r68uzn4trIxsG\/vri3p6GcmZSNbWVYUUZEPQv+\/f39+\/v7+\/v7+vr64tvV1NTTz87FtbSurqeblJKFg4B3bUY+NjL7+\/v7+\/v67t1cDo8JLQAABkRJREFUWMO0kz9rwkAYh0OIeJkum6YugUAhISCdKoj\/P4C7SMdS+gEKIhSKil10LSg4mzXkILdlEpxCpwTiWOLX6BujvQaEQuGeHLnL+\/64J+SIcKGYTYWnntpdLjrVdqvZmNdn0+EE40GtpuuWVS6Xx6N7YDSGpWXpeq02wHgynM7q80az1a52HpddtVcpsi1zFARBrdaxbhp9iUReTGmwA4KAAr7vx3EYejnCMI6hQYEgy0LQi4jUN0wL19vqFcUC9\/1dAKmEEFkWRYkh5oBejnxQJiSJPJ\/uKBp0Thszx9Mw8hMRIQjKsptCfuES9zr5WJY6vSFCIvE9fCMUmEM1A1kSXcYGxgVYsvI1IPKTZciSTI0us\/SMGG04gDzELDoFBwdcFJrF88dqgYMTiL6DILWYyfOWE8\/kIz38olCNlC03FK95+imxp6y4oUSvAnBjHHhKNtotSDqJzVFiK8c2SBqhZtsrTtgrLXwAyduxZHNE26eHUt5rtuM4WSmds3G+sUdWYo1L+XyxButoh5eKUHk5lByO3G1LqqCWVnfrv\/lyPtf\/4ps1cndNGIri8J1TJ0lx6dR\/oPjq1nbRwdp2dCk4CtIOLW3pVKRL6WZfS5vF2KkIQhpwSsjiYIgNCs1gEMGqiIq24NQX9NwoXFy8Ufrl3twTcg4fv8T9\/JBEySduj6Mjm4bMzYV7EEOxKjjoNDud7yY3Dy71Hq2oLmqfbNR723edH9PgMrNL2utoQ3VmaIDkiw\/4w51P06hlZsTZvkRrbVuSIs\/zwSOsycgzStQouoAkWQqioRT5XI7n2Z1wfVhoZmcAJLsoqjqpjbWCgpOAJXBwHK8PzWbNvoUZJND5wCnSkLAkZ1legx6vqQzjoiTahKlGUGLAiIIoABOHaNVw4sexZBym6\/HWlH5h3IC7yRbxtipcWxdTOkORKiNQAEkFf66x5S2oeRbroOlLgg0sSYkR0hRGEqJZ0jTPiQKatESdBckpWigxaapEH0lImHdWu9pUFF2XqMNM2Z4kped7IwEJw2qabwtrQqnpw6HyKkgcadKWsmpywwesDyIhYRpdzXddqegtGIJlXbAIUMOLkGxJUjRIkokwjUaX9d\/kK62ps\/tYUqZLIMkLTyBhsMZ3C5Z\/kDxOSCb\/DOs\/\/J0qcWSX\/2ipe56EgTCA4\/cB7NAYOsni4mZM1MUPAISoEwkDi4lhVBQ1cWQyIcwalw4EpqZN68JUSK7XC0kTlkLYii5uXSC8jT5ncCAS7mjCv0uHp\/3lueHEEAeQ\/\/VgmdN71\/2uCSA1Xr6DO6uI6sW56zqT2tp2PhgiRUAajV8CY2fkcz6WGNKMgLAt7tJAhD4YHMTeRxlALE6+43WqjSWi8ITxyJl8WrwWSNESQZZOqhDDntO3hJLsd5RtSpbJqdv3YrDJH3F7jL1R2O2aQkn2MyCyKYz0GPGIvSAMgBCrCEiJyKbBaYGwLW4uPRr0A0M4Ux5kUI7IBh+hMdiCEWNqhMZGyYMsOgNE58UQuEQeUnSWCMYwL54hkxK6IoqucQZbQ3pc3XtL0lky1dL0zZJJDpWJovFqpWj6JEHnyam2eQp5QRVAVHjWparTOaVwUOx99YS2MvgxIGV0bb+qIg2HX2qkFFJB+XZcbLiuRkuxD9GRroKyveLxdh4d7Orx+hb7qc3uVRuEogCOnyIxm4ubUoPgF4jianDrC+SDQDKEfJb0GUKmjCGPYHGJvVC6X4hw1\/sAfQAdfYyephIaspXe36RwOP+Ljvfx9B6B3i+Nk0DGq+oCbLn6JpBa9nWAveAIHwFAwtVcIJXPMPL8kRu5OAYPMaL1WScTxjiZDqB9LTJSWphow\/pTYKRTLjCBhvi9iBidvKcDasGSm0QQkycYuLBqj6QCELPctqChDWpTRMWkngNNpQ1Pfp1KkiT\/Y0DGffXAweUNfLAfaJFKDwhb6I+bkYRbkERoEeu3Fyjg2opMz2daZCS9jt6Q7txNfB+OZEVF6Zl5web2xunnLQrtrjXseXKaFYziYINeMFZVxS9VxRhOoesYwxPKXm+gWLG9cuFeq93UNNeJNsf1KlwuDok9n02n3TgIJpOxNfL9naIoQwXtfH9kjceTIIi709ncTg6LZbg+biLH1V6u\/7rxBem06VXKn9raAAAAAElFTkSuQmCC\")      no-repeat center center \/ contain;  }  @media screen and (max-width: 960px) and (orientation: portrait) {    .logo {      width: 100%;    }    .logo .pc-banner {      display: none;    }    .logo .m-banner {      display: block;      width: 100%;    }    .logo .m-banner img {      height: auto!important;    }    .ytvideo {      height: 200px;      width: 100%;    }  }<\/style><style>  .video-section {    width: 100%;    margin: 0 auto;  }  .video-section > img {    width: 100%;  }  .video-section iframe,  .video-section video {    width: 100%;    height: 100%;      }  .video-section-img-m,  .video-section-img-pc > img {    width: 100%;    height: auto;  }  .video-section-img-pc.small > img {    width: 970px;  }  .video-desc {    line-height: 1.5;    font-size: 20px;    font-weight: 400;    margin: 20px 0;    text-align: center;    color: #0f1111;    word-break: break-word;  }  @media screen and (max-width: 960px) and (orientation: portrait) {    .video-section {      width: 100%;    }    .video-section-pc,    .video-section-img-pc {      display: none;    }    .video-section-m,    .video-section-img-m {      display: block;    }    .video-desc {      font-size: 15px;    }  }  @media screen and (min-width: 960px) {    .video-section {      width: 100%;      margin: 0 auto;    }    .video-section-pc,    .video-section-img-pc {      display: block;    }    .video-section-m,    .video-section-img-m {      display: none;    }    .video-desc {      font-size: 20px;    }  }<\/style><style>  .section + .section {    margin-top: 35px;  }  .section-title {    text-align: center;    font-weight: bold;    color: #0d1111;    font-family: \"Arial\";    font-size: 32px;    margin: 15px 0;  }  .section-title:empty {    display: none;  }  .section-desc {    text-align: center;    font-weight: normal;    color: #0d1111;    margin-top: 20px;  }  .section-desc:empty {    display: none;  }  .section-img {    width: 1200px;    height: 492px;    margin: 0 auto;    display: block;  }  .section-img.small {    width: 970px;    height: auto;  }  .section-img.small > img {    height: auto;  }  .section-img > img {    width: 100%;    height: 100%;  }  .section-mobile-img {    display: none;    max-width: 100vw;    max-height: 75vw;    height: 450px;    margin: 0 auto;  }  .section-mobile-img > img {    width: 100%;    height: 100%;  }  @media screen and (max-width: 960px) and (orientation: portrait) {    .container {      width: 100%;    }    .container.small {      width: 100%;    }    .section-mobile-img {      display: block;    }    .section-img {      display: none;    }    .section-title {      font-size: 22px;      margin: 10px 0;    }    .section-desc {      margin-top: 10px;    }    .section + .section {      margin-top: 20px;    }  }<\/style><\/head><body><div class=\"container small\"><div class=\"logo\"><div class=\"pc-banner small\"><div><img decoding=\"async\" src=\"\/vevor\/vevor\/boutique-banner\/pc\/en-pc@1x.jpg\" style=\"width: 100%;\" \/><\/div><\/div><div class=\"m-banner\"><div><img decoding=\"async\" src=\"\/vevor\/vevor\/boutique-banner\/mobile\/en-m@1x.jpg\" style=\"width: 100%;\" \/><\/div><\/div><\/div><div class=\"section-title\">P\u0101rn\u0113s\u0101jams automa\u0161\u012bnas ledusskapis<\/div><div class=\"video-section\"><div class=\"video-section-img-pc small\"><img decoding=\"async\" src=\"\/vevor\/product\/WLCZBXX55LSQ2LSAY\/car-refrigerator-a100-1.4-pt.jpg\" alt=\"VEVOR automa\u0161\u012bnas ledusskapis ar sald\u0113tavu, ledus gabali\u0146iem, dzes\u0113\u0161anas kann\u0101m un mobil\u0101s lietotnes vad\u012bbu. Piem\u0113rots m\u0101j\u0101m un automa\u0161\u012bnai.\" \/><\/div><div class=\"video-section-img-m\"><img decoding=\"async\" src=\"\/vevor\/product\/WLCZBXX55LSQ2LSAY\/car-refrigerator-a100-1.4-pt.jpg\" alt=\"VEVOR automa\u0161\u012bnas ledusskapis ar sald\u0113tavu, ledus gabali\u0146iem, dzes\u0113\u0161anas kann\u0101m un mobil\u0101s lietotnes vad\u012bbu. Piem\u0113rots m\u0101j\u0101m un automa\u0161\u012bnai.\" \/><\/div><div class=\"section-desc\">39 L automa\u0161\u012bnas ledusskapis ar moderniz\u0113tu kompresoru \u0101trai dzes\u0113\u0161anai 1,5H, kas sp\u0113j uzglab\u0101t gan augst\u0101, gan zem\u0101 temperat\u016br\u0101, saglab\u0101jot izcilu darb\u012bbu starp 16 ~ 38 \u00b0C \/ 60,8 ~ 100,4 \u00b0F.<\/div><\/div><div class=\"section\"><div class=\"section-title\"><\/div><div class=\"section-img small\"><img decoding=\"async\" src=\"\/vevor\/product\/WLCZBXX55LSQ2LSAY\/car-refrigerator-a100-2.2-pt.jpg\" alt=\"VEVOR automa\u0161\u012bnas ledusskapja sald\u0113tava ar aug\u013ciem, d\u0101rze\u0146iem, steiku un sald\u0113jumu iek\u0161pus\u0113, temperat\u016bras diapazona inform\u0101cija.\" \/><\/div><div class=\"section-mobile-img\"><img decoding=\"async\" src=\"\/vevor\/product\/WLCZBXX55LSQ2LSAY\/car-refrigerator-a100-2.2-pt.jpg\" alt=\"VEVOR automa\u0161\u012bnas ledusskapja sald\u0113tava ar aug\u013ciem, d\u0101rze\u0146iem, steiku un sald\u0113jumu iek\u0161pus\u0113, temperat\u016bras diapazona inform\u0101cija.\" \/><\/div><div class=\"section-desc\">Pla\u0161a temperat\u016bra no -20 ~ 20 \u00b0C \/ -4 ~ 68 \u00b0F, piem\u0113rota alus, dz\u0113rienu, aug\u013cu, sald\u0113juma, da\u017e\u0101das ga\u013cas un citu uzglab\u0101\u0161anai. (L\u016aDZU, \u0145EMIET V\u0112R\u0100: ledusskapja zonas temperat\u016bru nevar regul\u0113t neatkar\u012bgi.)<\/div><\/div><div class=\"section\"><div class=\"section-title\"><\/div><div class=\"section-img small\"><img decoding=\"async\" src=\"\/vevor\/product\/WLCZBXX55LSQ2LSAY\/car-refrigerator-a100-2.3-pt.jpg\" alt=\"VEVOR automa\u0161\u012bnas ledusskapis ar sald\u0113tavu un jaud\u012bgu kompresoru, \u0101tru dzes\u0113\u0161anu, zemu ener\u0123ijas pat\u0113ri\u0146u un klusu darb\u012bbu.\" \/><\/div><div class=\"section-mobile-img\"><img decoding=\"async\" src=\"\/vevor\/product\/WLCZBXX55LSQ2LSAY\/car-refrigerator-a100-2.3-pt.jpg\" alt=\"VEVOR automa\u0161\u012bnas ledusskapis ar sald\u0113tavu un jaud\u012bgu kompresoru, \u0101tru dzes\u0113\u0161anu, zemu ener\u0123ijas pat\u0113ri\u0146u un klusu darb\u012bbu.\" \/><\/div><div class=\"section-desc\">Darbojas ar \u226445 decibeliem, pat\u0113r\u0113 0,61 kWh 24 stund\u0101s. Kompresors nodro\u0161ina optim\u0101lu veiktsp\u0113ju pat tad, ja ier\u012bce ir sasv\u0113rta l\u012bdz 45 gr\u0101diem.<\/div><\/div><div class=\"section\"><div class=\"section-title\"><\/div><div class=\"section-img small\"><img decoding=\"async\" src=\"\/vevor\/product\/WLCZBXX55LSQ2LSAY\/car-refrigerator-a100-2.4-pt.jpg\" alt=\"VEVOR automa\u0161\u012bnas ledusskapim ar sald\u0113tavu ir \u0113rta durvju aizb\u012bdne, apgrie\u017eams durvju korpuss un padzi\u013cin\u0101ts rokturis.\" \/><\/div><div class=\"section-mobile-img\"><img decoding=\"async\" src=\"\/vevor\/product\/WLCZBXX55LSQ2LSAY\/car-refrigerator-a100-2.4-pt.jpg\" alt=\"VEVOR automa\u0161\u012bnas ledusskapim ar sald\u0113tavu ir \u0113rta durvju aizb\u012bdne, apgrie\u017eams durvju korpuss un padzi\u013cin\u0101ts rokturis.\" \/><\/div><div class=\"section-desc\">Iestr\u0101d\u0101ts rokturis \u0113rtai transport\u0113\u0161anai, dubultdurvis un \u0113rta durvju aizb\u012bdne, lai ietilptu da\u017e\u0101d\u0101s uzglab\u0101\u0161anas viet\u0101s.<\/div><\/div><div class=\"section\"><div class=\"section-title\"><\/div><div class=\"section-img small\"><img decoding=\"async\" src=\"\/vevor\/product\/WLCZBXX55LSQ2LSAY\/car-refrigerator-a100-2.5-pt.jpg\" alt=\"VEVOR automa\u0161\u012bnas ledusskapis ar sald\u0113tavu kempingam, gariem braucieniem, \u0123imenes salidojumiem, kru\u012bziem un mak\u0161\u0137er\u0113\u0161anai.\" \/><\/div><div class=\"section-mobile-img\"><img decoding=\"async\" src=\"\/vevor\/product\/WLCZBXX55LSQ2LSAY\/car-refrigerator-a100-2.5-pt.jpg\" alt=\"VEVOR automa\u0161\u012bnas ledusskapis ar sald\u0113tavu kempingam, gariem braucieniem, \u0123imenes salidojumiem, kru\u012bziem un mak\u0161\u0137er\u0113\u0161anai.\" \/><\/div><div class=\"section-desc\">Apr\u012bkots ar adapteri, cigare\u0161u \u0161\u0137iltavas vadu un mai\u0146str\u0101vas vadu, to var izmantot m\u0101j\u0101s, jaht\u0101s, kemperos, automa\u0161\u012bn\u0101s, kravas automa\u0161\u012bn\u0101s un furgonos.<\/div><\/div><div class=\"section\"><div class=\"section-img small\"><img decoding=\"async\" src=\"\/vevor\/product\/WLCZBXX55LSQ2LSAY\/car-refrigerator-a100-1.11-pt.jpg\" alt=\"VEVOR automa\u0161\u012bnas ledusskapis ar sald\u0113tavu un 40 litru ietilp\u012bbu, p\u0101rn\u0113s\u0101jamu dizainu, divu spriegumu un regul\u0113jamu temperat\u016bru.\" \/><\/div><div class=\"section-mobile-img\"><img decoding=\"async\" src=\"\/vevor\/product\/WLCZBXX55LSQ2LSAY\/car-refrigerator-a100-1.11-pt.jpg\" alt=\"VEVOR automa\u0161\u012bnas ledusskapis ar sald\u0113tavu un 40 litru ietilp\u012bbu, p\u0101rn\u0113s\u0101jamu dizainu, divu spriegumu un regul\u0113jamu temperat\u016bru.\" \/><\/div><\/div><\/div><\/body><\/html><\/div>\n<div class=\"DM_at-title\" id=\"js-DM_at-title\"> <div>Produkta specifik\u0101cija<\/div> <i class=\"icon-arrowup_line\"><\/i> <\/div><div class=\"DM_at-goodsDescAttr\" id=\"js-DM_at-goodsDescAttr\"> <div class=\"DM_at-goodsDescAttrInner\"> <dl class=\"goodsDesc_item goodsDesc_item_even\"> <dt>Preces Mode\u013ca Numurs<\/dt> <dd> NLD55<\/dd> <\/dl> <dl class=\"goodsDesc_item\"> <dt>Spriegums<\/dt> <dd> Mai\u0146str\u0101va 100\u2013240 V (50\/60 Hz), l\u012bdzstr\u0101va 12\/24 V<\/dd> <\/dl> <dl class=\"goodsDesc_item goodsDesc_item_even\"> <dt>Jauda<\/dt> <dd> 60W<\/dd> <\/dl> <dl class=\"goodsDesc_item\"> <dt>Temperat\u016bras regul\u0113jamais diapazons<\/dt> <dd> - 20 ~ 20 \u00b0C \/ -4 ~ 68 \u00b0F<\/dd> <\/dl> <dl class=\"goodsDesc_item goodsDesc_item_even\"> <dt>Jauda<\/dt> <dd> 39 L \/ 41,21 qt<\/dd> <\/dl> <dl class=\"goodsDesc_item\"> <dt>Troksnis<\/dt> <dd> \u2264 45 dB<\/dd> <\/dl> <dl class=\"goodsDesc_item goodsDesc_item_even\"> <dt>Iek\u0161\u0113j\u0101s oderes materi\u0101ls<\/dt> <dd> Vakuum\u0101 form\u0113ti HIPS<\/dd> <\/dl> <dl class=\"goodsDesc_item\"> <dt>\u0100r\u0113j\u0101 apvalka materi\u0101ls<\/dt> <dd> PP + HDPE<\/dd> <\/dl> <dl class=\"goodsDesc_item goodsDesc_item_even\"> <dt>Neto Svars<\/dt> <dd> 13.9 kg \/ 30.6 lbs<\/dd> <\/dl> <dl class=\"goodsDesc_item\"> <dt>Produkta Izm\u0113ri<\/dt> <dd> 618 x 376 x 514 mm \/ 24,3 x 14,8 x 20,2 collas<\/dd> <\/dl> <\/div> <\/div>","protected":false},"excerpt":{"rendered":"<ul>\n<li> Liela ietilp\u012bba: p\u0101rn\u0113s\u0101jam\u0101 ledusskapja sald\u0113tav\u0101 ir divu nodal\u012bjumu ietilp\u012bba 39 l. \u0160aj\u0101 iztur\u012bgaj\u0101 RV ledusskap\u012b var ievietot 58 kannas ar 330 ml kolas vai 55 pudeles ar 550 ml \u016bdens vai 12 pudeles ar 750 ml sarkanv\u012bna, kas satur j\u016bras veltes, uzkodas, ga\u013cu un dz\u0113rienus, kas atbilst \u012bsu braucienu vajadz\u012bb\u0101m, piem\u0113ram, ce\u013cojumiem, laivo\u0161anai un kempingam. <\/li>\n<li> 1,5 stundu \u0101tra dzes\u0113\u0161ana: \u0160is 12 V automa\u0161\u012bnas ledusskapis izmanto kompresora dzes\u0113\u0161anas tehnolo\u0123iju, sasniedzot -20 \u00b0C \/ -4 \u00b0F izsl\u0113g\u0161anas punktu aptuveni 1,5 stund\u0101 pie 77 \u00b0F apk\u0101rt\u0113j\u0101s vides temperat\u016bras. Tas \u0101tri atdziest un darbojas norm\u0101li pat tad, ja to sasver l\u012bdz 45 gr\u0101du le\u0146\u0137\u012b, padarot to par j\u016bsu sabiedroto kemping\u0101 vai darb\u0101 br\u012bv\u0101 dab\u0101, saglab\u0101jot j\u016bsu p\u0101rtiku svaigu. Nav nepiecie\u0161ami ledus gabali\u0146i, kas nov\u0113r\u0161 p\u0101rtikas boj\u0101\u0161anos un ietaupa naudu un vietu. <\/li>\n<li> LED Screen &amp; Bluetooth Control: LED vad\u012bbas panelis \u013cauj tie\u0161i apskat\u012bt automa\u0161\u012bnas ledusskapja darb\u012bbas statusu un jebkur\u0101 laik\u0101 piel\u0101got temperat\u016bras diapazonu.J\u016bs varat iestat\u012bt uz pane\u013ca jebkuru temperat\u016bru no -20 \u00b0C l\u012bdz 20 \u00b0C \/ -4 \u00b0F l\u012bdz 68 \u00b0F Elektriskais dzes\u0113t\u0101js ar\u012b pied\u0101v\u0101 Bluetooth re\u017e\u012bmu, savienojot ar mobilo lietotni t\u0101lvad\u012bbas pultij. <\/li>\n<li> Quiet &amp; Energy Efficient: Ledusskapis darbojas ar troksni \u2264 45dB, nodro\u0161inot labu miegu p\u0113c gariem braucieniem, J\u016bs varat ar\u012b izv\u0113l\u0113ties starp ECO un Max re\u017e\u012bmiem, izmantojot LCD sk\u0101rienekr\u0101nu ECO ener\u0123ijas taup\u012b\u0161anas re\u017e\u012bm\u0101 \u0161\u012b portat\u012bv\u0101 ledusskapja darb\u012bbas jauda ir maz\u0101ka par 46W Pat darbojoties MAX re\u017e\u012bm\u0101 (52W), t\u0101 inteli\u0123ent\u0101 cirkul\u0101cija pat\u0113r\u0113 maz\u0101k par 1 kWh\/dien\u0101. <\/li>\n<li> Divk\u0101r\u0161a lieto\u0161ana m\u0101j\u0101m\/automa\u0161\u012bnai: divdurvju automa\u0161\u012bnas ledusskapim ir 110\/240 V mai\u0146str\u0101vas un 12\/24 V l\u012bdzstr\u0101vas adapteri, kas \u013cauj to izmantot m\u0101j\u0101s, jaht\u0101s, RV, automa\u0161\u012bn\u0101s, kravas automa\u0161\u012bn\u0101s un furgonos. Piez\u012bme: Divzonu viena vad\u012bba Kreisais lielais nodal\u012bjums \u013cauj iestat\u012bt sasal\u0161anas temperat\u016bru, savuk\u0101rt lab\u0101s ledusskapja zonas temperat\u016bru nevar regul\u0113t neatkar\u012bgi.\n <\/li>\n<\/ul>","protected":false},"featured_media":324694,"comment_status":"closed","ping_status":"closed","template":"","meta":{"om_disable_all_campaigns":false,"_uf_show_specific_survey":0,"_uf_disable_surveys":false},"location":[1935,1934],"product_brand":[21],"product_cat":[2871,2872,2389,2870,2365],"product_tag":[],"class_list":{"0":"post-51828","1":"product","2":"type-product","3":"status-publish","4":"has-post-thumbnail","6":"location-supplier_stock_location","7":"location-local_stock_location","8":"product_brand-vevor","9":"product_cat-car-refrigerator-outdoor-kitchens","10":"product_cat-compressor-car-refrigerator","11":"product_cat-outdoor-cooking","12":"product_cat-outdoor-kitchens","13":"product_cat-outdoors","15":"first","16":"instock","17":"taxable","18":"shipping-taxable","19":"purchasable","20":"product-type-simple"},"aioseo_notices":[],"locations":[{"id":1935,"name":"Pieg\u0101d\u0101ja noliktav\u0101 (5-7dd.d)","slug":"supplier_stock_location","quantity":"820"},{"id":1934,"name":"R\u012bgas veikal\u0101 (0-2d.d.)","slug":"local_stock_location","quantity":"0"}],"_links":{"self":[{"href":"https:\/\/vevorshop.lv\/lv\/wp-json\/wp\/v2\/product\/51828","targetHints":{"allow":["GET"]}}],"collection":[{"href":"https:\/\/vevorshop.lv\/lv\/wp-json\/wp\/v2\/product"}],"about":[{"href":"https:\/\/vevorshop.lv\/lv\/wp-json\/wp\/v2\/types\/product"}],"replies":[{"embeddable":true,"href":"https:\/\/vevorshop.lv\/lv\/wp-json\/wp\/v2\/comments?post=51828"}],"wp:featuredmedia":[{"embeddable":true,"href":"https:\/\/vevorshop.lv\/lv\/wp-json\/wp\/v2\/media\/324694"}],"wp:attachment":[{"href":"https:\/\/vevorshop.lv\/lv\/wp-json\/wp\/v2\/media?parent=51828"}],"wp:term":[{"taxonomy":"location","embeddable":true,"href":"https:\/\/vevorshop.lv\/lv\/wp-json\/wp\/v2\/location?post=51828"},{"taxonomy":"product_brand","embeddable":true,"href":"https:\/\/vevorshop.lv\/lv\/wp-json\/wp\/v2\/product_brand?post=51828"},{"taxonomy":"product_cat","embeddable":true,"href":"https:\/\/vevorshop.lv\/lv\/wp-json\/wp\/v2\/product_cat?post=51828"},{"taxonomy":"product_tag","embeddable":true,"href":"https:\/\/vevorshop.lv\/lv\/wp-json\/wp\/v2\/product_tag?post=51828"}],"curies":[{"name":"wp","href":"https:\/\/api.w.org\/{rel}","templated":true}]}}