{"id":52253,"date":"2024-11-19T21:10:47","date_gmt":"2024-11-19T21:10:47","guid":{"rendered":"http:\/\/vevorshop.edigo.lv\/Prece\/vevor-quad-fold-tonneau-cover-truck-bed-cover-for-2002-2024-dodge-ram-1500-pvc\/"},"modified":"2026-04-20T02:34:01","modified_gmt":"2026-04-19T23:34:01","slug":"vevor-quad-fold-tonneau-cover-truck-bed-cover-for-2002-2024-dodge-ram-1500-pvc","status":"publish","type":"product","link":"https:\/\/vevorshop.lv\/lv\/Prece\/vevor-quad-fold-tonneau-vaks-kravas-automasinas-gultas-parsegs-2002-2024-dodge-ram-1500-pvc\/","title":{"rendered":"VEVOR \u010detrda\u013c\u012bgs bag\u0101\u017eas p\u0101rsegs Dodge Ram 1500\/2500\/3500 (2002\u20132024), 1938x1687mm Fleetside kravnes\u012bbai, \u016bdensnecaurlaid\u012bgs, melns"},"content":{"rendered":"<div style=\"color: #fff!important; font-size: 16px; height: 24px; line-height: 24px; margin-top: -24px; \" class=\"product_original_name\">VEVOR Quad-Fold Truck Bed Tonneau Cover, Compatible with 2002-2024 Dodge Ram 1500 (Inclu. Classic & New), 2003-2024 Dodge Ram 2500 3500, Fleetside 6.4' (76.3\") Bed, Fit 6.4' x 5.5' Inside Bed, Black<\/div>\n<div style=\"color: #fff!important; font-size: 16px; height: 24px; line-height: 24px; margin-top: -24px; \" class=\"product_sku\">M4I4LYSM<\/div>\n<div style=\"color: #fff!important; font-size: 16px; height: 24px; line-height: 24px; margin-top: -24px; \" class=\"product_mpn\">ZDSKCHBXGXZDS0LM8V0<\/div><div id=\"js-DM_at-goodDescRich\"><html><head><style>  body {    font-family: Arial;    line-height: 1.5;    color: #1c1c1c;    overflow-x: hidden;    margin: 0;    padding: 0;  }  .MsoNormal b {    font-weight: bolder;  }<\/style><style>  .container.small {    width: 970px;    margin: 0 auto;  }  .logo {    margin: 0 auto 0;  }  .logo img {    display: block;    margin: 0 auto;    max-width: 100%;  }  .logo .pc-banner {    display: block;    width: 1200px;    height: 247.4px;    margin: 0 auto;  }  .logo .pc-banner.small {    width: 970px;  }  .logo .pc-banner.small img {    height: auto!important;  }  .logo .m-banner {    display: none;  }  .ytvideo {    position: relative;    height: 546px;    width: 100%;    margin: 0 auto;  }  .ytvideo img {    width: 100%;    margin: 0 auto;  }  .ytvideo .play-btn {    width: 60px;    height: 42px;    position: absolute;    top: 50%;    left: 50%;    transform: translate(-50%, -50%);    background: url(\"data:image\/png;base64,iVBORw0KGgoAAAANSUhEUgAAAGQAAABGCAMAAAANWMFbAAAC+lBMVEUAAADBGB3kLCfBGB3kLCfcJC7BFx3KKSbiKybkLCbWJCPSIiLSIiLPICHAFx3kLCfgKSXNHiDZJiTIGx\/p4eHcjo7LHSDbJyTkLCbjKyfOHyHPIiL28fHJHB\/GGh7EGR7eKCXDGB3RISHlLSbBGB3AFxzGHB7DGB7BGB3hKybkKybAFx3lLCfAFxzDGR3hKibDGB7cJyTmz8\/elJTlwcHjurrUIyLlLSflLSfAFx3DGR7lLSfCFx3hKibhKibhKybjKybkLCblLSfbJSX49vbx7e3NNzjNMTLMJyjVIyLZf3\/ZQ0LaeHjx0tLgoqLkLCfCGB3HGx\/BGB3BFx3PICHCGB7WJCLOHyC\/Fxy\/Fx3lLCfQISHkLSe\/FxzbJiTBFx3FGx\/AGB7BFx3EGR7AGB3HHSDfKiXAFh3TISHYNzbhKibbJyTTIiL57e325+f039\/v2NjUV1fOHiHiqanfmprch4feKSXVIyPOICHmLibFGh\/mLSe\/Fx7XJCPeKSXXJSPNHyHaJyTGGh7lLCbmLCflLSjSIiLkLCbdKSXLHiC\/GB3KHh++Fh3lKyfoLiXcKCPkx8fYb2\/XaGfVXl3aU1LLHiDksbHgKibPICHbJyTfKSXbJyTCGB3KHSDiKybFGh7TIiL\/\/\/\/VIyPRISHIHB\/GGx\/HHB\/DGR7gKibdKCXLHiDZJiTMHiDNHyHYJSTOICHPICHWJCPcKCXXJSPjLCblLCf+\/f3NGR\/uLijzLynPGR\/IGB7WISHaIyLLGh7UAADxLynNAADRLzDbICLQAADIAAD3MCrUHSHXMTDpKSbLAADp5OTij4\/ejo\/VLy\/1LyngJSTcJCPQHx\/OHB7+\/PzaMS\/OLS\/vLijrLSjSAADaNTPwLyjkKSbNJCbYISHPHB\/KGB7WAAD7+vrn3d3aKynTKCjoLCfsKifRGh\/YAADq5+fhjo7QNDXXKCfmJyXt5+fTLzDLLi\/QKivYHRvMGBrQJCXLISPMExXLDxLaEAvkkI\/bOTfaFQ\/SCgpvLcnHAAAAmnRSTlMA+vv7+gT9Bvf9+8z8\/NSv\/Pr5+P7++vnQIBMP\/v38\/Pn348XDiCYf9OjbzcqxXVcx\/fz8+\/rj1r2poo1+fXFqX0orGP7+\/v7+\/fz8+\/r68uzn4trIxsG\/vri3p6GcmZSNbWVYUUZEPQv+\/f39+\/v7+\/v7+vr64tvV1NTTz87FtbSurqeblJKFg4B3bUY+NjL7+\/v7+\/v67t1cDo8JLQAABkRJREFUWMO0kz9rwkAYh0OIeJkum6YugUAhISCdKoj\/P4C7SMdS+gEKIhSKil10LSg4mzXkILdlEpxCpwTiWOLX6BujvQaEQuGeHLnL+\/64J+SIcKGYTYWnntpdLjrVdqvZmNdn0+EE40GtpuuWVS6Xx6N7YDSGpWXpeq02wHgynM7q80az1a52HpddtVcpsi1zFARBrdaxbhp9iUReTGmwA4KAAr7vx3EYejnCMI6hQYEgy0LQi4jUN0wL19vqFcUC9\/1dAKmEEFkWRYkh5oBejnxQJiSJPJ\/uKBp0Thszx9Mw8hMRIQjKsptCfuES9zr5WJY6vSFCIvE9fCMUmEM1A1kSXcYGxgVYsvI1IPKTZciSTI0us\/SMGG04gDzELDoFBwdcFJrF88dqgYMTiL6DILWYyfOWE8\/kIz38olCNlC03FK95+imxp6y4oUSvAnBjHHhKNtotSDqJzVFiK8c2SBqhZtsrTtgrLXwAyduxZHNE26eHUt5rtuM4WSmds3G+sUdWYo1L+XyxButoh5eKUHk5lByO3G1LqqCWVnfrv\/lyPtf\/4ps1cndNGIri8J1TJ0lx6dR\/oPjq1nbRwdp2dCk4CtIOLW3pVKRL6WZfS5vF2KkIQhpwSsjiYIgNCs1gEMGqiIq24NQX9NwoXFy8Ufrl3twTcg4fv8T9\/JBEySduj6Mjm4bMzYV7EEOxKjjoNDud7yY3Dy71Hq2oLmqfbNR723edH9PgMrNL2utoQ3VmaIDkiw\/4w51P06hlZsTZvkRrbVuSIs\/zwSOsycgzStQouoAkWQqioRT5XI7n2Z1wfVhoZmcAJLsoqjqpjbWCgpOAJXBwHK8PzWbNvoUZJND5wCnSkLAkZ1legx6vqQzjoiTahKlGUGLAiIIoABOHaNVw4sexZBym6\/HWlH5h3IC7yRbxtipcWxdTOkORKiNQAEkFf66x5S2oeRbroOlLgg0sSYkR0hRGEqJZ0jTPiQKatESdBckpWigxaapEH0lImHdWu9pUFF2XqMNM2Z4kped7IwEJw2qabwtrQqnpw6HyKkgcadKWsmpywwesDyIhYRpdzXddqegtGIJlXbAIUMOLkGxJUjRIkokwjUaX9d\/kK62ps\/tYUqZLIMkLTyBhsMZ3C5Z\/kDxOSCb\/DOs\/\/J0qcWSX\/2ipe56EgTCA4\/cB7NAYOsni4mZM1MUPAISoEwkDi4lhVBQ1cWQyIcwalw4EpqZN68JUSK7XC0kTlkLYii5uXSC8jT5ncCAS7mjCv0uHp\/3lueHEEAeQ\/\/VgmdN71\/2uCSA1Xr6DO6uI6sW56zqT2tp2PhgiRUAajV8CY2fkcz6WGNKMgLAt7tJAhD4YHMTeRxlALE6+43WqjSWi8ITxyJl8WrwWSNESQZZOqhDDntO3hJLsd5RtSpbJqdv3YrDJH3F7jL1R2O2aQkn2MyCyKYz0GPGIvSAMgBCrCEiJyKbBaYGwLW4uPRr0A0M4Ux5kUI7IBh+hMdiCEWNqhMZGyYMsOgNE58UQuEQeUnSWCMYwL54hkxK6IoqucQZbQ3pc3XtL0lky1dL0zZJJDpWJovFqpWj6JEHnyam2eQp5QRVAVHjWparTOaVwUOx99YS2MvgxIGV0bb+qIg2HX2qkFFJB+XZcbLiuRkuxD9GRroKyveLxdh4d7Orx+hb7qc3uVRuEogCOnyIxm4ubUoPgF4jianDrC+SDQDKEfJb0GUKmjCGPYHGJvVC6X4hw1\/sAfQAdfYyephIaspXe36RwOP+Ljvfx9B6B3i+Nk0DGq+oCbLn6JpBa9nWAveAIHwFAwtVcIJXPMPL8kRu5OAYPMaL1WScTxjiZDqB9LTJSWphow\/pTYKRTLjCBhvi9iBidvKcDasGSm0QQkycYuLBqj6QCELPctqChDWpTRMWkngNNpQ1Pfp1KkiT\/Y0DGffXAweUNfLAfaJFKDwhb6I+bkYRbkERoEeu3Fyjg2opMz2daZCS9jt6Q7txNfB+OZEVF6Zl5web2xunnLQrtrjXseXKaFYziYINeMFZVxS9VxRhOoesYwxPKXm+gWLG9cuFeq93UNNeJNsf1KlwuDok9n02n3TgIJpOxNfL9naIoQwXtfH9kjceTIIi709ncTg6LZbg+biLH1V6u\/7rxBem06VXKn9raAAAAAElFTkSuQmCC\")      no-repeat center center \/ contain;  }  @media screen and (max-width: 960px) and (orientation: portrait) {    .logo {      width: 100%;    }    .logo .pc-banner {      display: none;    }    .logo .m-banner {      display: block;      width: 100%;    }    .logo .m-banner img {      height: auto!important;    }    .ytvideo {      height: 200px;      width: 100%;    }  }<\/style><style>  .video-section {    width: 100%;    margin: 0 auto;  }  .video-section > img {    width: 100%;  }  .video-section iframe,  .video-section video {    width: 100%;    height: 100%;      }  .video-section-img-m,  .video-section-img-pc > img {    width: 100%;    height: auto;  }  .video-section-img-pc.small > img {    width: 970px;  }  .video-desc {    line-height: 1.5;    font-size: 20px;    font-weight: 400;    margin: 20px 0;    text-align: center;    color: #0f1111;    word-break: break-word;  }  @media screen and (max-width: 960px) and (orientation: portrait) {    .video-section {      width: 100%;    }    .video-section-pc,    .video-section-img-pc {      display: none;    }    .video-section-m,    .video-section-img-m {      display: block;    }    .video-desc {      font-size: 15px;    }  }  @media screen and (min-width: 960px) {    .video-section {      width: 100%;      margin: 0 auto;    }    .video-section-pc,    .video-section-img-pc {      display: block;    }    .video-section-m,    .video-section-img-m {      display: none;    }    .video-desc {      font-size: 20px;    }  }<\/style><style>  .section + .section {    margin-top: 35px;  }  .section-title {    text-align: center;    font-weight: bold;    color: #0d1111;    font-family: \"Arial\";    font-size: 32px;    margin: 15px 0;  }  .section-title:empty {    display: none;  }  .section-desc {    text-align: center;    font-weight: normal;    color: #0d1111;    margin-top: 20px;  }  .section-desc:empty {    display: none;  }  .section-img {    width: 1200px;    height: 492px;    margin: 0 auto;    display: block;  }  .section-img.small {    width: 970px;    height: auto;  }  .section-img.small > img {    height: auto;  }  .section-img > img {    width: 100%;    height: 100%;  }  .section-mobile-img {    display: none;    max-width: 100vw;    max-height: 75vw;    height: 450px;    margin: 0 auto;  }  .section-mobile-img > img {    width: 100%;    height: 100%;  }  @media screen and (max-width: 960px) and (orientation: portrait) {    .container {      width: 100%;    }    .container.small {      width: 100%;    }    .section-mobile-img {      display: block;    }    .section-img {      display: none;    }    .section-title {      font-size: 22px;      margin: 10px 0;    }    .section-desc {      margin-top: 10px;    }    .section + .section {      margin-top: 20px;    }  }<\/style><\/head><body><div class=\"container small\"><div class=\"logo\"><div class=\"pc-banner small\"><div><img decoding=\"async\" src=\"\/vevor\/vevor\/boutique-banner\/pc\/en-pc@1x.jpg\" style=\"width: 100%;\" \/><\/div><\/div><div class=\"m-banner\"><div><img decoding=\"async\" src=\"\/vevor\/vevor\/boutique-banner\/mobile\/en-m@1x.jpg\" style=\"width: 100%;\" \/><\/div><\/div><\/div><div class=\"section-title\">VEVOR \u010detrk\u0101r\u0161i salok\u0101ms kravas automa\u0161\u012bnas kravas kastes p\u0101rvalks \u2013 sagatavojieties katram piedz\u012bvojumam!<\/div><div class=\"video-section\"><div class=\"video-section-img-pc small\"><img decoding=\"async\" src=\"\/vevor\/product\/ZDSKCHBXGXZDS0LM8\/tonneau-cover-a100-1.4-pt.jpg\" \/><\/div><div class=\"video-section-img-m\"><img decoding=\"async\" src=\"\/vevor\/product\/ZDSKCHBXGXZDS0LM8\/tonneau-cover-a100-1.4-pt.jpg\" \/><\/div><div class=\"section-desc\">Our truck bed cover is tailor-made to fit your truck perfectly, giving you full coverage and top-notch protection for all your gear. Made with a thickened PVC surface&#xa0;and aluminum alloy frame, it's your ultimate shield against any weather condition.<\/div><\/div><div class=\"section\"><div class=\"section-title\"><\/div><div class=\"section-img small\"><img decoding=\"async\" src=\"\/vevor\/product\/ZDSKCHBXGXZDS0LM8\/tonneau-cover-a100-2.2-pt.jpg\" \/><\/div><div class=\"section-mobile-img\"><img decoding=\"async\" src=\"\/vevor\/product\/ZDSKCHBXGXZDS0LM8\/tonneau-cover-a100-2.2-pt.jpg\" \/><\/div><div class=\"section-desc\">Our tonneau cover is made with thick PVC material that's tough enough to resist tears and fading, ensuring it lasts a long time. With extra waterproof cotton, it keeps out rocks and water, making it perfect for all your outdoor adventures!<\/div><\/div><div class=\"section\"><div class=\"section-title\"><\/div><div class=\"section-img small\"><img decoding=\"async\" src=\"\/vevor\/product\/ZDSKCHBXGXZDS0LM8\/tonneau-cover-a100-2.3-pt.jpg\" \/><\/div><div class=\"section-mobile-img\"><img decoding=\"async\" src=\"\/vevor\/product\/ZDSKCHBXGXZDS0LM8\/tonneau-cover-a100-2.3-pt.jpg\" \/><\/div><div class=\"section-desc\">Kravas automa\u0161\u012bnas kravas kastes p\u0101rkl\u0101\u0161ana v\u0113l nekad nav bijusi tik vienk\u0101r\u0161a! Pateicoties vienk\u0101r\u0161ajam, \u010detrk\u0101r\u0161i salok\u0101majam dizainam, m\u016bsu kravas kastes p\u0101rvalks \u013cauj \u0101tri piek\u013c\u016bt savam apr\u012bkojumam, bez jebk\u0101d\u0101m probl\u0113m\u0101m.<\/div><\/div><div class=\"section\"><div class=\"section-title\"><\/div><div class=\"section-img small\"><img decoding=\"async\" src=\"\/vevor\/product\/ZDSKCHBXGXZDS0LM8\/tonneau-cover-a100-2.4-pt.jpg\" \/><\/div><div class=\"section-mobile-img\"><img decoding=\"async\" src=\"\/vevor\/product\/ZDSKCHBXGXZDS0LM8\/tonneau-cover-a100-2.4-pt.jpg\" \/><\/div><div class=\"section-desc\">Ar r\u016bsas iztur\u012bgo alum\u012bnija sakaus\u0113juma r\u0101mi m\u016bsu \u010detrk\u0101r\u0161i salok\u0101mais kravas kastes p\u0101rsegs ir tik iztur\u012bgs, cik vien iesp\u0113jams. Tas paliek plakans un sauss neatkar\u012bgi no laikapst\u0101k\u013ciem, nodro\u0161inot, ka j\u016bsu apr\u012bkojums paliks dro\u0161\u012bb\u0101 un sauss v\u0113l daudzus kilometrus.<\/div><\/div><div class=\"section\"><div class=\"section-title\"><\/div><div class=\"section-img small\"><img decoding=\"async\" src=\"\/vevor\/product\/ZDSKCHBXGXZDS0LM8\/tonneau-cover-a100-2.5-pt.jpg\" \/><\/div><div class=\"section-mobile-img\"><img decoding=\"async\" src=\"\/vevor\/product\/ZDSKCHBXGXZDS0LM8\/tonneau-cover-a100-2.5-pt.jpg\" \/><\/div><div class=\"section-desc\">M\u016bsu kravas automa\u0161\u012bnas tonneau v\u0101ka skavas ir moderniz\u0113tas, lai viss b\u016btu cie\u0161i un dro\u0161i bez urb\u0161anas. M\u0113s pat iemetam visus nepiecie\u0161amos instrumentus \u0101trai un vienk\u0101r\u0161ai uzst\u0101d\u012b\u0161anai - run\u0101jiet par \u0113rt\u012bb\u0101m!<\/div><\/div><div class=\"section\"><div class=\"section-img small\"><img decoding=\"async\" src=\"\/vevor\/product\/ZDSKCHBXGXZDS0LM8\/tonneau-cover-a100-1.11-pt.jpg\" \/><\/div><div class=\"section-mobile-img\"><img decoding=\"async\" src=\"\/vevor\/product\/ZDSKCHBXGXZDS0LM8\/tonneau-cover-a100-1.11-pt.jpg\" \/><\/div><\/div><\/div><\/body><\/html><\/div>\n<div class=\"DM_at-title\" id=\"js-DM_at-title\"> <div>Produkta specifik\u0101cija<\/div> <i class=\"icon-arrowup_line\"><\/i> <\/div><div class=\"DM_at-goodsDescAttr\" id=\"js-DM_at-goodsDescAttr\"> <div class=\"DM_at-goodsDescAttrInner\"> <dl class=\"goodsDesc_item goodsDesc_item_even\"> <dt>Preces Mode\u013ca Numurs<\/dt> <dd> SFDG0264<\/dd> <\/dl> <dl class=\"goodsDesc_item\"> <dt>Produkta Svars<\/dt> <dd> 28,0 m\u0101rci\u0146as\/12,7 kg<\/dd> <\/dl> <dl class=\"goodsDesc_item goodsDesc_item_even\"> <dt>Iek\u0161\u0113j\u0101 r\u0101mja izm\u0113rs<\/dt> <dd> 73.58 x 63.39 in\/1869 x 1610 mm<\/dd> <\/dl> <dl class=\"goodsDesc_item\"> <dt>Produkta Izm\u0113ri<\/dt> <dd> 77,8 x 67,7 x 1,6 collas\/1976 x 1720 x 40 mm<\/dd> <\/dl> <\/div> <\/div>","protected":false},"excerpt":{"rendered":"<ul>\n<li> Perfect Fit: This quad-fold truck bed cover is tailor-made for 2002-2024 Dodge Ram 1500 (Inclu. Classic &#038; New), 2003-2024 Dodge Ram 2500 3500, Fleetside 6.4&#8242; Bed, ensuring a snug fit for your truck bed measuring 56.4 x 5.5 ft (1938 x 1687mm). Note: Before you buy, just measure your bed to ensure compatibility with your vehicle. <\/li>\n<li> V\u0113ja un sniega iztur\u012bgs: \u0160is tentu p\u0101rsegs ir izgatavots no bieza, pl\u012bstiztur\u012bga PVC materi\u0101la. Tas pasarg\u0101s j\u016bs neatkar\u012bgi no lietus vai saules gaismas! Turkl\u0101t \u016bdensnecaurlaid\u012bg\u0101 kokvilna uztur visu iek\u0161pus\u0113 sausu. Iek\u0161\u0113jais alum\u012bnija sakaus\u0113juma atbalsta r\u0101mis ir iztur\u012bgs pret r\u016bsu un loc\u012b\u0161anos, nov\u0113r\u0161ot \u016bdens uzkr\u0101\u0161anos, kad p\u0101rsegs ir atloc\u012bts. <\/li>\n<li> Uzlabota skr\u016bvju skava pret va\u013c\u012bgumu: Atvadieties no caurumu urb\u0161anas! M\u016bsu uzlabot\u0101s skavas dro\u0161i notur visu sav\u0101 viet\u0101 bez jebk\u0101das piep\u016bles. Ar skr\u016bvju skav\u0101m pret va\u013c\u012bgumu un \u0101tr\u0101s atbr\u012bvo\u0161anas roktura blo\u0137\u0113\u0161anas ier\u012bci gultas p\u0101rvalks paliek cie\u0161i nostiprin\u0101ts un dro\u0161s. <\/li>\n<li> \u0100tra atv\u0113r\u0161ana\/salok\u012b\u0161ana: M\u016bsu pikapa kravas kastes p\u0101rsegs ir izgatavots no elast\u012bga PVC, kas viegli izstiepjas, lai piln\u012bb\u0101 p\u0101rkl\u0101tu j\u016bsu kravas kasti, nodro\u0161inot j\u016bsu kravas aizsardz\u012bbu. To var ar\u012b \u0101tri saloc\u012bt \u010detr\u0101s da\u013c\u0101s, t\u0101d\u0113j\u0101di \u0113rti piek\u013c\u016bstot lieliem priek\u0161metiem vai tos uzglab\u0101jot. <\/li>\n<li> Vienm\u0113r\u012bga brauk\u0161ana liel\u0101 \u0101trum\u0101: \u0160is kravas automa\u0161\u012bnas tentu p\u0101rsegs, kas izstr\u0101d\u0101ts, izmantojot aerodinamiku un vieglus materi\u0101lus, samazina v\u0113ja pretest\u012bbu, lai j\u016bs var\u0113tu doties ce\u013c\u0101, net\u0113r\u0113jot papildu degvielu. Nav grabo\u0161a trok\u0161\u0146a vai nel\u012bdzenumu uz ce\u013ca \u2013 tikai vienm\u0113r\u012bga brauk\u0161ana uz priek\u0161u! <\/li>\n<\/ul>","protected":false},"featured_media":327165,"comment_status":"closed","ping_status":"open","template":"","meta":{"om_disable_all_campaigns":false,"_uf_show_specific_survey":0,"_uf_disable_surveys":false},"location":[1935,1934],"product_brand":[21],"product_cat":[133,4245,4213,2619],"product_tag":[],"class_list":{"0":"post-52253","1":"product","2":"type-product","3":"status-publish","4":"has-post-thumbnail","6":"location-supplier_stock_location","7":"location-local_stock_location","8":"product_brand-vevor","9":"product_cat-automotive","10":"product_cat-fold-truck-bed-tonneau-cover","11":"product_cat-tonneau-cover-truck-accessories","12":"product_cat-truck-accessories","14":"first","15":"outofstock","16":"taxable","17":"shipping-taxable","18":"purchasable","19":"product-type-simple"},"aioseo_notices":[],"locations":[{"id":1935,"name":"Pieg\u0101d\u0101ja noliktav\u0101 (5-7dd.d)","slug":"supplier_stock_location","quantity":"0"},{"id":1934,"name":"R\u012bgas veikal\u0101 (0-2d.d.)","slug":"local_stock_location","quantity":"0"}],"_links":{"self":[{"href":"https:\/\/vevorshop.lv\/lv\/wp-json\/wp\/v2\/product\/52253","targetHints":{"allow":["GET"]}}],"collection":[{"href":"https:\/\/vevorshop.lv\/lv\/wp-json\/wp\/v2\/product"}],"about":[{"href":"https:\/\/vevorshop.lv\/lv\/wp-json\/wp\/v2\/types\/product"}],"replies":[{"embeddable":true,"href":"https:\/\/vevorshop.lv\/lv\/wp-json\/wp\/v2\/comments?post=52253"}],"wp:featuredmedia":[{"embeddable":true,"href":"https:\/\/vevorshop.lv\/lv\/wp-json\/wp\/v2\/media\/327165"}],"wp:attachment":[{"href":"https:\/\/vevorshop.lv\/lv\/wp-json\/wp\/v2\/media?parent=52253"}],"wp:term":[{"taxonomy":"location","embeddable":true,"href":"https:\/\/vevorshop.lv\/lv\/wp-json\/wp\/v2\/location?post=52253"},{"taxonomy":"product_brand","embeddable":true,"href":"https:\/\/vevorshop.lv\/lv\/wp-json\/wp\/v2\/product_brand?post=52253"},{"taxonomy":"product_cat","embeddable":true,"href":"https:\/\/vevorshop.lv\/lv\/wp-json\/wp\/v2\/product_cat?post=52253"},{"taxonomy":"product_tag","embeddable":true,"href":"https:\/\/vevorshop.lv\/lv\/wp-json\/wp\/v2\/product_tag?post=52253"}],"curies":[{"name":"wp","href":"https:\/\/api.w.org\/{rel}","templated":true}]}}