{"id":52278,"date":"2024-11-19T21:13:38","date_gmt":"2024-11-19T21:13:38","guid":{"rendered":"http:\/\/vevorshop.edigo.lv\/Prece\/vevor-6-pcs-commercial-emergency-light-led-exit-lighting-fixtures-backup-battery\/"},"modified":"2026-04-20T02:33:16","modified_gmt":"2026-04-19T23:33:16","slug":"vevor-6-pcs-commercial-emergency-light-led-exit-lighting-fixtures-backup-battery","status":"publish","type":"product","link":"https:\/\/vevorshop.lv\/lv\/Prece\/vevor-6-gab-komerciala-avarijas-gaismas-rezultata-izejas-apgaismojuma-kermeni-rezerves-akumulators\/","title":{"rendered":"VEVOR 6x 3W LED av\u0101rijas izejas gaismas, 180 min baterija, regul\u0113jamas galvas, sienas\/griestu stiprin\u0101jums komerci\u0101lai lieto\u0161anai"},"content":{"rendered":"<div style=\"color: #fff!important; font-size: 16px; height: 24px; line-height: 24px; margin-top: -24px; \" class=\"product_original_name\">VEVOR 6 Pack Commercial Emergency Light, 3W, White LED Emergency Exit Lighting Fixtures with 180 Minutes Backup Battery Adjustable 2 LED Square Head, Ceiling or Wall Mount for Business Power Outages<\/div>\n<div style=\"color: #fff!important; font-size: 16px; height: 24px; line-height: 24px; margin-top: -24px; \" class=\"product_sku\">M4I4LYWW<\/div>\n<div style=\"color: #fff!important; font-size: 16px; height: 24px; line-height: 24px; margin-top: -24px; \" class=\"product_mpn\">YJZSD6J00000BF3R4V7<\/div><div id=\"js-DM_at-goodDescRich\"><html><head><style>  body {    font-family: Arial;    line-height: 1.5;    color: #1c1c1c;    overflow-x: hidden;    margin: 0;    padding: 0;  }  .MsoNormal b {    font-weight: bolder;  }<\/style><style>  .container.small {    width: 970px;    margin: 0 auto;  }  .logo {    margin: 0 auto 0;  }  .logo img {    display: block;    margin: 0 auto;    max-width: 100%;  }  .logo .pc-banner {    display: block;    width: 1200px;    height: 247.4px;    margin: 0 auto;  }  .logo .pc-banner.small {    width: 970px;  }  .logo .pc-banner.small img {    height: auto!important;  }  .logo .m-banner {    display: none;  }  .ytvideo {    position: relative;    height: 546px;    width: 100%;    margin: 0 auto;  }  .ytvideo img {    width: 100%;    margin: 0 auto;  }  .ytvideo .play-btn {    width: 60px;    height: 42px;    position: absolute;    top: 50%;    left: 50%;    transform: translate(-50%, -50%);    background: url(\"data:image\/png;base64,iVBORw0KGgoAAAANSUhEUgAAAGQAAABGCAMAAAANWMFbAAAC+lBMVEUAAADBGB3kLCfBGB3kLCfcJC7BFx3KKSbiKybkLCbWJCPSIiLSIiLPICHAFx3kLCfgKSXNHiDZJiTIGx\/p4eHcjo7LHSDbJyTkLCbjKyfOHyHPIiL28fHJHB\/GGh7EGR7eKCXDGB3RISHlLSbBGB3AFxzGHB7DGB7BGB3hKybkKybAFx3lLCfAFxzDGR3hKibDGB7cJyTmz8\/elJTlwcHjurrUIyLlLSflLSfAFx3DGR7lLSfCFx3hKibhKibhKybjKybkLCblLSfbJSX49vbx7e3NNzjNMTLMJyjVIyLZf3\/ZQ0LaeHjx0tLgoqLkLCfCGB3HGx\/BGB3BFx3PICHCGB7WJCLOHyC\/Fxy\/Fx3lLCfQISHkLSe\/FxzbJiTBFx3FGx\/AGB7BFx3EGR7AGB3HHSDfKiXAFh3TISHYNzbhKibbJyTTIiL57e325+f039\/v2NjUV1fOHiHiqanfmprch4feKSXVIyPOICHmLibFGh\/mLSe\/Fx7XJCPeKSXXJSPNHyHaJyTGGh7lLCbmLCflLSjSIiLkLCbdKSXLHiC\/GB3KHh++Fh3lKyfoLiXcKCPkx8fYb2\/XaGfVXl3aU1LLHiDksbHgKibPICHbJyTfKSXbJyTCGB3KHSDiKybFGh7TIiL\/\/\/\/VIyPRISHIHB\/GGx\/HHB\/DGR7gKibdKCXLHiDZJiTMHiDNHyHYJSTOICHPICHWJCPcKCXXJSPjLCblLCf+\/f3NGR\/uLijzLynPGR\/IGB7WISHaIyLLGh7UAADxLynNAADRLzDbICLQAADIAAD3MCrUHSHXMTDpKSbLAADp5OTij4\/ejo\/VLy\/1LyngJSTcJCPQHx\/OHB7+\/PzaMS\/OLS\/vLijrLSjSAADaNTPwLyjkKSbNJCbYISHPHB\/KGB7WAAD7+vrn3d3aKynTKCjoLCfsKifRGh\/YAADq5+fhjo7QNDXXKCfmJyXt5+fTLzDLLi\/QKivYHRvMGBrQJCXLISPMExXLDxLaEAvkkI\/bOTfaFQ\/SCgpvLcnHAAAAmnRSTlMA+vv7+gT9Bvf9+8z8\/NSv\/Pr5+P7++vnQIBMP\/v38\/Pn348XDiCYf9OjbzcqxXVcx\/fz8+\/rj1r2poo1+fXFqX0orGP7+\/v7+\/fz8+\/r68uzn4trIxsG\/vri3p6GcmZSNbWVYUUZEPQv+\/f39+\/v7+\/v7+vr64tvV1NTTz87FtbSurqeblJKFg4B3bUY+NjL7+\/v7+\/v67t1cDo8JLQAABkRJREFUWMO0kz9rwkAYh0OIeJkum6YugUAhISCdKoj\/P4C7SMdS+gEKIhSKil10LSg4mzXkILdlEpxCpwTiWOLX6BujvQaEQuGeHLnL+\/64J+SIcKGYTYWnntpdLjrVdqvZmNdn0+EE40GtpuuWVS6Xx6N7YDSGpWXpeq02wHgynM7q80az1a52HpddtVcpsi1zFARBrdaxbhp9iUReTGmwA4KAAr7vx3EYejnCMI6hQYEgy0LQi4jUN0wL19vqFcUC9\/1dAKmEEFkWRYkh5oBejnxQJiSJPJ\/uKBp0Thszx9Mw8hMRIQjKsptCfuES9zr5WJY6vSFCIvE9fCMUmEM1A1kSXcYGxgVYsvI1IPKTZciSTI0us\/SMGG04gDzELDoFBwdcFJrF88dqgYMTiL6DILWYyfOWE8\/kIz38olCNlC03FK95+imxp6y4oUSvAnBjHHhKNtotSDqJzVFiK8c2SBqhZtsrTtgrLXwAyduxZHNE26eHUt5rtuM4WSmds3G+sUdWYo1L+XyxButoh5eKUHk5lByO3G1LqqCWVnfrv\/lyPtf\/4ps1cndNGIri8J1TJ0lx6dR\/oPjq1nbRwdp2dCk4CtIOLW3pVKRL6WZfS5vF2KkIQhpwSsjiYIgNCs1gEMGqiIq24NQX9NwoXFy8Ufrl3twTcg4fv8T9\/JBEySduj6Mjm4bMzYV7EEOxKjjoNDud7yY3Dy71Hq2oLmqfbNR723edH9PgMrNL2utoQ3VmaIDkiw\/4w51P06hlZsTZvkRrbVuSIs\/zwSOsycgzStQouoAkWQqioRT5XI7n2Z1wfVhoZmcAJLsoqjqpjbWCgpOAJXBwHK8PzWbNvoUZJND5wCnSkLAkZ1legx6vqQzjoiTahKlGUGLAiIIoABOHaNVw4sexZBym6\/HWlH5h3IC7yRbxtipcWxdTOkORKiNQAEkFf66x5S2oeRbroOlLgg0sSYkR0hRGEqJZ0jTPiQKatESdBckpWigxaapEH0lImHdWu9pUFF2XqMNM2Z4kped7IwEJw2qabwtrQqnpw6HyKkgcadKWsmpywwesDyIhYRpdzXddqegtGIJlXbAIUMOLkGxJUjRIkokwjUaX9d\/kK62ps\/tYUqZLIMkLTyBhsMZ3C5Z\/kDxOSCb\/DOs\/\/J0qcWSX\/2ipe56EgTCA4\/cB7NAYOsni4mZM1MUPAISoEwkDi4lhVBQ1cWQyIcwalw4EpqZN68JUSK7XC0kTlkLYii5uXSC8jT5ncCAS7mjCv0uHp\/3lueHEEAeQ\/\/VgmdN71\/2uCSA1Xr6DO6uI6sW56zqT2tp2PhgiRUAajV8CY2fkcz6WGNKMgLAt7tJAhD4YHMTeRxlALE6+43WqjSWi8ITxyJl8WrwWSNESQZZOqhDDntO3hJLsd5RtSpbJqdv3YrDJH3F7jL1R2O2aQkn2MyCyKYz0GPGIvSAMgBCrCEiJyKbBaYGwLW4uPRr0A0M4Ux5kUI7IBh+hMdiCEWNqhMZGyYMsOgNE58UQuEQeUnSWCMYwL54hkxK6IoqucQZbQ3pc3XtL0lky1dL0zZJJDpWJovFqpWj6JEHnyam2eQp5QRVAVHjWparTOaVwUOx99YS2MvgxIGV0bb+qIg2HX2qkFFJB+XZcbLiuRkuxD9GRroKyveLxdh4d7Orx+hb7qc3uVRuEogCOnyIxm4ubUoPgF4jianDrC+SDQDKEfJb0GUKmjCGPYHGJvVC6X4hw1\/sAfQAdfYyephIaspXe36RwOP+Ljvfx9B6B3i+Nk0DGq+oCbLn6JpBa9nWAveAIHwFAwtVcIJXPMPL8kRu5OAYPMaL1WScTxjiZDqB9LTJSWphow\/pTYKRTLjCBhvi9iBidvKcDasGSm0QQkycYuLBqj6QCELPctqChDWpTRMWkngNNpQ1Pfp1KkiT\/Y0DGffXAweUNfLAfaJFKDwhb6I+bkYRbkERoEeu3Fyjg2opMz2daZCS9jt6Q7txNfB+OZEVF6Zl5web2xunnLQrtrjXseXKaFYziYINeMFZVxS9VxRhOoesYwxPKXm+gWLG9cuFeq93UNNeJNsf1KlwuDok9n02n3TgIJpOxNfL9naIoQwXtfH9kjceTIIi709ncTg6LZbg+biLH1V6u\/7rxBem06VXKn9raAAAAAElFTkSuQmCC\")      no-repeat center center \/ contain;  }  @media screen and (max-width: 960px) and (orientation: portrait) {    .logo {      width: 100%;    }    .logo .pc-banner {      display: none;    }    .logo .m-banner {      display: block;      width: 100%;    }    .logo .m-banner img {      height: auto!important;    }    .ytvideo {      height: 200px;      width: 100%;    }  }<\/style><style>  .video-section {    width: 100%;    margin: 0 auto;  }  .video-section > img {    width: 100%;  }  .video-section iframe,  .video-section video {    width: 100%;    height: 100%;      }  .video-section-img-m,  .video-section-img-pc > img {    width: 100%;    height: auto;  }  .video-section-img-pc.small > img {    width: 970px;  }  .video-desc {    line-height: 1.5;    font-size: 20px;    font-weight: 400;    margin: 20px 0;    text-align: center;    color: #0f1111;    word-break: break-word;  }  @media screen and (max-width: 960px) and (orientation: portrait) {    .video-section {      width: 100%;    }    .video-section-pc,    .video-section-img-pc {      display: none;    }    .video-section-m,    .video-section-img-m {      display: block;    }    .video-desc {      font-size: 15px;    }  }  @media screen and (min-width: 960px) {    .video-section {      width: 100%;      margin: 0 auto;    }    .video-section-pc,    .video-section-img-pc {      display: block;    }    .video-section-m,    .video-section-img-m {      display: none;    }    .video-desc {      font-size: 20px;    }  }<\/style><style>  .section + .section {    margin-top: 35px;  }  .section-title {    text-align: center;    font-weight: bold;    color: #0d1111;    font-family: \"Arial\";    font-size: 32px;    margin: 15px 0;  }  .section-title:empty {    display: none;  }  .section-desc {    text-align: center;    font-weight: normal;    color: #0d1111;    margin-top: 20px;  }  .section-desc:empty {    display: none;  }  .section-img {    width: 1200px;    height: 492px;    margin: 0 auto;    display: block;  }  .section-img.small {    width: 970px;    height: auto;  }  .section-img.small > img {    height: auto;  }  .section-img > img {    width: 100%;    height: 100%;  }  .section-mobile-img {    display: none;    max-width: 100vw;    max-height: 75vw;    height: 450px;    margin: 0 auto;  }  .section-mobile-img > img {    width: 100%;    height: 100%;  }  @media screen and (max-width: 960px) and (orientation: portrait) {    .container {      width: 100%;    }    .container.small {      width: 100%;    }    .section-mobile-img {      display: block;    }    .section-img {      display: none;    }    .section-title {      font-size: 22px;      margin: 10px 0;    }    .section-desc {      margin-top: 10px;    }    .section + .section {      margin-top: 20px;    }  }<\/style><\/head><body><div class=\"container small\"><div class=\"logo\"><div class=\"pc-banner small\"><div><img decoding=\"async\" src=\"\/vevor\/vevor\/boutique-banner\/pc\/en-pc@1x.jpg\" style=\"width: 100%;\" \/><\/div><\/div><div class=\"m-banner\"><div><img decoding=\"async\" src=\"\/vevor\/vevor\/boutique-banner\/mobile\/en-m@1x.jpg\" style=\"width: 100%;\" \/><\/div><\/div><\/div><div class=\"section-title\">6 LED av\u0101rijas gaismek\u013cu komplekts, apgaismojiet savu telpu<\/div><div class=\"video-section\"><div class=\"video-section-img-pc small\"><img decoding=\"async\" src=\"\/vevor\/product\/YJZSD6J00000BF3R4\/emergency-lights-a100-1.4-pt.jpg\" alt=\"VEVOR av\u0101rijas apgaismojums ar regul\u0113jamu divu galvu, 3 W energoefekt\u012bvs, vair\u0101k nek\u0101 180 min\u016b\u0161u darb\u012bbas laiks slimn\u012bc\u0101.\" \/><\/div><div class=\"video-section-img-m\"><img decoding=\"async\" src=\"\/vevor\/product\/YJZSD6J00000BF3R4\/emergency-lights-a100-1.4-pt.jpg\" alt=\"VEVOR av\u0101rijas apgaismojums ar regul\u0113jamu divu galvu, 3 W energoefekt\u012bvs, vair\u0101k nek\u0101 180 min\u016b\u0161u darb\u012bbas laiks slimn\u012bc\u0101.\" \/><\/div><div class=\"section-desc\">M\u016bsu 3W divu galvu LED av\u0101rijas gaismas nodro\u0161ina efekt\u012bvu evaku\u0101ciju str\u0101vas padeves p\u0101rtraukumiem, ugunsgr\u0113kiem, v\u0113tr\u0101m utt. Ar 1800mAh uzl\u0101d\u0113jamu akumulatoru esiet gatavi un dro\u0161i apgaismoti vair\u0101k nek\u0101 180 min\u016btes nep\u0101rtraukts apgaismojums!<\/div><\/div><div class=\"section\"><div class=\"section-title\"><\/div><div class=\"section-img small\"><img decoding=\"async\" src=\"\/vevor\/product\/YJZSD6J00000BF3R4\/emergency-lights-a100-2.2-pt.jpg\" alt=\"VEVOR av\u0101rijas apgaismojums: vair\u0101k nek\u0101 180 min\u016b\u0161u rezerves akumulators uz\u0146\u0113m\u0113jdarb\u012bbas nep\u0101rtraukt\u012bbai un klientu dro\u0161\u012bbai.\" \/><\/div><div class=\"section-mobile-img\"><img decoding=\"async\" src=\"\/vevor\/product\/YJZSD6J00000BF3R4\/emergency-lights-a100-2.2-pt.jpg\" alt=\"VEVOR av\u0101rijas apgaismojums: vair\u0101k nek\u0101 180 min\u016b\u0161u rezerves akumulators uz\u0146\u0113m\u0113jdarb\u012bbas nep\u0101rtraukt\u012bbai un klientu dro\u0161\u012bbai.\" \/><\/div><div class=\"section-desc\">Ar ieb\u016bv\u0113tu 1800 mAh uzl\u0101d\u0113jamu akumulatoru m\u016bsu komerci\u0101lais av\u0101rijas apgaismojums nodro\u0161ina nep\u0101rtrauktu apgaismojumu vair\u0101k nek\u0101 180 min\u016btes str\u0101vas padeves p\u0101rtraukumu laik\u0101. Lieliski piem\u0113rots kafejn\u012bc\u0101m, tirdzniec\u012bbas centriem, studij\u0101m un citur, tas nodro\u0161ina nevainojamu darb\u012bbu, vienlaikus r\u016bp\u0113joties par j\u016bsu darbinieku un klientu dro\u0161\u012bbu.<\/div><\/div><div class=\"section\"><div class=\"section-title\"><\/div><div class=\"section-img small\"><img decoding=\"async\" src=\"\/vevor\/product\/YJZSD6J00000BF3R4\/emergency-lights-a100-2.3-pt.jpg\" alt=\"VEVOR av\u0101rijas apgaismojuma rezerves litija akumulators un liesmu sl\u0101p\u0113jo\u0161s apvalks ilgsto\u0161ai darb\u012bbai.\" \/><\/div><div class=\"section-mobile-img\"><img decoding=\"async\" src=\"\/vevor\/product\/YJZSD6J00000BF3R4\/emergency-lights-a100-2.3-pt.jpg\" alt=\"VEVOR av\u0101rijas apgaismojuma rezerves litija akumulators un liesmu sl\u0101p\u0113jo\u0161s apvalks ilgsto\u0161ai darb\u012bbai.\" \/><\/div><div class=\"section-desc\">Izmantojot augstas kvalit\u0101tes litija baterijas, m\u016bsu LED av\u0101rijas apgaismojuma \u0137erme\u0146i iztur daudzus uzl\u0101des ciklus ar minim\u0101lu degrad\u0101ciju. Izgatavoti no liesmu sl\u0101p\u0113jo\u0161as plastmasas, tie iztur augstu temperat\u016bru, uguni un putek\u013cus, nodro\u0161inot iz\u0161\u0137iro\u0161i svar\u012bgu laiku evaku\u0101cijai un ugunsdz\u0113s\u012bbas darbiem.<\/div><\/div><div class=\"section\"><div class=\"section-title\"><\/div><div class=\"section-img small\"><img decoding=\"async\" src=\"\/vevor\/product\/YJZSD6J00000BF3R4\/emergency-lights-a100-2.4-pt.jpg\" alt=\"VEVOR av\u0101rijas apgaismojums, kas uzlabo dro\u0161\u012bbu k\u0101p\u0146u telp\u0101s un gaiten\u012b ar spilgtu apgaismojumu.\" \/><\/div><div class=\"section-mobile-img\"><img decoding=\"async\" src=\"\/vevor\/product\/YJZSD6J00000BF3R4\/emergency-lights-a100-2.4-pt.jpg\" alt=\"VEVOR av\u0101rijas apgaismojums, kas uzlabo dro\u0161\u012bbu k\u0101p\u0146u telp\u0101s un gaiten\u012b ar spilgtu apgaismojumu.\" \/><\/div><div class=\"section-desc\">Izbaudiet m\u016bsu av\u0101rijas izejas apgaismojuma stiprin\u0101juma elast\u012bbu, to piestiprinot pie griestiem vai sienas, un tas bez piep\u016bles piel\u0101gojas j\u016bsu apgaismojuma vajadz\u012bb\u0101m. Piestipriniet to pie sienas k\u0101p\u0146u telp\u0101s, lai nodro\u0161in\u0101tu dro\u0161us un apgaismotus pak\u0101pienus, vai piestipriniet to pie griestiem, lai ieg\u016btu vienm\u0113r\u012bgu apgaismojumu, kas pal\u012bdz efekt\u012bvi evaku\u0113ties.<\/div><\/div><div class=\"section\"><div class=\"section-title\"><\/div><div class=\"section-img small\"><img decoding=\"async\" src=\"\/vevor\/product\/YJZSD6J00000BF3R4\/emergency-lights-a100-2.5-pt.jpg\" alt=\"VEVOR av\u0101rijas apgaismojums uzst\u0101d\u012bts slimn\u012bc\u0101s, autost\u0101vviet\u0101s, skol\u0101s, te\u0101tros, tirdzniec\u012bbas centros un darbn\u012bc\u0101s.\" \/><\/div><div class=\"section-mobile-img\"><img decoding=\"async\" src=\"\/vevor\/product\/YJZSD6J00000BF3R4\/emergency-lights-a100-2.5-pt.jpg\" alt=\"VEVOR av\u0101rijas apgaismojums uzst\u0101d\u012bts slimn\u012bc\u0101s, autost\u0101vviet\u0101s, skol\u0101s, te\u0101tros, tirdzniec\u012bbas centros un darbn\u012bc\u0101s.\" \/><\/div><div class=\"section-desc\">Izstr\u0101d\u0101ts, lai apmierin\u0101tu biroju, skolu, mazumtirdzniec\u012bbas telpu un citu vietu dro\u0161\u012bbas vajadz\u012bbas. Elektr\u012bbas padeves p\u0101rtraukumu, ugunsgr\u0113ku, putek\u013cu v\u0113tru, negaisu vai citu \u0101rk\u0101rtas situ\u0101ciju vai dabas katastrofu gad\u012bjum\u0101 m\u016bsu av\u0101rijas izejas apgaismojums ar rezerves akumulatoru k\u013c\u016bst par j\u016bsu dro\u0161\u012bbas sargiem.<\/div><\/div><div class=\"section\"><div class=\"section-img small\"><img decoding=\"async\" src=\"\/vevor\/product\/YJZSD6J00000BF3R4\/emergency-lights-a100-1.11-pt.jpg\" alt=\"VEVOR av\u0101rijas apgaismojums ar div\u0101m LED galv\u0101m, 1800 mAh litija akumulators, izm\u0113ri: 12,2x3,9x4,1 collas.\" \/><\/div><div class=\"section-mobile-img\"><img decoding=\"async\" src=\"\/vevor\/product\/YJZSD6J00000BF3R4\/emergency-lights-a100-1.11-pt.jpg\" alt=\"VEVOR av\u0101rijas apgaismojums ar div\u0101m LED galv\u0101m, 1800 mAh litija akumulators, izm\u0113ri: 12,2x3,9x4,1 collas.\" \/><\/div><\/div><\/div><\/body><\/html><\/div>\n<div class=\"DM_at-title\" id=\"js-DM_at-title\"> <div>Produkta specifik\u0101cija<\/div> <i class=\"icon-arrowup_line\"><\/i> <\/div><div class=\"DM_at-goodsDescAttr\" id=\"js-DM_at-goodsDescAttr\"> <div class=\"DM_at-goodsDescAttrInner\"> <dl class=\"goodsDesc_item goodsDesc_item_even\"> <dt>Preces Mode\u013ca Numurs<\/dt> <dd> AX-XFYJD-001<\/dd> <\/dl> <dl class=\"goodsDesc_item\"> <dt>Nomin\u0101lo Spriegumu<\/dt> <dd> Mai\u0146str\u0101va 85\u2013277 V, 50\/60 Hz<\/dd> <\/dl> <dl class=\"goodsDesc_item goodsDesc_item_even\"> <dt>Nomin\u0101l\u0101 Jauda<\/dt> <dd> 3W<\/dd> <\/dl> <dl class=\"goodsDesc_item\"> <dt>Av\u0101rijas apgaismojuma laiks<\/dt> <dd> \u2265180 min\u016btes<\/dd> <\/dl> <dl class=\"goodsDesc_item goodsDesc_item_even\"> <dt>Akumulatora tips<\/dt> <dd> 1800mAh 3,7 V litija akumulators<\/dd> <\/dl> <dl class=\"goodsDesc_item\"> <dt>Neto Svars<\/dt> <dd> 6.1 lbs\/3 kg<\/dd> <\/dl> <dl class=\"goodsDesc_item goodsDesc_item_even\"> <dt>Produkta Izm\u0113ri<\/dt> <dd> 12,2 x 3,9 x 4,1 collas \/310 x 100 x 105 mm<\/dd> <\/dl> <\/div> <\/div>","protected":false},"excerpt":{"rendered":"<ul>\n<li> Sp\u012bd\u0113t spilgti ar LED av\u0101rijas gaismas: izgaismojiet jebkuru situ\u0101ciju ar m\u016bsu 3W divu galvu LED av\u0101rijas gaismas \u0137erme\u0146i, katra galva lepojas 12 LED mikrosh\u0113mas par pla\u0161u, vienm\u0113r\u012bgu spilgtumu. Neatkar\u012bgi no t\u0101, vai tas ir aptum\u0161o\u0161ana, ugunsgr\u0113ks, putek\u013cu v\u0113tra, v\u0113tra vai jebkura \u0101rk\u0101rtas situ\u0101cija, tas pal\u012bdz nodro\u0161in\u0101t dro\u0161u un efekt\u012bvu evaku\u0101ciju j\u016bsu komandai. <\/li>\n<li> \u2265180 min\u016b\u0161u ilga akumulatora darb\u012bba: Atvadieties no tum\u0161\u0101m telp\u0101m ar m\u016bsu komerci\u0101lo av\u0101rijas apgaismojumu, kas apr\u012bkots ar ieb\u016bv\u0113tu 1800 mAh uzl\u0101d\u0113jamu akumulatoru. Tas turpina spo\u017ei sp\u012bd\u0113t vair\u0101k nek\u0101 180 min\u016btes str\u0101vas padeves p\u0101rtraukumu laik\u0101, nodro\u0161inot, ka ikviens var \u0101tri un vienk\u0101r\u0161i atrast ce\u013cu uz dro\u0161\u012bbu. Esiet gatavi un uzturiet savu telpu spilgti apgaismotu, kad tas ir visvair\u0101k nepiecie\u0161ams! <\/li>\n<li> Ugunsdro\u0161s aizsargapvalks: M\u016bsu komerci\u0101lajiem av\u0101rijas apgaismojuma \u0137erme\u0146iem ir ugunsdro\u0161s dizains ar liesmu sl\u0101p\u0113jo\u0161iem materi\u0101liem, kas pal\u012bdz pal\u0113nin\u0101t ugunsgr\u0113ka izplat\u012b\u0161anos, samazinot traumu risku un dodot ikvienam svar\u012bgu laiku dro\u0161ai evaku\u0101cijai. Tas ir j\u016bsu uzticamais sabiedrotais \u0101rk\u0101rtas situ\u0101cij\u0101s! <\/li>\n<li> Regul\u0113jams platle\u0146\u0137a apgaismojums: Izbaudiet daudzpus\u012bgu apgaismojumu ar m\u016bsu av\u0101rijas izejas apgaismojuma divk\u0101r\u0161aj\u0101m 90\u00b0 regul\u0113jamaj\u0101m galv\u0101m, kas pied\u0101v\u0101 pla\u0161\u0101ku apgaismojuma diapazonu. Neatkar\u012bgi no t\u0101, vai tas ir piestiprin\u0101ts pie sienas evaku\u0101cijas ce\u013cu tuvum\u0101 vai pie griestiem vienm\u0113r\u012bgam p\u0101rkl\u0101jumam, piel\u0101gojiet to sav\u0101m vajadz\u012bb\u0101m, lai ieg\u016btu optim\u0101lu spilgtumu visur, kur tas visvair\u0101k nepiecie\u0161ams. <\/li>\n<li> Piln\u012bb\u0101 apr\u012bkots vienk\u0101r\u0161ai uzst\u0101d\u012b\u0161anai: Viss nepiecie\u0161amais ir iek\u013cauts kast\u0113! M\u016bsu komplekt\u0101 ietilpst visi uzst\u0101d\u012b\u0161anas piederumi un piederumi virsmas mont\u0101\u017eai, izmantojot aizmugur\u0113jo pl\u0101ksni. Atvadieties no papildu deta\u013cu ieg\u0101des apgr\u016btin\u0101jumiem \u2014 uzst\u0101d\u012b\u0161ana ir vienk\u0101r\u0161a un \u0101tra! Piez\u012bme: Ja, nospie\u017eot pogu \u201cON\u201d, gaisma neiedegas, l\u016bdzu, iesl\u0113dziet \u0137\u0113di un uzl\u0101d\u0113jiet 20 sekundes. <\/li>\n<\/ul>","protected":false},"featured_media":327292,"comment_status":"closed","ping_status":"open","template":"","meta":{"om_disable_all_campaigns":false,"_uf_show_specific_survey":0,"_uf_disable_surveys":false},"location":[1935,1934],"product_brand":[21],"product_cat":[1386,4344,4345,547],"product_tag":[],"class_list":{"0":"post-52278","1":"product","2":"type-product","3":"status-publish","4":"has-post-thumbnail","6":"location-supplier_stock_location","7":"location-local_stock_location","8":"product_brand-vevor","9":"product_cat-commercial-lighting","10":"product_cat-emergency-exit-lights","11":"product_cat-emergency-light-fixtures-emergency-exit-lights","12":"product_cat-lighting","14":"first","15":"outofstock","16":"taxable","17":"shipping-taxable","18":"purchasable","19":"product-type-simple"},"aioseo_notices":[],"locations":[{"id":1935,"name":"Pieg\u0101d\u0101ja noliktav\u0101 (5-7dd.d)","slug":"supplier_stock_location","quantity":"0"},{"id":1934,"name":"R\u012bgas veikal\u0101 (0-2d.d.)","slug":"local_stock_location","quantity":"0"}],"_links":{"self":[{"href":"https:\/\/vevorshop.lv\/lv\/wp-json\/wp\/v2\/product\/52278","targetHints":{"allow":["GET"]}}],"collection":[{"href":"https:\/\/vevorshop.lv\/lv\/wp-json\/wp\/v2\/product"}],"about":[{"href":"https:\/\/vevorshop.lv\/lv\/wp-json\/wp\/v2\/types\/product"}],"replies":[{"embeddable":true,"href":"https:\/\/vevorshop.lv\/lv\/wp-json\/wp\/v2\/comments?post=52278"}],"wp:featuredmedia":[{"embeddable":true,"href":"https:\/\/vevorshop.lv\/lv\/wp-json\/wp\/v2\/media\/327292"}],"wp:attachment":[{"href":"https:\/\/vevorshop.lv\/lv\/wp-json\/wp\/v2\/media?parent=52278"}],"wp:term":[{"taxonomy":"location","embeddable":true,"href":"https:\/\/vevorshop.lv\/lv\/wp-json\/wp\/v2\/location?post=52278"},{"taxonomy":"product_brand","embeddable":true,"href":"https:\/\/vevorshop.lv\/lv\/wp-json\/wp\/v2\/product_brand?post=52278"},{"taxonomy":"product_cat","embeddable":true,"href":"https:\/\/vevorshop.lv\/lv\/wp-json\/wp\/v2\/product_cat?post=52278"},{"taxonomy":"product_tag","embeddable":true,"href":"https:\/\/vevorshop.lv\/lv\/wp-json\/wp\/v2\/product_tag?post=52278"}],"curies":[{"name":"wp","href":"https:\/\/api.w.org\/{rel}","templated":true}]}}