{"id":52545,"date":"2024-11-19T21:43:49","date_gmt":"2024-11-19T21:43:49","guid":{"rendered":"http:\/\/vevorshop.edigo.lv\/Prece\/vevor-4-pack-led-canopy-lights-80w-8800lm-5000k-daylight-outdoor-canopy-lighting\/"},"modified":"2026-04-20T02:00:26","modified_gmt":"2026-04-19T23:00:26","slug":"vevor-4-pack-led-canopy-lights-80w-8800lm-5000k-daylight-outdoor-canopy-lighting","status":"publish","type":"product","link":"https:\/\/vevorshop.lv\/lv\/Prece\/vevor-4-iepakojuma-led-apgaismojums-80w-8800lm-5000k-dienasgaismas-ara-jumta-apgaismojums\/","title":{"rendered":"VEVOR 4 gab. 80W LED nojumes gaismas, 8800LM 5000K IP65 \u016bdensdro\u0161as griestu lampas \u0101rpusei, gar\u0101\u017eai, DUS, 256x256mm"},"content":{"rendered":"<div style=\"color: #fff!important; font-size: 16px; height: 24px; line-height: 24px; margin-top: -24px; \" class=\"product_original_name\">VEVOR 4 Pack LED nojumes gaismas, 80W, 8800LM 5000K Daylight Commercial Industrial Outdoor nojumes gaismas, 256 mm x 256 mm virsmas mont\u0101\u017eas griestu apgaismojums degvielas uzpildes stacijas noliktavai Garage Street Shop, IP65<\/div>\n<div style=\"color: #fff!important; font-size: 16px; height: 24px; line-height: 24px; margin-top: -24px; \" class=\"product_sku\">M4I4M01M<\/div>\n<div style=\"color: #fff!important; font-size: 16px; height: 24px; line-height: 24px; margin-top: -24px; \" class=\"product_mpn\">TPDDS80W4JT0CK09FV7<\/div><div id=\"js-DM_at-goodDescRich\"><html><head><style>  body {    font-family: Arial;    line-height: 1.5;    color: #1c1c1c;    overflow-x: hidden;    margin: 0;    padding: 0;  }  .MsoNormal b {    font-weight: bolder;  }<\/style><style>  .container.small {    width: 970px;    margin: 0 auto;  }  .logo {    margin: 0 auto 0;  }  .logo img {    display: block;    margin: 0 auto;    max-width: 100%;  }  .logo .pc-banner {    display: block;    width: 1200px;    height: 247.4px;    margin: 0 auto;  }  .logo .pc-banner.small {    width: 970px;  }  .logo .pc-banner.small img {    height: auto!important;  }  .logo .m-banner {    display: none;  }  .ytvideo {    position: relative;    height: 546px;    width: 100%;    margin: 0 auto;  }  .ytvideo img {    width: 100%;    margin: 0 auto;  }  .ytvideo .play-btn {    width: 60px;    height: 42px;    position: absolute;    top: 50%;    left: 50%;    transform: translate(-50%, -50%);    background: url(\"data:image\/png;base64,iVBORw0KGgoAAAANSUhEUgAAAGQAAABGCAMAAAANWMFbAAAC+lBMVEUAAADBGB3kLCfBGB3kLCfcJC7BFx3KKSbiKybkLCbWJCPSIiLSIiLPICHAFx3kLCfgKSXNHiDZJiTIGx\/p4eHcjo7LHSDbJyTkLCbjKyfOHyHPIiL28fHJHB\/GGh7EGR7eKCXDGB3RISHlLSbBGB3AFxzGHB7DGB7BGB3hKybkKybAFx3lLCfAFxzDGR3hKibDGB7cJyTmz8\/elJTlwcHjurrUIyLlLSflLSfAFx3DGR7lLSfCFx3hKibhKibhKybjKybkLCblLSfbJSX49vbx7e3NNzjNMTLMJyjVIyLZf3\/ZQ0LaeHjx0tLgoqLkLCfCGB3HGx\/BGB3BFx3PICHCGB7WJCLOHyC\/Fxy\/Fx3lLCfQISHkLSe\/FxzbJiTBFx3FGx\/AGB7BFx3EGR7AGB3HHSDfKiXAFh3TISHYNzbhKibbJyTTIiL57e325+f039\/v2NjUV1fOHiHiqanfmprch4feKSXVIyPOICHmLibFGh\/mLSe\/Fx7XJCPeKSXXJSPNHyHaJyTGGh7lLCbmLCflLSjSIiLkLCbdKSXLHiC\/GB3KHh++Fh3lKyfoLiXcKCPkx8fYb2\/XaGfVXl3aU1LLHiDksbHgKibPICHbJyTfKSXbJyTCGB3KHSDiKybFGh7TIiL\/\/\/\/VIyPRISHIHB\/GGx\/HHB\/DGR7gKibdKCXLHiDZJiTMHiDNHyHYJSTOICHPICHWJCPcKCXXJSPjLCblLCf+\/f3NGR\/uLijzLynPGR\/IGB7WISHaIyLLGh7UAADxLynNAADRLzDbICLQAADIAAD3MCrUHSHXMTDpKSbLAADp5OTij4\/ejo\/VLy\/1LyngJSTcJCPQHx\/OHB7+\/PzaMS\/OLS\/vLijrLSjSAADaNTPwLyjkKSbNJCbYISHPHB\/KGB7WAAD7+vrn3d3aKynTKCjoLCfsKifRGh\/YAADq5+fhjo7QNDXXKCfmJyXt5+fTLzDLLi\/QKivYHRvMGBrQJCXLISPMExXLDxLaEAvkkI\/bOTfaFQ\/SCgpvLcnHAAAAmnRSTlMA+vv7+gT9Bvf9+8z8\/NSv\/Pr5+P7++vnQIBMP\/v38\/Pn348XDiCYf9OjbzcqxXVcx\/fz8+\/rj1r2poo1+fXFqX0orGP7+\/v7+\/fz8+\/r68uzn4trIxsG\/vri3p6GcmZSNbWVYUUZEPQv+\/f39+\/v7+\/v7+vr64tvV1NTTz87FtbSurqeblJKFg4B3bUY+NjL7+\/v7+\/v67t1cDo8JLQAABkRJREFUWMO0kz9rwkAYh0OIeJkum6YugUAhISCdKoj\/P4C7SMdS+gEKIhSKil10LSg4mzXkILdlEpxCpwTiWOLX6BujvQaEQuGeHLnL+\/64J+SIcKGYTYWnntpdLjrVdqvZmNdn0+EE40GtpuuWVS6Xx6N7YDSGpWXpeq02wHgynM7q80az1a52HpddtVcpsi1zFARBrdaxbhp9iUReTGmwA4KAAr7vx3EYejnCMI6hQYEgy0LQi4jUN0wL19vqFcUC9\/1dAKmEEFkWRYkh5oBejnxQJiSJPJ\/uKBp0Thszx9Mw8hMRIQjKsptCfuES9zr5WJY6vSFCIvE9fCMUmEM1A1kSXcYGxgVYsvI1IPKTZciSTI0us\/SMGG04gDzELDoFBwdcFJrF88dqgYMTiL6DILWYyfOWE8\/kIz38olCNlC03FK95+imxp6y4oUSvAnBjHHhKNtotSDqJzVFiK8c2SBqhZtsrTtgrLXwAyduxZHNE26eHUt5rtuM4WSmds3G+sUdWYo1L+XyxButoh5eKUHk5lByO3G1LqqCWVnfrv\/lyPtf\/4ps1cndNGIri8J1TJ0lx6dR\/oPjq1nbRwdp2dCk4CtIOLW3pVKRL6WZfS5vF2KkIQhpwSsjiYIgNCs1gEMGqiIq24NQX9NwoXFy8Ufrl3twTcg4fv8T9\/JBEySduj6Mjm4bMzYV7EEOxKjjoNDud7yY3Dy71Hq2oLmqfbNR723edH9PgMrNL2utoQ3VmaIDkiw\/4w51P06hlZsTZvkRrbVuSIs\/zwSOsycgzStQouoAkWQqioRT5XI7n2Z1wfVhoZmcAJLsoqjqpjbWCgpOAJXBwHK8PzWbNvoUZJND5wCnSkLAkZ1legx6vqQzjoiTahKlGUGLAiIIoABOHaNVw4sexZBym6\/HWlH5h3IC7yRbxtipcWxdTOkORKiNQAEkFf66x5S2oeRbroOlLgg0sSYkR0hRGEqJZ0jTPiQKatESdBckpWigxaapEH0lImHdWu9pUFF2XqMNM2Z4kped7IwEJw2qabwtrQqnpw6HyKkgcadKWsmpywwesDyIhYRpdzXddqegtGIJlXbAIUMOLkGxJUjRIkokwjUaX9d\/kK62ps\/tYUqZLIMkLTyBhsMZ3C5Z\/kDxOSCb\/DOs\/\/J0qcWSX\/2ipe56EgTCA4\/cB7NAYOsni4mZM1MUPAISoEwkDi4lhVBQ1cWQyIcwalw4EpqZN68JUSK7XC0kTlkLYii5uXSC8jT5ncCAS7mjCv0uHp\/3lueHEEAeQ\/\/VgmdN71\/2uCSA1Xr6DO6uI6sW56zqT2tp2PhgiRUAajV8CY2fkcz6WGNKMgLAt7tJAhD4YHMTeRxlALE6+43WqjSWi8ITxyJl8WrwWSNESQZZOqhDDntO3hJLsd5RtSpbJqdv3YrDJH3F7jL1R2O2aQkn2MyCyKYz0GPGIvSAMgBCrCEiJyKbBaYGwLW4uPRr0A0M4Ux5kUI7IBh+hMdiCEWNqhMZGyYMsOgNE58UQuEQeUnSWCMYwL54hkxK6IoqucQZbQ3pc3XtL0lky1dL0zZJJDpWJovFqpWj6JEHnyam2eQp5QRVAVHjWparTOaVwUOx99YS2MvgxIGV0bb+qIg2HX2qkFFJB+XZcbLiuRkuxD9GRroKyveLxdh4d7Orx+hb7qc3uVRuEogCOnyIxm4ubUoPgF4jianDrC+SDQDKEfJb0GUKmjCGPYHGJvVC6X4hw1\/sAfQAdfYyephIaspXe36RwOP+Ljvfx9B6B3i+Nk0DGq+oCbLn6JpBa9nWAveAIHwFAwtVcIJXPMPL8kRu5OAYPMaL1WScTxjiZDqB9LTJSWphow\/pTYKRTLjCBhvi9iBidvKcDasGSm0QQkycYuLBqj6QCELPctqChDWpTRMWkngNNpQ1Pfp1KkiT\/Y0DGffXAweUNfLAfaJFKDwhb6I+bkYRbkERoEeu3Fyjg2opMz2daZCS9jt6Q7txNfB+OZEVF6Zl5web2xunnLQrtrjXseXKaFYziYINeMFZVxS9VxRhOoesYwxPKXm+gWLG9cuFeq93UNNeJNsf1KlwuDok9n02n3TgIJpOxNfL9naIoQwXtfH9kjceTIIi709ncTg6LZbg+biLH1V6u\/7rxBem06VXKn9raAAAAAElFTkSuQmCC\")      no-repeat center center \/ contain;  }  @media screen and (max-width: 960px) and (orientation: portrait) {    .logo {      width: 100%;    }    .logo .pc-banner {      display: none;    }    .logo .m-banner {      display: block;      width: 100%;    }    .logo .m-banner img {      height: auto!important;    }    .ytvideo {      height: 200px;      width: 100%;    }  }<\/style><style>  .video-section {    width: 100%;    margin: 0 auto;  }  .video-section > img {    width: 100%;  }  .video-section iframe,  .video-section video {    width: 100%;    height: 100%;      }  .video-section-img-m,  .video-section-img-pc > img {    width: 100%;    height: auto;  }  .video-section-img-pc.small > img {    width: 970px;  }  .video-desc {    line-height: 1.5;    font-size: 20px;    font-weight: 400;    margin: 20px 0;    text-align: center;    color: #0f1111;    word-break: break-word;  }  @media screen and (max-width: 960px) and (orientation: portrait) {    .video-section {      width: 100%;    }    .video-section-pc,    .video-section-img-pc {      display: none;    }    .video-section-m,    .video-section-img-m {      display: block;    }    .video-desc {      font-size: 15px;    }  }  @media screen and (min-width: 960px) {    .video-section {      width: 100%;      margin: 0 auto;    }    .video-section-pc,    .video-section-img-pc {      display: block;    }    .video-section-m,    .video-section-img-m {      display: none;    }    .video-desc {      font-size: 20px;    }  }<\/style><style>  .section + .section {    margin-top: 35px;  }  .section-title {    text-align: center;    font-weight: bold;    color: #0d1111;    font-family: \"Arial\";    font-size: 32px;    margin: 15px 0;  }  .section-title:empty {    display: none;  }  .section-desc {    text-align: center;    font-weight: normal;    color: #0d1111;    margin-top: 20px;  }  .section-desc:empty {    display: none;  }  .section-img {    width: 1200px;    height: 492px;    margin: 0 auto;    display: block;  }  .section-img.small {    width: 970px;    height: auto;  }  .section-img.small > img {    height: auto;  }  .section-img > img {    width: 100%;    height: 100%;  }  .section-mobile-img {    display: none;    max-width: 100vw;    max-height: 75vw;    height: 450px;    margin: 0 auto;  }  .section-mobile-img > img {    width: 100%;    height: 100%;  }  @media screen and (max-width: 960px) and (orientation: portrait) {    .container {      width: 100%;    }    .container.small {      width: 100%;    }    .section-mobile-img {      display: block;    }    .section-img {      display: none;    }    .section-title {      font-size: 22px;      margin: 10px 0;    }    .section-desc {      margin-top: 10px;    }    .section + .section {      margin-top: 20px;    }  }<\/style><\/head><body><div class=\"container small\"><div class=\"logo\"><div class=\"pc-banner small\"><div><img decoding=\"async\" src=\"\/vevor\/vevor\/boutique-banner\/pc\/en-pc@1x.jpg\" style=\"width: 100%;\" \/><\/div><\/div><div class=\"m-banner\"><div><img decoding=\"async\" src=\"\/vevor\/vevor\/boutique-banner\/mobile\/en-m@1x.jpg\" style=\"width: 100%;\" \/><\/div><\/div><\/div><div class=\"section-title\">Apgaismojiet ar p\u0101rliec\u012bbu: 4 x 80\u00a0W nojumes gaismek\u013ci<\/div><div class=\"video-section\"><div class=\"video-section-img-pc small\"><img decoding=\"async\" src=\"\/vevor\/product\/TPDDS80W4JT0CK09F\/canopy-light-a100-1.4-pt.jpg\" \/><\/div><div class=\"video-section-img-m\"><img decoding=\"async\" src=\"\/vevor\/product\/TPDDS80W4JT0CK09F\/canopy-light-a100-1.4-pt.jpg\" \/><\/div><div class=\"section-desc\">Izgaismojiet savu telpu bez piep\u016bles ar m\u016bsu LED nojumveida gaismek\u013ciem! To piek\u0101r\u0161ana vai mont\u0101\u017ea pie griestiem ir pavisam vienk\u0101r\u0161a. Tie rada dienasgaismas baltu (5000 K) mirdzumu ar 8800 lm, izplatoties pla\u0161i ar 100\u00b0 staru k\u016bli. Darbina augstas kvalit\u0101tes LED mikrosh\u0113mas ar IP65 \u016bdensiztur\u012bbas pak\u0101pi, un tie ir ide\u0101li piem\u0113roti mitrai videi.<\/div><\/div><div class=\"section\"><div class=\"section-title\"><\/div><div class=\"section-img small\"><img decoding=\"async\" src=\"\/vevor\/product\/TPDDS80W4JT0CK09F\/canopy-light-a100-2.2-pt.jpg\" \/><\/div><div class=\"section-mobile-img\"><img decoding=\"async\" src=\"\/vevor\/product\/TPDDS80W4JT0CK09F\/canopy-light-a100-2.2-pt.jpg\" \/><\/div><div class=\"section-desc\">Izbaudiet augstas kvalit\u0101tes apgaismojumu ar m\u016bsu 80 W LED nojumveida gaismek\u013ciem, kas izstr\u0101d\u0101ti, iev\u0113rojot izcilu kvalit\u0101ti un stingrus standartus! Tie izstaro spo\u017eu dienasgaismas balto gaismu (5000 K) ar 8800 lm un pla\u0161u 100\u00b0 staru k\u016bli, t\u0101d\u0113j\u0101di nodro\u0161inot liel\u0101ku p\u0101rkl\u0101juma laukumu.<\/div><\/div><div class=\"section\"><div class=\"section-title\"><\/div><div class=\"section-img small\"><img decoding=\"async\" src=\"\/vevor\/product\/TPDDS80W4JT0CK09F\/canopy-light-a100-2.3-pt.jpg\" \/><\/div><div class=\"section-mobile-img\"><img decoding=\"async\" src=\"\/vevor\/product\/TPDDS80W4JT0CK09F\/canopy-light-a100-2.3-pt.jpg\" \/><\/div><div class=\"section-desc\">M\u016bsu \u0101ra nojumes gaism\u0101m ir augstas kvalit\u0101tes LED mikrosh\u0113mas stabilam, bez mirgo\u0161anas apgaismojumam, kas ir maigs ac\u012bm.\u0160\u012bs gaismas nodro\u0161ina ilg\u0101ku kalpo\u0161anas laiku, nodro\u0161inot uzticamu un energoefekt\u012bvu apgaismojumu j\u016bsu telpai.Iededziet savu vidi ilgtsp\u0113j\u012bgi!<\/div><\/div><div class=\"section\"><div class=\"section-title\"><\/div><div class=\"section-img small\"><img decoding=\"async\" src=\"\/vevor\/product\/TPDDS80W4JT0CK09F\/canopy-light-a100-2.4-pt.jpg\" \/><\/div><div class=\"section-mobile-img\"><img decoding=\"async\" src=\"\/vevor\/product\/TPDDS80W4JT0CK09F\/canopy-light-a100-2.4-pt.jpg\" \/><\/div><div class=\"section-desc\">M\u016bsu \u0101ra LED nojumes ir vienk\u0101r\u0161i uzst\u0101d\u0101mas un lietot\u0101jam draudz\u012bgas, un t\u0101m ir pievienotas sienas stiprin\u0101juma skr\u016bves un uzst\u0101d\u012b\u0161anas instrukcijas. Ar m\u016bsu vienk\u0101r\u0161o rokasgr\u0101matu varat viegli izpild\u012bt soli pa solim sniegtos nor\u0101d\u012bjumus, lai uzst\u0101d\u012b\u0161anas process b\u016btu praktisks un vienk\u0101r\u0161s.<\/div><\/div><div class=\"section\"><div class=\"section-title\"><\/div><div class=\"section-img small\"><img decoding=\"async\" src=\"\/vevor\/product\/TPDDS80W4JT0CK09F\/canopy-light-a100-2.5-pt.jpg\" \/><\/div><div class=\"section-mobile-img\"><img decoding=\"async\" src=\"\/vevor\/product\/TPDDS80W4JT0CK09F\/canopy-light-a100-2.5-pt.jpg\" \/><\/div><div class=\"section-desc\">M\u016bsu LED nojumju apgaismojums ir lieliski piem\u0113rots da\u017e\u0101du liela m\u0113roga vides apgaismo\u0161anai, padarot tos ide\u0101li piem\u0113rotus lieto\u0161anai \u0101rpus telp\u0101m, piem\u0113ram, degvielas uzpildes stacij\u0101s, autost\u0101vviet\u0101s, pazemes ej\u0101s, iekrau\u0161anas platform\u0101s, noliktav\u0101s, ieej\u0101s un degvielas uzpildes stacij\u0101s.<\/div><\/div><div class=\"section\"><div class=\"section-img small\"><img decoding=\"async\" src=\"\/vevor\/product\/TPDDS80W4JT0CK09F\/canopy-light-a100-1.11-pt.jpg\" \/><\/div><div class=\"section-mobile-img\"><img decoding=\"async\" src=\"\/vevor\/product\/TPDDS80W4JT0CK09F\/canopy-light-a100-1.11-pt.jpg\" \/><\/div><\/div><\/div><\/body><\/html><\/div>\n<div class=\"DM_at-title\" id=\"js-DM_at-title\"> <div>Produkta specifik\u0101cija<\/div> <i class=\"icon-arrowup_line\"><\/i> <\/div><div class=\"DM_at-goodsDescAttr\" id=\"js-DM_at-goodsDescAttr\"> <div class=\"DM_at-goodsDescAttrInner\"> <dl class=\"goodsDesc_item goodsDesc_item_even\"> <dt>Preces Mode\u013ca Numurs<\/dt> <dd> AX-TPD-80<\/dd> <\/dl> <dl class=\"goodsDesc_item\"> <dt>Spriegums un frekvence<\/dt> <dd> Mai\u0146str\u0101va 100 V\u2013265 V, 50\/60 Hz<\/dd> <\/dl> <dl class=\"goodsDesc_item goodsDesc_item_even\"> <dt>Nomin\u0101l\u0101 Jauda<\/dt> <dd> 80\u00a0W<\/dd> <\/dl> <dl class=\"goodsDesc_item\"> <dt>Gaismas pl\u016bsma<\/dt> <dd> 8800 LM<\/dd> <\/dl> <dl class=\"goodsDesc_item goodsDesc_item_even\"> <dt><\/dt> <dd>Kr\u0101su temperat\u016bra 5000\u20135500 K<\/dd> <\/dl> <dl class=\"goodsDesc_item\"> <dt>IP v\u0113rt\u0113jums<\/dt> <dd> IP65<\/dd> <\/dl> <dl class=\"goodsDesc_item goodsDesc_item_even\"> <dt>Produkta daudzums<\/dt> <dd> 4 gab.<\/dd> <\/dl> <dl class=\"goodsDesc_item\"> <dt>Produkta kr\u0101sa<\/dt> <dd> Br\u016bns<\/dd> <\/dl> <dl class=\"goodsDesc_item goodsDesc_item_even\"> <dt>Galvenais materi\u0101ls<\/dt> <dd> Alum\u012bnija korpuss lie\u0161anas proces\u0101<\/dd> <\/dl> <dl class=\"goodsDesc_item\"> <dt>Neto Svars<\/dt> <dd> 14,33 m\u0101rci\u0146as\/6,5 kg<\/dd> <\/dl> <dl class=\"goodsDesc_item goodsDesc_item_even\"> <dt>Produkta Izm\u0113ri<\/dt> <dd> 10,08 x 10,08 x 2,52 collas\/256 x 256 x 64 mm<\/dd> <\/dl> <\/div> <\/div>","protected":false},"excerpt":{"rendered":"<ul>\n<li> Uzticama IP65 \u016bdensiztur\u012bba: Izbaudiet sirdsmieru ar m\u016bsu LED nojumveida gaismek\u013ciem, kuriem ir IP65 \u016bdensiztur\u012bbas klase, lai tie darbotos mitros apst\u0101k\u013cos. Atvadieties no raiz\u0113m par \u012bssavienojumiem vai elektr\u012bbas apdraud\u0113jumiem. Katrs gaismeklis ir apr\u012bkots ar r\u016bsas iztur\u012bgu liet\u0101 alum\u012bnija korpusu un PC aba\u017e\u016bru, un tam ir jumta l\u016bkas pulverkr\u0101sojums, kas ir iztur\u012bgs pret izbal\u0113\u0161anu un nodilumu. Izgaismojiet p\u0101rliecino\u0161i, liet\u016b vai saul\u0113! <\/li>\n<li> Augsta veiktsp\u0113ja, ilgm\u016b\u017e\u012bba: Sasniedziet nep\u0101rsp\u0113jamu stabilit\u0101ti un energoefektivit\u0101ti ar m\u016bsu \u0101ra LED nojumveida gaismek\u013ciem. Tie nodro\u0161ina stabilu gaismas avotu, augstu energoefektivit\u0101ti un ilg\u0101ku kalpo\u0161anas laiku, kas p\u0101rsniedz 30\u00a0000 stundas. Tie ir sertific\u0113ti dro\u0161\u012bbai (FCC sertific\u0113ts ASV un CE sertific\u0113ts Eirop\u0101), garant\u0113jot augst\u0101ko kvalit\u0101ti un stingrus standartus. <\/li>\n<li> Daudzpus\u012bgi piem\u0113roti jebkurai videi: Izgaismojiet savu telpu ar p\u0101rliec\u012bbu, izmantojot m\u016bsu LED nojumes gaismek\u013cus, kas ir ide\u0101li piem\u0113roti automazg\u0101tav\u0101m, noliktav\u0101m, \u0161\u0137\u016b\u0146iem, sald\u0113tav\u0101m, degvielas uzpildes stacij\u0101m, autost\u0101vviet\u0101m, r\u016bpnieciskaj\u0101m virtuv\u0113m, k\u0101p\u0146u telp\u0101m, tune\u013ciem un \u0101ra teras\u0113m. Tie ir paredz\u0113ti telp\u0101m, kur\u0101m nepiecie\u0161ama gan mitruma iztur\u012bba, gan jaud\u012bgs apgaismojums, un pied\u0101v\u0101 nep\u0101rsp\u0113jamu daudzpus\u012bbu. <\/li>\n<li> Augsts spilgtums, optim\u0101ls apgaismojums: m\u016bsu LED nojumes apgaismojums nodro\u0161ina 8800 LM dienasgaismas baltas kr\u0101sas (5000 K) jaudu. Izbaudiet spilgtu, augstas kvalit\u0101tes apgaismojumu, kas nodro\u0161ina optim\u0101lu redzam\u012bbu. Lieliski piem\u0113rots, lai rad\u012btu dz\u012bv\u012bgu atmosf\u0113ru visur, kur t\u0101 visvair\u0101k nepiecie\u0161ama. Tikai br\u012bdin\u0101jums: gaismas intensit\u0101tes regul\u0113\u0161anai b\u016bs nepiecie\u0161ams atsevi\u0161\u0137s aptum\u0161ot\u0101ja sl\u0113dzis (aptum\u0161ot\u0101ja sl\u0113dzis nav iek\u013cauts komplekt\u0101). <\/li>\n<li> Vienk\u0101r\u0161a uzst\u0101d\u012b\u0161ana: M\u016bsu LED nojumes gaismek\u013cus var piek\u0101rt un piestiprin\u0101t pie griestiem, padarot uzst\u0101d\u012b\u0161anu pietiekami vienk\u0101r\u0161u, lai viena persona to var\u0113tu veikt patst\u0101v\u012bgi. Turkl\u0101t katrai ier\u012bcei ir pievienots papildu piederumu komplekts, tostarp mont\u0101\u017eas kron\u0161teini un skr\u016bves uzst\u0101d\u012b\u0161anai pie sienas. Vienk\u0101r\u0161i izpildiet sniegtos nor\u0101d\u012bjumus, un tie b\u016bs gatavi lieto\u0161anai \u012bs\u0101 laik\u0101. <\/li>\n<\/ul>","protected":false},"featured_media":328547,"comment_status":"closed","ping_status":"open","template":"","meta":{"om_disable_all_campaigns":false,"_uf_show_specific_survey":0,"_uf_disable_surveys":false},"location":[1935,1934],"product_brand":[21],"product_cat":[2477,4351,547,2475,2476],"product_tag":[],"class_list":{"0":"post-52545","1":"product","2":"type-product","3":"status-publish","4":"has-post-thumbnail","6":"location-supplier_stock_location","7":"location-local_stock_location","8":"product_brand-vevor","9":"product_cat-area-lights","10":"product_cat-canopy-light","11":"product_cat-lighting","12":"product_cat-outdoor-lighting","13":"product_cat-security-lights","15":"first","16":"outofstock","17":"taxable","18":"shipping-taxable","19":"purchasable","20":"product-type-simple"},"aioseo_notices":[],"locations":[{"id":1935,"name":"Pieg\u0101d\u0101ja noliktav\u0101 (5-7dd.d)","slug":"supplier_stock_location","quantity":"0"},{"id":1934,"name":"R\u012bgas veikal\u0101 (0-2d.d.)","slug":"local_stock_location","quantity":"0"}],"_links":{"self":[{"href":"https:\/\/vevorshop.lv\/lv\/wp-json\/wp\/v2\/product\/52545","targetHints":{"allow":["GET"]}}],"collection":[{"href":"https:\/\/vevorshop.lv\/lv\/wp-json\/wp\/v2\/product"}],"about":[{"href":"https:\/\/vevorshop.lv\/lv\/wp-json\/wp\/v2\/types\/product"}],"replies":[{"embeddable":true,"href":"https:\/\/vevorshop.lv\/lv\/wp-json\/wp\/v2\/comments?post=52545"}],"wp:featuredmedia":[{"embeddable":true,"href":"https:\/\/vevorshop.lv\/lv\/wp-json\/wp\/v2\/media\/328547"}],"wp:attachment":[{"href":"https:\/\/vevorshop.lv\/lv\/wp-json\/wp\/v2\/media?parent=52545"}],"wp:term":[{"taxonomy":"location","embeddable":true,"href":"https:\/\/vevorshop.lv\/lv\/wp-json\/wp\/v2\/location?post=52545"},{"taxonomy":"product_brand","embeddable":true,"href":"https:\/\/vevorshop.lv\/lv\/wp-json\/wp\/v2\/product_brand?post=52545"},{"taxonomy":"product_cat","embeddable":true,"href":"https:\/\/vevorshop.lv\/lv\/wp-json\/wp\/v2\/product_cat?post=52545"},{"taxonomy":"product_tag","embeddable":true,"href":"https:\/\/vevorshop.lv\/lv\/wp-json\/wp\/v2\/product_tag?post=52545"}],"curies":[{"name":"wp","href":"https:\/\/api.w.org\/{rel}","templated":true}]}}