{"id":52777,"date":"2024-11-19T22:09:44","date_gmt":"2024-11-19T22:09:44","guid":{"rendered":"http:\/\/vevorshop.edigo.lv\/Prece\/vevor-tortoise-habitat-wooden-tortoise-house-indoor-outdoor-2-room-38x24x13in\/"},"modified":"2026-04-06T06:28:31","modified_gmt":"2026-04-06T03:28:31","slug":"vevor-tortoise-habitat-wooden-tortoise-house-indoor-outdoor-2-room-38x24x13in","status":"publish","type":"product","link":"https:\/\/vevorshop.lv\/lv\/Prece\/vevor-brunurupucu-biotops-koka-brunurupucu-maja-iekstelpas-arpus-telpam-2-istabas-38x24x13in\/","title":{"rendered":"VEVOR Koka bru\u0146urupu\u010du m\u0101ja 965x610x330 mm, 2 telpu iek\u0161telpu un \u0101ra ter\u0101rijs ar lampas tur\u0113t\u0101ju mazajiem m\u0101jdz\u012bvniekiem"},"content":{"rendered":"<div style=\"color: #fff!important; font-size: 16px; height: 24px; line-height: 24px; margin-top: -24px; \" class=\"product_original_name\">VEVOR Tortoise Habitat, Wooden Tortoise House Indoor & Outdoor, Tortoise Enclosure with Adjustable Lamp Holder, 2-Room Reptile Enclosure Small Animal Cage for Gecko, Lizard, Snake 38x24x13 inch<\/div>\n<div style=\"color: #fff!important; font-size: 16px; height: 24px; line-height: 24px; margin-top: -24px; \" class=\"product_sku\">M4I4M0YU<\/div>\n<div style=\"color: #fff!important; font-size: 16px; height: 24px; line-height: 24px; margin-top: -24px; \" class=\"product_mpn\">MZWGXMZWGJJL56B4PV0<\/div><div id=\"js-DM_at-goodDescRich\"><html><head><style>  body {    font-family: Arial;    line-height: 1.5;    color: #1c1c1c;    overflow-x: hidden;    margin: 0;    padding: 0;  }  .MsoNormal b {    font-weight: bolder;  }<\/style><style>  .container.small {    width: 970px;    margin: 0 auto;  }  .logo {    margin: 0 auto 0;  }  .logo img {    display: block;    margin: 0 auto;    max-width: 100%;  }  .logo .pc-banner {    display: block;    width: 1200px;    height: 247.4px;    margin: 0 auto;  }  .logo .pc-banner.small {    width: 970px;  }  .logo .pc-banner.small img {    height: auto!important;  }  .logo .m-banner {    display: none;  }  .ytvideo {    position: relative;    height: 546px;    width: 100%;    margin: 0 auto;  }  .ytvideo img {    width: 100%;    margin: 0 auto;  }  .ytvideo .play-btn {    width: 60px;    height: 42px;    position: absolute;    top: 50%;    left: 50%;    transform: translate(-50%, -50%);    background: url(\"data:image\/png;base64,iVBORw0KGgoAAAANSUhEUgAAAGQAAABGCAMAAAANWMFbAAAC+lBMVEUAAADBGB3kLCfBGB3kLCfcJC7BFx3KKSbiKybkLCbWJCPSIiLSIiLPICHAFx3kLCfgKSXNHiDZJiTIGx\/p4eHcjo7LHSDbJyTkLCbjKyfOHyHPIiL28fHJHB\/GGh7EGR7eKCXDGB3RISHlLSbBGB3AFxzGHB7DGB7BGB3hKybkKybAFx3lLCfAFxzDGR3hKibDGB7cJyTmz8\/elJTlwcHjurrUIyLlLSflLSfAFx3DGR7lLSfCFx3hKibhKibhKybjKybkLCblLSfbJSX49vbx7e3NNzjNMTLMJyjVIyLZf3\/ZQ0LaeHjx0tLgoqLkLCfCGB3HGx\/BGB3BFx3PICHCGB7WJCLOHyC\/Fxy\/Fx3lLCfQISHkLSe\/FxzbJiTBFx3FGx\/AGB7BFx3EGR7AGB3HHSDfKiXAFh3TISHYNzbhKibbJyTTIiL57e325+f039\/v2NjUV1fOHiHiqanfmprch4feKSXVIyPOICHmLibFGh\/mLSe\/Fx7XJCPeKSXXJSPNHyHaJyTGGh7lLCbmLCflLSjSIiLkLCbdKSXLHiC\/GB3KHh++Fh3lKyfoLiXcKCPkx8fYb2\/XaGfVXl3aU1LLHiDksbHgKibPICHbJyTfKSXbJyTCGB3KHSDiKybFGh7TIiL\/\/\/\/VIyPRISHIHB\/GGx\/HHB\/DGR7gKibdKCXLHiDZJiTMHiDNHyHYJSTOICHPICHWJCPcKCXXJSPjLCblLCf+\/f3NGR\/uLijzLynPGR\/IGB7WISHaIyLLGh7UAADxLynNAADRLzDbICLQAADIAAD3MCrUHSHXMTDpKSbLAADp5OTij4\/ejo\/VLy\/1LyngJSTcJCPQHx\/OHB7+\/PzaMS\/OLS\/vLijrLSjSAADaNTPwLyjkKSbNJCbYISHPHB\/KGB7WAAD7+vrn3d3aKynTKCjoLCfsKifRGh\/YAADq5+fhjo7QNDXXKCfmJyXt5+fTLzDLLi\/QKivYHRvMGBrQJCXLISPMExXLDxLaEAvkkI\/bOTfaFQ\/SCgpvLcnHAAAAmnRSTlMA+vv7+gT9Bvf9+8z8\/NSv\/Pr5+P7++vnQIBMP\/v38\/Pn348XDiCYf9OjbzcqxXVcx\/fz8+\/rj1r2poo1+fXFqX0orGP7+\/v7+\/fz8+\/r68uzn4trIxsG\/vri3p6GcmZSNbWVYUUZEPQv+\/f39+\/v7+\/v7+vr64tvV1NTTz87FtbSurqeblJKFg4B3bUY+NjL7+\/v7+\/v67t1cDo8JLQAABkRJREFUWMO0kz9rwkAYh0OIeJkum6YugUAhISCdKoj\/P4C7SMdS+gEKIhSKil10LSg4mzXkILdlEpxCpwTiWOLX6BujvQaEQuGeHLnL+\/64J+SIcKGYTYWnntpdLjrVdqvZmNdn0+EE40GtpuuWVS6Xx6N7YDSGpWXpeq02wHgynM7q80az1a52HpddtVcpsi1zFARBrdaxbhp9iUReTGmwA4KAAr7vx3EYejnCMI6hQYEgy0LQi4jUN0wL19vqFcUC9\/1dAKmEEFkWRYkh5oBejnxQJiSJPJ\/uKBp0Thszx9Mw8hMRIQjKsptCfuES9zr5WJY6vSFCIvE9fCMUmEM1A1kSXcYGxgVYsvI1IPKTZciSTI0us\/SMGG04gDzELDoFBwdcFJrF88dqgYMTiL6DILWYyfOWE8\/kIz38olCNlC03FK95+imxp6y4oUSvAnBjHHhKNtotSDqJzVFiK8c2SBqhZtsrTtgrLXwAyduxZHNE26eHUt5rtuM4WSmds3G+sUdWYo1L+XyxButoh5eKUHk5lByO3G1LqqCWVnfrv\/lyPtf\/4ps1cndNGIri8J1TJ0lx6dR\/oPjq1nbRwdp2dCk4CtIOLW3pVKRL6WZfS5vF2KkIQhpwSsjiYIgNCs1gEMGqiIq24NQX9NwoXFy8Ufrl3twTcg4fv8T9\/JBEySduj6Mjm4bMzYV7EEOxKjjoNDud7yY3Dy71Hq2oLmqfbNR723edH9PgMrNL2utoQ3VmaIDkiw\/4w51P06hlZsTZvkRrbVuSIs\/zwSOsycgzStQouoAkWQqioRT5XI7n2Z1wfVhoZmcAJLsoqjqpjbWCgpOAJXBwHK8PzWbNvoUZJND5wCnSkLAkZ1legx6vqQzjoiTahKlGUGLAiIIoABOHaNVw4sexZBym6\/HWlH5h3IC7yRbxtipcWxdTOkORKiNQAEkFf66x5S2oeRbroOlLgg0sSYkR0hRGEqJZ0jTPiQKatESdBckpWigxaapEH0lImHdWu9pUFF2XqMNM2Z4kped7IwEJw2qabwtrQqnpw6HyKkgcadKWsmpywwesDyIhYRpdzXddqegtGIJlXbAIUMOLkGxJUjRIkokwjUaX9d\/kK62ps\/tYUqZLIMkLTyBhsMZ3C5Z\/kDxOSCb\/DOs\/\/J0qcWSX\/2ipe56EgTCA4\/cB7NAYOsni4mZM1MUPAISoEwkDi4lhVBQ1cWQyIcwalw4EpqZN68JUSK7XC0kTlkLYii5uXSC8jT5ncCAS7mjCv0uHp\/3lueHEEAeQ\/\/VgmdN71\/2uCSA1Xr6DO6uI6sW56zqT2tp2PhgiRUAajV8CY2fkcz6WGNKMgLAt7tJAhD4YHMTeRxlALE6+43WqjSWi8ITxyJl8WrwWSNESQZZOqhDDntO3hJLsd5RtSpbJqdv3YrDJH3F7jL1R2O2aQkn2MyCyKYz0GPGIvSAMgBCrCEiJyKbBaYGwLW4uPRr0A0M4Ux5kUI7IBh+hMdiCEWNqhMZGyYMsOgNE58UQuEQeUnSWCMYwL54hkxK6IoqucQZbQ3pc3XtL0lky1dL0zZJJDpWJovFqpWj6JEHnyam2eQp5QRVAVHjWparTOaVwUOx99YS2MvgxIGV0bb+qIg2HX2qkFFJB+XZcbLiuRkuxD9GRroKyveLxdh4d7Orx+hb7qc3uVRuEogCOnyIxm4ubUoPgF4jianDrC+SDQDKEfJb0GUKmjCGPYHGJvVC6X4hw1\/sAfQAdfYyephIaspXe36RwOP+Ljvfx9B6B3i+Nk0DGq+oCbLn6JpBa9nWAveAIHwFAwtVcIJXPMPL8kRu5OAYPMaL1WScTxjiZDqB9LTJSWphow\/pTYKRTLjCBhvi9iBidvKcDasGSm0QQkycYuLBqj6QCELPctqChDWpTRMWkngNNpQ1Pfp1KkiT\/Y0DGffXAweUNfLAfaJFKDwhb6I+bkYRbkERoEeu3Fyjg2opMz2daZCS9jt6Q7txNfB+OZEVF6Zl5web2xunnLQrtrjXseXKaFYziYINeMFZVxS9VxRhOoesYwxPKXm+gWLG9cuFeq93UNNeJNsf1KlwuDok9n02n3TgIJpOxNfL9naIoQwXtfH9kjceTIIi709ncTg6LZbg+biLH1V6u\/7rxBem06VXKn9raAAAAAElFTkSuQmCC\")      no-repeat center center \/ contain;  }  @media screen and (max-width: 960px) and (orientation: portrait) {    .logo {      width: 100%;    }    .logo .pc-banner {      display: none;    }    .logo .m-banner {      display: block;      width: 100%;    }    .logo .m-banner img {      height: auto!important;    }    .ytvideo {      height: 200px;      width: 100%;    }  }<\/style><style>  .video-section {    width: 100%;    margin: 0 auto;  }  .video-section > img {    width: 100%;  }  .video-section iframe,  .video-section video {    width: 100%;    height: 100%;      }  .video-section-img-m,  .video-section-img-pc > img {    width: 100%;    height: auto;  }  .video-section-img-pc.small > img {    width: 970px;  }  .video-desc {    line-height: 1.5;    font-size: 20px;    font-weight: 400;    margin: 20px 0;    text-align: center;    color: #0f1111;    word-break: break-word;  }  @media screen and (max-width: 960px) and (orientation: portrait) {    .video-section {      width: 100%;    }    .video-section-pc,    .video-section-img-pc {      display: none;    }    .video-section-m,    .video-section-img-m {      display: block;    }    .video-desc {      font-size: 15px;    }  }  @media screen and (min-width: 960px) {    .video-section {      width: 100%;      margin: 0 auto;    }    .video-section-pc,    .video-section-img-pc {      display: block;    }    .video-section-m,    .video-section-img-m {      display: none;    }    .video-desc {      font-size: 20px;    }  }<\/style><style>  .section + .section {    margin-top: 35px;  }  .section-title {    text-align: center;    font-weight: bold;    color: #0d1111;    font-family: \"Arial\";    font-size: 32px;    margin: 15px 0;  }  .section-title:empty {    display: none;  }  .section-desc {    text-align: center;    font-weight: normal;    color: #0d1111;    margin-top: 20px;  }  .section-desc:empty {    display: none;  }  .section-img {    width: 1200px;    height: 492px;    margin: 0 auto;    display: block;  }  .section-img.small {    width: 970px;    height: auto;  }  .section-img.small > img {    height: auto;  }  .section-img > img {    width: 100%;    height: 100%;  }  .section-mobile-img {    display: none;    max-width: 100vw;    max-height: 75vw;    height: 450px;    margin: 0 auto;  }  .section-mobile-img > img {    width: 100%;    height: 100%;  }  @media screen and (max-width: 960px) and (orientation: portrait) {    .container {      width: 100%;    }    .container.small {      width: 100%;    }    .section-mobile-img {      display: block;    }    .section-img {      display: none;    }    .section-title {      font-size: 22px;      margin: 10px 0;    }    .section-desc {      margin-top: 10px;    }    .section + .section {      margin-top: 20px;    }  }<\/style><\/head><body><div class=\"container small\"><div class=\"logo\"><div class=\"pc-banner small\"><div><img decoding=\"async\" src=\"\/vevor\/vevor\/boutique-banner\/pc\/en-pc@1x.jpg\" style=\"width: 100%;\" \/><\/div><\/div><div class=\"m-banner\"><div><img decoding=\"async\" src=\"\/vevor\/vevor\/boutique-banner\/mobile\/en-m@1x.jpg\" style=\"width: 100%;\" \/><\/div><\/div><\/div><div class=\"section-title\">Provide a Spacious Space for Tortoise's Activity and Living!<\/div><div class=\"video-section\"><div class=\"video-section-img-pc small\"><img decoding=\"async\" src=\"\/vevor\/product\/MZWGXMZWGJJL56B4P\/tortoise-house-a100-1.4-pt.jpg\" \/><\/div><div class=\"video-section-img-m\"><img decoding=\"async\" src=\"\/vevor\/product\/MZWGXMZWGJJL56B4P\/tortoise-house-a100-1.4-pt.jpg\" \/><\/div><div class=\"section-desc\">M\u016bsu bru\u0146urupu\u010du m\u0101ja ir izgatavota no augst\u0101k\u0101s kvalit\u0101tes ciedra koka, kas paz\u012bstams ar savu bl\u012bvo tekst\u016bru, iztur\u012bbu un iztur\u012bbu pret deform\u0101ciju. \u0100r\u0113j\u0101 da\u013ca ir p\u0101rkl\u0101ta ar \u016bdensnecaurlaid\u012bgu kr\u0101su. Augstas kvalit\u0101tes met\u0101la sieta virsma ir bl\u012bvi p\u012bta, nodro\u0161inot dro\u0161u un \u0113rtu dz\u012bves un izklaides vietu j\u016bsu m\u0101jdz\u012bvniekam.<\/div><\/div><div class=\"section\"><div class=\"section-title\"><\/div><div class=\"section-img small\"><img decoding=\"async\" src=\"\/vevor\/product\/MZWGXMZWGJJL56B4P\/tortoise-house-a100-2.2-pt.jpg\" \/><\/div><div class=\"section-mobile-img\"><img decoding=\"async\" src=\"\/vevor\/product\/MZWGXMZWGJJL56B4P\/tortoise-house-a100-2.2-pt.jpg\" \/><\/div><div class=\"section-desc\">Equipped with a hanging lamp holder that can rotate 360\u00b0, with adjustable height and length, allowing precise control of the tortoise habitat's temperature and UVA + UVB intake. This ensures your tortoise or other reptiles receive the necessary light for healthy growth, even indoors.<\/div><\/div><div class=\"section\"><div class=\"section-title\"><\/div><div class=\"section-img small\"><img decoding=\"async\" src=\"\/vevor\/product\/MZWGXMZWGJJL56B4P\/tortoise-house-a100-2.3-pt.jpg\" \/><\/div><div class=\"section-mobile-img\"><img decoding=\"async\" src=\"\/vevor\/product\/MZWGXMZWGJJL56B4P\/tortoise-house-a100-2.3-pt.jpg\" \/><\/div><div class=\"section-desc\">Bru\u0146urupu\u010du aploka izm\u0113ri ir 97 x 61 x 33 cm, un taj\u0101 ir priv\u0101ta gu\u013camzona ar jumtu un publiska skatu zona ar caursp\u012bd\u012bgu ABS s\u0101nu paneli. Nosl\u0113dzamais aug\u0161\u0113jais v\u0101ks ar augsta bl\u012bvuma sietu efekt\u012bvi nov\u0113r\u0161 m\u0101jdz\u012bvnieku aizb\u0113g\u0161anu. Piem\u0113rots da\u017e\u0101diem maziem dz\u012bvniekiem.<\/div><\/div><div class=\"section\"><div class=\"section-title\"><\/div><div class=\"section-img small\"><img decoding=\"async\" src=\"\/vevor\/product\/MZWGXMZWGJJL56B4P\/tortoise-house-a100-2.4-pt.jpg\" \/><\/div><div class=\"section-mobile-img\"><img decoding=\"async\" src=\"\/vevor\/product\/MZWGXMZWGJJL56B4P\/tortoise-house-a100-2.4-pt.jpg\" \/><\/div><div class=\"section-desc\">Integr\u0113t\u0101 plastmasas papl\u0101te ir \u016bdensnecaurlaid\u012bga un viegli t\u012br\u0101ma, efekt\u012bvi aizsarg\u0101jot bru\u0146urupu\u010du ie\u017eogojuma iek\u0161\u0113jo vidi. \u0160\u012b funkcija atvieglo t\u012br\u012b\u0161anu, uzturot bru\u0146urupu\u010du m\u0101ju t\u012bru un k\u0101rt\u012bgu, nodro\u0161inot vesel\u012bgu un \u0113rtu dz\u012bves vidi.<\/div><\/div><div class=\"section\"><div class=\"section-title\"><\/div><div class=\"section-img small\"><img decoding=\"async\" src=\"\/vevor\/product\/MZWGXMZWGJJL56B4P\/tortoise-house-a100-2.5-pt.jpg\" \/><\/div><div class=\"section-mobile-img\"><img decoding=\"async\" src=\"\/vevor\/product\/MZWGXMZWGJJL56B4P\/tortoise-house-a100-2.5-pt.jpg\" \/><\/div><div class=\"section-desc\">Katrs panelis ir iepriek\u0161 urbts un mar\u0137\u0113ts ar mont\u0101\u017eas sec\u012bbas mar\u0137ieriem, un komplekt\u0101 ir iek\u013cauta skaidra instrukciju rokasgr\u0101mata. J\u016bs varat viegli un \u0101tri uzb\u016bv\u0113t \u0113rtu m\u0101ju savam m\u0101jdz\u012bvniekam.<\/div><\/div><div class=\"section\"><div class=\"section-img small\"><img decoding=\"async\" src=\"\/vevor\/product\/MZWGXMZWGJJL56B4P\/tortoise-house-a100-1.11-pt.jpg\" \/><\/div><div class=\"section-mobile-img\"><img decoding=\"async\" src=\"\/vevor\/product\/MZWGXMZWGJJL56B4P\/tortoise-house-a100-1.11-pt.jpg\" \/><\/div><\/div><\/div><\/body><\/html><\/div>\n<div class=\"DM_at-title\" id=\"js-DM_at-title\"> <div>Produkta specifik\u0101cija<\/div> <i class=\"icon-arrowup_line\"><\/i> <\/div><div class=\"DM_at-goodsDescAttr\" id=\"js-DM_at-goodsDescAttr\"> <div class=\"DM_at-goodsDescAttrInner\"> <dl class=\"goodsDesc_item goodsDesc_item_even\"> <dt>Preces Mode\u013ca Numurs<\/dt> <dd> MSH-T01<\/dd> <\/dl> <dl class=\"goodsDesc_item\"> <dt>Galvenais materi\u0101ls<\/dt> <dd> Ciedra koks + ABS + stiep\u013cu siets<\/dd> <\/dl> <dl class=\"goodsDesc_item goodsDesc_item_even\"> <dt>Kr\u0101sa<\/dt> <dd> Pel\u0113ks<\/dd> <\/dl> <dl class=\"goodsDesc_item\"> <dt>Produkta Svars<\/dt> <dd> 18,7 m\u0101rci\u0146as\/8,5 kg<\/dd> <\/dl> <dl class=\"goodsDesc_item goodsDesc_item_even\"> <dt>Produkta Izm\u0113ri<\/dt> <dd> 965 x 610 x 330 mm<\/dd> <\/dl> <\/div> <\/div>","protected":false},"excerpt":{"rendered":"<ul>\n<li> Pla\u0161a divu istabu m\u0101ja: M\u016bsu bru\u0146urupu\u010du m\u0101j\u0101 ir divas atsevi\u0161\u0137as zonas: priv\u0101ta gu\u013camzona ar mas\u012bvkoka jumtu un atv\u0113rta aktivit\u0101\u0161u telpa ar met\u0101la sieta logu. T\u0101s izm\u0113ri ir 38\u2033x24\u2033x13\u2033\/965x610x330 mm, un t\u0101 nodro\u0161ina pietiekami daudz vietas j\u016bsu m\u0101jdz\u012bvnieka ikdienas atp\u016btai un sp\u0113l\u0113m, ide\u0101li piem\u0113rota bru\u0146urupu\u010diem, \u0137irzak\u0101m, gekoniem, \u010d\u016bsk\u0101m un citiem r\u0101pu\u013ciem! <\/li>\n<li> 100% ciedra konstrukcija: Izgatavots no augstas kvalit\u0101tes ciedra koka, \u0161is bru\u0146urupu\u010du m\u0101jvieta ir iztur\u012bga un ilgm\u016b\u017e\u012bga ar bl\u012bvu \u0161\u0137iedru, kas ir iztur\u012bga pret deform\u0101ciju. P\u0101rkl\u0101ts ar \u016bdens b\u0101zes kr\u0101su, tas ir \u016bdensiztur\u012bgs, nodro\u0161inot dro\u0161u un \u0113rtu dz\u012bves vidi j\u016bsu m\u0101jdz\u012bvniekam. <\/li>\n<li> Lietot\u0101jam draudz\u012bgs dizains: Lai atbalst\u012btu j\u016bsu m\u0101jdz\u012bvnieka vesel\u012bbu un j\u016bsu \u0113rt\u012bbas, bru\u0146urupu\u010du aplok\u0101 ir iek\u013cauts 360\u00b0 regul\u0113jams lampas tur\u0113t\u0101js apkures kontrolei. Aug\u0161da\u013ca p\u0101rkl\u0101j divas atveramas zonas \u0113rtai mijiedarb\u012bbai, un augstas caursp\u012bd\u012bbas ABS s\u0101nu pane\u013ci \u013cauj veikt r\u016bp\u012bgu nov\u0113ro\u0161anu. Blo\u0137\u0113\u0161anas aizb\u012bdnis nov\u0113r\u0161 aizb\u0113g\u0161anu, sniedzot jums sirdsmieru. <\/li>\n<li> Viegli t\u012br\u0101ma plastmasas papl\u0101te: Piln\u012bb\u0101 p\u0101rkl\u0101t\u0101 plastmasas papl\u0101te ne\u013cauj saboj\u0101t koku, pagarinot ie\u017eogojuma kalpo\u0161anas laiku. T\u0101s viegli t\u012br\u0101m\u0101 virsma ir \u0101tri j\u0101noslauka ar mitru dr\u0101nu, t\u0101d\u0113j\u0101di saglab\u0101jot t\u012br\u012bbu iek\u0161pus\u0113 un veicinot j\u016bsu m\u0101jdz\u012bvnieka labsaj\u016btu. <\/li>\n<li> Vienk\u0101r\u0161a mont\u0101\u017ea: Bru\u0146urupu\u010du aploks ir paredz\u0113ts vienk\u0101r\u0161ai uzst\u0101d\u012b\u0161anai, un taj\u0101 ir iepriek\u0161 urbti caurumi, k\u0101 ar\u012b ir iek\u013cauta mont\u0101\u017eas instrukcija. Pat ja nekad iepriek\u0161 neesat mont\u0113jis l\u012bdz\u012bgus produktus, j\u016bs varat tos bez piep\u016bles salikt un nodro\u0161in\u0101t stabilu un \u0113rtu m\u0101jvietu savam m\u012blulim! <\/li>\n<\/ul>","protected":false},"featured_media":329563,"comment_status":"closed","ping_status":"open","template":"","meta":{"om_disable_all_campaigns":false,"_monsterinsights_skip_tracking":false,"_monsterinsights_sitenote_active":false,"_monsterinsights_sitenote_note":"","_monsterinsights_sitenote_category":0,"_uf_show_specific_survey":0,"_uf_disable_surveys":false},"location":[1935,1934],"product_brand":[21],"product_cat":[2365,2366,2894,4375],"product_tag":[],"class_list":{"0":"post-52777","1":"product","2":"type-product","3":"status-publish","4":"has-post-thumbnail","6":"location-supplier_stock_location","7":"location-local_stock_location","8":"product_brand-vevor","9":"product_cat-outdoors","10":"product_cat-pet-supplies-wildlife","11":"product_cat-reptile-amphibian-supplies","12":"product_cat-tortoise-house","14":"first","15":"instock","16":"taxable","17":"shipping-taxable","18":"purchasable","19":"product-type-simple"},"aioseo_notices":[],"jetpack_sharing_enabled":true,"locations":[{"id":1935,"name":"Pieg\u0101d\u0101t\u0101ja noliktav\u0101 (5-7d.d.)","slug":"supplier_stock_location","quantity":"98"},{"id":1934,"name":"R\u012bgas veikal\u0101 (0-2d.d.)","slug":"local_stock_location","quantity":"0"}],"_links":{"self":[{"href":"https:\/\/vevorshop.lv\/lv\/wp-json\/wp\/v2\/product\/52777","targetHints":{"allow":["GET"]}}],"collection":[{"href":"https:\/\/vevorshop.lv\/lv\/wp-json\/wp\/v2\/product"}],"about":[{"href":"https:\/\/vevorshop.lv\/lv\/wp-json\/wp\/v2\/types\/product"}],"replies":[{"embeddable":true,"href":"https:\/\/vevorshop.lv\/lv\/wp-json\/wp\/v2\/comments?post=52777"}],"wp:featuredmedia":[{"embeddable":true,"href":"https:\/\/vevorshop.lv\/lv\/wp-json\/wp\/v2\/media\/329563"}],"wp:attachment":[{"href":"https:\/\/vevorshop.lv\/lv\/wp-json\/wp\/v2\/media?parent=52777"}],"wp:term":[{"taxonomy":"location","embeddable":true,"href":"https:\/\/vevorshop.lv\/lv\/wp-json\/wp\/v2\/location?post=52777"},{"taxonomy":"product_brand","embeddable":true,"href":"https:\/\/vevorshop.lv\/lv\/wp-json\/wp\/v2\/product_brand?post=52777"},{"taxonomy":"product_cat","embeddable":true,"href":"https:\/\/vevorshop.lv\/lv\/wp-json\/wp\/v2\/product_cat?post=52777"},{"taxonomy":"product_tag","embeddable":true,"href":"https:\/\/vevorshop.lv\/lv\/wp-json\/wp\/v2\/product_tag?post=52777"}],"curies":[{"name":"wp","href":"https:\/\/api.w.org\/{rel}","templated":true}]}}