{"id":53030,"date":"2024-11-19T22:41:59","date_gmt":"2024-11-19T22:41:59","guid":{"rendered":"http:\/\/vevorshop.edigo.lv\/Prece\/vevor-10-6cfm-portable-tire-inflator-dual-cylinder-air-compressor-12v-150psi\/"},"modified":"2026-04-20T01:18:35","modified_gmt":"2026-04-19T22:18:35","slug":"vevor-10-6cfm-portable-tire-inflator-dual-cylinder-air-compressor-12v-150psi","status":"publish","type":"product","link":"https:\/\/vevorshop.lv\/lv\/Prece\/vevor-10-6cfm-parnesajams-riepu-piepumpetajs-divu-cilindru-gaisa-kompresors-12v-150psi\/","title":{"rendered":"VEVOR 12V divcilindru gaisa kompresors 150 PSI 300 L\/min, \u0101tra 30s piep\u016b\u0161ana, p\u0101rn\u0113s\u0101jams riepu pumpis auto kravas auto SUV RV"},"content":{"rendered":"<div style=\"color: #fff!important; font-size: 16px; height: 24px; line-height: 24px; margin-top: -24px; \" class=\"product_original_name\">VEVOR 10.6 CFM lieljaudas gaisa kompresors, 30s \u0101tra piep\u016b\u0161ana | Divu cilindru p\u0101rn\u0113s\u0101jams riepu piep\u016b\u0161\u0113js, 12V 150PSI bezce\u013ca gaisa s\u016bknis ar adapteriem kravas automa\u0161\u012bn\u0101m Automa\u0161\u012bnas SUV 4 x 4 Transportl\u012bdzek\u013ca RV<\/div>\n<div style=\"color: #fff!important; font-size: 16px; height: 24px; line-height: 24px; margin-top: -24px; \" class=\"product_sku\">M4I4M27B<\/div>\n<div style=\"color: #fff!important; font-size: 16px; height: 24px; line-height: 24px; margin-top: -24px; \" class=\"product_mpn\">ZXLTCQJSG10CPFKT5V2<\/div><div id=\"js-DM_at-goodDescRich\"><html><head><style>  body {    font-family: Arial;    line-height: 1.5;    color: #1c1c1c;    overflow-x: hidden;    margin: 0;    padding: 0;  }  .MsoNormal b {    font-weight: bolder;  }<\/style><style>  .container.small {    width: 970px;    margin: 0 auto;  }  .logo {    margin: 0 auto 0;  }  .logo img {    display: block;    margin: 0 auto;    max-width: 100%;  }  .logo .pc-banner {    display: block;    width: 1200px;    height: 247.4px;    margin: 0 auto;  }  .logo .pc-banner.small {    width: 970px;  }  .logo .pc-banner.small img {    height: auto!important;  }  .logo .m-banner {    display: none;  }  .ytvideo {    position: relative;    height: 546px;    width: 100%;    margin: 0 auto;  }  .ytvideo img {    width: 100%;    margin: 0 auto;  }  .ytvideo .play-btn {    width: 60px;    height: 42px;    position: absolute;    top: 50%;    left: 50%;    transform: translate(-50%, -50%);    background: url(\"data:image\/png;base64,iVBORw0KGgoAAAANSUhEUgAAAGQAAABGCAMAAAANWMFbAAAC+lBMVEUAAADBGB3kLCfBGB3kLCfcJC7BFx3KKSbiKybkLCbWJCPSIiLSIiLPICHAFx3kLCfgKSXNHiDZJiTIGx\/p4eHcjo7LHSDbJyTkLCbjKyfOHyHPIiL28fHJHB\/GGh7EGR7eKCXDGB3RISHlLSbBGB3AFxzGHB7DGB7BGB3hKybkKybAFx3lLCfAFxzDGR3hKibDGB7cJyTmz8\/elJTlwcHjurrUIyLlLSflLSfAFx3DGR7lLSfCFx3hKibhKibhKybjKybkLCblLSfbJSX49vbx7e3NNzjNMTLMJyjVIyLZf3\/ZQ0LaeHjx0tLgoqLkLCfCGB3HGx\/BGB3BFx3PICHCGB7WJCLOHyC\/Fxy\/Fx3lLCfQISHkLSe\/FxzbJiTBFx3FGx\/AGB7BFx3EGR7AGB3HHSDfKiXAFh3TISHYNzbhKibbJyTTIiL57e325+f039\/v2NjUV1fOHiHiqanfmprch4feKSXVIyPOICHmLibFGh\/mLSe\/Fx7XJCPeKSXXJSPNHyHaJyTGGh7lLCbmLCflLSjSIiLkLCbdKSXLHiC\/GB3KHh++Fh3lKyfoLiXcKCPkx8fYb2\/XaGfVXl3aU1LLHiDksbHgKibPICHbJyTfKSXbJyTCGB3KHSDiKybFGh7TIiL\/\/\/\/VIyPRISHIHB\/GGx\/HHB\/DGR7gKibdKCXLHiDZJiTMHiDNHyHYJSTOICHPICHWJCPcKCXXJSPjLCblLCf+\/f3NGR\/uLijzLynPGR\/IGB7WISHaIyLLGh7UAADxLynNAADRLzDbICLQAADIAAD3MCrUHSHXMTDpKSbLAADp5OTij4\/ejo\/VLy\/1LyngJSTcJCPQHx\/OHB7+\/PzaMS\/OLS\/vLijrLSjSAADaNTPwLyjkKSbNJCbYISHPHB\/KGB7WAAD7+vrn3d3aKynTKCjoLCfsKifRGh\/YAADq5+fhjo7QNDXXKCfmJyXt5+fTLzDLLi\/QKivYHRvMGBrQJCXLISPMExXLDxLaEAvkkI\/bOTfaFQ\/SCgpvLcnHAAAAmnRSTlMA+vv7+gT9Bvf9+8z8\/NSv\/Pr5+P7++vnQIBMP\/v38\/Pn348XDiCYf9OjbzcqxXVcx\/fz8+\/rj1r2poo1+fXFqX0orGP7+\/v7+\/fz8+\/r68uzn4trIxsG\/vri3p6GcmZSNbWVYUUZEPQv+\/f39+\/v7+\/v7+vr64tvV1NTTz87FtbSurqeblJKFg4B3bUY+NjL7+\/v7+\/v67t1cDo8JLQAABkRJREFUWMO0kz9rwkAYh0OIeJkum6YugUAhISCdKoj\/P4C7SMdS+gEKIhSKil10LSg4mzXkILdlEpxCpwTiWOLX6BujvQaEQuGeHLnL+\/64J+SIcKGYTYWnntpdLjrVdqvZmNdn0+EE40GtpuuWVS6Xx6N7YDSGpWXpeq02wHgynM7q80az1a52HpddtVcpsi1zFARBrdaxbhp9iUReTGmwA4KAAr7vx3EYejnCMI6hQYEgy0LQi4jUN0wL19vqFcUC9\/1dAKmEEFkWRYkh5oBejnxQJiSJPJ\/uKBp0Thszx9Mw8hMRIQjKsptCfuES9zr5WJY6vSFCIvE9fCMUmEM1A1kSXcYGxgVYsvI1IPKTZciSTI0us\/SMGG04gDzELDoFBwdcFJrF88dqgYMTiL6DILWYyfOWE8\/kIz38olCNlC03FK95+imxp6y4oUSvAnBjHHhKNtotSDqJzVFiK8c2SBqhZtsrTtgrLXwAyduxZHNE26eHUt5rtuM4WSmds3G+sUdWYo1L+XyxButoh5eKUHk5lByO3G1LqqCWVnfrv\/lyPtf\/4ps1cndNGIri8J1TJ0lx6dR\/oPjq1nbRwdp2dCk4CtIOLW3pVKRL6WZfS5vF2KkIQhpwSsjiYIgNCs1gEMGqiIq24NQX9NwoXFy8Ufrl3twTcg4fv8T9\/JBEySduj6Mjm4bMzYV7EEOxKjjoNDud7yY3Dy71Hq2oLmqfbNR723edH9PgMrNL2utoQ3VmaIDkiw\/4w51P06hlZsTZvkRrbVuSIs\/zwSOsycgzStQouoAkWQqioRT5XI7n2Z1wfVhoZmcAJLsoqjqpjbWCgpOAJXBwHK8PzWbNvoUZJND5wCnSkLAkZ1legx6vqQzjoiTahKlGUGLAiIIoABOHaNVw4sexZBym6\/HWlH5h3IC7yRbxtipcWxdTOkORKiNQAEkFf66x5S2oeRbroOlLgg0sSYkR0hRGEqJZ0jTPiQKatESdBckpWigxaapEH0lImHdWu9pUFF2XqMNM2Z4kped7IwEJw2qabwtrQqnpw6HyKkgcadKWsmpywwesDyIhYRpdzXddqegtGIJlXbAIUMOLkGxJUjRIkokwjUaX9d\/kK62ps\/tYUqZLIMkLTyBhsMZ3C5Z\/kDxOSCb\/DOs\/\/J0qcWSX\/2ipe56EgTCA4\/cB7NAYOsni4mZM1MUPAISoEwkDi4lhVBQ1cWQyIcwalw4EpqZN68JUSK7XC0kTlkLYii5uXSC8jT5ncCAS7mjCv0uHp\/3lueHEEAeQ\/\/VgmdN71\/2uCSA1Xr6DO6uI6sW56zqT2tp2PhgiRUAajV8CY2fkcz6WGNKMgLAt7tJAhD4YHMTeRxlALE6+43WqjSWi8ITxyJl8WrwWSNESQZZOqhDDntO3hJLsd5RtSpbJqdv3YrDJH3F7jL1R2O2aQkn2MyCyKYz0GPGIvSAMgBCrCEiJyKbBaYGwLW4uPRr0A0M4Ux5kUI7IBh+hMdiCEWNqhMZGyYMsOgNE58UQuEQeUnSWCMYwL54hkxK6IoqucQZbQ3pc3XtL0lky1dL0zZJJDpWJovFqpWj6JEHnyam2eQp5QRVAVHjWparTOaVwUOx99YS2MvgxIGV0bb+qIg2HX2qkFFJB+XZcbLiuRkuxD9GRroKyveLxdh4d7Orx+hb7qc3uVRuEogCOnyIxm4ubUoPgF4jianDrC+SDQDKEfJb0GUKmjCGPYHGJvVC6X4hw1\/sAfQAdfYyephIaspXe36RwOP+Ljvfx9B6B3i+Nk0DGq+oCbLn6JpBa9nWAveAIHwFAwtVcIJXPMPL8kRu5OAYPMaL1WScTxjiZDqB9LTJSWphow\/pTYKRTLjCBhvi9iBidvKcDasGSm0QQkycYuLBqj6QCELPctqChDWpTRMWkngNNpQ1Pfp1KkiT\/Y0DGffXAweUNfLAfaJFKDwhb6I+bkYRbkERoEeu3Fyjg2opMz2daZCS9jt6Q7txNfB+OZEVF6Zl5web2xunnLQrtrjXseXKaFYziYINeMFZVxS9VxRhOoesYwxPKXm+gWLG9cuFeq93UNNeJNsf1KlwuDok9n02n3TgIJpOxNfL9naIoQwXtfH9kjceTIIi709ncTg6LZbg+biLH1V6u\/7rxBem06VXKn9raAAAAAElFTkSuQmCC\")      no-repeat center center \/ contain;  }  @media screen and (max-width: 960px) and (orientation: portrait) {    .logo {      width: 100%;    }    .logo .pc-banner {      display: none;    }    .logo .m-banner {      display: block;      width: 100%;    }    .logo .m-banner img {      height: auto!important;    }    .ytvideo {      height: 200px;      width: 100%;    }  }<\/style><style>  .video-section {    width: 100%;    margin: 0 auto;  }  .video-section > img {    width: 100%;  }  .video-section iframe,  .video-section video {    width: 100%;    height: 100%;      }  .video-section-img-m,  .video-section-img-pc > img {    width: 100%;    height: auto;  }  .video-section-img-pc.small > img {    width: 970px;  }  .video-desc {    line-height: 1.5;    font-size: 20px;    font-weight: 400;    margin: 20px 0;    text-align: center;    color: #0f1111;    word-break: break-word;  }  @media screen and (max-width: 960px) and (orientation: portrait) {    .video-section {      width: 100%;    }    .video-section-pc,    .video-section-img-pc {      display: none;    }    .video-section-m,    .video-section-img-m {      display: block;    }    .video-desc {      font-size: 15px;    }  }  @media screen and (min-width: 960px) {    .video-section {      width: 100%;      margin: 0 auto;    }    .video-section-pc,    .video-section-img-pc {      display: block;    }    .video-section-m,    .video-section-img-m {      display: none;    }    .video-desc {      font-size: 20px;    }  }<\/style><style>  .section + .section {    margin-top: 35px;  }  .section-title {    text-align: center;    font-weight: bold;    color: #0d1111;    font-family: \"Arial\";    font-size: 32px;    margin: 15px 0;  }  .section-title:empty {    display: none;  }  .section-desc {    text-align: center;    font-weight: normal;    color: #0d1111;    margin-top: 20px;  }  .section-desc:empty {    display: none;  }  .section-img {    width: 1200px;    height: 492px;    margin: 0 auto;    display: block;  }  .section-img.small {    width: 970px;    height: auto;  }  .section-img.small > img {    height: auto;  }  .section-img > img {    width: 100%;    height: 100%;  }  .section-mobile-img {    display: none;    max-width: 100vw;    max-height: 75vw;    height: 450px;    margin: 0 auto;  }  .section-mobile-img > img {    width: 100%;    height: 100%;  }  @media screen and (max-width: 960px) and (orientation: portrait) {    .container {      width: 100%;    }    .container.small {      width: 100%;    }    .section-mobile-img {      display: block;    }    .section-img {      display: none;    }    .section-title {      font-size: 22px;      margin: 10px 0;    }    .section-desc {      margin-top: 10px;    }    .section + .section {      margin-top: 20px;    }  }<\/style><\/head><body><div class=\"container small\"><div class=\"logo\"><div class=\"pc-banner small\"><div><img decoding=\"async\" src=\"\/vevor\/vevor\/boutique-banner\/pc\/en-pc@1x.jpg\" style=\"width: 100%;\" \/><\/div><\/div><div class=\"m-banner\"><div><img decoding=\"async\" src=\"\/vevor\/vevor\/boutique-banner\/mobile\/en-m@1x.jpg\" style=\"width: 100%;\" \/><\/div><\/div><\/div><div class=\"section-title\">2X \u0100tr\u0101ka infl\u0101cija, dodieties ce\u013c\u0101 bez laika<\/div><div class=\"video-section\"><div class=\"video-section-img-pc small\"><img decoding=\"async\" src=\"\/vevor\/product\/ZXLTCQJSG10CPFKT5\/portable-tire-inflator-a100-1.4-pt.jpg\" \/><\/div><div class=\"video-section-img-m\"><img decoding=\"async\" src=\"\/vevor\/product\/ZXLTCQJSG10CPFKT5\/portable-tire-inflator-a100-1.4-pt.jpg\" \/><\/div><div class=\"section-desc\">Palieciet sagatavots ar VEVOR divu cilindru lieljaudas gaisa kompresoru \u2014 j\u016bsu uzticamais pavadonis 2X \u0101tr\u0101kai infl\u0101cijai.Ar moderniz\u0113tiem diviem cilindriem, 150 PSI maksim\u0101lo spiedienu un 10,6 CFM augstu gaisa pl\u016bsmu \u0161is p\u0101rn\u0113s\u0101jamais riepu piep\u016b\u0161\u0113js nodro\u0161ina \u0101tru atgrie\u0161anos uz ce\u013ca, ietaupot v\u0113rt\u012bgo laiku.<\/div><\/div><div class=\"section\"><div class=\"section-title\"><\/div><div class=\"section-img small\"><img decoding=\"async\" src=\"\/vevor\/product\/ZXLTCQJSG10CPFKT5\/portable-tire-inflator-a100-2.2-pt.jpg\" \/><\/div><div class=\"section-mobile-img\"><img decoding=\"async\" src=\"\/vevor\/product\/ZXLTCQJSG10CPFKT5\/portable-tire-inflator-a100-2.2-pt.jpg\" \/><\/div><div class=\"section-desc\">M\u0113s nodro\u0161in\u0101m j\u016bs ar 6,5 p\u0113du str\u0101vas vadu un 26 p\u0113du gumijas gaisa \u0161\u013c\u016bteni, \u013caujot jums viegli tikt gal\u0101 ar uzdevumiem lielos att\u0101lumos.Gaisa \u0161\u013c\u016btenei ir ar\u012b meh\u0101nisks manometrs, kas nodro\u0161ina re\u0101llaika spiediena uzraudz\u012bbu, nodro\u0161inot, ka jebkur\u0101 laik\u0101 varat uzraudz\u012bt gaisa spiedienu.<\/div><\/div><div class=\"section\"><div class=\"section-title\"><\/div><div class=\"section-img small\"><img decoding=\"async\" src=\"\/vevor\/product\/ZXLTCQJSG10CPFKT5\/portable-tire-inflator-a100-2.3-pt.jpg\" \/><\/div><div class=\"section-mobile-img\"><img decoding=\"async\" src=\"\/vevor\/product\/ZXLTCQJSG10CPFKT5\/portable-tire-inflator-a100-2.3-pt.jpg\" \/><\/div><div class=\"section-desc\">\u0160is 12 V p\u0101rn\u0113s\u0101jamais riepu piep\u016bt\u0113js, kas apr\u012bkots ar 3 uzga\u013cu adapteriem, ir daudzpus\u012bgs da\u017e\u0101diem transportl\u012bdzek\u013ciem, tostarp vieglaj\u0101m automa\u0161\u012bn\u0101m, apvidus auto, kravas automa\u0161\u012bn\u0101m, furgoniem un kemperiem. Tas ir piem\u0113rots ar\u012b motocikliem, velosip\u0113diem, bumb\u0101m un citam atp\u016btas apr\u012bkojumam, piem\u0113ram, piep\u016b\u0161amaj\u0101m rota\u013cliet\u0101m un laiv\u0101m.<\/div><\/div><div class=\"section\"><div class=\"section-title\"><\/div><div class=\"section-img small\"><img decoding=\"async\" src=\"\/vevor\/product\/ZXLTCQJSG10CPFKT5\/portable-tire-inflator-a100-2.4-pt.jpg\" \/><\/div><div class=\"section-mobile-img\"><img decoding=\"async\" src=\"\/vevor\/product\/ZXLTCQJSG10CPFKT5\/portable-tire-inflator-a100-2.4-pt.jpg\" \/><\/div><div class=\"section-desc\">Ar vienk\u0101r\u0161u 4 so\u013cu procesu \u2014 pievienojiet skavas, pievienojiet gaisa \u0161\u013c\u016bteni gaisa izpl\u016bdes atverei un riepai, pievienojiet akumulatora skavu transportl\u012bdzek\u013ca akumulatoram un s\u0101ciet piep\u016b\u0161anu \u2014 piep\u016b\u0161anas uzdevumu izpilde ir bez piep\u016bles un bez probl\u0113m\u0101m.<\/div><\/div><div class=\"section\"><div class=\"section-title\"><\/div><div class=\"section-img small\"><img decoding=\"async\" src=\"\/vevor\/product\/ZXLTCQJSG10CPFKT5\/portable-tire-inflator-a100-2.5-pt.jpg\" \/><\/div><div class=\"section-mobile-img\"><img decoding=\"async\" src=\"\/vevor\/product\/ZXLTCQJSG10CPFKT5\/portable-tire-inflator-a100-2.5-pt.jpg\" \/><\/div><div class=\"section-desc\">\u0160is divu cilindru gaisa s\u016bknis ir viegls un tam ir \u0113rts rokturis, kas \u013cauj \u0113rti p\u0101rvad\u0101t un uzglab\u0101t transportl\u012bdzek\u013ca bag\u0101\u017eniek\u0101 vai \u0146emt l\u012bdzi, atrodoties ce\u013c\u0101. Neatkar\u012bgi no t\u0101, vai esat ce\u013cojum\u0101 vai baud\u0101t piedz\u012bvojumus br\u012bv\u0101 dab\u0101, \u0101tra piep\u016b\u0161ana vienm\u0113r ir rokas stiepiena att\u0101lum\u0101.<\/div><\/div><div class=\"section\"><div class=\"section-img small\"><img decoding=\"async\" src=\"\/vevor\/product\/ZXLTCQJSG10CPFKT5\/portable-tire-inflator-a100-1.11-pt.jpg\" \/><\/div><div class=\"section-mobile-img\"><img decoding=\"async\" src=\"\/vevor\/product\/ZXLTCQJSG10CPFKT5\/portable-tire-inflator-a100-1.11-pt.jpg\" \/><\/div><\/div><\/div><\/body><\/html><\/div>\n<div class=\"DM_at-title\" id=\"js-DM_at-title\"> <div>Produkta specifik\u0101cija<\/div> <i class=\"icon-arrowup_line\"><\/i> <\/div><div class=\"DM_at-goodsDescAttr\" id=\"js-DM_at-goodsDescAttr\"> <div class=\"DM_at-goodsDescAttrInner\"> <dl class=\"goodsDesc_item goodsDesc_item_even\"> <dt>Preces Mode\u013ca Numurs<\/dt> <dd> YD-127D<\/dd> <\/dl> <dl class=\"goodsDesc_item\"> <dt>Ieejas Spriegums<\/dt> <dd> L\u012bdzstr\u0101va 12\u00a0V\u201313,8\u00a0V<\/dd> <\/dl> <dl class=\"goodsDesc_item goodsDesc_item_even\"> <dt>Uzl\u0101des str\u0101va<\/dt> <dd> MAKS.75A<\/dd> <\/dl> <dl class=\"goodsDesc_item\"> <dt>Maksim\u0101lais darba spiediens<\/dt> <dd> 150 PSI<\/dd> <\/dl> <dl class=\"goodsDesc_item goodsDesc_item_even\"> <dt>Maksim\u0101l\u0101 gaisa pl\u016bsma<\/dt> <dd> 10,6 CFM<\/dd> <\/dl> <dl class=\"goodsDesc_item\"> <dt>Galvenais materi\u0101ls<\/dt> <dd> Dzelzs + alum\u012bnija sakaus\u0113jums<\/dd> <\/dl> <dl class=\"goodsDesc_item goodsDesc_item_even\"> <dt>Neto Svars<\/dt> <dd> 26,3 m\u0101rci\u0146as \/ 10,7 kg<\/dd> <\/dl> <dl class=\"goodsDesc_item\"> <dt>Produkta Izm\u0113ri<\/dt> <dd> 14,37 x 5,91 x 8,94 collas \/ 365 x 150 x 227 mm<\/dd> <\/dl> <\/div> <\/div>","protected":false},"excerpt":{"rendered":"<ul>\n<li> 30S zibens-\u0101tr\u0101 infl\u0101cija: atgriezieties uz ce\u013ca ziben\u012bgi ar VEVOR divu cilindru riepu piep\u016b\u0161\u0113ju Ar moderniz\u0113tiem diviem cilindriem, 150 PSI maksim\u0101lo spiedienu un 10,6 CFM lielu gaisa pl\u016bsmu m\u016bsu 12 V lieljaudas gaisa kompresors piep\u016b\u0161as par 2X \u0101tr\u0101k nek\u0101 citi, nodro\u0161inot 30s \u0101tru infl\u0101ciju. <\/li>\n<li> Daudzpus\u012bgs pielietojums: Apr\u012bkots ar 3 uzga\u013cu adapteriem, \u0161is p\u0101rn\u0113s\u0101jamais riepu piep\u016bt\u0113js ir ide\u0101li piem\u0113rots automa\u0161\u012bn\u0101m, apvidus auto, kravas auto, furgoniem, kemperiem, k\u0101 ar\u012b motocikliem, velosip\u0113diem, bumb\u0101m un citam atp\u016btas apr\u012bkojumam, piem\u0113ram, piep\u016b\u0161amaj\u0101m rota\u013cliet\u0101m un laiv\u0101m. <\/li>\n<li> Autom\u0101tiska termisk\u0101 izsl\u0113g\u0161an\u0101s aizsardz\u012bba: Ar ieb\u016bv\u0113tu p\u0101rkar\u0161anas aizsardz\u012bbu \u0161is 150 PSI p\u0101rn\u0113s\u0101jamais kravas automa\u0161\u012bnu riepu piep\u016bt\u0113js nov\u0113r\u0161 motora boj\u0101jumus p\u0101rslodzes d\u0113\u013c, nodro\u0161inot dro\u0161u un ilgsto\u0161u lieto\u0161anu, vienlaikus uzlabojot apr\u012bkojuma kalpo\u0161anas laiku. <\/li>\n<li> Viegli p\u0101rn\u0113s\u0101jams: M\u016bsu iztur\u012bgie bezce\u013cu gaisa s\u016bk\u0146i ir viegli vad\u0101mi un ar \u0113rtu rokturi, t\u0101p\u0113c tie ir ide\u0101li piem\u0113roti glab\u0101\u0161anai automa\u0161\u012bnas bag\u0101\u017eniek\u0101 vai l\u012bdzi \u0146em\u0161anai ce\u013c\u0101, nodro\u0161inot \u0101tru piep\u016b\u0161anu, kad vien nepiecie\u0161ams. <\/li>\n<li> Piln\u012bga pakete: Ietver lieljaudas divu cilindru gaisa kompresoru + 6,5 p\u0113du str\u0101vas vadu + 26 p\u0113du gumijas gaisa \u0161\u013c\u016bteni ar meh\u0101nisko spiediena m\u0113r\u012bt\u0101ju + 3 sprauslas adapteri + \u012bk\u0161\u0137a blo\u0137\u0113\u0161anas adapteri + p\u0101rn\u0113s\u0101jamo instrumentu maisi\u0146u. Vienm\u0113r sagatavots ce\u013cojumiem! <\/li>\n<\/ul>","protected":false},"featured_media":330931,"comment_status":"closed","ping_status":"open","template":"","meta":{"om_disable_all_campaigns":false,"_uf_show_specific_survey":0,"_uf_disable_surveys":false},"location":[1935,1934],"product_brand":[21],"product_cat":[2375,3263,4402,2374],"product_tag":[],"class_list":{"0":"post-53030","1":"product","2":"type-product","3":"status-publish","4":"has-post-thumbnail","6":"location-supplier_stock_location","7":"location-local_stock_location","8":"product_brand-vevor","9":"product_cat-air-compressor-tools","10":"product_cat-inflators","11":"product_cat-portable-air-compressors-inflators","12":"product_cat-tools","14":"first","15":"instock","16":"taxable","17":"shipping-taxable","18":"purchasable","19":"product-type-simple"},"aioseo_notices":[],"locations":[{"id":1935,"name":"Pieg\u0101d\u0101ja noliktav\u0101 (5-7dd.d)","slug":"supplier_stock_location","quantity":"183"},{"id":1934,"name":"R\u012bgas veikal\u0101 (0-2d.d.)","slug":"local_stock_location","quantity":"0"}],"_links":{"self":[{"href":"https:\/\/vevorshop.lv\/lv\/wp-json\/wp\/v2\/product\/53030","targetHints":{"allow":["GET"]}}],"collection":[{"href":"https:\/\/vevorshop.lv\/lv\/wp-json\/wp\/v2\/product"}],"about":[{"href":"https:\/\/vevorshop.lv\/lv\/wp-json\/wp\/v2\/types\/product"}],"replies":[{"embeddable":true,"href":"https:\/\/vevorshop.lv\/lv\/wp-json\/wp\/v2\/comments?post=53030"}],"wp:featuredmedia":[{"embeddable":true,"href":"https:\/\/vevorshop.lv\/lv\/wp-json\/wp\/v2\/media\/330931"}],"wp:attachment":[{"href":"https:\/\/vevorshop.lv\/lv\/wp-json\/wp\/v2\/media?parent=53030"}],"wp:term":[{"taxonomy":"location","embeddable":true,"href":"https:\/\/vevorshop.lv\/lv\/wp-json\/wp\/v2\/location?post=53030"},{"taxonomy":"product_brand","embeddable":true,"href":"https:\/\/vevorshop.lv\/lv\/wp-json\/wp\/v2\/product_brand?post=53030"},{"taxonomy":"product_cat","embeddable":true,"href":"https:\/\/vevorshop.lv\/lv\/wp-json\/wp\/v2\/product_cat?post=53030"},{"taxonomy":"product_tag","embeddable":true,"href":"https:\/\/vevorshop.lv\/lv\/wp-json\/wp\/v2\/product_tag?post=53030"}],"curies":[{"name":"wp","href":"https:\/\/api.w.org\/{rel}","templated":true}]}}