{"id":53186,"date":"2024-11-19T23:00:35","date_gmt":"2024-11-19T23:00:35","guid":{"rendered":"http:\/\/vevorshop.edigo.lv\/Prece\/vevor-heat-press-machine-12x15-in-8-in-1-with-30oz-tumbler-press-t-shirts-pink\/"},"modified":"2026-04-20T01:10:04","modified_gmt":"2026-04-19T22:10:04","slug":"vevor-heat-press-machine-12x15-in-8-in-1-with-30oz-tumbler-press-t-shirts-pink","status":"publish","type":"product","link":"https:\/\/vevorshop.lv\/lv\/Prece\/vevor-siltuma-preses-masina-12x15-8-in-1-ar-30oz-tumbler-preses-t-krekli-roza\/","title":{"rendered":"VEVOR 8-in-1 Heat Press Machine 30.5\u00d738.1 cm ar 850.5 g Tumbler Press T-krekliem, Kr\u016bz\u0113m, Cepur\u0113m, Roz\u0101"},"content":{"rendered":"<div style=\"color: #fff!important; font-size: 16px; height: 24px; line-height: 24px; margin-top: -24px; \" class=\"product_original_name\">VEVOR Heat Press Machine 30,5x38,1 cm 8 in 1 ar 850,5 g Tumbler Press T-krekliem roz\u0101 kr\u0101s\u0101<\/div>\n<div style=\"color: #fff!important; font-size: 16px; height: 24px; line-height: 24px; margin-top: -24px; \" class=\"product_sku\">M4I4M2VC<\/div>\n<div style=\"color: #fff!important; font-size: 16px; height: 24px; line-height: 24px; margin-top: -24px; \" class=\"product_mpn\">YTS30OZ1215817JC4V2<\/div><div id=\"js-DM_at-goodDescRich\"><html><head><style>  body {    font-family: Arial;    line-height: 1.5;    color: #1c1c1c;    overflow-x: hidden;    margin: 0;    padding: 0;  }  .MsoNormal b {    font-weight: bolder;  }<\/style><style>  .container.small {    width: 970px;    margin: 0 auto;  }  .logo {    margin: 0 auto 0;  }  .logo img {    display: block;    margin: 0 auto;    max-width: 100%;  }  .logo .pc-banner {    display: block;    width: 1200px;    height: 247.4px;    margin: 0 auto;  }  .logo .pc-banner.small {    width: 970px;  }  .logo .pc-banner.small img {    height: auto!important;  }  .logo .m-banner {    display: none;  }  .ytvideo {    position: relative;    height: 546px;    width: 100%;    margin: 0 auto;  }  .ytvideo img {    width: 100%;    margin: 0 auto;  }  .ytvideo .play-btn {    width: 60px;    height: 42px;    position: absolute;    top: 50%;    left: 50%;    transform: translate(-50%, -50%);    background: url(\"data:image\/png;base64,iVBORw0KGgoAAAANSUhEUgAAAGQAAABGCAMAAAANWMFbAAAC+lBMVEUAAADBGB3kLCfBGB3kLCfcJC7BFx3KKSbiKybkLCbWJCPSIiLSIiLPICHAFx3kLCfgKSXNHiDZJiTIGx\/p4eHcjo7LHSDbJyTkLCbjKyfOHyHPIiL28fHJHB\/GGh7EGR7eKCXDGB3RISHlLSbBGB3AFxzGHB7DGB7BGB3hKybkKybAFx3lLCfAFxzDGR3hKibDGB7cJyTmz8\/elJTlwcHjurrUIyLlLSflLSfAFx3DGR7lLSfCFx3hKibhKibhKybjKybkLCblLSfbJSX49vbx7e3NNzjNMTLMJyjVIyLZf3\/ZQ0LaeHjx0tLgoqLkLCfCGB3HGx\/BGB3BFx3PICHCGB7WJCLOHyC\/Fxy\/Fx3lLCfQISHkLSe\/FxzbJiTBFx3FGx\/AGB7BFx3EGR7AGB3HHSDfKiXAFh3TISHYNzbhKibbJyTTIiL57e325+f039\/v2NjUV1fOHiHiqanfmprch4feKSXVIyPOICHmLibFGh\/mLSe\/Fx7XJCPeKSXXJSPNHyHaJyTGGh7lLCbmLCflLSjSIiLkLCbdKSXLHiC\/GB3KHh++Fh3lKyfoLiXcKCPkx8fYb2\/XaGfVXl3aU1LLHiDksbHgKibPICHbJyTfKSXbJyTCGB3KHSDiKybFGh7TIiL\/\/\/\/VIyPRISHIHB\/GGx\/HHB\/DGR7gKibdKCXLHiDZJiTMHiDNHyHYJSTOICHPICHWJCPcKCXXJSPjLCblLCf+\/f3NGR\/uLijzLynPGR\/IGB7WISHaIyLLGh7UAADxLynNAADRLzDbICLQAADIAAD3MCrUHSHXMTDpKSbLAADp5OTij4\/ejo\/VLy\/1LyngJSTcJCPQHx\/OHB7+\/PzaMS\/OLS\/vLijrLSjSAADaNTPwLyjkKSbNJCbYISHPHB\/KGB7WAAD7+vrn3d3aKynTKCjoLCfsKifRGh\/YAADq5+fhjo7QNDXXKCfmJyXt5+fTLzDLLi\/QKivYHRvMGBrQJCXLISPMExXLDxLaEAvkkI\/bOTfaFQ\/SCgpvLcnHAAAAmnRSTlMA+vv7+gT9Bvf9+8z8\/NSv\/Pr5+P7++vnQIBMP\/v38\/Pn348XDiCYf9OjbzcqxXVcx\/fz8+\/rj1r2poo1+fXFqX0orGP7+\/v7+\/fz8+\/r68uzn4trIxsG\/vri3p6GcmZSNbWVYUUZEPQv+\/f39+\/v7+\/v7+vr64tvV1NTTz87FtbSurqeblJKFg4B3bUY+NjL7+\/v7+\/v67t1cDo8JLQAABkRJREFUWMO0kz9rwkAYh0OIeJkum6YugUAhISCdKoj\/P4C7SMdS+gEKIhSKil10LSg4mzXkILdlEpxCpwTiWOLX6BujvQaEQuGeHLnL+\/64J+SIcKGYTYWnntpdLjrVdqvZmNdn0+EE40GtpuuWVS6Xx6N7YDSGpWXpeq02wHgynM7q80az1a52HpddtVcpsi1zFARBrdaxbhp9iUReTGmwA4KAAr7vx3EYejnCMI6hQYEgy0LQi4jUN0wL19vqFcUC9\/1dAKmEEFkWRYkh5oBejnxQJiSJPJ\/uKBp0Thszx9Mw8hMRIQjKsptCfuES9zr5WJY6vSFCIvE9fCMUmEM1A1kSXcYGxgVYsvI1IPKTZciSTI0us\/SMGG04gDzELDoFBwdcFJrF88dqgYMTiL6DILWYyfOWE8\/kIz38olCNlC03FK95+imxp6y4oUSvAnBjHHhKNtotSDqJzVFiK8c2SBqhZtsrTtgrLXwAyduxZHNE26eHUt5rtuM4WSmds3G+sUdWYo1L+XyxButoh5eKUHk5lByO3G1LqqCWVnfrv\/lyPtf\/4ps1cndNGIri8J1TJ0lx6dR\/oPjq1nbRwdp2dCk4CtIOLW3pVKRL6WZfS5vF2KkIQhpwSsjiYIgNCs1gEMGqiIq24NQX9NwoXFy8Ufrl3twTcg4fv8T9\/JBEySduj6Mjm4bMzYV7EEOxKjjoNDud7yY3Dy71Hq2oLmqfbNR723edH9PgMrNL2utoQ3VmaIDkiw\/4w51P06hlZsTZvkRrbVuSIs\/zwSOsycgzStQouoAkWQqioRT5XI7n2Z1wfVhoZmcAJLsoqjqpjbWCgpOAJXBwHK8PzWbNvoUZJND5wCnSkLAkZ1legx6vqQzjoiTahKlGUGLAiIIoABOHaNVw4sexZBym6\/HWlH5h3IC7yRbxtipcWxdTOkORKiNQAEkFf66x5S2oeRbroOlLgg0sSYkR0hRGEqJZ0jTPiQKatESdBckpWigxaapEH0lImHdWu9pUFF2XqMNM2Z4kped7IwEJw2qabwtrQqnpw6HyKkgcadKWsmpywwesDyIhYRpdzXddqegtGIJlXbAIUMOLkGxJUjRIkokwjUaX9d\/kK62ps\/tYUqZLIMkLTyBhsMZ3C5Z\/kDxOSCb\/DOs\/\/J0qcWSX\/2ipe56EgTCA4\/cB7NAYOsni4mZM1MUPAISoEwkDi4lhVBQ1cWQyIcwalw4EpqZN68JUSK7XC0kTlkLYii5uXSC8jT5ncCAS7mjCv0uHp\/3lueHEEAeQ\/\/VgmdN71\/2uCSA1Xr6DO6uI6sW56zqT2tp2PhgiRUAajV8CY2fkcz6WGNKMgLAt7tJAhD4YHMTeRxlALE6+43WqjSWi8ITxyJl8WrwWSNESQZZOqhDDntO3hJLsd5RtSpbJqdv3YrDJH3F7jL1R2O2aQkn2MyCyKYz0GPGIvSAMgBCrCEiJyKbBaYGwLW4uPRr0A0M4Ux5kUI7IBh+hMdiCEWNqhMZGyYMsOgNE58UQuEQeUnSWCMYwL54hkxK6IoqucQZbQ3pc3XtL0lky1dL0zZJJDpWJovFqpWj6JEHnyam2eQp5QRVAVHjWparTOaVwUOx99YS2MvgxIGV0bb+qIg2HX2qkFFJB+XZcbLiuRkuxD9GRroKyveLxdh4d7Orx+hb7qc3uVRuEogCOnyIxm4ubUoPgF4jianDrC+SDQDKEfJb0GUKmjCGPYHGJvVC6X4hw1\/sAfQAdfYyephIaspXe36RwOP+Ljvfx9B6B3i+Nk0DGq+oCbLn6JpBa9nWAveAIHwFAwtVcIJXPMPL8kRu5OAYPMaL1WScTxjiZDqB9LTJSWphow\/pTYKRTLjCBhvi9iBidvKcDasGSm0QQkycYuLBqj6QCELPctqChDWpTRMWkngNNpQ1Pfp1KkiT\/Y0DGffXAweUNfLAfaJFKDwhb6I+bkYRbkERoEeu3Fyjg2opMz2daZCS9jt6Q7txNfB+OZEVF6Zl5web2xunnLQrtrjXseXKaFYziYINeMFZVxS9VxRhOoesYwxPKXm+gWLG9cuFeq93UNNeJNsf1KlwuDok9n02n3TgIJpOxNfL9naIoQwXtfH9kjceTIIi709ncTg6LZbg+biLH1V6u\/7rxBem06VXKn9raAAAAAElFTkSuQmCC\")      no-repeat center center \/ contain;  }  @media screen and (max-width: 960px) and (orientation: portrait) {    .logo {      width: 100%;    }    .logo .pc-banner {      display: none;    }    .logo .m-banner {      display: block;      width: 100%;    }    .logo .m-banner img {      height: auto!important;    }    .ytvideo {      height: 200px;      width: 100%;    }  }<\/style><style>  .video-section {    width: 100%;    margin: 0 auto;  }  .video-section > img {    width: 100%;  }  .video-section iframe,  .video-section video {    width: 100%;    height: 100%;      }  .video-section-img-m,  .video-section-img-pc > img {    width: 100%;    height: auto;  }  .video-section-img-pc.small > img {    width: 970px;  }  .video-desc {    line-height: 1.5;    font-size: 20px;    font-weight: 400;    margin: 20px 0;    text-align: center;    color: #0f1111;    word-break: break-word;  }  @media screen and (max-width: 960px) and (orientation: portrait) {    .video-section {      width: 100%;    }    .video-section-pc,    .video-section-img-pc {      display: none;    }    .video-section-m,    .video-section-img-m {      display: block;    }    .video-desc {      font-size: 15px;    }  }  @media screen and (min-width: 960px) {    .video-section {      width: 100%;      margin: 0 auto;    }    .video-section-pc,    .video-section-img-pc {      display: block;    }    .video-section-m,    .video-section-img-m {      display: none;    }    .video-desc {      font-size: 20px;    }  }<\/style><style>  .section + .section {    margin-top: 35px;  }  .section-title {    text-align: center;    font-weight: bold;    color: #0d1111;    font-family: \"Arial\";    font-size: 32px;    margin: 15px 0;  }  .section-title:empty {    display: none;  }  .section-desc {    text-align: center;    font-weight: normal;    color: #0d1111;    margin-top: 20px;  }  .section-desc:empty {    display: none;  }  .section-img {    width: 1200px;    height: 492px;    margin: 0 auto;    display: block;  }  .section-img.small {    width: 970px;    height: auto;  }  .section-img.small > img {    height: auto;  }  .section-img > img {    width: 100%;    height: 100%;  }  .section-mobile-img {    display: none;    max-width: 100vw;    max-height: 75vw;    height: 450px;    margin: 0 auto;  }  .section-mobile-img > img {    width: 100%;    height: 100%;  }  @media screen and (max-width: 960px) and (orientation: portrait) {    .container {      width: 100%;    }    .container.small {      width: 100%;    }    .section-mobile-img {      display: block;    }    .section-img {      display: none;    }    .section-title {      font-size: 22px;      margin: 10px 0;    }    .section-desc {      margin-top: 10px;    }    .section + .section {      margin-top: 20px;    }  }<\/style><\/head><body><div class=\"container small\"><div class=\"logo\"><div class=\"pc-banner small\"><div><img decoding=\"async\" src=\"\/vevor\/vevor\/boutique-banner\/pc\/en-pc@1x.jpg\" style=\"width: 100%;\" \/><\/div><\/div><div class=\"m-banner\"><div><img decoding=\"async\" src=\"\/vevor\/vevor\/boutique-banner\/mobile\/en-m@1x.jpg\" style=\"width: 100%;\" \/><\/div><\/div><\/div><div class=\"section-title\">Daudzpus\u012bga un vienk\u0101r\u0161a personaliz\u0101cija ar vienu ier\u012bci!<\/div><div class=\"video-section\"><div class=\"video-section-img-pc small\"><img decoding=\"async\" src=\"\/vevor\/product\/YTS30OZ1215817JC4\/heat-press-machine-a100-1.4-pt.jpg\" \/><\/div><div class=\"video-section-img-m\"><img decoding=\"async\" src=\"\/vevor\/product\/YTS30OZ1215817JC4\/heat-press-machine-a100-1.4-pt.jpg\" \/><\/div><div class=\"section-desc\">M\u016bsu termoprese ir apr\u012bkota ar vair\u0101kiem stiprin\u0101jumiem, kas \u013cauj bez piep\u016bles p\u0101rnest skaistus dizainus uz T-krekliem, spilvendr\u0101n\u0101m, cepur\u0113m, kr\u016bz\u0113m un keramikas \u0161\u0137\u012bvjiem, atbr\u012bvojot neierobe\u017eotu rado\u0161umu. Neatkar\u012bgi no t\u0101, vai gatavojat personaliz\u0113tas d\u0101vanas vai unik\u0101lus \u201cdari pats\u201d projektus, t\u0101 par\u016bp\u0113sies par visu.<\/div><\/div><div class=\"section\"><div class=\"section-title\"><\/div><div class=\"section-img small\"><img decoding=\"async\" src=\"\/vevor\/product\/YTS30OZ1215817JC4\/heat-press-machine-a100-2.2-pt.jpg\" \/><\/div><div class=\"section-mobile-img\"><img decoding=\"async\" src=\"\/vevor\/product\/YTS30OZ1215817JC4\/heat-press-machine-a100-2.2-pt.jpg\" \/><\/div><div class=\"section-desc\">Uzlabotais 30oz lielais gl\u0101\u017eu preses uzgalis var satur\u0113t divas standarta izm\u0113ra kr\u016bzes, padarot j\u016bsu darbu efekt\u012bv\u0101ku! M\u016bsu termopreses ma\u0161\u012bnai ir izvelkama atvilktne, lai uzlabotu dro\u0161\u012bbu, nov\u0113r\u0161ot apdegumus priek\u0161metu ievieto\u0161anas un iz\u0146em\u0161anas laik\u0101.<\/div><\/div><div class=\"section\"><div class=\"section-title\"><\/div><div class=\"section-img small\"><img decoding=\"async\" src=\"\/vevor\/product\/YTS30OZ1215817JC4\/heat-press-machine-a100-2.3-pt.jpg\" \/><\/div><div class=\"section-mobile-img\"><img decoding=\"async\" src=\"\/vevor\/product\/YTS30OZ1215817JC4\/heat-press-machine-a100-2.3-pt.jpg\" \/><\/div><div class=\"section-desc\">Siltuma p\u0101rneses ier\u012bcei ir divu cauru\u013cu sild\u012b\u0161anas tehnolo\u0123ija, kas vienm\u0113r\u012bg\u0101k sadala siltumu. \u0160\u012b konstrukcija uzlabo gludin\u0101\u0161anas rezult\u0101tus un \u0101trumu, nodro\u0161inot vienm\u0113r\u012bg\u0101ku temperat\u016bras sadal\u012bjumu un saglab\u0101jot stabilu sild\u012b\u0161anu, t\u0101d\u0113j\u0101di katru reizi nodro\u0161inot nemain\u012bgus un efekt\u012bvus rezult\u0101tus.<\/div><\/div><div class=\"section\"><div class=\"section-title\"><\/div><div class=\"section-img small\"><img decoding=\"async\" src=\"\/vevor\/product\/YTS30OZ1215817JC4\/heat-press-machine-a100-2.4-pt.jpg\" \/><\/div><div class=\"section-mobile-img\"><img decoding=\"async\" src=\"\/vevor\/product\/YTS30OZ1215817JC4\/heat-press-machine-a100-2.4-pt.jpg\" \/><\/div><div class=\"section-desc\">Jaun\u0101 stil\u012bg\u0101 kr\u0101su sh\u0113ma atbilst da\u017e\u0101diem dekoru stiliem 360\u00b0 \u0161\u016bpo\u0161an\u0101s roka var p\u0101rvietoties uz s\u0101niem, izvairoties no nejau\u0161as saskares ar sild\u012b\u0161anas pl\u0101ksni Kreklu preses lietot\u0101jam draudz\u012bg\u0101s deta\u013cas nodro\u0161ina \u0113rt\u0101ku, dro\u0161\u0101ku un \u0113rt\u0101ku pieredzi.<\/div><\/div><div class=\"section\"><div class=\"section-title\"><\/div><div class=\"section-img small\"><img decoding=\"async\" src=\"\/vevor\/product\/YTS30OZ1215817JC4\/heat-press-machine-a100-2.5-pt.jpg\" \/><\/div><div class=\"section-mobile-img\"><img decoding=\"async\" src=\"\/vevor\/product\/YTS30OZ1215817JC4\/heat-press-machine-a100-2.5-pt.jpg\" \/><\/div><div class=\"section-desc\">Ar vienk\u0101r\u0161iem parametru iestat\u012bjumiem var piel\u0101got spiedienu, temperat\u016bru un laiku atbilsto\u0161i da\u017e\u0101diem materi\u0101liem un dizaina vajadz\u012bb\u0101m, nodro\u0161inot nevainojamu p\u0101rnesi. P\u0113c pres\u0113\u0161anas siltuma p\u0101rneses iek\u0101rtas izvelkam\u0101 atvilktne \u013cauj lietot\u0101jiem iz\u0146emt savus darbus, neuztraucoties par apdegumiem.<\/div><\/div><div class=\"section\"><div class=\"section-img small\"><img decoding=\"async\" src=\"\/vevor\/product\/YTS30OZ1215817JC4\/heat-press-machine-a100-1.11-pt.jpg\" \/><\/div><div class=\"section-mobile-img\"><img decoding=\"async\" src=\"\/vevor\/product\/YTS30OZ1215817JC4\/heat-press-machine-a100-1.11-pt.jpg\" \/><\/div><\/div><\/div><\/body><\/html><\/div>\n<div class=\"DM_at-title\" id=\"js-DM_at-title\"> <div>Produkta specifik\u0101cija<\/div> <i class=\"icon-arrowup_line\"><\/i> <\/div><div class=\"DM_at-goodsDescAttr\" id=\"js-DM_at-goodsDescAttr\"> <div class=\"DM_at-goodsDescAttrInner\"> <dl class=\"goodsDesc_item goodsDesc_item_even\"> <dt>Preces Mode\u013ca Numurs<\/dt> <dd> SJY-H12151M<\/dd> <\/dl> <dl class=\"goodsDesc_item\"> <dt>Kr\u0101sa<\/dt> <dd> Roz\u0101<\/dd> <\/dl> <dl class=\"goodsDesc_item goodsDesc_item_even\"> <dt>Sildpl\u0101ksnes izm\u0113rs<\/dt> <dd> 12 x 15 collas \/ 300 x 380 mm<\/dd> <\/dl> <dl class=\"goodsDesc_item\"> <dt>Jauda<\/dt> <dd> 1150W (ASV) \/ 1050W (AU\/ES)<\/dd> <\/dl> <dl class=\"goodsDesc_item goodsDesc_item_even\"> <dt>Temperat\u016bras Diapazons<\/dt> <dd> 32\u2013480 \u2109\/0\u2013250 \u2103<\/dd> <\/dl> <dl class=\"goodsDesc_item\"> <dt>Laiks Diapazons<\/dt> <dd> 0\u2013999 s<\/dd> <\/dl> <dl class=\"goodsDesc_item goodsDesc_item_even\"> <dt>Galvenie materi\u0101li<\/dt> <dd> Lok\u0161\u0146u met\u0101ls, alum\u012bnija sakaus\u0113jums<\/dd> <\/dl> <dl class=\"goodsDesc_item\"> <dt>Neto svars (ieskaitot visus piederumus)<\/dt> <dd> 37,5 m\u0101rci\u0146as \/ 17,0 kg<\/dd> <\/dl> <\/div> <\/div>","protected":false},"excerpt":{"rendered":"<ul>\n<li> Daudzpus\u012bga termoprese: \u0160\u012b 8\u00a0vien\u0101 daudzfunkcion\u0101l\u0101 termoprese ir apr\u012bkota ar vair\u0101kiem stiprin\u0101jumiem, kas \u013cauj j\u016bsu rado\u0161umam neierobe\u017eoti va\u013cu. Neatkar\u012bgi no t\u0101, vai v\u0113laties p\u0101rnest skaistus dizainus uz T-krekliem, spilvendr\u0101n\u0101m, cepur\u0113m, kr\u016bz\u0113m vai keramikas \u0161\u0137\u012bvjiem, m\u016bsu termoprese to atvieglo. T\u0101 ir apr\u012bkota ar 6\u00a0oz\/12\u00a0oz\/17\u00a0oz\/30\u00a0oz gl\u0101\u017eu preses stiprin\u0101jumiem. Uzlabot\u0101 30\u00a0oz liel\u0101 izm\u0113ra prese var apstr\u0101d\u0101t divas kr\u016bzes vienlaikus, iev\u0113rojami uzlabojot darba efektivit\u0101ti! <\/li>\n<li> Paaugstin\u0101ta dro\u0161\u012bba pret apdegumiem: Ievietojot vai iz\u0146emot T-kreklus, varat izmantot 360\u00b0 pagrie\u017eamo sviru, lai p\u0101rvietotu sild\u012b\u0161anas pl\u0101ksni uz s\u0101niem un izvilktu atvilktni. \u0160\u012bs dro\u0161\u012bbas funkcijas pasarg\u0101 j\u016bs no sild\u012b\u0161anas pl\u0101ksnes, nov\u0113r\u0161ot apdegumus. Izvelkam\u0101 konstrukcija nodro\u0161ina vair\u0101k vietas vienk\u0101r\u0161ai un \u0113rtai lieto\u0161anai. <\/li>\n<li> Prec\u012bza digit\u0101l\u0101 vad\u012bba: Lai sasniegtu apmierino\u0161us rezult\u0101tus, varat iepriek\u0161 iestat\u012bt temperat\u016bru un laiku atbilsto\u0161i da\u017e\u0101diem p\u0101rneses materi\u0101liem. Temperat\u016bras diapazons: 32\u2013480 \u2109 \/ 0\u2013250 \u2103, laika diapazons: 0\u2013999 s. Varat p\u0101rsl\u0113gties starp \u00b0C un \u00b0F ar pog\u0101m (\u25b2\/\u25bc), lai izv\u0113l\u0113tos v\u0113lamo temperat\u016bras att\u0113lo\u0161anas re\u017e\u012bmu. Kad tiek sasniegta iepriek\u0161 iestat\u012bt\u0101 temperat\u016bra, siltuma p\u0101rneses iek\u0101rta autom\u0101tiski apst\u0101sies un atskan\u0113s trauksmes sign\u0101ls, nov\u0113r\u0161ot p\u0101rkar\u0161anu. <\/li>\n<li> Divk\u0101r\u0161a izol\u0101cija: Pateicoties divk\u0101r\u0161as izol\u0101cijas tehnolo\u0123ijai, pat ja darba temperat\u016bra p\u0101rsniedz 210\u00a0\u00b0C, kreklu gludin\u0101\u0161anas preses virsmas temperat\u016bra sasniedz tikai 50\u201370\u00a0\u00b0C. Sal\u012bdzin\u0101jumam, tradicion\u0101lie kreklu gludek\u013ci var sasniegt pat 70\u2013100\u00a0\u00b0C. Tas samazina apdegumu risku un nodro\u0161ina temperat\u016bras stabilit\u0101ti p\u0101rneses proces\u0101, nodro\u0161inot, ka katrs p\u0101rneses rezult\u0101ts ir perfekts. <\/li>\n<li> Vienk\u0101r\u0161a lieto\u0161ana: Uzst\u0101diet, piespiediet un no\u0146emiet \u2014 veiciet p\u0101rneses darbu ar vienk\u0101r\u0161\u0101m darb\u012bb\u0101m, pat ja esat ies\u0101c\u0113js. P\u0113c p\u0101rneses pabeig\u0161anas m\u016bsu siltuma p\u0101rneses iek\u0101rtas unik\u0101lais izvelkam\u0101s atvilktnes dizains \u013cauj viegli iz\u0146emt gatavo produktu, neuztraucoties par apdegumu risku. <\/li>\n<\/ul>","protected":false},"featured_media":331711,"comment_status":"closed","ping_status":"open","template":"","meta":{"om_disable_all_campaigns":false,"_uf_show_specific_survey":0,"_uf_disable_surveys":false},"location":[1935,1934],"product_brand":[21],"product_cat":[2445,2697,2446,2777,2778],"product_tag":[],"class_list":{"0":"post-53186","1":"product","2":"type-product","3":"status-publish","4":"has-post-thumbnail","6":"location-supplier_stock_location","7":"location-local_stock_location","8":"product_brand-vevor","9":"product_cat-appliances","10":"product_cat-crafting-machines","11":"product_cat-crafts-sewing","12":"product_cat-heat-press-machine-crafting-machines","13":"product_cat-press-downwards-heat-press-machine","15":"first","16":"instock","17":"taxable","18":"shipping-taxable","19":"purchasable","20":"product-type-simple"},"aioseo_notices":[],"locations":[{"id":1935,"name":"Pieg\u0101d\u0101ja noliktav\u0101 (5-7dd.d)","slug":"supplier_stock_location","quantity":"108"},{"id":1934,"name":"R\u012bgas veikal\u0101 (0-2d.d.)","slug":"local_stock_location","quantity":"0"}],"_links":{"self":[{"href":"https:\/\/vevorshop.lv\/lv\/wp-json\/wp\/v2\/product\/53186","targetHints":{"allow":["GET"]}}],"collection":[{"href":"https:\/\/vevorshop.lv\/lv\/wp-json\/wp\/v2\/product"}],"about":[{"href":"https:\/\/vevorshop.lv\/lv\/wp-json\/wp\/v2\/types\/product"}],"replies":[{"embeddable":true,"href":"https:\/\/vevorshop.lv\/lv\/wp-json\/wp\/v2\/comments?post=53186"}],"wp:featuredmedia":[{"embeddable":true,"href":"https:\/\/vevorshop.lv\/lv\/wp-json\/wp\/v2\/media\/331711"}],"wp:attachment":[{"href":"https:\/\/vevorshop.lv\/lv\/wp-json\/wp\/v2\/media?parent=53186"}],"wp:term":[{"taxonomy":"location","embeddable":true,"href":"https:\/\/vevorshop.lv\/lv\/wp-json\/wp\/v2\/location?post=53186"},{"taxonomy":"product_brand","embeddable":true,"href":"https:\/\/vevorshop.lv\/lv\/wp-json\/wp\/v2\/product_brand?post=53186"},{"taxonomy":"product_cat","embeddable":true,"href":"https:\/\/vevorshop.lv\/lv\/wp-json\/wp\/v2\/product_cat?post=53186"},{"taxonomy":"product_tag","embeddable":true,"href":"https:\/\/vevorshop.lv\/lv\/wp-json\/wp\/v2\/product_tag?post=53186"}],"curies":[{"name":"wp","href":"https:\/\/api.w.org\/{rel}","templated":true}]}}