{"id":53279,"date":"2024-11-19T23:15:36","date_gmt":"2024-11-19T23:15:36","guid":{"rendered":"http:\/\/vevorshop.edigo.lv\/Prece\/vevor-double-overshelf-stainless-steel-overshelf-2-tier-12x72-for-prep-table\/"},"modified":"2026-04-06T08:14:42","modified_gmt":"2026-04-06T05:14:42","slug":"vevor-double-overshelf-stainless-steel-overshelf-2-tier-12x72-for-prep-table","status":"publish","type":"product","link":"https:\/\/vevorshop.lv\/lv\/Prece\/vevor-dubultais-virsplaukts-nerusejosa-terauda-virsplaukts-2-limenu-12x72-sagatavosanas-galdam\/","title":{"rendered":"VEVOR Ner\u016bs\u0113jo\u0161\u0101 T\u0113rauda Dubult\u0101 Plaukta 30x183cm, Regul\u0113jams 2 L\u012bme\u0146u Darba Galda Plaukts Virtuvei, Restor\u0101niem, Darbn\u012bc\u0101m"},"content":{"rendered":"<div style=\"color: #fff!important; font-size: 16px; height: 24px; line-height: 24px; margin-top: -24px; \" class=\"product_original_name\">VEVOR Double Overshelf, Double Tier Stainless Steel Overshelf, 12 x 72 Inch Double Deck Overshelf, Height Adjustable Overshelf Prep Work Table for Kitchen, Restaurant and Workshop<\/div>\n<div style=\"color: #fff!important; font-size: 16px; height: 24px; line-height: 24px; margin-top: -24px; \" class=\"product_sku\">M4I4M3I1<\/div>\n<div style=\"color: #fff!important; font-size: 16px; height: 24px; line-height: 24px; margin-top: -24px; \" class=\"product_mpn\">CFBXGGZTSCSJ88VG4V0<\/div><div id=\"js-DM_at-goodDescRich\"><html><head><style>  body {    font-family: Arial;    line-height: 1.5;    color: #1c1c1c;    overflow-x: hidden;    margin: 0;    padding: 0;  }  .MsoNormal b {    font-weight: bolder;  }<\/style><style>  .container.small {    width: 970px;    margin: 0 auto;  }  .logo {    margin: 0 auto 0;  }  .logo img {    display: block;    margin: 0 auto;    max-width: 100%;  }  .logo .pc-banner {    display: block;    width: 1200px;    height: 247.4px;    margin: 0 auto;  }  .logo .pc-banner.small {    width: 970px;  }  .logo .pc-banner.small img {    height: auto!important;  }  .logo .m-banner {    display: none;  }  .ytvideo {    position: relative;    height: 546px;    width: 100%;    margin: 0 auto;  }  .ytvideo img {    width: 100%;    margin: 0 auto;  }  .ytvideo .play-btn {    width: 60px;    height: 42px;    position: absolute;    top: 50%;    left: 50%;    transform: translate(-50%, -50%);    background: url(\"data:image\/png;base64,iVBORw0KGgoAAAANSUhEUgAAAGQAAABGCAMAAAANWMFbAAAC+lBMVEUAAADBGB3kLCfBGB3kLCfcJC7BFx3KKSbiKybkLCbWJCPSIiLSIiLPICHAFx3kLCfgKSXNHiDZJiTIGx\/p4eHcjo7LHSDbJyTkLCbjKyfOHyHPIiL28fHJHB\/GGh7EGR7eKCXDGB3RISHlLSbBGB3AFxzGHB7DGB7BGB3hKybkKybAFx3lLCfAFxzDGR3hKibDGB7cJyTmz8\/elJTlwcHjurrUIyLlLSflLSfAFx3DGR7lLSfCFx3hKibhKibhKybjKybkLCblLSfbJSX49vbx7e3NNzjNMTLMJyjVIyLZf3\/ZQ0LaeHjx0tLgoqLkLCfCGB3HGx\/BGB3BFx3PICHCGB7WJCLOHyC\/Fxy\/Fx3lLCfQISHkLSe\/FxzbJiTBFx3FGx\/AGB7BFx3EGR7AGB3HHSDfKiXAFh3TISHYNzbhKibbJyTTIiL57e325+f039\/v2NjUV1fOHiHiqanfmprch4feKSXVIyPOICHmLibFGh\/mLSe\/Fx7XJCPeKSXXJSPNHyHaJyTGGh7lLCbmLCflLSjSIiLkLCbdKSXLHiC\/GB3KHh++Fh3lKyfoLiXcKCPkx8fYb2\/XaGfVXl3aU1LLHiDksbHgKibPICHbJyTfKSXbJyTCGB3KHSDiKybFGh7TIiL\/\/\/\/VIyPRISHIHB\/GGx\/HHB\/DGR7gKibdKCXLHiDZJiTMHiDNHyHYJSTOICHPICHWJCPcKCXXJSPjLCblLCf+\/f3NGR\/uLijzLynPGR\/IGB7WISHaIyLLGh7UAADxLynNAADRLzDbICLQAADIAAD3MCrUHSHXMTDpKSbLAADp5OTij4\/ejo\/VLy\/1LyngJSTcJCPQHx\/OHB7+\/PzaMS\/OLS\/vLijrLSjSAADaNTPwLyjkKSbNJCbYISHPHB\/KGB7WAAD7+vrn3d3aKynTKCjoLCfsKifRGh\/YAADq5+fhjo7QNDXXKCfmJyXt5+fTLzDLLi\/QKivYHRvMGBrQJCXLISPMExXLDxLaEAvkkI\/bOTfaFQ\/SCgpvLcnHAAAAmnRSTlMA+vv7+gT9Bvf9+8z8\/NSv\/Pr5+P7++vnQIBMP\/v38\/Pn348XDiCYf9OjbzcqxXVcx\/fz8+\/rj1r2poo1+fXFqX0orGP7+\/v7+\/fz8+\/r68uzn4trIxsG\/vri3p6GcmZSNbWVYUUZEPQv+\/f39+\/v7+\/v7+vr64tvV1NTTz87FtbSurqeblJKFg4B3bUY+NjL7+\/v7+\/v67t1cDo8JLQAABkRJREFUWMO0kz9rwkAYh0OIeJkum6YugUAhISCdKoj\/P4C7SMdS+gEKIhSKil10LSg4mzXkILdlEpxCpwTiWOLX6BujvQaEQuGeHLnL+\/64J+SIcKGYTYWnntpdLjrVdqvZmNdn0+EE40GtpuuWVS6Xx6N7YDSGpWXpeq02wHgynM7q80az1a52HpddtVcpsi1zFARBrdaxbhp9iUReTGmwA4KAAr7vx3EYejnCMI6hQYEgy0LQi4jUN0wL19vqFcUC9\/1dAKmEEFkWRYkh5oBejnxQJiSJPJ\/uKBp0Thszx9Mw8hMRIQjKsptCfuES9zr5WJY6vSFCIvE9fCMUmEM1A1kSXcYGxgVYsvI1IPKTZciSTI0us\/SMGG04gDzELDoFBwdcFJrF88dqgYMTiL6DILWYyfOWE8\/kIz38olCNlC03FK95+imxp6y4oUSvAnBjHHhKNtotSDqJzVFiK8c2SBqhZtsrTtgrLXwAyduxZHNE26eHUt5rtuM4WSmds3G+sUdWYo1L+XyxButoh5eKUHk5lByO3G1LqqCWVnfrv\/lyPtf\/4ps1cndNGIri8J1TJ0lx6dR\/oPjq1nbRwdp2dCk4CtIOLW3pVKRL6WZfS5vF2KkIQhpwSsjiYIgNCs1gEMGqiIq24NQX9NwoXFy8Ufrl3twTcg4fv8T9\/JBEySduj6Mjm4bMzYV7EEOxKjjoNDud7yY3Dy71Hq2oLmqfbNR723edH9PgMrNL2utoQ3VmaIDkiw\/4w51P06hlZsTZvkRrbVuSIs\/zwSOsycgzStQouoAkWQqioRT5XI7n2Z1wfVhoZmcAJLsoqjqpjbWCgpOAJXBwHK8PzWbNvoUZJND5wCnSkLAkZ1legx6vqQzjoiTahKlGUGLAiIIoABOHaNVw4sexZBym6\/HWlH5h3IC7yRbxtipcWxdTOkORKiNQAEkFf66x5S2oeRbroOlLgg0sSYkR0hRGEqJZ0jTPiQKatESdBckpWigxaapEH0lImHdWu9pUFF2XqMNM2Z4kped7IwEJw2qabwtrQqnpw6HyKkgcadKWsmpywwesDyIhYRpdzXddqegtGIJlXbAIUMOLkGxJUjRIkokwjUaX9d\/kK62ps\/tYUqZLIMkLTyBhsMZ3C5Z\/kDxOSCb\/DOs\/\/J0qcWSX\/2ipe56EgTCA4\/cB7NAYOsni4mZM1MUPAISoEwkDi4lhVBQ1cWQyIcwalw4EpqZN68JUSK7XC0kTlkLYii5uXSC8jT5ncCAS7mjCv0uHp\/3lueHEEAeQ\/\/VgmdN71\/2uCSA1Xr6DO6uI6sW56zqT2tp2PhgiRUAajV8CY2fkcz6WGNKMgLAt7tJAhD4YHMTeRxlALE6+43WqjSWi8ITxyJl8WrwWSNESQZZOqhDDntO3hJLsd5RtSpbJqdv3YrDJH3F7jL1R2O2aQkn2MyCyKYz0GPGIvSAMgBCrCEiJyKbBaYGwLW4uPRr0A0M4Ux5kUI7IBh+hMdiCEWNqhMZGyYMsOgNE58UQuEQeUnSWCMYwL54hkxK6IoqucQZbQ3pc3XtL0lky1dL0zZJJDpWJovFqpWj6JEHnyam2eQp5QRVAVHjWparTOaVwUOx99YS2MvgxIGV0bb+qIg2HX2qkFFJB+XZcbLiuRkuxD9GRroKyveLxdh4d7Orx+hb7qc3uVRuEogCOnyIxm4ubUoPgF4jianDrC+SDQDKEfJb0GUKmjCGPYHGJvVC6X4hw1\/sAfQAdfYyephIaspXe36RwOP+Ljvfx9B6B3i+Nk0DGq+oCbLn6JpBa9nWAveAIHwFAwtVcIJXPMPL8kRu5OAYPMaL1WScTxjiZDqB9LTJSWphow\/pTYKRTLjCBhvi9iBidvKcDasGSm0QQkycYuLBqj6QCELPctqChDWpTRMWkngNNpQ1Pfp1KkiT\/Y0DGffXAweUNfLAfaJFKDwhb6I+bkYRbkERoEeu3Fyjg2opMz2daZCS9jt6Q7txNfB+OZEVF6Zl5web2xunnLQrtrjXseXKaFYziYINeMFZVxS9VxRhOoesYwxPKXm+gWLG9cuFeq93UNNeJNsf1KlwuDok9n02n3TgIJpOxNfL9naIoQwXtfH9kjceTIIi709ncTg6LZbg+biLH1V6u\/7rxBem06VXKn9raAAAAAElFTkSuQmCC\")      no-repeat center center \/ contain;  }  @media screen and (max-width: 960px) and (orientation: portrait) {    .logo {      width: 100%;    }    .logo .pc-banner {      display: none;    }    .logo .m-banner {      display: block;      width: 100%;    }    .logo .m-banner img {      height: auto!important;    }    .ytvideo {      height: 200px;      width: 100%;    }  }<\/style><style>  .video-section {    width: 100%;    margin: 0 auto;  }  .video-section > img {    width: 100%;  }  .video-section iframe,  .video-section video {    width: 100%;    height: 100%;      }  .video-section-img-m,  .video-section-img-pc > img {    width: 100%;    height: auto;  }  .video-section-img-pc.small > img {    width: 970px;  }  .video-desc {    line-height: 1.5;    font-size: 20px;    font-weight: 400;    margin: 20px 0;    text-align: center;    color: #0f1111;    word-break: break-word;  }  @media screen and (max-width: 960px) and (orientation: portrait) {    .video-section {      width: 100%;    }    .video-section-pc,    .video-section-img-pc {      display: none;    }    .video-section-m,    .video-section-img-m {      display: block;    }    .video-desc {      font-size: 15px;    }  }  @media screen and (min-width: 960px) {    .video-section {      width: 100%;      margin: 0 auto;    }    .video-section-pc,    .video-section-img-pc {      display: block;    }    .video-section-m,    .video-section-img-m {      display: none;    }    .video-desc {      font-size: 20px;    }  }<\/style><style>  .section + .section {    margin-top: 35px;  }  .section-title {    text-align: center;    font-weight: bold;    color: #0d1111;    font-family: \"Arial\";    font-size: 32px;    margin: 15px 0;  }  .section-title:empty {    display: none;  }  .section-desc {    text-align: center;    font-weight: normal;    color: #0d1111;    margin-top: 20px;  }  .section-desc:empty {    display: none;  }  .section-img {    width: 1200px;    height: 492px;    margin: 0 auto;    display: block;  }  .section-img.small {    width: 970px;    height: auto;  }  .section-img.small > img {    height: auto;  }  .section-img > img {    width: 100%;    height: 100%;  }  .section-mobile-img {    display: none;    max-width: 100vw;    max-height: 75vw;    height: 450px;    margin: 0 auto;  }  .section-mobile-img > img {    width: 100%;    height: 100%;  }  @media screen and (max-width: 960px) and (orientation: portrait) {    .container {      width: 100%;    }    .container.small {      width: 100%;    }    .section-mobile-img {      display: block;    }    .section-img {      display: none;    }    .section-title {      font-size: 22px;      margin: 10px 0;    }    .section-desc {      margin-top: 10px;    }    .section + .section {      margin-top: 20px;    }  }<\/style><\/head><body><div class=\"container small\"><div class=\"logo\"><div class=\"pc-banner small\"><div><img decoding=\"async\" src=\"\/vevor\/vevor\/boutique-banner\/pc\/en-pc@1x.jpg\" style=\"width: 100%;\" \/><\/div><\/div><div class=\"m-banner\"><div><img decoding=\"async\" src=\"\/vevor\/vevor\/boutique-banner\/mobile\/en-m@1x.jpg\" style=\"width: 100%;\" \/><\/div><\/div><\/div><div class=\"section-title\">VEVOR ner\u016bs\u0113jo\u0161\u0101 t\u0113rauda darba galdi ar stil\u012bgu dizainu<\/div><div class=\"video-section\"><div class=\"video-section-img-pc small\"><img decoding=\"async\" src=\"\/vevor\/product\/CFBXGGZTSCSJ88VG4\/ner\u016bs\u0113jo\u0161\u0101 t\u0113rauda darba galds-a100-1.4-pt.jpg\" alt=\"VEVOR double overshelf for kitchen storage with utensils, spices, and appliances in a commercial kitchen.\" \/><\/div><div class=\"video-section-img-m\"><img decoding=\"async\" src=\"\/vevor\/product\/CFBXGGZTSCSJ88VG4\/ner\u016bs\u0113jo\u0161\u0101 t\u0113rauda darba galds-a100-1.4-pt.jpg\" alt=\"VEVOR double overshelf for kitchen storage with utensils, spices, and appliances in a commercial kitchen.\" \/><\/div><div class=\"section-desc\">Vai dibina tirdzniec\u012bbas virtuves, m\u0101jas renov\u0101ciju, vai j\u016bsu ultimate home gar\u0101\u017ea, m\u0113s pied\u0101v\u0101jam profesion\u0101l\u0101s kvalit\u0101tes ner\u016bs\u0113jo\u0161\u0101 t\u0113rauda darba galds paredz\u0113ts ilgsto\u0161u veiktsp\u0113ju un uzticam\u012bbu.<\/div><\/div><div class=\"section\"><div class=\"section-title\"><\/div><div class=\"section-img small\"><img decoding=\"async\" src=\"\/vevor\/product\/CFBXGGZTSCSJ88VG4\/stainless-steel-work-table-a100-2.2-pt.jpg\" alt=\"VEVOR dubultais virsplaukts, ner\u016bs\u0113jo\u0161\u0101 t\u0113rauda darbagalds ar virtuves ier\u012bc\u0113m un p\u0101rtikas prec\u0113m, NSF sertific\u0113ts.\" \/><\/div><div class=\"section-mobile-img\"><img decoding=\"async\" src=\"\/vevor\/product\/CFBXGGZTSCSJ88VG4\/stainless-steel-work-table-a100-2.2-pt.jpg\" alt=\"VEVOR dubultais virsplaukts, ner\u016bs\u0113jo\u0161\u0101 t\u0113rauda darbagalds ar virtuves ier\u012bc\u0113m un p\u0101rtikas prec\u0113m, NSF sertific\u0113ts.\" \/><\/div><div class=\"section-desc\">Izgatavots no SUS201 ner\u016bs\u0113jo\u0161\u0101 t\u0113rauda, uz galda, plauktos, un k\u0101jas, m\u016bsu darba galda lepojas ar izcilu r\u016bsas iztur\u012bba un pievilc\u012bg\u0101ku apdare, sal\u012bdzinot ar konkurentiem, izmantojot 430 ner\u016bs\u0113jo\u0161\u0101 t\u0113rauda vai cinkota materi\u0101lus. Sertific\u0113ts NSF, \u0161\u012bs tabulas atbilst stingriem sabiedr\u012bbas vesel\u012bbas aizsardz\u012bbas standartiem.<\/div><\/div><div class=\"section\"><div class=\"section-title\"><\/div><div class=\"section-img small\"><img decoding=\"async\" src=\"\/vevor\/product\/CFBXGGZTSCSJ88VG4\/stainless-steel-work-table-a100-2.3-pt.jpg\" alt=\"VEVOR dubultais virsplaukts ar regul\u0113jamiem divu sl\u0101\u0146u plauktiem \u0113rtai priek\u0161metu sakrau\u0161anai darbn\u012bcas vid\u0113.\" \/><\/div><div class=\"section-mobile-img\"><img decoding=\"async\" src=\"\/vevor\/product\/CFBXGGZTSCSJ88VG4\/stainless-steel-work-table-a100-2.3-pt.jpg\" alt=\"VEVOR dubultais virsplaukts ar regul\u0113jamiem divu sl\u0101\u0146u plauktiem \u0113rtai priek\u0161metu sakrau\u0161anai darbn\u012bcas vid\u0113.\" \/><\/div><div class=\"section-desc\">Regul\u0113jami plaukti pied\u0101v\u0101 visvair\u0101k lietot\u0101jam draudz\u012bgs un praktiskas funkcijas. Vienk\u0101r\u0161i regul\u0113t plaukta augstumu, ar skr\u016bv\u0113m, lai piel\u0101gotu izm\u0113ru vienumus, kas jums ir nepiecie\u0161ams, lai saglab\u0101tu.<\/div><\/div><div class=\"section\"><div class=\"section-title\"><\/div><div class=\"section-img small\"><img decoding=\"async\" src=\"\/vevor\/product\/CFBXGGZTSCSJ88VG4\/stainless-steel-work-table-a100-2.4-pt.jpg\" alt=\"Vienk\u0101r\u0161a VEVOR dubult\u0101 virsplaukta uzst\u0101d\u012b\u0161anas rokasgr\u0101mata ar so\u013ciem k\u0101ju, apak\u0161plaukta uzst\u0101d\u012b\u0161anai un augstuma regul\u0113\u0161anai.\" \/><\/div><div class=\"section-mobile-img\"><img decoding=\"async\" src=\"\/vevor\/product\/CFBXGGZTSCSJ88VG4\/stainless-steel-work-table-a100-2.4-pt.jpg\" alt=\"Vienk\u0101r\u0161a VEVOR dubult\u0101 virsplaukta uzst\u0101d\u012b\u0161anas rokasgr\u0101mata ar so\u013ciem k\u0101ju, apak\u0161plaukta uzst\u0101d\u012b\u0161anai un augstuma regul\u0113\u0161anai.\" \/><\/div><div class=\"section-desc\">Vienk\u0101r\u0161a strukt\u016bra darba galda padara uzst\u0101d\u012b\u0161anu viegli. Izpildiet instrukcijas, rokasgr\u0101matas par \u0101tru mont\u0101\u017eu.<\/div><\/div><div class=\"section\"><div class=\"section-title\"><\/div><div class=\"section-img small\"><img decoding=\"async\" src=\"\/vevor\/product\/CFBXGGZTSCSJ88VG4\/stainless-steel-work-table-a100-2.5-pt.jpg\" alt=\"VEVOR dubultais virsplaukts virtuv\u0113s un uzglab\u0101\u0161anas viet\u0101s, kas veicina telpas optimiz\u0101ciju un pla\u0161u pielietojumu.\" \/><\/div><div class=\"section-mobile-img\"><img decoding=\"async\" src=\"\/vevor\/product\/CFBXGGZTSCSJ88VG4\/stainless-steel-work-table-a100-2.5-pt.jpg\" alt=\"VEVOR dubultais virsplaukts virtuv\u0113s un uzglab\u0101\u0161anas viet\u0101s, kas veicina telpas optimiz\u0101ciju un pla\u0161u pielietojumu.\" \/><\/div><div class=\"section-desc\">Vieta ir j\u016bsu virtuv\u0113, gar\u0101\u017e\u0101, darbn\u012bc\u0101, b\u0101rs, restor\u0101ns, ve\u013cas telpa, skolu, slimn\u012bcu, noliktavu, vai jebkuru citu tirdzniec\u012bbas vidi, k\u0101 perfektu remontu vai darba galda.<\/div><\/div><div class=\"section\"><div class=\"section-img small\"><img decoding=\"async\" src=\"\/vevor\/product\/CFBXGGZTSCSJ88VG4\/stainless-steel-work-table-a100-1.11-pt.jpg\" alt=\"VEVOR dubultais virsplaukts, 72 x 12 x 23,6 collas, lj1830 modelis, svars 25,3 m\u0101rci\u0146as, izm\u0113ri att\u0113l\u0101.\" \/><\/div><div class=\"section-mobile-img\"><img decoding=\"async\" src=\"\/vevor\/product\/CFBXGGZTSCSJ88VG4\/stainless-steel-work-table-a100-1.11-pt.jpg\" alt=\"VEVOR dubultais virsplaukts, 72 x 12 x 23,6 collas, lj1830 modelis, svars 25,3 m\u0101rci\u0146as, izm\u0113ri att\u0113l\u0101.\" \/><\/div><\/div><\/div><\/body><\/html><\/div>\n<div class=\"DM_at-title\" id=\"js-DM_at-title\"> <div>Produkta specifik\u0101cija<\/div> <i class=\"icon-arrowup_line\"><\/i> <\/div><div class=\"DM_at-goodsDescAttr\" id=\"js-DM_at-goodsDescAttr\"> <div class=\"DM_at-goodsDescAttrInner\"> <dl class=\"goodsDesc_item goodsDesc_item_even\"> <dt>Preces Mode\u013ca Numurs<\/dt> <dd> LJ1830*300<\/dd> <\/dl> <dl class=\"goodsDesc_item\"> <dt>Materi\u0101ls<\/dt> <dd> Ner\u016bs\u0113jo\u0161\u0101 T\u0113rauda<\/dd> <\/dl> <dl class=\"goodsDesc_item goodsDesc_item_even\"> <dt>Produkta Svars<\/dt> <dd> 26 m\u0101rci\u0146as \/ 11,85 kg<\/dd> <\/dl> <dl class=\"goodsDesc_item\"> <dt>Fiks\u0113ts pamatnes un aug\u0161\u0113j\u0101s virsmas izm\u0113rs<\/dt> <dd> 12 x 72 x 24 collas \/ 305 x 1829 x 600 mm<\/dd> <\/dl> <dl class=\"goodsDesc_item goodsDesc_item_even\"> <dt>Maksim\u0101lais kop\u0113jais izm\u0113rs<\/dt> <dd> 12 x 72 x 25 collas \/ 305 x 1829 x 640 mm<\/dd> <\/dl> <\/div> <\/div>","protected":false},"excerpt":{"rendered":"<ul>\n<li> UZMAN\u012aBU: J\u016bsu dro\u0161\u012bbai mont\u0101\u017eas laik\u0101 ir nepiecie\u0161ams valk\u0101t cimdus. <\/li>\n<li> Augstas kvalit\u0101tes ner\u016bs\u0113jo\u0161ais t\u0113rauds: \u0160is darba galds ar fiks\u0113tu pamatni un aug\u0161\u0113jo virsmu, izm\u0113ri: 12 x 72 x 24 collas, maksim\u0101lais kop\u0113jais izm\u0113rs: 12 x 72 x 25 collas, ir izgatavots no SUS201 ner\u016bs\u0113jo\u0161\u0101 t\u0113rauda galda virsmai, plauktiem un k\u0101j\u0101m. Tas pied\u0101v\u0101 izcilu iztur\u012bbu pret r\u016bsu, gludu izskatu un gludu virsmu, ko ir viegli t\u012br\u012bt ar vienk\u0101r\u0161u noslauc\u012b\u0161anu. NSF sertific\u0113ts, tas atbilst stingriem sabiedr\u012bbas vesel\u012bbas standartiem, nodro\u0161inot ilgsto\u0161u aizsardz\u012bbu j\u016bsu vesel\u012bbai. <\/li>\n<li> Stabils un iztur\u012bgs: Ar uzlabotu 0,8 mm biezumu \u0161is galds ir iztur\u012bgs un ilgm\u016b\u017e\u012bgs, nodro\u0161inot pla\u0161u uzglab\u0101\u0161anas vietu j\u016bsu piederumiem un \u013caujot \u0113rti sakraut iecien\u012bt\u0101k\u0101s sast\u0101vda\u013cas. <\/li>\n<li> Lietot\u0101jam draudz\u012bgs dizains: \u0160is regul\u0113jamais divsl\u0101\u0146u darba galds pied\u0101v\u0101 vislietot\u0101jam draudz\u012bg\u0101ko un praktisk\u0101ko funkcionalit\u0101ti. Vienk\u0101r\u0161i noregul\u0113jiet plaukta augstumu ar skr\u016bv\u0113m, lai piel\u0101gotos da\u017e\u0101da izm\u0113ra priek\u0161metiem. <\/li>\n<li> Univers\u0101ls Pielietojums: P\u0113c uzglab\u0101\u0161anas, m\u016bsu tabulu var izmantot, lai kap\u0101\u0161anas d\u0101rze\u0146i, m\u012bklas m\u012bc\u012b\u0161ana, grie\u0161ana, ga\u013cas un citu virtuves saist\u012btus uzdevumus. Tas ir ide\u0101li piem\u0113rots lieto\u0161anai b\u0101ros, restor\u0101nos, viesn\u012bcas, bufete, \u0113din\u0101\u0161ana, pas\u0101kumi, skolas pas\u0101kumos vai biroja p\u0101rtraukuma numuri. <\/li>\n<\/ul>","protected":false},"featured_media":332407,"comment_status":"closed","ping_status":"open","template":"","meta":{"om_disable_all_campaigns":false,"_monsterinsights_skip_tracking":false,"_monsterinsights_sitenote_active":false,"_monsterinsights_sitenote_note":"","_monsterinsights_sitenote_category":0,"_uf_show_specific_survey":0,"_uf_disable_surveys":false},"location":[1935,1934],"product_brand":[21],"product_cat":[2727,2729,2530,2726,2728],"product_tag":[],"class_list":{"0":"post-53279","1":"product","2":"type-product","3":"status-publish","4":"has-post-thumbnail","6":"location-supplier_stock_location","7":"location-local_stock_location","8":"product_brand-vevor","9":"product_cat-carts-utility-tables","10":"product_cat-commercial-worktables","11":"product_cat-furniture-2","12":"product_cat-kitchen-dining-room-furniture","13":"product_cat-kitchen-prep-tables","15":"first","16":"instock","17":"taxable","18":"shipping-taxable","19":"purchasable","20":"product-type-simple"},"aioseo_notices":[],"jetpack_sharing_enabled":true,"locations":[{"id":1935,"name":"Pieg\u0101d\u0101t\u0101ja noliktav\u0101 (5-7d.d.)","slug":"supplier_stock_location","quantity":"1"},{"id":1934,"name":"R\u012bgas veikal\u0101 (0-2d.d.)","slug":"local_stock_location","quantity":"0"}],"_links":{"self":[{"href":"https:\/\/vevorshop.lv\/lv\/wp-json\/wp\/v2\/product\/53279","targetHints":{"allow":["GET"]}}],"collection":[{"href":"https:\/\/vevorshop.lv\/lv\/wp-json\/wp\/v2\/product"}],"about":[{"href":"https:\/\/vevorshop.lv\/lv\/wp-json\/wp\/v2\/types\/product"}],"replies":[{"embeddable":true,"href":"https:\/\/vevorshop.lv\/lv\/wp-json\/wp\/v2\/comments?post=53279"}],"wp:featuredmedia":[{"embeddable":true,"href":"https:\/\/vevorshop.lv\/lv\/wp-json\/wp\/v2\/media\/332407"}],"wp:attachment":[{"href":"https:\/\/vevorshop.lv\/lv\/wp-json\/wp\/v2\/media?parent=53279"}],"wp:term":[{"taxonomy":"location","embeddable":true,"href":"https:\/\/vevorshop.lv\/lv\/wp-json\/wp\/v2\/location?post=53279"},{"taxonomy":"product_brand","embeddable":true,"href":"https:\/\/vevorshop.lv\/lv\/wp-json\/wp\/v2\/product_brand?post=53279"},{"taxonomy":"product_cat","embeddable":true,"href":"https:\/\/vevorshop.lv\/lv\/wp-json\/wp\/v2\/product_cat?post=53279"},{"taxonomy":"product_tag","embeddable":true,"href":"https:\/\/vevorshop.lv\/lv\/wp-json\/wp\/v2\/product_tag?post=53279"}],"curies":[{"name":"wp","href":"https:\/\/api.w.org\/{rel}","templated":true}]}}