{"id":53313,"date":"2024-11-19T23:19:46","date_gmt":"2024-11-19T23:19:46","guid":{"rendered":"http:\/\/vevorshop.edigo.lv\/Prece\/vevor-9u-4-post-open-frame-server-rack-network-enclosure-23-40-adjustable\/"},"modified":"2026-04-20T01:04:42","modified_gmt":"2026-04-19T22:04:42","slug":"vevor-9u-4-post-open-frame-server-rack-network-enclosure-23-40-adjustable","status":"publish","type":"product","link":"https:\/\/vevorshop.lv\/lv\/Prece\/vevor-9u-4-post-atverta-ramja-serveru-plaukta-tikla-kamera-23-40-regulejama\/","title":{"rendered":"VEVOR 9U 4-stabu regul\u0113jams atv\u0113rts servera stat\u012bvs, 58.4\u2013101.6 cm dzi\u013cums, oglek\u013ca t\u0113rauds, 136\/91 kg slodze, ar rite\u0146iem un piederumiem"},"content":{"rendered":"<div style=\"color: #fff!important; font-size: 16px; height: 24px; line-height: 24px; margin-top: -24px; \" class=\"product_original_name\">VEVOR 9U 4 Post Open Frame Server Rack t\u012bkla korpuss 58.4-101.6 cm Regul\u0113jams dzi\u013cums<\/div>\n<div style=\"color: #fff!important; font-size: 16px; height: 24px; line-height: 24px; margin-top: -24px; \" class=\"product_sku\">M4I4M3N5<\/div>\n<div style=\"color: #fff!important; font-size: 16px; height: 24px; line-height: 24px; margin-top: -24px; \" class=\"product_mpn\">KFSJJHS9UJL25B27FV0<\/div><div id=\"js-DM_at-goodDescRich\"><html><head><style>  body {    font-family: Arial;    line-height: 1.5;    color: #1c1c1c;    overflow-x: hidden;    margin: 0;    padding: 0;  }  .MsoNormal b {    font-weight: bolder;  }<\/style><style>  .container.small {    width: 970px;    margin: 0 auto;  }  .logo {    margin: 0 auto 0;  }  .logo img {    display: block;    margin: 0 auto;    max-width: 100%;  }  .logo .pc-banner {    display: block;    width: 1200px;    height: 247.4px;    margin: 0 auto;  }  .logo .pc-banner.small {    width: 970px;  }  .logo .pc-banner.small img {    height: auto!important;  }  .logo .m-banner {    display: none;  }  .ytvideo {    position: relative;    height: 546px;    width: 100%;    margin: 0 auto;  }  .ytvideo img {    width: 100%;    margin: 0 auto;  }  .ytvideo .play-btn {    width: 60px;    height: 42px;    position: absolute;    top: 50%;    left: 50%;    transform: translate(-50%, -50%);    background: url(\"data:image\/png;base64,iVBORw0KGgoAAAANSUhEUgAAAGQAAABGCAMAAAANWMFbAAAC+lBMVEUAAADBGB3kLCfBGB3kLCfcJC7BFx3KKSbiKybkLCbWJCPSIiLSIiLPICHAFx3kLCfgKSXNHiDZJiTIGx\/p4eHcjo7LHSDbJyTkLCbjKyfOHyHPIiL28fHJHB\/GGh7EGR7eKCXDGB3RISHlLSbBGB3AFxzGHB7DGB7BGB3hKybkKybAFx3lLCfAFxzDGR3hKibDGB7cJyTmz8\/elJTlwcHjurrUIyLlLSflLSfAFx3DGR7lLSfCFx3hKibhKibhKybjKybkLCblLSfbJSX49vbx7e3NNzjNMTLMJyjVIyLZf3\/ZQ0LaeHjx0tLgoqLkLCfCGB3HGx\/BGB3BFx3PICHCGB7WJCLOHyC\/Fxy\/Fx3lLCfQISHkLSe\/FxzbJiTBFx3FGx\/AGB7BFx3EGR7AGB3HHSDfKiXAFh3TISHYNzbhKibbJyTTIiL57e325+f039\/v2NjUV1fOHiHiqanfmprch4feKSXVIyPOICHmLibFGh\/mLSe\/Fx7XJCPeKSXXJSPNHyHaJyTGGh7lLCbmLCflLSjSIiLkLCbdKSXLHiC\/GB3KHh++Fh3lKyfoLiXcKCPkx8fYb2\/XaGfVXl3aU1LLHiDksbHgKibPICHbJyTfKSXbJyTCGB3KHSDiKybFGh7TIiL\/\/\/\/VIyPRISHIHB\/GGx\/HHB\/DGR7gKibdKCXLHiDZJiTMHiDNHyHYJSTOICHPICHWJCPcKCXXJSPjLCblLCf+\/f3NGR\/uLijzLynPGR\/IGB7WISHaIyLLGh7UAADxLynNAADRLzDbICLQAADIAAD3MCrUHSHXMTDpKSbLAADp5OTij4\/ejo\/VLy\/1LyngJSTcJCPQHx\/OHB7+\/PzaMS\/OLS\/vLijrLSjSAADaNTPwLyjkKSbNJCbYISHPHB\/KGB7WAAD7+vrn3d3aKynTKCjoLCfsKifRGh\/YAADq5+fhjo7QNDXXKCfmJyXt5+fTLzDLLi\/QKivYHRvMGBrQJCXLISPMExXLDxLaEAvkkI\/bOTfaFQ\/SCgpvLcnHAAAAmnRSTlMA+vv7+gT9Bvf9+8z8\/NSv\/Pr5+P7++vnQIBMP\/v38\/Pn348XDiCYf9OjbzcqxXVcx\/fz8+\/rj1r2poo1+fXFqX0orGP7+\/v7+\/fz8+\/r68uzn4trIxsG\/vri3p6GcmZSNbWVYUUZEPQv+\/f39+\/v7+\/v7+vr64tvV1NTTz87FtbSurqeblJKFg4B3bUY+NjL7+\/v7+\/v67t1cDo8JLQAABkRJREFUWMO0kz9rwkAYh0OIeJkum6YugUAhISCdKoj\/P4C7SMdS+gEKIhSKil10LSg4mzXkILdlEpxCpwTiWOLX6BujvQaEQuGeHLnL+\/64J+SIcKGYTYWnntpdLjrVdqvZmNdn0+EE40GtpuuWVS6Xx6N7YDSGpWXpeq02wHgynM7q80az1a52HpddtVcpsi1zFARBrdaxbhp9iUReTGmwA4KAAr7vx3EYejnCMI6hQYEgy0LQi4jUN0wL19vqFcUC9\/1dAKmEEFkWRYkh5oBejnxQJiSJPJ\/uKBp0Thszx9Mw8hMRIQjKsptCfuES9zr5WJY6vSFCIvE9fCMUmEM1A1kSXcYGxgVYsvI1IPKTZciSTI0us\/SMGG04gDzELDoFBwdcFJrF88dqgYMTiL6DILWYyfOWE8\/kIz38olCNlC03FK95+imxp6y4oUSvAnBjHHhKNtotSDqJzVFiK8c2SBqhZtsrTtgrLXwAyduxZHNE26eHUt5rtuM4WSmds3G+sUdWYo1L+XyxButoh5eKUHk5lByO3G1LqqCWVnfrv\/lyPtf\/4ps1cndNGIri8J1TJ0lx6dR\/oPjq1nbRwdp2dCk4CtIOLW3pVKRL6WZfS5vF2KkIQhpwSsjiYIgNCs1gEMGqiIq24NQX9NwoXFy8Ufrl3twTcg4fv8T9\/JBEySduj6Mjm4bMzYV7EEOxKjjoNDud7yY3Dy71Hq2oLmqfbNR723edH9PgMrNL2utoQ3VmaIDkiw\/4w51P06hlZsTZvkRrbVuSIs\/zwSOsycgzStQouoAkWQqioRT5XI7n2Z1wfVhoZmcAJLsoqjqpjbWCgpOAJXBwHK8PzWbNvoUZJND5wCnSkLAkZ1legx6vqQzjoiTahKlGUGLAiIIoABOHaNVw4sexZBym6\/HWlH5h3IC7yRbxtipcWxdTOkORKiNQAEkFf66x5S2oeRbroOlLgg0sSYkR0hRGEqJZ0jTPiQKatESdBckpWigxaapEH0lImHdWu9pUFF2XqMNM2Z4kped7IwEJw2qabwtrQqnpw6HyKkgcadKWsmpywwesDyIhYRpdzXddqegtGIJlXbAIUMOLkGxJUjRIkokwjUaX9d\/kK62ps\/tYUqZLIMkLTyBhsMZ3C5Z\/kDxOSCb\/DOs\/\/J0qcWSX\/2ipe56EgTCA4\/cB7NAYOsni4mZM1MUPAISoEwkDi4lhVBQ1cWQyIcwalw4EpqZN68JUSK7XC0kTlkLYii5uXSC8jT5ncCAS7mjCv0uHp\/3lueHEEAeQ\/\/VgmdN71\/2uCSA1Xr6DO6uI6sW56zqT2tp2PhgiRUAajV8CY2fkcz6WGNKMgLAt7tJAhD4YHMTeRxlALE6+43WqjSWi8ITxyJl8WrwWSNESQZZOqhDDntO3hJLsd5RtSpbJqdv3YrDJH3F7jL1R2O2aQkn2MyCyKYz0GPGIvSAMgBCrCEiJyKbBaYGwLW4uPRr0A0M4Ux5kUI7IBh+hMdiCEWNqhMZGyYMsOgNE58UQuEQeUnSWCMYwL54hkxK6IoqucQZbQ3pc3XtL0lky1dL0zZJJDpWJovFqpWj6JEHnyam2eQp5QRVAVHjWparTOaVwUOx99YS2MvgxIGV0bb+qIg2HX2qkFFJB+XZcbLiuRkuxD9GRroKyveLxdh4d7Orx+hb7qc3uVRuEogCOnyIxm4ubUoPgF4jianDrC+SDQDKEfJb0GUKmjCGPYHGJvVC6X4hw1\/sAfQAdfYyephIaspXe36RwOP+Ljvfx9B6B3i+Nk0DGq+oCbLn6JpBa9nWAveAIHwFAwtVcIJXPMPL8kRu5OAYPMaL1WScTxjiZDqB9LTJSWphow\/pTYKRTLjCBhvi9iBidvKcDasGSm0QQkycYuLBqj6QCELPctqChDWpTRMWkngNNpQ1Pfp1KkiT\/Y0DGffXAweUNfLAfaJFKDwhb6I+bkYRbkERoEeu3Fyjg2opMz2daZCS9jt6Q7txNfB+OZEVF6Zl5web2xunnLQrtrjXseXKaFYziYINeMFZVxS9VxRhOoesYwxPKXm+gWLG9cuFeq93UNNeJNsf1KlwuDok9n02n3TgIJpOxNfL9naIoQwXtfH9kjceTIIi709ncTg6LZbg+biLH1V6u\/7rxBem06VXKn9raAAAAAElFTkSuQmCC\")      no-repeat center center \/ contain;  }  @media screen and (max-width: 960px) and (orientation: portrait) {    .logo {      width: 100%;    }    .logo .pc-banner {      display: none;    }    .logo .m-banner {      display: block;      width: 100%;    }    .logo .m-banner img {      height: auto!important;    }    .ytvideo {      height: 200px;      width: 100%;    }  }<\/style><style>  .video-section {    width: 100%;    margin: 0 auto;  }  .video-section > img {    width: 100%;  }  .video-section iframe,  .video-section video {    width: 100%;    height: 100%;      }  .video-section-img-m,  .video-section-img-pc > img {    width: 100%;    height: auto;  }  .video-section-img-pc.small > img {    width: 970px;  }  .video-desc {    line-height: 1.5;    font-size: 20px;    font-weight: 400;    margin: 20px 0;    text-align: center;    color: #0f1111;    word-break: break-word;  }  @media screen and (max-width: 960px) and (orientation: portrait) {    .video-section {      width: 100%;    }    .video-section-pc,    .video-section-img-pc {      display: none;    }    .video-section-m,    .video-section-img-m {      display: block;    }    .video-desc {      font-size: 15px;    }  }  @media screen and (min-width: 960px) {    .video-section {      width: 100%;      margin: 0 auto;    }    .video-section-pc,    .video-section-img-pc {      display: block;    }    .video-section-m,    .video-section-img-m {      display: none;    }    .video-desc {      font-size: 20px;    }  }<\/style><style>  .section + .section {    margin-top: 35px;  }  .section-title {    text-align: center;    font-weight: bold;    color: #0d1111;    font-family: \"Arial\";    font-size: 32px;    margin: 15px 0;  }  .section-title:empty {    display: none;  }  .section-desc {    text-align: center;    font-weight: normal;    color: #0d1111;    margin-top: 20px;  }  .section-desc:empty {    display: none;  }  .section-img {    width: 1200px;    height: 492px;    margin: 0 auto;    display: block;  }  .section-img.small {    width: 970px;    height: auto;  }  .section-img.small > img {    height: auto;  }  .section-img > img {    width: 100%;    height: 100%;  }  .section-mobile-img {    display: none;    max-width: 100vw;    max-height: 75vw;    height: 450px;    margin: 0 auto;  }  .section-mobile-img > img {    width: 100%;    height: 100%;  }  @media screen and (max-width: 960px) and (orientation: portrait) {    .container {      width: 100%;    }    .container.small {      width: 100%;    }    .section-mobile-img {      display: block;    }    .section-img {      display: none;    }    .section-title {      font-size: 22px;      margin: 10px 0;    }    .section-desc {      margin-top: 10px;    }    .section + .section {      margin-top: 20px;    }  }<\/style><\/head><body><div class=\"container small\"><div class=\"logo\"><div class=\"pc-banner small\"><div><img decoding=\"async\" src=\"\/vevor\/vevor\/boutique-banner\/pc\/en-pc@1x.jpg\" style=\"width: 100%;\" \/><\/div><\/div><div class=\"m-banner\"><div><img decoding=\"async\" src=\"\/vevor\/vevor\/boutique-banner\/mobile\/en-m@1x.jpg\" style=\"width: 100%;\" \/><\/div><\/div><\/div><div class=\"section-title\">9U Open Frame Server Rack<\/div><div class=\"video-section\"><div class=\"video-section-img-pc small\"><img decoding=\"async\" src=\"\/vevor\/product\/KFSJJHS9UJL25B27F\/server-rack-a100-1.4-pt.jpg\" \/><\/div><div class=\"video-section-img-m\"><img decoding=\"async\" src=\"\/vevor\/product\/KFSJJHS9UJL25B27F\/server-rack-a100-1.4-pt.jpg\" \/><\/div><div class=\"section-desc\">M\u016bsu atv\u0113rt\u0101 r\u0101mja plaukts piel\u0101gojas no 23 \"l\u012bdz 40\" dzi\u013cum\u0101 un var b\u016bt sienas stiprin\u0101jums vai br\u012bvi st\u0101vo\u0161s Izbaudiet lielisku ventil\u0101ciju, vieglu kabe\u013cu p\u0101rvald\u012bbu un maksim\u0101lu telpas izmanto\u0161anu Ar rito\u0161iem ritenti\u0146iem j\u016bsu plaukta p\u0101rvieto\u0161ana ir v\u0113sma Ide\u0101li piem\u0113rots mazumtirdzniec\u012bbas viet\u0101m, birojiem un jebkurai telpai ar ierobe\u017eotu vietu.<\/div><\/div><div class=\"section\"><div class=\"section-title\"><\/div><div class=\"section-img small\"><img decoding=\"async\" src=\"\/vevor\/product\/KFSJJHS9UJL25B27F\/server-rack-a100-2.2-pt.jpg\" \/><\/div><div class=\"section-mobile-img\"><img decoding=\"async\" src=\"\/vevor\/product\/KFSJJHS9UJL25B27F\/server-rack-a100-2.2-pt.jpg\" \/><\/div><div class=\"section-desc\">Maksim\u0101li palieliniet savu apr\u012bkojuma izvietojumu ar sp\u0113c\u012bgu svara ietilp\u012bbu, kas viegli apstr\u0101d\u0101 lielas kravas.Izbaudiet neierobe\u017eotu vietu un uzticamu atbalstu vis\u0101m sav\u0101m ier\u012bc\u0113m!<\/div><\/div><div class=\"section\"><div class=\"section-title\"><\/div><div class=\"section-img small\"><img decoding=\"async\" src=\"\/vevor\/product\/KFSJJHS9UJL25B27F\/server-rack-a100-2.3-pt.jpg\" \/><\/div><div class=\"section-mobile-img\"><img decoding=\"async\" src=\"\/vevor\/product\/KFSJJHS9UJL25B27F\/server-rack-a100-2.3-pt.jpg\" \/><\/div><div class=\"section-desc\">Izgatavots no korozijiztur\u012bga, iztur\u012bga oglek\u013ca t\u0113rauda, \u0161is atv\u0113rt\u0101 r\u0101mja servera plaukts nodro\u0161ina nep\u0101rsp\u0113jamu stabilit\u0101ti. Tas stingri notur j\u016bsu apr\u012bkojumu viet\u0101, t\u0101p\u0113c jums nav j\u0101uztraucas par sv\u0101rst\u012bb\u0101m vai apg\u0101\u0161anos - pat intens\u012bvas lieto\u0161anas gad\u012bjum\u0101.<\/div><\/div><div class=\"section\"><div class=\"section-title\"><\/div><div class=\"section-img small\"><img decoding=\"async\" src=\"\/vevor\/product\/KFSJJHS9UJL25B27F\/server-rack-a100-2.4-pt.jpg\" \/><\/div><div class=\"section-mobile-img\"><img decoding=\"async\" src=\"\/vevor\/product\/KFSJJHS9UJL25B27F\/server-rack-a100-2.4-pt.jpg\" \/><\/div><div class=\"section-desc\">Funkcijas aug\u0161\u0113j\u0101 plaukta papildu uzglab\u0101\u0161anai un aizsardz\u012bbai j\u016bsu iek\u0101rtas, savuk\u0101rt rito\u0161\u0101 ritenti\u0146i padara to viegli p\u0101rvietot atv\u0113rtu r\u0101mja plaukts, kur jums ir nepiecie\u0161ams Pieredze piep\u016bles mobilit\u0101ti un papildu \u0113rt\u012bbas ar katru kust\u012bbu!<\/div><\/div><div class=\"section\"><div class=\"section-title\"><\/div><div class=\"section-img small\"><img decoding=\"async\" src=\"\/vevor\/product\/KFSJJHS9UJL25B27F\/server-rack-a100-2.5-pt.jpg\" \/><\/div><div class=\"section-mobile-img\"><img decoding=\"async\" src=\"\/vevor\/product\/KFSJJHS9UJL25B27F\/server-rack-a100-2.5-pt.jpg\" \/><\/div><div class=\"section-desc\">M\u016bsu av stat\u012bvs ir lieliski piem\u0113rots mazumtirdzniec\u012bbas videi, klas\u0113m, birojiem un jebkurai telpai, kur katra colla ir svar\u012bga. Palieliniet savu ierobe\u017eoto vietu, izmantojot \u0161o piel\u0101gojamo un praktisko risin\u0101jumu!<\/div><\/div><div class=\"section\"><div class=\"section-img small\"><img decoding=\"async\" src=\"\/vevor\/product\/KFSJJHS9UJL25B27F\/server-rack-a100-1.11-pt.jpg\" \/><\/div><div class=\"section-mobile-img\"><img decoding=\"async\" src=\"\/vevor\/product\/KFSJJHS9UJL25B27F\/server-rack-a100-1.11-pt.jpg\" \/><\/div><\/div><\/div><\/body><\/html><\/div>\n<div class=\"DM_at-title\" id=\"js-DM_at-title\"> <div>Produkta specifik\u0101cija<\/div> <i class=\"icon-arrowup_line\"><\/i> <\/div><div class=\"DM_at-goodsDescAttr\" id=\"js-DM_at-goodsDescAttr\"> <div class=\"DM_at-goodsDescAttrInner\"> <dl class=\"goodsDesc_item goodsDesc_item_even\"> <dt>Preces Mode\u013ca Numurs<\/dt> <dd> SPT-504-09<\/dd> <\/dl> <dl class=\"goodsDesc_item\"> <dt>Augstums<\/dt> <dd> 9U<\/dd> <\/dl> <dl class=\"goodsDesc_item goodsDesc_item_even\"> <dt>Regul\u0113jams Dzi\u013cums<\/dt> <dd> 23 \"l\u012bdz 40\"\/584,2 l\u012bdz 1016 mm<\/dd> <\/dl> <dl class=\"goodsDesc_item\"> <dt>Maks. slodzes nestsp\u0113ja<\/dt> <dd> 300 m\u0101rci\u0146as\/136,08 kg<\/dd> <\/dl> <dl class=\"goodsDesc_item goodsDesc_item_even\"> <dt>Neto Svars<\/dt> <dd> 31,2 m\u0101rci\u0146as\/14,15 kg<\/dd> <\/dl> <dl class=\"goodsDesc_item\"> <dt>Izm\u0113ri<\/dt> <dd> 20,1 x 23 x 22,1 collas\/510 x 585 x 560 mm<\/dd> <\/dl> <\/div> <\/div>","protected":false},"excerpt":{"rendered":"<ul>\n<li> Regul\u0113jams dzi\u013cums: Dzi\u013cums regul\u0113jams no 23\u2033 l\u012bdz 40\u2033, \u0161aj\u0101 atv\u0113rt\u0101 r\u0101mja serveru plaukt\u0101 ir iek\u013cauti serveri un t\u012bkla apr\u012bkojums, vienlaikus nodro\u0161inot pietiekami daudz vietas A\/V p\u0101rnesumiem un kabe\u013cu p\u0101rvald\u012bbai.Izbaudiet vieglu piek\u013cuvi portiem un ier\u012bc\u0113m no vair\u0101kiem le\u0146\u0137iem. <\/li>\n<li> Liela svara ietilp\u012bba: atbalsta l\u012bdz 300 m\u0101rci\u0146\u0101m uz gr\u012bdas (200 m\u0101rci\u0146as, ja noregul\u0113ts uz maksim\u0101lo dzi\u013cumu) un 200 m\u0101rci\u0146as, kad sienas uzst\u0101d\u012bts (dzi\u013cums nevar regul\u0113t sienas mont\u0101\u017eas re\u017e\u012bm\u0101).Izgatavots no oglek\u013ca t\u0113rauda, lai nodro\u0161in\u0101tu izcilu metin\u0101\u0161anas veiktsp\u0113ju un iztur\u012bbu, \u0161is atv\u0113rtais r\u0101mja plaukts ir paredz\u0113ts, lai ietaup\u012btu vietu, vienlaikus ievietojot vair\u0101kas ier\u012bces. <\/li>\n<li> Lietot\u0101jam draudz\u012bgs dizains: izstr\u0101d\u0101ts, \u0146emot v\u0113r\u0101 j\u016bsu \u0113rt\u012bbas, \u0161im atv\u0113rt\u0101 r\u0101mja servera plauktam ir aug\u0161\u0113jais plaukts papildu uzglab\u0101\u0161anai un uzlabotai telpas izmanto\u0161anai. Rito\u0161ie ritenti\u0146i \u013cauj to bez piep\u016bles p\u0101rvietot visur, kur tas ir nepiecie\u0161ams, padarot iestat\u012b\u0161anu un kust\u012bbu vieglu. <\/li>\n<li> Pla\u0161i piem\u0113rojams: maksim\u0101li palieliniet savu vietu, izmantojot \u0161o piel\u0101gojamo atv\u0113rt\u0101 r\u0101mja servera plauktu, kas paredz\u0113ts, lai maksim\u0101li izmantotu katru collu. Ide\u0101li piem\u0113rots mazumtirdzniec\u012bbas viet\u0101m, klas\u0113m, birojiem un jebkurai vietai, kur telpa ir augst\u0101k\u0101s kvalit\u0101tes, tas nodro\u0161ina praktiskus risin\u0101jumus j\u016bsu uzglab\u0101\u0161anas vajadz\u012bb\u0101m. <\/li>\n<li> Viss, kas jums nepiecie\u0161ams: m\u016bsu atv\u0113rt\u0101 r\u0101mja plaukts ir apr\u012bkots ar piln\u012bb\u0101 apr\u012bkotu piederumu komplektu \u0113rtai iestat\u012b\u0161anai un dro\u0161ai uzst\u0101d\u012b\u0161anai: 2 x papl\u0101tes, 4 x ritenti\u0146i, 1 x skr\u016bvju komplekts, 16 x M6*12 b\u016bra uzgrie\u017e\u0146i, 1 x zem\u0113juma vads, 1 x iek\u0161\u0113j\u0101s un \u0101r\u0113j\u0101s se\u0161st\u016bra atsl\u0113gas un 1 x lietot\u0101ja rokasgr\u0101mata. <\/li>\n<\/ul>","protected":false},"featured_media":332563,"comment_status":"closed","ping_status":"open","template":"","meta":{"om_disable_all_campaigns":false,"_monsterinsights_skip_tracking":false,"_monsterinsights_sitenote_active":false,"_monsterinsights_sitenote_note":"","_monsterinsights_sitenote_category":0,"_uf_show_specific_survey":0,"_uf_disable_surveys":false},"location":[1935,1934],"product_brand":[21],"product_cat":[34,2503,3946,3945,3944],"product_tag":[],"class_list":{"0":"post-53313","1":"product","2":"type-product","3":"status-publish","4":"has-post-thumbnail","6":"location-supplier_stock_location","7":"location-local_stock_location","8":"product_brand-vevor","9":"product_cat-electrical","10":"product_cat-electronics","11":"product_cat-network-enclosure","12":"product_cat-server-racks-cabinets","13":"product_cat-wifi-networking-devices","15":"first","16":"instock","17":"taxable","18":"shipping-taxable","19":"purchasable","20":"product-type-simple"},"aioseo_notices":[],"jetpack_sharing_enabled":true,"locations":[{"id":1935,"name":"Pieg\u0101d\u0101ja noliktav\u0101 (5-7dd.d)","slug":"supplier_stock_location","quantity":"143"},{"id":1934,"name":"R\u012bgas veikal\u0101 (0-2d.d.)","slug":"local_stock_location","quantity":"0"}],"_links":{"self":[{"href":"https:\/\/vevorshop.lv\/lv\/wp-json\/wp\/v2\/product\/53313","targetHints":{"allow":["GET"]}}],"collection":[{"href":"https:\/\/vevorshop.lv\/lv\/wp-json\/wp\/v2\/product"}],"about":[{"href":"https:\/\/vevorshop.lv\/lv\/wp-json\/wp\/v2\/types\/product"}],"replies":[{"embeddable":true,"href":"https:\/\/vevorshop.lv\/lv\/wp-json\/wp\/v2\/comments?post=53313"}],"wp:featuredmedia":[{"embeddable":true,"href":"https:\/\/vevorshop.lv\/lv\/wp-json\/wp\/v2\/media\/332563"}],"wp:attachment":[{"href":"https:\/\/vevorshop.lv\/lv\/wp-json\/wp\/v2\/media?parent=53313"}],"wp:term":[{"taxonomy":"location","embeddable":true,"href":"https:\/\/vevorshop.lv\/lv\/wp-json\/wp\/v2\/location?post=53313"},{"taxonomy":"product_brand","embeddable":true,"href":"https:\/\/vevorshop.lv\/lv\/wp-json\/wp\/v2\/product_brand?post=53313"},{"taxonomy":"product_cat","embeddable":true,"href":"https:\/\/vevorshop.lv\/lv\/wp-json\/wp\/v2\/product_cat?post=53313"},{"taxonomy":"product_tag","embeddable":true,"href":"https:\/\/vevorshop.lv\/lv\/wp-json\/wp\/v2\/product_tag?post=53313"}],"curies":[{"name":"wp","href":"https:\/\/api.w.org\/{rel}","templated":true}]}}