{"id":53765,"date":"2024-11-20T00:18:59","date_gmt":"2024-11-20T00:18:59","guid":{"rendered":"http:\/\/vevorshop.edigo.lv\/Prece\/vevor-1-5x30ft-gym-climbing-rope-fitness-strength-training-rope-home-exercise\/"},"modified":"2026-04-06T18:26:42","modified_gmt":"2026-04-06T15:26:42","slug":"vevor-1-5x30ft-gym-climbing-rope-fitness-strength-training-rope-home-exercise","status":"publish","type":"product","link":"https:\/\/vevorshop.lv\/lv\/Prece\/vevor-1-5x30ft-trenazieru-zale-kapsanas-virve-fitnesa-izturibas-treninu-virve-majas-trenins\/","title":{"rendered":"VEVOR 3.8 x 914 cm Dab\u012bg\u0101s ka\u0146epes k\u0101p\u0161anas virve ar \u0101\u0137iem iek\u0161telpu sp\u0113ka treni\u0146iem un m\u0101jas fitnesam"},"content":{"rendered":"<div style=\"color: #fff!important; font-size: 16px; height: 24px; line-height: 24px; margin-top: -24px; \" class=\"product_original_name\">VEVOR 3.8 cm x 914.4 cm Gym Climbing Rope Fitness Strength Training Rope Home Exercise<\/div>\n<div style=\"color: #fff!important; font-size: 16px; height: 24px; line-height: 24px; margin-top: -24px; \" class=\"product_sku\">M4I4M5T1<\/div>\n<div style=\"color: #fff!important; font-size: 16px; height: 24px; line-height: 24px; margin-top: -24px; \" class=\"product_mpn\">ZYPYSZHM15YCSKX8NV0<\/div><div id=\"js-DM_at-goodDescRich\"><html><head><style>  body {    font-family: Arial;    line-height: 1.5;    color: #1c1c1c;    overflow-x: hidden;    margin: 0;    padding: 0;  }  .MsoNormal b {    font-weight: bolder;  }<\/style><style>  .container.small {    width: 970px;    margin: 0 auto;  }  .logo {    margin: 0 auto 0;  }  .logo img {    display: block;    margin: 0 auto;    max-width: 100%;  }  .logo .pc-banner {    display: block;    width: 1200px;    height: 247.4px;    margin: 0 auto;  }  .logo .pc-banner.small {    width: 970px;  }  .logo .pc-banner.small img {    height: auto!important;  }  .logo .m-banner {    display: none;  }  .ytvideo {    position: relative;    height: 546px;    width: 100%;    margin: 0 auto;  }  .ytvideo img {    width: 100%;    margin: 0 auto;  }  .ytvideo .play-btn {    width: 60px;    height: 42px;    position: absolute;    top: 50%;    left: 50%;    transform: translate(-50%, -50%);    background: url(\"data:image\/png;base64,iVBORw0KGgoAAAANSUhEUgAAAGQAAABGCAMAAAANWMFbAAAC+lBMVEUAAADBGB3kLCfBGB3kLCfcJC7BFx3KKSbiKybkLCbWJCPSIiLSIiLPICHAFx3kLCfgKSXNHiDZJiTIGx\/p4eHcjo7LHSDbJyTkLCbjKyfOHyHPIiL28fHJHB\/GGh7EGR7eKCXDGB3RISHlLSbBGB3AFxzGHB7DGB7BGB3hKybkKybAFx3lLCfAFxzDGR3hKibDGB7cJyTmz8\/elJTlwcHjurrUIyLlLSflLSfAFx3DGR7lLSfCFx3hKibhKibhKybjKybkLCblLSfbJSX49vbx7e3NNzjNMTLMJyjVIyLZf3\/ZQ0LaeHjx0tLgoqLkLCfCGB3HGx\/BGB3BFx3PICHCGB7WJCLOHyC\/Fxy\/Fx3lLCfQISHkLSe\/FxzbJiTBFx3FGx\/AGB7BFx3EGR7AGB3HHSDfKiXAFh3TISHYNzbhKibbJyTTIiL57e325+f039\/v2NjUV1fOHiHiqanfmprch4feKSXVIyPOICHmLibFGh\/mLSe\/Fx7XJCPeKSXXJSPNHyHaJyTGGh7lLCbmLCflLSjSIiLkLCbdKSXLHiC\/GB3KHh++Fh3lKyfoLiXcKCPkx8fYb2\/XaGfVXl3aU1LLHiDksbHgKibPICHbJyTfKSXbJyTCGB3KHSDiKybFGh7TIiL\/\/\/\/VIyPRISHIHB\/GGx\/HHB\/DGR7gKibdKCXLHiDZJiTMHiDNHyHYJSTOICHPICHWJCPcKCXXJSPjLCblLCf+\/f3NGR\/uLijzLynPGR\/IGB7WISHaIyLLGh7UAADxLynNAADRLzDbICLQAADIAAD3MCrUHSHXMTDpKSbLAADp5OTij4\/ejo\/VLy\/1LyngJSTcJCPQHx\/OHB7+\/PzaMS\/OLS\/vLijrLSjSAADaNTPwLyjkKSbNJCbYISHPHB\/KGB7WAAD7+vrn3d3aKynTKCjoLCfsKifRGh\/YAADq5+fhjo7QNDXXKCfmJyXt5+fTLzDLLi\/QKivYHRvMGBrQJCXLISPMExXLDxLaEAvkkI\/bOTfaFQ\/SCgpvLcnHAAAAmnRSTlMA+vv7+gT9Bvf9+8z8\/NSv\/Pr5+P7++vnQIBMP\/v38\/Pn348XDiCYf9OjbzcqxXVcx\/fz8+\/rj1r2poo1+fXFqX0orGP7+\/v7+\/fz8+\/r68uzn4trIxsG\/vri3p6GcmZSNbWVYUUZEPQv+\/f39+\/v7+\/v7+vr64tvV1NTTz87FtbSurqeblJKFg4B3bUY+NjL7+\/v7+\/v67t1cDo8JLQAABkRJREFUWMO0kz9rwkAYh0OIeJkum6YugUAhISCdKoj\/P4C7SMdS+gEKIhSKil10LSg4mzXkILdlEpxCpwTiWOLX6BujvQaEQuGeHLnL+\/64J+SIcKGYTYWnntpdLjrVdqvZmNdn0+EE40GtpuuWVS6Xx6N7YDSGpWXpeq02wHgynM7q80az1a52HpddtVcpsi1zFARBrdaxbhp9iUReTGmwA4KAAr7vx3EYejnCMI6hQYEgy0LQi4jUN0wL19vqFcUC9\/1dAKmEEFkWRYkh5oBejnxQJiSJPJ\/uKBp0Thszx9Mw8hMRIQjKsptCfuES9zr5WJY6vSFCIvE9fCMUmEM1A1kSXcYGxgVYsvI1IPKTZciSTI0us\/SMGG04gDzELDoFBwdcFJrF88dqgYMTiL6DILWYyfOWE8\/kIz38olCNlC03FK95+imxp6y4oUSvAnBjHHhKNtotSDqJzVFiK8c2SBqhZtsrTtgrLXwAyduxZHNE26eHUt5rtuM4WSmds3G+sUdWYo1L+XyxButoh5eKUHk5lByO3G1LqqCWVnfrv\/lyPtf\/4ps1cndNGIri8J1TJ0lx6dR\/oPjq1nbRwdp2dCk4CtIOLW3pVKRL6WZfS5vF2KkIQhpwSsjiYIgNCs1gEMGqiIq24NQX9NwoXFy8Ufrl3twTcg4fv8T9\/JBEySduj6Mjm4bMzYV7EEOxKjjoNDud7yY3Dy71Hq2oLmqfbNR723edH9PgMrNL2utoQ3VmaIDkiw\/4w51P06hlZsTZvkRrbVuSIs\/zwSOsycgzStQouoAkWQqioRT5XI7n2Z1wfVhoZmcAJLsoqjqpjbWCgpOAJXBwHK8PzWbNvoUZJND5wCnSkLAkZ1legx6vqQzjoiTahKlGUGLAiIIoABOHaNVw4sexZBym6\/HWlH5h3IC7yRbxtipcWxdTOkORKiNQAEkFf66x5S2oeRbroOlLgg0sSYkR0hRGEqJZ0jTPiQKatESdBckpWigxaapEH0lImHdWu9pUFF2XqMNM2Z4kped7IwEJw2qabwtrQqnpw6HyKkgcadKWsmpywwesDyIhYRpdzXddqegtGIJlXbAIUMOLkGxJUjRIkokwjUaX9d\/kK62ps\/tYUqZLIMkLTyBhsMZ3C5Z\/kDxOSCb\/DOs\/\/J0qcWSX\/2ipe56EgTCA4\/cB7NAYOsni4mZM1MUPAISoEwkDi4lhVBQ1cWQyIcwalw4EpqZN68JUSK7XC0kTlkLYii5uXSC8jT5ncCAS7mjCv0uHp\/3lueHEEAeQ\/\/VgmdN71\/2uCSA1Xr6DO6uI6sW56zqT2tp2PhgiRUAajV8CY2fkcz6WGNKMgLAt7tJAhD4YHMTeRxlALE6+43WqjSWi8ITxyJl8WrwWSNESQZZOqhDDntO3hJLsd5RtSpbJqdv3YrDJH3F7jL1R2O2aQkn2MyCyKYz0GPGIvSAMgBCrCEiJyKbBaYGwLW4uPRr0A0M4Ux5kUI7IBh+hMdiCEWNqhMZGyYMsOgNE58UQuEQeUnSWCMYwL54hkxK6IoqucQZbQ3pc3XtL0lky1dL0zZJJDpWJovFqpWj6JEHnyam2eQp5QRVAVHjWparTOaVwUOx99YS2MvgxIGV0bb+qIg2HX2qkFFJB+XZcbLiuRkuxD9GRroKyveLxdh4d7Orx+hb7qc3uVRuEogCOnyIxm4ubUoPgF4jianDrC+SDQDKEfJb0GUKmjCGPYHGJvVC6X4hw1\/sAfQAdfYyephIaspXe36RwOP+Ljvfx9B6B3i+Nk0DGq+oCbLn6JpBa9nWAveAIHwFAwtVcIJXPMPL8kRu5OAYPMaL1WScTxjiZDqB9LTJSWphow\/pTYKRTLjCBhvi9iBidvKcDasGSm0QQkycYuLBqj6QCELPctqChDWpTRMWkngNNpQ1Pfp1KkiT\/Y0DGffXAweUNfLAfaJFKDwhb6I+bkYRbkERoEeu3Fyjg2opMz2daZCS9jt6Q7txNfB+OZEVF6Zl5web2xunnLQrtrjXseXKaFYziYINeMFZVxS9VxRhOoesYwxPKXm+gWLG9cuFeq93UNNeJNsf1KlwuDok9n02n3TgIJpOxNfL9naIoQwXtfH9kjceTIIi709ncTg6LZbg+biLH1V6u\/7rxBem06VXKn9raAAAAAElFTkSuQmCC\")      no-repeat center center \/ contain;  }  @media screen and (max-width: 960px) and (orientation: portrait) {    .logo {      width: 100%;    }    .logo .pc-banner {      display: none;    }    .logo .m-banner {      display: block;      width: 100%;    }    .logo .m-banner img {      height: auto!important;    }    .ytvideo {      height: 200px;      width: 100%;    }  }<\/style><style>  .video-section {    width: 100%;    margin: 0 auto;  }  .video-section > img {    width: 100%;  }  .video-section iframe,  .video-section video {    width: 100%;    height: 100%;      }  .video-section-img-m,  .video-section-img-pc > img {    width: 100%;    height: auto;  }  .video-section-img-pc.small > img {    width: 970px;  }  .video-desc {    line-height: 1.5;    font-size: 20px;    font-weight: 400;    margin: 20px 0;    text-align: center;    color: #0f1111;    word-break: break-word;  }  @media screen and (max-width: 960px) and (orientation: portrait) {    .video-section {      width: 100%;    }    .video-section-pc,    .video-section-img-pc {      display: none;    }    .video-section-m,    .video-section-img-m {      display: block;    }    .video-desc {      font-size: 15px;    }  }  @media screen and (min-width: 960px) {    .video-section {      width: 100%;      margin: 0 auto;    }    .video-section-pc,    .video-section-img-pc {      display: block;    }    .video-section-m,    .video-section-img-m {      display: none;    }    .video-desc {      font-size: 20px;    }  }<\/style><style>  .section + .section {    margin-top: 35px;  }  .section-title {    text-align: center;    font-weight: bold;    color: #0d1111;    font-family: \"Arial\";    font-size: 32px;    margin: 15px 0;  }  .section-title:empty {    display: none;  }  .section-desc {    text-align: center;    font-weight: normal;    color: #0d1111;    margin-top: 20px;  }  .section-desc:empty {    display: none;  }  .section-img {    width: 1200px;    height: 492px;    margin: 0 auto;    display: block;  }  .section-img.small {    width: 970px;    height: auto;  }  .section-img.small > img {    height: auto;  }  .section-img > img {    width: 100%;    height: 100%;  }  .section-mobile-img {    display: none;    max-width: 100vw;    max-height: 75vw;    height: 450px;    margin: 0 auto;  }  .section-mobile-img > img {    width: 100%;    height: 100%;  }  @media screen and (max-width: 960px) and (orientation: portrait) {    .container {      width: 100%;    }    .container.small {      width: 100%;    }    .section-mobile-img {      display: block;    }    .section-img {      display: none;    }    .section-title {      font-size: 22px;      margin: 10px 0;    }    .section-desc {      margin-top: 10px;    }    .section + .section {      margin-top: 20px;    }  }<\/style><\/head><body><div class=\"container small\"><div class=\"logo\"><div class=\"pc-banner small\"><div><img decoding=\"async\" src=\"\/vevor\/vevor\/boutique-banner\/pc\/en-pc@1x.jpg\" style=\"width: 100%;\" \/><\/div><\/div><div class=\"m-banner\"><div><img decoding=\"async\" src=\"\/vevor\/vevor\/boutique-banner\/mobile\/en-m@1x.jpg\" style=\"width: 100%;\" \/><\/div><\/div><\/div><div class=\"section-title\">Profesion\u0101la sporta z\u0101les k\u0101p\u0161anas virve<\/div><div class=\"video-section\"><div class=\"video-section-img-pc small\"><img decoding=\"async\" src=\"\/vevor\/product\/ZYPYSZHM15YCSKX8N\/gym-climbing-rope-a100-1.4-pt.jpg\" \/><\/div><div class=\"video-section-img-m\"><img decoding=\"async\" src=\"\/vevor\/product\/ZYPYSZHM15YCSKX8N\/gym-climbing-rope-a100-1.4-pt.jpg\" \/><\/div><div class=\"section-desc\">Izgatavota no augst\u0101k\u0101s kvalit\u0101tes iztur\u012bga d\u017eutas materi\u0101la, \u0161\u012b treni\u0146u virve ir bieza un iztur\u012bga, sp\u0113jot iztur\u0113t augstas intensit\u0101tes vilk\u0161anas un svara slodzes. Piem\u0113rota lieto\u0161anai virves vilk\u0161anas sacens\u012bb\u0101s, neuztraucoties par l\u016bzumu. L\u016bdzu, \u0146emiet v\u0113r\u0101, ka t\u0101 j\u0101izmanto saus\u0101 vid\u0113, v\u0113lams telp\u0101s.<\/div><\/div><div class=\"section\"><div class=\"section-title\"><\/div><div class=\"section-img small\"><img decoding=\"async\" src=\"\/vevor\/product\/ZYPYSZHM15YCSKX8N\/gym-climbing-rope-a100-2.2-pt.jpg\" \/><\/div><div class=\"section-mobile-img\"><img decoding=\"async\" src=\"\/vevor\/product\/ZYPYSZHM15YCSKX8N\/gym-climbing-rope-a100-2.2-pt.jpg\" \/><\/div><div class=\"section-desc\">Sporta z\u0101les fitnesa k\u0101p\u0161anas virve sast\u0101v no 3 cie\u0161i sav\u012bt\u0101m dz\u012bsl\u0101m ar bl\u012bvu \u0161\u0137iedru strukt\u016bru, kas abos galos p\u0101rkl\u0101tas ar melniem termosar\u016bko\u0161iem gumijas apvalkiem. Met\u0101la k\u0101p\u0161anas \u0101\u0137a dizains atvieglo virves piestiprin\u0101\u0161anu pie jebkura fiks\u0113ta punkta, padarot to \u0113rtu praksei un sp\u0113ka treni\u0146iem.<\/div><\/div><div class=\"section\"><div class=\"section-title\"><\/div><div class=\"section-img small\"><img decoding=\"async\" src=\"\/vevor\/product\/ZYPYSZHM15YCSKX8N\/gym-climbing-rope-a100-2.3-pt.jpg\" \/><\/div><div class=\"section-mobile-img\"><img decoding=\"async\" src=\"\/vevor\/product\/ZYPYSZHM15YCSKX8N\/gym-climbing-rope-a100-2.3-pt.jpg\" \/><\/div><div class=\"section-desc\">Izgatavota no t\u012br\u0101m dab\u012bg\u0101m augu \u0161\u0137iedr\u0101m, \u0161\u012b trena\u017eieru vingro\u0161anas virve ir \u013coti iztur\u012bga pret nodilumu, viegli satverama un nav pak\u013cauta sl\u012bd\u0113\u0161anai. T\u0101 ir ar\u012b m\u012bksta, nodro\u0161inot, ka t\u0101 nesavainos j\u016bsu rokas pat p\u0113c ilgsto\u0161as \u200b\u200blieto\u0161anas, un nodro\u0161ina \u0113rtu saj\u016btu.<\/div><\/div><div class=\"section\"><div class=\"section-title\"><\/div><div class=\"section-img small\"><img decoding=\"async\" src=\"\/vevor\/product\/ZYPYSZHM15YCSKX8N\/gym-climbing-rope-a100-2.4-pt.jpg\" \/><\/div><div class=\"section-mobile-img\"><img decoding=\"async\" src=\"\/vevor\/product\/ZYPYSZHM15YCSKX8N\/gym-climbing-rope-a100-2.4-pt.jpg\" \/><\/div><div class=\"section-desc\">Iev\u0113rojot pareizos mezglo\u0161anas so\u013cus, kas nor\u0101d\u012bti rokasgr\u0101mat\u0101, mezgli ir ne tikai iztur\u012bgi pret atsl\u0101b\u0161anu, bet ar\u012b \u013coti dro\u0161i. Uzlabo fizisko sagatavot\u012bbu. Elast\u012bgais dizains padara trena\u017eieru z\u0101les k\u0101p\u0161anas virvi viegli atrais\u0101mu un p\u0101rn\u0113s\u0101jamu, un t\u0101 bez piep\u016bles ietilpst sporta som\u0101.<\/div><\/div><div class=\"section\"><div class=\"section-title\"><\/div><div class=\"section-img small\"><img decoding=\"async\" src=\"\/vevor\/product\/ZYPYSZHM15YCSKX8N\/gym-climbing-rope-a100-2.5-pt.jpg\" \/><\/div><div class=\"section-mobile-img\"><img decoding=\"async\" src=\"\/vevor\/product\/ZYPYSZHM15YCSKX8N\/gym-climbing-rope-a100-2.5-pt.jpg\" \/><\/div><div class=\"section-desc\">Treni\u0146u virve ir piem\u0113rota k\u0101p\u0161anai telp\u0101s, sp\u0113ka treni\u0146iem, pievilk\u0161an\u0101s vingrin\u0101jumiem, roku stiep\u0161anai un citiem vingrin\u0101jumiem. Piez\u012bme: Pirms lieto\u0161anas p\u0101rbaudiet virves nodiluma pak\u0101pi; ja t\u0101 ir iev\u0113rojami nolietojusies, nekav\u0113joties nomainiet to. Lieto\u0161anas laik\u0101 izvairieties no virves samitrin\u0101\u0161anas un dro\u0161\u012bbas labad apak\u0161\u0101 novietojiet m\u012bkstu pakl\u0101ji\u0146u.<\/div><\/div><div class=\"section\"><div class=\"section-img small\"><img decoding=\"async\" src=\"\/vevor\/product\/ZYPYSZHM15YCSKX8N\/gym-climbing-rope-a100-1.11-pt.jpg\" \/><\/div><div class=\"section-mobile-img\"><img decoding=\"async\" src=\"\/vevor\/product\/ZYPYSZHM15YCSKX8N\/gym-climbing-rope-a100-1.11-pt.jpg\" \/><\/div><\/div><\/div><\/body><\/html><\/div>\n<div class=\"DM_at-title\" id=\"js-DM_at-title\"> <div>Produkta specifik\u0101cija<\/div> <i class=\"icon-arrowup_line\"><\/i> <\/div><div class=\"DM_at-goodsDescAttr\" id=\"js-DM_at-goodsDescAttr\"> <div class=\"DM_at-goodsDescAttrInner\"> <dl class=\"goodsDesc_item goodsDesc_item_even\"> <dt>Preces Mode\u013ca Numurs<\/dt> <dd> GL1.5-30FT<\/dd> <\/dl> <dl class=\"goodsDesc_item\"> <dt>Galvenais materi\u0101ls<\/dt> <dd> Heavy-duty Jute Rope<\/dd> <\/dl> <dl class=\"goodsDesc_item goodsDesc_item_even\"> <dt>Diametrs<\/dt> <dd> 38,1 mm \/ 1,5 collas<\/dd> <\/dl> <dl class=\"goodsDesc_item\"> <dt>Garums<\/dt> <dd> 9.15 m \/ 30 ft<\/dd> <\/dl> <dl class=\"goodsDesc_item goodsDesc_item_even\"> <dt>Strands<\/dt> <dd> 3<\/dd> <\/dl> <dl class=\"goodsDesc_item\"> <dt>Svars, Tilpums<\/dt> <dd> 227 kg \/ 500 lbs<\/dd> <\/dl> <dl class=\"goodsDesc_item goodsDesc_item_even\"> <dt>Produkta Svars<\/dt> <dd> 4.8 kg \/ 10.58 lbs<\/dd> <\/dl> <\/div> <\/div>","protected":false},"excerpt":{"rendered":"<ul>\n<li> Nodilumiztur\u012bba un augsta stiepes iztur\u012bba: \u0160\u012b sporta z\u0101les k\u0101p\u0161anas virve, kas izgatavota no augst\u0101k\u0101s kvalit\u0101tes iztur\u012bga ka\u0146epju virves materi\u0101la ar diametru l\u012bdz 1,5 coll\u0101m, pied\u0101v\u0101 sp\u0113c\u012bgu stiepes iztur\u012bbu un nodilumiztur\u012bbu, sp\u0113jot iztur\u0113t iev\u0113rojamu svaru un spriegumu. T\u0101 ir iztur\u0113jusi 15\u00a0000 N stiepes iztur\u012bbas testu un var iztur\u0113t maksim\u0101lo svaru 500 m\u0101rci\u0146as (227 kg). To ieteicams lietot telp\u0101s saus\u0101 vid\u0113, izvairoties no mitruma un saskares ar \u016bdeni. <\/li>\n<li> Termosar\u016bko\u0161i gumijas v\u0101ci\u0146i: Sast\u0101v no 3 cie\u0161i sav\u012bt\u0101m \u0161\u0137iedru \u0161\u0137ipsn\u0101m, katr\u0101 gal\u0101 ir uzst\u0101d\u012bti termosar\u016bko\u0161i v\u0101ci\u0146i, lai aizsarg\u0101tu virves galus, nov\u0113r\u0161ot nodilumu un atsl\u0101bin\u0101\u0161anos. Turkl\u0101t tie ir apr\u012bkoti ar met\u0101la k\u0101p\u0161anas \u0101\u0137iem, lai tos var\u0113tu viegli piestiprin\u0101t pie jebkura fiks\u0113ta punkta, \u013caujot veikt k\u0101p\u0161anas vingrin\u0101jumus un sp\u0113ka treni\u0146us telp\u0101s. Uzlabo sp\u0113ku, veicina tauku dedzin\u0101\u0161anu un nodro\u0161ina liel\u0101ku dro\u0161\u012bbu treni\u0146u laik\u0101. <\/li>\n<li> 100% dab\u012bga ka\u0146epju \u0161\u0137iedra: piln\u012bb\u0101 izgatavota no dab\u012bga ka\u0146epju materi\u0101la, kas paz\u012bstams ar savu izcilo iztur\u012bbu un sa\u0137eri, samazinot sl\u012bdam\u012bbu. M\u016bsu sporta z\u0101les vingro\u0161anas virve pied\u0101v\u0101 m\u012bkstu piesk\u0101rienu un \u0113rtu saj\u016btu, nodro\u0161inot, ka rokas pat ilgsto\u0161as \u200b\u200blieto\u0161anas laik\u0101 neveido tulznas. Augu \u0161\u0137iedras s\u0101kotn\u0113ji var izdal\u012bt ka\u0146epju e\u013c\u013cas smaku, kas v\u0113din\u0101m\u0101 telp\u0101 izz\u016bd 1-2 dienu laik\u0101. \u0160is videi draudz\u012bgais materi\u0101ls ir biolo\u0123iski no\u0101rd\u0101ms un nerada kait\u0113jumu cilv\u0113kiem vai videi. <\/li>\n<li> Dro\u0161i mezgli: Pareizu mezglu sie\u0161anas proced\u016bru iev\u0113ro\u0161ana saska\u0146\u0101 ar lieto\u0161anas instrukciju nodro\u0161ina, ka mezgli ir ne tikai dro\u0161i, bet ar\u012b iztur\u012bgi, uzlabojot dro\u0161\u012bbu fitnesa vingrin\u0101jumu laik\u0101. Elast\u012bgais dizains \u013cauj tos viegli atvienot un p\u0101rn\u0113s\u0101t, \u0113rti ievietojot tos sporta som\u0101. Kad virve netiek lietota, sarull\u0113jiet to un uzglab\u0101jiet to pievienotaj\u0101 uzglab\u0101\u0161anas som\u0101 saus\u0101, v\u0113din\u0101m\u0101 viet\u0101, lai maksim\u0101li palielin\u0101tu t\u0101s kalpo\u0161anas laiku, neaiz\u0146emot daudz vietas. <\/li>\n<li> Daudzpus\u012bgs pielietojums: \u0160\u012b treni\u0146u virve ir piem\u0113rota da\u017e\u0101diem vingrin\u0101jumiem, pievienojot daudzpus\u012bbu j\u016bsu treni\u0146u rut\u012bnai. Ide\u0101li piem\u0113rota k\u0101p\u0161anai telp\u0101s, sp\u0113ka treni\u0146iem, vienas rokas pievilk\u0161an\u0101s vingrin\u0101jumiem, roku stiep\u0161anai un citiem vingrin\u0101jumiem. Pirms lieto\u0161anas p\u0101rbaudiet, vai virvei nav nodiluma paz\u012bmju, un nomainiet to, ja t\u0101 ir stipri nolietota. Lieto\u0161anas laik\u0101 izvairieties no saskares ar \u016bdeni un dro\u0161\u012bbas labad novietojiet to uz m\u012bksta pakl\u0101ji\u0146a uz zemes. P\u0113c lieto\u0161anas uzglab\u0101jiet v\u0113din\u0101m\u0101, saus\u0101 viet\u0101. <\/li>\n<\/ul>","protected":false},"featured_media":334973,"comment_status":"closed","ping_status":"open","template":"","meta":{"om_disable_all_campaigns":false,"_monsterinsights_skip_tracking":false,"_monsterinsights_sitenote_active":false,"_monsterinsights_sitenote_note":"","_monsterinsights_sitenote_category":0,"_uf_show_specific_survey":0,"_uf_disable_surveys":false},"location":[1935,1934],"product_brand":[21],"product_cat":[4409,2379,2380,2378],"product_tag":[],"class_list":{"0":"post-53765","1":"product","2":"type-product","3":"status-publish","4":"has-post-thumbnail","6":"location-supplier_stock_location","7":"location-local_stock_location","8":"product_brand-vevor","9":"product_cat-gym-climbing-rope","10":"product_cat-outdoor-sports-sports-outdoors","11":"product_cat-rock-climbing-equipment","12":"product_cat-sports-outdoors","14":"first","15":"outofstock","16":"taxable","17":"shipping-taxable","18":"purchasable","19":"product-type-simple"},"aioseo_notices":[],"jetpack_sharing_enabled":true,"locations":[{"id":1935,"name":"Pieg\u0101d\u0101t\u0101ja noliktav\u0101 (5-7d.d.)","slug":"supplier_stock_location","quantity":"0"},{"id":1934,"name":"R\u012bgas veikal\u0101 (0-2d.d.)","slug":"local_stock_location","quantity":"0"}],"_links":{"self":[{"href":"https:\/\/vevorshop.lv\/lv\/wp-json\/wp\/v2\/product\/53765","targetHints":{"allow":["GET"]}}],"collection":[{"href":"https:\/\/vevorshop.lv\/lv\/wp-json\/wp\/v2\/product"}],"about":[{"href":"https:\/\/vevorshop.lv\/lv\/wp-json\/wp\/v2\/types\/product"}],"replies":[{"embeddable":true,"href":"https:\/\/vevorshop.lv\/lv\/wp-json\/wp\/v2\/comments?post=53765"}],"wp:featuredmedia":[{"embeddable":true,"href":"https:\/\/vevorshop.lv\/lv\/wp-json\/wp\/v2\/media\/334973"}],"wp:attachment":[{"href":"https:\/\/vevorshop.lv\/lv\/wp-json\/wp\/v2\/media?parent=53765"}],"wp:term":[{"taxonomy":"location","embeddable":true,"href":"https:\/\/vevorshop.lv\/lv\/wp-json\/wp\/v2\/location?post=53765"},{"taxonomy":"product_brand","embeddable":true,"href":"https:\/\/vevorshop.lv\/lv\/wp-json\/wp\/v2\/product_brand?post=53765"},{"taxonomy":"product_cat","embeddable":true,"href":"https:\/\/vevorshop.lv\/lv\/wp-json\/wp\/v2\/product_cat?post=53765"},{"taxonomy":"product_tag","embeddable":true,"href":"https:\/\/vevorshop.lv\/lv\/wp-json\/wp\/v2\/product_tag?post=53765"}],"curies":[{"name":"wp","href":"https:\/\/api.w.org\/{rel}","templated":true}]}}