{"id":53823,"date":"2024-11-20T00:24:54","date_gmt":"2024-11-20T00:24:54","guid":{"rendered":"http:\/\/vevorshop.edigo.lv\/Prece\/vevor-55-gallon-metal-drum-heater-1200-watt-5-inch-width-86-302%e2%84%89-adjustable\/"},"modified":"2026-04-01T15:24:34","modified_gmt":"2026-04-01T12:24:34","slug":"vevor-55-gallon-metal-drum-heater-1200-watt-5-inch-width-86-302%e2%84%89-adjustable","status":"publish","type":"product","link":"https:\/\/vevorshop.lv\/lv\/Prece\/vevor-55-galonu-metala-mucas-silditajs-1200-vatu-5-collu-platuma-86-302\u2109-regulejams\/","title":{"rendered":"VEVOR 208,2L met\u0101la mucas sild\u012bt\u0101js, 1200W, 12,7cm plats, 30\u2013150\u00b0C regul\u0113jams, \u0101tra uzsild\u012b\u0161ana un izol\u0101cija"},"content":{"rendered":"<div style=\"color: #fff!important; font-size: 16px; height: 24px; line-height: 24px; margin-top: -24px; \" class=\"product_original_name\">VEVOR 208.2 L Metal Drum Heater 1200 Watt 12.7 cm Width 30-150\u00b0C Adjustable<\/div>\n<div style=\"color: #fff!important; font-size: 16px; height: 24px; line-height: 24px; margin-top: -24px; \" class=\"product_sku\">M4I4M61S<\/div>\n<div style=\"color: #fff!important; font-size: 16px; height: 24px; line-height: 24px; margin-top: -24px; \" class=\"product_mpn\">TJRD55JL5YC1X22R4V2<\/div><div id=\"js-DM_at-goodDescRich\"><html><head><style>  body {    font-family: Arial;    line-height: 1.5;    color: #1c1c1c;    overflow-x: hidden;    margin: 0;    padding: 0;  }  .MsoNormal b {    font-weight: bolder;  }<\/style><style>  .container.small {    width: 970px;    margin: 0 auto;  }  .logo {    margin: 0 auto 0;  }  .logo img {    display: block;    margin: 0 auto;    max-width: 100%;  }  .logo .pc-banner {    display: block;    width: 1200px;    height: 247.4px;    margin: 0 auto;  }  .logo .pc-banner.small {    width: 970px;  }  .logo .pc-banner.small img {    height: auto!important;  }  .logo .m-banner {    display: none;  }  .ytvideo {    position: relative;    height: 546px;    width: 100%;    margin: 0 auto;  }  .ytvideo img {    width: 100%;    margin: 0 auto;  }  .ytvideo .play-btn {    width: 60px;    height: 42px;    position: absolute;    top: 50%;    left: 50%;    transform: translate(-50%, -50%);    background: url(\"data:image\/png;base64,iVBORw0KGgoAAAANSUhEUgAAAGQAAABGCAMAAAANWMFbAAAC+lBMVEUAAADBGB3kLCfBGB3kLCfcJC7BFx3KKSbiKybkLCbWJCPSIiLSIiLPICHAFx3kLCfgKSXNHiDZJiTIGx\/p4eHcjo7LHSDbJyTkLCbjKyfOHyHPIiL28fHJHB\/GGh7EGR7eKCXDGB3RISHlLSbBGB3AFxzGHB7DGB7BGB3hKybkKybAFx3lLCfAFxzDGR3hKibDGB7cJyTmz8\/elJTlwcHjurrUIyLlLSflLSfAFx3DGR7lLSfCFx3hKibhKibhKybjKybkLCblLSfbJSX49vbx7e3NNzjNMTLMJyjVIyLZf3\/ZQ0LaeHjx0tLgoqLkLCfCGB3HGx\/BGB3BFx3PICHCGB7WJCLOHyC\/Fxy\/Fx3lLCfQISHkLSe\/FxzbJiTBFx3FGx\/AGB7BFx3EGR7AGB3HHSDfKiXAFh3TISHYNzbhKibbJyTTIiL57e325+f039\/v2NjUV1fOHiHiqanfmprch4feKSXVIyPOICHmLibFGh\/mLSe\/Fx7XJCPeKSXXJSPNHyHaJyTGGh7lLCbmLCflLSjSIiLkLCbdKSXLHiC\/GB3KHh++Fh3lKyfoLiXcKCPkx8fYb2\/XaGfVXl3aU1LLHiDksbHgKibPICHbJyTfKSXbJyTCGB3KHSDiKybFGh7TIiL\/\/\/\/VIyPRISHIHB\/GGx\/HHB\/DGR7gKibdKCXLHiDZJiTMHiDNHyHYJSTOICHPICHWJCPcKCXXJSPjLCblLCf+\/f3NGR\/uLijzLynPGR\/IGB7WISHaIyLLGh7UAADxLynNAADRLzDbICLQAADIAAD3MCrUHSHXMTDpKSbLAADp5OTij4\/ejo\/VLy\/1LyngJSTcJCPQHx\/OHB7+\/PzaMS\/OLS\/vLijrLSjSAADaNTPwLyjkKSbNJCbYISHPHB\/KGB7WAAD7+vrn3d3aKynTKCjoLCfsKifRGh\/YAADq5+fhjo7QNDXXKCfmJyXt5+fTLzDLLi\/QKivYHRvMGBrQJCXLISPMExXLDxLaEAvkkI\/bOTfaFQ\/SCgpvLcnHAAAAmnRSTlMA+vv7+gT9Bvf9+8z8\/NSv\/Pr5+P7++vnQIBMP\/v38\/Pn348XDiCYf9OjbzcqxXVcx\/fz8+\/rj1r2poo1+fXFqX0orGP7+\/v7+\/fz8+\/r68uzn4trIxsG\/vri3p6GcmZSNbWVYUUZEPQv+\/f39+\/v7+\/v7+vr64tvV1NTTz87FtbSurqeblJKFg4B3bUY+NjL7+\/v7+\/v67t1cDo8JLQAABkRJREFUWMO0kz9rwkAYh0OIeJkum6YugUAhISCdKoj\/P4C7SMdS+gEKIhSKil10LSg4mzXkILdlEpxCpwTiWOLX6BujvQaEQuGeHLnL+\/64J+SIcKGYTYWnntpdLjrVdqvZmNdn0+EE40GtpuuWVS6Xx6N7YDSGpWXpeq02wHgynM7q80az1a52HpddtVcpsi1zFARBrdaxbhp9iUReTGmwA4KAAr7vx3EYejnCMI6hQYEgy0LQi4jUN0wL19vqFcUC9\/1dAKmEEFkWRYkh5oBejnxQJiSJPJ\/uKBp0Thszx9Mw8hMRIQjKsptCfuES9zr5WJY6vSFCIvE9fCMUmEM1A1kSXcYGxgVYsvI1IPKTZciSTI0us\/SMGG04gDzELDoFBwdcFJrF88dqgYMTiL6DILWYyfOWE8\/kIz38olCNlC03FK95+imxp6y4oUSvAnBjHHhKNtotSDqJzVFiK8c2SBqhZtsrTtgrLXwAyduxZHNE26eHUt5rtuM4WSmds3G+sUdWYo1L+XyxButoh5eKUHk5lByO3G1LqqCWVnfrv\/lyPtf\/4ps1cndNGIri8J1TJ0lx6dR\/oPjq1nbRwdp2dCk4CtIOLW3pVKRL6WZfS5vF2KkIQhpwSsjiYIgNCs1gEMGqiIq24NQX9NwoXFy8Ufrl3twTcg4fv8T9\/JBEySduj6Mjm4bMzYV7EEOxKjjoNDud7yY3Dy71Hq2oLmqfbNR723edH9PgMrNL2utoQ3VmaIDkiw\/4w51P06hlZsTZvkRrbVuSIs\/zwSOsycgzStQouoAkWQqioRT5XI7n2Z1wfVhoZmcAJLsoqjqpjbWCgpOAJXBwHK8PzWbNvoUZJND5wCnSkLAkZ1legx6vqQzjoiTahKlGUGLAiIIoABOHaNVw4sexZBym6\/HWlH5h3IC7yRbxtipcWxdTOkORKiNQAEkFf66x5S2oeRbroOlLgg0sSYkR0hRGEqJZ0jTPiQKatESdBckpWigxaapEH0lImHdWu9pUFF2XqMNM2Z4kped7IwEJw2qabwtrQqnpw6HyKkgcadKWsmpywwesDyIhYRpdzXddqegtGIJlXbAIUMOLkGxJUjRIkokwjUaX9d\/kK62ps\/tYUqZLIMkLTyBhsMZ3C5Z\/kDxOSCb\/DOs\/\/J0qcWSX\/2ipe56EgTCA4\/cB7NAYOsni4mZM1MUPAISoEwkDi4lhVBQ1cWQyIcwalw4EpqZN68JUSK7XC0kTlkLYii5uXSC8jT5ncCAS7mjCv0uHp\/3lueHEEAeQ\/\/VgmdN71\/2uCSA1Xr6DO6uI6sW56zqT2tp2PhgiRUAajV8CY2fkcz6WGNKMgLAt7tJAhD4YHMTeRxlALE6+43WqjSWi8ITxyJl8WrwWSNESQZZOqhDDntO3hJLsd5RtSpbJqdv3YrDJH3F7jL1R2O2aQkn2MyCyKYz0GPGIvSAMgBCrCEiJyKbBaYGwLW4uPRr0A0M4Ux5kUI7IBh+hMdiCEWNqhMZGyYMsOgNE58UQuEQeUnSWCMYwL54hkxK6IoqucQZbQ3pc3XtL0lky1dL0zZJJDpWJovFqpWj6JEHnyam2eQp5QRVAVHjWparTOaVwUOx99YS2MvgxIGV0bb+qIg2HX2qkFFJB+XZcbLiuRkuxD9GRroKyveLxdh4d7Orx+hb7qc3uVRuEogCOnyIxm4ubUoPgF4jianDrC+SDQDKEfJb0GUKmjCGPYHGJvVC6X4hw1\/sAfQAdfYyephIaspXe36RwOP+Ljvfx9B6B3i+Nk0DGq+oCbLn6JpBa9nWAveAIHwFAwtVcIJXPMPL8kRu5OAYPMaL1WScTxjiZDqB9LTJSWphow\/pTYKRTLjCBhvi9iBidvKcDasGSm0QQkycYuLBqj6QCELPctqChDWpTRMWkngNNpQ1Pfp1KkiT\/Y0DGffXAweUNfLAfaJFKDwhb6I+bkYRbkERoEeu3Fyjg2opMz2daZCS9jt6Q7txNfB+OZEVF6Zl5web2xunnLQrtrjXseXKaFYziYINeMFZVxS9VxRhOoesYwxPKXm+gWLG9cuFeq93UNNeJNsf1KlwuDok9n02n3TgIJpOxNfL9naIoQwXtfH9kjceTIIi709ncTg6LZbg+biLH1V6u\/7rxBem06VXKn9raAAAAAElFTkSuQmCC\")      no-repeat center center \/ contain;  }  @media screen and (max-width: 960px) and (orientation: portrait) {    .logo {      width: 100%;    }    .logo .pc-banner {      display: none;    }    .logo .m-banner {      display: block;      width: 100%;    }    .logo .m-banner img {      height: auto!important;    }    .ytvideo {      height: 200px;      width: 100%;    }  }<\/style><style>  .video-section {    width: 100%;    margin: 0 auto;  }  .video-section > img {    width: 100%;  }  .video-section iframe,  .video-section video {    width: 100%;    height: 100%;      }  .video-section-img-m,  .video-section-img-pc > img {    width: 100%;    height: auto;  }  .video-section-img-pc.small > img {    width: 970px;  }  .video-desc {    line-height: 1.5;    font-size: 20px;    font-weight: 400;    margin: 20px 0;    text-align: center;    color: #0f1111;    word-break: break-word;  }  @media screen and (max-width: 960px) and (orientation: portrait) {    .video-section {      width: 100%;    }    .video-section-pc,    .video-section-img-pc {      display: none;    }    .video-section-m,    .video-section-img-m {      display: block;    }    .video-desc {      font-size: 15px;    }  }  @media screen and (min-width: 960px) {    .video-section {      width: 100%;      margin: 0 auto;    }    .video-section-pc,    .video-section-img-pc {      display: block;    }    .video-section-m,    .video-section-img-m {      display: none;    }    .video-desc {      font-size: 20px;    }  }<\/style><style>  .section + .section {    margin-top: 35px;  }  .section-title {    text-align: center;    font-weight: bold;    color: #0d1111;    font-family: \"Arial\";    font-size: 32px;    margin: 15px 0;  }  .section-title:empty {    display: none;  }  .section-desc {    text-align: center;    font-weight: normal;    color: #0d1111;    margin-top: 20px;  }  .section-desc:empty {    display: none;  }  .section-img {    width: 1200px;    height: 492px;    margin: 0 auto;    display: block;  }  .section-img.small {    width: 970px;    height: auto;  }  .section-img.small > img {    height: auto;  }  .section-img > img {    width: 100%;    height: 100%;  }  .section-mobile-img {    display: none;    max-width: 100vw;    max-height: 75vw;    height: 450px;    margin: 0 auto;  }  .section-mobile-img > img {    width: 100%;    height: 100%;  }  @media screen and (max-width: 960px) and (orientation: portrait) {    .container {      width: 100%;    }    .container.small {      width: 100%;    }    .section-mobile-img {      display: block;    }    .section-img {      display: none;    }    .section-title {      font-size: 22px;      margin: 10px 0;    }    .section-desc {      margin-top: 10px;    }    .section + .section {      margin-top: 20px;    }  }<\/style><\/head><body><div class=\"container\"><div class=\"logo\"><div class=\"pc-banner\"><div><img decoding=\"async\" src=\"\/vevor\/vevor\/boutique-banner\/pc\/en-pc@1x.jpg\" style=\"width: 100%;\" \/><\/div><\/div><div class=\"m-banner\"><div><img decoding=\"async\" src=\"\/vevor\/vevor\/boutique-banner\/mobile\/en-m@1x.jpg\" style=\"width: 100%;\" \/><\/div><\/div><\/div><div class=\"section-title\">Saglab\u0101jiet siltumu bez piep\u016bles ar VEVOR spai\u0146a sild\u012bt\u0101ju!<\/div><div class=\"video-section\"><div class=\"video-section-img-pc\"><img decoding=\"async\" src=\"\/vevor\/product\/TJRD55JL5YC1X22R4\/drum-heater-a100-1.4.jpg\" \/><\/div><div class=\"video-section-img-m\"><img decoding=\"async\" src=\"\/vevor\/product\/TJRD55JL5YC1X22R4\/drum-heater-a100-1.4-m.jpg\" \/><\/div><div class=\"section-desc\">M\u016bsu spai\u0146a sild\u012bt\u0101js ir izgatavots no \u016bdensnecaurlaid\u012bga dizaina un augstas temperat\u016bras iztur\u012bgiem materi\u0101liem, nodro\u0161inot iztur\u012bbu. T\u0101 uzst\u0101d\u012b\u0161ana ir bez instrumentiem, vienk\u0101r\u0161a un \u0113rta lieto\u0161an\u0101. Ide\u0101li piem\u0113rots ziemas kempingam un zemas temperat\u016bras r\u016bpnieciskiem apst\u0101k\u013ciem. Pasteidzieties un ieg\u0101d\u0101jieties to t\u016bl\u012bt!<\/div><\/div><div class=\"section\"><div class=\"section-title\"><\/div><div class=\"section-img\"><img decoding=\"async\" src=\"\/vevor\/product\/TJRD55JL5YC1X22R4\/drum-heater-a100-2.2.jpg\" \/><\/div><div class=\"section-mobile-img\"><img decoding=\"async\" src=\"\/vevor\/product\/TJRD55JL5YC1X22R4\/drum-heater-a100-2.2-m.jpg\" \/><\/div><div class=\"section-desc\">\u0160ai spai\u0146a sild\u012b\u0161anas segai ir jaud\u012bga jauda, \u200b\u200bt\u0101 \u0101tri un vienm\u0113r\u012bgi uzsilst l\u012bdz maksim\u0101lajai temperat\u016brai, vienlaikus saglab\u0101jot nemain\u012bgu temperat\u016bru spai\u0146a iek\u0161pus\u0113. T\u0101 ir gan energoefekt\u012bva, gan izol\u0113jo\u0161a, nov\u0113r\u0161ot ener\u0123ijas zudumus zemas temperat\u016bras d\u0113\u013c.<\/div><\/div><div class=\"section\"><div class=\"section-title\"><\/div><div class=\"section-img\"><img decoding=\"async\" src=\"\/vevor\/product\/TJRD55JL5YC1X22R4\/drum-heater-a100-2.3.jpg\" \/><\/div><div class=\"section-mobile-img\"><img decoding=\"async\" src=\"\/vevor\/product\/TJRD55JL5YC1X22R4\/drum-heater-a100-2.3-m.jpg\" \/><\/div><div class=\"section-desc\">\u0160\u012bs sildo\u0161\u0101s segas ergonomiskais dizains nodro\u0161ina, ka t\u0101 dro\u0161i aptin\u0101s ap spaini, nov\u0113r\u0161ot sl\u012bd\u0113\u0161anu un uzlabojot sild\u012b\u0161anas efektivit\u0101ti.<\/div><\/div><div class=\"section\"><div class=\"section-title\"><\/div><div class=\"section-img\"><img decoding=\"async\" src=\"\/vevor\/product\/TJRD55JL5YC1X22R4\/drum-heater-a100-2.4.jpg\" \/><\/div><div class=\"section-mobile-img\"><img decoding=\"async\" src=\"\/vevor\/product\/TJRD55JL5YC1X22R4\/drum-heater-a100-2.4-m.jpg\" \/><\/div><div class=\"section-desc\">Apr\u012bkota ar jut\u012bgu temperat\u016bras zondi, sild\u012b\u0161anas sega nodro\u0161ina prec\u012bzu temperat\u016bras m\u0113r\u012b\u0161anu. T\u0101 p\u0101rtrauc sild\u012b\u0161anu, kad ir sasniegta v\u0113lam\u0101 temperat\u016bra, un autom\u0101tiski ats\u0101k sild\u012b\u0161anu, kad temperat\u016bra nokr\u012btas zem iestat\u012bt\u0101 l\u012bme\u0146a.<\/div><\/div><div class=\"section\"><div class=\"section-title\"><\/div><div class=\"section-img\"><img decoding=\"async\" src=\"\/vevor\/product\/TJRD55JL5YC1X22R4\/drum-heater-a100-2.5.jpg\" \/><\/div><div class=\"section-mobile-img\"><img decoding=\"async\" src=\"\/vevor\/product\/TJRD55JL5YC1X22R4\/drum-heater-a100-2.5-m.jpg\" \/><\/div><div class=\"section-desc\">Sildo\u0161o segu ir viegli uzst\u0101d\u012bt un lietot. Vienk\u0101r\u0161i izpildiet produkta rokasgr\u0101mat\u0101 sniegtos nor\u0101d\u012bjumus, lai nodro\u0161in\u0101tu \u0113rtu uzst\u0101d\u012b\u0161anu un lieto\u0161anu. Nav nepiecie\u0161ama profesion\u0101la pal\u012bdz\u012bba, t\u0101p\u0113c t\u0101 ir piem\u0113rota ies\u0101c\u0113jiem.<\/div><\/div><div class=\"section\"><div class=\"section-img\"><img decoding=\"async\" src=\"\/vevor\/product\/TJRD55JL5YC1X22R4\/drum-heater-a100-1.11.jpg\" \/><\/div><div class=\"section-mobile-img\"><img decoding=\"async\" src=\"\/vevor\/product\/TJRD55JL5YC1X22R4\/drum-heater-a100-1.11-m.jpg\" \/><\/div><\/div><\/div><\/body><\/html><\/div>\n<div class=\"DM_at-title\" id=\"js-DM_at-title\"> <div>Produkta specifik\u0101cija<\/div> <i class=\"icon-arrowup_line\"><\/i> <\/div><div class=\"DM_at-goodsDescAttr\" id=\"js-DM_at-goodsDescAttr\"> <div class=\"DM_at-goodsDescAttrInner\"> <dl class=\"goodsDesc_item goodsDesc_item_even\"> <dt>Modelis<\/dt> <dd> DHB-55-KT-5<\/dd> <\/dl> <dl class=\"goodsDesc_item\"> <dt>Piem\u0113rojamais bungu izm\u0113rs<\/dt> <dd> 55 galoni<\/dd> <\/dl> <dl class=\"goodsDesc_item goodsDesc_item_even\"> <dt>Temperat\u016bras regul\u0113\u0161anas diapazons<\/dt> <dd> 86\u2109\u2013302\u2109 \/ 30\u00b0C\u2013150\u00b0C<\/dd> <\/dl> <dl class=\"goodsDesc_item\"> <dt>Darba temperat\u016bras diapazons<\/dt> <dd> -22\u2109-302\u2109 \/ -30\u00b0C-150\u00b0C<\/dd> <\/dl> <dl class=\"goodsDesc_item goodsDesc_item_even\"> <dt>Galvenais materi\u0101ls<\/dt> <dd> Silikons<\/dd> <\/dl> <dl class=\"goodsDesc_item\"> <dt>Produkta Svars<\/dt> <dd> 1,81 m\u0101rci\u0146as \/ 0,82 kg<\/dd> <\/dl> <dl class=\"goodsDesc_item goodsDesc_item_even\"> <dt>Produkta Izm\u0113ri<\/dt> <dd> 68,50 x 4,92 x 2,36 collas \/ 1740 x 125 x 60 mm<\/dd> <\/dl> <\/div> <\/div>","protected":false},"excerpt":{"rendered":"<ul>\n<li> \u0100tra uzsil\u0161ana: VEVOR spai\u0146a sild\u012b\u0161anas segai ir 1200 W liela jauda un uzlabota sild\u012b\u0161anas sist\u0113ma, kas nodro\u0161ina dro\u0161u un \u0101tru uzsil\u0161anu. Sega labi piel\u012bp pie sildvirsmas, nodro\u0161inot augstu termisko efektivit\u0101ti ar vienm\u0113r\u012bgu, stabilu un maigu temperat\u016bras sadal\u012bjumu, uzturot nemain\u012bgu temperat\u016bru spai\u0146a iek\u0161pus\u0113 vai t\u0101 satur\u0101. <\/li>\n<li> Izol\u0113jo\u0161a pilna p\u0101rkl\u0101juma konstrukcija: Cie\u0161i piegu\u013co\u0161\u0101 konstrukcija \u013cauj to viegli apt\u012bt ap spaini. Izgatavots no augstas stipr\u012bbas silikona gumijas materi\u0101liem, tas nodro\u0161ina iztur\u012bbu un ilgsto\u0161u darb\u012bbu. Sildelements ir iezem\u0113ts, lai nodro\u0161in\u0101tu maksim\u0101lu dro\u0161\u012bbu darb\u012bbas laik\u0101. <\/li>\n<li> Regul\u0113jama temperat\u016bra: Apr\u012bkots ar temperat\u016bras regulatoru, regul\u0113jamais temperat\u016bras diapazons ir 86\u2109-302\u2109 (30\u00b0C-150\u00b0C). Tas var \u0101tri uzkarst l\u012bdz maksim\u0101lajai temperat\u016brai, un biezin\u0101tais izol\u0101cijas sl\u0101nis uzlabo sild\u012b\u0161anas un izol\u0101cijas efektu. Turkl\u0101t tas var p\u0101rsl\u0113gties starp F\u0101renheita un Celsija gr\u0101diem, \u013caujot iestat\u012bt temperat\u016bras m\u0113rvien\u012bbu atbilsto\u0161i j\u016bsu v\u0113lm\u0113m. <\/li>\n<li> Vienk\u0101r\u0161a uzst\u0101d\u012b\u0161ana: Uzst\u0101d\u012b\u0161ana bez instrumentiem \u013cauj \u0101tri uzst\u0101d\u012bt, no\u0146emt un atk\u0101rtoti izmantot. T\u0101 ir vienk\u0101r\u0161a un \u0113rta lieto\u0161an\u0101, un uzst\u0101d\u012b\u0161ana aiz\u0146em tikai da\u017eas min\u016btes pat ies\u0101c\u0113jiem. Piez\u012bme: T\u0101 p\u0101rtrauc sild\u012b\u0161anu, kad tiek sasniegta nemain\u012bga temperat\u016bra, un autom\u0101tiski ats\u0101k sild\u012b\u0161anu, kad temperat\u016bra nokr\u012btas zem iestat\u012bt\u0101 l\u012bme\u0146a. <\/li>\n<li> Daudzpus\u012bgs pielietojums: Piem\u0113rots 55 galonu muc\u0101m, tas efekt\u012bvi uztur satura temperat\u016bru aukstos ziemas apst\u0101k\u013cos. Pla\u0161i izmantots vieglaj\u0101 r\u016bpniec\u012bb\u0101, p\u0101rtikas p\u0101rstr\u0101d\u0113, ra\u017eo\u0161an\u0101 un \u0101ra b\u016bvniec\u012bb\u0101, tas nodro\u0161ina \u0113rtu lietot\u0101ja pieredzi un ir lielisks ener\u0123ijas taup\u012b\u0161anas pal\u012bgs ziem\u0101. <\/li>\n<\/ul>","protected":false},"featured_media":335237,"comment_status":"closed","ping_status":"closed","template":"","meta":{"om_disable_all_campaigns":false,"_monsterinsights_skip_tracking":false,"_monsterinsights_sitenote_active":false,"_monsterinsights_sitenote_note":"","_monsterinsights_sitenote_category":0,"_uf_show_specific_survey":0,"_uf_disable_surveys":false},"location":[1935,1934],"product_brand":[21],"product_cat":[2431,3305,4454,2432],"product_tag":[1948],"class_list":{"0":"post-53823","1":"product","2":"type-product","3":"status-publish","4":"has-post-thumbnail","6":"location-supplier_stock_location","7":"location-local_stock_location","8":"product_brand-vevor","9":"product_cat-building-materials-2","10":"product_cat-drum-handling-equipment","11":"product_cat-drum-heater","12":"product_cat-material-handling-equipment","13":"product_tag-local-stock","15":"first","16":"instock","17":"featured","18":"taxable","19":"shipping-taxable","20":"purchasable","21":"product-type-simple"},"aioseo_notices":[],"jetpack_sharing_enabled":true,"locations":[{"id":1935,"name":"Pieg\u0101d\u0101t\u0101ja noliktav\u0101 (5-7d.d.)","slug":"supplier_stock_location","quantity":"50"},{"id":1934,"name":"R\u012bgas veikal\u0101 (0-2d.d.)","slug":"local_stock_location","quantity":"1"}],"_links":{"self":[{"href":"https:\/\/vevorshop.lv\/lv\/wp-json\/wp\/v2\/product\/53823","targetHints":{"allow":["GET"]}}],"collection":[{"href":"https:\/\/vevorshop.lv\/lv\/wp-json\/wp\/v2\/product"}],"about":[{"href":"https:\/\/vevorshop.lv\/lv\/wp-json\/wp\/v2\/types\/product"}],"replies":[{"embeddable":true,"href":"https:\/\/vevorshop.lv\/lv\/wp-json\/wp\/v2\/comments?post=53823"}],"wp:featuredmedia":[{"embeddable":true,"href":"https:\/\/vevorshop.lv\/lv\/wp-json\/wp\/v2\/media\/335237"}],"wp:attachment":[{"href":"https:\/\/vevorshop.lv\/lv\/wp-json\/wp\/v2\/media?parent=53823"}],"wp:term":[{"taxonomy":"location","embeddable":true,"href":"https:\/\/vevorshop.lv\/lv\/wp-json\/wp\/v2\/location?post=53823"},{"taxonomy":"product_brand","embeddable":true,"href":"https:\/\/vevorshop.lv\/lv\/wp-json\/wp\/v2\/product_brand?post=53823"},{"taxonomy":"product_cat","embeddable":true,"href":"https:\/\/vevorshop.lv\/lv\/wp-json\/wp\/v2\/product_cat?post=53823"},{"taxonomy":"product_tag","embeddable":true,"href":"https:\/\/vevorshop.lv\/lv\/wp-json\/wp\/v2\/product_tag?post=53823"}],"curies":[{"name":"wp","href":"https:\/\/api.w.org\/{rel}","templated":true}]}}