{"id":53845,"date":"2024-11-20T00:28:04","date_gmt":"2024-11-20T00:28:04","guid":{"rendered":"http:\/\/vevorshop.edigo.lv\/Prece\/vevor-amphibious-remote-control-car-boat-2-4-ghz-4wd-rc-boat-kids-adults-yellow\/"},"modified":"2026-05-08T09:50:13","modified_gmt":"2026-05-08T06:50:13","slug":"vevor-amphibious-remote-control-car-boat-2-4-ghz-4wd-rc-boat-kids-adults-yellow","status":"publish","type":"product","link":"https:\/\/vevorshop.lv\/lv\/Prece\/vevor-amfibija-talvadibas-talvadibas-auto-laiva-2-4-ghz-4wd-rc-laiva-berniem-pieaugusajiem-dzeltena\/","title":{"rendered":"VEVOR 4WD amf\u012bbijas RC auto laiva, 12 km\/h, 360\u00b0 triki, \u016bdensiztur\u012bgs, 2 baterijas, pults rota\u013clieta b\u0113rniem no 6 g., dzeltens"},"content":{"rendered":"<div style=\"color: #fff!important; font-size: 16px; height: 24px; line-height: 24px; margin-top: -24px; \" class=\"product_original_name\">VEVOR amf\u012bbijas t\u0101lvad\u012bbas pults auto laiva, 2.4GHz 12 km\/h, 4WD \u016bdensnecaurlaid\u012bgs RC auto b\u0113rniem, 360\u00b0 rot\u0113jo\u0161s triks ar 2 baterij\u0101m, All Terrain Water Beach baseina rota\u013clieta 6+ gadus veciem z\u0113niem, dzeltena<\/div>\n<div style=\"color: #fff!important; font-size: 16px; height: 24px; line-height: 24px; margin-top: -24px; \" class=\"product_sku\">M4I4M650<\/div>\n<div style=\"color: #fff!important; font-size: 16px; height: 24px; line-height: 24px; margin-top: -24px; \" class=\"product_mpn\">SLLQYKCHSQC1CRUWNV9<\/div><div id=\"js-DM_at-goodDescRich\"><html><head><style>  body {    font-family: Arial;    line-height: 1.5;    color: #1c1c1c;    overflow-x: hidden;    margin: 0;    padding: 0;  }  .MsoNormal b {    font-weight: bolder;  }<\/style><style>  .container.small {    width: 970px;    margin: 0 auto;  }  .logo {    margin: 0 auto 0;  }  .logo img {    display: block;    margin: 0 auto;    max-width: 100%;  }  .logo .pc-banner {    display: block;    width: 1200px;    height: 247.4px;    margin: 0 auto;  }  .logo .pc-banner.small {    width: 970px;  }  .logo .pc-banner.small img {    height: auto!important;  }  .logo .m-banner {    display: none;  }  .ytvideo {    position: relative;    height: 546px;    width: 100%;    margin: 0 auto;  }  .ytvideo img {    width: 100%;    margin: 0 auto;  }  .ytvideo .play-btn {    width: 60px;    height: 42px;    position: absolute;    top: 50%;    left: 50%;    transform: translate(-50%, -50%);    background: url(\"data:image\/png;base64,iVBORw0KGgoAAAANSUhEUgAAAGQAAABGCAMAAAANWMFbAAAC+lBMVEUAAADBGB3kLCfBGB3kLCfcJC7BFx3KKSbiKybkLCbWJCPSIiLSIiLPICHAFx3kLCfgKSXNHiDZJiTIGx\/p4eHcjo7LHSDbJyTkLCbjKyfOHyHPIiL28fHJHB\/GGh7EGR7eKCXDGB3RISHlLSbBGB3AFxzGHB7DGB7BGB3hKybkKybAFx3lLCfAFxzDGR3hKibDGB7cJyTmz8\/elJTlwcHjurrUIyLlLSflLSfAFx3DGR7lLSfCFx3hKibhKibhKybjKybkLCblLSfbJSX49vbx7e3NNzjNMTLMJyjVIyLZf3\/ZQ0LaeHjx0tLgoqLkLCfCGB3HGx\/BGB3BFx3PICHCGB7WJCLOHyC\/Fxy\/Fx3lLCfQISHkLSe\/FxzbJiTBFx3FGx\/AGB7BFx3EGR7AGB3HHSDfKiXAFh3TISHYNzbhKibbJyTTIiL57e325+f039\/v2NjUV1fOHiHiqanfmprch4feKSXVIyPOICHmLibFGh\/mLSe\/Fx7XJCPeKSXXJSPNHyHaJyTGGh7lLCbmLCflLSjSIiLkLCbdKSXLHiC\/GB3KHh++Fh3lKyfoLiXcKCPkx8fYb2\/XaGfVXl3aU1LLHiDksbHgKibPICHbJyTfKSXbJyTCGB3KHSDiKybFGh7TIiL\/\/\/\/VIyPRISHIHB\/GGx\/HHB\/DGR7gKibdKCXLHiDZJiTMHiDNHyHYJSTOICHPICHWJCPcKCXXJSPjLCblLCf+\/f3NGR\/uLijzLynPGR\/IGB7WISHaIyLLGh7UAADxLynNAADRLzDbICLQAADIAAD3MCrUHSHXMTDpKSbLAADp5OTij4\/ejo\/VLy\/1LyngJSTcJCPQHx\/OHB7+\/PzaMS\/OLS\/vLijrLSjSAADaNTPwLyjkKSbNJCbYISHPHB\/KGB7WAAD7+vrn3d3aKynTKCjoLCfsKifRGh\/YAADq5+fhjo7QNDXXKCfmJyXt5+fTLzDLLi\/QKivYHRvMGBrQJCXLISPMExXLDxLaEAvkkI\/bOTfaFQ\/SCgpvLcnHAAAAmnRSTlMA+vv7+gT9Bvf9+8z8\/NSv\/Pr5+P7++vnQIBMP\/v38\/Pn348XDiCYf9OjbzcqxXVcx\/fz8+\/rj1r2poo1+fXFqX0orGP7+\/v7+\/fz8+\/r68uzn4trIxsG\/vri3p6GcmZSNbWVYUUZEPQv+\/f39+\/v7+\/v7+vr64tvV1NTTz87FtbSurqeblJKFg4B3bUY+NjL7+\/v7+\/v67t1cDo8JLQAABkRJREFUWMO0kz9rwkAYh0OIeJkum6YugUAhISCdKoj\/P4C7SMdS+gEKIhSKil10LSg4mzXkILdlEpxCpwTiWOLX6BujvQaEQuGeHLnL+\/64J+SIcKGYTYWnntpdLjrVdqvZmNdn0+EE40GtpuuWVS6Xx6N7YDSGpWXpeq02wHgynM7q80az1a52HpddtVcpsi1zFARBrdaxbhp9iUReTGmwA4KAAr7vx3EYejnCMI6hQYEgy0LQi4jUN0wL19vqFcUC9\/1dAKmEEFkWRYkh5oBejnxQJiSJPJ\/uKBp0Thszx9Mw8hMRIQjKsptCfuES9zr5WJY6vSFCIvE9fCMUmEM1A1kSXcYGxgVYsvI1IPKTZciSTI0us\/SMGG04gDzELDoFBwdcFJrF88dqgYMTiL6DILWYyfOWE8\/kIz38olCNlC03FK95+imxp6y4oUSvAnBjHHhKNtotSDqJzVFiK8c2SBqhZtsrTtgrLXwAyduxZHNE26eHUt5rtuM4WSmds3G+sUdWYo1L+XyxButoh5eKUHk5lByO3G1LqqCWVnfrv\/lyPtf\/4ps1cndNGIri8J1TJ0lx6dR\/oPjq1nbRwdp2dCk4CtIOLW3pVKRL6WZfS5vF2KkIQhpwSsjiYIgNCs1gEMGqiIq24NQX9NwoXFy8Ufrl3twTcg4fv8T9\/JBEySduj6Mjm4bMzYV7EEOxKjjoNDud7yY3Dy71Hq2oLmqfbNR723edH9PgMrNL2utoQ3VmaIDkiw\/4w51P06hlZsTZvkRrbVuSIs\/zwSOsycgzStQouoAkWQqioRT5XI7n2Z1wfVhoZmcAJLsoqjqpjbWCgpOAJXBwHK8PzWbNvoUZJND5wCnSkLAkZ1legx6vqQzjoiTahKlGUGLAiIIoABOHaNVw4sexZBym6\/HWlH5h3IC7yRbxtipcWxdTOkORKiNQAEkFf66x5S2oeRbroOlLgg0sSYkR0hRGEqJZ0jTPiQKatESdBckpWigxaapEH0lImHdWu9pUFF2XqMNM2Z4kped7IwEJw2qabwtrQqnpw6HyKkgcadKWsmpywwesDyIhYRpdzXddqegtGIJlXbAIUMOLkGxJUjRIkokwjUaX9d\/kK62ps\/tYUqZLIMkLTyBhsMZ3C5Z\/kDxOSCb\/DOs\/\/J0qcWSX\/2ipe56EgTCA4\/cB7NAYOsni4mZM1MUPAISoEwkDi4lhVBQ1cWQyIcwalw4EpqZN68JUSK7XC0kTlkLYii5uXSC8jT5ncCAS7mjCv0uHp\/3lueHEEAeQ\/\/VgmdN71\/2uCSA1Xr6DO6uI6sW56zqT2tp2PhgiRUAajV8CY2fkcz6WGNKMgLAt7tJAhD4YHMTeRxlALE6+43WqjSWi8ITxyJl8WrwWSNESQZZOqhDDntO3hJLsd5RtSpbJqdv3YrDJH3F7jL1R2O2aQkn2MyCyKYz0GPGIvSAMgBCrCEiJyKbBaYGwLW4uPRr0A0M4Ux5kUI7IBh+hMdiCEWNqhMZGyYMsOgNE58UQuEQeUnSWCMYwL54hkxK6IoqucQZbQ3pc3XtL0lky1dL0zZJJDpWJovFqpWj6JEHnyam2eQp5QRVAVHjWparTOaVwUOx99YS2MvgxIGV0bb+qIg2HX2qkFFJB+XZcbLiuRkuxD9GRroKyveLxdh4d7Orx+hb7qc3uVRuEogCOnyIxm4ubUoPgF4jianDrC+SDQDKEfJb0GUKmjCGPYHGJvVC6X4hw1\/sAfQAdfYyephIaspXe36RwOP+Ljvfx9B6B3i+Nk0DGq+oCbLn6JpBa9nWAveAIHwFAwtVcIJXPMPL8kRu5OAYPMaL1WScTxjiZDqB9LTJSWphow\/pTYKRTLjCBhvi9iBidvKcDasGSm0QQkycYuLBqj6QCELPctqChDWpTRMWkngNNpQ1Pfp1KkiT\/Y0DGffXAweUNfLAfaJFKDwhb6I+bkYRbkERoEeu3Fyjg2opMz2daZCS9jt6Q7txNfB+OZEVF6Zl5web2xunnLQrtrjXseXKaFYziYINeMFZVxS9VxRhOoesYwxPKXm+gWLG9cuFeq93UNNeJNsf1KlwuDok9n02n3TgIJpOxNfL9naIoQwXtfH9kjceTIIi709ncTg6LZbg+biLH1V6u\/7rxBem06VXKn9raAAAAAElFTkSuQmCC\")      no-repeat center center \/ contain;  }  @media screen and (max-width: 960px) and (orientation: portrait) {    .logo {      width: 100%;    }    .logo .pc-banner {      display: none;    }    .logo .m-banner {      display: block;      width: 100%;    }    .logo .m-banner img {      height: auto!important;    }    .ytvideo {      height: 200px;      width: 100%;    }  }<\/style><style>  .video-section {    width: 100%;    margin: 0 auto;  }  .video-section > img {    width: 100%;  }  .video-section iframe,  .video-section video {    width: 100%;    height: 100%;      }  .video-section-img-m,  .video-section-img-pc > img {    width: 100%;    height: auto;  }  .video-section-img-pc.small > img {    width: 970px;  }  .video-desc {    line-height: 1.5;    font-size: 20px;    font-weight: 400;    margin: 20px 0;    text-align: center;    color: #0f1111;    word-break: break-word;  }  @media screen and (max-width: 960px) and (orientation: portrait) {    .video-section {      width: 100%;    }    .video-section-pc,    .video-section-img-pc {      display: none;    }    .video-section-m,    .video-section-img-m {      display: block;    }    .video-desc {      font-size: 15px;    }  }  @media screen and (min-width: 960px) {    .video-section {      width: 100%;      margin: 0 auto;    }    .video-section-pc,    .video-section-img-pc {      display: block;    }    .video-section-m,    .video-section-img-m {      display: none;    }    .video-desc {      font-size: 20px;    }  }<\/style><style>  .section + .section {    margin-top: 35px;  }  .section-title {    text-align: center;    font-weight: bold;    color: #0d1111;    font-family: \"Arial\";    font-size: 32px;    margin: 15px 0;  }  .section-title:empty {    display: none;  }  .section-desc {    text-align: center;    font-weight: normal;    color: #0d1111;    margin-top: 20px;  }  .section-desc:empty {    display: none;  }  .section-img {    width: 1200px;    height: 492px;    margin: 0 auto;    display: block;  }  .section-img.small {    width: 970px;    height: auto;  }  .section-img.small > img {    height: auto;  }  .section-img > img {    width: 100%;    height: 100%;  }  .section-mobile-img {    display: none;    max-width: 100vw;    max-height: 75vw;    height: 450px;    margin: 0 auto;  }  .section-mobile-img > img {    width: 100%;    height: 100%;  }  @media screen and (max-width: 960px) and (orientation: portrait) {    .container {      width: 100%;    }    .container.small {      width: 100%;    }    .section-mobile-img {      display: block;    }    .section-img {      display: none;    }    .section-title {      font-size: 22px;      margin: 10px 0;    }    .section-desc {      margin-top: 10px;    }    .section + .section {      margin-top: 20px;    }  }<\/style><\/head><body><div class=\"container\"><div class=\"logo\"><div class=\"pc-banner\"><div><img decoding=\"async\" src=\"\/vevor\/vevor\/boutique-banner\/pc\/en-pc@1x.jpg\" style=\"width: 100%;\" \/><\/div><\/div><div class=\"m-banner\"><div><img decoding=\"async\" src=\"\/vevor\/vevor\/boutique-banner\/mobile\/en-m@1x.jpg\" style=\"width: 100%;\" \/><\/div><\/div><\/div><div class=\"section-title\">Brauciet pa vi\u013c\u0146iem, valdiet pa zemi - Ultimate VEVOR RC Boat Fun<\/div><div class=\"video-section\"><div class=\"video-section-img-pc\"><img decoding=\"async\" src=\"\/vevor\/product\/SLLQYKCHSQC1CRUWN\/rc-boat-a100-1.4.jpg\" \/><\/div><div class=\"video-section-img-m\"><img decoding=\"async\" src=\"\/vevor\/product\/SLLQYKCHSQC1CRUWN\/rc-boat-a100-1.4-m.jpg\" \/><\/div><div class=\"section-desc\">Izbaudi jautrus pagriezienus, griezienus un vis\u0101dus trikus gan uz \u016bdens, gan uz sauszemes! \u0160\u012b amf\u012bbijas t\u0101lvad\u012bbas automa\u0161\u012bnas laiva ir apr\u012bkota ar aizraujo\u0161\u0101m funkcij\u0101m, kas padara katru mirkli piepild\u012btu ar darb\u012bbu.<\/div><\/div><div class=\"section\"><div class=\"section-title\"><\/div><div class=\"section-img\"><img decoding=\"async\" src=\"\/vevor\/product\/SLLQYKCHSQC1CRUWN\/rc-boat-a100-2.2.jpg\" \/><\/div><div class=\"section-mobile-img\"><img decoding=\"async\" src=\"\/vevor\/product\/SLLQYKCHSQC1CRUWN\/rc-boat-a100-2.2-m.jpg\" \/><\/div><div class=\"section-desc\">4 rite\u0146u piedzi\u0146a pie\u0161\u0137ir \u0161im amf\u012bbijas triku auto jaudu, stabilit\u0101ti un kontroli, kas nepiecie\u0161ama sac\u012bkst\u0113m un driftam. Ar \u0101trumu l\u012bdz 12 km\/h tas viss ir saist\u012bts ar jautr\u012bbas un aizrau\u0161an\u0101s pievieno\u0161anu j\u016bsu sp\u0113les laikam.<\/div><\/div><div class=\"section\"><div class=\"section-title\"><\/div><div class=\"section-img\"><img decoding=\"async\" src=\"\/vevor\/product\/SLLQYKCHSQC1CRUWN\/rc-boat-a100-2.3.jpg\" \/><\/div><div class=\"section-mobile-img\"><img decoding=\"async\" src=\"\/vevor\/product\/SLLQYKCHSQC1CRUWN\/rc-boat-a100-2.3-m.jpg\" \/><\/div><div class=\"section-desc\">Izgatavots no iztur\u012bga ABS materi\u0101la un piln\u012bb\u0101 \u016bdensiztur\u012bgs, \u0161is amf\u012bbijas automobilis ir gatavs uz\u0146emties jebkuru izaicin\u0101jumu neatkar\u012bgi no t\u0101, vai sp\u0113l\u0113jat uz \u016bdens vai zemes. Tas ir b\u016bv\u0113ts t\u0101, lai turpin\u0101tu darboties neatkar\u012bgi no t\u0101, kas trauc\u0113.<\/div><\/div><div class=\"section\"><div class=\"section-title\"><\/div><div class=\"section-img\"><img decoding=\"async\" src=\"\/vevor\/product\/SLLQYKCHSQC1CRUWN\/rc-boat-a100-2.4.jpg\" \/><\/div><div class=\"section-mobile-img\"><img decoding=\"async\" src=\"\/vevor\/product\/SLLQYKCHSQC1CRUWN\/rc-boat-a100-2.4-m.jpg\" \/><\/div><div class=\"section-desc\">Ar 2.4G tehnolo\u0123iju j\u016bs varat kontrol\u0113t \u0161o triku automa\u0161\u012bnu no l\u012bdz pat 131 p\u0113das\/40 m att\u0101lum\u0101 Sp\u0113c\u012bgais prettrauc\u0113jumu sign\u0101ls noz\u012bm\u0113, ka j\u016bs varat sacensties un dreif\u0113t ar draugiem bez probl\u0113m\u0101m, padarot jautr\u012bbu v\u0113l liel\u0101ku.<\/div><\/div><div class=\"section\"><div class=\"section-title\"><\/div><div class=\"section-img\"><img decoding=\"async\" src=\"\/vevor\/product\/SLLQYKCHSQC1CRUWN\/rc-boat-a100-2.5.jpg\" \/><\/div><div class=\"section-mobile-img\"><img decoding=\"async\" src=\"\/vevor\/product\/SLLQYKCHSQC1CRUWN\/rc-boat-a100-2.5-m.jpg\" \/><\/div><div class=\"section-desc\">Ar USB uzl\u0101di un divu akumulatoru sist\u0113mu \u0161\u012b RC automa\u0161\u012bnu laiva nodro\u0161ina vair\u0101k nek\u0101 40 min\u016b\u0161u sp\u0113les laiku.Iesniedziet baro\u0161anas banku bezgal\u012bgai izklaidei \u0101ra piedz\u012bvojumu laik\u0101.<\/div><\/div><div class=\"section\"><div class=\"section-img\"><img decoding=\"async\" src=\"\/vevor\/product\/SLLQYKCHSQC1CRUWN\/rc-boat-a100-1.11.jpg\" \/><\/div><div class=\"section-mobile-img\"><img decoding=\"async\" src=\"\/vevor\/product\/SLLQYKCHSQC1CRUWN\/rc-boat-a100-1.11-m.jpg\" \/><\/div><\/div><\/div><\/body><\/html><\/div>\n<div class=\"DM_at-title\" id=\"js-DM_at-title\"> <div>Produkta specifik\u0101cija<\/div> <i class=\"icon-arrowup_line\"><\/i> <\/div><div class=\"DM_at-goodsDescAttr\" id=\"js-DM_at-goodsDescAttr\"> <div class=\"DM_at-goodsDescAttrInner\"> <dl class=\"goodsDesc_item goodsDesc_item_even\"> <dt>Preces Mode\u013ca Numurs<\/dt> <dd> 666-802<\/dd> <\/dl> <dl class=\"goodsDesc_item\"> <dt>Produkta Svars<\/dt> <dd> 1,10 m\u0101rci\u0146as\/0,5 kg<\/dd> <\/dl> <dl class=\"goodsDesc_item goodsDesc_item_even\"> <dt>Produkta Izm\u0113ri<\/dt> <dd> 5,91 x 6,10 x 2,95 collas\/150 x 155 x 75 mm<\/dd> <\/dl> <\/div> <\/div>","protected":false},"excerpt":{"rendered":"<ul>\n<li> Lieliski triki: Gatavojieties darb\u012bbai ar neticamiem 180\u00b0 pagriezieniem un 360\u00b0 griezieniem! \u0160\u012b amf\u012bbijas RC automa\u0161\u012bnas laiva pied\u0101v\u0101 aizraujo\u0161us trikus un aizraujo\u0161u brauk\u0161anas pieredzi, gan braucot pa sauszemi, gan sl\u012bdot pa \u016bdeni. <\/li>\n<li> \u0100tras novirzes: sasniedz \u0101trumu l\u012bdz 12 km\/h ar jaud\u012bgu veiktsp\u0113ju. \u0160is amf\u012bbijas triku automobilis nodro\u0161ina vienm\u0113r\u012bgu dreif\u0113\u0161anu visos virzienos, nodro\u0161inot jautru un saisto\u0161u veidu, k\u0101 b\u0113rni var izbaud\u012bt \u0101trumu, vienlaikus uzlabojot koordin\u0101cijas un dom\u0101\u0161anas prasmes. <\/li>\n<li> Piedz\u012bvojums visos apvidos: \u0161\u012b amf\u012bbijas automa\u0161\u012bna, kas ir izgatavota no iztur\u012bga ABS materi\u0101la, var tikt gal\u0101 ar nel\u012bdzenumiem un nel\u012bdzen\u0101m sp\u0113l\u0113m. T\u0101s \u016bdensnecaurlaid\u012bgais dizains \u013cauj tai viegli p\u0101rvietoties pa smilt\u012bm, ezeriem, baseiniem un z\u0101li, padarot katru piedz\u012bvojumu aizraujo\u0161u un bez \u0161\u0137\u0113r\u0161\u013ciem. <\/li>\n<li> 2.4G t\u0101lvad\u012bbas pults: kontrol\u0113jiet darb\u012bbu l\u012bdz pat 40 m att\u0101lum\u0101 ar t\u0101lvad\u012bbas pulti, kas ir lieliski piem\u0113rota vair\u0101kiem sp\u0113l\u0113t\u0101jiem. Kaskadieru automa\u0161\u012bna ir lieliski piem\u0113rota gan solo izklaidei, gan draudz\u012bg\u0101m sac\u012bkst\u0113m, jo \u200b\u200bt\u0101 uztur aizraut\u012bbu bez trauc\u0113jumiem, padarot to par fantastisku d\u0101vanu nebeidzamai baudai un draudz\u012bbai. <\/li>\n<li> Pagarin\u0101ts atska\u0146o\u0161anas laiks: izbaudiet l\u012bdz pat 40 min\u016bt\u0113m sp\u0113les ar 500mAh divu akumulatoru sist\u0113mu un USB uzl\u0101di RC automa\u0161\u012bnas laivas aizsardz\u012bba pret p\u0101rm\u0113r\u012bgu uzl\u0101di un p\u0101rm\u0113r\u012bgu izl\u0101di nodro\u0161ina dro\u0161u lieto\u0161anu Lieliski piem\u0113rota izklaidei br\u012bv\u0101 dab\u0101 - vienk\u0101r\u0161i pa\u0146emiet l\u012bdzi baro\u0161anas banku, lai piedz\u012bvojums turpin\u0101tos visu dienu! <\/li>\n<\/ul>","protected":false},"featured_media":335333,"comment_status":"closed","ping_status":"closed","template":"","meta":{"om_disable_all_campaigns":false,"_uf_show_specific_survey":0,"_uf_disable_surveys":false},"location":[1935,1934],"product_brand":[21],"product_cat":[4324,2490,4456,2378],"product_tag":[1948],"class_list":{"0":"post-53845","1":"product","2":"type-product","3":"status-publish","4":"has-post-thumbnail","6":"location-supplier_stock_location","7":"location-local_stock_location","8":"product_brand-vevor","9":"product_cat-kids-intelligent-toys","10":"product_cat-kids-toys","11":"product_cat-rc-boat","12":"product_cat-sports-outdoors","13":"product_tag-local-stock","15":"first","16":"instock","17":"taxable","18":"shipping-taxable","19":"purchasable","20":"product-type-simple"},"aioseo_notices":[],"locations":[{"id":1935,"name":"Pieg\u0101d\u0101ja noliktav\u0101 (5-7dd.d)","slug":"supplier_stock_location","quantity":"39"},{"id":1934,"name":"R\u012bgas veikal\u0101 (0-2d.d.)","slug":"local_stock_location","quantity":"2"}],"_links":{"self":[{"href":"https:\/\/vevorshop.lv\/lv\/wp-json\/wp\/v2\/product\/53845","targetHints":{"allow":["GET"]}}],"collection":[{"href":"https:\/\/vevorshop.lv\/lv\/wp-json\/wp\/v2\/product"}],"about":[{"href":"https:\/\/vevorshop.lv\/lv\/wp-json\/wp\/v2\/types\/product"}],"replies":[{"embeddable":true,"href":"https:\/\/vevorshop.lv\/lv\/wp-json\/wp\/v2\/comments?post=53845"}],"wp:featuredmedia":[{"embeddable":true,"href":"https:\/\/vevorshop.lv\/lv\/wp-json\/wp\/v2\/media\/335333"}],"wp:attachment":[{"href":"https:\/\/vevorshop.lv\/lv\/wp-json\/wp\/v2\/media?parent=53845"}],"wp:term":[{"taxonomy":"location","embeddable":true,"href":"https:\/\/vevorshop.lv\/lv\/wp-json\/wp\/v2\/location?post=53845"},{"taxonomy":"product_brand","embeddable":true,"href":"https:\/\/vevorshop.lv\/lv\/wp-json\/wp\/v2\/product_brand?post=53845"},{"taxonomy":"product_cat","embeddable":true,"href":"https:\/\/vevorshop.lv\/lv\/wp-json\/wp\/v2\/product_cat?post=53845"},{"taxonomy":"product_tag","embeddable":true,"href":"https:\/\/vevorshop.lv\/lv\/wp-json\/wp\/v2\/product_tag?post=53845"}],"curies":[{"name":"wp","href":"https:\/\/api.w.org\/{rel}","templated":true}]}}